{"id":26996,"date":"2024-08-27T11:16:05","date_gmt":"2024-08-27T11:16:05","guid":{"rendered":"https:\/\/schroevendump.nl\/zahlung-und-versand\/"},"modified":"2024-08-27T11:16:05","modified_gmt":"2024-08-27T11:16:05","slug":"zahlung-und-versand","status":"publish","type":"page","link":"https:\/\/schroevendump.nl\/de\/zahlung-und-versand\/","title":{"rendered":"Zahlung und Versand"},"content":{"rendered":"<header class=\"entry-header\">\n<h1 class=\"entry-title\">Zahlung und Versand<\/h1>\n<\/header>\n<div class=\"entry-content\">\n<p><strong>Mollie<\/strong><\/p>\n<p>F\u00fcr die Abwicklung (eines Teils) der Zahlungen in unserem Webshop nutzen wir die Plattform von Mollie. Mollie verarbeitet deine Namen-, Adress- und Wohnortdaten sowie deine Zahlungsdaten wie deine Bankverbindung oder Kreditkartennummer. Mollie hat angemessene technische und organisatorische Ma\u00dfnahmen getroffen, um deine personenbezogenen Daten zu sch\u00fctzen. Mollie beh\u00e4lt sich das Recht vor, deine Daten zu nutzen, um die Dienstleistungen weiter zu verbessern und in diesem Zusammenhang (anonymisierte) Daten mit Dritten zu teilen. Alle oben genannten Garantien bez\u00fcglich des Schutzes deiner personenbezogenen Daten gelten auch f\u00fcr die Teile der Dienstleistungen von Mollie, f\u00fcr die sie Dritte beauftragen. Mollie speichert deine Daten nicht l\u00e4nger, als es aufgrund der gesetzlichen Fristen zul\u00e4ssig ist.<\/p>\n<h2 class=\"wp-block-heading\">Versand und Logistik<\/h2>\n<p><strong>PostNL<\/strong><\/p>\n<p>Wenn du eine Bestellung bei uns aufgibst, ist es unsere Aufgabe, dein Paket bei dir zustellen zu lassen. Wir nutzen die Dienste von PostNL f\u00fcr die Durchf\u00fchrung der Lieferungen. Daf\u00fcr ist es notwendig, dass wir deine Namen-, Adress- und Wohnortdaten mit PostNL teilen. PostNL verwendet diese Daten ausschlie\u00dflich zum Zweck der Vertragserf\u00fcllung. F\u00fcr den Fall, dass PostNL Subunternehmer beauftragt, stellt PostNL deine Daten auch diesen Parteien zur Verf\u00fcgung.<\/p>\n<\/div>\n","protected":false},"excerpt":{"rendered":"<p>Zahlung und Versand Mollie F\u00fcr die Abwicklung (eines Teils) der Zahlungen in unserem Webshop nutzen wir die Plattform von Mollie. Mollie verarbeitet deine Namen-, Adress- und Wohnortdaten sowie deine Zahlungsdaten wie deine Bankverbindung oder Kreditkartennummer. Mollie hat angemessene technische und organisatorische Ma\u00dfnahmen getroffen, um deine personenbezogenen Daten zu sch\u00fctzen. Mollie beh\u00e4lt sich das Recht vor, [&hellip;]<\/p>\n","protected":false},"author":1,"featured_media":0,"parent":0,"menu_order":0,"comment_status":"closed","ping_status":"closed","template":"","meta":{"footnotes":""},"class_list":["post-26996","page","type-page","status-publish","hentry"],"acf":[],"yoast_head":"<!-- This site is optimized with the Yoast SEO plugin v26.6 - https:\/\/yoast.com\/wordpress\/plugins\/seo\/ -->\n<title>Zahlung und Versand - Schroevendump<\/title>\n<meta name=\"robots\" content=\"index, follow, max-snippet:-1, max-image-preview:large, max-video-preview:-1\" \/>\n<link rel=\"canonical\" href=\"https:\/\/schroevendump.nl\/de\/zahlung-und-versand\/\" \/>\n<meta property=\"og:locale\" content=\"de_DE\" \/>\n<meta property=\"og:type\" content=\"article\" \/>\n<meta property=\"og:title\" content=\"Zahlung und Versand - Schroevendump\" \/>\n<meta property=\"og:description\" content=\"Zahlung und Versand Mollie F\u00fcr die Abwicklung (eines Teils) der Zahlungen in unserem Webshop nutzen wir die Plattform von Mollie. Mollie verarbeitet deine Namen-, Adress- und Wohnortdaten sowie deine Zahlungsdaten wie deine Bankverbindung oder Kreditkartennummer. Mollie hat angemessene technische und organisatorische Ma\u00dfnahmen getroffen, um deine personenbezogenen Daten zu sch\u00fctzen. Mollie beh\u00e4lt sich das Recht vor, [&hellip;]\" \/>\n<meta property=\"og:url\" content=\"https:\/\/schroevendump.nl\/de\/zahlung-und-versand\/\" \/>\n<meta property=\"og:site_name\" content=\"Schroevendump\" \/>\n<meta name=\"twitter:card\" content=\"summary_large_image\" \/>\n<meta name=\"twitter:label1\" content=\"Gesch\u00e4tzte Lesezeit\" \/>\n\t<meta name=\"twitter:data1\" content=\"1\u00a0Minute\" \/>\n<script type=\"application\/ld+json\" class=\"yoast-schema-graph\">{\"@context\":\"https:\/\/schema.org\",\"@graph\":[{\"@type\":\"WebPage\",\"@id\":\"https:\/\/schroevendump.nl\/de\/zahlung-und-versand\/\",\"url\":\"https:\/\/schroevendump.nl\/de\/zahlung-und-versand\/\",\"name\":\"Zahlung und Versand - Schroevendump\",\"isPartOf\":{\"@id\":\"https:\/\/schroevendump.nl\/de\/#website\"},\"datePublished\":\"2024-08-27T11:16:05+00:00\",\"breadcrumb\":{\"@id\":\"https:\/\/schroevendump.nl\/de\/zahlung-und-versand\/#breadcrumb\"},\"inLanguage\":\"de\",\"potentialAction\":[{\"@type\":\"ReadAction\",\"target\":[\"https:\/\/schroevendump.nl\/de\/zahlung-und-versand\/\"]}]},{\"@type\":\"BreadcrumbList\",\"@id\":\"https:\/\/schroevendump.nl\/de\/zahlung-und-versand\/#breadcrumb\",\"itemListElement\":[{\"@type\":\"ListItem\",\"position\":1,\"name\":\"Startseite\",\"item\":\"https:\/\/schroevendump.nl\/de\/\"},{\"@type\":\"ListItem\",\"position\":2,\"name\":\"Zahlung und Versand\"}]},{\"@type\":\"WebSite\",\"@id\":\"https:\/\/schroevendump.nl\/de\/#website\",\"url\":\"https:\/\/schroevendump.nl\/de\/\",\"name\":\"Schroevendump\",\"description\":\"\",\"potentialAction\":[{\"@type\":\"SearchAction\",\"target\":{\"@type\":\"EntryPoint\",\"urlTemplate\":\"https:\/\/schroevendump.nl\/de\/?s={search_term_string}\"},\"query-input\":{\"@type\":\"PropertyValueSpecification\",\"valueRequired\":true,\"valueName\":\"search_term_string\"}}],\"inLanguage\":\"de\"}]}<\/script>\n<!-- \/ Yoast SEO plugin. -->","yoast_head_json":{"title":"Zahlung und Versand - Schroevendump","robots":{"index":"index","follow":"follow","max-snippet":"max-snippet:-1","max-image-preview":"max-image-preview:large","max-video-preview":"max-video-preview:-1"},"canonical":"https:\/\/schroevendump.nl\/de\/zahlung-und-versand\/","og_locale":"de_DE","og_type":"article","og_title":"Zahlung und Versand - Schroevendump","og_description":"Zahlung und Versand Mollie F\u00fcr die Abwicklung (eines Teils) der Zahlungen in unserem Webshop nutzen wir die Plattform von Mollie. Mollie verarbeitet deine Namen-, Adress- und Wohnortdaten sowie deine Zahlungsdaten wie deine Bankverbindung oder Kreditkartennummer. Mollie hat angemessene technische und organisatorische Ma\u00dfnahmen getroffen, um deine personenbezogenen Daten zu sch\u00fctzen. Mollie beh\u00e4lt sich das Recht vor, [&hellip;]","og_url":"https:\/\/schroevendump.nl\/de\/zahlung-und-versand\/","og_site_name":"Schroevendump","twitter_card":"summary_large_image","twitter_misc":{"Gesch\u00e4tzte Lesezeit":"1\u00a0Minute"},"schema":{"@context":"https:\/\/schema.org","@graph":[{"@type":"WebPage","@id":"https:\/\/schroevendump.nl\/de\/zahlung-und-versand\/","url":"https:\/\/schroevendump.nl\/de\/zahlung-und-versand\/","name":"Zahlung und Versand - Schroevendump","isPartOf":{"@id":"https:\/\/schroevendump.nl\/de\/#website"},"datePublished":"2024-08-27T11:16:05+00:00","breadcrumb":{"@id":"https:\/\/schroevendump.nl\/de\/zahlung-und-versand\/#breadcrumb"},"inLanguage":"de","potentialAction":[{"@type":"ReadAction","target":["https:\/\/schroevendump.nl\/de\/zahlung-und-versand\/"]}]},{"@type":"BreadcrumbList","@id":"https:\/\/schroevendump.nl\/de\/zahlung-und-versand\/#breadcrumb","itemListElement":[{"@type":"ListItem","position":1,"name":"Startseite","item":"https:\/\/schroevendump.nl\/de\/"},{"@type":"ListItem","position":2,"name":"Zahlung und Versand"}]},{"@type":"WebSite","@id":"https:\/\/schroevendump.nl\/de\/#website","url":"https:\/\/schroevendump.nl\/de\/","name":"Schroevendump","description":"","potentialAction":[{"@type":"SearchAction","target":{"@type":"EntryPoint","urlTemplate":"https:\/\/schroevendump.nl\/de\/?s={search_term_string}"},"query-input":{"@type":"PropertyValueSpecification","valueRequired":true,"valueName":"search_term_string"}}],"inLanguage":"de"}]}},"_links":{"self":[{"href":"https:\/\/schroevendump.nl\/de\/wp-json\/wp\/v2\/pages\/26996","targetHints":{"allow":["GET"]}}],"collection":[{"href":"https:\/\/schroevendump.nl\/de\/wp-json\/wp\/v2\/pages"}],"about":[{"href":"https:\/\/schroevendump.nl\/de\/wp-json\/wp\/v2\/types\/page"}],"author":[{"embeddable":true,"href":"https:\/\/schroevendump.nl\/de\/wp-json\/wp\/v2\/users\/1"}],"replies":[{"embeddable":true,"href":"https:\/\/schroevendump.nl\/de\/wp-json\/wp\/v2\/comments?post=26996"}],"version-history":[{"count":0,"href":"https:\/\/schroevendump.nl\/de\/wp-json\/wp\/v2\/pages\/26996\/revisions"}],"wp:attachment":[{"href":"https:\/\/schroevendump.nl\/de\/wp-json\/wp\/v2\/media?parent=26996"}],"curies":[{"name":"wp","href":"https:\/\/api.w.org\/{rel}","templated":true}]}}