{"id":27191,"date":"2024-08-27T11:16:11","date_gmt":"2024-08-27T11:16:11","guid":{"rendered":"https:\/\/schroevendump.nl\/ruecksendungen\/"},"modified":"2024-08-27T11:16:11","modified_gmt":"2024-08-27T11:16:11","slug":"ruecksendungen","status":"publish","type":"page","link":"https:\/\/schroevendump.nl\/de\/ruecksendungen\/","title":{"rendered":"R\u00fccksendungen"},"content":{"rendered":"<header class=\"entry-header\">\n<h1 class=\"entry-title\">R\u00fccksendungen<\/h1>\n<\/header>\n<div class=\"entry-content\">\n<p>Postanschrift \/ R\u00fccksendeadresse:<br \/>\nrechte zandweg 27<br \/>\n3319 GN Dordrecht<\/p>\n<p>Bitte schicke uns vorab eine E-Mail<\/p>\n<p><em>\u201eDu hast das Recht, deine Bestellung bis zu 14 Tage nach Erhalt ohne Angabe von Gr\u00fcnden zu stornieren. Nach der Stornierung hast du weitere 14 Tage Zeit, dein Produkt zur\u00fcckzusenden. Du erh\u00e4ltst dann den gesamten Bestellbetrag inklusive Versandkosten gutgeschrieben. Nur die Kosten f\u00fcr die R\u00fccksendung von dir nach Hause an den Webshop tr\u00e4gst du selbst. Diese Kosten betragen circa 7,25 pro Paket. Informiere dich f\u00fcr die genauen Tarife auf der Website deines Versanddienstleisters. Wenn du von deinem Widerrufsrecht Gebrauch machst, wird das Produkt mit allem gelieferten Zubeh\u00f6r und \u2013 falls vern\u00fcnftigerweise m\u00f6glich \u2013 im Originalzustand und in der Originalverpackung an den Unternehmer zur\u00fcckgesendet. Um dieses Recht in Anspruch zu nehmen, kontaktiere uns bitte \u00fcber info@schroevendump.nl. Wir werden dann den geschuldeten Bestellbetrag innerhalb von 14 Tagen nach Anmeldung deiner R\u00fccksendung zur\u00fcckerstatten, vorausgesetzt, das Produkt wurde bereits in gutem Zustand zur\u00fcckerhalten.\u201c<\/em><\/p>\n<\/div>\n","protected":false},"excerpt":{"rendered":"<p>R\u00fccksendungen Postanschrift \/ R\u00fccksendeadresse: rechte zandweg 27 3319 GN Dordrecht Bitte schicke uns vorab eine E-Mail \u201eDu hast das Recht, deine Bestellung bis zu 14 Tage nach Erhalt ohne Angabe von Gr\u00fcnden zu stornieren. Nach der Stornierung hast du weitere 14 Tage Zeit, dein Produkt zur\u00fcckzusenden. Du erh\u00e4ltst dann den gesamten Bestellbetrag inklusive Versandkosten gutgeschrieben. [&hellip;]<\/p>\n","protected":false},"author":1,"featured_media":0,"parent":0,"menu_order":0,"comment_status":"closed","ping_status":"closed","template":"","meta":{"footnotes":""},"class_list":["post-27191","page","type-page","status-publish","hentry"],"acf":[],"yoast_head":"<!-- This site is optimized with the Yoast SEO plugin v26.6 - https:\/\/yoast.com\/wordpress\/plugins\/seo\/ -->\n<title>R\u00fccksendungen - Schroevendump<\/title>\n<meta name=\"robots\" content=\"index, follow, max-snippet:-1, max-image-preview:large, max-video-preview:-1\" \/>\n<link rel=\"canonical\" href=\"https:\/\/schroevendump.nl\/de\/ruecksendungen\/\" \/>\n<meta property=\"og:locale\" content=\"de_DE\" \/>\n<meta property=\"og:type\" content=\"article\" \/>\n<meta property=\"og:title\" content=\"R\u00fccksendungen - Schroevendump\" \/>\n<meta property=\"og:description\" content=\"R\u00fccksendungen Postanschrift \/ R\u00fccksendeadresse: rechte zandweg 27 3319 GN Dordrecht Bitte schicke uns vorab eine E-Mail \u201eDu hast das Recht, deine Bestellung bis zu 14 Tage nach Erhalt ohne Angabe von Gr\u00fcnden zu stornieren. Nach der Stornierung hast du weitere 14 Tage Zeit, dein Produkt zur\u00fcckzusenden. Du erh\u00e4ltst dann den gesamten Bestellbetrag inklusive Versandkosten gutgeschrieben. [&hellip;]\" \/>\n<meta property=\"og:url\" content=\"https:\/\/schroevendump.nl\/de\/ruecksendungen\/\" \/>\n<meta property=\"og:site_name\" content=\"Schroevendump\" \/>\n<meta name=\"twitter:card\" content=\"summary_large_image\" \/>\n<meta name=\"twitter:label1\" content=\"Gesch\u00e4tzte Lesezeit\" \/>\n\t<meta name=\"twitter:data1\" content=\"1\u00a0Minute\" \/>\n<script type=\"application\/ld+json\" class=\"yoast-schema-graph\">{\"@context\":\"https:\/\/schema.org\",\"@graph\":[{\"@type\":\"WebPage\",\"@id\":\"https:\/\/schroevendump.nl\/de\/ruecksendungen\/\",\"url\":\"https:\/\/schroevendump.nl\/de\/ruecksendungen\/\",\"name\":\"R\u00fccksendungen - Schroevendump\",\"isPartOf\":{\"@id\":\"https:\/\/schroevendump.nl\/de\/#website\"},\"datePublished\":\"2024-08-27T11:16:11+00:00\",\"breadcrumb\":{\"@id\":\"https:\/\/schroevendump.nl\/de\/ruecksendungen\/#breadcrumb\"},\"inLanguage\":\"de\",\"potentialAction\":[{\"@type\":\"ReadAction\",\"target\":[\"https:\/\/schroevendump.nl\/de\/ruecksendungen\/\"]}]},{\"@type\":\"BreadcrumbList\",\"@id\":\"https:\/\/schroevendump.nl\/de\/ruecksendungen\/#breadcrumb\",\"itemListElement\":[{\"@type\":\"ListItem\",\"position\":1,\"name\":\"Startseite\",\"item\":\"https:\/\/schroevendump.nl\/de\/\"},{\"@type\":\"ListItem\",\"position\":2,\"name\":\"R\u00fccksendungen\"}]},{\"@type\":\"WebSite\",\"@id\":\"https:\/\/schroevendump.nl\/de\/#website\",\"url\":\"https:\/\/schroevendump.nl\/de\/\",\"name\":\"Schroevendump\",\"description\":\"\",\"potentialAction\":[{\"@type\":\"SearchAction\",\"target\":{\"@type\":\"EntryPoint\",\"urlTemplate\":\"https:\/\/schroevendump.nl\/de\/?s={search_term_string}\"},\"query-input\":{\"@type\":\"PropertyValueSpecification\",\"valueRequired\":true,\"valueName\":\"search_term_string\"}}],\"inLanguage\":\"de\"}]}<\/script>\n<!-- \/ Yoast SEO plugin. -->","yoast_head_json":{"title":"R\u00fccksendungen - Schroevendump","robots":{"index":"index","follow":"follow","max-snippet":"max-snippet:-1","max-image-preview":"max-image-preview:large","max-video-preview":"max-video-preview:-1"},"canonical":"https:\/\/schroevendump.nl\/de\/ruecksendungen\/","og_locale":"de_DE","og_type":"article","og_title":"R\u00fccksendungen - Schroevendump","og_description":"R\u00fccksendungen Postanschrift \/ R\u00fccksendeadresse: rechte zandweg 27 3319 GN Dordrecht Bitte schicke uns vorab eine E-Mail \u201eDu hast das Recht, deine Bestellung bis zu 14 Tage nach Erhalt ohne Angabe von Gr\u00fcnden zu stornieren. Nach der Stornierung hast du weitere 14 Tage Zeit, dein Produkt zur\u00fcckzusenden. Du erh\u00e4ltst dann den gesamten Bestellbetrag inklusive Versandkosten gutgeschrieben. [&hellip;]","og_url":"https:\/\/schroevendump.nl\/de\/ruecksendungen\/","og_site_name":"Schroevendump","twitter_card":"summary_large_image","twitter_misc":{"Gesch\u00e4tzte Lesezeit":"1\u00a0Minute"},"schema":{"@context":"https:\/\/schema.org","@graph":[{"@type":"WebPage","@id":"https:\/\/schroevendump.nl\/de\/ruecksendungen\/","url":"https:\/\/schroevendump.nl\/de\/ruecksendungen\/","name":"R\u00fccksendungen - Schroevendump","isPartOf":{"@id":"https:\/\/schroevendump.nl\/de\/#website"},"datePublished":"2024-08-27T11:16:11+00:00","breadcrumb":{"@id":"https:\/\/schroevendump.nl\/de\/ruecksendungen\/#breadcrumb"},"inLanguage":"de","potentialAction":[{"@type":"ReadAction","target":["https:\/\/schroevendump.nl\/de\/ruecksendungen\/"]}]},{"@type":"BreadcrumbList","@id":"https:\/\/schroevendump.nl\/de\/ruecksendungen\/#breadcrumb","itemListElement":[{"@type":"ListItem","position":1,"name":"Startseite","item":"https:\/\/schroevendump.nl\/de\/"},{"@type":"ListItem","position":2,"name":"R\u00fccksendungen"}]},{"@type":"WebSite","@id":"https:\/\/schroevendump.nl\/de\/#website","url":"https:\/\/schroevendump.nl\/de\/","name":"Schroevendump","description":"","potentialAction":[{"@type":"SearchAction","target":{"@type":"EntryPoint","urlTemplate":"https:\/\/schroevendump.nl\/de\/?s={search_term_string}"},"query-input":{"@type":"PropertyValueSpecification","valueRequired":true,"valueName":"search_term_string"}}],"inLanguage":"de"}]}},"_links":{"self":[{"href":"https:\/\/schroevendump.nl\/de\/wp-json\/wp\/v2\/pages\/27191","targetHints":{"allow":["GET"]}}],"collection":[{"href":"https:\/\/schroevendump.nl\/de\/wp-json\/wp\/v2\/pages"}],"about":[{"href":"https:\/\/schroevendump.nl\/de\/wp-json\/wp\/v2\/types\/page"}],"author":[{"embeddable":true,"href":"https:\/\/schroevendump.nl\/de\/wp-json\/wp\/v2\/users\/1"}],"replies":[{"embeddable":true,"href":"https:\/\/schroevendump.nl\/de\/wp-json\/wp\/v2\/comments?post=27191"}],"version-history":[{"count":0,"href":"https:\/\/schroevendump.nl\/de\/wp-json\/wp\/v2\/pages\/27191\/revisions"}],"wp:attachment":[{"href":"https:\/\/schroevendump.nl\/de\/wp-json\/wp\/v2\/media?parent=27191"}],"curies":[{"name":"wp","href":"https:\/\/api.w.org\/{rel}","templated":true}]}}