{"id":27193,"date":"2024-08-27T11:16:40","date_gmt":"2024-08-27T11:16:40","guid":{"rendered":"https:\/\/schroevendump.nl\/beschwerderegelung\/"},"modified":"2024-08-27T11:16:40","modified_gmt":"2024-08-27T11:16:40","slug":"beschwerderegelung","status":"publish","type":"page","link":"https:\/\/schroevendump.nl\/de\/beschwerderegelung\/","title":{"rendered":"Beschwerderegelung"},"content":{"rendered":"<h3 class=\"wp-block-heading\">Beschwerdebearbeitung<\/h3>\n<p>Es ist nat\u00fcrlich \u00e4rgerlich, wenn du eine Beschwerde \u00fcber die Dienstleistung hast, wie du sie erlebt hast. Wir bitten dich dennoch freundlich, deine Beschwerde per E-Mail an die Kundendienstabteilung zu senden.<x id=\"gid_0\"><\/x>Unsere Mitarbeiter der Kundendienstabteilung werden die Beschwerde pr\u00fcfen und versuchen, sie zur Zufriedenheit aller zu l\u00f6sen. Unsere Daten:  <\/p>\n<p><strong><a href=\"https:\/\/oldschroevendump.auget.nl\/\">Schroevendump.nl<\/a><\/strong><br \/>\nEgstraat 66<br \/>\n3319 LA Dordrecht<br \/>\nT <a href=\"callto:\/\/0031\">+31(06)<\/a>18159283<br \/>\nE <a href=\"mailto:info@schroeven-online.nl\">i<\/a><a href=\"mailto:nfo@schroevendump.nl\">nfo@schroevendump.nl<\/a><\/p>\n<p>Nach Erhalt deiner Beschwerde erh\u00e4ltst du von uns eine Best\u00e4tigung. Wir werden deine Beschwerde innerhalb von 14 Tagen nach Erhalt beantworten. Sollte es l\u00e4nger dauern, werden wir dich dar\u00fcber informieren. Solltest du dies nicht w\u00fcnschen, kannst du dich jederzeit an die Stiftung Webshop Keurmerk wenden, der Schroevendump.nl angeschlossen ist  <\/p>\n<p><em>\u201eEs kann immer vorkommen, dass etwas nicht ganz wie geplant l\u00e4uft. Wir raten dir, Beschwerden zuerst bei uns per E-Mail an <a href=\"mailto:UWEMAIL@uwwinkel.nl\">info@schroevendump.nl<\/a> einzureichen.   <\/em><\/p>\n<p><em>Zudem ist es f\u00fcr Verbraucher in der EU auch m\u00f6glich, Beschwerden \u00fcber die ODR-Plattform der Europ\u00e4ischen Kommission einzureichen. Diese ODR-Plattform ist unter <g id=\"gid_0\">http:\/\/ec.europa.eu\/odr<\/g> zu finden. Wenn deine Beschwerde noch nicht anderweitig bearbeitet wird, steht es dir frei, deine Beschwerde \u00fcber die Plattform der Europ\u00e4ischen Union einzureichen.\u201c  <\/em><\/p>\n","protected":false},"excerpt":{"rendered":"<p>Beschwerdebearbeitung Es ist nat\u00fcrlich \u00e4rgerlich, wenn du eine Beschwerde \u00fcber die Dienstleistung hast, wie du sie erlebt hast. Wir bitten dich dennoch freundlich, deine Beschwerde per E-Mail an die Kundendienstabteilung zu senden.Unsere Mitarbeiter der Kundendienstabteilung werden die Beschwerde pr\u00fcfen und versuchen, sie zur Zufriedenheit aller zu l\u00f6sen. Unsere Daten: Schroevendump.nl Egstraat 66 3319 LA Dordrecht [&hellip;]<\/p>\n","protected":false},"author":1,"featured_media":0,"parent":0,"menu_order":0,"comment_status":"closed","ping_status":"closed","template":"","meta":{"footnotes":""},"class_list":["post-27193","page","type-page","status-publish","hentry"],"acf":[],"yoast_head":"<!-- This site is optimized with the Yoast SEO plugin v26.6 - https:\/\/yoast.com\/wordpress\/plugins\/seo\/ -->\n<title>Beschwerderegelung - Schroevendump<\/title>\n<meta name=\"robots\" content=\"index, follow, max-snippet:-1, max-image-preview:large, max-video-preview:-1\" \/>\n<link rel=\"canonical\" href=\"https:\/\/schroevendump.nl\/de\/beschwerderegelung\/\" \/>\n<meta property=\"og:locale\" content=\"de_DE\" \/>\n<meta property=\"og:type\" content=\"article\" \/>\n<meta property=\"og:title\" content=\"Beschwerderegelung - Schroevendump\" \/>\n<meta property=\"og:description\" content=\"Beschwerdebearbeitung Es ist nat\u00fcrlich \u00e4rgerlich, wenn du eine Beschwerde \u00fcber die Dienstleistung hast, wie du sie erlebt hast. Wir bitten dich dennoch freundlich, deine Beschwerde per E-Mail an die Kundendienstabteilung zu senden.Unsere Mitarbeiter der Kundendienstabteilung werden die Beschwerde pr\u00fcfen und versuchen, sie zur Zufriedenheit aller zu l\u00f6sen. Unsere Daten: Schroevendump.nl Egstraat 66 3319 LA Dordrecht [&hellip;]\" \/>\n<meta property=\"og:url\" content=\"https:\/\/schroevendump.nl\/de\/beschwerderegelung\/\" \/>\n<meta property=\"og:site_name\" content=\"Schroevendump\" \/>\n<meta name=\"twitter:card\" content=\"summary_large_image\" \/>\n<meta name=\"twitter:label1\" content=\"Gesch\u00e4tzte Lesezeit\" \/>\n\t<meta name=\"twitter:data1\" content=\"1\u00a0Minute\" \/>\n<script type=\"application\/ld+json\" class=\"yoast-schema-graph\">{\"@context\":\"https:\/\/schema.org\",\"@graph\":[{\"@type\":\"WebPage\",\"@id\":\"https:\/\/schroevendump.nl\/de\/beschwerderegelung\/\",\"url\":\"https:\/\/schroevendump.nl\/de\/beschwerderegelung\/\",\"name\":\"Beschwerderegelung - Schroevendump\",\"isPartOf\":{\"@id\":\"https:\/\/schroevendump.nl\/de\/#website\"},\"datePublished\":\"2024-08-27T11:16:40+00:00\",\"breadcrumb\":{\"@id\":\"https:\/\/schroevendump.nl\/de\/beschwerderegelung\/#breadcrumb\"},\"inLanguage\":\"de\",\"potentialAction\":[{\"@type\":\"ReadAction\",\"target\":[\"https:\/\/schroevendump.nl\/de\/beschwerderegelung\/\"]}]},{\"@type\":\"BreadcrumbList\",\"@id\":\"https:\/\/schroevendump.nl\/de\/beschwerderegelung\/#breadcrumb\",\"itemListElement\":[{\"@type\":\"ListItem\",\"position\":1,\"name\":\"Startseite\",\"item\":\"https:\/\/schroevendump.nl\/de\/\"},{\"@type\":\"ListItem\",\"position\":2,\"name\":\"Beschwerderegelung\"}]},{\"@type\":\"WebSite\",\"@id\":\"https:\/\/schroevendump.nl\/de\/#website\",\"url\":\"https:\/\/schroevendump.nl\/de\/\",\"name\":\"Schroevendump\",\"description\":\"\",\"potentialAction\":[{\"@type\":\"SearchAction\",\"target\":{\"@type\":\"EntryPoint\",\"urlTemplate\":\"https:\/\/schroevendump.nl\/de\/?s={search_term_string}\"},\"query-input\":{\"@type\":\"PropertyValueSpecification\",\"valueRequired\":true,\"valueName\":\"search_term_string\"}}],\"inLanguage\":\"de\"}]}<\/script>\n<!-- \/ Yoast SEO plugin. -->","yoast_head_json":{"title":"Beschwerderegelung - Schroevendump","robots":{"index":"index","follow":"follow","max-snippet":"max-snippet:-1","max-image-preview":"max-image-preview:large","max-video-preview":"max-video-preview:-1"},"canonical":"https:\/\/schroevendump.nl\/de\/beschwerderegelung\/","og_locale":"de_DE","og_type":"article","og_title":"Beschwerderegelung - Schroevendump","og_description":"Beschwerdebearbeitung Es ist nat\u00fcrlich \u00e4rgerlich, wenn du eine Beschwerde \u00fcber die Dienstleistung hast, wie du sie erlebt hast. Wir bitten dich dennoch freundlich, deine Beschwerde per E-Mail an die Kundendienstabteilung zu senden.Unsere Mitarbeiter der Kundendienstabteilung werden die Beschwerde pr\u00fcfen und versuchen, sie zur Zufriedenheit aller zu l\u00f6sen. Unsere Daten: Schroevendump.nl Egstraat 66 3319 LA Dordrecht [&hellip;]","og_url":"https:\/\/schroevendump.nl\/de\/beschwerderegelung\/","og_site_name":"Schroevendump","twitter_card":"summary_large_image","twitter_misc":{"Gesch\u00e4tzte Lesezeit":"1\u00a0Minute"},"schema":{"@context":"https:\/\/schema.org","@graph":[{"@type":"WebPage","@id":"https:\/\/schroevendump.nl\/de\/beschwerderegelung\/","url":"https:\/\/schroevendump.nl\/de\/beschwerderegelung\/","name":"Beschwerderegelung - Schroevendump","isPartOf":{"@id":"https:\/\/schroevendump.nl\/de\/#website"},"datePublished":"2024-08-27T11:16:40+00:00","breadcrumb":{"@id":"https:\/\/schroevendump.nl\/de\/beschwerderegelung\/#breadcrumb"},"inLanguage":"de","potentialAction":[{"@type":"ReadAction","target":["https:\/\/schroevendump.nl\/de\/beschwerderegelung\/"]}]},{"@type":"BreadcrumbList","@id":"https:\/\/schroevendump.nl\/de\/beschwerderegelung\/#breadcrumb","itemListElement":[{"@type":"ListItem","position":1,"name":"Startseite","item":"https:\/\/schroevendump.nl\/de\/"},{"@type":"ListItem","position":2,"name":"Beschwerderegelung"}]},{"@type":"WebSite","@id":"https:\/\/schroevendump.nl\/de\/#website","url":"https:\/\/schroevendump.nl\/de\/","name":"Schroevendump","description":"","potentialAction":[{"@type":"SearchAction","target":{"@type":"EntryPoint","urlTemplate":"https:\/\/schroevendump.nl\/de\/?s={search_term_string}"},"query-input":{"@type":"PropertyValueSpecification","valueRequired":true,"valueName":"search_term_string"}}],"inLanguage":"de"}]}},"_links":{"self":[{"href":"https:\/\/schroevendump.nl\/de\/wp-json\/wp\/v2\/pages\/27193","targetHints":{"allow":["GET"]}}],"collection":[{"href":"https:\/\/schroevendump.nl\/de\/wp-json\/wp\/v2\/pages"}],"about":[{"href":"https:\/\/schroevendump.nl\/de\/wp-json\/wp\/v2\/types\/page"}],"author":[{"embeddable":true,"href":"https:\/\/schroevendump.nl\/de\/wp-json\/wp\/v2\/users\/1"}],"replies":[{"embeddable":true,"href":"https:\/\/schroevendump.nl\/de\/wp-json\/wp\/v2\/comments?post=27193"}],"version-history":[{"count":0,"href":"https:\/\/schroevendump.nl\/de\/wp-json\/wp\/v2\/pages\/27193\/revisions"}],"wp:attachment":[{"href":"https:\/\/schroevendump.nl\/de\/wp-json\/wp\/v2\/media?parent=27193"}],"curies":[{"name":"wp","href":"https:\/\/api.w.org\/{rel}","templated":true}]}}