{"id":28919,"date":"2024-08-27T11:16:35","date_gmt":"2024-08-27T11:16:35","guid":{"rendered":"https:\/\/schroevendump.nl\/datenschutz-und-cookie-erklaerung\/"},"modified":"2024-08-27T11:16:35","modified_gmt":"2024-08-27T11:16:35","slug":"datenschutz-und-cookie-erklaerung","status":"publish","type":"page","link":"https:\/\/schroevendump.nl\/de\/datenschutz-und-cookie-erklaerung\/","title":{"rendered":"Datenschutz- und Cookie-Erkl\u00e4rung"},"content":{"rendered":"<p><strong>\u00dcber unsere Datenschutzrichtlinie<\/strong><\/p>\n<p>Schroevendump legt gro\u00dfen Wert auf deine Privatsph\u00e4re. Wir verarbeiten daher ausschlie\u00dflich Daten, die wir f\u00fcr (die Verbesserung unserer) Dienstleistungen ben\u00f6tigen, und gehen sorgf\u00e4ltig mit den Informationen um, die wir \u00fcber dich und deine Nutzung unserer Dienste gesammelt haben. Wir stellen deine Daten niemals f\u00fcr kommerzielle Zwecke Dritten zur Verf\u00fcgung.  <\/p>\n<p>Diese Datenschutzrichtlinie gilt f\u00fcr die Nutzung der Website und der darauf angebotenen Dienstleistungen von Schroevendump. Das Inkrafttreten dieser Bedingungen ist der 09.10.2023; mit der Ver\u00f6ffentlichung einer neuen Version verlieren alle vorherigen Versionen ihre G\u00fcltigkeit. Diese Datenschutzrichtlinie beschreibt, welche Daten \u00fcber dich von uns gesammelt werden, wof\u00fcr diese Daten verwendet werden und mit wem und unter welchen Bedingungen diese Daten gegebenenfalls mit Dritten geteilt werden k\u00f6nnen. Wir erkl\u00e4ren dir auch, wie wir deine Daten speichern, wie wir deine Daten vor Missbrauch sch\u00fctzen und welche Rechte du bez\u00fcglich der von dir an uns \u00fcbermittelten personenbezogenen Daten hast.<br \/>\nWenn du Fragen zu unserer Datenschutzrichtlinie hast, kannst du dich an unseren Ansprechpartner f\u00fcr Datenschutzfragen wenden; die Kontaktdaten findest du am Ende unserer Datenschutzrichtlinie.   <\/p>\n<p>\u00dcber die Datenverarbeitung<br \/>\nUnten kannst du lesen, wie wir deine Daten verarbeiten, wo wir sie (speichern lassen), welche<br \/>\nSicherheitstechniken wir verwenden und f\u00fcr wen die Daten einsehbar sind.<\/p>\n<p><strong>Webshop-Software<\/strong><br \/>\nWooCommerce<br \/>\nUnser Webshop wurde mit Software von WooCommerce entwickelt. Personenbezogene Daten, die du uns f\u00fcr unsere Dienstleistungen zur Verf\u00fcgung stellst, werden mit diesem Partner geteilt. WooCommerce hat Zugriff auf deine Daten, um uns (technischen) Support zu bieten; sie werden deine Daten niemals f\u00fcr einen anderen Zweck verwenden. WooCommerce ist aufgrund der mit ihnen geschlossenen Vereinbarung verpflichtet, angemessene Sicherheitsma\u00dfnahmen zu ergreifen. Diese Sicherheitsma\u00dfnahmen bestehen aus der Anwendung von SSL-Verschl\u00fcsselung und einer strengen Passwortrichtlinie. WooCommerce verwendet Cookies, um technische Informationen bez\u00fcglich deiner Nutzung der Software zu sammeln; es werden keine personenbezogenen Daten gesammelt und\/oder gespeichert.<br \/>\nWooCommerce beh\u00e4lt sich das Recht vor, gesammelte Daten innerhalb des eigenen Konzerns zu teilen, um die Dienstleistungen weiter zu verbessern. WooCommerce Hosting<br \/>\nUnser Webshop wurde mit Software von WooCommerce entwickelt; f\u00fcr unser Webhosting haben wir uns f\u00fcr Just Host entschieden. Personenbezogene Daten, die du uns f\u00fcr unsere Dienstleistungen zur Verf\u00fcgung stellst, werden mit diesem Partner geteilt. Just Host hat Zugriff auf deine Daten, um uns (technischen) Support zu bieten; sie werden deine Daten niemals f\u00fcr einen anderen Zweck verwenden. Just Host ist aufgrund der mit ihnen geschlossenen Vereinbarung verpflichtet, angemessene Sicherheitsma\u00dfnahmen zu ergreifen. Diese Sicherheitsma\u00dfnahmen<br \/>\nbestehen aus der Anwendung von SSL-Verschl\u00fcsselung und einer strengen Passwortrichtlinie. Es werden regelm\u00e4\u00dfig Backups erstellt, um Datenverlust zu vermeiden.           <\/p>\n<p><strong>Webhosting<\/strong><br \/>\nAuget<br \/>\nWir beziehen Webhosting- und E-Mail-Dienste von auget.nl. <a href=\"http:\/\/www.auget.nl\">Auget<\/a> verarbeitet personenbezogene Daten in unserem Auftrag und verwendet deine Daten nicht f\u00fcr eigene Zwecke. Dieser Partner kann jedoch Metadaten \u00fcber die Nutzung der Dienste sammeln. Dies sind keine personenbezogenen Daten. Auget hat angemessene technische und organisatorische Ma\u00dfnahmen getroffen, um den Verlust und die unbefugte Nutzung deiner personenbezogenen Daten zu verhindern. Auget ist aufgrund der Vereinbarung zur Vertraulichkeit verpflichtet.    <\/p>\n<p><strong>Zahlungsdienstleister<\/strong><br \/>\nMollie<br \/>\nF\u00fcr die Abwicklung eines (Teils der) Zahlungen in unserem Webshop nutzen wir die Plattform von Mollie. Mollie verarbeitet deinen Namen, deine Adress- und Wohnortdaten sowie deine Zahlungsdaten wie Bankkonto- oder Kreditkartennummer. Mollie hat angemessene technische und organisatorische Ma\u00dfnahmen getroffen, um deine personenbezogenen Daten zu sch\u00fctzen. Mollie beh\u00e4lt sich das Recht vor, deine Daten zur weiteren Verbesserung der Dienstleistungen zu verwenden und in diesem Rahmen (anonymisierte) Daten mit Dritten zu teilen.<br \/>\nAlle oben genannten Garantien bez\u00fcglich des Schutzes deiner personenbezogenen Daten gelten auch f\u00fcr die Teile der Dienstleistungen von Mollie, f\u00fcr die sie Dritte beauftragen. Mollie speichert deine Daten nicht l\u00e4nger, als es die gesetzlichen Fristen erlauben.    <\/p>\n<p><strong>Bewertungen<\/strong><br \/>\n<a href=\"https:\/\/www.trstd.com\/nl-nl\/reviews\/schroevendump-nl\">Trusted Shops<\/a><br \/>\nWir sammeln Bewertungen \u00fcber die Plattform von Trusted Shops. Wenn du eine Bewertung \u00fcber Trusted Shops abgibst, bist du verpflichtet, einen Namen und eine E-Mail-Adresse anzugeben. Trusted Shops teilt diese Daten mit uns, damit wir die Bewertung deiner Bestellung zuordnen k\u00f6nnen. In einigen F\u00e4llen kann Trusted Shops dich kontaktieren, um eine Erl\u00e4uterung zu deiner Bewertung zu geben. Falls wir dich einladen, eine Bewertung abzugeben, teilen wir deinen Namen und deine E-Mail-Adresse mit Trusted Shops. Sie verwenden diese Daten ausschlie\u00dflich zu dem Zweck, dich zur Abgabe einer Bewertung einzuladen. Trusted Shops hat angemessene technische und organisatorische Ma\u00dfnahmen getroffen, um deine personenbezogenen Daten zu sch\u00fctzen. Trusted Shops beh\u00e4lt sich das Recht vor, zum Zwecke<br \/>\nder Erbringung der Dienstleistungen Dritte einzuschalten; hierf\u00fcr haben wir Trusted Shops<br \/>\ndie Zustimmung erteilt. Alle oben genannten Garantien bez\u00fcglich des Schutzes deiner personenbezogenen Daten gelten auch f\u00fcr die Teile der Dienstleistungen, f\u00fcr die<br \/>\nTrusted Shops Dritte beauftragt.        <\/p>\n<p><em>Wir legen Wert darauf, dass Bewertungen ein m\u00f6glichst genaues Bild unserer Produkte und unseres Services vermitteln. Unsere Bewertungen werden daher unparteiisch von Trusted Shops verwaltet. Trusted Shops<\/em><em> hat Ma\u00dfnahmen ergriffen, um die Echtheit der Bewertungen zu gew\u00e4hrleisten. <\/em> <\/p>\n<p><strong>Versand und Logistik<\/strong><br \/>\nPostNL<br \/>\nWenn Sie bei uns eine Bestellung aufgeben, ist es unsere Aufgabe, Ihr Paket zu Ihnen zu bringen. Wir nutzen die Dienste von PostNL f\u00fcr die Durchf\u00fchrung der Lieferungen. Dazu m\u00fcssen wir Ihren Namen, Ihre Adresse und Ihren Wohnort an PostNL weitergeben. PostNL verwendet diese Daten ausschlie\u00dflich zum Zweck der Vertragserf\u00fcllung. F\u00fcr den Fall, dass PostNL Subunternehmer einsetzt, wird PostNL Ihre Daten auch diesen Parteien zur Verf\u00fcgung stellen.<\/p>\n<p><strong>Rechnungsstellung und Buchhaltung<\/strong><br \/>\nFactuurSturen<br \/>\nF\u00fcr die F\u00fchrung unserer Verwaltung und Buchhaltung nutzen wir die Dienste von<br \/>\nFactuurSturen. Wir teilen deinen Namen, deine Adress- und Wohnortdaten sowie Details zu deiner Bestellung.<br \/>\nDiese Daten werden zur Verwaltung von Verkaufsrechnungen verwendet. Deine personenbezogenen Daten werden gesch\u00fctzt \u00fcbermittelt und gespeichert. FactuurSturen ist zur Vertraulichkeit verpflichtet und wird deine Daten vertraulich behandeln. FactuurSturen verwendet deine personenbezogenen Daten nicht f\u00fcr andere Zwecke als die oben beschriebenen.    <\/p>\n<p><strong>Externe Vertriebskan\u00e4le<\/strong><\/p>\n<p><strong>Zweck der Datenverarbeitung<\/strong><br \/>\n<strong>Allgemeiner Zweck der Verarbeitung<\/strong><br \/>\nWir verwenden deine Daten ausschlie\u00dflich zum Zwecke unserer Dienstleistungen. Das bedeutet, dass der Zweck der Verarbeitung immer direkt mit dem von dir erteilten Auftrag zusammenh\u00e4ngt. Wir verwenden deine Daten nicht f\u00fcr (gezieltes) Marketing. Wenn du Daten mit uns teilst und wir diese Daten verwenden, um \u2013 anders als auf deinen Wunsch hin \u2013 zu einem sp\u00e4teren Zeitpunkt Kontakt mit dir aufzunehmen, bitten wir dich hierf\u00fcr explizit um Zustimmung. Deine Daten werden nicht an Dritte weitergegeben, au\u00dfer zur Erf\u00fcllung buchhalterischer und sonstiger administrativer Pflichten. Diese Dritten sind alle aufgrund der Vereinbarung zwischen ihnen und uns oder eines Eides oder einer gesetzlichen Verpflichtung zur Vertraulichkeit verpflichtet.<br \/>\n<strong>Automatisch gesammelte Daten<\/strong><br \/>\nDaten, die automatisch von unserer Website gesammelt werden, werden verarbeitet, um unsere<br \/>\nDienstleistungen weiter zu verbessern. Diese Daten (zum Beispiel deine IP-Adresse, dein Webbrowser und<br \/>\nBetriebssystem) sind keine personenbezogenen Daten.<br \/>\n<strong>Mitwirkung an steuerlichen und strafrechtlichen Ermittlungen<\/strong><br \/>\nIn bestimmten F\u00e4llen kann Schroevendump aufgrund einer gesetzlichen Verpflichtung zur Weitergabe deiner Daten im Zusammenhang mit steuerlichen oder strafrechtlichen Ermittlungen seitens der Regierung verpflichtet sein. In einem solchen Fall sind wir gezwungen, deine Daten zu teilen, werden uns aber im Rahmen der uns gesetzlich gebotenen M\u00f6glichkeiten dagegen wehren.<br \/>\n<strong>Aufbewahrungsfristen<\/strong><br \/>\nWir speichern deine Daten, solange du unser Kunde bist. Das bedeutet, dass wir dein Kundenprofil speichern, bis du angibst, unsere Dienste nicht l\u00e4nger nutzen zu wollen. Wenn du uns dies mitteilst, werden wir dies auch als L\u00f6schungsantrag verstehen. Dies bedeutet auch, dass wir deine Daten nicht l\u00e4nger als zwei Jahre ab dem letzten Kontakt oder der letzten Transaktion speichern, es sei denn, es liegt eine gesetzliche Rechtfertigung vor. Aufgrund geltender administrativer Pflichten m\u00fcssen wir Rechnungen mit deinen (personenbezogenen) Daten aufbewahren; diese Daten werden wir also f\u00fcr die Dauer der anwendbaren Frist speichern.<br \/>\nMitarbeiter haben jedoch keinen Zugriff mehr auf dein Kundenprofil und Dokumente, die wir aufgrund deines Auftrags erstellt haben.    <\/p>\n<p><strong>Deine Rechte<\/strong><br \/>\nAufgrund der geltenden niederl\u00e4ndischen und europ\u00e4ischen Gesetzgebung hast du als betroffene Person bestimmte Rechte bez\u00fcglich der personenbezogenen Daten, die von oder in unserem Auftrag verarbeitet werden. Wir erkl\u00e4ren dir unten, welche Rechte dies sind und wie du diese Rechte geltend machen kannst. Grunds\u00e4tzlich senden wir, um Missbrauch zu verhindern, Abschriften und Kopien deiner Daten nur an deine uns bereits bekannte E-Mail-Adresse. Falls du die Daten an eine andere E-Mail-Adresse oder beispielsweise per Post erhalten m\u00f6chtest, werden wir dich bitten, dich auszuweisen. Wir f\u00fchren eine Aufzeichnung \u00fcber bearbeitete Anfragen; im Falle eines L\u00f6schungsantrags verwalten wir anonymisierte Daten. Alle Abschriften und Kopien von Daten erh\u00e4ltst du in dem maschinenlesbaren Datenformat, das wir in unseren Systemen verwenden. Du hast jederzeit das Recht, eine Beschwerde bei der Datenschutzbeh\u00f6rde einzureichen, wenn du vermutest, dass wir deine personenbezogenen Daten falsch verwenden.      <\/p>\n<p><strong>Recht auf Einsicht<\/strong><br \/>\nDu hast jederzeit das Recht, die Daten einzusehen, die wir (verarbeiten lassen) und die sich auf deine Person beziehen oder darauf zur\u00fcckf\u00fchrbar sind. Du kannst einen entsprechenden Antrag an unseren Ansprechpartner f\u00fcr Datenschutzfragen stellen. Du erh\u00e4ltst dann innerhalb von 30 Tagen eine Antwort auf deinen Antrag. Wird dein Antrag stattgegeben, senden wir dir an die uns bekannte E-Mail-Adresse eine Kopie aller Daten mit einer \u00dcbersicht der Verarbeiter, die diese Daten besitzen, unter Angabe der Kategorie, unter der wir diese Daten gespeichert haben.   <\/p>\n<p><strong>Recht auf Berichtigung<\/strong><br \/>\nDu hast jederzeit das Recht, die Daten, die wir (verarbeiten lassen) und die sich auf deine Person beziehen oder darauf zur\u00fcckf\u00fchrbar sind, anpassen zu lassen. Du kannst einen entsprechenden Antrag an unseren Ansprechpartner f\u00fcr Datenschutzfragen stellen. Du erh\u00e4ltst dann innerhalb von 30 Tagen eine Antwort auf deinen Antrag. Wird dein Antrag stattgegeben, senden wir dir an die uns bekannte E-Mail-Adresse eine Best\u00e4tigung, dass die Daten angepasst wurden.<br \/>\nRecht auf Einschr\u00e4nkung der Verarbeitung<br \/>\nDu hast jederzeit das Recht, die Daten, die wir (verarbeiten lassen) und die sich auf deine Person beziehen oder darauf zur\u00fcckf\u00fchrbar sind, einschr\u00e4nken zu lassen. Du kannst einen entsprechenden Antrag an unseren Ansprechpartner f\u00fcr Datenschutzfragen stellen. Du erh\u00e4ltst dann innerhalb von 30 Tagen eine Antwort auf deinen Antrag. Wird dein Antrag stattgegeben, senden wir dir an die uns bekannte E-Mail-Adresse eine Best\u00e4tigung, dass die Daten, bis du die Einschr\u00e4nkung aufhebst, nicht l\u00e4nger verarbeitet werden.      <\/p>\n<p><strong>Recht auf Daten\u00fcbertragbarkeit<\/strong><br \/>\nDu hast jederzeit das Recht, die Daten, die wir (verarbeiten lassen) und die sich auf deine Person beziehen oder darauf zur\u00fcckf\u00fchrbar sind, von einer anderen Partei ausf\u00fchren zu lassen. Du kannst einen entsprechenden Antrag an<br \/>\nunseren Ansprechpartner f\u00fcr Datenschutzfragen stellen. Du erh\u00e4ltst dann innerhalb von 30 Tagen eine Antwort auf deinen Antrag. Wird dein Antrag stattgegeben, senden wir dir an die uns bekannte E-Mail-Adresse Abschriften oder Kopien aller Daten \u00fcber dich, die wir verarbeitet haben oder in unserem Auftrag von anderen Verarbeitern oder Dritten verarbeitet wurden. Aller Wahrscheinlichkeit nach k\u00f6nnen wir in einem solchen Fall die Dienstleistungen nicht l\u00e4nger fortsetzen, da die sichere Verkn\u00fcpfung von Datenbanken dann nicht l\u00e4nger gew\u00e4hrleistet werden kann.    <\/p>\n<p><strong>Widerspruchsrecht und sonstige Rechte<\/strong><br \/>\nDu hast in bestimmten F\u00e4llen das Recht, der Verarbeitung deiner personenbezogenen Daten durch oder im Auftrag von Schroevendump zu widersprechen. Wenn du Widerspruch einlegst, werden wir die Datenverarbeitung unverz\u00fcglich einstellen, bis dein Widerspruch bearbeitet ist. Ist dein Widerspruch begr\u00fcndet, werden wir dir Abschriften und\/oder Kopien der Daten, die wir (verarbeiten lassen), zur Verf\u00fcgung stellen und danach die Verarbeitung dauerhaft einstellen. Du hast au\u00dferdem das Recht, keiner automatisierten individuellen Entscheidungsfindung oder Profiling unterworfen zu werden. Wir verarbeiten deine Daten nicht in einer Weise, dass dieses Recht anwendbar ist.     Bist du der Meinung, dass dies doch der Fall ist, kontaktiere bitte unseren Ansprechpartner f\u00fcr Datenschutzfragen.<\/p>\n<p><strong>Cookies<\/strong><br \/>\n<strong>Google Analytics<\/strong><br \/>\n\u00dcber unsere Website werden Cookies des amerikanischen Unternehmens Google als Teil des \u201eAnalytics\u201c-Dienstes gesetzt.<br \/>\nWir nutzen diesen Dienst, um zu verfolgen und Berichte dar\u00fcber zu erhalten, wie Besucher die Website nutzen.<br \/>\nDieser Verarbeiter ist m\u00f6glicherweise aufgrund geltender Gesetze und Vorschriften verpflichtet, Einblick in diese<br \/>\nDaten zu gew\u00e4hren. Wir haben Google nicht gestattet, die erhaltenen Analytics-Informationen f\u00fcr andere Google-Dienste zu verwenden. <\/p>\n<p><strong>Cookies von Drittanbietern<\/strong><br \/>\nFalls Softwarel\u00f6sungen von Drittanbietern Cookies verwenden, ist dies in dieser Datenschutzerkl\u00e4rung angegeben.<\/p>\n<p><strong>\u00c4nderungen der Datenschutzrichtlinie<\/strong><br \/>\nWir behalten uns jederzeit das Recht vor, unsere Datenschutzrichtlinie zu \u00e4ndern. Auf dieser Seite findest du jedoch immer die aktuellste Version. Wenn die neue Datenschutzrichtlinie Auswirkungen auf die Art und Weise hat, wie wir bereits gesammelte Daten \u00fcber dich verarbeiten, werden wir dich per E-Mail dar\u00fcber informieren.  <\/p>\n<p><strong>Kontaktdaten<\/strong><br \/>\nSchroevendump<br \/>\nEgstraat 66 3319 LA Dordrecht Niederlande T 06-18159283 E info@schroevendump.nl<\/p>\n<p><strong>Ansprechpartner f\u00fcr Datenschutzfragen<\/strong><br \/>\nHerbert Jelier<\/p>\n","protected":false},"excerpt":{"rendered":"<p>\u00dcber unsere Datenschutzrichtlinie Schroevendump legt gro\u00dfen Wert auf deine Privatsph\u00e4re. Wir verarbeiten daher ausschlie\u00dflich Daten, die wir f\u00fcr (die Verbesserung unserer) Dienstleistungen ben\u00f6tigen, und gehen sorgf\u00e4ltig mit den Informationen um, die wir \u00fcber dich und deine Nutzung unserer Dienste gesammelt haben. Wir stellen deine Daten niemals f\u00fcr kommerzielle Zwecke Dritten zur Verf\u00fcgung. Diese Datenschutzrichtlinie gilt [&hellip;]<\/p>\n","protected":false},"author":1,"featured_media":0,"parent":0,"menu_order":0,"comment_status":"closed","ping_status":"closed","template":"","meta":{"footnotes":""},"class_list":["post-28919","page","type-page","status-publish","hentry"],"acf":[],"yoast_head":"<!-- This site is optimized with the Yoast SEO plugin v26.6 - https:\/\/yoast.com\/wordpress\/plugins\/seo\/ -->\n<title>Datenschutz- und Cookie-Erkl\u00e4rung - Schroevendump<\/title>\n<meta name=\"robots\" content=\"index, follow, max-snippet:-1, max-image-preview:large, max-video-preview:-1\" \/>\n<link rel=\"canonical\" href=\"https:\/\/schroevendump.nl\/de\/datenschutz-und-cookie-erklaerung\/\" \/>\n<meta property=\"og:locale\" content=\"de_DE\" \/>\n<meta property=\"og:type\" content=\"article\" \/>\n<meta property=\"og:title\" content=\"Datenschutz- und Cookie-Erkl\u00e4rung - Schroevendump\" \/>\n<meta property=\"og:description\" content=\"\u00dcber unsere Datenschutzrichtlinie Schroevendump legt gro\u00dfen Wert auf deine Privatsph\u00e4re. Wir verarbeiten daher ausschlie\u00dflich Daten, die wir f\u00fcr (die Verbesserung unserer) Dienstleistungen ben\u00f6tigen, und gehen sorgf\u00e4ltig mit den Informationen um, die wir \u00fcber dich und deine Nutzung unserer Dienste gesammelt haben. Wir stellen deine Daten niemals f\u00fcr kommerzielle Zwecke Dritten zur Verf\u00fcgung. Diese Datenschutzrichtlinie gilt [&hellip;]\" \/>\n<meta property=\"og:url\" content=\"https:\/\/schroevendump.nl\/de\/datenschutz-und-cookie-erklaerung\/\" \/>\n<meta property=\"og:site_name\" content=\"Schroevendump\" \/>\n<meta name=\"twitter:card\" content=\"summary_large_image\" \/>\n<meta name=\"twitter:label1\" content=\"Gesch\u00e4tzte Lesezeit\" \/>\n\t<meta name=\"twitter:data1\" content=\"10\u00a0Minute\" \/>\n<script type=\"application\/ld+json\" class=\"yoast-schema-graph\">{\"@context\":\"https:\/\/schema.org\",\"@graph\":[{\"@type\":\"WebPage\",\"@id\":\"https:\/\/schroevendump.nl\/de\/datenschutz-und-cookie-erklaerung\/\",\"url\":\"https:\/\/schroevendump.nl\/de\/datenschutz-und-cookie-erklaerung\/\",\"name\":\"Datenschutz- und Cookie-Erkl\u00e4rung - Schroevendump\",\"isPartOf\":{\"@id\":\"https:\/\/schroevendump.nl\/de\/#website\"},\"datePublished\":\"2024-08-27T11:16:35+00:00\",\"breadcrumb\":{\"@id\":\"https:\/\/schroevendump.nl\/de\/datenschutz-und-cookie-erklaerung\/#breadcrumb\"},\"inLanguage\":\"de\",\"potentialAction\":[{\"@type\":\"ReadAction\",\"target\":[\"https:\/\/schroevendump.nl\/de\/datenschutz-und-cookie-erklaerung\/\"]}]},{\"@type\":\"BreadcrumbList\",\"@id\":\"https:\/\/schroevendump.nl\/de\/datenschutz-und-cookie-erklaerung\/#breadcrumb\",\"itemListElement\":[{\"@type\":\"ListItem\",\"position\":1,\"name\":\"Startseite\",\"item\":\"https:\/\/schroevendump.nl\/de\/\"},{\"@type\":\"ListItem\",\"position\":2,\"name\":\"Datenschutz- und Cookie-Erkl\u00e4rung\"}]},{\"@type\":\"WebSite\",\"@id\":\"https:\/\/schroevendump.nl\/de\/#website\",\"url\":\"https:\/\/schroevendump.nl\/de\/\",\"name\":\"Schroevendump\",\"description\":\"\",\"potentialAction\":[{\"@type\":\"SearchAction\",\"target\":{\"@type\":\"EntryPoint\",\"urlTemplate\":\"https:\/\/schroevendump.nl\/de\/?s={search_term_string}\"},\"query-input\":{\"@type\":\"PropertyValueSpecification\",\"valueRequired\":true,\"valueName\":\"search_term_string\"}}],\"inLanguage\":\"de\"}]}<\/script>\n<!-- \/ Yoast SEO plugin. -->","yoast_head_json":{"title":"Datenschutz- und Cookie-Erkl\u00e4rung - Schroevendump","robots":{"index":"index","follow":"follow","max-snippet":"max-snippet:-1","max-image-preview":"max-image-preview:large","max-video-preview":"max-video-preview:-1"},"canonical":"https:\/\/schroevendump.nl\/de\/datenschutz-und-cookie-erklaerung\/","og_locale":"de_DE","og_type":"article","og_title":"Datenschutz- und Cookie-Erkl\u00e4rung - Schroevendump","og_description":"\u00dcber unsere Datenschutzrichtlinie Schroevendump legt gro\u00dfen Wert auf deine Privatsph\u00e4re. Wir verarbeiten daher ausschlie\u00dflich Daten, die wir f\u00fcr (die Verbesserung unserer) Dienstleistungen ben\u00f6tigen, und gehen sorgf\u00e4ltig mit den Informationen um, die wir \u00fcber dich und deine Nutzung unserer Dienste gesammelt haben. Wir stellen deine Daten niemals f\u00fcr kommerzielle Zwecke Dritten zur Verf\u00fcgung. Diese Datenschutzrichtlinie gilt [&hellip;]","og_url":"https:\/\/schroevendump.nl\/de\/datenschutz-und-cookie-erklaerung\/","og_site_name":"Schroevendump","twitter_card":"summary_large_image","twitter_misc":{"Gesch\u00e4tzte Lesezeit":"10\u00a0Minute"},"schema":{"@context":"https:\/\/schema.org","@graph":[{"@type":"WebPage","@id":"https:\/\/schroevendump.nl\/de\/datenschutz-und-cookie-erklaerung\/","url":"https:\/\/schroevendump.nl\/de\/datenschutz-und-cookie-erklaerung\/","name":"Datenschutz- und Cookie-Erkl\u00e4rung - Schroevendump","isPartOf":{"@id":"https:\/\/schroevendump.nl\/de\/#website"},"datePublished":"2024-08-27T11:16:35+00:00","breadcrumb":{"@id":"https:\/\/schroevendump.nl\/de\/datenschutz-und-cookie-erklaerung\/#breadcrumb"},"inLanguage":"de","potentialAction":[{"@type":"ReadAction","target":["https:\/\/schroevendump.nl\/de\/datenschutz-und-cookie-erklaerung\/"]}]},{"@type":"BreadcrumbList","@id":"https:\/\/schroevendump.nl\/de\/datenschutz-und-cookie-erklaerung\/#breadcrumb","itemListElement":[{"@type":"ListItem","position":1,"name":"Startseite","item":"https:\/\/schroevendump.nl\/de\/"},{"@type":"ListItem","position":2,"name":"Datenschutz- und Cookie-Erkl\u00e4rung"}]},{"@type":"WebSite","@id":"https:\/\/schroevendump.nl\/de\/#website","url":"https:\/\/schroevendump.nl\/de\/","name":"Schroevendump","description":"","potentialAction":[{"@type":"SearchAction","target":{"@type":"EntryPoint","urlTemplate":"https:\/\/schroevendump.nl\/de\/?s={search_term_string}"},"query-input":{"@type":"PropertyValueSpecification","valueRequired":true,"valueName":"search_term_string"}}],"inLanguage":"de"}]}},"_links":{"self":[{"href":"https:\/\/schroevendump.nl\/de\/wp-json\/wp\/v2\/pages\/28919","targetHints":{"allow":["GET"]}}],"collection":[{"href":"https:\/\/schroevendump.nl\/de\/wp-json\/wp\/v2\/pages"}],"about":[{"href":"https:\/\/schroevendump.nl\/de\/wp-json\/wp\/v2\/types\/page"}],"author":[{"embeddable":true,"href":"https:\/\/schroevendump.nl\/de\/wp-json\/wp\/v2\/users\/1"}],"replies":[{"embeddable":true,"href":"https:\/\/schroevendump.nl\/de\/wp-json\/wp\/v2\/comments?post=28919"}],"version-history":[{"count":0,"href":"https:\/\/schroevendump.nl\/de\/wp-json\/wp\/v2\/pages\/28919\/revisions"}],"wp:attachment":[{"href":"https:\/\/schroevendump.nl\/de\/wp-json\/wp\/v2\/media?parent=28919"}],"curies":[{"name":"wp","href":"https:\/\/api.w.org\/{rel}","templated":true}]}}