{"id":26966,"date":"2024-10-25T21:24:31","date_gmt":"2024-10-25T21:24:31","guid":{"rendered":"https:\/\/schroevendump.nl\/product\/schraubendreher-rahmenschrauben-7-5-x-122-flachkopf-tx-30-75-stueck\/"},"modified":"2025-12-10T11:11:45","modified_gmt":"2025-12-10T11:11:45","slug":"schraubendreher-rahmenschrauben-7-5-x-122-flachkopf-tx-30-75-stueck","status":"publish","type":"product","link":"https:\/\/schroevendump.nl\/de\/produkt\/schraubendreher-rahmenschrauben-7-5-x-122-flachkopf-tx-30-75-stueck\/","title":{"rendered":"Schraubendreher Rahmenschrauben 7.5 x 122 Flachkopf TX-30 75 St\u00fcck"},"content":{"rendered":"<p>Die Schraube dump Frame Screw ist eine verzinkte Schraube f\u00fcr die effiziente Montage von Fensterrahmen ohne die Verwendung von D\u00fcbeln. Mit Rahmenschrauben nehmen Sie eine praktisch spannungsfreie Befestigung vor, die f\u00fcr hohe Belastungen geeignet ist. Bohren Sie sowohl in den Rahmen als auch in die Wand und\/oder den Beton vor. F\u00fcr die Montage von Fenster- und T\u00fcrrahmen aus Holz.<br \/>\nDie Ausf\u00fchrungen mit flachem Kopf eignen sich f\u00fcr Fensterrahmen aus Holz.<br \/>\nNach dem Bohren kann die Schraube direkt in den massiven oder gelochten Baustoff eingeschraubt werden.<br \/>\nDurch das durchgehende Spezialgewinde der Rahmenschrauben werden sie spannungsfrei im Baustoff befestigt.   <\/p>\n<p><b>Anwendung<\/b><br \/>\nMontage von Holzfensterrahmen ohne Verwendung von D\u00fcbeln<br \/>\nF\u00fcr den Innen- und Au\u00dfenbereich.<\/p>\n","protected":false},"excerpt":{"rendered":"<p>Die Schraube dump Frame Screw ist eine verzinkte Schraube f\u00fcr die effiziente Montage von Fensterrahmen ohne die Verwendung von D\u00fcbeln. Mit Rahmenschrauben nehmen Sie eine praktisch spannungsfreie Befestigung vor, die f\u00fcr hohe Belastungen geeignet ist. Bohren Sie sowohl in den Rahmen als auch in die Wand und\/oder den Beton vor. F\u00fcr die Montage von Fenster- [&hellip;]<\/p>\n","protected":false},"featured_media":26959,"comment_status":"closed","ping_status":"closed","template":"","meta":[],"product_brand":[],"product_cat":[507],"product_tag":[],"class_list":{"0":"post-26966","1":"product","2":"type-product","3":"status-publish","4":"has-post-thumbnail","6":"product_cat-schrauben-fur-den-rahmen","7":"pa_draad-vollgewinde","9":"first","10":"instock","11":"taxable","12":"shipping-taxable","13":"purchasable","14":"product-type-simple"},"supplier_id":null,"supplier_sku":"","barcode":null,"atum_controlled":true,"out_stock_date":null,"out_stock_threshold":null,"inheritable":false,"inbound_stock":0,"stock_on_hold":0,"sold_today":0,"sales_last_days":0,"reserved_stock":0,"customer_returns":0,"warehouse_damage":0,"lost_in_post":0,"other_logs":0,"out_stock_days":0,"lost_sales":0,"has_location":false,"update_date":"2026-04-04T01:00:06","atum_locations":[],"atum_stock_status":"instock","restock_status":false,"low_stock_amount":"","sales_update_date":"2026-04-04T01:00:06","calc_backorders":null,"acf":[],"yoast_head":"<!-- This site is optimized with the Yoast SEO plugin v26.6 - https:\/\/yoast.com\/wordpress\/plugins\/seo\/ -->\n<title>Schraubendreher Rahmenschrauben 7.5 x 122 Flachkopf TX-30 75 St\u00fcck - Schroevendump<\/title>\n<meta name=\"robots\" content=\"index, follow, max-snippet:-1, max-image-preview:large, max-video-preview:-1\" \/>\n<link rel=\"canonical\" href=\"https:\/\/schroevendump.nl\/de\/produkt\/schraubendreher-rahmenschrauben-7-5-x-122-flachkopf-tx-30-75-stueck\/\" \/>\n<meta property=\"og:locale\" content=\"de_DE\" \/>\n<meta property=\"og:type\" content=\"article\" \/>\n<meta property=\"og:title\" content=\"Schraubendreher Rahmenschrauben 7.5 x 122 Flachkopf TX-30 75 St\u00fcck - Schroevendump\" \/>\n<meta property=\"og:description\" content=\"Die Schraube dump Frame Screw ist eine verzinkte Schraube f\u00fcr die effiziente Montage von Fensterrahmen ohne die Verwendung von D\u00fcbeln. Mit Rahmenschrauben nehmen Sie eine praktisch spannungsfreie Befestigung vor, die f\u00fcr hohe Belastungen geeignet ist. Bohren Sie sowohl in den Rahmen als auch in die Wand und\/oder den Beton vor. F\u00fcr die Montage von Fenster- [&hellip;]\" \/>\n<meta property=\"og:url\" content=\"https:\/\/schroevendump.nl\/de\/produkt\/schraubendreher-rahmenschrauben-7-5-x-122-flachkopf-tx-30-75-stueck\/\" \/>\n<meta property=\"og:site_name\" content=\"Schroevendump\" \/>\n<meta property=\"article:modified_time\" content=\"2025-12-10T11:11:45+00:00\" \/>\n<meta property=\"og:image\" content=\"https:\/\/schroevendump.nl\/wp-content\/uploads\/2024\/08\/852-kozijnschroef-platkop-verzinkt.png\" \/>\n\t<meta property=\"og:image:width\" content=\"710\" \/>\n\t<meta property=\"og:image:height\" content=\"710\" \/>\n\t<meta property=\"og:image:type\" content=\"image\/png\" \/>\n<meta name=\"twitter:card\" content=\"summary_large_image\" \/>\n<meta name=\"twitter:label1\" content=\"Gesch\u00e4tzte Lesezeit\" \/>\n\t<meta name=\"twitter:data1\" content=\"1\u00a0Minute\" \/>\n<script type=\"application\/ld+json\" class=\"yoast-schema-graph\">{\"@context\":\"https:\/\/schema.org\",\"@graph\":[{\"@type\":\"WebPage\",\"@id\":\"https:\/\/schroevendump.nl\/de\/produkt\/schraubendreher-rahmenschrauben-7-5-x-122-flachkopf-tx-30-75-stueck\/\",\"url\":\"https:\/\/schroevendump.nl\/de\/produkt\/schraubendreher-rahmenschrauben-7-5-x-122-flachkopf-tx-30-75-stueck\/\",\"name\":\"Schraubendreher Rahmenschrauben 7.5 x 122 Flachkopf TX-30 75 St\u00fcck - Schroevendump\",\"isPartOf\":{\"@id\":\"https:\/\/schroevendump.nl\/de\/#website\"},\"primaryImageOfPage\":{\"@id\":\"https:\/\/schroevendump.nl\/de\/produkt\/schraubendreher-rahmenschrauben-7-5-x-122-flachkopf-tx-30-75-stueck\/#primaryimage\"},\"image\":{\"@id\":\"https:\/\/schroevendump.nl\/de\/produkt\/schraubendreher-rahmenschrauben-7-5-x-122-flachkopf-tx-30-75-stueck\/#primaryimage\"},\"thumbnailUrl\":\"https:\/\/schroevendump.nl\/wp-content\/uploads\/2024\/08\/852-kozijnschroef-platkop-verzinkt.png\",\"datePublished\":\"2024-10-25T21:24:31+00:00\",\"dateModified\":\"2025-12-10T11:11:45+00:00\",\"breadcrumb\":{\"@id\":\"https:\/\/schroevendump.nl\/de\/produkt\/schraubendreher-rahmenschrauben-7-5-x-122-flachkopf-tx-30-75-stueck\/#breadcrumb\"},\"inLanguage\":\"de\",\"potentialAction\":[{\"@type\":\"ReadAction\",\"target\":[\"https:\/\/schroevendump.nl\/de\/produkt\/schraubendreher-rahmenschrauben-7-5-x-122-flachkopf-tx-30-75-stueck\/\"]}]},{\"@type\":\"ImageObject\",\"inLanguage\":\"de\",\"@id\":\"https:\/\/schroevendump.nl\/de\/produkt\/schraubendreher-rahmenschrauben-7-5-x-122-flachkopf-tx-30-75-stueck\/#primaryimage\",\"url\":\"https:\/\/schroevendump.nl\/wp-content\/uploads\/2024\/08\/852-kozijnschroef-platkop-verzinkt.png\",\"contentUrl\":\"https:\/\/schroevendump.nl\/wp-content\/uploads\/2024\/08\/852-kozijnschroef-platkop-verzinkt.png\",\"width\":710,\"height\":710,\"caption\":\"Fensterrahmenschraube Schrauben Kunststofffensterrahmen\"},{\"@type\":\"BreadcrumbList\",\"@id\":\"https:\/\/schroevendump.nl\/de\/produkt\/schraubendreher-rahmenschrauben-7-5-x-122-flachkopf-tx-30-75-stueck\/#breadcrumb\",\"itemListElement\":[{\"@type\":\"ListItem\",\"position\":1,\"name\":\"Startseite\",\"item\":\"https:\/\/schroevendump.nl\/de\/\"},{\"@type\":\"ListItem\",\"position\":2,\"name\":\"Shop\",\"item\":\"https:\/\/schroevendump.nl\/de\/shop\/\"},{\"@type\":\"ListItem\",\"position\":3,\"name\":\"Schraubendreher Rahmenschrauben 7.5 x 122 Flachkopf TX-30 75 St\u00fcck\"}]},{\"@type\":\"WebSite\",\"@id\":\"https:\/\/schroevendump.nl\/de\/#website\",\"url\":\"https:\/\/schroevendump.nl\/de\/\",\"name\":\"Schroevendump\",\"description\":\"\",\"potentialAction\":[{\"@type\":\"SearchAction\",\"target\":{\"@type\":\"EntryPoint\",\"urlTemplate\":\"https:\/\/schroevendump.nl\/de\/?s={search_term_string}\"},\"query-input\":{\"@type\":\"PropertyValueSpecification\",\"valueRequired\":true,\"valueName\":\"search_term_string\"}}],\"inLanguage\":\"de\"}]}<\/script>\n<!-- \/ Yoast SEO plugin. -->","yoast_head_json":{"title":"Schraubendreher Rahmenschrauben 7.5 x 122 Flachkopf TX-30 75 St\u00fcck - Schroevendump","robots":{"index":"index","follow":"follow","max-snippet":"max-snippet:-1","max-image-preview":"max-image-preview:large","max-video-preview":"max-video-preview:-1"},"canonical":"https:\/\/schroevendump.nl\/de\/produkt\/schraubendreher-rahmenschrauben-7-5-x-122-flachkopf-tx-30-75-stueck\/","og_locale":"de_DE","og_type":"article","og_title":"Schraubendreher Rahmenschrauben 7.5 x 122 Flachkopf TX-30 75 St\u00fcck - Schroevendump","og_description":"Die Schraube dump Frame Screw ist eine verzinkte Schraube f\u00fcr die effiziente Montage von Fensterrahmen ohne die Verwendung von D\u00fcbeln. Mit Rahmenschrauben nehmen Sie eine praktisch spannungsfreie Befestigung vor, die f\u00fcr hohe Belastungen geeignet ist. Bohren Sie sowohl in den Rahmen als auch in die Wand und\/oder den Beton vor. F\u00fcr die Montage von Fenster- [&hellip;]","og_url":"https:\/\/schroevendump.nl\/de\/produkt\/schraubendreher-rahmenschrauben-7-5-x-122-flachkopf-tx-30-75-stueck\/","og_site_name":"Schroevendump","article_modified_time":"2025-12-10T11:11:45+00:00","og_image":[{"width":710,"height":710,"url":"https:\/\/schroevendump.nl\/wp-content\/uploads\/2024\/08\/852-kozijnschroef-platkop-verzinkt.png","type":"image\/png"}],"twitter_card":"summary_large_image","twitter_misc":{"Gesch\u00e4tzte Lesezeit":"1\u00a0Minute"},"schema":{"@context":"https:\/\/schema.org","@graph":[{"@type":"WebPage","@id":"https:\/\/schroevendump.nl\/de\/produkt\/schraubendreher-rahmenschrauben-7-5-x-122-flachkopf-tx-30-75-stueck\/","url":"https:\/\/schroevendump.nl\/de\/produkt\/schraubendreher-rahmenschrauben-7-5-x-122-flachkopf-tx-30-75-stueck\/","name":"Schraubendreher Rahmenschrauben 7.5 x 122 Flachkopf TX-30 75 St\u00fcck - Schroevendump","isPartOf":{"@id":"https:\/\/schroevendump.nl\/de\/#website"},"primaryImageOfPage":{"@id":"https:\/\/schroevendump.nl\/de\/produkt\/schraubendreher-rahmenschrauben-7-5-x-122-flachkopf-tx-30-75-stueck\/#primaryimage"},"image":{"@id":"https:\/\/schroevendump.nl\/de\/produkt\/schraubendreher-rahmenschrauben-7-5-x-122-flachkopf-tx-30-75-stueck\/#primaryimage"},"thumbnailUrl":"https:\/\/schroevendump.nl\/wp-content\/uploads\/2024\/08\/852-kozijnschroef-platkop-verzinkt.png","datePublished":"2024-10-25T21:24:31+00:00","dateModified":"2025-12-10T11:11:45+00:00","breadcrumb":{"@id":"https:\/\/schroevendump.nl\/de\/produkt\/schraubendreher-rahmenschrauben-7-5-x-122-flachkopf-tx-30-75-stueck\/#breadcrumb"},"inLanguage":"de","potentialAction":[{"@type":"ReadAction","target":["https:\/\/schroevendump.nl\/de\/produkt\/schraubendreher-rahmenschrauben-7-5-x-122-flachkopf-tx-30-75-stueck\/"]}]},{"@type":"ImageObject","inLanguage":"de","@id":"https:\/\/schroevendump.nl\/de\/produkt\/schraubendreher-rahmenschrauben-7-5-x-122-flachkopf-tx-30-75-stueck\/#primaryimage","url":"https:\/\/schroevendump.nl\/wp-content\/uploads\/2024\/08\/852-kozijnschroef-platkop-verzinkt.png","contentUrl":"https:\/\/schroevendump.nl\/wp-content\/uploads\/2024\/08\/852-kozijnschroef-platkop-verzinkt.png","width":710,"height":710,"caption":"Fensterrahmenschraube Schrauben Kunststofffensterrahmen"},{"@type":"BreadcrumbList","@id":"https:\/\/schroevendump.nl\/de\/produkt\/schraubendreher-rahmenschrauben-7-5-x-122-flachkopf-tx-30-75-stueck\/#breadcrumb","itemListElement":[{"@type":"ListItem","position":1,"name":"Startseite","item":"https:\/\/schroevendump.nl\/de\/"},{"@type":"ListItem","position":2,"name":"Shop","item":"https:\/\/schroevendump.nl\/de\/shop\/"},{"@type":"ListItem","position":3,"name":"Schraubendreher Rahmenschrauben 7.5 x 122 Flachkopf TX-30 75 St\u00fcck"}]},{"@type":"WebSite","@id":"https:\/\/schroevendump.nl\/de\/#website","url":"https:\/\/schroevendump.nl\/de\/","name":"Schroevendump","description":"","potentialAction":[{"@type":"SearchAction","target":{"@type":"EntryPoint","urlTemplate":"https:\/\/schroevendump.nl\/de\/?s={search_term_string}"},"query-input":{"@type":"PropertyValueSpecification","valueRequired":true,"valueName":"search_term_string"}}],"inLanguage":"de"}]}},"_links":{"self":[{"href":"https:\/\/schroevendump.nl\/de\/wp-json\/wp\/v2\/product\/26966","targetHints":{"allow":["GET"]}}],"collection":[{"href":"https:\/\/schroevendump.nl\/de\/wp-json\/wp\/v2\/product"}],"about":[{"href":"https:\/\/schroevendump.nl\/de\/wp-json\/wp\/v2\/types\/product"}],"replies":[{"embeddable":true,"href":"https:\/\/schroevendump.nl\/de\/wp-json\/wp\/v2\/comments?post=26966"}],"wp:featuredmedia":[{"embeddable":true,"href":"https:\/\/schroevendump.nl\/de\/wp-json\/wp\/v2\/media\/26959"}],"wp:attachment":[{"href":"https:\/\/schroevendump.nl\/de\/wp-json\/wp\/v2\/media?parent=26966"}],"wp:term":[{"taxonomy":"product_brand","embeddable":true,"href":"https:\/\/schroevendump.nl\/de\/wp-json\/wp\/v2\/product_brand?post=26966"},{"taxonomy":"product_cat","embeddable":true,"href":"https:\/\/schroevendump.nl\/de\/wp-json\/wp\/v2\/product_cat?post=26966"},{"taxonomy":"product_tag","embeddable":true,"href":"https:\/\/schroevendump.nl\/de\/wp-json\/wp\/v2\/product_tag?post=26966"}],"curies":[{"name":"wp","href":"https:\/\/api.w.org\/{rel}","templated":true}]}}