{"id":27035,"date":"2024-10-22T19:40:17","date_gmt":"2024-10-22T19:40:17","guid":{"rendered":"https:\/\/schroevendump.nl\/product\/schraubendreher-spanplattenschrauben-geteiltes-gewinde-6-0-x-140-tx-30-verzinkt-100-stueck\/"},"modified":"2025-12-10T11:22:42","modified_gmt":"2025-12-10T11:22:42","slug":"schraubendreher-spanplattenschrauben-geteiltes-gewinde-6-0-x-140-tx-30-verzinkt-100-stueck","status":"publish","type":"product","link":"https:\/\/schroevendump.nl\/de\/produkt\/schraubendreher-spanplattenschrauben-geteiltes-gewinde-6-0-x-140-tx-30-verzinkt-100-stueck\/","title":{"rendered":"Schraubendreher Spanplattenschrauben geteiltes Gewinde 6.0 x 140 TX-30 verzinkt 100 St\u00fcck"},"content":{"rendered":"<p><strong>Spanplattenschrauben<\/strong><\/p>\n<p>Schroevendump Spanplattenschrauben haben einen Torx (TX) Antrieb. Die Schraube ist mit einem doppelten Flachkopf ausgestattet, wodurch sie zu den st\u00e4rksten ihrer Art geh\u00f6rt.<br \/>\nDiese Spanplattenschrauben sind in einer verzinkten Ausf\u00fchrung erh\u00e4ltlich. <\/p>\n<p>Spanplattenschrauben werden in einer sehr breiten Palette von Anwendungen eingesetzt und garantieren eine problemlose Verarbeitung. Die Schrauben werden nach der Produktion streng kontrolliert. So k\u00f6nnen Sie sicher sein, dass Sie nur mit hochwertigen Schrauben arbeiten, die gratfrei und superstark sind.  Die Schrauben tragen daher ein CE-Zeichen, mit dem der Hersteller angibt, dass das Produkt die Anforderungen an Sicherheit, Gesundheit, Umwelt und Verbraucherschutz erf\u00fcllt.<\/p>\n<p>Wof\u00fcr sind Spanplattenschrauben geeignet?<\/p>\n<p>Schroevendump Spanplattenschrauben sind perfekt in verschiedenen Holzarten f\u00fcr den Innenbereich einsetzbar, wie z.B. Fichte, Kiefer, Plattenmaterial Multiplex, Plattenmaterial Unterlage. Die idealen Qualit\u00e4tsschrauben, um Konstruktionen wie Vorwandinstallationen, Beplankungsschrauben, Verkleidungen und Dachkonstruktionen herzustellen <\/p>\n<p>Torx-Schrauben gibt es in verschiedenen Ausf\u00fchrungen. Sie haben Teilgewinde und Vollgewinde.  Teilgewinde bedeutet, dass die Schraube teilweise mit einem Gewinde versehen ist. Die Schraube wird h\u00e4ufig zum Festziehen von Holzverbindungen verwendet, z.B. zum Herstellen von W\u00e4nden, Harken von Decken, Montieren von Brettern, Befestigen von Holzbrettern usw. Vollgewindeschrauben sind das Gegenteil von Schraubengewinde. Bei Holzschrauben mit Schraubgewinde verl\u00e4uft das Gewinde bis zum oberen Ende des Holzes.    <\/p>\n<p>Der Antrieb einer Schraube ist ebenfalls sehr wichtig. Es gibt verschiedene Arten, denken Sie zum Beispiel an die Kreuzschlitzschraube (Pozidriv).  Dies ist die bisher am h\u00e4ufigsten verwendete Schraube auf dem Markt. Auf dem Vormarsch sind Torx-Schrauben. Mit einem Torx-Antrieb hat Ihr Werkzeug viel Halt an der Schraube, so dass Ihre Maschine nicht abrutscht. Das ist einer der Gr\u00fcnde, warum wir nur Torx-Schrauben verkaufen. Wir verkaufen auch den passenden Bit f\u00fcr jede Schraube. Kaufen Sie also alle Ihre Schrauben online bei screwdump.com     <\/p>\n<p>Schlie\u00dflich wurde bei Schroevendump Next Generation eine \u00c4nderung an der Verpackung vorgenommen. Die vertraute Box ist gleich geblieben, hat aber jetzt kein Sichtfenster mehr, sodass bei der M\u00fclltrennung kein Plastik mehr verarbeitet wird. <\/p>\n<p>Setzen Sie auf Qualit\u00e4t zum besten Preis bei schroevendump.nl und besuchen Sie unsere Instagram-Seite.<\/p>\n","protected":false},"excerpt":{"rendered":"<p>Spanplattenschrauben Schroevendump Spanplattenschrauben haben einen Torx (TX) Antrieb. Die Schraube ist mit einem doppelten Flachkopf ausgestattet, wodurch sie zu den st\u00e4rksten ihrer Art geh\u00f6rt. Diese Spanplattenschrauben sind in einer verzinkten Ausf\u00fchrung erh\u00e4ltlich. Spanplattenschrauben werden in einer sehr breiten Palette von Anwendungen eingesetzt und garantieren eine problemlose Verarbeitung. Die Schrauben werden nach der Produktion streng kontrolliert. [&hellip;]<\/p>\n","protected":false},"featured_media":27288,"comment_status":"open","ping_status":"closed","template":"","meta":[],"product_brand":[],"product_cat":[443],"product_tag":[],"class_list":{"0":"post-27035","1":"product","2":"type-product","3":"status-publish","4":"has-post-thumbnail","6":"product_cat-spanplattenschrauben-verzinkt-teilgewinde","7":"pa_draad-teilgewinde","9":"first","10":"instock","11":"taxable","12":"shipping-taxable","13":"purchasable","14":"product-type-simple"},"supplier_id":null,"supplier_sku":"","barcode":null,"atum_controlled":true,"out_stock_date":null,"out_stock_threshold":null,"inheritable":false,"inbound_stock":0,"stock_on_hold":0,"sold_today":0,"sales_last_days":52,"reserved_stock":0,"customer_returns":0,"warehouse_damage":0,"lost_in_post":0,"other_logs":0,"out_stock_days":0,"lost_sales":0,"has_location":false,"update_date":"2026-04-07T07:14:58","atum_locations":[],"atum_stock_status":"instock","restock_status":true,"low_stock_amount":"","sales_update_date":"2026-04-07T07:14:58","calc_backorders":null,"acf":[],"yoast_head":"<!-- This site is optimized with the Yoast SEO plugin v26.6 - https:\/\/yoast.com\/wordpress\/plugins\/seo\/ -->\n<title>Schraubendreher Spanplattenschrauben geteiltes Gewinde 6.0 x 140 TX-30 verzinkt 100 St\u00fcck - Schroevendump<\/title>\n<meta name=\"robots\" content=\"index, follow, max-snippet:-1, max-image-preview:large, max-video-preview:-1\" \/>\n<link rel=\"canonical\" href=\"https:\/\/schroevendump.nl\/de\/produkt\/schraubendreher-spanplattenschrauben-geteiltes-gewinde-6-0-x-140-tx-30-verzinkt-100-stueck\/\" \/>\n<meta property=\"og:locale\" content=\"de_DE\" \/>\n<meta property=\"og:type\" content=\"article\" \/>\n<meta property=\"og:title\" content=\"Schraubendreher Spanplattenschrauben geteiltes Gewinde 6.0 x 140 TX-30 verzinkt 100 St\u00fcck - Schroevendump\" \/>\n<meta property=\"og:description\" content=\"Spanplattenschrauben Schroevendump Spanplattenschrauben haben einen Torx (TX) Antrieb. Die Schraube ist mit einem doppelten Flachkopf ausgestattet, wodurch sie zu den st\u00e4rksten ihrer Art geh\u00f6rt. Diese Spanplattenschrauben sind in einer verzinkten Ausf\u00fchrung erh\u00e4ltlich. Spanplattenschrauben werden in einer sehr breiten Palette von Anwendungen eingesetzt und garantieren eine problemlose Verarbeitung. Die Schrauben werden nach der Produktion streng kontrolliert. [&hellip;]\" \/>\n<meta property=\"og:url\" content=\"https:\/\/schroevendump.nl\/de\/produkt\/schraubendreher-spanplattenschrauben-geteiltes-gewinde-6-0-x-140-tx-30-verzinkt-100-stueck\/\" \/>\n<meta property=\"og:site_name\" content=\"Schroevendump\" \/>\n<meta property=\"article:modified_time\" content=\"2025-12-10T11:22:42+00:00\" \/>\n<meta property=\"og:image\" content=\"https:\/\/schroevendump.nl\/wp-content\/uploads\/2024\/08\/Schroeven.png\" \/>\n\t<meta property=\"og:image:width\" content=\"710\" \/>\n\t<meta property=\"og:image:height\" content=\"710\" \/>\n\t<meta property=\"og:image:type\" content=\"image\/png\" \/>\n<meta name=\"twitter:card\" content=\"summary_large_image\" \/>\n<meta name=\"twitter:label1\" content=\"Gesch\u00e4tzte Lesezeit\" \/>\n\t<meta name=\"twitter:data1\" content=\"2\u00a0Minute\" \/>\n<script type=\"application\/ld+json\" class=\"yoast-schema-graph\">{\"@context\":\"https:\/\/schema.org\",\"@graph\":[{\"@type\":\"WebPage\",\"@id\":\"https:\/\/schroevendump.nl\/de\/produkt\/schraubendreher-spanplattenschrauben-geteiltes-gewinde-6-0-x-140-tx-30-verzinkt-100-stueck\/\",\"url\":\"https:\/\/schroevendump.nl\/de\/produkt\/schraubendreher-spanplattenschrauben-geteiltes-gewinde-6-0-x-140-tx-30-verzinkt-100-stueck\/\",\"name\":\"Schraubendreher Spanplattenschrauben geteiltes Gewinde 6.0 x 140 TX-30 verzinkt 100 St\u00fcck - Schroevendump\",\"isPartOf\":{\"@id\":\"https:\/\/schroevendump.nl\/de\/#website\"},\"primaryImageOfPage\":{\"@id\":\"https:\/\/schroevendump.nl\/de\/produkt\/schraubendreher-spanplattenschrauben-geteiltes-gewinde-6-0-x-140-tx-30-verzinkt-100-stueck\/#primaryimage\"},\"image\":{\"@id\":\"https:\/\/schroevendump.nl\/de\/produkt\/schraubendreher-spanplattenschrauben-geteiltes-gewinde-6-0-x-140-tx-30-verzinkt-100-stueck\/#primaryimage\"},\"thumbnailUrl\":\"https:\/\/schroevendump.nl\/wp-content\/uploads\/2024\/08\/Schroeven.png\",\"datePublished\":\"2024-10-22T19:40:17+00:00\",\"dateModified\":\"2025-12-10T11:22:42+00:00\",\"breadcrumb\":{\"@id\":\"https:\/\/schroevendump.nl\/de\/produkt\/schraubendreher-spanplattenschrauben-geteiltes-gewinde-6-0-x-140-tx-30-verzinkt-100-stueck\/#breadcrumb\"},\"inLanguage\":\"de\",\"potentialAction\":[{\"@type\":\"ReadAction\",\"target\":[\"https:\/\/schroevendump.nl\/de\/produkt\/schraubendreher-spanplattenschrauben-geteiltes-gewinde-6-0-x-140-tx-30-verzinkt-100-stueck\/\"]}]},{\"@type\":\"ImageObject\",\"inLanguage\":\"de\",\"@id\":\"https:\/\/schroevendump.nl\/de\/produkt\/schraubendreher-spanplattenschrauben-geteiltes-gewinde-6-0-x-140-tx-30-verzinkt-100-stueck\/#primaryimage\",\"url\":\"https:\/\/schroevendump.nl\/wp-content\/uploads\/2024\/08\/Schroeven.png\",\"contentUrl\":\"https:\/\/schroevendump.nl\/wp-content\/uploads\/2024\/08\/Schroeven.png\",\"width\":710,\"height\":710,\"caption\":\"Spanplattenschraube Schraube schroevendump\"},{\"@type\":\"BreadcrumbList\",\"@id\":\"https:\/\/schroevendump.nl\/de\/produkt\/schraubendreher-spanplattenschrauben-geteiltes-gewinde-6-0-x-140-tx-30-verzinkt-100-stueck\/#breadcrumb\",\"itemListElement\":[{\"@type\":\"ListItem\",\"position\":1,\"name\":\"Startseite\",\"item\":\"https:\/\/schroevendump.nl\/de\/\"},{\"@type\":\"ListItem\",\"position\":2,\"name\":\"Shop\",\"item\":\"https:\/\/schroevendump.nl\/de\/shop\/\"},{\"@type\":\"ListItem\",\"position\":3,\"name\":\"Schraubendreher Spanplattenschrauben geteiltes Gewinde 6.0 x 140 TX-30 verzinkt 100 St\u00fcck\"}]},{\"@type\":\"WebSite\",\"@id\":\"https:\/\/schroevendump.nl\/de\/#website\",\"url\":\"https:\/\/schroevendump.nl\/de\/\",\"name\":\"Schroevendump\",\"description\":\"\",\"potentialAction\":[{\"@type\":\"SearchAction\",\"target\":{\"@type\":\"EntryPoint\",\"urlTemplate\":\"https:\/\/schroevendump.nl\/de\/?s={search_term_string}\"},\"query-input\":{\"@type\":\"PropertyValueSpecification\",\"valueRequired\":true,\"valueName\":\"search_term_string\"}}],\"inLanguage\":\"de\"}]}<\/script>\n<!-- \/ Yoast SEO plugin. -->","yoast_head_json":{"title":"Schraubendreher Spanplattenschrauben geteiltes Gewinde 6.0 x 140 TX-30 verzinkt 100 St\u00fcck - Schroevendump","robots":{"index":"index","follow":"follow","max-snippet":"max-snippet:-1","max-image-preview":"max-image-preview:large","max-video-preview":"max-video-preview:-1"},"canonical":"https:\/\/schroevendump.nl\/de\/produkt\/schraubendreher-spanplattenschrauben-geteiltes-gewinde-6-0-x-140-tx-30-verzinkt-100-stueck\/","og_locale":"de_DE","og_type":"article","og_title":"Schraubendreher Spanplattenschrauben geteiltes Gewinde 6.0 x 140 TX-30 verzinkt 100 St\u00fcck - Schroevendump","og_description":"Spanplattenschrauben Schroevendump Spanplattenschrauben haben einen Torx (TX) Antrieb. Die Schraube ist mit einem doppelten Flachkopf ausgestattet, wodurch sie zu den st\u00e4rksten ihrer Art geh\u00f6rt. Diese Spanplattenschrauben sind in einer verzinkten Ausf\u00fchrung erh\u00e4ltlich. Spanplattenschrauben werden in einer sehr breiten Palette von Anwendungen eingesetzt und garantieren eine problemlose Verarbeitung. Die Schrauben werden nach der Produktion streng kontrolliert. [&hellip;]","og_url":"https:\/\/schroevendump.nl\/de\/produkt\/schraubendreher-spanplattenschrauben-geteiltes-gewinde-6-0-x-140-tx-30-verzinkt-100-stueck\/","og_site_name":"Schroevendump","article_modified_time":"2025-12-10T11:22:42+00:00","og_image":[{"width":710,"height":710,"url":"https:\/\/schroevendump.nl\/wp-content\/uploads\/2024\/08\/Schroeven.png","type":"image\/png"}],"twitter_card":"summary_large_image","twitter_misc":{"Gesch\u00e4tzte Lesezeit":"2\u00a0Minute"},"schema":{"@context":"https:\/\/schema.org","@graph":[{"@type":"WebPage","@id":"https:\/\/schroevendump.nl\/de\/produkt\/schraubendreher-spanplattenschrauben-geteiltes-gewinde-6-0-x-140-tx-30-verzinkt-100-stueck\/","url":"https:\/\/schroevendump.nl\/de\/produkt\/schraubendreher-spanplattenschrauben-geteiltes-gewinde-6-0-x-140-tx-30-verzinkt-100-stueck\/","name":"Schraubendreher Spanplattenschrauben geteiltes Gewinde 6.0 x 140 TX-30 verzinkt 100 St\u00fcck - Schroevendump","isPartOf":{"@id":"https:\/\/schroevendump.nl\/de\/#website"},"primaryImageOfPage":{"@id":"https:\/\/schroevendump.nl\/de\/produkt\/schraubendreher-spanplattenschrauben-geteiltes-gewinde-6-0-x-140-tx-30-verzinkt-100-stueck\/#primaryimage"},"image":{"@id":"https:\/\/schroevendump.nl\/de\/produkt\/schraubendreher-spanplattenschrauben-geteiltes-gewinde-6-0-x-140-tx-30-verzinkt-100-stueck\/#primaryimage"},"thumbnailUrl":"https:\/\/schroevendump.nl\/wp-content\/uploads\/2024\/08\/Schroeven.png","datePublished":"2024-10-22T19:40:17+00:00","dateModified":"2025-12-10T11:22:42+00:00","breadcrumb":{"@id":"https:\/\/schroevendump.nl\/de\/produkt\/schraubendreher-spanplattenschrauben-geteiltes-gewinde-6-0-x-140-tx-30-verzinkt-100-stueck\/#breadcrumb"},"inLanguage":"de","potentialAction":[{"@type":"ReadAction","target":["https:\/\/schroevendump.nl\/de\/produkt\/schraubendreher-spanplattenschrauben-geteiltes-gewinde-6-0-x-140-tx-30-verzinkt-100-stueck\/"]}]},{"@type":"ImageObject","inLanguage":"de","@id":"https:\/\/schroevendump.nl\/de\/produkt\/schraubendreher-spanplattenschrauben-geteiltes-gewinde-6-0-x-140-tx-30-verzinkt-100-stueck\/#primaryimage","url":"https:\/\/schroevendump.nl\/wp-content\/uploads\/2024\/08\/Schroeven.png","contentUrl":"https:\/\/schroevendump.nl\/wp-content\/uploads\/2024\/08\/Schroeven.png","width":710,"height":710,"caption":"Spanplattenschraube Schraube schroevendump"},{"@type":"BreadcrumbList","@id":"https:\/\/schroevendump.nl\/de\/produkt\/schraubendreher-spanplattenschrauben-geteiltes-gewinde-6-0-x-140-tx-30-verzinkt-100-stueck\/#breadcrumb","itemListElement":[{"@type":"ListItem","position":1,"name":"Startseite","item":"https:\/\/schroevendump.nl\/de\/"},{"@type":"ListItem","position":2,"name":"Shop","item":"https:\/\/schroevendump.nl\/de\/shop\/"},{"@type":"ListItem","position":3,"name":"Schraubendreher Spanplattenschrauben geteiltes Gewinde 6.0 x 140 TX-30 verzinkt 100 St\u00fcck"}]},{"@type":"WebSite","@id":"https:\/\/schroevendump.nl\/de\/#website","url":"https:\/\/schroevendump.nl\/de\/","name":"Schroevendump","description":"","potentialAction":[{"@type":"SearchAction","target":{"@type":"EntryPoint","urlTemplate":"https:\/\/schroevendump.nl\/de\/?s={search_term_string}"},"query-input":{"@type":"PropertyValueSpecification","valueRequired":true,"valueName":"search_term_string"}}],"inLanguage":"de"}]}},"_links":{"self":[{"href":"https:\/\/schroevendump.nl\/de\/wp-json\/wp\/v2\/product\/27035","targetHints":{"allow":["GET"]}}],"collection":[{"href":"https:\/\/schroevendump.nl\/de\/wp-json\/wp\/v2\/product"}],"about":[{"href":"https:\/\/schroevendump.nl\/de\/wp-json\/wp\/v2\/types\/product"}],"replies":[{"embeddable":true,"href":"https:\/\/schroevendump.nl\/de\/wp-json\/wp\/v2\/comments?post=27035"}],"wp:featuredmedia":[{"embeddable":true,"href":"https:\/\/schroevendump.nl\/de\/wp-json\/wp\/v2\/media\/27288"}],"wp:attachment":[{"href":"https:\/\/schroevendump.nl\/de\/wp-json\/wp\/v2\/media?parent=27035"}],"wp:term":[{"taxonomy":"product_brand","embeddable":true,"href":"https:\/\/schroevendump.nl\/de\/wp-json\/wp\/v2\/product_brand?post=27035"},{"taxonomy":"product_cat","embeddable":true,"href":"https:\/\/schroevendump.nl\/de\/wp-json\/wp\/v2\/product_cat?post=27035"},{"taxonomy":"product_tag","embeddable":true,"href":"https:\/\/schroevendump.nl\/de\/wp-json\/wp\/v2\/product_tag?post=27035"}],"curies":[{"name":"wp","href":"https:\/\/api.w.org\/{rel}","templated":true}]}}