{"id":27206,"date":"2025-05-07T18:32:07","date_gmt":"2025-05-07T18:32:07","guid":{"rendered":"https:\/\/schroevendump.nl\/product\/screwdump-verlaengerungsduese-chemischer-anker-18-5-cm\/"},"modified":"2025-12-10T11:35:50","modified_gmt":"2025-12-10T11:35:50","slug":"screwdump-verlaengerungsduese-chemischer-anker-18-5-cm","status":"publish","type":"product","link":"https:\/\/schroevendump.nl\/de\/produkt\/screwdump-verlaengerungsduese-chemischer-anker-18-5-cm\/","title":{"rendered":"Screwdump Verl\u00e4ngerungsd\u00fcse chemischer Anker &#8211; 18.5 cm"},"content":{"rendered":"<p class=\"\" data-start=\"202\" data-end=\"567\">Diese Verl\u00e4ngerung von Schroevendump ist speziell f\u00fcr die Verwendung mit Mischd\u00fcsen von 2-Komponenten-Systemen konzipiert. Sie verl\u00e4ngert die Standardd\u00fcse um <g id=\"gid_0\">18,5 cm<\/g>, so dass Sie problemlos an schwer zug\u00e4nglichen oder tiefen Stellen arbeiten k\u00f6nnen, wie z.B. hohle W\u00e4nde oder tiefe Bohrl\u00f6cher. Perfekt f\u00fcr die professionelle Verankerung oder Injektion von chemischen M\u00f6rteln und Klebstoffen.  <\/p>\n<p>&nbsp;<\/p>\n<ul data-start=\"569\" data-end=\"828\">\n<li class=\"\" data-start=\"569\" data-end=\"613\">\n<p class=\"\" data-start=\"571\" data-end=\"613\">18,5 cm Verl\u00e4ngerung f\u00fcr zus\u00e4tzliche Reichweite<\/p>\n<\/li>\n<li class=\"\" data-start=\"614\" data-end=\"671\">\n<p class=\"\" data-start=\"616\" data-end=\"671\">Einfach an der vorhandenen Mischd\u00fcse zu befestigen<\/p>\n<\/li>\n<li class=\"\" data-start=\"672\" data-end=\"725\">\n<p class=\"\" data-start=\"674\" data-end=\"725\">Geeignet f\u00fcr chemische D\u00fcbel, M\u00f6rtel und Klebstoffe<\/p>\n<\/li>\n<li class=\"\" data-start=\"726\" data-end=\"768\">\n<p class=\"\" data-start=\"728\" data-end=\"768\">Flexibel, strapazierf\u00e4hig und zuschneidbar<\/p>\n<\/li>\n<li class=\"\" data-start=\"769\" data-end=\"828\">\n<p class=\"\" data-start=\"771\" data-end=\"828\">Ideal f\u00fcr tiefere Verankerungen bei Bau- und Montagearbeiten<\/p>\n<\/li>\n<\/ul>\n","protected":false},"excerpt":{"rendered":"<p>Diese Verl\u00e4ngerung von Schroevendump ist speziell f\u00fcr die Verwendung mit Mischd\u00fcsen von 2-Komponenten-Systemen konzipiert. Sie verl\u00e4ngert die Standardd\u00fcse um 18,5 cm, so dass Sie problemlos an schwer zug\u00e4nglichen oder tiefen Stellen arbeiten k\u00f6nnen, wie z.B. hohle W\u00e4nde oder tiefe Bohrl\u00f6cher. Perfekt f\u00fcr die professionelle Verankerung oder Injektion von chemischen M\u00f6rteln und Klebstoffen. &nbsp; 18,5 cm [&hellip;]<\/p>\n","protected":false},"featured_media":27207,"comment_status":"open","ping_status":"closed","template":"","meta":[],"product_brand":[],"product_cat":[581],"product_tag":[],"class_list":{"0":"post-27206","1":"product","2":"type-product","3":"status-publish","4":"has-post-thumbnail","6":"product_cat-klebstoffe-und-dichtungsmittel","8":"first","9":"instock","10":"taxable","11":"shipping-taxable","12":"purchasable","13":"product-type-simple"},"supplier_id":null,"supplier_sku":"","barcode":null,"atum_controlled":true,"out_stock_date":null,"out_stock_threshold":null,"inheritable":false,"inbound_stock":0,"stock_on_hold":0,"sold_today":0,"sales_last_days":0,"reserved_stock":0,"customer_returns":0,"warehouse_damage":0,"lost_in_post":0,"other_logs":0,"out_stock_days":0,"lost_sales":0,"has_location":false,"update_date":"2026-04-29T01:07:12","atum_locations":[],"atum_stock_status":"instock","restock_status":false,"low_stock_amount":"","sales_update_date":"2026-04-29T01:07:12","calc_backorders":null,"acf":[],"yoast_head":"<!-- This site is optimized with the Yoast SEO plugin v26.6 - https:\/\/yoast.com\/wordpress\/plugins\/seo\/ -->\n<title>Screwdump Verl\u00e4ngerungsd\u00fcse chemischer Anker - 18.5 cm - Schroevendump<\/title>\n<meta name=\"robots\" content=\"index, follow, max-snippet:-1, max-image-preview:large, max-video-preview:-1\" \/>\n<link rel=\"canonical\" href=\"https:\/\/schroevendump.nl\/de\/produkt\/screwdump-verlaengerungsduese-chemischer-anker-18-5-cm\/\" \/>\n<meta property=\"og:locale\" content=\"de_DE\" \/>\n<meta property=\"og:type\" content=\"article\" \/>\n<meta property=\"og:title\" content=\"Screwdump Verl\u00e4ngerungsd\u00fcse chemischer Anker - 18.5 cm - Schroevendump\" \/>\n<meta property=\"og:description\" content=\"Diese Verl\u00e4ngerung von Schroevendump ist speziell f\u00fcr die Verwendung mit Mischd\u00fcsen von 2-Komponenten-Systemen konzipiert. Sie verl\u00e4ngert die Standardd\u00fcse um 18,5 cm, so dass Sie problemlos an schwer zug\u00e4nglichen oder tiefen Stellen arbeiten k\u00f6nnen, wie z.B. hohle W\u00e4nde oder tiefe Bohrl\u00f6cher. Perfekt f\u00fcr die professionelle Verankerung oder Injektion von chemischen M\u00f6rteln und Klebstoffen. &nbsp; 18,5 cm [&hellip;]\" \/>\n<meta property=\"og:url\" content=\"https:\/\/schroevendump.nl\/de\/produkt\/screwdump-verlaengerungsduese-chemischer-anker-18-5-cm\/\" \/>\n<meta property=\"og:site_name\" content=\"Schroevendump\" \/>\n<meta property=\"article:modified_time\" content=\"2025-12-10T11:35:50+00:00\" \/>\n<meta property=\"og:image\" content=\"https:\/\/schroevendump.nl\/wp-content\/uploads\/2025\/05\/foto1-verlengstuk_mengtop-removebg-preview.png\" \/>\n\t<meta property=\"og:image:width\" content=\"500\" \/>\n\t<meta property=\"og:image:height\" content=\"500\" \/>\n\t<meta property=\"og:image:type\" content=\"image\/png\" \/>\n<meta name=\"twitter:card\" content=\"summary_large_image\" \/>\n<meta name=\"twitter:label1\" content=\"Gesch\u00e4tzte Lesezeit\" \/>\n\t<meta name=\"twitter:data1\" content=\"1\u00a0Minute\" \/>\n<script type=\"application\/ld+json\" class=\"yoast-schema-graph\">{\"@context\":\"https:\/\/schema.org\",\"@graph\":[{\"@type\":\"WebPage\",\"@id\":\"https:\/\/schroevendump.nl\/de\/produkt\/screwdump-verlaengerungsduese-chemischer-anker-18-5-cm\/\",\"url\":\"https:\/\/schroevendump.nl\/de\/produkt\/screwdump-verlaengerungsduese-chemischer-anker-18-5-cm\/\",\"name\":\"Screwdump Verl\u00e4ngerungsd\u00fcse chemischer Anker - 18.5 cm - Schroevendump\",\"isPartOf\":{\"@id\":\"https:\/\/schroevendump.nl\/de\/#website\"},\"primaryImageOfPage\":{\"@id\":\"https:\/\/schroevendump.nl\/de\/produkt\/screwdump-verlaengerungsduese-chemischer-anker-18-5-cm\/#primaryimage\"},\"image\":{\"@id\":\"https:\/\/schroevendump.nl\/de\/produkt\/screwdump-verlaengerungsduese-chemischer-anker-18-5-cm\/#primaryimage\"},\"thumbnailUrl\":\"https:\/\/schroevendump.nl\/wp-content\/uploads\/2025\/05\/foto1-verlengstuk_mengtop-removebg-preview.png\",\"datePublished\":\"2025-05-07T18:32:07+00:00\",\"dateModified\":\"2025-12-10T11:35:50+00:00\",\"breadcrumb\":{\"@id\":\"https:\/\/schroevendump.nl\/de\/produkt\/screwdump-verlaengerungsduese-chemischer-anker-18-5-cm\/#breadcrumb\"},\"inLanguage\":\"de\",\"potentialAction\":[{\"@type\":\"ReadAction\",\"target\":[\"https:\/\/schroevendump.nl\/de\/produkt\/screwdump-verlaengerungsduese-chemischer-anker-18-5-cm\/\"]}]},{\"@type\":\"ImageObject\",\"inLanguage\":\"de\",\"@id\":\"https:\/\/schroevendump.nl\/de\/produkt\/screwdump-verlaengerungsduese-chemischer-anker-18-5-cm\/#primaryimage\",\"url\":\"https:\/\/schroevendump.nl\/wp-content\/uploads\/2025\/05\/foto1-verlengstuk_mengtop-removebg-preview.png\",\"contentUrl\":\"https:\/\/schroevendump.nl\/wp-content\/uploads\/2025\/05\/foto1-verlengstuk_mengtop-removebg-preview.png\",\"width\":500,\"height\":500},{\"@type\":\"BreadcrumbList\",\"@id\":\"https:\/\/schroevendump.nl\/de\/produkt\/screwdump-verlaengerungsduese-chemischer-anker-18-5-cm\/#breadcrumb\",\"itemListElement\":[{\"@type\":\"ListItem\",\"position\":1,\"name\":\"Startseite\",\"item\":\"https:\/\/schroevendump.nl\/de\/\"},{\"@type\":\"ListItem\",\"position\":2,\"name\":\"Shop\",\"item\":\"https:\/\/schroevendump.nl\/de\/shop\/\"},{\"@type\":\"ListItem\",\"position\":3,\"name\":\"Screwdump Verl\u00e4ngerungsd\u00fcse chemischer Anker &#8211; 18.5 cm\"}]},{\"@type\":\"WebSite\",\"@id\":\"https:\/\/schroevendump.nl\/de\/#website\",\"url\":\"https:\/\/schroevendump.nl\/de\/\",\"name\":\"Schroevendump\",\"description\":\"\",\"potentialAction\":[{\"@type\":\"SearchAction\",\"target\":{\"@type\":\"EntryPoint\",\"urlTemplate\":\"https:\/\/schroevendump.nl\/de\/?s={search_term_string}\"},\"query-input\":{\"@type\":\"PropertyValueSpecification\",\"valueRequired\":true,\"valueName\":\"search_term_string\"}}],\"inLanguage\":\"de\"}]}<\/script>\n<!-- \/ Yoast SEO plugin. -->","yoast_head_json":{"title":"Screwdump Verl\u00e4ngerungsd\u00fcse chemischer Anker - 18.5 cm - Schroevendump","robots":{"index":"index","follow":"follow","max-snippet":"max-snippet:-1","max-image-preview":"max-image-preview:large","max-video-preview":"max-video-preview:-1"},"canonical":"https:\/\/schroevendump.nl\/de\/produkt\/screwdump-verlaengerungsduese-chemischer-anker-18-5-cm\/","og_locale":"de_DE","og_type":"article","og_title":"Screwdump Verl\u00e4ngerungsd\u00fcse chemischer Anker - 18.5 cm - Schroevendump","og_description":"Diese Verl\u00e4ngerung von Schroevendump ist speziell f\u00fcr die Verwendung mit Mischd\u00fcsen von 2-Komponenten-Systemen konzipiert. Sie verl\u00e4ngert die Standardd\u00fcse um 18,5 cm, so dass Sie problemlos an schwer zug\u00e4nglichen oder tiefen Stellen arbeiten k\u00f6nnen, wie z.B. hohle W\u00e4nde oder tiefe Bohrl\u00f6cher. Perfekt f\u00fcr die professionelle Verankerung oder Injektion von chemischen M\u00f6rteln und Klebstoffen. &nbsp; 18,5 cm [&hellip;]","og_url":"https:\/\/schroevendump.nl\/de\/produkt\/screwdump-verlaengerungsduese-chemischer-anker-18-5-cm\/","og_site_name":"Schroevendump","article_modified_time":"2025-12-10T11:35:50+00:00","og_image":[{"width":500,"height":500,"url":"https:\/\/schroevendump.nl\/wp-content\/uploads\/2025\/05\/foto1-verlengstuk_mengtop-removebg-preview.png","type":"image\/png"}],"twitter_card":"summary_large_image","twitter_misc":{"Gesch\u00e4tzte Lesezeit":"1\u00a0Minute"},"schema":{"@context":"https:\/\/schema.org","@graph":[{"@type":"WebPage","@id":"https:\/\/schroevendump.nl\/de\/produkt\/screwdump-verlaengerungsduese-chemischer-anker-18-5-cm\/","url":"https:\/\/schroevendump.nl\/de\/produkt\/screwdump-verlaengerungsduese-chemischer-anker-18-5-cm\/","name":"Screwdump Verl\u00e4ngerungsd\u00fcse chemischer Anker - 18.5 cm - Schroevendump","isPartOf":{"@id":"https:\/\/schroevendump.nl\/de\/#website"},"primaryImageOfPage":{"@id":"https:\/\/schroevendump.nl\/de\/produkt\/screwdump-verlaengerungsduese-chemischer-anker-18-5-cm\/#primaryimage"},"image":{"@id":"https:\/\/schroevendump.nl\/de\/produkt\/screwdump-verlaengerungsduese-chemischer-anker-18-5-cm\/#primaryimage"},"thumbnailUrl":"https:\/\/schroevendump.nl\/wp-content\/uploads\/2025\/05\/foto1-verlengstuk_mengtop-removebg-preview.png","datePublished":"2025-05-07T18:32:07+00:00","dateModified":"2025-12-10T11:35:50+00:00","breadcrumb":{"@id":"https:\/\/schroevendump.nl\/de\/produkt\/screwdump-verlaengerungsduese-chemischer-anker-18-5-cm\/#breadcrumb"},"inLanguage":"de","potentialAction":[{"@type":"ReadAction","target":["https:\/\/schroevendump.nl\/de\/produkt\/screwdump-verlaengerungsduese-chemischer-anker-18-5-cm\/"]}]},{"@type":"ImageObject","inLanguage":"de","@id":"https:\/\/schroevendump.nl\/de\/produkt\/screwdump-verlaengerungsduese-chemischer-anker-18-5-cm\/#primaryimage","url":"https:\/\/schroevendump.nl\/wp-content\/uploads\/2025\/05\/foto1-verlengstuk_mengtop-removebg-preview.png","contentUrl":"https:\/\/schroevendump.nl\/wp-content\/uploads\/2025\/05\/foto1-verlengstuk_mengtop-removebg-preview.png","width":500,"height":500},{"@type":"BreadcrumbList","@id":"https:\/\/schroevendump.nl\/de\/produkt\/screwdump-verlaengerungsduese-chemischer-anker-18-5-cm\/#breadcrumb","itemListElement":[{"@type":"ListItem","position":1,"name":"Startseite","item":"https:\/\/schroevendump.nl\/de\/"},{"@type":"ListItem","position":2,"name":"Shop","item":"https:\/\/schroevendump.nl\/de\/shop\/"},{"@type":"ListItem","position":3,"name":"Screwdump Verl\u00e4ngerungsd\u00fcse chemischer Anker &#8211; 18.5 cm"}]},{"@type":"WebSite","@id":"https:\/\/schroevendump.nl\/de\/#website","url":"https:\/\/schroevendump.nl\/de\/","name":"Schroevendump","description":"","potentialAction":[{"@type":"SearchAction","target":{"@type":"EntryPoint","urlTemplate":"https:\/\/schroevendump.nl\/de\/?s={search_term_string}"},"query-input":{"@type":"PropertyValueSpecification","valueRequired":true,"valueName":"search_term_string"}}],"inLanguage":"de"}]}},"_links":{"self":[{"href":"https:\/\/schroevendump.nl\/de\/wp-json\/wp\/v2\/product\/27206","targetHints":{"allow":["GET"]}}],"collection":[{"href":"https:\/\/schroevendump.nl\/de\/wp-json\/wp\/v2\/product"}],"about":[{"href":"https:\/\/schroevendump.nl\/de\/wp-json\/wp\/v2\/types\/product"}],"replies":[{"embeddable":true,"href":"https:\/\/schroevendump.nl\/de\/wp-json\/wp\/v2\/comments?post=27206"}],"wp:featuredmedia":[{"embeddable":true,"href":"https:\/\/schroevendump.nl\/de\/wp-json\/wp\/v2\/media\/27207"}],"wp:attachment":[{"href":"https:\/\/schroevendump.nl\/de\/wp-json\/wp\/v2\/media?parent=27206"}],"wp:term":[{"taxonomy":"product_brand","embeddable":true,"href":"https:\/\/schroevendump.nl\/de\/wp-json\/wp\/v2\/product_brand?post=27206"},{"taxonomy":"product_cat","embeddable":true,"href":"https:\/\/schroevendump.nl\/de\/wp-json\/wp\/v2\/product_cat?post=27206"},{"taxonomy":"product_tag","embeddable":true,"href":"https:\/\/schroevendump.nl\/de\/wp-json\/wp\/v2\/product_tag?post=27206"}],"curies":[{"name":"wp","href":"https:\/\/api.w.org\/{rel}","templated":true}]}}