{"id":27227,"date":"2025-04-09T19:23:08","date_gmt":"2025-04-09T19:23:08","guid":{"rendered":"https:\/\/schroevendump.nl\/product\/ffp3-feinstaubmaske\/"},"modified":"2025-12-10T11:32:54","modified_gmt":"2025-12-10T11:32:54","slug":"ffp3-feinstaubmaske","status":"publish","type":"product","link":"https:\/\/schroevendump.nl\/de\/produkt\/ffp3-feinstaubmaske\/","title":{"rendered":"FFP3 Feinstaubmaske"},"content":{"rendered":"<p>FFP3 Staubmaske<\/p>\n<ul>\n<li>Leichtes Atmen f\u00fcr mehr Komfort<\/li>\n<li>Mit Ausatemventil<\/li>\n<li>Verstellbare Stirnb\u00e4nder<\/li>\n<li>verstellbare Nasenklemme<\/li>\n<li>  Nasensteg aus weichem Schaumstoff f\u00fcr einen bequemen Sitz<\/li>\n<li>Jede Maske einzeln in einer Plastikt\u00fcte verpackt<\/li>\n<li>Einmalige Verwendung<\/li>\n<li>besonders geeignet f\u00fcr Asbestfasern!<\/li>\n<\/ul>\n<p>&nbsp;<\/p>\n<p>Anwendung: Sch\u00fctzt vor ungiftigen, festen und fl\u00fcssigen Aerosolen in Konzentrationen bis zum 50-fachen des MAC-Wertes. Wie zum Beispiel: Silizium-, Eisen- und Zinkd\u00e4mpfe, Chrom- und Schwefeld\u00e4mpfe und \u00d6l. <\/p>\n","protected":false},"excerpt":{"rendered":"<p>FFP3 Staubmaske Leichtes Atmen f\u00fcr mehr Komfort Mit Ausatemventil Verstellbare Stirnb\u00e4nder verstellbare Nasenklemme Nasensteg aus weichem Schaumstoff f\u00fcr einen bequemen Sitz Jede Maske einzeln in einer Plastikt\u00fcte verpackt Einmalige Verwendung besonders geeignet f\u00fcr Asbestfasern! &nbsp; Anwendung: Sch\u00fctzt vor ungiftigen, festen und fl\u00fcssigen Aerosolen in Konzentrationen bis zum 50-fachen des MAC-Wertes. Wie zum Beispiel: Silizium-, Eisen- [&hellip;]<\/p>\n","protected":false},"featured_media":27229,"comment_status":"open","ping_status":"closed","template":"","meta":[],"product_brand":[],"product_cat":[589],"product_tag":[],"class_list":{"0":"post-27227","1":"product","2":"type-product","3":"status-publish","4":"has-post-thumbnail","6":"product_cat-handwerkzeuge","8":"first","9":"outofstock","10":"taxable","11":"shipping-taxable","12":"purchasable","13":"product-type-simple"},"supplier_id":null,"supplier_sku":"","barcode":null,"atum_controlled":true,"out_stock_date":"2026-02-26 12:23:03","out_stock_threshold":null,"inheritable":false,"inbound_stock":0,"stock_on_hold":0,"sold_today":0,"sales_last_days":0,"reserved_stock":0,"customer_returns":0,"warehouse_damage":0,"lost_in_post":0,"other_logs":0,"out_stock_days":57,"lost_sales":0,"has_location":false,"update_date":"2026-04-25T01:04:17","atum_locations":[],"atum_stock_status":"outofstock","restock_status":false,"low_stock_amount":"","sales_update_date":"2026-04-25T01:04:17","calc_backorders":null,"acf":[],"yoast_head":"<!-- This site is optimized with the Yoast SEO plugin v26.6 - https:\/\/yoast.com\/wordpress\/plugins\/seo\/ -->\n<title>FFP3 Feinstaubmaske - Schroevendump<\/title>\n<meta name=\"robots\" content=\"index, follow, max-snippet:-1, max-image-preview:large, max-video-preview:-1\" \/>\n<link rel=\"canonical\" href=\"https:\/\/schroevendump.nl\/de\/produkt\/ffp3-feinstaubmaske\/\" \/>\n<meta property=\"og:locale\" content=\"de_DE\" \/>\n<meta property=\"og:type\" content=\"article\" \/>\n<meta property=\"og:title\" content=\"FFP3 Feinstaubmaske - Schroevendump\" \/>\n<meta property=\"og:description\" content=\"FFP3 Staubmaske Leichtes Atmen f\u00fcr mehr Komfort Mit Ausatemventil Verstellbare Stirnb\u00e4nder verstellbare Nasenklemme Nasensteg aus weichem Schaumstoff f\u00fcr einen bequemen Sitz Jede Maske einzeln in einer Plastikt\u00fcte verpackt Einmalige Verwendung besonders geeignet f\u00fcr Asbestfasern! &nbsp; Anwendung: Sch\u00fctzt vor ungiftigen, festen und fl\u00fcssigen Aerosolen in Konzentrationen bis zum 50-fachen des MAC-Wertes. Wie zum Beispiel: Silizium-, Eisen- [&hellip;]\" \/>\n<meta property=\"og:url\" content=\"https:\/\/schroevendump.nl\/de\/produkt\/ffp3-feinstaubmaske\/\" \/>\n<meta property=\"og:site_name\" content=\"Schroevendump\" \/>\n<meta property=\"article:modified_time\" content=\"2025-12-10T11:32:54+00:00\" \/>\n<meta property=\"og:image\" content=\"https:\/\/schroevendump.nl\/wp-content\/uploads\/2025\/04\/stofmasker_fijnstof_FFP2-removebg-preview.png\" \/>\n\t<meta property=\"og:image:width\" content=\"488\" \/>\n\t<meta property=\"og:image:height\" content=\"512\" \/>\n\t<meta property=\"og:image:type\" content=\"image\/png\" \/>\n<meta name=\"twitter:card\" content=\"summary_large_image\" \/>\n<script type=\"application\/ld+json\" class=\"yoast-schema-graph\">{\"@context\":\"https:\/\/schema.org\",\"@graph\":[{\"@type\":\"WebPage\",\"@id\":\"https:\/\/schroevendump.nl\/de\/produkt\/ffp3-feinstaubmaske\/\",\"url\":\"https:\/\/schroevendump.nl\/de\/produkt\/ffp3-feinstaubmaske\/\",\"name\":\"FFP3 Feinstaubmaske - Schroevendump\",\"isPartOf\":{\"@id\":\"https:\/\/schroevendump.nl\/de\/#website\"},\"primaryImageOfPage\":{\"@id\":\"https:\/\/schroevendump.nl\/de\/produkt\/ffp3-feinstaubmaske\/#primaryimage\"},\"image\":{\"@id\":\"https:\/\/schroevendump.nl\/de\/produkt\/ffp3-feinstaubmaske\/#primaryimage\"},\"thumbnailUrl\":\"https:\/\/schroevendump.nl\/wp-content\/uploads\/2025\/04\/stofmasker_fijnstof_FFP2-removebg-preview.png\",\"datePublished\":\"2025-04-09T19:23:08+00:00\",\"dateModified\":\"2025-12-10T11:32:54+00:00\",\"breadcrumb\":{\"@id\":\"https:\/\/schroevendump.nl\/de\/produkt\/ffp3-feinstaubmaske\/#breadcrumb\"},\"inLanguage\":\"de\",\"potentialAction\":[{\"@type\":\"ReadAction\",\"target\":[\"https:\/\/schroevendump.nl\/de\/produkt\/ffp3-feinstaubmaske\/\"]}]},{\"@type\":\"ImageObject\",\"inLanguage\":\"de\",\"@id\":\"https:\/\/schroevendump.nl\/de\/produkt\/ffp3-feinstaubmaske\/#primaryimage\",\"url\":\"https:\/\/schroevendump.nl\/wp-content\/uploads\/2025\/04\/stofmasker_fijnstof_FFP2-removebg-preview.png\",\"contentUrl\":\"https:\/\/schroevendump.nl\/wp-content\/uploads\/2025\/04\/stofmasker_fijnstof_FFP2-removebg-preview.png\",\"width\":488,\"height\":512},{\"@type\":\"BreadcrumbList\",\"@id\":\"https:\/\/schroevendump.nl\/de\/produkt\/ffp3-feinstaubmaske\/#breadcrumb\",\"itemListElement\":[{\"@type\":\"ListItem\",\"position\":1,\"name\":\"Startseite\",\"item\":\"https:\/\/schroevendump.nl\/de\/\"},{\"@type\":\"ListItem\",\"position\":2,\"name\":\"Shop\",\"item\":\"https:\/\/schroevendump.nl\/de\/shop\/\"},{\"@type\":\"ListItem\",\"position\":3,\"name\":\"FFP3 Feinstaubmaske\"}]},{\"@type\":\"WebSite\",\"@id\":\"https:\/\/schroevendump.nl\/de\/#website\",\"url\":\"https:\/\/schroevendump.nl\/de\/\",\"name\":\"Schroevendump\",\"description\":\"\",\"potentialAction\":[{\"@type\":\"SearchAction\",\"target\":{\"@type\":\"EntryPoint\",\"urlTemplate\":\"https:\/\/schroevendump.nl\/de\/?s={search_term_string}\"},\"query-input\":{\"@type\":\"PropertyValueSpecification\",\"valueRequired\":true,\"valueName\":\"search_term_string\"}}],\"inLanguage\":\"de\"}]}<\/script>\n<!-- \/ Yoast SEO plugin. -->","yoast_head_json":{"title":"FFP3 Feinstaubmaske - Schroevendump","robots":{"index":"index","follow":"follow","max-snippet":"max-snippet:-1","max-image-preview":"max-image-preview:large","max-video-preview":"max-video-preview:-1"},"canonical":"https:\/\/schroevendump.nl\/de\/produkt\/ffp3-feinstaubmaske\/","og_locale":"de_DE","og_type":"article","og_title":"FFP3 Feinstaubmaske - Schroevendump","og_description":"FFP3 Staubmaske Leichtes Atmen f\u00fcr mehr Komfort Mit Ausatemventil Verstellbare Stirnb\u00e4nder verstellbare Nasenklemme Nasensteg aus weichem Schaumstoff f\u00fcr einen bequemen Sitz Jede Maske einzeln in einer Plastikt\u00fcte verpackt Einmalige Verwendung besonders geeignet f\u00fcr Asbestfasern! &nbsp; Anwendung: Sch\u00fctzt vor ungiftigen, festen und fl\u00fcssigen Aerosolen in Konzentrationen bis zum 50-fachen des MAC-Wertes. Wie zum Beispiel: Silizium-, Eisen- [&hellip;]","og_url":"https:\/\/schroevendump.nl\/de\/produkt\/ffp3-feinstaubmaske\/","og_site_name":"Schroevendump","article_modified_time":"2025-12-10T11:32:54+00:00","og_image":[{"width":488,"height":512,"url":"https:\/\/schroevendump.nl\/wp-content\/uploads\/2025\/04\/stofmasker_fijnstof_FFP2-removebg-preview.png","type":"image\/png"}],"twitter_card":"summary_large_image","schema":{"@context":"https:\/\/schema.org","@graph":[{"@type":"WebPage","@id":"https:\/\/schroevendump.nl\/de\/produkt\/ffp3-feinstaubmaske\/","url":"https:\/\/schroevendump.nl\/de\/produkt\/ffp3-feinstaubmaske\/","name":"FFP3 Feinstaubmaske - Schroevendump","isPartOf":{"@id":"https:\/\/schroevendump.nl\/de\/#website"},"primaryImageOfPage":{"@id":"https:\/\/schroevendump.nl\/de\/produkt\/ffp3-feinstaubmaske\/#primaryimage"},"image":{"@id":"https:\/\/schroevendump.nl\/de\/produkt\/ffp3-feinstaubmaske\/#primaryimage"},"thumbnailUrl":"https:\/\/schroevendump.nl\/wp-content\/uploads\/2025\/04\/stofmasker_fijnstof_FFP2-removebg-preview.png","datePublished":"2025-04-09T19:23:08+00:00","dateModified":"2025-12-10T11:32:54+00:00","breadcrumb":{"@id":"https:\/\/schroevendump.nl\/de\/produkt\/ffp3-feinstaubmaske\/#breadcrumb"},"inLanguage":"de","potentialAction":[{"@type":"ReadAction","target":["https:\/\/schroevendump.nl\/de\/produkt\/ffp3-feinstaubmaske\/"]}]},{"@type":"ImageObject","inLanguage":"de","@id":"https:\/\/schroevendump.nl\/de\/produkt\/ffp3-feinstaubmaske\/#primaryimage","url":"https:\/\/schroevendump.nl\/wp-content\/uploads\/2025\/04\/stofmasker_fijnstof_FFP2-removebg-preview.png","contentUrl":"https:\/\/schroevendump.nl\/wp-content\/uploads\/2025\/04\/stofmasker_fijnstof_FFP2-removebg-preview.png","width":488,"height":512},{"@type":"BreadcrumbList","@id":"https:\/\/schroevendump.nl\/de\/produkt\/ffp3-feinstaubmaske\/#breadcrumb","itemListElement":[{"@type":"ListItem","position":1,"name":"Startseite","item":"https:\/\/schroevendump.nl\/de\/"},{"@type":"ListItem","position":2,"name":"Shop","item":"https:\/\/schroevendump.nl\/de\/shop\/"},{"@type":"ListItem","position":3,"name":"FFP3 Feinstaubmaske"}]},{"@type":"WebSite","@id":"https:\/\/schroevendump.nl\/de\/#website","url":"https:\/\/schroevendump.nl\/de\/","name":"Schroevendump","description":"","potentialAction":[{"@type":"SearchAction","target":{"@type":"EntryPoint","urlTemplate":"https:\/\/schroevendump.nl\/de\/?s={search_term_string}"},"query-input":{"@type":"PropertyValueSpecification","valueRequired":true,"valueName":"search_term_string"}}],"inLanguage":"de"}]}},"_links":{"self":[{"href":"https:\/\/schroevendump.nl\/de\/wp-json\/wp\/v2\/product\/27227","targetHints":{"allow":["GET"]}}],"collection":[{"href":"https:\/\/schroevendump.nl\/de\/wp-json\/wp\/v2\/product"}],"about":[{"href":"https:\/\/schroevendump.nl\/de\/wp-json\/wp\/v2\/types\/product"}],"replies":[{"embeddable":true,"href":"https:\/\/schroevendump.nl\/de\/wp-json\/wp\/v2\/comments?post=27227"}],"wp:featuredmedia":[{"embeddable":true,"href":"https:\/\/schroevendump.nl\/de\/wp-json\/wp\/v2\/media\/27229"}],"wp:attachment":[{"href":"https:\/\/schroevendump.nl\/de\/wp-json\/wp\/v2\/media?parent=27227"}],"wp:term":[{"taxonomy":"product_brand","embeddable":true,"href":"https:\/\/schroevendump.nl\/de\/wp-json\/wp\/v2\/product_brand?post=27227"},{"taxonomy":"product_cat","embeddable":true,"href":"https:\/\/schroevendump.nl\/de\/wp-json\/wp\/v2\/product_cat?post=27227"},{"taxonomy":"product_tag","embeddable":true,"href":"https:\/\/schroevendump.nl\/de\/wp-json\/wp\/v2\/product_tag?post=27227"}],"curies":[{"name":"wp","href":"https:\/\/api.w.org\/{rel}","templated":true}]}}