{"id":27247,"date":"2025-03-19T20:29:24","date_gmt":"2025-03-19T20:29:24","guid":{"rendered":"https:\/\/schroevendump.nl\/product\/griffon-wood-max-express-power-380g-schnelltrocknender-holzbauklebstoff-d4-wasserbestaendig\/"},"modified":"2025-12-10T11:32:57","modified_gmt":"2025-12-10T11:32:57","slug":"griffon-wood-max-express-power-380g-schnelltrocknender-holzbauklebstoff-d4-wasserbestaendig","status":"publish","type":"product","link":"https:\/\/schroevendump.nl\/de\/produkt\/griffon-wood-max-express-power-380g-schnelltrocknender-holzbauklebstoff-d4-wasserbestaendig\/","title":{"rendered":"Griffon Wood Max Express Power 380g &#8211; Schnelltrocknender Holzbauklebstoff &#8211; D4 Wasserbest\u00e4ndig"},"content":{"rendered":"<h3 class=\"\" data-start=\"635\" data-end=\"670\">\ud83d\udd39 <strong data-start=\"642\" data-end=\"670\">Hauptmerkmale:<\/strong><\/h3>\n<ul data-start=\"672\" data-end=\"1255\">\n<li class=\"\" data-start=\"672\" data-end=\"732\">\n<p class=\"\" data-start=\"674\" data-end=\"732\">\u2705 <strong data-start=\"676\" data-end=\"691\">Schnell trocknend<\/strong>: <span class=\"relative -mx-px my-[-0.2rem] rounded px-px py-[0.2rem] transition-colors duration-100 ease-in-out\">Handfest nach 30 Minuten<\/span><\/p>\n<\/li>\n<li class=\"\" data-start=\"733\" data-end=\"798\">\n<p class=\"\" data-start=\"735\" data-end=\"798\">\u2705 <strong data-start=\"737\" data-end=\"757\">Hohe Endfestigkeit<\/strong>: <span class=\"relative -mx-px my-[-0.2rem] rounded px-px py-[0.2rem] transition-colors duration-100 ease-in-out\">110 kg\/cm\u00b2<\/span><\/p>\n<\/li>\n<li class=\"\" data-start=\"799\" data-end=\"862\">\n<p class=\"\" data-start=\"801\" data-end=\"862\">\u2705 <strong data-start=\"803\" data-end=\"821\">Wasserfest<\/strong>: <span class=\"relative -mx-px my-[-0.2rem] rounded px-px py-[0.2rem] transition-colors duration-100 ease-in-out\">Klassifizierung D4 nach EN 204<\/span><\/p>\n<\/li>\n<li class=\"\" data-start=\"863\" data-end=\"928\">\n<p class=\"\" data-start=\"865\" data-end=\"928\">\u2705 <strong data-start=\"867\" data-end=\"887\">F\u00fcllmenge<\/strong>: <span class=\"relative -mx-px my-[-0.2rem] rounded px-px py-[0.2rem] transition-colors duration-100 ease-in-out\">Bis zu 4 mm<\/span><\/p>\n<\/li>\n<li class=\"\" data-start=\"929\" data-end=\"1006\">\n<p class=\"\" data-start=\"931\" data-end=\"1006\">\u2705 <strong data-start=\"933\" data-end=\"965\">Flexibel und \u00fcberstreichbar<\/strong>: <span class=\"relative -mx-px my-[-0.2rem] rounded px-px py-[0.2rem] transition-colors duration-100 ease-in-out\">Dauerhaft elastisch und \u00fcberstreichbar<\/span><\/p>\n<\/li>\n<li class=\"\" data-start=\"1007\" data-end=\"1077\">\n<p class=\"\" data-start=\"1009\" data-end=\"1077\">\u2705 <strong data-start=\"1011\" data-end=\"1036\">Wetter- und UV-best\u00e4ndig<\/strong>: <span class=\"relative -mx-px my-[-0.2rem] rounded px-px py-[0.2rem] transition-colors duration-100 ease-in-out\">F\u00fcr den Au\u00dfeneinsatz geeignet<\/span><\/p>\n<\/li>\n<li class=\"\" data-start=\"1078\" data-end=\"1137\">\n<p class=\"\" data-start=\"1080\" data-end=\"1137\"><strong data-start=\"1082\" data-end=\"1096\">Thixotrop<\/strong>: <span class=\"relative -mx-px my-[-0.2rem] rounded px-px py-[0.2rem] transition-colors duration-100 ease-in-out\">Tropft bei vertikaler Anwendung nicht ab<\/span><\/p>\n<\/li>\n<li class=\"\" data-start=\"1138\" data-end=\"1255\">\n<p class=\"\" data-start=\"1140\" data-end=\"1255\">\u2705 <strong data-start=\"1142\" data-end=\"1168\">PU und l\u00f6sungsmittelfrei<\/strong>: <span class=\"relative -mx-px my-[-0.2rem] rounded px-px py-[0.2rem] transition-colors duration-100 ease-in-out\">sicher und umweltfreundlich<\/span><\/p>\n<\/li>\n<\/ul>\n<p class=\"\" data-start=\"1257\" data-end=\"1342\"><span class=\"relative -mx-px my-[-0.2rem] rounded px-px py-[0.2rem] transition-colors duration-100 ease-in-out\">Griffon Wood Max Express Power 380g ist die ideale Wahl f\u00fcr den professionellen Holzbau, Tischlerarbeiten und andere Anwendungen, bei denen eine starke, schnelle und dauerhafte Verklebung erforderlich ist.<\/span><\/p>\n<p><span class=\"relative -mx-px my-[-0.2rem] rounded px-px py-[0.2rem] transition-colors duration-100 ease-in-out\">Griffon Wood Max Express Power 380g ist ein hochwertiger Holzbauklebstoff auf Basis von SMP-Polymer, der speziell f\u00fcr schnelle und starke Verklebungen entwickelt wurde.<\/span> <span class=\"relative -mx-px my-[-0.2rem] rounded px-px py-[0.2rem] transition-colors duration-100 ease-in-out\">Mit einer Handfestigkeit innerhalb von 30 Minuten und einer Endfestigkeit von 110 kg\/cm\u00b2 ist dieser Klebstoff ideal f\u00fcr Anwendungen im Innen- und Au\u00dfenbereich.<\/span> <span class=\"relative -mx-px my-[-0.2rem] rounded px-px py-[0.2rem] transition-colors duration-100 ease-in-out\">Der Klebstoff ist wasserbest\u00e4ndig nach D4-Standard (EN 204) und eignet sich daher f\u00fcr Anwendungen, bei denen er \u00fcber l\u00e4ngere Zeit Feuchtigkeit ausgesetzt ist.<\/span><\/p>\n<p><span class=\"relative -mx-px my-[-0.2rem] rounded px-px py-[0.2rem] transition-colors duration-100 ease-in-out\">Mit einer hervorragenden F\u00fcllkraft von bis zu 4 mm und dauerhafter Flexibilit\u00e4t ist der Kleber perfekt f\u00fcr weniger passgenaue Fugen, wie z.B. bei ungehobeltem Holz.<\/span> <span class=\"relative -mx-px my-[-0.2rem] rounded px-px py-[0.2rem] transition-colors duration-100 ease-in-out\">Der Klebstoff ist PU- und l\u00f6sungsmittelfrei, lackierbar, UV- und witterungsbest\u00e4ndig und tropft dank seiner thixotropen Zusammensetzung nicht.<\/span><\/p>\n","protected":false},"excerpt":{"rendered":"<p>\ud83d\udd39 Hauptmerkmale: \u2705 Schnell trocknend: Handfest nach 30 Minuten \u2705 Hohe Endfestigkeit: 110 kg\/cm\u00b2 \u2705 Wasserfest: Klassifizierung D4 nach EN 204 \u2705 F\u00fcllmenge: Bis zu 4 mm \u2705 Flexibel und \u00fcberstreichbar: Dauerhaft elastisch und \u00fcberstreichbar \u2705 Wetter- und UV-best\u00e4ndig: F\u00fcr den Au\u00dfeneinsatz geeignet Thixotrop: Tropft bei vertikaler Anwendung nicht ab \u2705 PU und l\u00f6sungsmittelfrei: sicher [&hellip;]<\/p>\n","protected":false},"featured_media":27249,"comment_status":"open","ping_status":"closed","template":"","meta":[],"product_brand":[],"product_cat":[581],"product_tag":[],"class_list":{"0":"post-27247","1":"product","2":"type-product","3":"status-publish","4":"has-post-thumbnail","6":"product_cat-klebstoffe-und-dichtungsmittel","8":"first","9":"outofstock","10":"taxable","11":"shipping-taxable","12":"purchasable","13":"product-type-simple"},"supplier_id":null,"supplier_sku":"","barcode":null,"atum_controlled":true,"out_stock_date":null,"out_stock_threshold":null,"inheritable":false,"inbound_stock":0,"stock_on_hold":0,"sold_today":0,"sales_last_days":0,"reserved_stock":0,"customer_returns":0,"warehouse_damage":0,"lost_in_post":0,"other_logs":0,"out_stock_days":0,"lost_sales":0,"has_location":false,"update_date":"2026-04-25T01:04:11","atum_locations":[],"atum_stock_status":"outofstock","restock_status":false,"low_stock_amount":"","sales_update_date":"2026-04-25T01:04:10","calc_backorders":null,"acf":[],"yoast_head":"<!-- This site is optimized with the Yoast SEO plugin v26.6 - https:\/\/yoast.com\/wordpress\/plugins\/seo\/ -->\n<title>Griffon Wood Max Express Power 380g - Schnelltrocknender Holzbauklebstoff - D4 Wasserbest\u00e4ndig - Schroevendump<\/title>\n<meta name=\"robots\" content=\"index, follow, max-snippet:-1, max-image-preview:large, max-video-preview:-1\" \/>\n<link rel=\"canonical\" href=\"https:\/\/schroevendump.nl\/de\/produkt\/griffon-wood-max-express-power-380g-schnelltrocknender-holzbauklebstoff-d4-wasserbestaendig\/\" \/>\n<meta property=\"og:locale\" content=\"de_DE\" \/>\n<meta property=\"og:type\" content=\"article\" \/>\n<meta property=\"og:title\" content=\"Griffon Wood Max Express Power 380g - Schnelltrocknender Holzbauklebstoff - D4 Wasserbest\u00e4ndig - Schroevendump\" \/>\n<meta property=\"og:description\" content=\"\ud83d\udd39 Hauptmerkmale: \u2705 Schnell trocknend: Handfest nach 30 Minuten \u2705 Hohe Endfestigkeit: 110 kg\/cm\u00b2 \u2705 Wasserfest: Klassifizierung D4 nach EN 204 \u2705 F\u00fcllmenge: Bis zu 4 mm \u2705 Flexibel und \u00fcberstreichbar: Dauerhaft elastisch und \u00fcberstreichbar \u2705 Wetter- und UV-best\u00e4ndig: F\u00fcr den Au\u00dfeneinsatz geeignet Thixotrop: Tropft bei vertikaler Anwendung nicht ab \u2705 PU und l\u00f6sungsmittelfrei: sicher [&hellip;]\" \/>\n<meta property=\"og:url\" content=\"https:\/\/schroevendump.nl\/de\/produkt\/griffon-wood-max-express-power-380g-schnelltrocknender-holzbauklebstoff-d4-wasserbestaendig\/\" \/>\n<meta property=\"og:site_name\" content=\"Schroevendump\" \/>\n<meta property=\"article:modified_time\" content=\"2025-12-10T11:32:57+00:00\" \/>\n<meta property=\"og:image\" content=\"https:\/\/schroevendump.nl\/wp-content\/uploads\/2025\/03\/image-removebg-preview.png\" \/>\n\t<meta property=\"og:image:width\" content=\"500\" \/>\n\t<meta property=\"og:image:height\" content=\"500\" \/>\n\t<meta property=\"og:image:type\" content=\"image\/png\" \/>\n<meta name=\"twitter:card\" content=\"summary_large_image\" \/>\n<meta name=\"twitter:label1\" content=\"Gesch\u00e4tzte Lesezeit\" \/>\n\t<meta name=\"twitter:data1\" content=\"1\u00a0Minute\" \/>\n<script type=\"application\/ld+json\" class=\"yoast-schema-graph\">{\"@context\":\"https:\/\/schema.org\",\"@graph\":[{\"@type\":\"WebPage\",\"@id\":\"https:\/\/schroevendump.nl\/de\/produkt\/griffon-wood-max-express-power-380g-schnelltrocknender-holzbauklebstoff-d4-wasserbestaendig\/\",\"url\":\"https:\/\/schroevendump.nl\/de\/produkt\/griffon-wood-max-express-power-380g-schnelltrocknender-holzbauklebstoff-d4-wasserbestaendig\/\",\"name\":\"Griffon Wood Max Express Power 380g - Schnelltrocknender Holzbauklebstoff - D4 Wasserbest\u00e4ndig - Schroevendump\",\"isPartOf\":{\"@id\":\"https:\/\/schroevendump.nl\/de\/#website\"},\"primaryImageOfPage\":{\"@id\":\"https:\/\/schroevendump.nl\/de\/produkt\/griffon-wood-max-express-power-380g-schnelltrocknender-holzbauklebstoff-d4-wasserbestaendig\/#primaryimage\"},\"image\":{\"@id\":\"https:\/\/schroevendump.nl\/de\/produkt\/griffon-wood-max-express-power-380g-schnelltrocknender-holzbauklebstoff-d4-wasserbestaendig\/#primaryimage\"},\"thumbnailUrl\":\"https:\/\/schroevendump.nl\/wp-content\/uploads\/2025\/03\/image-removebg-preview.png\",\"datePublished\":\"2025-03-19T20:29:24+00:00\",\"dateModified\":\"2025-12-10T11:32:57+00:00\",\"breadcrumb\":{\"@id\":\"https:\/\/schroevendump.nl\/de\/produkt\/griffon-wood-max-express-power-380g-schnelltrocknender-holzbauklebstoff-d4-wasserbestaendig\/#breadcrumb\"},\"inLanguage\":\"de\",\"potentialAction\":[{\"@type\":\"ReadAction\",\"target\":[\"https:\/\/schroevendump.nl\/de\/produkt\/griffon-wood-max-express-power-380g-schnelltrocknender-holzbauklebstoff-d4-wasserbestaendig\/\"]}]},{\"@type\":\"ImageObject\",\"inLanguage\":\"de\",\"@id\":\"https:\/\/schroevendump.nl\/de\/produkt\/griffon-wood-max-express-power-380g-schnelltrocknender-holzbauklebstoff-d4-wasserbestaendig\/#primaryimage\",\"url\":\"https:\/\/schroevendump.nl\/wp-content\/uploads\/2025\/03\/image-removebg-preview.png\",\"contentUrl\":\"https:\/\/schroevendump.nl\/wp-content\/uploads\/2025\/03\/image-removebg-preview.png\",\"width\":500,\"height\":500},{\"@type\":\"BreadcrumbList\",\"@id\":\"https:\/\/schroevendump.nl\/de\/produkt\/griffon-wood-max-express-power-380g-schnelltrocknender-holzbauklebstoff-d4-wasserbestaendig\/#breadcrumb\",\"itemListElement\":[{\"@type\":\"ListItem\",\"position\":1,\"name\":\"Startseite\",\"item\":\"https:\/\/schroevendump.nl\/de\/\"},{\"@type\":\"ListItem\",\"position\":2,\"name\":\"Shop\",\"item\":\"https:\/\/schroevendump.nl\/de\/shop\/\"},{\"@type\":\"ListItem\",\"position\":3,\"name\":\"Griffon Wood Max Express Power 380g &#8211; Schnelltrocknender Holzbauklebstoff &#8211; D4 Wasserbest\u00e4ndig\"}]},{\"@type\":\"WebSite\",\"@id\":\"https:\/\/schroevendump.nl\/de\/#website\",\"url\":\"https:\/\/schroevendump.nl\/de\/\",\"name\":\"Schroevendump\",\"description\":\"\",\"potentialAction\":[{\"@type\":\"SearchAction\",\"target\":{\"@type\":\"EntryPoint\",\"urlTemplate\":\"https:\/\/schroevendump.nl\/de\/?s={search_term_string}\"},\"query-input\":{\"@type\":\"PropertyValueSpecification\",\"valueRequired\":true,\"valueName\":\"search_term_string\"}}],\"inLanguage\":\"de\"}]}<\/script>\n<!-- \/ Yoast SEO plugin. -->","yoast_head_json":{"title":"Griffon Wood Max Express Power 380g - Schnelltrocknender Holzbauklebstoff - D4 Wasserbest\u00e4ndig - Schroevendump","robots":{"index":"index","follow":"follow","max-snippet":"max-snippet:-1","max-image-preview":"max-image-preview:large","max-video-preview":"max-video-preview:-1"},"canonical":"https:\/\/schroevendump.nl\/de\/produkt\/griffon-wood-max-express-power-380g-schnelltrocknender-holzbauklebstoff-d4-wasserbestaendig\/","og_locale":"de_DE","og_type":"article","og_title":"Griffon Wood Max Express Power 380g - Schnelltrocknender Holzbauklebstoff - D4 Wasserbest\u00e4ndig - Schroevendump","og_description":"\ud83d\udd39 Hauptmerkmale: \u2705 Schnell trocknend: Handfest nach 30 Minuten \u2705 Hohe Endfestigkeit: 110 kg\/cm\u00b2 \u2705 Wasserfest: Klassifizierung D4 nach EN 204 \u2705 F\u00fcllmenge: Bis zu 4 mm \u2705 Flexibel und \u00fcberstreichbar: Dauerhaft elastisch und \u00fcberstreichbar \u2705 Wetter- und UV-best\u00e4ndig: F\u00fcr den Au\u00dfeneinsatz geeignet Thixotrop: Tropft bei vertikaler Anwendung nicht ab \u2705 PU und l\u00f6sungsmittelfrei: sicher [&hellip;]","og_url":"https:\/\/schroevendump.nl\/de\/produkt\/griffon-wood-max-express-power-380g-schnelltrocknender-holzbauklebstoff-d4-wasserbestaendig\/","og_site_name":"Schroevendump","article_modified_time":"2025-12-10T11:32:57+00:00","og_image":[{"width":500,"height":500,"url":"https:\/\/schroevendump.nl\/wp-content\/uploads\/2025\/03\/image-removebg-preview.png","type":"image\/png"}],"twitter_card":"summary_large_image","twitter_misc":{"Gesch\u00e4tzte Lesezeit":"1\u00a0Minute"},"schema":{"@context":"https:\/\/schema.org","@graph":[{"@type":"WebPage","@id":"https:\/\/schroevendump.nl\/de\/produkt\/griffon-wood-max-express-power-380g-schnelltrocknender-holzbauklebstoff-d4-wasserbestaendig\/","url":"https:\/\/schroevendump.nl\/de\/produkt\/griffon-wood-max-express-power-380g-schnelltrocknender-holzbauklebstoff-d4-wasserbestaendig\/","name":"Griffon Wood Max Express Power 380g - Schnelltrocknender Holzbauklebstoff - D4 Wasserbest\u00e4ndig - Schroevendump","isPartOf":{"@id":"https:\/\/schroevendump.nl\/de\/#website"},"primaryImageOfPage":{"@id":"https:\/\/schroevendump.nl\/de\/produkt\/griffon-wood-max-express-power-380g-schnelltrocknender-holzbauklebstoff-d4-wasserbestaendig\/#primaryimage"},"image":{"@id":"https:\/\/schroevendump.nl\/de\/produkt\/griffon-wood-max-express-power-380g-schnelltrocknender-holzbauklebstoff-d4-wasserbestaendig\/#primaryimage"},"thumbnailUrl":"https:\/\/schroevendump.nl\/wp-content\/uploads\/2025\/03\/image-removebg-preview.png","datePublished":"2025-03-19T20:29:24+00:00","dateModified":"2025-12-10T11:32:57+00:00","breadcrumb":{"@id":"https:\/\/schroevendump.nl\/de\/produkt\/griffon-wood-max-express-power-380g-schnelltrocknender-holzbauklebstoff-d4-wasserbestaendig\/#breadcrumb"},"inLanguage":"de","potentialAction":[{"@type":"ReadAction","target":["https:\/\/schroevendump.nl\/de\/produkt\/griffon-wood-max-express-power-380g-schnelltrocknender-holzbauklebstoff-d4-wasserbestaendig\/"]}]},{"@type":"ImageObject","inLanguage":"de","@id":"https:\/\/schroevendump.nl\/de\/produkt\/griffon-wood-max-express-power-380g-schnelltrocknender-holzbauklebstoff-d4-wasserbestaendig\/#primaryimage","url":"https:\/\/schroevendump.nl\/wp-content\/uploads\/2025\/03\/image-removebg-preview.png","contentUrl":"https:\/\/schroevendump.nl\/wp-content\/uploads\/2025\/03\/image-removebg-preview.png","width":500,"height":500},{"@type":"BreadcrumbList","@id":"https:\/\/schroevendump.nl\/de\/produkt\/griffon-wood-max-express-power-380g-schnelltrocknender-holzbauklebstoff-d4-wasserbestaendig\/#breadcrumb","itemListElement":[{"@type":"ListItem","position":1,"name":"Startseite","item":"https:\/\/schroevendump.nl\/de\/"},{"@type":"ListItem","position":2,"name":"Shop","item":"https:\/\/schroevendump.nl\/de\/shop\/"},{"@type":"ListItem","position":3,"name":"Griffon Wood Max Express Power 380g &#8211; Schnelltrocknender Holzbauklebstoff &#8211; D4 Wasserbest\u00e4ndig"}]},{"@type":"WebSite","@id":"https:\/\/schroevendump.nl\/de\/#website","url":"https:\/\/schroevendump.nl\/de\/","name":"Schroevendump","description":"","potentialAction":[{"@type":"SearchAction","target":{"@type":"EntryPoint","urlTemplate":"https:\/\/schroevendump.nl\/de\/?s={search_term_string}"},"query-input":{"@type":"PropertyValueSpecification","valueRequired":true,"valueName":"search_term_string"}}],"inLanguage":"de"}]}},"_links":{"self":[{"href":"https:\/\/schroevendump.nl\/de\/wp-json\/wp\/v2\/product\/27247","targetHints":{"allow":["GET"]}}],"collection":[{"href":"https:\/\/schroevendump.nl\/de\/wp-json\/wp\/v2\/product"}],"about":[{"href":"https:\/\/schroevendump.nl\/de\/wp-json\/wp\/v2\/types\/product"}],"replies":[{"embeddable":true,"href":"https:\/\/schroevendump.nl\/de\/wp-json\/wp\/v2\/comments?post=27247"}],"wp:featuredmedia":[{"embeddable":true,"href":"https:\/\/schroevendump.nl\/de\/wp-json\/wp\/v2\/media\/27249"}],"wp:attachment":[{"href":"https:\/\/schroevendump.nl\/de\/wp-json\/wp\/v2\/media?parent=27247"}],"wp:term":[{"taxonomy":"product_brand","embeddable":true,"href":"https:\/\/schroevendump.nl\/de\/wp-json\/wp\/v2\/product_brand?post=27247"},{"taxonomy":"product_cat","embeddable":true,"href":"https:\/\/schroevendump.nl\/de\/wp-json\/wp\/v2\/product_cat?post=27247"},{"taxonomy":"product_tag","embeddable":true,"href":"https:\/\/schroevendump.nl\/de\/wp-json\/wp\/v2\/product_tag?post=27247"}],"curies":[{"name":"wp","href":"https:\/\/api.w.org\/{rel}","templated":true}]}}