{"id":27297,"date":"2024-12-04T20:07:31","date_gmt":"2024-12-04T20:07:31","guid":{"rendered":"https:\/\/schroevendump.nl\/product\/action-schraubensatz-gross-torx-senkdraht-verzinkt\/"},"modified":"2025-12-16T12:54:58","modified_gmt":"2025-12-16T12:54:58","slug":"action-schraubensatz-gross-torx-senkdraht-verzinkt","status":"publish","type":"product","link":"https:\/\/schroevendump.nl\/de\/produkt\/action-schraubensatz-gross-torx-senkdraht-verzinkt\/","title":{"rendered":"Action-Schraubensatz gro\u00df Torx Senkdraht verzinkt"},"content":{"rendered":"<ul>\n<li style=\"text-align: left;\">1x 4.0\u00d730 torx 20 Inhalt Box 200 St\u00fcck<\/li>\n<li style=\"text-align: left;\">4x 4.0\u00d740 Torx 20 Inhalt Box 200 St\u00fcck<\/li>\n<li style=\"text-align: left;\">4x 4,5\u00d750 Torx 20 Inhalt Box 200 St\u00fcck<\/li>\n<li style=\"text-align: left;\">1x 4,5\u00d760 Torx 20 Inhalt Box 200 St\u00fcck<\/li>\n<li style=\"text-align: left;\">1x 4.5\u00d770 torx20 Inhalt Box 200 St\u00fcck<\/li>\n<li style=\"text-align: left;\">2x 5.0\u00d780 torx 20 Inhalt Box 200 St\u00fcck<\/li>\n<li style=\"text-align: left;\">2x 5.0\u00d7100 torx 20 Inhalt Box 200 St\u00fcck<\/li>\n<li style=\"text-align: left;\">1x 5.0\u00d7120 Torx 20 Inhalt Box 200 St\u00fcck<\/li>\n<\/ul>\n<p><strong>Spanplattenschrauben<\/strong><\/p>\n<p>Schroevendump Spanplattenschrauben haben einen Torx (TX) Antrieb. Die Schraube ist mit einem doppelten Flachkopf ausgestattet, wodurch sie zu den st\u00e4rksten ihrer Art geh\u00f6rt.<br \/>\nDiese Spanplattenschrauben sind in einer verzinkten Ausf\u00fchrung erh\u00e4ltlich. <\/p>\n<p>Spanplattenschrauben werden in einer sehr breiten Palette von Anwendungen eingesetzt und garantieren eine problemlose Verarbeitung. Die Schrauben werden nach der Produktion streng kontrolliert. So k\u00f6nnen Sie sicher sein, dass Sie nur mit hochwertigen Schrauben arbeiten, die gratfrei und superstark sind.  Die Schrauben tragen daher ein CE-Zeichen, mit dem der Hersteller angibt, dass das Produkt die Anforderungen an Sicherheit, Gesundheit, Umwelt und Verbraucherschutz erf\u00fcllt.<\/p>\n<p>Wof\u00fcr sind Spanplattenschrauben geeignet?<\/p>\n<p>Schroevendump Spanplattenschrauben sind perfekt in verschiedenen Holzarten f\u00fcr den Innenbereich einsetzbar, wie z.B. Fichte, Kiefer, Plattenmaterial Multiplex, Plattenmaterial Unterlage. Die idealen Qualit\u00e4tsschrauben, um Konstruktionen wie Vorwandinstallationen, Beplankungsschrauben, Verkleidungen und Dachkonstruktionen herzustellen <\/p>\n<p>Torx-Schrauben gibt es in verschiedenen Ausf\u00fchrungen. Es gibt ein Teilgewinde und ein Vollgewinde. Teilgewinde bedeutet, dass die Schraube teilweise mit Gewinde versehen ist. Die Schraube wird h\u00e4ufig zum Festziehen von Holzverbindungen verwendet, z.B. zum Herstellen von W\u00e4nden, Harken von Decken, Montieren von Platten, Befestigen von Holzbrettern usw. Vollgewindeschrauben sind das Gegenteil von Schraubgewinde. Bei Schraubengewindeschrauben l\u00e4uft das Gewinde ganz nach oben.     Au\u00dferdem wirkt bei Voldraad-Schrauben weniger Kraft auf das Holz, wenn Sie zwei Teile miteinander verbinden m\u00f6chten.<\/p>\n<p>Der Antrieb einer Schraube ist ebenfalls sehr wichtig. Es gibt verschiedene Arten, denken Sie zum Beispiel an die Kreuzschlitzschraube (Pozidriv).  Dies ist die bisher am h\u00e4ufigsten verwendete Schraube auf dem Markt. Torx-Schrauben sind auf dem Vormarsch. Torx-Schrauben bedeuten, dass Ihre Werkzeuge einen guten Halt an der Schraube haben, damit Ihre Maschine nicht abrutscht. Das ist einer der Gr\u00fcnde, warum wir nur Torx-Schrauben verkaufen. Wir verkaufen auch den passenden Bit f\u00fcr jede Schraube. Kaufen Sie also alle Ihre Schrauben online bei screwdump.com    <\/p>\n<p>Das Produktfoto kann vom Verpackungsinhalt abweichen.<\/p>\n<p>Schlie\u00dflich wurde bei Schroevendump Next Generation eine \u00c4nderung an der Verpackung vorgenommen. Die vertraute Box ist gleich geblieben, hat aber jetzt kein Sichtfenster mehr, sodass bei der M\u00fclltrennung kein Plastik mehr verarbeitet wird. <\/p>\n<p>Setzen Sie auf Qualit\u00e4t zum besten Preis bei schroevendump.nl und besuchen Sie unsere Instagram-Seite.<\/p>\n","protected":false},"excerpt":{"rendered":"<p>1x 4.0\u00d730 torx 20 Inhalt Box 200 St\u00fcck 4x 4.0\u00d740 Torx 20 Inhalt Box 200 St\u00fcck 4x 4,5\u00d750 Torx 20 Inhalt Box 200 St\u00fcck 1x 4,5\u00d760 Torx 20 Inhalt Box 200 St\u00fcck 1x 4.5\u00d770 torx20 Inhalt Box 200 St\u00fcck 2x 5.0\u00d780 torx 20 Inhalt Box 200 St\u00fcck 2x 5.0\u00d7100 torx 20 Inhalt Box 200 St\u00fcck [&hellip;]<\/p>\n","protected":false},"featured_media":26584,"comment_status":"closed","ping_status":"closed","template":"","meta":[],"product_brand":[],"product_cat":[627],"product_tag":[],"class_list":{"0":"post-27297","1":"product","2":"type-product","3":"status-publish","4":"has-post-thumbnail","6":"product_cat-vorteilspakete","8":"first","9":"instock","10":"sale","11":"taxable","12":"shipping-taxable","13":"purchasable","14":"product-type-simple"},"supplier_id":null,"supplier_sku":"","barcode":null,"atum_controlled":true,"out_stock_date":null,"out_stock_threshold":null,"inheritable":false,"inbound_stock":0,"stock_on_hold":2,"sold_today":1,"sales_last_days":30,"reserved_stock":0,"customer_returns":0,"warehouse_damage":0,"lost_in_post":0,"other_logs":0,"out_stock_days":0,"lost_sales":0,"has_location":false,"update_date":"2026-04-18T19:02:32","atum_locations":[],"atum_stock_status":"instock","restock_status":true,"low_stock_amount":"","sales_update_date":"2026-04-18T19:02:32","calc_backorders":null,"acf":[],"yoast_head":"<!-- This site is optimized with the Yoast SEO plugin v26.6 - https:\/\/yoast.com\/wordpress\/plugins\/seo\/ -->\n<title>Action-Schraubensatz gro\u00df Torx Senkdraht verzinkt - Schroevendump<\/title>\n<meta name=\"robots\" content=\"index, follow, max-snippet:-1, max-image-preview:large, max-video-preview:-1\" \/>\n<link rel=\"canonical\" href=\"https:\/\/schroevendump.nl\/de\/produkt\/action-schraubensatz-gross-torx-senkdraht-verzinkt\/\" \/>\n<meta property=\"og:locale\" content=\"de_DE\" \/>\n<meta property=\"og:type\" content=\"article\" \/>\n<meta property=\"og:title\" content=\"Action-Schraubensatz gro\u00df Torx Senkdraht verzinkt - Schroevendump\" \/>\n<meta property=\"og:description\" content=\"1x 4.0\u00d730 torx 20 Inhalt Box 200 St\u00fcck 4x 4.0\u00d740 Torx 20 Inhalt Box 200 St\u00fcck 4x 4,5\u00d750 Torx 20 Inhalt Box 200 St\u00fcck 1x 4,5\u00d760 Torx 20 Inhalt Box 200 St\u00fcck 1x 4.5\u00d770 torx20 Inhalt Box 200 St\u00fcck 2x 5.0\u00d780 torx 20 Inhalt Box 200 St\u00fcck 2x 5.0\u00d7100 torx 20 Inhalt Box 200 St\u00fcck [&hellip;]\" \/>\n<meta property=\"og:url\" content=\"https:\/\/schroevendump.nl\/de\/produkt\/action-schraubensatz-gross-torx-senkdraht-verzinkt\/\" \/>\n<meta property=\"og:site_name\" content=\"Schroevendump\" \/>\n<meta property=\"article:modified_time\" content=\"2025-12-16T12:54:58+00:00\" \/>\n<meta property=\"og:image\" content=\"https:\/\/schroevendump.nl\/wp-content\/uploads\/2024\/08\/image00001-scaled-1.jpeg\" \/>\n\t<meta property=\"og:image:width\" content=\"2560\" \/>\n\t<meta property=\"og:image:height\" content=\"1920\" \/>\n\t<meta property=\"og:image:type\" content=\"image\/jpeg\" \/>\n<meta name=\"twitter:card\" content=\"summary_large_image\" \/>\n<meta name=\"twitter:label1\" content=\"Gesch\u00e4tzte Lesezeit\" \/>\n\t<meta name=\"twitter:data1\" content=\"2\u00a0Minute\" \/>\n<script type=\"application\/ld+json\" class=\"yoast-schema-graph\">{\"@context\":\"https:\/\/schema.org\",\"@graph\":[{\"@type\":\"WebPage\",\"@id\":\"https:\/\/schroevendump.nl\/de\/produkt\/action-schraubensatz-gross-torx-senkdraht-verzinkt\/\",\"url\":\"https:\/\/schroevendump.nl\/de\/produkt\/action-schraubensatz-gross-torx-senkdraht-verzinkt\/\",\"name\":\"Action-Schraubensatz gro\u00df Torx Senkdraht verzinkt - Schroevendump\",\"isPartOf\":{\"@id\":\"https:\/\/schroevendump.nl\/de\/#website\"},\"primaryImageOfPage\":{\"@id\":\"https:\/\/schroevendump.nl\/de\/produkt\/action-schraubensatz-gross-torx-senkdraht-verzinkt\/#primaryimage\"},\"image\":{\"@id\":\"https:\/\/schroevendump.nl\/de\/produkt\/action-schraubensatz-gross-torx-senkdraht-verzinkt\/#primaryimage\"},\"thumbnailUrl\":\"https:\/\/schroevendump.nl\/wp-content\/uploads\/2024\/08\/image00001-scaled-1.jpeg\",\"datePublished\":\"2024-12-04T20:07:31+00:00\",\"dateModified\":\"2025-12-16T12:54:58+00:00\",\"breadcrumb\":{\"@id\":\"https:\/\/schroevendump.nl\/de\/produkt\/action-schraubensatz-gross-torx-senkdraht-verzinkt\/#breadcrumb\"},\"inLanguage\":\"de\",\"potentialAction\":[{\"@type\":\"ReadAction\",\"target\":[\"https:\/\/schroevendump.nl\/de\/produkt\/action-schraubensatz-gross-torx-senkdraht-verzinkt\/\"]}]},{\"@type\":\"ImageObject\",\"inLanguage\":\"de\",\"@id\":\"https:\/\/schroevendump.nl\/de\/produkt\/action-schraubensatz-gross-torx-senkdraht-verzinkt\/#primaryimage\",\"url\":\"https:\/\/schroevendump.nl\/wp-content\/uploads\/2024\/08\/image00001-scaled-1.jpeg\",\"contentUrl\":\"https:\/\/schroevendump.nl\/wp-content\/uploads\/2024\/08\/image00001-scaled-1.jpeg\",\"width\":2560,\"height\":1920,\"caption\":\"Schrauben\"},{\"@type\":\"BreadcrumbList\",\"@id\":\"https:\/\/schroevendump.nl\/de\/produkt\/action-schraubensatz-gross-torx-senkdraht-verzinkt\/#breadcrumb\",\"itemListElement\":[{\"@type\":\"ListItem\",\"position\":1,\"name\":\"Startseite\",\"item\":\"https:\/\/schroevendump.nl\/de\/\"},{\"@type\":\"ListItem\",\"position\":2,\"name\":\"Shop\",\"item\":\"https:\/\/schroevendump.nl\/de\/shop\/\"},{\"@type\":\"ListItem\",\"position\":3,\"name\":\"Action-Schraubensatz gro\u00df Torx Senkdraht verzinkt\"}]},{\"@type\":\"WebSite\",\"@id\":\"https:\/\/schroevendump.nl\/de\/#website\",\"url\":\"https:\/\/schroevendump.nl\/de\/\",\"name\":\"Schroevendump\",\"description\":\"\",\"potentialAction\":[{\"@type\":\"SearchAction\",\"target\":{\"@type\":\"EntryPoint\",\"urlTemplate\":\"https:\/\/schroevendump.nl\/de\/?s={search_term_string}\"},\"query-input\":{\"@type\":\"PropertyValueSpecification\",\"valueRequired\":true,\"valueName\":\"search_term_string\"}}],\"inLanguage\":\"de\"}]}<\/script>\n<!-- \/ Yoast SEO plugin. -->","yoast_head_json":{"title":"Action-Schraubensatz gro\u00df Torx Senkdraht verzinkt - Schroevendump","robots":{"index":"index","follow":"follow","max-snippet":"max-snippet:-1","max-image-preview":"max-image-preview:large","max-video-preview":"max-video-preview:-1"},"canonical":"https:\/\/schroevendump.nl\/de\/produkt\/action-schraubensatz-gross-torx-senkdraht-verzinkt\/","og_locale":"de_DE","og_type":"article","og_title":"Action-Schraubensatz gro\u00df Torx Senkdraht verzinkt - Schroevendump","og_description":"1x 4.0\u00d730 torx 20 Inhalt Box 200 St\u00fcck 4x 4.0\u00d740 Torx 20 Inhalt Box 200 St\u00fcck 4x 4,5\u00d750 Torx 20 Inhalt Box 200 St\u00fcck 1x 4,5\u00d760 Torx 20 Inhalt Box 200 St\u00fcck 1x 4.5\u00d770 torx20 Inhalt Box 200 St\u00fcck 2x 5.0\u00d780 torx 20 Inhalt Box 200 St\u00fcck 2x 5.0\u00d7100 torx 20 Inhalt Box 200 St\u00fcck [&hellip;]","og_url":"https:\/\/schroevendump.nl\/de\/produkt\/action-schraubensatz-gross-torx-senkdraht-verzinkt\/","og_site_name":"Schroevendump","article_modified_time":"2025-12-16T12:54:58+00:00","og_image":[{"width":2560,"height":1920,"url":"https:\/\/schroevendump.nl\/wp-content\/uploads\/2024\/08\/image00001-scaled-1.jpeg","type":"image\/jpeg"}],"twitter_card":"summary_large_image","twitter_misc":{"Gesch\u00e4tzte Lesezeit":"2\u00a0Minute"},"schema":{"@context":"https:\/\/schema.org","@graph":[{"@type":"WebPage","@id":"https:\/\/schroevendump.nl\/de\/produkt\/action-schraubensatz-gross-torx-senkdraht-verzinkt\/","url":"https:\/\/schroevendump.nl\/de\/produkt\/action-schraubensatz-gross-torx-senkdraht-verzinkt\/","name":"Action-Schraubensatz gro\u00df Torx Senkdraht verzinkt - Schroevendump","isPartOf":{"@id":"https:\/\/schroevendump.nl\/de\/#website"},"primaryImageOfPage":{"@id":"https:\/\/schroevendump.nl\/de\/produkt\/action-schraubensatz-gross-torx-senkdraht-verzinkt\/#primaryimage"},"image":{"@id":"https:\/\/schroevendump.nl\/de\/produkt\/action-schraubensatz-gross-torx-senkdraht-verzinkt\/#primaryimage"},"thumbnailUrl":"https:\/\/schroevendump.nl\/wp-content\/uploads\/2024\/08\/image00001-scaled-1.jpeg","datePublished":"2024-12-04T20:07:31+00:00","dateModified":"2025-12-16T12:54:58+00:00","breadcrumb":{"@id":"https:\/\/schroevendump.nl\/de\/produkt\/action-schraubensatz-gross-torx-senkdraht-verzinkt\/#breadcrumb"},"inLanguage":"de","potentialAction":[{"@type":"ReadAction","target":["https:\/\/schroevendump.nl\/de\/produkt\/action-schraubensatz-gross-torx-senkdraht-verzinkt\/"]}]},{"@type":"ImageObject","inLanguage":"de","@id":"https:\/\/schroevendump.nl\/de\/produkt\/action-schraubensatz-gross-torx-senkdraht-verzinkt\/#primaryimage","url":"https:\/\/schroevendump.nl\/wp-content\/uploads\/2024\/08\/image00001-scaled-1.jpeg","contentUrl":"https:\/\/schroevendump.nl\/wp-content\/uploads\/2024\/08\/image00001-scaled-1.jpeg","width":2560,"height":1920,"caption":"Schrauben"},{"@type":"BreadcrumbList","@id":"https:\/\/schroevendump.nl\/de\/produkt\/action-schraubensatz-gross-torx-senkdraht-verzinkt\/#breadcrumb","itemListElement":[{"@type":"ListItem","position":1,"name":"Startseite","item":"https:\/\/schroevendump.nl\/de\/"},{"@type":"ListItem","position":2,"name":"Shop","item":"https:\/\/schroevendump.nl\/de\/shop\/"},{"@type":"ListItem","position":3,"name":"Action-Schraubensatz gro\u00df Torx Senkdraht verzinkt"}]},{"@type":"WebSite","@id":"https:\/\/schroevendump.nl\/de\/#website","url":"https:\/\/schroevendump.nl\/de\/","name":"Schroevendump","description":"","potentialAction":[{"@type":"SearchAction","target":{"@type":"EntryPoint","urlTemplate":"https:\/\/schroevendump.nl\/de\/?s={search_term_string}"},"query-input":{"@type":"PropertyValueSpecification","valueRequired":true,"valueName":"search_term_string"}}],"inLanguage":"de"}]}},"_links":{"self":[{"href":"https:\/\/schroevendump.nl\/de\/wp-json\/wp\/v2\/product\/27297","targetHints":{"allow":["GET"]}}],"collection":[{"href":"https:\/\/schroevendump.nl\/de\/wp-json\/wp\/v2\/product"}],"about":[{"href":"https:\/\/schroevendump.nl\/de\/wp-json\/wp\/v2\/types\/product"}],"replies":[{"embeddable":true,"href":"https:\/\/schroevendump.nl\/de\/wp-json\/wp\/v2\/comments?post=27297"}],"wp:featuredmedia":[{"embeddable":true,"href":"https:\/\/schroevendump.nl\/de\/wp-json\/wp\/v2\/media\/26584"}],"wp:attachment":[{"href":"https:\/\/schroevendump.nl\/de\/wp-json\/wp\/v2\/media?parent=27297"}],"wp:term":[{"taxonomy":"product_brand","embeddable":true,"href":"https:\/\/schroevendump.nl\/de\/wp-json\/wp\/v2\/product_brand?post=27297"},{"taxonomy":"product_cat","embeddable":true,"href":"https:\/\/schroevendump.nl\/de\/wp-json\/wp\/v2\/product_cat?post=27297"},{"taxonomy":"product_tag","embeddable":true,"href":"https:\/\/schroevendump.nl\/de\/wp-json\/wp\/v2\/product_tag?post=27297"}],"curies":[{"name":"wp","href":"https:\/\/api.w.org\/{rel}","templated":true}]}}