{"id":27325,"date":"2024-11-08T09:29:03","date_gmt":"2024-11-08T09:29:03","guid":{"rendered":"https:\/\/schroevendump.nl\/product\/senkkopfschrauben-10-0-x-300-tx-40-verzinkt-10-stueck\/"},"modified":"2025-12-10T11:20:03","modified_gmt":"2025-12-10T11:20:03","slug":"senkkopfschrauben-10-0-x-300-tx-40-verzinkt-10-stueck","status":"publish","type":"product","link":"https:\/\/schroevendump.nl\/de\/produkt\/senkkopfschrauben-10-0-x-300-tx-40-verzinkt-10-stueck\/","title":{"rendered":"Senkkopfschrauben 10.0 x 300 TX-40 verzinkt 10 St\u00fcck"},"content":{"rendered":"<p><strong>Was ist eine Senkkopfschraube?<\/strong><\/p>\n<p>Senkkopfschrauben, auch bekannt als Holzbauschrauben oder Tellerkopfschrauben, sind <strong>f\u00fcr die Herstellung von tragenden Holzkonstruktionen bestimmt<\/strong>. Der gro\u00dfe Senkkopf sorgt daf\u00fcr, dass die Schraube einen gro\u00dfen Klemmbereich hat. Au\u00dferdem haben sie einen Torx-Antrieb, der die Montage schnell und einfach macht.  <\/p>\n<p><strong>Wie weit sollte eine Schraube in das Holz eindringen?<\/strong><\/p>\n<p>Die Faustregel lautet wie folgt: <strong>Materialst\u00e4rke x 2,5<\/strong>. F\u00fcr ein 10 mm starkes Brett ben\u00f6tigen Sie also eine 25 mm lange Schraube. Wenn Sie diese Regel befolgen, k\u00f6nnen Sie zumindest sicher sein, dass Ihre Konstruktion sicher befestigt ist.   <\/p>\n<p><strong>Vorteile:<\/strong><\/p>\n<ul>\n<li>Idealer Ersatz f\u00fcr Holzgewindebolzen<\/li>\n<li>Schrauben aus hochfestem, geh\u00e4rtetem Stahl<\/li>\n<li>Gro\u00dfer Spannbereich dank gro\u00dfem Tellerkopf<\/li>\n<li>Zus\u00e4tzliche Schneide an der Bohrerspitze f\u00fcr mehr Bohrleistung<\/li>\n<li>Deep TX Antrieb f\u00fcr optimale Kraft\u00fcbertragung<\/li>\n<li>Sehr geringer Einschraubwiderstand f\u00fcr optimale Verschraubbarkeit<\/li>\n<\/ul>\n","protected":false},"excerpt":{"rendered":"<p>Was ist eine Senkkopfschraube? Senkkopfschrauben, auch bekannt als Holzbauschrauben oder Tellerkopfschrauben, sind f\u00fcr die Herstellung von tragenden Holzkonstruktionen bestimmt. Der gro\u00dfe Senkkopf sorgt daf\u00fcr, dass die Schraube einen gro\u00dfen Klemmbereich hat. Au\u00dferdem haben sie einen Torx-Antrieb, der die Montage schnell und einfach macht. Wie weit sollte eine Schraube in das Holz eindringen? Die Faustregel lautet [&hellip;]<\/p>\n","protected":false},"featured_media":27239,"comment_status":"open","ping_status":"closed","template":"","meta":[],"product_brand":[],"product_cat":[598],"product_tag":[],"class_list":{"0":"post-27325","1":"product","2":"type-product","3":"status-publish","4":"has-post-thumbnail","6":"product_cat-holzkonstruktion-senkkopfschrauben","7":"pa_draad-teilgewinde","9":"first","10":"instock","11":"taxable","12":"shipping-taxable","13":"purchasable","14":"product-type-simple"},"supplier_id":null,"supplier_sku":"","barcode":null,"atum_controlled":true,"out_stock_date":null,"out_stock_threshold":null,"inheritable":false,"inbound_stock":0,"stock_on_hold":0,"sold_today":0,"sales_last_days":0,"reserved_stock":0,"customer_returns":0,"warehouse_damage":0,"lost_in_post":0,"other_logs":0,"out_stock_days":0,"lost_sales":0,"has_location":false,"update_date":"2026-04-04T00:57:12","atum_locations":[],"atum_stock_status":"instock","restock_status":false,"low_stock_amount":"","sales_update_date":"2026-04-04T00:57:11","calc_backorders":null,"acf":[],"yoast_head":"<!-- This site is optimized with the Yoast SEO plugin v26.6 - https:\/\/yoast.com\/wordpress\/plugins\/seo\/ -->\n<title>Senkkopfschrauben 10.0 x 300 TX-40 verzinkt 10 St\u00fcck - Schroevendump<\/title>\n<meta name=\"robots\" content=\"index, follow, max-snippet:-1, max-image-preview:large, max-video-preview:-1\" \/>\n<link rel=\"canonical\" href=\"https:\/\/schroevendump.nl\/de\/produkt\/senkkopfschrauben-10-0-x-300-tx-40-verzinkt-10-stueck\/\" \/>\n<meta property=\"og:locale\" content=\"de_DE\" \/>\n<meta property=\"og:type\" content=\"article\" \/>\n<meta property=\"og:title\" content=\"Senkkopfschrauben 10.0 x 300 TX-40 verzinkt 10 St\u00fcck - Schroevendump\" \/>\n<meta property=\"og:description\" content=\"Was ist eine Senkkopfschraube? Senkkopfschrauben, auch bekannt als Holzbauschrauben oder Tellerkopfschrauben, sind f\u00fcr die Herstellung von tragenden Holzkonstruktionen bestimmt. Der gro\u00dfe Senkkopf sorgt daf\u00fcr, dass die Schraube einen gro\u00dfen Klemmbereich hat. Au\u00dferdem haben sie einen Torx-Antrieb, der die Montage schnell und einfach macht. Wie weit sollte eine Schraube in das Holz eindringen? Die Faustregel lautet [&hellip;]\" \/>\n<meta property=\"og:url\" content=\"https:\/\/schroevendump.nl\/de\/produkt\/senkkopfschrauben-10-0-x-300-tx-40-verzinkt-10-stueck\/\" \/>\n<meta property=\"og:site_name\" content=\"Schroevendump\" \/>\n<meta property=\"article:modified_time\" content=\"2025-12-10T11:20:03+00:00\" \/>\n<meta property=\"og:image\" content=\"https:\/\/schroevendump.nl\/wp-content\/uploads\/2024\/08\/818-houtbouwschroef-tellerkop-verzinkt-schroevendump.png\" \/>\n\t<meta property=\"og:image:width\" content=\"710\" \/>\n\t<meta property=\"og:image:height\" content=\"710\" \/>\n\t<meta property=\"og:image:type\" content=\"image\/png\" \/>\n<meta name=\"twitter:card\" content=\"summary_large_image\" \/>\n<meta name=\"twitter:label1\" content=\"Gesch\u00e4tzte Lesezeit\" \/>\n\t<meta name=\"twitter:data1\" content=\"1\u00a0Minute\" \/>\n<script type=\"application\/ld+json\" class=\"yoast-schema-graph\">{\"@context\":\"https:\/\/schema.org\",\"@graph\":[{\"@type\":\"WebPage\",\"@id\":\"https:\/\/schroevendump.nl\/de\/produkt\/senkkopfschrauben-10-0-x-300-tx-40-verzinkt-10-stueck\/\",\"url\":\"https:\/\/schroevendump.nl\/de\/produkt\/senkkopfschrauben-10-0-x-300-tx-40-verzinkt-10-stueck\/\",\"name\":\"Senkkopfschrauben 10.0 x 300 TX-40 verzinkt 10 St\u00fcck - Schroevendump\",\"isPartOf\":{\"@id\":\"https:\/\/schroevendump.nl\/de\/#website\"},\"primaryImageOfPage\":{\"@id\":\"https:\/\/schroevendump.nl\/de\/produkt\/senkkopfschrauben-10-0-x-300-tx-40-verzinkt-10-stueck\/#primaryimage\"},\"image\":{\"@id\":\"https:\/\/schroevendump.nl\/de\/produkt\/senkkopfschrauben-10-0-x-300-tx-40-verzinkt-10-stueck\/#primaryimage\"},\"thumbnailUrl\":\"https:\/\/schroevendump.nl\/wp-content\/uploads\/2024\/08\/818-houtbouwschroef-tellerkop-verzinkt-schroevendump.png\",\"datePublished\":\"2024-11-08T09:29:03+00:00\",\"dateModified\":\"2025-12-10T11:20:03+00:00\",\"breadcrumb\":{\"@id\":\"https:\/\/schroevendump.nl\/de\/produkt\/senkkopfschrauben-10-0-x-300-tx-40-verzinkt-10-stueck\/#breadcrumb\"},\"inLanguage\":\"de\",\"potentialAction\":[{\"@type\":\"ReadAction\",\"target\":[\"https:\/\/schroevendump.nl\/de\/produkt\/senkkopfschrauben-10-0-x-300-tx-40-verzinkt-10-stueck\/\"]}]},{\"@type\":\"ImageObject\",\"inLanguage\":\"de\",\"@id\":\"https:\/\/schroevendump.nl\/de\/produkt\/senkkopfschrauben-10-0-x-300-tx-40-verzinkt-10-stueck\/#primaryimage\",\"url\":\"https:\/\/schroevendump.nl\/wp-content\/uploads\/2024\/08\/818-houtbouwschroef-tellerkop-verzinkt-schroevendump.png\",\"contentUrl\":\"https:\/\/schroevendump.nl\/wp-content\/uploads\/2024\/08\/818-houtbouwschroef-tellerkop-verzinkt-schroevendump.png\",\"width\":710,\"height\":710,\"caption\":\"Schraube Schraube Kippe\"},{\"@type\":\"BreadcrumbList\",\"@id\":\"https:\/\/schroevendump.nl\/de\/produkt\/senkkopfschrauben-10-0-x-300-tx-40-verzinkt-10-stueck\/#breadcrumb\",\"itemListElement\":[{\"@type\":\"ListItem\",\"position\":1,\"name\":\"Startseite\",\"item\":\"https:\/\/schroevendump.nl\/de\/\"},{\"@type\":\"ListItem\",\"position\":2,\"name\":\"Shop\",\"item\":\"https:\/\/schroevendump.nl\/de\/shop\/\"},{\"@type\":\"ListItem\",\"position\":3,\"name\":\"Senkkopfschrauben 10.0 x 300 TX-40 verzinkt 10 St\u00fcck\"}]},{\"@type\":\"WebSite\",\"@id\":\"https:\/\/schroevendump.nl\/de\/#website\",\"url\":\"https:\/\/schroevendump.nl\/de\/\",\"name\":\"Schroevendump\",\"description\":\"\",\"potentialAction\":[{\"@type\":\"SearchAction\",\"target\":{\"@type\":\"EntryPoint\",\"urlTemplate\":\"https:\/\/schroevendump.nl\/de\/?s={search_term_string}\"},\"query-input\":{\"@type\":\"PropertyValueSpecification\",\"valueRequired\":true,\"valueName\":\"search_term_string\"}}],\"inLanguage\":\"de\"}]}<\/script>\n<!-- \/ Yoast SEO plugin. -->","yoast_head_json":{"title":"Senkkopfschrauben 10.0 x 300 TX-40 verzinkt 10 St\u00fcck - Schroevendump","robots":{"index":"index","follow":"follow","max-snippet":"max-snippet:-1","max-image-preview":"max-image-preview:large","max-video-preview":"max-video-preview:-1"},"canonical":"https:\/\/schroevendump.nl\/de\/produkt\/senkkopfschrauben-10-0-x-300-tx-40-verzinkt-10-stueck\/","og_locale":"de_DE","og_type":"article","og_title":"Senkkopfschrauben 10.0 x 300 TX-40 verzinkt 10 St\u00fcck - Schroevendump","og_description":"Was ist eine Senkkopfschraube? Senkkopfschrauben, auch bekannt als Holzbauschrauben oder Tellerkopfschrauben, sind f\u00fcr die Herstellung von tragenden Holzkonstruktionen bestimmt. Der gro\u00dfe Senkkopf sorgt daf\u00fcr, dass die Schraube einen gro\u00dfen Klemmbereich hat. Au\u00dferdem haben sie einen Torx-Antrieb, der die Montage schnell und einfach macht. Wie weit sollte eine Schraube in das Holz eindringen? Die Faustregel lautet [&hellip;]","og_url":"https:\/\/schroevendump.nl\/de\/produkt\/senkkopfschrauben-10-0-x-300-tx-40-verzinkt-10-stueck\/","og_site_name":"Schroevendump","article_modified_time":"2025-12-10T11:20:03+00:00","og_image":[{"width":710,"height":710,"url":"https:\/\/schroevendump.nl\/wp-content\/uploads\/2024\/08\/818-houtbouwschroef-tellerkop-verzinkt-schroevendump.png","type":"image\/png"}],"twitter_card":"summary_large_image","twitter_misc":{"Gesch\u00e4tzte Lesezeit":"1\u00a0Minute"},"schema":{"@context":"https:\/\/schema.org","@graph":[{"@type":"WebPage","@id":"https:\/\/schroevendump.nl\/de\/produkt\/senkkopfschrauben-10-0-x-300-tx-40-verzinkt-10-stueck\/","url":"https:\/\/schroevendump.nl\/de\/produkt\/senkkopfschrauben-10-0-x-300-tx-40-verzinkt-10-stueck\/","name":"Senkkopfschrauben 10.0 x 300 TX-40 verzinkt 10 St\u00fcck - Schroevendump","isPartOf":{"@id":"https:\/\/schroevendump.nl\/de\/#website"},"primaryImageOfPage":{"@id":"https:\/\/schroevendump.nl\/de\/produkt\/senkkopfschrauben-10-0-x-300-tx-40-verzinkt-10-stueck\/#primaryimage"},"image":{"@id":"https:\/\/schroevendump.nl\/de\/produkt\/senkkopfschrauben-10-0-x-300-tx-40-verzinkt-10-stueck\/#primaryimage"},"thumbnailUrl":"https:\/\/schroevendump.nl\/wp-content\/uploads\/2024\/08\/818-houtbouwschroef-tellerkop-verzinkt-schroevendump.png","datePublished":"2024-11-08T09:29:03+00:00","dateModified":"2025-12-10T11:20:03+00:00","breadcrumb":{"@id":"https:\/\/schroevendump.nl\/de\/produkt\/senkkopfschrauben-10-0-x-300-tx-40-verzinkt-10-stueck\/#breadcrumb"},"inLanguage":"de","potentialAction":[{"@type":"ReadAction","target":["https:\/\/schroevendump.nl\/de\/produkt\/senkkopfschrauben-10-0-x-300-tx-40-verzinkt-10-stueck\/"]}]},{"@type":"ImageObject","inLanguage":"de","@id":"https:\/\/schroevendump.nl\/de\/produkt\/senkkopfschrauben-10-0-x-300-tx-40-verzinkt-10-stueck\/#primaryimage","url":"https:\/\/schroevendump.nl\/wp-content\/uploads\/2024\/08\/818-houtbouwschroef-tellerkop-verzinkt-schroevendump.png","contentUrl":"https:\/\/schroevendump.nl\/wp-content\/uploads\/2024\/08\/818-houtbouwschroef-tellerkop-verzinkt-schroevendump.png","width":710,"height":710,"caption":"Schraube Schraube Kippe"},{"@type":"BreadcrumbList","@id":"https:\/\/schroevendump.nl\/de\/produkt\/senkkopfschrauben-10-0-x-300-tx-40-verzinkt-10-stueck\/#breadcrumb","itemListElement":[{"@type":"ListItem","position":1,"name":"Startseite","item":"https:\/\/schroevendump.nl\/de\/"},{"@type":"ListItem","position":2,"name":"Shop","item":"https:\/\/schroevendump.nl\/de\/shop\/"},{"@type":"ListItem","position":3,"name":"Senkkopfschrauben 10.0 x 300 TX-40 verzinkt 10 St\u00fcck"}]},{"@type":"WebSite","@id":"https:\/\/schroevendump.nl\/de\/#website","url":"https:\/\/schroevendump.nl\/de\/","name":"Schroevendump","description":"","potentialAction":[{"@type":"SearchAction","target":{"@type":"EntryPoint","urlTemplate":"https:\/\/schroevendump.nl\/de\/?s={search_term_string}"},"query-input":{"@type":"PropertyValueSpecification","valueRequired":true,"valueName":"search_term_string"}}],"inLanguage":"de"}]}},"_links":{"self":[{"href":"https:\/\/schroevendump.nl\/de\/wp-json\/wp\/v2\/product\/27325","targetHints":{"allow":["GET"]}}],"collection":[{"href":"https:\/\/schroevendump.nl\/de\/wp-json\/wp\/v2\/product"}],"about":[{"href":"https:\/\/schroevendump.nl\/de\/wp-json\/wp\/v2\/types\/product"}],"replies":[{"embeddable":true,"href":"https:\/\/schroevendump.nl\/de\/wp-json\/wp\/v2\/comments?post=27325"}],"wp:featuredmedia":[{"embeddable":true,"href":"https:\/\/schroevendump.nl\/de\/wp-json\/wp\/v2\/media\/27239"}],"wp:attachment":[{"href":"https:\/\/schroevendump.nl\/de\/wp-json\/wp\/v2\/media?parent=27325"}],"wp:term":[{"taxonomy":"product_brand","embeddable":true,"href":"https:\/\/schroevendump.nl\/de\/wp-json\/wp\/v2\/product_brand?post=27325"},{"taxonomy":"product_cat","embeddable":true,"href":"https:\/\/schroevendump.nl\/de\/wp-json\/wp\/v2\/product_cat?post=27325"},{"taxonomy":"product_tag","embeddable":true,"href":"https:\/\/schroevendump.nl\/de\/wp-json\/wp\/v2\/product_tag?post=27325"}],"curies":[{"name":"wp","href":"https:\/\/api.w.org\/{rel}","templated":true}]}}