{"id":27332,"date":"2024-11-07T22:18:55","date_gmt":"2024-11-07T22:18:55","guid":{"rendered":"https:\/\/schroevendump.nl\/product\/schraubendreher-rundkopfschrauben-mit-vollgewinde-4-0-x-50-tx-20-200st\/"},"modified":"2026-04-02T08:21:58","modified_gmt":"2026-04-02T08:21:58","slug":"schraubendreher-rundkopfschrauben-mit-vollgewinde-4-0-x-50-tx-20-200st","status":"publish","type":"product","link":"https:\/\/schroevendump.nl\/de\/produkt\/schraubendreher-rundkopfschrauben-mit-vollgewinde-4-0-x-50-tx-20-200st\/","title":{"rendered":"Schraubendreher Rundkopfschrauben mit Vollgewinde 4.0 x 50 TX-20 200St."},"content":{"rendered":"<p>Die Zylinderkopf- oder Kugelkopfversion eignet sich ideal f\u00fcr Installationszwecke. Die flache Unterseite des Kopfes schmiegt sich vollst\u00e4ndig an den Untergrund an und sorgt so f\u00fcr einen attraktiven und dichten Abschluss. <\/p>\n<p>Diese Spanplattenschrauben haben einen Torx-Antrieb. Die Schrauben sind mit einem Schmiermittel versehen, damit sie sich leichter eindrehen lassen. Spanplattenschrauben mit Zylinderkopf\/Birnenkopf sind in verzinkter und rostfreier Ausf\u00fchrung erh\u00e4ltlich und k\u00f6nnen sowohl im Innen- als auch im Au\u00dfenbereich verwendet werden. F\u00fcr einen l\u00e4nger anhaltenden Korrosionsschutz w\u00e4hlen Sie Spanplattenschrauben aus rostfreiem Stahl.   <\/p>\n<p><b>Anwendung<\/b><br \/>\nF\u00fcr den Innen- und Au\u00dfenbereich.<br \/>\nVerwendung f\u00fcr Metall auf Holz, Kabels\u00e4ttel, Holz, Spanplatten, Sperrholz, MDF, Hartholz (innen).<br \/>\nF\u00fcr die Verwendung in Stein und Beton i.c.w. D\u00fcbel.<\/p>\n<p>Ist die gew\u00fcnschte Gr\u00f6\u00dfe nicht aufgef\u00fchrt? Fragen Sie immer unser Verkaufspersonal nach den M\u00f6glichkeiten. <\/p>\n","protected":false},"excerpt":{"rendered":"<p>Die Zylinderkopf- oder Kugelkopfversion eignet sich ideal f\u00fcr Installationszwecke. Die flache Unterseite des Kopfes schmiegt sich vollst\u00e4ndig an den Untergrund an und sorgt so f\u00fcr einen attraktiven und dichten Abschluss. Diese Spanplattenschrauben haben einen Torx-Antrieb. Die Schrauben sind mit einem Schmiermittel versehen, damit sie sich leichter eindrehen lassen. Spanplattenschrauben mit Zylinderkopf\/Birnenkopf sind in verzinkter und [&hellip;]<\/p>\n","protected":false},"featured_media":27179,"comment_status":"open","ping_status":"closed","template":"","meta":[],"product_brand":[],"product_cat":[577,534],"product_tag":[],"class_list":{"0":"post-27332","1":"product","2":"type-product","3":"status-publish","4":"has-post-thumbnail","6":"product_cat-kugel-zylinderkopfschrauben","7":"product_cat-schrauben","8":"pa_draad-vollgewinde","10":"first","11":"instock","12":"taxable","13":"shipping-taxable","14":"purchasable","15":"product-type-simple"},"supplier_id":null,"supplier_sku":"","barcode":null,"atum_controlled":true,"out_stock_date":null,"out_stock_threshold":null,"inheritable":false,"inbound_stock":0,"stock_on_hold":0,"sold_today":0,"sales_last_days":0,"reserved_stock":0,"customer_returns":0,"warehouse_damage":0,"lost_in_post":0,"other_logs":0,"out_stock_days":0,"lost_sales":0,"has_location":false,"update_date":"2026-04-12T01:01:06","atum_locations":[],"atum_stock_status":"instock","restock_status":false,"low_stock_amount":"","sales_update_date":"2026-04-12T01:01:06","calc_backorders":null,"acf":[],"yoast_head":"<!-- This site is optimized with the Yoast SEO plugin v26.6 - https:\/\/yoast.com\/wordpress\/plugins\/seo\/ -->\n<title>Schraubendreher Rundkopfschrauben mit Vollgewinde 4.0 x 50 TX-20 200St. - Schroevendump<\/title>\n<meta name=\"robots\" content=\"index, follow, max-snippet:-1, max-image-preview:large, max-video-preview:-1\" \/>\n<link rel=\"canonical\" href=\"https:\/\/schroevendump.nl\/de\/produkt\/schraubendreher-rundkopfschrauben-mit-vollgewinde-4-0-x-50-tx-20-200st\/\" \/>\n<meta property=\"og:locale\" content=\"de_DE\" \/>\n<meta property=\"og:type\" content=\"article\" \/>\n<meta property=\"og:title\" content=\"Schraubendreher Rundkopfschrauben mit Vollgewinde 4.0 x 50 TX-20 200St. - Schroevendump\" \/>\n<meta property=\"og:description\" content=\"Die Zylinderkopf- oder Kugelkopfversion eignet sich ideal f\u00fcr Installationszwecke. Die flache Unterseite des Kopfes schmiegt sich vollst\u00e4ndig an den Untergrund an und sorgt so f\u00fcr einen attraktiven und dichten Abschluss. Diese Spanplattenschrauben haben einen Torx-Antrieb. Die Schrauben sind mit einem Schmiermittel versehen, damit sie sich leichter eindrehen lassen. Spanplattenschrauben mit Zylinderkopf\/Birnenkopf sind in verzinkter und [&hellip;]\" \/>\n<meta property=\"og:url\" content=\"https:\/\/schroevendump.nl\/de\/produkt\/schraubendreher-rundkopfschrauben-mit-vollgewinde-4-0-x-50-tx-20-200st\/\" \/>\n<meta property=\"og:site_name\" content=\"Schroevendump\" \/>\n<meta property=\"article:modified_time\" content=\"2026-04-02T08:21:58+00:00\" \/>\n<meta property=\"og:image\" content=\"https:\/\/schroevendump.nl\/wp-content\/uploads\/2024\/08\/804-panhead-torx.png\" \/>\n\t<meta property=\"og:image:width\" content=\"710\" \/>\n\t<meta property=\"og:image:height\" content=\"710\" \/>\n\t<meta property=\"og:image:type\" content=\"image\/png\" \/>\n<meta name=\"twitter:card\" content=\"summary_large_image\" \/>\n<meta name=\"twitter:label1\" content=\"Gesch\u00e4tzte Lesezeit\" \/>\n\t<meta name=\"twitter:data1\" content=\"1\u00a0Minute\" \/>\n<script type=\"application\/ld+json\" class=\"yoast-schema-graph\">{\"@context\":\"https:\/\/schema.org\",\"@graph\":[{\"@type\":\"WebPage\",\"@id\":\"https:\/\/schroevendump.nl\/de\/produkt\/schraubendreher-rundkopfschrauben-mit-vollgewinde-4-0-x-50-tx-20-200st\/\",\"url\":\"https:\/\/schroevendump.nl\/de\/produkt\/schraubendreher-rundkopfschrauben-mit-vollgewinde-4-0-x-50-tx-20-200st\/\",\"name\":\"Schraubendreher Rundkopfschrauben mit Vollgewinde 4.0 x 50 TX-20 200St. - Schroevendump\",\"isPartOf\":{\"@id\":\"https:\/\/schroevendump.nl\/de\/#website\"},\"primaryImageOfPage\":{\"@id\":\"https:\/\/schroevendump.nl\/de\/produkt\/schraubendreher-rundkopfschrauben-mit-vollgewinde-4-0-x-50-tx-20-200st\/#primaryimage\"},\"image\":{\"@id\":\"https:\/\/schroevendump.nl\/de\/produkt\/schraubendreher-rundkopfschrauben-mit-vollgewinde-4-0-x-50-tx-20-200st\/#primaryimage\"},\"thumbnailUrl\":\"https:\/\/schroevendump.nl\/wp-content\/uploads\/2024\/08\/804-panhead-torx.png\",\"datePublished\":\"2024-11-07T22:18:55+00:00\",\"dateModified\":\"2026-04-02T08:21:58+00:00\",\"breadcrumb\":{\"@id\":\"https:\/\/schroevendump.nl\/de\/produkt\/schraubendreher-rundkopfschrauben-mit-vollgewinde-4-0-x-50-tx-20-200st\/#breadcrumb\"},\"inLanguage\":\"de\",\"potentialAction\":[{\"@type\":\"ReadAction\",\"target\":[\"https:\/\/schroevendump.nl\/de\/produkt\/schraubendreher-rundkopfschrauben-mit-vollgewinde-4-0-x-50-tx-20-200st\/\"]}]},{\"@type\":\"ImageObject\",\"inLanguage\":\"de\",\"@id\":\"https:\/\/schroevendump.nl\/de\/produkt\/schraubendreher-rundkopfschrauben-mit-vollgewinde-4-0-x-50-tx-20-200st\/#primaryimage\",\"url\":\"https:\/\/schroevendump.nl\/wp-content\/uploads\/2024\/08\/804-panhead-torx.png\",\"contentUrl\":\"https:\/\/schroevendump.nl\/wp-content\/uploads\/2024\/08\/804-panhead-torx.png\",\"width\":710,\"height\":710},{\"@type\":\"BreadcrumbList\",\"@id\":\"https:\/\/schroevendump.nl\/de\/produkt\/schraubendreher-rundkopfschrauben-mit-vollgewinde-4-0-x-50-tx-20-200st\/#breadcrumb\",\"itemListElement\":[{\"@type\":\"ListItem\",\"position\":1,\"name\":\"Startseite\",\"item\":\"https:\/\/schroevendump.nl\/de\/\"},{\"@type\":\"ListItem\",\"position\":2,\"name\":\"Shop\",\"item\":\"https:\/\/schroevendump.nl\/de\/shop\/\"},{\"@type\":\"ListItem\",\"position\":3,\"name\":\"Schraubendreher Rundkopfschrauben mit Vollgewinde 4.0 x 50 TX-20 200St.\"}]},{\"@type\":\"WebSite\",\"@id\":\"https:\/\/schroevendump.nl\/de\/#website\",\"url\":\"https:\/\/schroevendump.nl\/de\/\",\"name\":\"Schroevendump\",\"description\":\"\",\"potentialAction\":[{\"@type\":\"SearchAction\",\"target\":{\"@type\":\"EntryPoint\",\"urlTemplate\":\"https:\/\/schroevendump.nl\/de\/?s={search_term_string}\"},\"query-input\":{\"@type\":\"PropertyValueSpecification\",\"valueRequired\":true,\"valueName\":\"search_term_string\"}}],\"inLanguage\":\"de\"}]}<\/script>\n<!-- \/ Yoast SEO plugin. -->","yoast_head_json":{"title":"Schraubendreher Rundkopfschrauben mit Vollgewinde 4.0 x 50 TX-20 200St. - Schroevendump","robots":{"index":"index","follow":"follow","max-snippet":"max-snippet:-1","max-image-preview":"max-image-preview:large","max-video-preview":"max-video-preview:-1"},"canonical":"https:\/\/schroevendump.nl\/de\/produkt\/schraubendreher-rundkopfschrauben-mit-vollgewinde-4-0-x-50-tx-20-200st\/","og_locale":"de_DE","og_type":"article","og_title":"Schraubendreher Rundkopfschrauben mit Vollgewinde 4.0 x 50 TX-20 200St. - Schroevendump","og_description":"Die Zylinderkopf- oder Kugelkopfversion eignet sich ideal f\u00fcr Installationszwecke. Die flache Unterseite des Kopfes schmiegt sich vollst\u00e4ndig an den Untergrund an und sorgt so f\u00fcr einen attraktiven und dichten Abschluss. Diese Spanplattenschrauben haben einen Torx-Antrieb. Die Schrauben sind mit einem Schmiermittel versehen, damit sie sich leichter eindrehen lassen. Spanplattenschrauben mit Zylinderkopf\/Birnenkopf sind in verzinkter und [&hellip;]","og_url":"https:\/\/schroevendump.nl\/de\/produkt\/schraubendreher-rundkopfschrauben-mit-vollgewinde-4-0-x-50-tx-20-200st\/","og_site_name":"Schroevendump","article_modified_time":"2026-04-02T08:21:58+00:00","og_image":[{"width":710,"height":710,"url":"https:\/\/schroevendump.nl\/wp-content\/uploads\/2024\/08\/804-panhead-torx.png","type":"image\/png"}],"twitter_card":"summary_large_image","twitter_misc":{"Gesch\u00e4tzte Lesezeit":"1\u00a0Minute"},"schema":{"@context":"https:\/\/schema.org","@graph":[{"@type":"WebPage","@id":"https:\/\/schroevendump.nl\/de\/produkt\/schraubendreher-rundkopfschrauben-mit-vollgewinde-4-0-x-50-tx-20-200st\/","url":"https:\/\/schroevendump.nl\/de\/produkt\/schraubendreher-rundkopfschrauben-mit-vollgewinde-4-0-x-50-tx-20-200st\/","name":"Schraubendreher Rundkopfschrauben mit Vollgewinde 4.0 x 50 TX-20 200St. - Schroevendump","isPartOf":{"@id":"https:\/\/schroevendump.nl\/de\/#website"},"primaryImageOfPage":{"@id":"https:\/\/schroevendump.nl\/de\/produkt\/schraubendreher-rundkopfschrauben-mit-vollgewinde-4-0-x-50-tx-20-200st\/#primaryimage"},"image":{"@id":"https:\/\/schroevendump.nl\/de\/produkt\/schraubendreher-rundkopfschrauben-mit-vollgewinde-4-0-x-50-tx-20-200st\/#primaryimage"},"thumbnailUrl":"https:\/\/schroevendump.nl\/wp-content\/uploads\/2024\/08\/804-panhead-torx.png","datePublished":"2024-11-07T22:18:55+00:00","dateModified":"2026-04-02T08:21:58+00:00","breadcrumb":{"@id":"https:\/\/schroevendump.nl\/de\/produkt\/schraubendreher-rundkopfschrauben-mit-vollgewinde-4-0-x-50-tx-20-200st\/#breadcrumb"},"inLanguage":"de","potentialAction":[{"@type":"ReadAction","target":["https:\/\/schroevendump.nl\/de\/produkt\/schraubendreher-rundkopfschrauben-mit-vollgewinde-4-0-x-50-tx-20-200st\/"]}]},{"@type":"ImageObject","inLanguage":"de","@id":"https:\/\/schroevendump.nl\/de\/produkt\/schraubendreher-rundkopfschrauben-mit-vollgewinde-4-0-x-50-tx-20-200st\/#primaryimage","url":"https:\/\/schroevendump.nl\/wp-content\/uploads\/2024\/08\/804-panhead-torx.png","contentUrl":"https:\/\/schroevendump.nl\/wp-content\/uploads\/2024\/08\/804-panhead-torx.png","width":710,"height":710},{"@type":"BreadcrumbList","@id":"https:\/\/schroevendump.nl\/de\/produkt\/schraubendreher-rundkopfschrauben-mit-vollgewinde-4-0-x-50-tx-20-200st\/#breadcrumb","itemListElement":[{"@type":"ListItem","position":1,"name":"Startseite","item":"https:\/\/schroevendump.nl\/de\/"},{"@type":"ListItem","position":2,"name":"Shop","item":"https:\/\/schroevendump.nl\/de\/shop\/"},{"@type":"ListItem","position":3,"name":"Schraubendreher Rundkopfschrauben mit Vollgewinde 4.0 x 50 TX-20 200St."}]},{"@type":"WebSite","@id":"https:\/\/schroevendump.nl\/de\/#website","url":"https:\/\/schroevendump.nl\/de\/","name":"Schroevendump","description":"","potentialAction":[{"@type":"SearchAction","target":{"@type":"EntryPoint","urlTemplate":"https:\/\/schroevendump.nl\/de\/?s={search_term_string}"},"query-input":{"@type":"PropertyValueSpecification","valueRequired":true,"valueName":"search_term_string"}}],"inLanguage":"de"}]}},"_links":{"self":[{"href":"https:\/\/schroevendump.nl\/de\/wp-json\/wp\/v2\/product\/27332","targetHints":{"allow":["GET"]}}],"collection":[{"href":"https:\/\/schroevendump.nl\/de\/wp-json\/wp\/v2\/product"}],"about":[{"href":"https:\/\/schroevendump.nl\/de\/wp-json\/wp\/v2\/types\/product"}],"replies":[{"embeddable":true,"href":"https:\/\/schroevendump.nl\/de\/wp-json\/wp\/v2\/comments?post=27332"}],"wp:featuredmedia":[{"embeddable":true,"href":"https:\/\/schroevendump.nl\/de\/wp-json\/wp\/v2\/media\/27179"}],"wp:attachment":[{"href":"https:\/\/schroevendump.nl\/de\/wp-json\/wp\/v2\/media?parent=27332"}],"wp:term":[{"taxonomy":"product_brand","embeddable":true,"href":"https:\/\/schroevendump.nl\/de\/wp-json\/wp\/v2\/product_brand?post=27332"},{"taxonomy":"product_cat","embeddable":true,"href":"https:\/\/schroevendump.nl\/de\/wp-json\/wp\/v2\/product_cat?post=27332"},{"taxonomy":"product_tag","embeddable":true,"href":"https:\/\/schroevendump.nl\/de\/wp-json\/wp\/v2\/product_tag?post=27332"}],"curies":[{"name":"wp","href":"https:\/\/api.w.org\/{rel}","templated":true}]}}