{"id":27418,"date":"2024-11-06T13:00:26","date_gmt":"2024-11-06T13:00:26","guid":{"rendered":"https:\/\/schroevendump.nl\/product\/silvermate-spanplattenschrauben-vollgewinde-35-x-35-tx-10-verzinkt-200-stueck\/"},"modified":"2025-12-10T11:12:37","modified_gmt":"2025-12-10T11:12:37","slug":"silvermate-spanplattenschrauben-vollgewinde-35-x-35-tx-10-verzinkt-200-stueck","status":"publish","type":"product","link":"https:\/\/schroevendump.nl\/de\/produkt\/silvermate-spanplattenschrauben-vollgewinde-35-x-35-tx-10-verzinkt-200-stueck\/","title":{"rendered":"Silvermate Spanplattenschrauben Vollgewinde 3,5 x 35 TX-10 verzinkt 200 St\u00fcck"},"content":{"rendered":"<h4>Spanplattenschrauben silvermate<\/h4>\n<p>Als einzigartige Schraube auf dem Markt haben die Schrauben der SilverMate Next Generation ihre eigene optimale Steigung und spezifische Merkmale f\u00fcr jede L\u00e4nge und jeden Durchmesser, die leicht oder stark eingepasst sind.<\/p>\n<p>Kurze Schrauben hingegen haben eine kleinere Steigung, um einen hohen Ausrei\u00dfwert zu erreichen. Die l\u00e4ngeren Schrauben, von 60mm bis 200mm, haben eine zunehmende Steigung, so dass diese Schrauben schneller eingedreht werden k\u00f6nnen.  Die heutigen Schraubendreher werden immer st\u00e4rker und schneller und sparen so eine Menge Zeit.<\/p>\n<p>Der Fokus der SilverMate Next-Generation liegt auf 4 Funktionen, die den bekanntesten A-Marken mindestens ebenb\u00fcrtig sind:<\/p>\n<p><b>1)<\/b> Mit <b>wenig Anpressdruck<\/b> geht die SilverMate Next Generation Schraube schon bei den ersten Umdrehungen ins Holz. Vor allem bei Schrauben mit einer Fr\u00e4sspitze vom Typ 17 erfordert dies oft viel mehr Druck.<br \/>\n<b>2)<\/b> SilverMate Schrauben der n\u00e4chsten Generation <b>brechen<\/b> unter hoher Schraubendreherbelastung <b>deutlich weniger ab<\/b>. Durchmesser 4.0, 4.5 und 5.0 sind verst\u00e4rkt.<br \/>\n<b>3)<\/b> Die Schrauben der SilverMate Next Generation <b>sind sp\u00fcrbar leichter<\/b> als die fast aller anderen auf dem Markt erh\u00e4ltlichen Marken. Insbesondere bei den l\u00e4ngeren Gr\u00f6\u00dfen mit 5,0 und 6,0 Durchmesser ist der Einschraubwiderstand um 25-30 % geringer.<br \/>\n<b>4)<\/b> Die Schrauben der SilverMate Next Generation haben aufgrund des speziellen <i>Fr\u00e4sgewindes<\/i> an der Spitze ein <b>geringes Spaltrisiko<\/b>, wenn die Schraube in der N\u00e4he des Endes eines Brettes oder einer Leiste verwendet wird.<\/p>\n<p>SilverMate Spanplattenschrauben haben einen Torx (TX) Antrieb. Die Schraube ist mit einem doppelten Flachkopf ausgestattet, der sie zu einer der st\u00e4rksten ihrer Art macht.<br \/>\nDiese Spanplattenschrauben sind in einer verzinkten Version erh\u00e4ltlich. <\/p>\n<p>Spanplattenschrauben werden in einer sehr breiten Palette von Anwendungen eingesetzt und garantieren eine problemlose Verarbeitung. Die Schrauben werden nach der Produktion streng kontrolliert. So k\u00f6nnen Sie sicher sein, dass Sie nur mit hochwertigen Schrauben arbeiten, die gratfrei und superstark sind.  Die Schrauben tragen daher ein CE- und ein ETA-G\u00fctesiegel, mit denen der Hersteller angibt, dass das Produkt den Anforderungen an Sicherheit, Gesundheit, Umwelt und Verbraucherschutz entspricht.<\/p>\n<p>Wof\u00fcr sind Spanplattenschrauben geeignet?<\/p>\n<p>SilverMate Spanplattenschrauben eignen sich perfekt f\u00fcr die Verwendung in verschiedenen Holzarten f\u00fcr den Innenbereich wie Fichte, Kiefer, Sperrholz, Unterlagsplatten aus Plattenmaterial. Die idealen Qualit\u00e4tsschrauben f\u00fcr Konstruktionen wie Vorw\u00e4nde, Verkleidungsschrauben, Verkleidungen und Dachkonstruktionen <\/p>\n<p>Torx-Schrauben gibt es in verschiedenen Ausf\u00fchrungen. Sie haben Teilgewinde und Vollgewinde.  Teilgewinde bedeutet, dass die Schraube teilweise mit einem Gewinde versehen ist. Die Schraube wird h\u00e4ufig zum Festziehen von Holzverbindungen verwendet, z.B. zum Herstellen von W\u00e4nden, Harken von Decken, Montieren von Brettern, Befestigen von Holzbrettern usw. Vollgewindeschrauben sind das Gegenteil von Schraubengewinde. Bei Holzschrauben mit Schraubgewinde verl\u00e4uft das Gewinde bis zum oberen Ende des Holzes.    <\/p>\n<p>Der Antrieb einer Schraube ist ebenfalls sehr wichtig. Es gibt verschiedene Arten, denken Sie zum Beispiel an die Kreuzschlitzschraube (Pozidriv).  Dies ist die bisher am h\u00e4ufigsten verwendete Schraube auf dem Markt. Auf dem Vormarsch sind Torx-Schrauben. Mit einem Torx-Antrieb hat Ihr Werkzeug viel Halt an der Schraube, so dass Ihre Maschine nicht abrutscht. Das ist einer der Gr\u00fcnde, warum wir nur Torx-Schrauben verkaufen. Wir verkaufen auch den passenden Bit f\u00fcr jede Schraube. Kaufen Sie also alle Ihre Schrauben online bei screwdump.com     <\/p>\n<p>&nbsp;<\/p>\n<p>Bei der SilverMate Next Generation hat sich die Verpackung ge\u00e4ndert. Die vertraute Schachtel ist die gleiche geblieben, aber sie hat jetzt kein Sichtfenster mehr, so dass sie bei der M\u00fclltrennung kein Plastik mehr enth\u00e4lt. <\/p>\n<p>Holen Sie sich Qualit\u00e4t zum besten Preis bei screwdump.de und werfen Sie einen Blick auf unsere <a href=\"https:\/\/www.instagram.com\/schroevendump\/\">Instragram-Seite.<\/a><\/p>\n","protected":false},"excerpt":{"rendered":"<p>Spanplattenschrauben silvermate Als einzigartige Schraube auf dem Markt haben die Schrauben der SilverMate Next Generation ihre eigene optimale Steigung und spezifische Merkmale f\u00fcr jede L\u00e4nge und jeden Durchmesser, die leicht oder stark eingepasst sind. Kurze Schrauben hingegen haben eine kleinere Steigung, um einen hohen Ausrei\u00dfwert zu erreichen. Die l\u00e4ngeren Schrauben, von 60mm bis 200mm, haben [&hellip;]<\/p>\n","protected":false},"featured_media":27409,"comment_status":"open","ping_status":"closed","template":"","meta":[],"product_brand":[],"product_cat":[381],"product_tag":[],"class_list":{"0":"post-27418","1":"product","2":"type-product","3":"status-publish","4":"has-post-thumbnail","6":"product_cat-nicht-kategorisiert","7":"pa_draad-vollgewinde","9":"first","10":"instock","11":"taxable","12":"shipping-taxable","13":"purchasable","14":"product-type-simple"},"supplier_id":null,"supplier_sku":"","barcode":null,"atum_controlled":true,"out_stock_date":null,"out_stock_threshold":null,"inheritable":false,"inbound_stock":0,"stock_on_hold":0,"sold_today":0,"sales_last_days":0,"reserved_stock":0,"customer_returns":0,"warehouse_damage":0,"lost_in_post":0,"other_logs":0,"out_stock_days":0,"lost_sales":0,"has_location":false,"update_date":"2026-04-04T00:56:57","atum_locations":[],"atum_stock_status":"instock","restock_status":false,"low_stock_amount":"","sales_update_date":"2026-04-04T00:56:57","calc_backorders":null,"acf":[],"yoast_head":"<!-- This site is optimized with the Yoast SEO plugin v26.6 - https:\/\/yoast.com\/wordpress\/plugins\/seo\/ -->\n<title>Silvermate Spanplattenschrauben Vollgewinde 3,5 x 35 TX-10 verzinkt 200 St\u00fcck - Schroevendump<\/title>\n<meta name=\"robots\" content=\"index, follow, max-snippet:-1, max-image-preview:large, max-video-preview:-1\" \/>\n<link rel=\"canonical\" href=\"https:\/\/schroevendump.nl\/de\/produkt\/silvermate-spanplattenschrauben-vollgewinde-35-x-35-tx-10-verzinkt-200-stueck\/\" \/>\n<meta property=\"og:locale\" content=\"de_DE\" \/>\n<meta property=\"og:type\" content=\"article\" \/>\n<meta property=\"og:title\" content=\"Silvermate Spanplattenschrauben Vollgewinde 3,5 x 35 TX-10 verzinkt 200 St\u00fcck - Schroevendump\" \/>\n<meta property=\"og:description\" content=\"Spanplattenschrauben silvermate Als einzigartige Schraube auf dem Markt haben die Schrauben der SilverMate Next Generation ihre eigene optimale Steigung und spezifische Merkmale f\u00fcr jede L\u00e4nge und jeden Durchmesser, die leicht oder stark eingepasst sind. Kurze Schrauben hingegen haben eine kleinere Steigung, um einen hohen Ausrei\u00dfwert zu erreichen. Die l\u00e4ngeren Schrauben, von 60mm bis 200mm, haben [&hellip;]\" \/>\n<meta property=\"og:url\" content=\"https:\/\/schroevendump.nl\/de\/produkt\/silvermate-spanplattenschrauben-vollgewinde-35-x-35-tx-10-verzinkt-200-stueck\/\" \/>\n<meta property=\"og:site_name\" content=\"Schroevendump\" \/>\n<meta property=\"article:modified_time\" content=\"2025-12-10T11:12:37+00:00\" \/>\n<meta property=\"og:image\" content=\"https:\/\/schroevendump.nl\/wp-content\/uploads\/2024\/11\/voldraad_silvermate_5-removebg-e1730894169968.png\" \/>\n\t<meta property=\"og:image:width\" content=\"2000\" \/>\n\t<meta property=\"og:image:height\" content=\"1444\" \/>\n\t<meta property=\"og:image:type\" content=\"image\/png\" \/>\n<meta name=\"twitter:card\" content=\"summary_large_image\" \/>\n<meta name=\"twitter:label1\" content=\"Gesch\u00e4tzte Lesezeit\" \/>\n\t<meta name=\"twitter:data1\" content=\"3\u00a0Minute\" \/>\n<script type=\"application\/ld+json\" class=\"yoast-schema-graph\">{\"@context\":\"https:\/\/schema.org\",\"@graph\":[{\"@type\":\"WebPage\",\"@id\":\"https:\/\/schroevendump.nl\/de\/produkt\/silvermate-spanplattenschrauben-vollgewinde-35-x-35-tx-10-verzinkt-200-stueck\/\",\"url\":\"https:\/\/schroevendump.nl\/de\/produkt\/silvermate-spanplattenschrauben-vollgewinde-35-x-35-tx-10-verzinkt-200-stueck\/\",\"name\":\"Silvermate Spanplattenschrauben Vollgewinde 3,5 x 35 TX-10 verzinkt 200 St\u00fcck - Schroevendump\",\"isPartOf\":{\"@id\":\"https:\/\/schroevendump.nl\/de\/#website\"},\"primaryImageOfPage\":{\"@id\":\"https:\/\/schroevendump.nl\/de\/produkt\/silvermate-spanplattenschrauben-vollgewinde-35-x-35-tx-10-verzinkt-200-stueck\/#primaryimage\"},\"image\":{\"@id\":\"https:\/\/schroevendump.nl\/de\/produkt\/silvermate-spanplattenschrauben-vollgewinde-35-x-35-tx-10-verzinkt-200-stueck\/#primaryimage\"},\"thumbnailUrl\":\"https:\/\/schroevendump.nl\/wp-content\/uploads\/2024\/11\/voldraad_silvermate_5-removebg-e1730894169968.png\",\"datePublished\":\"2024-11-06T13:00:26+00:00\",\"dateModified\":\"2025-12-10T11:12:37+00:00\",\"breadcrumb\":{\"@id\":\"https:\/\/schroevendump.nl\/de\/produkt\/silvermate-spanplattenschrauben-vollgewinde-35-x-35-tx-10-verzinkt-200-stueck\/#breadcrumb\"},\"inLanguage\":\"de\",\"potentialAction\":[{\"@type\":\"ReadAction\",\"target\":[\"https:\/\/schroevendump.nl\/de\/produkt\/silvermate-spanplattenschrauben-vollgewinde-35-x-35-tx-10-verzinkt-200-stueck\/\"]}]},{\"@type\":\"ImageObject\",\"inLanguage\":\"de\",\"@id\":\"https:\/\/schroevendump.nl\/de\/produkt\/silvermate-spanplattenschrauben-vollgewinde-35-x-35-tx-10-verzinkt-200-stueck\/#primaryimage\",\"url\":\"https:\/\/schroevendump.nl\/wp-content\/uploads\/2024\/11\/voldraad_silvermate_5-removebg-e1730894169968.png\",\"contentUrl\":\"https:\/\/schroevendump.nl\/wp-content\/uploads\/2024\/11\/voldraad_silvermate_5-removebg-e1730894169968.png\",\"width\":2000,\"height\":1444},{\"@type\":\"BreadcrumbList\",\"@id\":\"https:\/\/schroevendump.nl\/de\/produkt\/silvermate-spanplattenschrauben-vollgewinde-35-x-35-tx-10-verzinkt-200-stueck\/#breadcrumb\",\"itemListElement\":[{\"@type\":\"ListItem\",\"position\":1,\"name\":\"Startseite\",\"item\":\"https:\/\/schroevendump.nl\/de\/\"},{\"@type\":\"ListItem\",\"position\":2,\"name\":\"Shop\",\"item\":\"https:\/\/schroevendump.nl\/de\/shop\/\"},{\"@type\":\"ListItem\",\"position\":3,\"name\":\"Silvermate Spanplattenschrauben Vollgewinde 3,5 x 35 TX-10 verzinkt 200 St\u00fcck\"}]},{\"@type\":\"WebSite\",\"@id\":\"https:\/\/schroevendump.nl\/de\/#website\",\"url\":\"https:\/\/schroevendump.nl\/de\/\",\"name\":\"Schroevendump\",\"description\":\"\",\"potentialAction\":[{\"@type\":\"SearchAction\",\"target\":{\"@type\":\"EntryPoint\",\"urlTemplate\":\"https:\/\/schroevendump.nl\/de\/?s={search_term_string}\"},\"query-input\":{\"@type\":\"PropertyValueSpecification\",\"valueRequired\":true,\"valueName\":\"search_term_string\"}}],\"inLanguage\":\"de\"}]}<\/script>\n<!-- \/ Yoast SEO plugin. -->","yoast_head_json":{"title":"Silvermate Spanplattenschrauben Vollgewinde 3,5 x 35 TX-10 verzinkt 200 St\u00fcck - Schroevendump","robots":{"index":"index","follow":"follow","max-snippet":"max-snippet:-1","max-image-preview":"max-image-preview:large","max-video-preview":"max-video-preview:-1"},"canonical":"https:\/\/schroevendump.nl\/de\/produkt\/silvermate-spanplattenschrauben-vollgewinde-35-x-35-tx-10-verzinkt-200-stueck\/","og_locale":"de_DE","og_type":"article","og_title":"Silvermate Spanplattenschrauben Vollgewinde 3,5 x 35 TX-10 verzinkt 200 St\u00fcck - Schroevendump","og_description":"Spanplattenschrauben silvermate Als einzigartige Schraube auf dem Markt haben die Schrauben der SilverMate Next Generation ihre eigene optimale Steigung und spezifische Merkmale f\u00fcr jede L\u00e4nge und jeden Durchmesser, die leicht oder stark eingepasst sind. Kurze Schrauben hingegen haben eine kleinere Steigung, um einen hohen Ausrei\u00dfwert zu erreichen. Die l\u00e4ngeren Schrauben, von 60mm bis 200mm, haben [&hellip;]","og_url":"https:\/\/schroevendump.nl\/de\/produkt\/silvermate-spanplattenschrauben-vollgewinde-35-x-35-tx-10-verzinkt-200-stueck\/","og_site_name":"Schroevendump","article_modified_time":"2025-12-10T11:12:37+00:00","og_image":[{"width":2000,"height":1444,"url":"https:\/\/schroevendump.nl\/wp-content\/uploads\/2024\/11\/voldraad_silvermate_5-removebg-e1730894169968.png","type":"image\/png"}],"twitter_card":"summary_large_image","twitter_misc":{"Gesch\u00e4tzte Lesezeit":"3\u00a0Minute"},"schema":{"@context":"https:\/\/schema.org","@graph":[{"@type":"WebPage","@id":"https:\/\/schroevendump.nl\/de\/produkt\/silvermate-spanplattenschrauben-vollgewinde-35-x-35-tx-10-verzinkt-200-stueck\/","url":"https:\/\/schroevendump.nl\/de\/produkt\/silvermate-spanplattenschrauben-vollgewinde-35-x-35-tx-10-verzinkt-200-stueck\/","name":"Silvermate Spanplattenschrauben Vollgewinde 3,5 x 35 TX-10 verzinkt 200 St\u00fcck - Schroevendump","isPartOf":{"@id":"https:\/\/schroevendump.nl\/de\/#website"},"primaryImageOfPage":{"@id":"https:\/\/schroevendump.nl\/de\/produkt\/silvermate-spanplattenschrauben-vollgewinde-35-x-35-tx-10-verzinkt-200-stueck\/#primaryimage"},"image":{"@id":"https:\/\/schroevendump.nl\/de\/produkt\/silvermate-spanplattenschrauben-vollgewinde-35-x-35-tx-10-verzinkt-200-stueck\/#primaryimage"},"thumbnailUrl":"https:\/\/schroevendump.nl\/wp-content\/uploads\/2024\/11\/voldraad_silvermate_5-removebg-e1730894169968.png","datePublished":"2024-11-06T13:00:26+00:00","dateModified":"2025-12-10T11:12:37+00:00","breadcrumb":{"@id":"https:\/\/schroevendump.nl\/de\/produkt\/silvermate-spanplattenschrauben-vollgewinde-35-x-35-tx-10-verzinkt-200-stueck\/#breadcrumb"},"inLanguage":"de","potentialAction":[{"@type":"ReadAction","target":["https:\/\/schroevendump.nl\/de\/produkt\/silvermate-spanplattenschrauben-vollgewinde-35-x-35-tx-10-verzinkt-200-stueck\/"]}]},{"@type":"ImageObject","inLanguage":"de","@id":"https:\/\/schroevendump.nl\/de\/produkt\/silvermate-spanplattenschrauben-vollgewinde-35-x-35-tx-10-verzinkt-200-stueck\/#primaryimage","url":"https:\/\/schroevendump.nl\/wp-content\/uploads\/2024\/11\/voldraad_silvermate_5-removebg-e1730894169968.png","contentUrl":"https:\/\/schroevendump.nl\/wp-content\/uploads\/2024\/11\/voldraad_silvermate_5-removebg-e1730894169968.png","width":2000,"height":1444},{"@type":"BreadcrumbList","@id":"https:\/\/schroevendump.nl\/de\/produkt\/silvermate-spanplattenschrauben-vollgewinde-35-x-35-tx-10-verzinkt-200-stueck\/#breadcrumb","itemListElement":[{"@type":"ListItem","position":1,"name":"Startseite","item":"https:\/\/schroevendump.nl\/de\/"},{"@type":"ListItem","position":2,"name":"Shop","item":"https:\/\/schroevendump.nl\/de\/shop\/"},{"@type":"ListItem","position":3,"name":"Silvermate Spanplattenschrauben Vollgewinde 3,5 x 35 TX-10 verzinkt 200 St\u00fcck"}]},{"@type":"WebSite","@id":"https:\/\/schroevendump.nl\/de\/#website","url":"https:\/\/schroevendump.nl\/de\/","name":"Schroevendump","description":"","potentialAction":[{"@type":"SearchAction","target":{"@type":"EntryPoint","urlTemplate":"https:\/\/schroevendump.nl\/de\/?s={search_term_string}"},"query-input":{"@type":"PropertyValueSpecification","valueRequired":true,"valueName":"search_term_string"}}],"inLanguage":"de"}]}},"_links":{"self":[{"href":"https:\/\/schroevendump.nl\/de\/wp-json\/wp\/v2\/product\/27418","targetHints":{"allow":["GET"]}}],"collection":[{"href":"https:\/\/schroevendump.nl\/de\/wp-json\/wp\/v2\/product"}],"about":[{"href":"https:\/\/schroevendump.nl\/de\/wp-json\/wp\/v2\/types\/product"}],"replies":[{"embeddable":true,"href":"https:\/\/schroevendump.nl\/de\/wp-json\/wp\/v2\/comments?post=27418"}],"wp:featuredmedia":[{"embeddable":true,"href":"https:\/\/schroevendump.nl\/de\/wp-json\/wp\/v2\/media\/27409"}],"wp:attachment":[{"href":"https:\/\/schroevendump.nl\/de\/wp-json\/wp\/v2\/media?parent=27418"}],"wp:term":[{"taxonomy":"product_brand","embeddable":true,"href":"https:\/\/schroevendump.nl\/de\/wp-json\/wp\/v2\/product_brand?post=27418"},{"taxonomy":"product_cat","embeddable":true,"href":"https:\/\/schroevendump.nl\/de\/wp-json\/wp\/v2\/product_cat?post=27418"},{"taxonomy":"product_tag","embeddable":true,"href":"https:\/\/schroevendump.nl\/de\/wp-json\/wp\/v2\/product_tag?post=27418"}],"curies":[{"name":"wp","href":"https:\/\/api.w.org\/{rel}","templated":true}]}}