{"id":27579,"date":"2024-11-27T20:43:18","date_gmt":"2024-11-27T20:43:18","guid":{"rendered":"https:\/\/schroevendump.nl\/product\/schraubendreher-ph-3-25mm-stahl\/"},"modified":"2025-12-10T11:24:42","modified_gmt":"2025-12-10T11:24:42","slug":"schraubendreher-ph-3-25mm-stahl","status":"publish","type":"product","link":"https:\/\/schroevendump.nl\/de\/produkt\/schraubendreher-ph-3-25mm-stahl\/","title":{"rendered":"Schraubendreher PH-3 25mm Stahl"},"content":{"rendered":"<p>Bits zum Eindrehen von z.B. Schrauben Sie Spanplattenschrauben oder andere Befestigungsmittel, die einen Kreuzschlitzanschluss haben. Erh\u00e4ltlich in 3 Phillips-Anschl\u00fcssen, n\u00e4mlich PH1, PH2 und PH3. F\u00fcr verschiedene Einschraubanwendungen sind die Bits in verschiedenen L\u00e4ngen erh\u00e4ltlich, n\u00e4mlich 25 und 50 mm lang. F\u00fcr absolute Spitzenqualit\u00e4t w\u00e4hlen Sie Schroevendump Titan-Bits mit einer Titanbeschichtung. Diese Goldbits sind extrem haltbar und haben einen gro\u00dfartigen Halt im Schraubenkopf.<br \/>\nDer Schraubmaschinenanschluss aller Schraubendreherbits ist ein \u00bc&#8221; Sechskant.<\/p>\n<p><b>Anwendung<\/b><br \/>\nEinschrauben von Befestigungselementen, die eine Kreuzschlitzverbindung haben<\/p>\n","protected":false},"excerpt":{"rendered":"<p>Bits zum Eindrehen von z.B. Schrauben Sie Spanplattenschrauben oder andere Befestigungsmittel, die einen Kreuzschlitzanschluss haben. Erh\u00e4ltlich in 3 Phillips-Anschl\u00fcssen, n\u00e4mlich PH1, PH2 und PH3. F\u00fcr verschiedene Einschraubanwendungen sind die Bits in verschiedenen L\u00e4ngen erh\u00e4ltlich, n\u00e4mlich 25 und 50 mm lang. F\u00fcr absolute Spitzenqualit\u00e4t w\u00e4hlen Sie Schroevendump Titan-Bits mit einer Titanbeschichtung. Diese Goldbits sind extrem haltbar [&hellip;]<\/p>\n","protected":false},"featured_media":27568,"comment_status":"open","ping_status":"closed","template":"","meta":[],"product_brand":[],"product_cat":[659],"product_tag":[],"class_list":{"0":"post-27579","1":"product","2":"type-product","3":"status-publish","4":"has-post-thumbnail","6":"product_cat-schraubenbits","8":"first","9":"instock","10":"taxable","11":"shipping-taxable","12":"purchasable","13":"product-type-simple"},"supplier_id":null,"supplier_sku":"","barcode":null,"atum_controlled":true,"out_stock_date":null,"out_stock_threshold":null,"inheritable":false,"inbound_stock":0,"stock_on_hold":0,"sold_today":0,"sales_last_days":0,"reserved_stock":0,"customer_returns":0,"warehouse_damage":0,"lost_in_post":0,"other_logs":0,"out_stock_days":0,"lost_sales":0,"has_location":false,"update_date":"2026-04-14T00:59:38","atum_locations":[],"atum_stock_status":"instock","restock_status":false,"low_stock_amount":"","sales_update_date":"2026-04-14T00:59:38","calc_backorders":null,"acf":[],"yoast_head":"<!-- This site is optimized with the Yoast SEO plugin v26.6 - https:\/\/yoast.com\/wordpress\/plugins\/seo\/ -->\n<title>Schraubendreher PH-3 25mm Stahl - Schroevendump<\/title>\n<meta name=\"robots\" content=\"index, follow, max-snippet:-1, max-image-preview:large, max-video-preview:-1\" \/>\n<link rel=\"canonical\" href=\"https:\/\/schroevendump.nl\/de\/produkt\/schraubendreher-ph-3-25mm-stahl\/\" \/>\n<meta property=\"og:locale\" content=\"de_DE\" \/>\n<meta property=\"og:type\" content=\"article\" \/>\n<meta property=\"og:title\" content=\"Schraubendreher PH-3 25mm Stahl - Schroevendump\" \/>\n<meta property=\"og:description\" content=\"Bits zum Eindrehen von z.B. Schrauben Sie Spanplattenschrauben oder andere Befestigungsmittel, die einen Kreuzschlitzanschluss haben. Erh\u00e4ltlich in 3 Phillips-Anschl\u00fcssen, n\u00e4mlich PH1, PH2 und PH3. F\u00fcr verschiedene Einschraubanwendungen sind die Bits in verschiedenen L\u00e4ngen erh\u00e4ltlich, n\u00e4mlich 25 und 50 mm lang. F\u00fcr absolute Spitzenqualit\u00e4t w\u00e4hlen Sie Schroevendump Titan-Bits mit einer Titanbeschichtung. Diese Goldbits sind extrem haltbar [&hellip;]\" \/>\n<meta property=\"og:url\" content=\"https:\/\/schroevendump.nl\/de\/produkt\/schraubendreher-ph-3-25mm-stahl\/\" \/>\n<meta property=\"og:site_name\" content=\"Schroevendump\" \/>\n<meta property=\"article:modified_time\" content=\"2025-12-10T11:24:42+00:00\" \/>\n<meta property=\"og:image\" content=\"https:\/\/schroevendump.nl\/wp-content\/uploads\/2024\/11\/890-bit-philips-removebg-preview.png\" \/>\n\t<meta property=\"og:image:width\" content=\"499\" \/>\n\t<meta property=\"og:image:height\" content=\"499\" \/>\n\t<meta property=\"og:image:type\" content=\"image\/png\" \/>\n<meta name=\"twitter:card\" content=\"summary_large_image\" \/>\n<script type=\"application\/ld+json\" class=\"yoast-schema-graph\">{\"@context\":\"https:\/\/schema.org\",\"@graph\":[{\"@type\":\"WebPage\",\"@id\":\"https:\/\/schroevendump.nl\/de\/produkt\/schraubendreher-ph-3-25mm-stahl\/\",\"url\":\"https:\/\/schroevendump.nl\/de\/produkt\/schraubendreher-ph-3-25mm-stahl\/\",\"name\":\"Schraubendreher PH-3 25mm Stahl - Schroevendump\",\"isPartOf\":{\"@id\":\"https:\/\/schroevendump.nl\/de\/#website\"},\"primaryImageOfPage\":{\"@id\":\"https:\/\/schroevendump.nl\/de\/produkt\/schraubendreher-ph-3-25mm-stahl\/#primaryimage\"},\"image\":{\"@id\":\"https:\/\/schroevendump.nl\/de\/produkt\/schraubendreher-ph-3-25mm-stahl\/#primaryimage\"},\"thumbnailUrl\":\"https:\/\/schroevendump.nl\/wp-content\/uploads\/2024\/11\/890-bit-philips-removebg-preview.png\",\"datePublished\":\"2024-11-27T20:43:18+00:00\",\"dateModified\":\"2025-12-10T11:24:42+00:00\",\"breadcrumb\":{\"@id\":\"https:\/\/schroevendump.nl\/de\/produkt\/schraubendreher-ph-3-25mm-stahl\/#breadcrumb\"},\"inLanguage\":\"de\",\"potentialAction\":[{\"@type\":\"ReadAction\",\"target\":[\"https:\/\/schroevendump.nl\/de\/produkt\/schraubendreher-ph-3-25mm-stahl\/\"]}]},{\"@type\":\"ImageObject\",\"inLanguage\":\"de\",\"@id\":\"https:\/\/schroevendump.nl\/de\/produkt\/schraubendreher-ph-3-25mm-stahl\/#primaryimage\",\"url\":\"https:\/\/schroevendump.nl\/wp-content\/uploads\/2024\/11\/890-bit-philips-removebg-preview.png\",\"contentUrl\":\"https:\/\/schroevendump.nl\/wp-content\/uploads\/2024\/11\/890-bit-philips-removebg-preview.png\",\"width\":499,\"height\":499},{\"@type\":\"BreadcrumbList\",\"@id\":\"https:\/\/schroevendump.nl\/de\/produkt\/schraubendreher-ph-3-25mm-stahl\/#breadcrumb\",\"itemListElement\":[{\"@type\":\"ListItem\",\"position\":1,\"name\":\"Startseite\",\"item\":\"https:\/\/schroevendump.nl\/de\/\"},{\"@type\":\"ListItem\",\"position\":2,\"name\":\"Shop\",\"item\":\"https:\/\/schroevendump.nl\/de\/shop\/\"},{\"@type\":\"ListItem\",\"position\":3,\"name\":\"Schraubendreher PH-3 25mm Stahl\"}]},{\"@type\":\"WebSite\",\"@id\":\"https:\/\/schroevendump.nl\/de\/#website\",\"url\":\"https:\/\/schroevendump.nl\/de\/\",\"name\":\"Schroevendump\",\"description\":\"\",\"potentialAction\":[{\"@type\":\"SearchAction\",\"target\":{\"@type\":\"EntryPoint\",\"urlTemplate\":\"https:\/\/schroevendump.nl\/de\/?s={search_term_string}\"},\"query-input\":{\"@type\":\"PropertyValueSpecification\",\"valueRequired\":true,\"valueName\":\"search_term_string\"}}],\"inLanguage\":\"de\"}]}<\/script>\n<!-- \/ Yoast SEO plugin. -->","yoast_head_json":{"title":"Schraubendreher PH-3 25mm Stahl - Schroevendump","robots":{"index":"index","follow":"follow","max-snippet":"max-snippet:-1","max-image-preview":"max-image-preview:large","max-video-preview":"max-video-preview:-1"},"canonical":"https:\/\/schroevendump.nl\/de\/produkt\/schraubendreher-ph-3-25mm-stahl\/","og_locale":"de_DE","og_type":"article","og_title":"Schraubendreher PH-3 25mm Stahl - Schroevendump","og_description":"Bits zum Eindrehen von z.B. Schrauben Sie Spanplattenschrauben oder andere Befestigungsmittel, die einen Kreuzschlitzanschluss haben. Erh\u00e4ltlich in 3 Phillips-Anschl\u00fcssen, n\u00e4mlich PH1, PH2 und PH3. F\u00fcr verschiedene Einschraubanwendungen sind die Bits in verschiedenen L\u00e4ngen erh\u00e4ltlich, n\u00e4mlich 25 und 50 mm lang. F\u00fcr absolute Spitzenqualit\u00e4t w\u00e4hlen Sie Schroevendump Titan-Bits mit einer Titanbeschichtung. Diese Goldbits sind extrem haltbar [&hellip;]","og_url":"https:\/\/schroevendump.nl\/de\/produkt\/schraubendreher-ph-3-25mm-stahl\/","og_site_name":"Schroevendump","article_modified_time":"2025-12-10T11:24:42+00:00","og_image":[{"width":499,"height":499,"url":"https:\/\/schroevendump.nl\/wp-content\/uploads\/2024\/11\/890-bit-philips-removebg-preview.png","type":"image\/png"}],"twitter_card":"summary_large_image","schema":{"@context":"https:\/\/schema.org","@graph":[{"@type":"WebPage","@id":"https:\/\/schroevendump.nl\/de\/produkt\/schraubendreher-ph-3-25mm-stahl\/","url":"https:\/\/schroevendump.nl\/de\/produkt\/schraubendreher-ph-3-25mm-stahl\/","name":"Schraubendreher PH-3 25mm Stahl - Schroevendump","isPartOf":{"@id":"https:\/\/schroevendump.nl\/de\/#website"},"primaryImageOfPage":{"@id":"https:\/\/schroevendump.nl\/de\/produkt\/schraubendreher-ph-3-25mm-stahl\/#primaryimage"},"image":{"@id":"https:\/\/schroevendump.nl\/de\/produkt\/schraubendreher-ph-3-25mm-stahl\/#primaryimage"},"thumbnailUrl":"https:\/\/schroevendump.nl\/wp-content\/uploads\/2024\/11\/890-bit-philips-removebg-preview.png","datePublished":"2024-11-27T20:43:18+00:00","dateModified":"2025-12-10T11:24:42+00:00","breadcrumb":{"@id":"https:\/\/schroevendump.nl\/de\/produkt\/schraubendreher-ph-3-25mm-stahl\/#breadcrumb"},"inLanguage":"de","potentialAction":[{"@type":"ReadAction","target":["https:\/\/schroevendump.nl\/de\/produkt\/schraubendreher-ph-3-25mm-stahl\/"]}]},{"@type":"ImageObject","inLanguage":"de","@id":"https:\/\/schroevendump.nl\/de\/produkt\/schraubendreher-ph-3-25mm-stahl\/#primaryimage","url":"https:\/\/schroevendump.nl\/wp-content\/uploads\/2024\/11\/890-bit-philips-removebg-preview.png","contentUrl":"https:\/\/schroevendump.nl\/wp-content\/uploads\/2024\/11\/890-bit-philips-removebg-preview.png","width":499,"height":499},{"@type":"BreadcrumbList","@id":"https:\/\/schroevendump.nl\/de\/produkt\/schraubendreher-ph-3-25mm-stahl\/#breadcrumb","itemListElement":[{"@type":"ListItem","position":1,"name":"Startseite","item":"https:\/\/schroevendump.nl\/de\/"},{"@type":"ListItem","position":2,"name":"Shop","item":"https:\/\/schroevendump.nl\/de\/shop\/"},{"@type":"ListItem","position":3,"name":"Schraubendreher PH-3 25mm Stahl"}]},{"@type":"WebSite","@id":"https:\/\/schroevendump.nl\/de\/#website","url":"https:\/\/schroevendump.nl\/de\/","name":"Schroevendump","description":"","potentialAction":[{"@type":"SearchAction","target":{"@type":"EntryPoint","urlTemplate":"https:\/\/schroevendump.nl\/de\/?s={search_term_string}"},"query-input":{"@type":"PropertyValueSpecification","valueRequired":true,"valueName":"search_term_string"}}],"inLanguage":"de"}]}},"_links":{"self":[{"href":"https:\/\/schroevendump.nl\/de\/wp-json\/wp\/v2\/product\/27579","targetHints":{"allow":["GET"]}}],"collection":[{"href":"https:\/\/schroevendump.nl\/de\/wp-json\/wp\/v2\/product"}],"about":[{"href":"https:\/\/schroevendump.nl\/de\/wp-json\/wp\/v2\/types\/product"}],"replies":[{"embeddable":true,"href":"https:\/\/schroevendump.nl\/de\/wp-json\/wp\/v2\/comments?post=27579"}],"wp:featuredmedia":[{"embeddable":true,"href":"https:\/\/schroevendump.nl\/de\/wp-json\/wp\/v2\/media\/27568"}],"wp:attachment":[{"href":"https:\/\/schroevendump.nl\/de\/wp-json\/wp\/v2\/media?parent=27579"}],"wp:term":[{"taxonomy":"product_brand","embeddable":true,"href":"https:\/\/schroevendump.nl\/de\/wp-json\/wp\/v2\/product_brand?post=27579"},{"taxonomy":"product_cat","embeddable":true,"href":"https:\/\/schroevendump.nl\/de\/wp-json\/wp\/v2\/product_cat?post=27579"},{"taxonomy":"product_tag","embeddable":true,"href":"https:\/\/schroevendump.nl\/de\/wp-json\/wp\/v2\/product_tag?post=27579"}],"curies":[{"name":"wp","href":"https:\/\/api.w.org\/{rel}","templated":true}]}}