{"id":27601,"date":"2024-11-25T21:03:02","date_gmt":"2024-11-25T21:03:02","guid":{"rendered":"https:\/\/schroevendump.nl\/product\/schraubduebel-spannhuelsen-8-0-x-150-75st\/"},"modified":"2025-12-10T11:25:01","modified_gmt":"2025-12-10T11:25:01","slug":"schraubduebel-spannhuelsen-8-0-x-150-75st","status":"publish","type":"product","link":"https:\/\/schroevendump.nl\/de\/produkt\/schraubduebel-spannhuelsen-8-0-x-150-75st\/","title":{"rendered":"Schraubd\u00fcbel Spannh\u00fclsen 8.0 x 150 75St."},"content":{"rendered":"<p>Die H\u00fclsen werden in ein gebohrtes Loch eingeschlagen, wobei das gebohrte Loch etwas schmaler sein sollte als der Durchmesser der H\u00fclse. Spannh\u00fclsen sind ein universelles Befestigungsmittel in der Bauindustrie. Sie werden zum Beispiel h\u00e4ufig verwendet, um Klammern, Latten und Leisten an Beton zu befestigen. Klemmh\u00fclsen werden auch Expressn\u00e4gel genannt.   <\/p>\n<p>Diese Spannh\u00fclsen sind von absoluter Spitzenqualit\u00e4t und werden von Profis f\u00fcr ihre St\u00e4rke gelobt. Die Spannh\u00fclsen sind geh\u00e4rtet und haben daher die richtige H\u00e4rte, die f\u00fcr eine lang anhaltende und sichere Befestigung so wichtig ist. Die Spannh\u00fclsen sind in verschiedenen Gr\u00f6\u00dfen erh\u00e4ltlich, von 26 bis 180 mm L\u00e4nge.  <\/p>\n<p><strong>Anwendung<\/strong><br \/>\nBefestigung von Latten, Sparren und Lattung auf Beton<br \/>\nF\u00fcr den Innen- und Au\u00dfenbereich<\/p>\n<p><strong>Eigenschaften<\/strong><br \/>\nGeh\u00e4rtet<br \/>\nSchnelle Montage<br \/>\nZur Befestigung von Latten, Latten, Sparren und Latten auf Beton<br \/>\nMit oder ohne Anti-Rutsch-Lippen<\/p>\n","protected":false},"excerpt":{"rendered":"<p>Die H\u00fclsen werden in ein gebohrtes Loch eingeschlagen, wobei das gebohrte Loch etwas schmaler sein sollte als der Durchmesser der H\u00fclse. Spannh\u00fclsen sind ein universelles Befestigungsmittel in der Bauindustrie. Sie werden zum Beispiel h\u00e4ufig verwendet, um Klammern, Latten und Leisten an Beton zu befestigen. Klemmh\u00fclsen werden auch Expressn\u00e4gel genannt. Diese Spannh\u00fclsen sind von absoluter Spitzenqualit\u00e4t [&hellip;]<\/p>\n","protected":false},"featured_media":26586,"comment_status":"open","ping_status":"closed","template":"","meta":[],"product_brand":[],"product_cat":[669],"product_tag":[],"class_list":{"0":"post-27601","1":"product","2":"type-product","3":"status-publish","4":"has-post-thumbnail","6":"product_cat-klemmbuchsen","8":"first","9":"instock","10":"taxable","11":"shipping-taxable","12":"purchasable","13":"product-type-simple"},"supplier_id":null,"supplier_sku":"","barcode":null,"atum_controlled":true,"out_stock_date":null,"out_stock_threshold":null,"inheritable":false,"inbound_stock":0,"stock_on_hold":0,"sold_today":0,"sales_last_days":0,"reserved_stock":0,"customer_returns":0,"warehouse_damage":0,"lost_in_post":0,"other_logs":0,"out_stock_days":0,"lost_sales":0,"has_location":false,"update_date":"2026-04-04T00:57:38","atum_locations":[],"atum_stock_status":"instock","restock_status":false,"low_stock_amount":"","sales_update_date":"2026-04-04T00:57:38","calc_backorders":null,"acf":[],"yoast_head":"<!-- This site is optimized with the Yoast SEO plugin v26.6 - https:\/\/yoast.com\/wordpress\/plugins\/seo\/ -->\n<title>Schraubd\u00fcbel Spannh\u00fclsen 8.0 x 150 75St. - Schroevendump<\/title>\n<meta name=\"robots\" content=\"index, follow, max-snippet:-1, max-image-preview:large, max-video-preview:-1\" \/>\n<link rel=\"canonical\" href=\"https:\/\/schroevendump.nl\/de\/produkt\/schraubduebel-spannhuelsen-8-0-x-150-75st\/\" \/>\n<meta property=\"og:locale\" content=\"de_DE\" \/>\n<meta property=\"og:type\" content=\"article\" \/>\n<meta property=\"og:title\" content=\"Schraubd\u00fcbel Spannh\u00fclsen 8.0 x 150 75St. - Schroevendump\" \/>\n<meta property=\"og:description\" content=\"Die H\u00fclsen werden in ein gebohrtes Loch eingeschlagen, wobei das gebohrte Loch etwas schmaler sein sollte als der Durchmesser der H\u00fclse. Spannh\u00fclsen sind ein universelles Befestigungsmittel in der Bauindustrie. Sie werden zum Beispiel h\u00e4ufig verwendet, um Klammern, Latten und Leisten an Beton zu befestigen. Klemmh\u00fclsen werden auch Expressn\u00e4gel genannt. Diese Spannh\u00fclsen sind von absoluter Spitzenqualit\u00e4t [&hellip;]\" \/>\n<meta property=\"og:url\" content=\"https:\/\/schroevendump.nl\/de\/produkt\/schraubduebel-spannhuelsen-8-0-x-150-75st\/\" \/>\n<meta property=\"og:site_name\" content=\"Schroevendump\" \/>\n<meta property=\"article:modified_time\" content=\"2025-12-10T11:25:01+00:00\" \/>\n<meta property=\"og:image\" content=\"https:\/\/schroevendump.nl\/wp-content\/uploads\/2024\/11\/870-spanhuls-verzinkt-removebg-preview.png\" \/>\n\t<meta property=\"og:image:width\" content=\"499\" \/>\n\t<meta property=\"og:image:height\" content=\"499\" \/>\n\t<meta property=\"og:image:type\" content=\"image\/png\" \/>\n<meta name=\"twitter:card\" content=\"summary_large_image\" \/>\n<meta name=\"twitter:label1\" content=\"Gesch\u00e4tzte Lesezeit\" \/>\n\t<meta name=\"twitter:data1\" content=\"1\u00a0Minute\" \/>\n<script type=\"application\/ld+json\" class=\"yoast-schema-graph\">{\"@context\":\"https:\/\/schema.org\",\"@graph\":[{\"@type\":\"WebPage\",\"@id\":\"https:\/\/schroevendump.nl\/de\/produkt\/schraubduebel-spannhuelsen-8-0-x-150-75st\/\",\"url\":\"https:\/\/schroevendump.nl\/de\/produkt\/schraubduebel-spannhuelsen-8-0-x-150-75st\/\",\"name\":\"Schraubd\u00fcbel Spannh\u00fclsen 8.0 x 150 75St. - Schroevendump\",\"isPartOf\":{\"@id\":\"https:\/\/schroevendump.nl\/de\/#website\"},\"primaryImageOfPage\":{\"@id\":\"https:\/\/schroevendump.nl\/de\/produkt\/schraubduebel-spannhuelsen-8-0-x-150-75st\/#primaryimage\"},\"image\":{\"@id\":\"https:\/\/schroevendump.nl\/de\/produkt\/schraubduebel-spannhuelsen-8-0-x-150-75st\/#primaryimage\"},\"thumbnailUrl\":\"https:\/\/schroevendump.nl\/wp-content\/uploads\/2024\/11\/870-spanhuls-verzinkt-removebg-preview.png\",\"datePublished\":\"2024-11-25T21:03:02+00:00\",\"dateModified\":\"2025-12-10T11:25:01+00:00\",\"breadcrumb\":{\"@id\":\"https:\/\/schroevendump.nl\/de\/produkt\/schraubduebel-spannhuelsen-8-0-x-150-75st\/#breadcrumb\"},\"inLanguage\":\"de\",\"potentialAction\":[{\"@type\":\"ReadAction\",\"target\":[\"https:\/\/schroevendump.nl\/de\/produkt\/schraubduebel-spannhuelsen-8-0-x-150-75st\/\"]}]},{\"@type\":\"ImageObject\",\"inLanguage\":\"de\",\"@id\":\"https:\/\/schroevendump.nl\/de\/produkt\/schraubduebel-spannhuelsen-8-0-x-150-75st\/#primaryimage\",\"url\":\"https:\/\/schroevendump.nl\/wp-content\/uploads\/2024\/11\/870-spanhuls-verzinkt-removebg-preview.png\",\"contentUrl\":\"https:\/\/schroevendump.nl\/wp-content\/uploads\/2024\/11\/870-spanhuls-verzinkt-removebg-preview.png\",\"width\":499,\"height\":499},{\"@type\":\"BreadcrumbList\",\"@id\":\"https:\/\/schroevendump.nl\/de\/produkt\/schraubduebel-spannhuelsen-8-0-x-150-75st\/#breadcrumb\",\"itemListElement\":[{\"@type\":\"ListItem\",\"position\":1,\"name\":\"Startseite\",\"item\":\"https:\/\/schroevendump.nl\/de\/\"},{\"@type\":\"ListItem\",\"position\":2,\"name\":\"Shop\",\"item\":\"https:\/\/schroevendump.nl\/de\/shop\/\"},{\"@type\":\"ListItem\",\"position\":3,\"name\":\"Schraubd\u00fcbel Spannh\u00fclsen 8.0 x 150 75St.\"}]},{\"@type\":\"WebSite\",\"@id\":\"https:\/\/schroevendump.nl\/de\/#website\",\"url\":\"https:\/\/schroevendump.nl\/de\/\",\"name\":\"Schroevendump\",\"description\":\"\",\"potentialAction\":[{\"@type\":\"SearchAction\",\"target\":{\"@type\":\"EntryPoint\",\"urlTemplate\":\"https:\/\/schroevendump.nl\/de\/?s={search_term_string}\"},\"query-input\":{\"@type\":\"PropertyValueSpecification\",\"valueRequired\":true,\"valueName\":\"search_term_string\"}}],\"inLanguage\":\"de\"}]}<\/script>\n<!-- \/ Yoast SEO plugin. -->","yoast_head_json":{"title":"Schraubd\u00fcbel Spannh\u00fclsen 8.0 x 150 75St. - Schroevendump","robots":{"index":"index","follow":"follow","max-snippet":"max-snippet:-1","max-image-preview":"max-image-preview:large","max-video-preview":"max-video-preview:-1"},"canonical":"https:\/\/schroevendump.nl\/de\/produkt\/schraubduebel-spannhuelsen-8-0-x-150-75st\/","og_locale":"de_DE","og_type":"article","og_title":"Schraubd\u00fcbel Spannh\u00fclsen 8.0 x 150 75St. - Schroevendump","og_description":"Die H\u00fclsen werden in ein gebohrtes Loch eingeschlagen, wobei das gebohrte Loch etwas schmaler sein sollte als der Durchmesser der H\u00fclse. Spannh\u00fclsen sind ein universelles Befestigungsmittel in der Bauindustrie. Sie werden zum Beispiel h\u00e4ufig verwendet, um Klammern, Latten und Leisten an Beton zu befestigen. Klemmh\u00fclsen werden auch Expressn\u00e4gel genannt. Diese Spannh\u00fclsen sind von absoluter Spitzenqualit\u00e4t [&hellip;]","og_url":"https:\/\/schroevendump.nl\/de\/produkt\/schraubduebel-spannhuelsen-8-0-x-150-75st\/","og_site_name":"Schroevendump","article_modified_time":"2025-12-10T11:25:01+00:00","og_image":[{"width":499,"height":499,"url":"https:\/\/schroevendump.nl\/wp-content\/uploads\/2024\/11\/870-spanhuls-verzinkt-removebg-preview.png","type":"image\/png"}],"twitter_card":"summary_large_image","twitter_misc":{"Gesch\u00e4tzte Lesezeit":"1\u00a0Minute"},"schema":{"@context":"https:\/\/schema.org","@graph":[{"@type":"WebPage","@id":"https:\/\/schroevendump.nl\/de\/produkt\/schraubduebel-spannhuelsen-8-0-x-150-75st\/","url":"https:\/\/schroevendump.nl\/de\/produkt\/schraubduebel-spannhuelsen-8-0-x-150-75st\/","name":"Schraubd\u00fcbel Spannh\u00fclsen 8.0 x 150 75St. - Schroevendump","isPartOf":{"@id":"https:\/\/schroevendump.nl\/de\/#website"},"primaryImageOfPage":{"@id":"https:\/\/schroevendump.nl\/de\/produkt\/schraubduebel-spannhuelsen-8-0-x-150-75st\/#primaryimage"},"image":{"@id":"https:\/\/schroevendump.nl\/de\/produkt\/schraubduebel-spannhuelsen-8-0-x-150-75st\/#primaryimage"},"thumbnailUrl":"https:\/\/schroevendump.nl\/wp-content\/uploads\/2024\/11\/870-spanhuls-verzinkt-removebg-preview.png","datePublished":"2024-11-25T21:03:02+00:00","dateModified":"2025-12-10T11:25:01+00:00","breadcrumb":{"@id":"https:\/\/schroevendump.nl\/de\/produkt\/schraubduebel-spannhuelsen-8-0-x-150-75st\/#breadcrumb"},"inLanguage":"de","potentialAction":[{"@type":"ReadAction","target":["https:\/\/schroevendump.nl\/de\/produkt\/schraubduebel-spannhuelsen-8-0-x-150-75st\/"]}]},{"@type":"ImageObject","inLanguage":"de","@id":"https:\/\/schroevendump.nl\/de\/produkt\/schraubduebel-spannhuelsen-8-0-x-150-75st\/#primaryimage","url":"https:\/\/schroevendump.nl\/wp-content\/uploads\/2024\/11\/870-spanhuls-verzinkt-removebg-preview.png","contentUrl":"https:\/\/schroevendump.nl\/wp-content\/uploads\/2024\/11\/870-spanhuls-verzinkt-removebg-preview.png","width":499,"height":499},{"@type":"BreadcrumbList","@id":"https:\/\/schroevendump.nl\/de\/produkt\/schraubduebel-spannhuelsen-8-0-x-150-75st\/#breadcrumb","itemListElement":[{"@type":"ListItem","position":1,"name":"Startseite","item":"https:\/\/schroevendump.nl\/de\/"},{"@type":"ListItem","position":2,"name":"Shop","item":"https:\/\/schroevendump.nl\/de\/shop\/"},{"@type":"ListItem","position":3,"name":"Schraubd\u00fcbel Spannh\u00fclsen 8.0 x 150 75St."}]},{"@type":"WebSite","@id":"https:\/\/schroevendump.nl\/de\/#website","url":"https:\/\/schroevendump.nl\/de\/","name":"Schroevendump","description":"","potentialAction":[{"@type":"SearchAction","target":{"@type":"EntryPoint","urlTemplate":"https:\/\/schroevendump.nl\/de\/?s={search_term_string}"},"query-input":{"@type":"PropertyValueSpecification","valueRequired":true,"valueName":"search_term_string"}}],"inLanguage":"de"}]}},"_links":{"self":[{"href":"https:\/\/schroevendump.nl\/de\/wp-json\/wp\/v2\/product\/27601","targetHints":{"allow":["GET"]}}],"collection":[{"href":"https:\/\/schroevendump.nl\/de\/wp-json\/wp\/v2\/product"}],"about":[{"href":"https:\/\/schroevendump.nl\/de\/wp-json\/wp\/v2\/types\/product"}],"replies":[{"embeddable":true,"href":"https:\/\/schroevendump.nl\/de\/wp-json\/wp\/v2\/comments?post=27601"}],"wp:featuredmedia":[{"embeddable":true,"href":"https:\/\/schroevendump.nl\/de\/wp-json\/wp\/v2\/media\/26586"}],"wp:attachment":[{"href":"https:\/\/schroevendump.nl\/de\/wp-json\/wp\/v2\/media?parent=27601"}],"wp:term":[{"taxonomy":"product_brand","embeddable":true,"href":"https:\/\/schroevendump.nl\/de\/wp-json\/wp\/v2\/product_brand?post=27601"},{"taxonomy":"product_cat","embeddable":true,"href":"https:\/\/schroevendump.nl\/de\/wp-json\/wp\/v2\/product_cat?post=27601"},{"taxonomy":"product_tag","embeddable":true,"href":"https:\/\/schroevendump.nl\/de\/wp-json\/wp\/v2\/product_tag?post=27601"}],"curies":[{"name":"wp","href":"https:\/\/api.w.org\/{rel}","templated":true}]}}