{"id":27654,"date":"2024-10-26T18:45:10","date_gmt":"2024-10-26T18:45:10","guid":{"rendered":"https:\/\/schroevendump.nl\/product\/schraubendreher-rahmenschrauben-75-x-212-zylinderkopf-75-stueck-tx-30\/"},"modified":"2025-12-10T11:06:07","modified_gmt":"2025-12-10T11:06:07","slug":"schraubendreher-rahmenschrauben-75-x-212-zylinderkopf-75-stueck-tx-30","status":"publish","type":"product","link":"https:\/\/schroevendump.nl\/de\/produkt\/schraubendreher-rahmenschrauben-75-x-212-zylinderkopf-75-stueck-tx-30\/","title":{"rendered":"Schraubendreher Rahmenschrauben 7,5 x 212 Zylinderkopf 75 St\u00fcck TX-30"},"content":{"rendered":"<p>Die Screwdump Frame-Schraube ist eine verzinkte Schraube f\u00fcr die effiziente Montage von Fensterrahmen ohne die Verwendung von D\u00fcbeln. Mit der Schraubdump-Rahmenschraube f\u00fchren Sie eine nahezu spannungsfreie Befestigung durch, die f\u00fcr hohe Belastungen geeignet ist. Geeignet f\u00fcr alle g\u00e4ngigen Bau- und Rahmenmaterialien. Bohren Sie mit einem 6-mm-Bohrer sowohl in den Rahmen als auch in die Wand und\/oder den Beton vor. Zur Befestigung von Fenster- und T\u00fcrrahmen aus Holz und Kunststoff. Die Ausf\u00fchrungen mit Zylinderkopf sind sowohl f\u00fcr Holz- als auch f\u00fcr Kunststofffensterrahmen geeignet.<br \/>\nNach dem Bohren kann die Schraube direkt in den massiven oder gelochten Baustoff eingedreht werden.<br \/>\nDurch das durchgehende Spezialgewinde der Schraubdump-Rahmenschrauben wird sie spannungsfrei im Baustoff befestigt.     <\/p>\n<p><b>Anwendung<\/b><br \/>\nMontage von Fensterrahmen aus Holz und Kunststoff <b>ohne<\/b> Verwendung von D\u00fcbeln<br \/>\nF\u00fcr den Innen- und Au\u00dfenbereich.<\/p>\n","protected":false},"excerpt":{"rendered":"<p>Die Screwdump Frame-Schraube ist eine verzinkte Schraube f\u00fcr die effiziente Montage von Fensterrahmen ohne die Verwendung von D\u00fcbeln. Mit der Schraubdump-Rahmenschraube f\u00fchren Sie eine nahezu spannungsfreie Befestigung durch, die f\u00fcr hohe Belastungen geeignet ist. Geeignet f\u00fcr alle g\u00e4ngigen Bau- und Rahmenmaterialien. Bohren Sie mit einem 6-mm-Bohrer sowohl in den Rahmen als auch in die Wand [&hellip;]<\/p>\n","protected":false},"featured_media":27110,"comment_status":"closed","ping_status":"closed","template":"","meta":[],"product_brand":[],"product_cat":[507],"product_tag":[],"class_list":{"0":"post-27654","1":"product","2":"type-product","3":"status-publish","4":"has-post-thumbnail","6":"product_cat-schrauben-fur-den-rahmen","7":"pa_draad-vollgewinde","9":"first","10":"instock","11":"taxable","12":"shipping-taxable","13":"purchasable","14":"product-type-simple"},"supplier_id":null,"supplier_sku":"","barcode":null,"atum_controlled":true,"out_stock_date":null,"out_stock_threshold":null,"inheritable":false,"inbound_stock":0,"stock_on_hold":0,"sold_today":0,"sales_last_days":0,"reserved_stock":0,"customer_returns":0,"warehouse_damage":0,"lost_in_post":0,"other_logs":0,"out_stock_days":0,"lost_sales":0,"has_location":false,"update_date":"2026-04-04T00:56:34","atum_locations":[],"atum_stock_status":"instock","restock_status":false,"low_stock_amount":"","sales_update_date":"2026-04-04T00:56:34","calc_backorders":null,"acf":[],"yoast_head":"<!-- This site is optimized with the Yoast SEO plugin v26.6 - https:\/\/yoast.com\/wordpress\/plugins\/seo\/ -->\n<title>Schraubendreher Rahmenschrauben 7,5 x 212 Zylinderkopf 75 St\u00fcck TX-30 - Schroevendump<\/title>\n<meta name=\"robots\" content=\"index, follow, max-snippet:-1, max-image-preview:large, max-video-preview:-1\" \/>\n<link rel=\"canonical\" href=\"https:\/\/schroevendump.nl\/de\/produkt\/schraubendreher-rahmenschrauben-75-x-212-zylinderkopf-75-stueck-tx-30\/\" \/>\n<meta property=\"og:locale\" content=\"de_DE\" \/>\n<meta property=\"og:type\" content=\"article\" \/>\n<meta property=\"og:title\" content=\"Schraubendreher Rahmenschrauben 7,5 x 212 Zylinderkopf 75 St\u00fcck TX-30 - Schroevendump\" \/>\n<meta property=\"og:description\" content=\"Die Screwdump Frame-Schraube ist eine verzinkte Schraube f\u00fcr die effiziente Montage von Fensterrahmen ohne die Verwendung von D\u00fcbeln. Mit der Schraubdump-Rahmenschraube f\u00fchren Sie eine nahezu spannungsfreie Befestigung durch, die f\u00fcr hohe Belastungen geeignet ist. Geeignet f\u00fcr alle g\u00e4ngigen Bau- und Rahmenmaterialien. Bohren Sie mit einem 6-mm-Bohrer sowohl in den Rahmen als auch in die Wand [&hellip;]\" \/>\n<meta property=\"og:url\" content=\"https:\/\/schroevendump.nl\/de\/produkt\/schraubendreher-rahmenschrauben-75-x-212-zylinderkopf-75-stueck-tx-30\/\" \/>\n<meta property=\"og:site_name\" content=\"Schroevendump\" \/>\n<meta property=\"article:modified_time\" content=\"2025-12-10T11:06:07+00:00\" \/>\n<meta property=\"og:image\" content=\"https:\/\/schroevendump.nl\/wp-content\/uploads\/2024\/08\/853-kozijnschroef-cylinderkop-verzinkt.png\" \/>\n\t<meta property=\"og:image:width\" content=\"710\" \/>\n\t<meta property=\"og:image:height\" content=\"710\" \/>\n\t<meta property=\"og:image:type\" content=\"image\/png\" \/>\n<meta name=\"twitter:card\" content=\"summary_large_image\" \/>\n<meta name=\"twitter:label1\" content=\"Gesch\u00e4tzte Lesezeit\" \/>\n\t<meta name=\"twitter:data1\" content=\"1\u00a0Minute\" \/>\n<script type=\"application\/ld+json\" class=\"yoast-schema-graph\">{\"@context\":\"https:\/\/schema.org\",\"@graph\":[{\"@type\":\"WebPage\",\"@id\":\"https:\/\/schroevendump.nl\/de\/produkt\/schraubendreher-rahmenschrauben-75-x-212-zylinderkopf-75-stueck-tx-30\/\",\"url\":\"https:\/\/schroevendump.nl\/de\/produkt\/schraubendreher-rahmenschrauben-75-x-212-zylinderkopf-75-stueck-tx-30\/\",\"name\":\"Schraubendreher Rahmenschrauben 7,5 x 212 Zylinderkopf 75 St\u00fcck TX-30 - Schroevendump\",\"isPartOf\":{\"@id\":\"https:\/\/schroevendump.nl\/de\/#website\"},\"primaryImageOfPage\":{\"@id\":\"https:\/\/schroevendump.nl\/de\/produkt\/schraubendreher-rahmenschrauben-75-x-212-zylinderkopf-75-stueck-tx-30\/#primaryimage\"},\"image\":{\"@id\":\"https:\/\/schroevendump.nl\/de\/produkt\/schraubendreher-rahmenschrauben-75-x-212-zylinderkopf-75-stueck-tx-30\/#primaryimage\"},\"thumbnailUrl\":\"https:\/\/schroevendump.nl\/wp-content\/uploads\/2024\/08\/853-kozijnschroef-cylinderkop-verzinkt.png\",\"datePublished\":\"2024-10-26T18:45:10+00:00\",\"dateModified\":\"2025-12-10T11:06:07+00:00\",\"breadcrumb\":{\"@id\":\"https:\/\/schroevendump.nl\/de\/produkt\/schraubendreher-rahmenschrauben-75-x-212-zylinderkopf-75-stueck-tx-30\/#breadcrumb\"},\"inLanguage\":\"de\",\"potentialAction\":[{\"@type\":\"ReadAction\",\"target\":[\"https:\/\/schroevendump.nl\/de\/produkt\/schraubendreher-rahmenschrauben-75-x-212-zylinderkopf-75-stueck-tx-30\/\"]}]},{\"@type\":\"ImageObject\",\"inLanguage\":\"de\",\"@id\":\"https:\/\/schroevendump.nl\/de\/produkt\/schraubendreher-rahmenschrauben-75-x-212-zylinderkopf-75-stueck-tx-30\/#primaryimage\",\"url\":\"https:\/\/schroevendump.nl\/wp-content\/uploads\/2024\/08\/853-kozijnschroef-cylinderkop-verzinkt.png\",\"contentUrl\":\"https:\/\/schroevendump.nl\/wp-content\/uploads\/2024\/08\/853-kozijnschroef-cylinderkop-verzinkt.png\",\"width\":710,\"height\":710,\"caption\":\"Fensterrahmenschrauben\"},{\"@type\":\"BreadcrumbList\",\"@id\":\"https:\/\/schroevendump.nl\/de\/produkt\/schraubendreher-rahmenschrauben-75-x-212-zylinderkopf-75-stueck-tx-30\/#breadcrumb\",\"itemListElement\":[{\"@type\":\"ListItem\",\"position\":1,\"name\":\"Startseite\",\"item\":\"https:\/\/schroevendump.nl\/de\/\"},{\"@type\":\"ListItem\",\"position\":2,\"name\":\"Shop\",\"item\":\"https:\/\/schroevendump.nl\/de\/shop\/\"},{\"@type\":\"ListItem\",\"position\":3,\"name\":\"Schraubendreher Rahmenschrauben 7,5 x 212 Zylinderkopf 75 St\u00fcck TX-30\"}]},{\"@type\":\"WebSite\",\"@id\":\"https:\/\/schroevendump.nl\/de\/#website\",\"url\":\"https:\/\/schroevendump.nl\/de\/\",\"name\":\"Schroevendump\",\"description\":\"\",\"potentialAction\":[{\"@type\":\"SearchAction\",\"target\":{\"@type\":\"EntryPoint\",\"urlTemplate\":\"https:\/\/schroevendump.nl\/de\/?s={search_term_string}\"},\"query-input\":{\"@type\":\"PropertyValueSpecification\",\"valueRequired\":true,\"valueName\":\"search_term_string\"}}],\"inLanguage\":\"de\"}]}<\/script>\n<!-- \/ Yoast SEO plugin. -->","yoast_head_json":{"title":"Schraubendreher Rahmenschrauben 7,5 x 212 Zylinderkopf 75 St\u00fcck TX-30 - Schroevendump","robots":{"index":"index","follow":"follow","max-snippet":"max-snippet:-1","max-image-preview":"max-image-preview:large","max-video-preview":"max-video-preview:-1"},"canonical":"https:\/\/schroevendump.nl\/de\/produkt\/schraubendreher-rahmenschrauben-75-x-212-zylinderkopf-75-stueck-tx-30\/","og_locale":"de_DE","og_type":"article","og_title":"Schraubendreher Rahmenschrauben 7,5 x 212 Zylinderkopf 75 St\u00fcck TX-30 - Schroevendump","og_description":"Die Screwdump Frame-Schraube ist eine verzinkte Schraube f\u00fcr die effiziente Montage von Fensterrahmen ohne die Verwendung von D\u00fcbeln. Mit der Schraubdump-Rahmenschraube f\u00fchren Sie eine nahezu spannungsfreie Befestigung durch, die f\u00fcr hohe Belastungen geeignet ist. Geeignet f\u00fcr alle g\u00e4ngigen Bau- und Rahmenmaterialien. Bohren Sie mit einem 6-mm-Bohrer sowohl in den Rahmen als auch in die Wand [&hellip;]","og_url":"https:\/\/schroevendump.nl\/de\/produkt\/schraubendreher-rahmenschrauben-75-x-212-zylinderkopf-75-stueck-tx-30\/","og_site_name":"Schroevendump","article_modified_time":"2025-12-10T11:06:07+00:00","og_image":[{"width":710,"height":710,"url":"https:\/\/schroevendump.nl\/wp-content\/uploads\/2024\/08\/853-kozijnschroef-cylinderkop-verzinkt.png","type":"image\/png"}],"twitter_card":"summary_large_image","twitter_misc":{"Gesch\u00e4tzte Lesezeit":"1\u00a0Minute"},"schema":{"@context":"https:\/\/schema.org","@graph":[{"@type":"WebPage","@id":"https:\/\/schroevendump.nl\/de\/produkt\/schraubendreher-rahmenschrauben-75-x-212-zylinderkopf-75-stueck-tx-30\/","url":"https:\/\/schroevendump.nl\/de\/produkt\/schraubendreher-rahmenschrauben-75-x-212-zylinderkopf-75-stueck-tx-30\/","name":"Schraubendreher Rahmenschrauben 7,5 x 212 Zylinderkopf 75 St\u00fcck TX-30 - Schroevendump","isPartOf":{"@id":"https:\/\/schroevendump.nl\/de\/#website"},"primaryImageOfPage":{"@id":"https:\/\/schroevendump.nl\/de\/produkt\/schraubendreher-rahmenschrauben-75-x-212-zylinderkopf-75-stueck-tx-30\/#primaryimage"},"image":{"@id":"https:\/\/schroevendump.nl\/de\/produkt\/schraubendreher-rahmenschrauben-75-x-212-zylinderkopf-75-stueck-tx-30\/#primaryimage"},"thumbnailUrl":"https:\/\/schroevendump.nl\/wp-content\/uploads\/2024\/08\/853-kozijnschroef-cylinderkop-verzinkt.png","datePublished":"2024-10-26T18:45:10+00:00","dateModified":"2025-12-10T11:06:07+00:00","breadcrumb":{"@id":"https:\/\/schroevendump.nl\/de\/produkt\/schraubendreher-rahmenschrauben-75-x-212-zylinderkopf-75-stueck-tx-30\/#breadcrumb"},"inLanguage":"de","potentialAction":[{"@type":"ReadAction","target":["https:\/\/schroevendump.nl\/de\/produkt\/schraubendreher-rahmenschrauben-75-x-212-zylinderkopf-75-stueck-tx-30\/"]}]},{"@type":"ImageObject","inLanguage":"de","@id":"https:\/\/schroevendump.nl\/de\/produkt\/schraubendreher-rahmenschrauben-75-x-212-zylinderkopf-75-stueck-tx-30\/#primaryimage","url":"https:\/\/schroevendump.nl\/wp-content\/uploads\/2024\/08\/853-kozijnschroef-cylinderkop-verzinkt.png","contentUrl":"https:\/\/schroevendump.nl\/wp-content\/uploads\/2024\/08\/853-kozijnschroef-cylinderkop-verzinkt.png","width":710,"height":710,"caption":"Fensterrahmenschrauben"},{"@type":"BreadcrumbList","@id":"https:\/\/schroevendump.nl\/de\/produkt\/schraubendreher-rahmenschrauben-75-x-212-zylinderkopf-75-stueck-tx-30\/#breadcrumb","itemListElement":[{"@type":"ListItem","position":1,"name":"Startseite","item":"https:\/\/schroevendump.nl\/de\/"},{"@type":"ListItem","position":2,"name":"Shop","item":"https:\/\/schroevendump.nl\/de\/shop\/"},{"@type":"ListItem","position":3,"name":"Schraubendreher Rahmenschrauben 7,5 x 212 Zylinderkopf 75 St\u00fcck TX-30"}]},{"@type":"WebSite","@id":"https:\/\/schroevendump.nl\/de\/#website","url":"https:\/\/schroevendump.nl\/de\/","name":"Schroevendump","description":"","potentialAction":[{"@type":"SearchAction","target":{"@type":"EntryPoint","urlTemplate":"https:\/\/schroevendump.nl\/de\/?s={search_term_string}"},"query-input":{"@type":"PropertyValueSpecification","valueRequired":true,"valueName":"search_term_string"}}],"inLanguage":"de"}]}},"_links":{"self":[{"href":"https:\/\/schroevendump.nl\/de\/wp-json\/wp\/v2\/product\/27654","targetHints":{"allow":["GET"]}}],"collection":[{"href":"https:\/\/schroevendump.nl\/de\/wp-json\/wp\/v2\/product"}],"about":[{"href":"https:\/\/schroevendump.nl\/de\/wp-json\/wp\/v2\/types\/product"}],"replies":[{"embeddable":true,"href":"https:\/\/schroevendump.nl\/de\/wp-json\/wp\/v2\/comments?post=27654"}],"wp:featuredmedia":[{"embeddable":true,"href":"https:\/\/schroevendump.nl\/de\/wp-json\/wp\/v2\/media\/27110"}],"wp:attachment":[{"href":"https:\/\/schroevendump.nl\/de\/wp-json\/wp\/v2\/media?parent=27654"}],"wp:term":[{"taxonomy":"product_brand","embeddable":true,"href":"https:\/\/schroevendump.nl\/de\/wp-json\/wp\/v2\/product_brand?post=27654"},{"taxonomy":"product_cat","embeddable":true,"href":"https:\/\/schroevendump.nl\/de\/wp-json\/wp\/v2\/product_cat?post=27654"},{"taxonomy":"product_tag","embeddable":true,"href":"https:\/\/schroevendump.nl\/de\/wp-json\/wp\/v2\/product_tag?post=27654"}],"curies":[{"name":"wp","href":"https:\/\/api.w.org\/{rel}","templated":true}]}}