{"id":27695,"date":"2024-11-18T20:07:38","date_gmt":"2024-11-18T20:07:38","guid":{"rendered":"https:\/\/schroevendump.nl\/product\/fm-x1-universalstecker-6x50-200-extra-lang\/"},"modified":"2025-12-10T11:25:36","modified_gmt":"2025-12-10T11:25:36","slug":"fm-x1-universalstecker-6x50-200-extra-lang","status":"publish","type":"product","link":"https:\/\/schroevendump.nl\/de\/produkt\/fm-x1-universalstecker-6x50-200-extra-lang\/","title":{"rendered":"FM X1 Universalstecker 6&#215;50 200 extra lang"},"content":{"rendered":"<ul>\n<li><label>Montagetechnik:<\/label> Frontmontage, Durchsteckmontage, Schraubmontage,<\/li>\n<li><label>Anwendung:<\/label> Nylon-Rundumspreizd\u00fcbel f\u00fcr Voll- und Hohlk\u00f6rper in Kombination mit Montageschrauben, Spanplatten- und Einlegeschrauben, Stiftschrauben und Holzgewindebolzen<\/li>\n<li>Gen\u00e4htes <label>Baumaterial:<\/label> Beton, Porenbeton, isolierte Betonplatten, Gipskartonplatten, Betonhohlblockstein &#8211; Betonbl\u00f6cke, Kalksandstein-Hohlblockstein &#8211; Silikatstein, Hohlgew\u00f6lbe &#8211; Hohlbetonplatten, Keramischer Hohlblockstein &#8211; Schnellbaustein, Massiver Kalksandstein &#8211; Silikatstein, Massives keramisches Mauerwerk &#8211; Verblendstein<\/li>\n<\/ul>\n","protected":false},"excerpt":{"rendered":"<p>Montagetechnik: Frontmontage, Durchsteckmontage, Schraubmontage, Anwendung: Nylon-Rundumspreizd\u00fcbel f\u00fcr Voll- und Hohlk\u00f6rper in Kombination mit Montageschrauben, Spanplatten- und Einlegeschrauben, Stiftschrauben und Holzgewindebolzen Gen\u00e4htes Baumaterial: Beton, Porenbeton, isolierte Betonplatten, Gipskartonplatten, Betonhohlblockstein &#8211; Betonbl\u00f6cke, Kalksandstein-Hohlblockstein &#8211; Silikatstein, Hohlgew\u00f6lbe &#8211; Hohlbetonplatten, Keramischer Hohlblockstein &#8211; Schnellbaustein, Massiver Kalksandstein &#8211; Silikatstein, Massives keramisches Mauerwerk &#8211; Verblendstein<\/p>\n","protected":false},"featured_media":27697,"comment_status":"closed","ping_status":"closed","template":"","meta":[],"product_brand":[],"product_cat":[633],"product_tag":[],"class_list":{"0":"post-27695","1":"product","2":"type-product","3":"status-publish","4":"has-post-thumbnail","6":"product_cat-universal-stecker","8":"first","9":"instock","10":"taxable","11":"shipping-taxable","12":"purchasable","13":"product-type-simple"},"supplier_id":null,"supplier_sku":"","barcode":null,"atum_controlled":true,"out_stock_date":null,"out_stock_threshold":null,"inheritable":false,"inbound_stock":0,"stock_on_hold":1,"sold_today":0,"sales_last_days":10,"reserved_stock":0,"customer_returns":0,"warehouse_damage":0,"lost_in_post":0,"other_logs":0,"out_stock_days":0,"lost_sales":0,"has_location":false,"update_date":"2026-04-20T06:24:32","atum_locations":[],"atum_stock_status":"instock","restock_status":false,"low_stock_amount":"","sales_update_date":"2026-04-20T06:24:32","calc_backorders":null,"acf":[],"yoast_head":"<!-- This site is optimized with the Yoast SEO plugin v26.6 - https:\/\/yoast.com\/wordpress\/plugins\/seo\/ -->\n<title>FM X1 Universalstecker 6x50 200 extra lang - Schroevendump<\/title>\n<meta name=\"robots\" content=\"index, follow, max-snippet:-1, max-image-preview:large, max-video-preview:-1\" \/>\n<link rel=\"canonical\" href=\"https:\/\/schroevendump.nl\/de\/produkt\/fm-x1-universalstecker-6x50-200-extra-lang\/\" \/>\n<meta property=\"og:locale\" content=\"de_DE\" \/>\n<meta property=\"og:type\" content=\"article\" \/>\n<meta property=\"og:title\" content=\"FM X1 Universalstecker 6x50 200 extra lang - Schroevendump\" \/>\n<meta property=\"og:description\" content=\"Montagetechnik: Frontmontage, Durchsteckmontage, Schraubmontage, Anwendung: Nylon-Rundumspreizd\u00fcbel f\u00fcr Voll- und Hohlk\u00f6rper in Kombination mit Montageschrauben, Spanplatten- und Einlegeschrauben, Stiftschrauben und Holzgewindebolzen Gen\u00e4htes Baumaterial: Beton, Porenbeton, isolierte Betonplatten, Gipskartonplatten, Betonhohlblockstein &#8211; Betonbl\u00f6cke, Kalksandstein-Hohlblockstein &#8211; Silikatstein, Hohlgew\u00f6lbe &#8211; Hohlbetonplatten, Keramischer Hohlblockstein &#8211; Schnellbaustein, Massiver Kalksandstein &#8211; Silikatstein, Massives keramisches Mauerwerk &#8211; Verblendstein\" \/>\n<meta property=\"og:url\" content=\"https:\/\/schroevendump.nl\/de\/produkt\/fm-x1-universalstecker-6x50-200-extra-lang\/\" \/>\n<meta property=\"og:site_name\" content=\"Schroevendump\" \/>\n<meta property=\"article:modified_time\" content=\"2025-12-10T11:25:36+00:00\" \/>\n<meta property=\"og:image\" content=\"https:\/\/schroevendump.nl\/wp-content\/uploads\/2024\/11\/plug-removebg-preview-e1746284924986.png\" \/>\n\t<meta property=\"og:image:width\" content=\"373\" \/>\n\t<meta property=\"og:image:height\" content=\"261\" \/>\n\t<meta property=\"og:image:type\" content=\"image\/png\" \/>\n<meta name=\"twitter:card\" content=\"summary_large_image\" \/>\n<script type=\"application\/ld+json\" class=\"yoast-schema-graph\">{\"@context\":\"https:\/\/schema.org\",\"@graph\":[{\"@type\":\"WebPage\",\"@id\":\"https:\/\/schroevendump.nl\/de\/produkt\/fm-x1-universalstecker-6x50-200-extra-lang\/\",\"url\":\"https:\/\/schroevendump.nl\/de\/produkt\/fm-x1-universalstecker-6x50-200-extra-lang\/\",\"name\":\"FM X1 Universalstecker 6x50 200 extra lang - Schroevendump\",\"isPartOf\":{\"@id\":\"https:\/\/schroevendump.nl\/de\/#website\"},\"primaryImageOfPage\":{\"@id\":\"https:\/\/schroevendump.nl\/de\/produkt\/fm-x1-universalstecker-6x50-200-extra-lang\/#primaryimage\"},\"image\":{\"@id\":\"https:\/\/schroevendump.nl\/de\/produkt\/fm-x1-universalstecker-6x50-200-extra-lang\/#primaryimage\"},\"thumbnailUrl\":\"https:\/\/schroevendump.nl\/wp-content\/uploads\/2024\/11\/plug-removebg-preview-e1746284924986.png\",\"datePublished\":\"2024-11-18T20:07:38+00:00\",\"dateModified\":\"2025-12-10T11:25:36+00:00\",\"breadcrumb\":{\"@id\":\"https:\/\/schroevendump.nl\/de\/produkt\/fm-x1-universalstecker-6x50-200-extra-lang\/#breadcrumb\"},\"inLanguage\":\"de\",\"potentialAction\":[{\"@type\":\"ReadAction\",\"target\":[\"https:\/\/schroevendump.nl\/de\/produkt\/fm-x1-universalstecker-6x50-200-extra-lang\/\"]}]},{\"@type\":\"ImageObject\",\"inLanguage\":\"de\",\"@id\":\"https:\/\/schroevendump.nl\/de\/produkt\/fm-x1-universalstecker-6x50-200-extra-lang\/#primaryimage\",\"url\":\"https:\/\/schroevendump.nl\/wp-content\/uploads\/2024\/11\/plug-removebg-preview-e1746284924986.png\",\"contentUrl\":\"https:\/\/schroevendump.nl\/wp-content\/uploads\/2024\/11\/plug-removebg-preview-e1746284924986.png\",\"width\":373,\"height\":261},{\"@type\":\"BreadcrumbList\",\"@id\":\"https:\/\/schroevendump.nl\/de\/produkt\/fm-x1-universalstecker-6x50-200-extra-lang\/#breadcrumb\",\"itemListElement\":[{\"@type\":\"ListItem\",\"position\":1,\"name\":\"Startseite\",\"item\":\"https:\/\/schroevendump.nl\/de\/\"},{\"@type\":\"ListItem\",\"position\":2,\"name\":\"Shop\",\"item\":\"https:\/\/schroevendump.nl\/de\/shop\/\"},{\"@type\":\"ListItem\",\"position\":3,\"name\":\"FM X1 Universalstecker 6&#215;50 200 extra lang\"}]},{\"@type\":\"WebSite\",\"@id\":\"https:\/\/schroevendump.nl\/de\/#website\",\"url\":\"https:\/\/schroevendump.nl\/de\/\",\"name\":\"Schroevendump\",\"description\":\"\",\"potentialAction\":[{\"@type\":\"SearchAction\",\"target\":{\"@type\":\"EntryPoint\",\"urlTemplate\":\"https:\/\/schroevendump.nl\/de\/?s={search_term_string}\"},\"query-input\":{\"@type\":\"PropertyValueSpecification\",\"valueRequired\":true,\"valueName\":\"search_term_string\"}}],\"inLanguage\":\"de\"}]}<\/script>\n<!-- \/ Yoast SEO plugin. -->","yoast_head_json":{"title":"FM X1 Universalstecker 6x50 200 extra lang - Schroevendump","robots":{"index":"index","follow":"follow","max-snippet":"max-snippet:-1","max-image-preview":"max-image-preview:large","max-video-preview":"max-video-preview:-1"},"canonical":"https:\/\/schroevendump.nl\/de\/produkt\/fm-x1-universalstecker-6x50-200-extra-lang\/","og_locale":"de_DE","og_type":"article","og_title":"FM X1 Universalstecker 6x50 200 extra lang - Schroevendump","og_description":"Montagetechnik: Frontmontage, Durchsteckmontage, Schraubmontage, Anwendung: Nylon-Rundumspreizd\u00fcbel f\u00fcr Voll- und Hohlk\u00f6rper in Kombination mit Montageschrauben, Spanplatten- und Einlegeschrauben, Stiftschrauben und Holzgewindebolzen Gen\u00e4htes Baumaterial: Beton, Porenbeton, isolierte Betonplatten, Gipskartonplatten, Betonhohlblockstein &#8211; Betonbl\u00f6cke, Kalksandstein-Hohlblockstein &#8211; Silikatstein, Hohlgew\u00f6lbe &#8211; Hohlbetonplatten, Keramischer Hohlblockstein &#8211; Schnellbaustein, Massiver Kalksandstein &#8211; Silikatstein, Massives keramisches Mauerwerk &#8211; Verblendstein","og_url":"https:\/\/schroevendump.nl\/de\/produkt\/fm-x1-universalstecker-6x50-200-extra-lang\/","og_site_name":"Schroevendump","article_modified_time":"2025-12-10T11:25:36+00:00","og_image":[{"width":373,"height":261,"url":"https:\/\/schroevendump.nl\/wp-content\/uploads\/2024\/11\/plug-removebg-preview-e1746284924986.png","type":"image\/png"}],"twitter_card":"summary_large_image","schema":{"@context":"https:\/\/schema.org","@graph":[{"@type":"WebPage","@id":"https:\/\/schroevendump.nl\/de\/produkt\/fm-x1-universalstecker-6x50-200-extra-lang\/","url":"https:\/\/schroevendump.nl\/de\/produkt\/fm-x1-universalstecker-6x50-200-extra-lang\/","name":"FM X1 Universalstecker 6x50 200 extra lang - Schroevendump","isPartOf":{"@id":"https:\/\/schroevendump.nl\/de\/#website"},"primaryImageOfPage":{"@id":"https:\/\/schroevendump.nl\/de\/produkt\/fm-x1-universalstecker-6x50-200-extra-lang\/#primaryimage"},"image":{"@id":"https:\/\/schroevendump.nl\/de\/produkt\/fm-x1-universalstecker-6x50-200-extra-lang\/#primaryimage"},"thumbnailUrl":"https:\/\/schroevendump.nl\/wp-content\/uploads\/2024\/11\/plug-removebg-preview-e1746284924986.png","datePublished":"2024-11-18T20:07:38+00:00","dateModified":"2025-12-10T11:25:36+00:00","breadcrumb":{"@id":"https:\/\/schroevendump.nl\/de\/produkt\/fm-x1-universalstecker-6x50-200-extra-lang\/#breadcrumb"},"inLanguage":"de","potentialAction":[{"@type":"ReadAction","target":["https:\/\/schroevendump.nl\/de\/produkt\/fm-x1-universalstecker-6x50-200-extra-lang\/"]}]},{"@type":"ImageObject","inLanguage":"de","@id":"https:\/\/schroevendump.nl\/de\/produkt\/fm-x1-universalstecker-6x50-200-extra-lang\/#primaryimage","url":"https:\/\/schroevendump.nl\/wp-content\/uploads\/2024\/11\/plug-removebg-preview-e1746284924986.png","contentUrl":"https:\/\/schroevendump.nl\/wp-content\/uploads\/2024\/11\/plug-removebg-preview-e1746284924986.png","width":373,"height":261},{"@type":"BreadcrumbList","@id":"https:\/\/schroevendump.nl\/de\/produkt\/fm-x1-universalstecker-6x50-200-extra-lang\/#breadcrumb","itemListElement":[{"@type":"ListItem","position":1,"name":"Startseite","item":"https:\/\/schroevendump.nl\/de\/"},{"@type":"ListItem","position":2,"name":"Shop","item":"https:\/\/schroevendump.nl\/de\/shop\/"},{"@type":"ListItem","position":3,"name":"FM X1 Universalstecker 6&#215;50 200 extra lang"}]},{"@type":"WebSite","@id":"https:\/\/schroevendump.nl\/de\/#website","url":"https:\/\/schroevendump.nl\/de\/","name":"Schroevendump","description":"","potentialAction":[{"@type":"SearchAction","target":{"@type":"EntryPoint","urlTemplate":"https:\/\/schroevendump.nl\/de\/?s={search_term_string}"},"query-input":{"@type":"PropertyValueSpecification","valueRequired":true,"valueName":"search_term_string"}}],"inLanguage":"de"}]}},"_links":{"self":[{"href":"https:\/\/schroevendump.nl\/de\/wp-json\/wp\/v2\/product\/27695","targetHints":{"allow":["GET"]}}],"collection":[{"href":"https:\/\/schroevendump.nl\/de\/wp-json\/wp\/v2\/product"}],"about":[{"href":"https:\/\/schroevendump.nl\/de\/wp-json\/wp\/v2\/types\/product"}],"replies":[{"embeddable":true,"href":"https:\/\/schroevendump.nl\/de\/wp-json\/wp\/v2\/comments?post=27695"}],"wp:featuredmedia":[{"embeddable":true,"href":"https:\/\/schroevendump.nl\/de\/wp-json\/wp\/v2\/media\/27697"}],"wp:attachment":[{"href":"https:\/\/schroevendump.nl\/de\/wp-json\/wp\/v2\/media?parent=27695"}],"wp:term":[{"taxonomy":"product_brand","embeddable":true,"href":"https:\/\/schroevendump.nl\/de\/wp-json\/wp\/v2\/product_brand?post=27695"},{"taxonomy":"product_cat","embeddable":true,"href":"https:\/\/schroevendump.nl\/de\/wp-json\/wp\/v2\/product_cat?post=27695"},{"taxonomy":"product_tag","embeddable":true,"href":"https:\/\/schroevendump.nl\/de\/wp-json\/wp\/v2\/product_tag?post=27695"}],"curies":[{"name":"wp","href":"https:\/\/api.w.org\/{rel}","templated":true}]}}