{"id":27715,"date":"2024-11-18T19:16:09","date_gmt":"2024-11-18T19:16:09","guid":{"rendered":"https:\/\/schroevendump.nl\/product\/gb-winkelanker-40x60-60-20-verzinkt\/"},"modified":"2025-12-10T11:25:43","modified_gmt":"2025-12-10T11:25:43","slug":"gb-winkelanker-40x60-60-20-verzinkt","status":"publish","type":"product","link":"https:\/\/schroevendump.nl\/de\/produkt\/gb-winkelanker-40x60-60-20-verzinkt\/","title":{"rendered":"GB-Winkelanker 40&#215;60\/60 2,0 verzinkt"},"content":{"rendered":"<p>Der Eckanker ist vielseitig einsetzbar, er wird h\u00e4ufig f\u00fcr die Befestigung von Fensterrahmen an der Innenfassade verwendet.<\/p>\n<p>Gr\u00f6\u00dfe: <span class=\"base\" data-ui-id=\"page-title-wrapper\">40\u00d760\/60\u00d72.0<\/span><\/p>\n","protected":false},"excerpt":{"rendered":"<p>Der Eckanker ist vielseitig einsetzbar, er wird h\u00e4ufig f\u00fcr die Befestigung von Fensterrahmen an der Innenfassade verwendet. Gr\u00f6\u00dfe: 40\u00d760\/60\u00d72.0<\/p>\n","protected":false},"featured_media":27705,"comment_status":"closed","ping_status":"closed","template":"","meta":[],"product_brand":[],"product_cat":[711],"product_tag":[],"class_list":{"0":"post-27715","1":"product","2":"type-product","3":"status-publish","4":"has-post-thumbnail","6":"product_cat-eck-anker","8":"first","9":"instock","10":"taxable","11":"shipping-taxable","12":"purchasable","13":"product-type-simple"},"supplier_id":null,"supplier_sku":"","barcode":null,"atum_controlled":true,"out_stock_date":null,"out_stock_threshold":null,"inheritable":false,"inbound_stock":0,"stock_on_hold":0,"sold_today":0,"sales_last_days":0,"reserved_stock":0,"customer_returns":0,"warehouse_damage":0,"lost_in_post":0,"other_logs":0,"out_stock_days":0,"lost_sales":0,"has_location":false,"update_date":"2026-04-18T01:05:05","atum_locations":[],"atum_stock_status":"instock","restock_status":false,"low_stock_amount":"","sales_update_date":"2026-04-18T01:05:05","calc_backorders":null,"acf":[],"yoast_head":"<!-- This site is optimized with the Yoast SEO plugin v26.6 - https:\/\/yoast.com\/wordpress\/plugins\/seo\/ -->\n<title>GB-Winkelanker 40x60\/60 2,0 verzinkt - Schroevendump<\/title>\n<meta name=\"robots\" content=\"index, follow, max-snippet:-1, max-image-preview:large, max-video-preview:-1\" \/>\n<link rel=\"canonical\" href=\"https:\/\/schroevendump.nl\/de\/produkt\/gb-winkelanker-40x60-60-20-verzinkt\/\" \/>\n<meta property=\"og:locale\" content=\"de_DE\" \/>\n<meta property=\"og:type\" content=\"article\" \/>\n<meta property=\"og:title\" content=\"GB-Winkelanker 40x60\/60 2,0 verzinkt - Schroevendump\" \/>\n<meta property=\"og:description\" content=\"Der Eckanker ist vielseitig einsetzbar, er wird h\u00e4ufig f\u00fcr die Befestigung von Fensterrahmen an der Innenfassade verwendet. Gr\u00f6\u00dfe: 40\u00d760\/60\u00d72.0\" \/>\n<meta property=\"og:url\" content=\"https:\/\/schroevendump.nl\/de\/produkt\/gb-winkelanker-40x60-60-20-verzinkt\/\" \/>\n<meta property=\"og:site_name\" content=\"Schroevendump\" \/>\n<meta property=\"article:modified_time\" content=\"2025-12-10T11:25:43+00:00\" \/>\n<meta property=\"og:image\" content=\"https:\/\/schroevendump.nl\/wp-content\/uploads\/2024\/11\/hoekanker_40x60-removebg-preview.png\" \/>\n\t<meta property=\"og:image:width\" content=\"500\" \/>\n\t<meta property=\"og:image:height\" content=\"500\" \/>\n\t<meta property=\"og:image:type\" content=\"image\/png\" \/>\n<meta name=\"twitter:card\" content=\"summary_large_image\" \/>\n<script type=\"application\/ld+json\" class=\"yoast-schema-graph\">{\"@context\":\"https:\/\/schema.org\",\"@graph\":[{\"@type\":\"WebPage\",\"@id\":\"https:\/\/schroevendump.nl\/de\/produkt\/gb-winkelanker-40x60-60-20-verzinkt\/\",\"url\":\"https:\/\/schroevendump.nl\/de\/produkt\/gb-winkelanker-40x60-60-20-verzinkt\/\",\"name\":\"GB-Winkelanker 40x60\/60 2,0 verzinkt - Schroevendump\",\"isPartOf\":{\"@id\":\"https:\/\/schroevendump.nl\/de\/#website\"},\"primaryImageOfPage\":{\"@id\":\"https:\/\/schroevendump.nl\/de\/produkt\/gb-winkelanker-40x60-60-20-verzinkt\/#primaryimage\"},\"image\":{\"@id\":\"https:\/\/schroevendump.nl\/de\/produkt\/gb-winkelanker-40x60-60-20-verzinkt\/#primaryimage\"},\"thumbnailUrl\":\"https:\/\/schroevendump.nl\/wp-content\/uploads\/2024\/11\/hoekanker_40x60-removebg-preview.png\",\"datePublished\":\"2024-11-18T19:16:09+00:00\",\"dateModified\":\"2025-12-10T11:25:43+00:00\",\"breadcrumb\":{\"@id\":\"https:\/\/schroevendump.nl\/de\/produkt\/gb-winkelanker-40x60-60-20-verzinkt\/#breadcrumb\"},\"inLanguage\":\"de\",\"potentialAction\":[{\"@type\":\"ReadAction\",\"target\":[\"https:\/\/schroevendump.nl\/de\/produkt\/gb-winkelanker-40x60-60-20-verzinkt\/\"]}]},{\"@type\":\"ImageObject\",\"inLanguage\":\"de\",\"@id\":\"https:\/\/schroevendump.nl\/de\/produkt\/gb-winkelanker-40x60-60-20-verzinkt\/#primaryimage\",\"url\":\"https:\/\/schroevendump.nl\/wp-content\/uploads\/2024\/11\/hoekanker_40x60-removebg-preview.png\",\"contentUrl\":\"https:\/\/schroevendump.nl\/wp-content\/uploads\/2024\/11\/hoekanker_40x60-removebg-preview.png\",\"width\":500,\"height\":500},{\"@type\":\"BreadcrumbList\",\"@id\":\"https:\/\/schroevendump.nl\/de\/produkt\/gb-winkelanker-40x60-60-20-verzinkt\/#breadcrumb\",\"itemListElement\":[{\"@type\":\"ListItem\",\"position\":1,\"name\":\"Startseite\",\"item\":\"https:\/\/schroevendump.nl\/de\/\"},{\"@type\":\"ListItem\",\"position\":2,\"name\":\"Shop\",\"item\":\"https:\/\/schroevendump.nl\/de\/shop\/\"},{\"@type\":\"ListItem\",\"position\":3,\"name\":\"GB-Winkelanker 40&#215;60\/60 2,0 verzinkt\"}]},{\"@type\":\"WebSite\",\"@id\":\"https:\/\/schroevendump.nl\/de\/#website\",\"url\":\"https:\/\/schroevendump.nl\/de\/\",\"name\":\"Schroevendump\",\"description\":\"\",\"potentialAction\":[{\"@type\":\"SearchAction\",\"target\":{\"@type\":\"EntryPoint\",\"urlTemplate\":\"https:\/\/schroevendump.nl\/de\/?s={search_term_string}\"},\"query-input\":{\"@type\":\"PropertyValueSpecification\",\"valueRequired\":true,\"valueName\":\"search_term_string\"}}],\"inLanguage\":\"de\"}]}<\/script>\n<!-- \/ Yoast SEO plugin. -->","yoast_head_json":{"title":"GB-Winkelanker 40x60\/60 2,0 verzinkt - Schroevendump","robots":{"index":"index","follow":"follow","max-snippet":"max-snippet:-1","max-image-preview":"max-image-preview:large","max-video-preview":"max-video-preview:-1"},"canonical":"https:\/\/schroevendump.nl\/de\/produkt\/gb-winkelanker-40x60-60-20-verzinkt\/","og_locale":"de_DE","og_type":"article","og_title":"GB-Winkelanker 40x60\/60 2,0 verzinkt - Schroevendump","og_description":"Der Eckanker ist vielseitig einsetzbar, er wird h\u00e4ufig f\u00fcr die Befestigung von Fensterrahmen an der Innenfassade verwendet. Gr\u00f6\u00dfe: 40\u00d760\/60\u00d72.0","og_url":"https:\/\/schroevendump.nl\/de\/produkt\/gb-winkelanker-40x60-60-20-verzinkt\/","og_site_name":"Schroevendump","article_modified_time":"2025-12-10T11:25:43+00:00","og_image":[{"width":500,"height":500,"url":"https:\/\/schroevendump.nl\/wp-content\/uploads\/2024\/11\/hoekanker_40x60-removebg-preview.png","type":"image\/png"}],"twitter_card":"summary_large_image","schema":{"@context":"https:\/\/schema.org","@graph":[{"@type":"WebPage","@id":"https:\/\/schroevendump.nl\/de\/produkt\/gb-winkelanker-40x60-60-20-verzinkt\/","url":"https:\/\/schroevendump.nl\/de\/produkt\/gb-winkelanker-40x60-60-20-verzinkt\/","name":"GB-Winkelanker 40x60\/60 2,0 verzinkt - Schroevendump","isPartOf":{"@id":"https:\/\/schroevendump.nl\/de\/#website"},"primaryImageOfPage":{"@id":"https:\/\/schroevendump.nl\/de\/produkt\/gb-winkelanker-40x60-60-20-verzinkt\/#primaryimage"},"image":{"@id":"https:\/\/schroevendump.nl\/de\/produkt\/gb-winkelanker-40x60-60-20-verzinkt\/#primaryimage"},"thumbnailUrl":"https:\/\/schroevendump.nl\/wp-content\/uploads\/2024\/11\/hoekanker_40x60-removebg-preview.png","datePublished":"2024-11-18T19:16:09+00:00","dateModified":"2025-12-10T11:25:43+00:00","breadcrumb":{"@id":"https:\/\/schroevendump.nl\/de\/produkt\/gb-winkelanker-40x60-60-20-verzinkt\/#breadcrumb"},"inLanguage":"de","potentialAction":[{"@type":"ReadAction","target":["https:\/\/schroevendump.nl\/de\/produkt\/gb-winkelanker-40x60-60-20-verzinkt\/"]}]},{"@type":"ImageObject","inLanguage":"de","@id":"https:\/\/schroevendump.nl\/de\/produkt\/gb-winkelanker-40x60-60-20-verzinkt\/#primaryimage","url":"https:\/\/schroevendump.nl\/wp-content\/uploads\/2024\/11\/hoekanker_40x60-removebg-preview.png","contentUrl":"https:\/\/schroevendump.nl\/wp-content\/uploads\/2024\/11\/hoekanker_40x60-removebg-preview.png","width":500,"height":500},{"@type":"BreadcrumbList","@id":"https:\/\/schroevendump.nl\/de\/produkt\/gb-winkelanker-40x60-60-20-verzinkt\/#breadcrumb","itemListElement":[{"@type":"ListItem","position":1,"name":"Startseite","item":"https:\/\/schroevendump.nl\/de\/"},{"@type":"ListItem","position":2,"name":"Shop","item":"https:\/\/schroevendump.nl\/de\/shop\/"},{"@type":"ListItem","position":3,"name":"GB-Winkelanker 40&#215;60\/60 2,0 verzinkt"}]},{"@type":"WebSite","@id":"https:\/\/schroevendump.nl\/de\/#website","url":"https:\/\/schroevendump.nl\/de\/","name":"Schroevendump","description":"","potentialAction":[{"@type":"SearchAction","target":{"@type":"EntryPoint","urlTemplate":"https:\/\/schroevendump.nl\/de\/?s={search_term_string}"},"query-input":{"@type":"PropertyValueSpecification","valueRequired":true,"valueName":"search_term_string"}}],"inLanguage":"de"}]}},"_links":{"self":[{"href":"https:\/\/schroevendump.nl\/de\/wp-json\/wp\/v2\/product\/27715","targetHints":{"allow":["GET"]}}],"collection":[{"href":"https:\/\/schroevendump.nl\/de\/wp-json\/wp\/v2\/product"}],"about":[{"href":"https:\/\/schroevendump.nl\/de\/wp-json\/wp\/v2\/types\/product"}],"replies":[{"embeddable":true,"href":"https:\/\/schroevendump.nl\/de\/wp-json\/wp\/v2\/comments?post=27715"}],"wp:featuredmedia":[{"embeddable":true,"href":"https:\/\/schroevendump.nl\/de\/wp-json\/wp\/v2\/media\/27705"}],"wp:attachment":[{"href":"https:\/\/schroevendump.nl\/de\/wp-json\/wp\/v2\/media?parent=27715"}],"wp:term":[{"taxonomy":"product_brand","embeddable":true,"href":"https:\/\/schroevendump.nl\/de\/wp-json\/wp\/v2\/product_brand?post=27715"},{"taxonomy":"product_cat","embeddable":true,"href":"https:\/\/schroevendump.nl\/de\/wp-json\/wp\/v2\/product_cat?post=27715"},{"taxonomy":"product_tag","embeddable":true,"href":"https:\/\/schroevendump.nl\/de\/wp-json\/wp\/v2\/product_tag?post=27715"}],"curies":[{"name":"wp","href":"https:\/\/api.w.org\/{rel}","templated":true}]}}