{"id":27839,"date":"2025-05-07T18:21:20","date_gmt":"2025-05-07T18:21:20","guid":{"rendered":"https:\/\/schroevendump.nl\/product\/mischauslauf-fuer-chemischen-anker\/"},"modified":"2025-12-10T11:41:14","modified_gmt":"2025-12-10T11:41:14","slug":"mischauslauf-fuer-chemischen-anker","status":"publish","type":"product","link":"https:\/\/schroevendump.nl\/de\/produkt\/mischauslauf-fuer-chemischen-anker\/","title":{"rendered":"Mischauslauf f\u00fcr chemischen Anker"},"content":{"rendered":"<h3 class=\"\" data-start=\"604\" data-end=\"638\">\u2705 <strong data-start=\"610\" data-end=\"638\">Hauptmerkmale:<\/strong><\/h3>\n<ul data-start=\"640\" data-end=\"1055\">\n<li class=\"\" data-start=\"640\" data-end=\"721\">\n<p class=\"\" data-start=\"642\" data-end=\"721\">\u2705 <strong data-start=\"644\" data-end=\"666\">Speziell<\/strong> f\u00fcr die Verwendung mit dem <a href=\"https:\/\/schroevendump.nl\/de\/produkt\/screwdump-chemical-anchor-2c-300-ml-schnell-trocknend-extrem-stark\/\">chemischen Schraubd\u00fcbel<\/a> <strong data-start=\"644\" data-end=\"666\">entwickelt<\/strong> <\/p>\n<\/li>\n<li class=\"\" data-start=\"722\" data-end=\"793\">\n<p class=\"\" data-start=\"724\" data-end=\"793\">\u2705 <strong data-start=\"726\" data-end=\"755\">Statische Mischtechnik<\/strong> f\u00fcr optimale Vermischung der Komponenten<\/p>\n<\/li>\n<li class=\"\" data-start=\"794\" data-end=\"867\">\n<p class=\"\" data-start=\"796\" data-end=\"867\">\u2705 <strong data-start=\"798\" data-end=\"824\">Einfache Befestigung<\/strong> am Schlauch f\u00fcr eine schnelle und effiziente Nutzung<\/p>\n<\/li>\n<li class=\"\" data-start=\"868\" data-end=\"943\">\n<p class=\"\" data-start=\"870\" data-end=\"943\">\u2705 <strong data-start=\"872\" data-end=\"895\">Gleichm\u00e4\u00dfiges Mischen<\/strong> ohne Lufteinschl\u00fcsse f\u00fcr maximale Haftung<\/p>\n<\/li>\n<li class=\"\" data-start=\"944\" data-end=\"1055\">\n<p class=\"\" data-start=\"946\" data-end=\"1055\">\u2705 <strong data-start=\"948\" data-end=\"973\">Unverzichtbares Zubeh\u00f6r<\/strong> f\u00fcr professionelle Verankerungsl\u00f6sungen<\/p>\n<\/li>\n<\/ul>\n","protected":false},"excerpt":{"rendered":"<p>\u2705 Hauptmerkmale: \u2705 Speziell f\u00fcr die Verwendung mit dem chemischen Schraubd\u00fcbel entwickelt \u2705 Statische Mischtechnik f\u00fcr optimale Vermischung der Komponenten \u2705 Einfache Befestigung am Schlauch f\u00fcr eine schnelle und effiziente Nutzung \u2705 Gleichm\u00e4\u00dfiges Mischen ohne Lufteinschl\u00fcsse f\u00fcr maximale Haftung \u2705 Unverzichtbares Zubeh\u00f6r f\u00fcr professionelle Verankerungsl\u00f6sungen<\/p>\n","protected":false},"featured_media":27840,"comment_status":"closed","ping_status":"closed","template":"","meta":[],"product_brand":[],"product_cat":[581],"product_tag":[],"class_list":{"0":"post-27839","1":"product","2":"type-product","3":"status-publish","4":"has-post-thumbnail","6":"product_cat-klebstoffe-und-dichtungsmittel","8":"first","9":"instock","10":"taxable","11":"shipping-taxable","12":"purchasable","13":"product-type-simple"},"supplier_id":null,"supplier_sku":"","barcode":null,"atum_controlled":true,"out_stock_date":null,"out_stock_threshold":null,"inheritable":false,"inbound_stock":0,"stock_on_hold":0,"sold_today":0,"sales_last_days":0,"reserved_stock":0,"customer_returns":0,"warehouse_damage":0,"lost_in_post":0,"other_logs":0,"out_stock_days":0,"lost_sales":0,"has_location":false,"update_date":"2026-04-29T01:08:10","atum_locations":[],"atum_stock_status":"instock","restock_status":false,"low_stock_amount":"","sales_update_date":"2026-04-29T01:08:10","calc_backorders":null,"acf":[],"yoast_head":"<!-- This site is optimized with the Yoast SEO plugin v26.6 - https:\/\/yoast.com\/wordpress\/plugins\/seo\/ -->\n<title>Mischauslauf f\u00fcr chemischen Anker - Schroevendump<\/title>\n<meta name=\"robots\" content=\"index, follow, max-snippet:-1, max-image-preview:large, max-video-preview:-1\" \/>\n<link rel=\"canonical\" href=\"https:\/\/schroevendump.nl\/de\/produkt\/mischauslauf-fuer-chemischen-anker\/\" \/>\n<meta property=\"og:locale\" content=\"de_DE\" \/>\n<meta property=\"og:type\" content=\"article\" \/>\n<meta property=\"og:title\" content=\"Mischauslauf f\u00fcr chemischen Anker - Schroevendump\" \/>\n<meta property=\"og:description\" content=\"\u2705 Hauptmerkmale: \u2705 Speziell f\u00fcr die Verwendung mit dem chemischen Schraubd\u00fcbel entwickelt \u2705 Statische Mischtechnik f\u00fcr optimale Vermischung der Komponenten \u2705 Einfache Befestigung am Schlauch f\u00fcr eine schnelle und effiziente Nutzung \u2705 Gleichm\u00e4\u00dfiges Mischen ohne Lufteinschl\u00fcsse f\u00fcr maximale Haftung \u2705 Unverzichtbares Zubeh\u00f6r f\u00fcr professionelle Verankerungsl\u00f6sungen\" \/>\n<meta property=\"og:url\" content=\"https:\/\/schroevendump.nl\/de\/produkt\/mischauslauf-fuer-chemischen-anker\/\" \/>\n<meta property=\"og:site_name\" content=\"Schroevendump\" \/>\n<meta property=\"article:modified_time\" content=\"2025-12-10T11:41:14+00:00\" \/>\n<meta property=\"og:image\" content=\"https:\/\/schroevendump.nl\/wp-content\/uploads\/2025\/05\/foto1-statische_mengtop-removebg-preview.png\" \/>\n\t<meta property=\"og:image:width\" content=\"500\" \/>\n\t<meta property=\"og:image:height\" content=\"500\" \/>\n\t<meta property=\"og:image:type\" content=\"image\/png\" \/>\n<meta name=\"twitter:card\" content=\"summary_large_image\" \/>\n<script type=\"application\/ld+json\" class=\"yoast-schema-graph\">{\"@context\":\"https:\/\/schema.org\",\"@graph\":[{\"@type\":\"WebPage\",\"@id\":\"https:\/\/schroevendump.nl\/de\/produkt\/mischauslauf-fuer-chemischen-anker\/\",\"url\":\"https:\/\/schroevendump.nl\/de\/produkt\/mischauslauf-fuer-chemischen-anker\/\",\"name\":\"Mischauslauf f\u00fcr chemischen Anker - Schroevendump\",\"isPartOf\":{\"@id\":\"https:\/\/schroevendump.nl\/de\/#website\"},\"primaryImageOfPage\":{\"@id\":\"https:\/\/schroevendump.nl\/de\/produkt\/mischauslauf-fuer-chemischen-anker\/#primaryimage\"},\"image\":{\"@id\":\"https:\/\/schroevendump.nl\/de\/produkt\/mischauslauf-fuer-chemischen-anker\/#primaryimage\"},\"thumbnailUrl\":\"https:\/\/schroevendump.nl\/wp-content\/uploads\/2025\/05\/foto1-statische_mengtop-removebg-preview.png\",\"datePublished\":\"2025-05-07T18:21:20+00:00\",\"dateModified\":\"2025-12-10T11:41:14+00:00\",\"breadcrumb\":{\"@id\":\"https:\/\/schroevendump.nl\/de\/produkt\/mischauslauf-fuer-chemischen-anker\/#breadcrumb\"},\"inLanguage\":\"de\",\"potentialAction\":[{\"@type\":\"ReadAction\",\"target\":[\"https:\/\/schroevendump.nl\/de\/produkt\/mischauslauf-fuer-chemischen-anker\/\"]}]},{\"@type\":\"ImageObject\",\"inLanguage\":\"de\",\"@id\":\"https:\/\/schroevendump.nl\/de\/produkt\/mischauslauf-fuer-chemischen-anker\/#primaryimage\",\"url\":\"https:\/\/schroevendump.nl\/wp-content\/uploads\/2025\/05\/foto1-statische_mengtop-removebg-preview.png\",\"contentUrl\":\"https:\/\/schroevendump.nl\/wp-content\/uploads\/2025\/05\/foto1-statische_mengtop-removebg-preview.png\",\"width\":500,\"height\":500},{\"@type\":\"BreadcrumbList\",\"@id\":\"https:\/\/schroevendump.nl\/de\/produkt\/mischauslauf-fuer-chemischen-anker\/#breadcrumb\",\"itemListElement\":[{\"@type\":\"ListItem\",\"position\":1,\"name\":\"Startseite\",\"item\":\"https:\/\/schroevendump.nl\/de\/\"},{\"@type\":\"ListItem\",\"position\":2,\"name\":\"Shop\",\"item\":\"https:\/\/schroevendump.nl\/de\/shop\/\"},{\"@type\":\"ListItem\",\"position\":3,\"name\":\"Mischauslauf f\u00fcr chemischen Anker\"}]},{\"@type\":\"WebSite\",\"@id\":\"https:\/\/schroevendump.nl\/de\/#website\",\"url\":\"https:\/\/schroevendump.nl\/de\/\",\"name\":\"Schroevendump\",\"description\":\"\",\"potentialAction\":[{\"@type\":\"SearchAction\",\"target\":{\"@type\":\"EntryPoint\",\"urlTemplate\":\"https:\/\/schroevendump.nl\/de\/?s={search_term_string}\"},\"query-input\":{\"@type\":\"PropertyValueSpecification\",\"valueRequired\":true,\"valueName\":\"search_term_string\"}}],\"inLanguage\":\"de\"}]}<\/script>\n<!-- \/ Yoast SEO plugin. -->","yoast_head_json":{"title":"Mischauslauf f\u00fcr chemischen Anker - Schroevendump","robots":{"index":"index","follow":"follow","max-snippet":"max-snippet:-1","max-image-preview":"max-image-preview:large","max-video-preview":"max-video-preview:-1"},"canonical":"https:\/\/schroevendump.nl\/de\/produkt\/mischauslauf-fuer-chemischen-anker\/","og_locale":"de_DE","og_type":"article","og_title":"Mischauslauf f\u00fcr chemischen Anker - Schroevendump","og_description":"\u2705 Hauptmerkmale: \u2705 Speziell f\u00fcr die Verwendung mit dem chemischen Schraubd\u00fcbel entwickelt \u2705 Statische Mischtechnik f\u00fcr optimale Vermischung der Komponenten \u2705 Einfache Befestigung am Schlauch f\u00fcr eine schnelle und effiziente Nutzung \u2705 Gleichm\u00e4\u00dfiges Mischen ohne Lufteinschl\u00fcsse f\u00fcr maximale Haftung \u2705 Unverzichtbares Zubeh\u00f6r f\u00fcr professionelle Verankerungsl\u00f6sungen","og_url":"https:\/\/schroevendump.nl\/de\/produkt\/mischauslauf-fuer-chemischen-anker\/","og_site_name":"Schroevendump","article_modified_time":"2025-12-10T11:41:14+00:00","og_image":[{"width":500,"height":500,"url":"https:\/\/schroevendump.nl\/wp-content\/uploads\/2025\/05\/foto1-statische_mengtop-removebg-preview.png","type":"image\/png"}],"twitter_card":"summary_large_image","schema":{"@context":"https:\/\/schema.org","@graph":[{"@type":"WebPage","@id":"https:\/\/schroevendump.nl\/de\/produkt\/mischauslauf-fuer-chemischen-anker\/","url":"https:\/\/schroevendump.nl\/de\/produkt\/mischauslauf-fuer-chemischen-anker\/","name":"Mischauslauf f\u00fcr chemischen Anker - Schroevendump","isPartOf":{"@id":"https:\/\/schroevendump.nl\/de\/#website"},"primaryImageOfPage":{"@id":"https:\/\/schroevendump.nl\/de\/produkt\/mischauslauf-fuer-chemischen-anker\/#primaryimage"},"image":{"@id":"https:\/\/schroevendump.nl\/de\/produkt\/mischauslauf-fuer-chemischen-anker\/#primaryimage"},"thumbnailUrl":"https:\/\/schroevendump.nl\/wp-content\/uploads\/2025\/05\/foto1-statische_mengtop-removebg-preview.png","datePublished":"2025-05-07T18:21:20+00:00","dateModified":"2025-12-10T11:41:14+00:00","breadcrumb":{"@id":"https:\/\/schroevendump.nl\/de\/produkt\/mischauslauf-fuer-chemischen-anker\/#breadcrumb"},"inLanguage":"de","potentialAction":[{"@type":"ReadAction","target":["https:\/\/schroevendump.nl\/de\/produkt\/mischauslauf-fuer-chemischen-anker\/"]}]},{"@type":"ImageObject","inLanguage":"de","@id":"https:\/\/schroevendump.nl\/de\/produkt\/mischauslauf-fuer-chemischen-anker\/#primaryimage","url":"https:\/\/schroevendump.nl\/wp-content\/uploads\/2025\/05\/foto1-statische_mengtop-removebg-preview.png","contentUrl":"https:\/\/schroevendump.nl\/wp-content\/uploads\/2025\/05\/foto1-statische_mengtop-removebg-preview.png","width":500,"height":500},{"@type":"BreadcrumbList","@id":"https:\/\/schroevendump.nl\/de\/produkt\/mischauslauf-fuer-chemischen-anker\/#breadcrumb","itemListElement":[{"@type":"ListItem","position":1,"name":"Startseite","item":"https:\/\/schroevendump.nl\/de\/"},{"@type":"ListItem","position":2,"name":"Shop","item":"https:\/\/schroevendump.nl\/de\/shop\/"},{"@type":"ListItem","position":3,"name":"Mischauslauf f\u00fcr chemischen Anker"}]},{"@type":"WebSite","@id":"https:\/\/schroevendump.nl\/de\/#website","url":"https:\/\/schroevendump.nl\/de\/","name":"Schroevendump","description":"","potentialAction":[{"@type":"SearchAction","target":{"@type":"EntryPoint","urlTemplate":"https:\/\/schroevendump.nl\/de\/?s={search_term_string}"},"query-input":{"@type":"PropertyValueSpecification","valueRequired":true,"valueName":"search_term_string"}}],"inLanguage":"de"}]}},"_links":{"self":[{"href":"https:\/\/schroevendump.nl\/de\/wp-json\/wp\/v2\/product\/27839","targetHints":{"allow":["GET"]}}],"collection":[{"href":"https:\/\/schroevendump.nl\/de\/wp-json\/wp\/v2\/product"}],"about":[{"href":"https:\/\/schroevendump.nl\/de\/wp-json\/wp\/v2\/types\/product"}],"replies":[{"embeddable":true,"href":"https:\/\/schroevendump.nl\/de\/wp-json\/wp\/v2\/comments?post=27839"}],"wp:featuredmedia":[{"embeddable":true,"href":"https:\/\/schroevendump.nl\/de\/wp-json\/wp\/v2\/media\/27840"}],"wp:attachment":[{"href":"https:\/\/schroevendump.nl\/de\/wp-json\/wp\/v2\/media?parent=27839"}],"wp:term":[{"taxonomy":"product_brand","embeddable":true,"href":"https:\/\/schroevendump.nl\/de\/wp-json\/wp\/v2\/product_brand?post=27839"},{"taxonomy":"product_cat","embeddable":true,"href":"https:\/\/schroevendump.nl\/de\/wp-json\/wp\/v2\/product_cat?post=27839"},{"taxonomy":"product_tag","embeddable":true,"href":"https:\/\/schroevendump.nl\/de\/wp-json\/wp\/v2\/product_tag?post=27839"}],"curies":[{"name":"wp","href":"https:\/\/api.w.org\/{rel}","templated":true}]}}