{"id":27845,"date":"2025-05-07T17:51:53","date_gmt":"2025-05-07T17:51:53","guid":{"rendered":"https:\/\/schroevendump.nl\/product\/screwdump-chemical-anchor-2c-300-ml-schnell-trocknend-extrem-stark\/"},"modified":"2025-12-10T11:41:16","modified_gmt":"2025-12-10T11:41:16","slug":"screwdump-chemical-anchor-2c-300-ml-schnell-trocknend-extrem-stark","status":"publish","type":"product","link":"https:\/\/schroevendump.nl\/de\/produkt\/screwdump-chemical-anchor-2c-300-ml-schnell-trocknend-extrem-stark\/","title":{"rendered":"Screwdump Chemical Anchor 2C &#8211; 300 ml &#8211; Schnell trocknend &amp; extrem stark"},"content":{"rendered":"<p data-start=\"466\" data-end=\"541\">Bitte beachten Sie, dass das Etikett auf dem erhaltenen Paket von der Produktabbildung abweichen kann. Wir sind gerade dabei, auf ein neues Etikett umzustellen. <\/p>\n<p class=\"\" data-start=\"466\" data-end=\"541\"><span class=\"relative -mx-px my-[-0.2rem] rounded px-px py-[0.2rem] transition-colors duration-100 ease-in-out\">Der <strong>Screw Dump Chemied\u00fcbel Standard<\/strong> ist ein hochwertiger Zweikomponenten-Chemied\u00fcbel auf der Basis von Polyester-Epoxidharz, der f\u00fcr die dauerhafte Verankerung von Bolzen, Schrauben und anderen Befestigungselementen sowohl in hohlen als auch in festen Untergr\u00fcnden entwickelt wurde.<\/span><\/p>\n<p class=\"\" data-start=\"543\" data-end=\"660\"><span class=\"relative -mx-px my-[-0.2rem] rounded px-px py-[0.2rem] transition-colors duration-100 ease-in-out\">Dank seiner schnellen Aush\u00e4rtungszeit und seiner extrem starken Haftung ist dieser chemische D\u00fcbel ideal f\u00fcr Anwendungen wie die Befestigung von Jalousien, Fensterrahmen, Treppengel\u00e4ndern, Stahlstangen und Balustraden.<\/span> <span class=\"relative -mx-px my-[-0.2rem] rounded px-px py-[0.2rem] transition-colors duration-100 ease-in-out\">Es ist f\u00fcr Untergr\u00fcnde wie Mauerwerk, Hohlziegel, Beton und Porenbeton geeignet und kann sogar auf leicht feuchten Oberfl\u00e4chen aufgetragen werden.<\/span><\/p>\n<p class=\"\" data-start=\"662\" data-end=\"916\">Der Screw Dump Chemical Anchor Standard ist eine hervorragende Alternative zu Kunststoffreparaturm\u00f6rtel und bietet eine spannungsfreie Verankerung ohne Ausdehnung, wodurch er sich f\u00fcr Anwendungen in der N\u00e4he von Kanten eignet.<\/p>\n<h3 class=\"\" data-start=\"923\" data-end=\"953\">\u2705 Hauptmerkmale:<\/h3>\n<ul data-start=\"955\" data-end=\"1474\">\n<li class=\"\" data-start=\"955\" data-end=\"1032\">\n<p class=\"\" data-start=\"957\" data-end=\"1032\">\u2705 <strong data-start=\"959\" data-end=\"986\">Zwei-Komponenten-System<\/strong>: f\u00fcr eine zuverl\u00e4ssige und dauerhafte Verankerung<\/p>\n<\/li>\n<li class=\"\" data-start=\"1033\" data-end=\"1103\">\n<p class=\"\" data-start=\"1035\" data-end=\"1103\">\u2705 <strong data-start=\"1037\" data-end=\"1052\">Schnelle Trocknung<\/strong>: extrem kurze Aush\u00e4rtezeit f\u00fcr schnelle Montage<\/p>\n<\/li>\n<li class=\"\" data-start=\"1104\" data-end=\"1207\">\n<p class=\"\" data-start=\"1106\" data-end=\"1207\">\u2705 <strong data-start=\"1108\" data-end=\"1133\">Universell einsetzbar<\/strong>: Geeignet f\u00fcr verschiedene Untergr\u00fcnde, auch f\u00fcr leicht feuchte Oberfl\u00e4chen<\/p>\n<\/li>\n<li class=\"\" data-start=\"1208\" data-end=\"1279\">\n<p class=\"\" data-start=\"1210\" data-end=\"1279\">\u2705 <strong data-start=\"1212\" data-end=\"1229\">Extrem stark<\/strong>: bietet hohe Belastbarkeit und langfristige Haftung<\/p>\n<\/li>\n<li class=\"\" data-start=\"1280\" data-end=\"1361\">\n<p class=\"\" data-start=\"1282\" data-end=\"1361\">\u2705 <strong data-start=\"1284\" data-end=\"1301\">Spannungsfrei<\/strong>: keine Ausdehnung, ideal f\u00fcr Anwendungen in der N\u00e4he von Kanten<\/p>\n<\/li>\n<li class=\"\" data-start=\"1362\" data-end=\"1474\">\n<p class=\"\" data-start=\"1364\" data-end=\"1474\">\u2705 <strong data-start=\"1366\" data-end=\"1388\">ETA-zertifiziert<\/strong>: Erf\u00fcllt europ\u00e4ische technische Zulassungen<\/p>\n<\/li>\n<\/ul>\n<h3 data-start=\"1481\" data-end=\"1501\"><\/h3>\n<h3 class=\"\" data-start=\"1481\" data-end=\"1501\">\ud83d\udd39 Anwendungen:<\/h3>\n<ul data-start=\"1503\" data-end=\"1768\">\n<li class=\"\" data-start=\"1503\" data-end=\"1549\">\n<p class=\"\" data-start=\"1505\" data-end=\"1549\">Verankerung von Stahlstangen und Gel\u00e4ndern<\/p>\n<\/li>\n<li class=\"\" data-start=\"1550\" data-end=\"1605\">\n<p class=\"\" data-start=\"1552\" data-end=\"1605\">Befestigen von Markisen, Fensterrahmen und Gel\u00e4ndern<\/p>\n<\/li>\n<li class=\"\" data-start=\"1606\" data-end=\"1675\">\n<p class=\"\" data-start=\"1608\" data-end=\"1675\">Verankerung in Beton, Windsteinen, Vollmauerwerk und Hohlziegeln<\/p>\n<\/li>\n<li class=\"\" data-start=\"1676\" data-end=\"1768\">\n<p class=\"\" data-start=\"1678\" data-end=\"1768\">Mechanische Befestigungen in verschiedenen Baumaterialien<\/p>\n<\/li>\n<\/ul>\n<hr class=\"\" data-start=\"1770\" data-end=\"1773\">\n<h3 class=\"\" data-start=\"1775\" data-end=\"1798\">\ud83d\udd39 Tipps zur Verarbeitung:<\/h3>\n<ul data-start=\"1800\" data-end=\"2209\">\n<li class=\"\" data-start=\"1800\" data-end=\"1849\">\n<p class=\"\" data-start=\"1802\" data-end=\"1849\">Nicht geeignet f\u00fcr die Anwendung auf PE, PP und PTFE<\/p>\n<\/li>\n<li class=\"\" data-start=\"1850\" data-end=\"1930\">\n<p class=\"\" data-start=\"1852\" data-end=\"1930\">Verwenden Sie nicht die ersten 10 cm der Mischung, sondern warten Sie, bis die Farbe homogen ist.<\/p>\n<\/li>\n<li class=\"\" data-start=\"1931\" data-end=\"1996\">\n<p class=\"\" data-start=\"1933\" data-end=\"1996\">Wenn die Verarbeitungszeit \u00fcberschritten wird, tauschen Sie die Mischd\u00fcse aus.<\/p>\n<\/li>\n<li class=\"\" data-start=\"1997\" data-end=\"2087\">\n<p class=\"\" data-start=\"1999\" data-end=\"2087\">Die Substrate m\u00fcssen staub- und fettfrei sein<\/p>\n<\/li>\n<\/ul>\n","protected":false},"excerpt":{"rendered":"<p>Bitte beachten Sie, dass das Etikett auf dem erhaltenen Paket von der Produktabbildung abweichen kann. Wir sind gerade dabei, auf ein neues Etikett umzustellen. Der Screw Dump Chemied\u00fcbel Standard ist ein hochwertiger Zweikomponenten-Chemied\u00fcbel auf der Basis von Polyester-Epoxidharz, der f\u00fcr die dauerhafte Verankerung von Bolzen, Schrauben und anderen Befestigungselementen sowohl in hohlen als auch in [&hellip;]<\/p>\n","protected":false},"featured_media":27848,"comment_status":"open","ping_status":"closed","template":"","meta":[],"product_brand":[],"product_cat":[581],"product_tag":[],"class_list":{"0":"post-27845","1":"product","2":"type-product","3":"status-publish","4":"has-post-thumbnail","6":"product_cat-klebstoffe-und-dichtungsmittel","8":"first","9":"instock","10":"sale","11":"taxable","12":"shipping-taxable","13":"purchasable","14":"product-type-simple"},"supplier_id":null,"supplier_sku":"","barcode":null,"atum_controlled":true,"out_stock_date":null,"out_stock_threshold":null,"inheritable":false,"inbound_stock":0,"stock_on_hold":0,"sold_today":0,"sales_last_days":0,"reserved_stock":0,"customer_returns":0,"warehouse_damage":0,"lost_in_post":0,"other_logs":0,"out_stock_days":0,"lost_sales":0,"has_location":false,"update_date":"2026-04-29T01:09:05","atum_locations":[],"atum_stock_status":"instock","restock_status":false,"low_stock_amount":"","sales_update_date":"2026-04-29T01:09:05","calc_backorders":null,"acf":[],"yoast_head":"<!-- This site is optimized with the Yoast SEO plugin v26.6 - https:\/\/yoast.com\/wordpress\/plugins\/seo\/ -->\n<title>Screwdump Chemical Anchor 2C - 300 ml - Schnell trocknend &amp; extrem stark - Schroevendump<\/title>\n<meta name=\"robots\" content=\"index, follow, max-snippet:-1, max-image-preview:large, max-video-preview:-1\" \/>\n<link rel=\"canonical\" href=\"https:\/\/schroevendump.nl\/de\/produkt\/screwdump-chemical-anchor-2c-300-ml-schnell-trocknend-extrem-stark\/\" \/>\n<meta property=\"og:locale\" content=\"de_DE\" \/>\n<meta property=\"og:type\" content=\"article\" \/>\n<meta property=\"og:title\" content=\"Screwdump Chemical Anchor 2C - 300 ml - Schnell trocknend &amp; extrem stark - Schroevendump\" \/>\n<meta property=\"og:description\" content=\"Bitte beachten Sie, dass das Etikett auf dem erhaltenen Paket von der Produktabbildung abweichen kann. Wir sind gerade dabei, auf ein neues Etikett umzustellen. Der Screw Dump Chemied\u00fcbel Standard ist ein hochwertiger Zweikomponenten-Chemied\u00fcbel auf der Basis von Polyester-Epoxidharz, der f\u00fcr die dauerhafte Verankerung von Bolzen, Schrauben und anderen Befestigungselementen sowohl in hohlen als auch in [&hellip;]\" \/>\n<meta property=\"og:url\" content=\"https:\/\/schroevendump.nl\/de\/produkt\/screwdump-chemical-anchor-2c-300-ml-schnell-trocknend-extrem-stark\/\" \/>\n<meta property=\"og:site_name\" content=\"Schroevendump\" \/>\n<meta property=\"article:modified_time\" content=\"2025-12-10T11:41:16+00:00\" \/>\n<meta property=\"og:image\" content=\"https:\/\/schroevendump.nl\/wp-content\/uploads\/2025\/05\/Mockup-Schroevendump-Chemical-Anchor-Standard-300ml-07-25.png\" \/>\n\t<meta property=\"og:image:width\" content=\"1500\" \/>\n\t<meta property=\"og:image:height\" content=\"1500\" \/>\n\t<meta property=\"og:image:type\" content=\"image\/png\" \/>\n<meta name=\"twitter:card\" content=\"summary_large_image\" \/>\n<meta name=\"twitter:label1\" content=\"Gesch\u00e4tzte Lesezeit\" \/>\n\t<meta name=\"twitter:data1\" content=\"1\u00a0Minute\" \/>\n<script type=\"application\/ld+json\" class=\"yoast-schema-graph\">{\"@context\":\"https:\/\/schema.org\",\"@graph\":[{\"@type\":\"WebPage\",\"@id\":\"https:\/\/schroevendump.nl\/de\/produkt\/screwdump-chemical-anchor-2c-300-ml-schnell-trocknend-extrem-stark\/\",\"url\":\"https:\/\/schroevendump.nl\/de\/produkt\/screwdump-chemical-anchor-2c-300-ml-schnell-trocknend-extrem-stark\/\",\"name\":\"Screwdump Chemical Anchor 2C - 300 ml - Schnell trocknend &amp; extrem stark - Schroevendump\",\"isPartOf\":{\"@id\":\"https:\/\/schroevendump.nl\/de\/#website\"},\"primaryImageOfPage\":{\"@id\":\"https:\/\/schroevendump.nl\/de\/produkt\/screwdump-chemical-anchor-2c-300-ml-schnell-trocknend-extrem-stark\/#primaryimage\"},\"image\":{\"@id\":\"https:\/\/schroevendump.nl\/de\/produkt\/screwdump-chemical-anchor-2c-300-ml-schnell-trocknend-extrem-stark\/#primaryimage\"},\"thumbnailUrl\":\"https:\/\/schroevendump.nl\/wp-content\/uploads\/2025\/05\/Mockup-Schroevendump-Chemical-Anchor-Standard-300ml-07-25.png\",\"datePublished\":\"2025-05-07T17:51:53+00:00\",\"dateModified\":\"2025-12-10T11:41:16+00:00\",\"breadcrumb\":{\"@id\":\"https:\/\/schroevendump.nl\/de\/produkt\/screwdump-chemical-anchor-2c-300-ml-schnell-trocknend-extrem-stark\/#breadcrumb\"},\"inLanguage\":\"de\",\"potentialAction\":[{\"@type\":\"ReadAction\",\"target\":[\"https:\/\/schroevendump.nl\/de\/produkt\/screwdump-chemical-anchor-2c-300-ml-schnell-trocknend-extrem-stark\/\"]}]},{\"@type\":\"ImageObject\",\"inLanguage\":\"de\",\"@id\":\"https:\/\/schroevendump.nl\/de\/produkt\/screwdump-chemical-anchor-2c-300-ml-schnell-trocknend-extrem-stark\/#primaryimage\",\"url\":\"https:\/\/schroevendump.nl\/wp-content\/uploads\/2025\/05\/Mockup-Schroevendump-Chemical-Anchor-Standard-300ml-07-25.png\",\"contentUrl\":\"https:\/\/schroevendump.nl\/wp-content\/uploads\/2025\/05\/Mockup-Schroevendump-Chemical-Anchor-Standard-300ml-07-25.png\",\"width\":1500,\"height\":1500},{\"@type\":\"BreadcrumbList\",\"@id\":\"https:\/\/schroevendump.nl\/de\/produkt\/screwdump-chemical-anchor-2c-300-ml-schnell-trocknend-extrem-stark\/#breadcrumb\",\"itemListElement\":[{\"@type\":\"ListItem\",\"position\":1,\"name\":\"Startseite\",\"item\":\"https:\/\/schroevendump.nl\/de\/\"},{\"@type\":\"ListItem\",\"position\":2,\"name\":\"Shop\",\"item\":\"https:\/\/schroevendump.nl\/de\/shop\/\"},{\"@type\":\"ListItem\",\"position\":3,\"name\":\"Screwdump Chemical Anchor 2C &#8211; 300 ml &#8211; Schnell trocknend &amp; extrem stark\"}]},{\"@type\":\"WebSite\",\"@id\":\"https:\/\/schroevendump.nl\/de\/#website\",\"url\":\"https:\/\/schroevendump.nl\/de\/\",\"name\":\"Schroevendump\",\"description\":\"\",\"potentialAction\":[{\"@type\":\"SearchAction\",\"target\":{\"@type\":\"EntryPoint\",\"urlTemplate\":\"https:\/\/schroevendump.nl\/de\/?s={search_term_string}\"},\"query-input\":{\"@type\":\"PropertyValueSpecification\",\"valueRequired\":true,\"valueName\":\"search_term_string\"}}],\"inLanguage\":\"de\"}]}<\/script>\n<!-- \/ Yoast SEO plugin. -->","yoast_head_json":{"title":"Screwdump Chemical Anchor 2C - 300 ml - Schnell trocknend &amp; extrem stark - Schroevendump","robots":{"index":"index","follow":"follow","max-snippet":"max-snippet:-1","max-image-preview":"max-image-preview:large","max-video-preview":"max-video-preview:-1"},"canonical":"https:\/\/schroevendump.nl\/de\/produkt\/screwdump-chemical-anchor-2c-300-ml-schnell-trocknend-extrem-stark\/","og_locale":"de_DE","og_type":"article","og_title":"Screwdump Chemical Anchor 2C - 300 ml - Schnell trocknend &amp; extrem stark - Schroevendump","og_description":"Bitte beachten Sie, dass das Etikett auf dem erhaltenen Paket von der Produktabbildung abweichen kann. Wir sind gerade dabei, auf ein neues Etikett umzustellen. Der Screw Dump Chemied\u00fcbel Standard ist ein hochwertiger Zweikomponenten-Chemied\u00fcbel auf der Basis von Polyester-Epoxidharz, der f\u00fcr die dauerhafte Verankerung von Bolzen, Schrauben und anderen Befestigungselementen sowohl in hohlen als auch in [&hellip;]","og_url":"https:\/\/schroevendump.nl\/de\/produkt\/screwdump-chemical-anchor-2c-300-ml-schnell-trocknend-extrem-stark\/","og_site_name":"Schroevendump","article_modified_time":"2025-12-10T11:41:16+00:00","og_image":[{"width":1500,"height":1500,"url":"https:\/\/schroevendump.nl\/wp-content\/uploads\/2025\/05\/Mockup-Schroevendump-Chemical-Anchor-Standard-300ml-07-25.png","type":"image\/png"}],"twitter_card":"summary_large_image","twitter_misc":{"Gesch\u00e4tzte Lesezeit":"1\u00a0Minute"},"schema":{"@context":"https:\/\/schema.org","@graph":[{"@type":"WebPage","@id":"https:\/\/schroevendump.nl\/de\/produkt\/screwdump-chemical-anchor-2c-300-ml-schnell-trocknend-extrem-stark\/","url":"https:\/\/schroevendump.nl\/de\/produkt\/screwdump-chemical-anchor-2c-300-ml-schnell-trocknend-extrem-stark\/","name":"Screwdump Chemical Anchor 2C - 300 ml - Schnell trocknend &amp; extrem stark - Schroevendump","isPartOf":{"@id":"https:\/\/schroevendump.nl\/de\/#website"},"primaryImageOfPage":{"@id":"https:\/\/schroevendump.nl\/de\/produkt\/screwdump-chemical-anchor-2c-300-ml-schnell-trocknend-extrem-stark\/#primaryimage"},"image":{"@id":"https:\/\/schroevendump.nl\/de\/produkt\/screwdump-chemical-anchor-2c-300-ml-schnell-trocknend-extrem-stark\/#primaryimage"},"thumbnailUrl":"https:\/\/schroevendump.nl\/wp-content\/uploads\/2025\/05\/Mockup-Schroevendump-Chemical-Anchor-Standard-300ml-07-25.png","datePublished":"2025-05-07T17:51:53+00:00","dateModified":"2025-12-10T11:41:16+00:00","breadcrumb":{"@id":"https:\/\/schroevendump.nl\/de\/produkt\/screwdump-chemical-anchor-2c-300-ml-schnell-trocknend-extrem-stark\/#breadcrumb"},"inLanguage":"de","potentialAction":[{"@type":"ReadAction","target":["https:\/\/schroevendump.nl\/de\/produkt\/screwdump-chemical-anchor-2c-300-ml-schnell-trocknend-extrem-stark\/"]}]},{"@type":"ImageObject","inLanguage":"de","@id":"https:\/\/schroevendump.nl\/de\/produkt\/screwdump-chemical-anchor-2c-300-ml-schnell-trocknend-extrem-stark\/#primaryimage","url":"https:\/\/schroevendump.nl\/wp-content\/uploads\/2025\/05\/Mockup-Schroevendump-Chemical-Anchor-Standard-300ml-07-25.png","contentUrl":"https:\/\/schroevendump.nl\/wp-content\/uploads\/2025\/05\/Mockup-Schroevendump-Chemical-Anchor-Standard-300ml-07-25.png","width":1500,"height":1500},{"@type":"BreadcrumbList","@id":"https:\/\/schroevendump.nl\/de\/produkt\/screwdump-chemical-anchor-2c-300-ml-schnell-trocknend-extrem-stark\/#breadcrumb","itemListElement":[{"@type":"ListItem","position":1,"name":"Startseite","item":"https:\/\/schroevendump.nl\/de\/"},{"@type":"ListItem","position":2,"name":"Shop","item":"https:\/\/schroevendump.nl\/de\/shop\/"},{"@type":"ListItem","position":3,"name":"Screwdump Chemical Anchor 2C &#8211; 300 ml &#8211; Schnell trocknend &amp; extrem stark"}]},{"@type":"WebSite","@id":"https:\/\/schroevendump.nl\/de\/#website","url":"https:\/\/schroevendump.nl\/de\/","name":"Schroevendump","description":"","potentialAction":[{"@type":"SearchAction","target":{"@type":"EntryPoint","urlTemplate":"https:\/\/schroevendump.nl\/de\/?s={search_term_string}"},"query-input":{"@type":"PropertyValueSpecification","valueRequired":true,"valueName":"search_term_string"}}],"inLanguage":"de"}]}},"_links":{"self":[{"href":"https:\/\/schroevendump.nl\/de\/wp-json\/wp\/v2\/product\/27845","targetHints":{"allow":["GET"]}}],"collection":[{"href":"https:\/\/schroevendump.nl\/de\/wp-json\/wp\/v2\/product"}],"about":[{"href":"https:\/\/schroevendump.nl\/de\/wp-json\/wp\/v2\/types\/product"}],"replies":[{"embeddable":true,"href":"https:\/\/schroevendump.nl\/de\/wp-json\/wp\/v2\/comments?post=27845"}],"wp:featuredmedia":[{"embeddable":true,"href":"https:\/\/schroevendump.nl\/de\/wp-json\/wp\/v2\/media\/27848"}],"wp:attachment":[{"href":"https:\/\/schroevendump.nl\/de\/wp-json\/wp\/v2\/media?parent=27845"}],"wp:term":[{"taxonomy":"product_brand","embeddable":true,"href":"https:\/\/schroevendump.nl\/de\/wp-json\/wp\/v2\/product_brand?post=27845"},{"taxonomy":"product_cat","embeddable":true,"href":"https:\/\/schroevendump.nl\/de\/wp-json\/wp\/v2\/product_cat?post=27845"},{"taxonomy":"product_tag","embeddable":true,"href":"https:\/\/schroevendump.nl\/de\/wp-json\/wp\/v2\/product_tag?post=27845"}],"curies":[{"name":"wp","href":"https:\/\/api.w.org\/{rel}","templated":true}]}}