{"id":27968,"date":"2025-04-17T19:45:43","date_gmt":"2025-04-17T19:45:43","guid":{"rendered":"https:\/\/schroevendump.nl\/product\/stuclopertape-50mm-x-33m-abziehbares-pvc-band-fuer-stucloper-und-bodenschutz\/"},"modified":"2025-12-10T11:33:22","modified_gmt":"2025-12-10T11:33:22","slug":"stuclopertape-50mm-x-33m-abziehbares-pvc-band-fuer-stucloper-und-bodenschutz","status":"publish","type":"product","link":"https:\/\/schroevendump.nl\/de\/produkt\/stuclopertape-50mm-x-33m-abziehbares-pvc-band-fuer-stucloper-und-bodenschutz\/","title":{"rendered":"Stuclopertape 50mm x 33m &#8211; Abziehbares PVC-Band &#8211; F\u00fcr Stucloper und Bodenschutz"},"content":{"rendered":"<h3 class=\"\" data-start=\"276\" data-end=\"333\">\ud83d\udd39 <strong data-start=\"283\" data-end=\"333\">Stuclopertape 50mm x 33m<\/strong><\/h3>\n<p class=\"\" data-start=\"335\" data-end=\"454\"><span class=\"relative -mx-px my-[-0.2rem] rounded px-px py-[0.2rem] transition-colors duration-100 ease-in-out\">Das <strong data-start=\"3\" data-end=\"31\">Stuclopertape 50mm x 33m<\/strong> wurde speziell f\u00fcr die sichere und effektive Befestigung von Stuclop auf verschiedenen Untergr\u00fcnden bei Bau-, Maler- und Renovierungsarbeiten entwickelt.<\/span> <span class=\"relative -mx-px my-[-0.2rem] rounded px-px py-[0.2rem] transition-colors duration-100 ease-in-out\">Dieses hochwertige Klebeband besteht aus flexiblem PVC und ist mit einem l\u00f6sungsmittelhaltigen Kautschukklebstoff versehen, der eine hervorragende Haftung bietet, ohne beim Entfernen Klebstoffr\u00fcckst\u00e4nde zu hinterlassen.<\/span><\/p>\n<p class=\"\" data-start=\"335\" data-end=\"454\"><span class=\"relative -mx-px my-[-0.2rem] rounded px-px py-[0.2rem] transition-colors duration-100 ease-in-out\">Dank seiner &#8216;Low Tack&#8217;-Haftung l\u00e4sst sich das Klebeband leicht anbringen und entfernen, selbst auf empfindlichen Oberfl\u00e4chen wie Holz, Glas und lackierten Fl\u00e4chen.<\/span> <span class=\"relative -mx-px my-[-0.2rem] rounded px-px py-[0.2rem] transition-colors duration-100 ease-in-out\">Das Klebeband ist wasserfest, rei\u00dffest und sowohl f\u00fcr den Innen- als auch f\u00fcr den Au\u00dfeneinsatz geeignet.<\/span><\/p>\n<h3 class=\"\" data-start=\"633\" data-end=\"668\">\ud83d\udd39 <strong data-start=\"640\" data-end=\"668\">Hauptmerkmale:<\/strong><\/h3>\n<ul data-start=\"670\" data-end=\"1078\">\n<li class=\"\" data-start=\"670\" data-end=\"729\">\n<p class=\"\" data-start=\"672\" data-end=\"729\">\u2705 <strong data-start=\"674\" data-end=\"688\">Ma\u00dfe<\/strong>: <span class=\"relative -mx-px my-[-0.2rem] rounded px-px py-[0.2rem] transition-colors duration-100 ease-in-out\">70 cm breit x 60 Meter lang<\/span><\/p>\n<\/li>\n<li class=\"\" data-start=\"730\" data-end=\"788\">\n<p class=\"\" data-start=\"732\" data-end=\"788\">\u2705 <strong data-start=\"734\" data-end=\"747\">Material<\/strong>: <span class=\"relative -mx-px my-[-0.2rem] rounded px-px py-[0.2rem] transition-colors duration-100 ease-in-out\">Starker, transparenter Kunststoff<\/span><\/p>\n<\/li>\n<li class=\"\" data-start=\"789\" data-end=\"849\">\n<p class=\"\" data-start=\"791\" data-end=\"849\">\u2705 <strong data-start=\"793\" data-end=\"808\">Selbstklebend<\/strong>: <span class=\"relative -mx-px my-[-0.2rem] rounded px-px py-[0.2rem] transition-colors duration-100 ease-in-out\">Klebeschicht auf der Au\u00dfenseite f\u00fcr eine einfache Anbringung<\/span><\/p>\n<\/li>\n<li class=\"\" data-start=\"850\" data-end=\"909\">\n<p class=\"\" data-start=\"852\" data-end=\"909\">\u2705 <strong data-start=\"854\" data-end=\"868\">R\u00fcckstandsfrei<\/strong>: <span class=\"relative -mx-px my-[-0.2rem] rounded px-px py-[0.2rem] transition-colors duration-100 ease-in-out\">hinterl\u00e4sst beim Entfernen keine Kleber\u00fcckst\u00e4nde<\/span><\/p>\n<\/li>\n<li class=\"\" data-start=\"910\" data-end=\"969\">\n<p class=\"\" data-start=\"912\" data-end=\"969\">\u2705 <strong data-start=\"914\" data-end=\"928\">Anwendung<\/strong>: <span class=\"relative -mx-px my-[-0.2rem] rounded px-px py-[0.2rem] transition-colors duration-100 ease-in-out\">geeignet f\u00fcr Teppiche, L\u00e4ufer und gepolsterte Treppen<\/span><\/p>\n<\/li>\n<li class=\"\" data-start=\"970\" data-end=\"1078\">\n<p class=\"\" data-start=\"972\" data-end=\"1078\">\u2705 <strong data-start=\"974\" data-end=\"991\">Benutzerfreundlichkeit<\/strong>: <span class=\"relative -mx-px my-[-0.2rem] rounded px-px py-[0.2rem] transition-colors duration-100 ease-in-out\">Schnelle Installation ohne zus\u00e4tzliche Befestigungsmittel<\/span><\/p>\n<\/li>\n<\/ul>\n<p class=\"\" data-start=\"335\" data-end=\"454\"><span class=\"relative -mx-px my-[-0.2rem] rounded px-px py-[0.2rem] transition-colors duration-100 ease-in-out\">Diese selbstklebende Schutzfolie ist ein unverzichtbares Hilfsmittel, um den Bodenbelag bei verschiedenen Arbeiten sauber und unbesch\u00e4digt zu halten.<\/span> <span class=\"relative -mx-px my-[-0.2rem] rounded px-px py-[0.2rem] transition-colors duration-100 ease-in-out\">Eine praktische L\u00f6sung f\u00fcr Profis und Heimwerker gleicherma\u00dfen.<\/span><\/p>\n","protected":false},"excerpt":{"rendered":"<p>\ud83d\udd39 Stuclopertape 50mm x 33m Das Stuclopertape 50mm x 33m wurde speziell f\u00fcr die sichere und effektive Befestigung von Stuclop auf verschiedenen Untergr\u00fcnden bei Bau-, Maler- und Renovierungsarbeiten entwickelt. Dieses hochwertige Klebeband besteht aus flexiblem PVC und ist mit einem l\u00f6sungsmittelhaltigen Kautschukklebstoff versehen, der eine hervorragende Haftung bietet, ohne beim Entfernen Klebstoffr\u00fcckst\u00e4nde zu hinterlassen. Dank [&hellip;]<\/p>\n","protected":false},"featured_media":18223,"comment_status":"open","ping_status":"closed","template":"","meta":[],"product_brand":[],"product_cat":[608],"product_tag":[],"class_list":{"0":"post-27968","1":"product","2":"type-product","3":"status-publish","4":"has-post-thumbnail","6":"product_cat-reifen-und-wasserhahne","8":"first","9":"instock","10":"taxable","11":"shipping-taxable","12":"purchasable","13":"product-type-simple"},"supplier_id":null,"supplier_sku":"","barcode":null,"atum_controlled":true,"out_stock_date":null,"out_stock_threshold":null,"inheritable":false,"inbound_stock":0,"stock_on_hold":0,"sold_today":0,"sales_last_days":14,"reserved_stock":0,"customer_returns":0,"warehouse_damage":0,"lost_in_post":0,"other_logs":0,"out_stock_days":0,"lost_sales":0,"has_location":false,"update_date":"2026-05-16T08:47:02","atum_locations":[],"atum_stock_status":"instock","restock_status":false,"low_stock_amount":"","sales_update_date":"2026-05-16T08:47:02","calc_backorders":null,"acf":[],"yoast_head":"<!-- This site is optimized with the Yoast SEO plugin v26.6 - https:\/\/yoast.com\/wordpress\/plugins\/seo\/ -->\n<title>Stuclopertape 50mm x 33m - Abziehbares PVC-Band - F\u00fcr Stucloper und Bodenschutz - Schroevendump<\/title>\n<meta name=\"robots\" content=\"index, follow, max-snippet:-1, max-image-preview:large, max-video-preview:-1\" \/>\n<link rel=\"canonical\" href=\"https:\/\/schroevendump.nl\/de\/produkt\/stuclopertape-50mm-x-33m-abziehbares-pvc-band-fuer-stucloper-und-bodenschutz\/\" \/>\n<meta property=\"og:locale\" content=\"de_DE\" \/>\n<meta property=\"og:type\" content=\"article\" \/>\n<meta property=\"og:title\" content=\"Stuclopertape 50mm x 33m - Abziehbares PVC-Band - F\u00fcr Stucloper und Bodenschutz - Schroevendump\" \/>\n<meta property=\"og:description\" content=\"\ud83d\udd39 Stuclopertape 50mm x 33m Das Stuclopertape 50mm x 33m wurde speziell f\u00fcr die sichere und effektive Befestigung von Stuclop auf verschiedenen Untergr\u00fcnden bei Bau-, Maler- und Renovierungsarbeiten entwickelt. Dieses hochwertige Klebeband besteht aus flexiblem PVC und ist mit einem l\u00f6sungsmittelhaltigen Kautschukklebstoff versehen, der eine hervorragende Haftung bietet, ohne beim Entfernen Klebstoffr\u00fcckst\u00e4nde zu hinterlassen. Dank [&hellip;]\" \/>\n<meta property=\"og:url\" content=\"https:\/\/schroevendump.nl\/de\/produkt\/stuclopertape-50mm-x-33m-abziehbares-pvc-band-fuer-stucloper-und-bodenschutz\/\" \/>\n<meta property=\"og:site_name\" content=\"Schroevendump\" \/>\n<meta property=\"article:modified_time\" content=\"2025-12-10T11:33:22+00:00\" \/>\n<meta property=\"og:image\" content=\"https:\/\/schroevendump.nl\/wp-content\/uploads\/2025\/04\/kelfort_stuclopertape-removebg-preview.png\" \/>\n\t<meta property=\"og:image:width\" content=\"499\" \/>\n\t<meta property=\"og:image:height\" content=\"499\" \/>\n\t<meta property=\"og:image:type\" content=\"image\/png\" \/>\n<meta name=\"twitter:card\" content=\"summary_large_image\" \/>\n<meta name=\"twitter:label1\" content=\"Gesch\u00e4tzte Lesezeit\" \/>\n\t<meta name=\"twitter:data1\" content=\"1\u00a0Minute\" \/>\n<script type=\"application\/ld+json\" class=\"yoast-schema-graph\">{\"@context\":\"https:\/\/schema.org\",\"@graph\":[{\"@type\":\"WebPage\",\"@id\":\"https:\/\/schroevendump.nl\/de\/produkt\/stuclopertape-50mm-x-33m-abziehbares-pvc-band-fuer-stucloper-und-bodenschutz\/\",\"url\":\"https:\/\/schroevendump.nl\/de\/produkt\/stuclopertape-50mm-x-33m-abziehbares-pvc-band-fuer-stucloper-und-bodenschutz\/\",\"name\":\"Stuclopertape 50mm x 33m - Abziehbares PVC-Band - F\u00fcr Stucloper und Bodenschutz - Schroevendump\",\"isPartOf\":{\"@id\":\"https:\/\/schroevendump.nl\/de\/#website\"},\"primaryImageOfPage\":{\"@id\":\"https:\/\/schroevendump.nl\/de\/produkt\/stuclopertape-50mm-x-33m-abziehbares-pvc-band-fuer-stucloper-und-bodenschutz\/#primaryimage\"},\"image\":{\"@id\":\"https:\/\/schroevendump.nl\/de\/produkt\/stuclopertape-50mm-x-33m-abziehbares-pvc-band-fuer-stucloper-und-bodenschutz\/#primaryimage\"},\"thumbnailUrl\":\"https:\/\/schroevendump.nl\/wp-content\/uploads\/2025\/04\/kelfort_stuclopertape-removebg-preview.png\",\"datePublished\":\"2025-04-17T19:45:43+00:00\",\"dateModified\":\"2025-12-10T11:33:22+00:00\",\"breadcrumb\":{\"@id\":\"https:\/\/schroevendump.nl\/de\/produkt\/stuclopertape-50mm-x-33m-abziehbares-pvc-band-fuer-stucloper-und-bodenschutz\/#breadcrumb\"},\"inLanguage\":\"de\",\"potentialAction\":[{\"@type\":\"ReadAction\",\"target\":[\"https:\/\/schroevendump.nl\/de\/produkt\/stuclopertape-50mm-x-33m-abziehbares-pvc-band-fuer-stucloper-und-bodenschutz\/\"]}]},{\"@type\":\"ImageObject\",\"inLanguage\":\"de\",\"@id\":\"https:\/\/schroevendump.nl\/de\/produkt\/stuclopertape-50mm-x-33m-abziehbares-pvc-band-fuer-stucloper-und-bodenschutz\/#primaryimage\",\"url\":\"https:\/\/schroevendump.nl\/wp-content\/uploads\/2025\/04\/kelfort_stuclopertape-removebg-preview.png\",\"contentUrl\":\"https:\/\/schroevendump.nl\/wp-content\/uploads\/2025\/04\/kelfort_stuclopertape-removebg-preview.png\",\"width\":499,\"height\":499},{\"@type\":\"BreadcrumbList\",\"@id\":\"https:\/\/schroevendump.nl\/de\/produkt\/stuclopertape-50mm-x-33m-abziehbares-pvc-band-fuer-stucloper-und-bodenschutz\/#breadcrumb\",\"itemListElement\":[{\"@type\":\"ListItem\",\"position\":1,\"name\":\"Startseite\",\"item\":\"https:\/\/schroevendump.nl\/de\/\"},{\"@type\":\"ListItem\",\"position\":2,\"name\":\"Shop\",\"item\":\"https:\/\/schroevendump.nl\/de\/shop\/\"},{\"@type\":\"ListItem\",\"position\":3,\"name\":\"Stuclopertape 50mm x 33m &#8211; Abziehbares PVC-Band &#8211; F\u00fcr Stucloper und Bodenschutz\"}]},{\"@type\":\"WebSite\",\"@id\":\"https:\/\/schroevendump.nl\/de\/#website\",\"url\":\"https:\/\/schroevendump.nl\/de\/\",\"name\":\"Schroevendump\",\"description\":\"\",\"potentialAction\":[{\"@type\":\"SearchAction\",\"target\":{\"@type\":\"EntryPoint\",\"urlTemplate\":\"https:\/\/schroevendump.nl\/de\/?s={search_term_string}\"},\"query-input\":{\"@type\":\"PropertyValueSpecification\",\"valueRequired\":true,\"valueName\":\"search_term_string\"}}],\"inLanguage\":\"de\"}]}<\/script>\n<!-- \/ Yoast SEO plugin. -->","yoast_head_json":{"title":"Stuclopertape 50mm x 33m - Abziehbares PVC-Band - F\u00fcr Stucloper und Bodenschutz - Schroevendump","robots":{"index":"index","follow":"follow","max-snippet":"max-snippet:-1","max-image-preview":"max-image-preview:large","max-video-preview":"max-video-preview:-1"},"canonical":"https:\/\/schroevendump.nl\/de\/produkt\/stuclopertape-50mm-x-33m-abziehbares-pvc-band-fuer-stucloper-und-bodenschutz\/","og_locale":"de_DE","og_type":"article","og_title":"Stuclopertape 50mm x 33m - Abziehbares PVC-Band - F\u00fcr Stucloper und Bodenschutz - Schroevendump","og_description":"\ud83d\udd39 Stuclopertape 50mm x 33m Das Stuclopertape 50mm x 33m wurde speziell f\u00fcr die sichere und effektive Befestigung von Stuclop auf verschiedenen Untergr\u00fcnden bei Bau-, Maler- und Renovierungsarbeiten entwickelt. Dieses hochwertige Klebeband besteht aus flexiblem PVC und ist mit einem l\u00f6sungsmittelhaltigen Kautschukklebstoff versehen, der eine hervorragende Haftung bietet, ohne beim Entfernen Klebstoffr\u00fcckst\u00e4nde zu hinterlassen. Dank [&hellip;]","og_url":"https:\/\/schroevendump.nl\/de\/produkt\/stuclopertape-50mm-x-33m-abziehbares-pvc-band-fuer-stucloper-und-bodenschutz\/","og_site_name":"Schroevendump","article_modified_time":"2025-12-10T11:33:22+00:00","og_image":[{"width":499,"height":499,"url":"https:\/\/schroevendump.nl\/wp-content\/uploads\/2025\/04\/kelfort_stuclopertape-removebg-preview.png","type":"image\/png"}],"twitter_card":"summary_large_image","twitter_misc":{"Gesch\u00e4tzte Lesezeit":"1\u00a0Minute"},"schema":{"@context":"https:\/\/schema.org","@graph":[{"@type":"WebPage","@id":"https:\/\/schroevendump.nl\/de\/produkt\/stuclopertape-50mm-x-33m-abziehbares-pvc-band-fuer-stucloper-und-bodenschutz\/","url":"https:\/\/schroevendump.nl\/de\/produkt\/stuclopertape-50mm-x-33m-abziehbares-pvc-band-fuer-stucloper-und-bodenschutz\/","name":"Stuclopertape 50mm x 33m - Abziehbares PVC-Band - F\u00fcr Stucloper und Bodenschutz - Schroevendump","isPartOf":{"@id":"https:\/\/schroevendump.nl\/de\/#website"},"primaryImageOfPage":{"@id":"https:\/\/schroevendump.nl\/de\/produkt\/stuclopertape-50mm-x-33m-abziehbares-pvc-band-fuer-stucloper-und-bodenschutz\/#primaryimage"},"image":{"@id":"https:\/\/schroevendump.nl\/de\/produkt\/stuclopertape-50mm-x-33m-abziehbares-pvc-band-fuer-stucloper-und-bodenschutz\/#primaryimage"},"thumbnailUrl":"https:\/\/schroevendump.nl\/wp-content\/uploads\/2025\/04\/kelfort_stuclopertape-removebg-preview.png","datePublished":"2025-04-17T19:45:43+00:00","dateModified":"2025-12-10T11:33:22+00:00","breadcrumb":{"@id":"https:\/\/schroevendump.nl\/de\/produkt\/stuclopertape-50mm-x-33m-abziehbares-pvc-band-fuer-stucloper-und-bodenschutz\/#breadcrumb"},"inLanguage":"de","potentialAction":[{"@type":"ReadAction","target":["https:\/\/schroevendump.nl\/de\/produkt\/stuclopertape-50mm-x-33m-abziehbares-pvc-band-fuer-stucloper-und-bodenschutz\/"]}]},{"@type":"ImageObject","inLanguage":"de","@id":"https:\/\/schroevendump.nl\/de\/produkt\/stuclopertape-50mm-x-33m-abziehbares-pvc-band-fuer-stucloper-und-bodenschutz\/#primaryimage","url":"https:\/\/schroevendump.nl\/wp-content\/uploads\/2025\/04\/kelfort_stuclopertape-removebg-preview.png","contentUrl":"https:\/\/schroevendump.nl\/wp-content\/uploads\/2025\/04\/kelfort_stuclopertape-removebg-preview.png","width":499,"height":499},{"@type":"BreadcrumbList","@id":"https:\/\/schroevendump.nl\/de\/produkt\/stuclopertape-50mm-x-33m-abziehbares-pvc-band-fuer-stucloper-und-bodenschutz\/#breadcrumb","itemListElement":[{"@type":"ListItem","position":1,"name":"Startseite","item":"https:\/\/schroevendump.nl\/de\/"},{"@type":"ListItem","position":2,"name":"Shop","item":"https:\/\/schroevendump.nl\/de\/shop\/"},{"@type":"ListItem","position":3,"name":"Stuclopertape 50mm x 33m &#8211; Abziehbares PVC-Band &#8211; F\u00fcr Stucloper und Bodenschutz"}]},{"@type":"WebSite","@id":"https:\/\/schroevendump.nl\/de\/#website","url":"https:\/\/schroevendump.nl\/de\/","name":"Schroevendump","description":"","potentialAction":[{"@type":"SearchAction","target":{"@type":"EntryPoint","urlTemplate":"https:\/\/schroevendump.nl\/de\/?s={search_term_string}"},"query-input":{"@type":"PropertyValueSpecification","valueRequired":true,"valueName":"search_term_string"}}],"inLanguage":"de"}]}},"_links":{"self":[{"href":"https:\/\/schroevendump.nl\/de\/wp-json\/wp\/v2\/product\/27968","targetHints":{"allow":["GET"]}}],"collection":[{"href":"https:\/\/schroevendump.nl\/de\/wp-json\/wp\/v2\/product"}],"about":[{"href":"https:\/\/schroevendump.nl\/de\/wp-json\/wp\/v2\/types\/product"}],"replies":[{"embeddable":true,"href":"https:\/\/schroevendump.nl\/de\/wp-json\/wp\/v2\/comments?post=27968"}],"wp:featuredmedia":[{"embeddable":true,"href":"https:\/\/schroevendump.nl\/de\/wp-json\/wp\/v2\/media\/18223"}],"wp:attachment":[{"href":"https:\/\/schroevendump.nl\/de\/wp-json\/wp\/v2\/media?parent=27968"}],"wp:term":[{"taxonomy":"product_brand","embeddable":true,"href":"https:\/\/schroevendump.nl\/de\/wp-json\/wp\/v2\/product_brand?post=27968"},{"taxonomy":"product_cat","embeddable":true,"href":"https:\/\/schroevendump.nl\/de\/wp-json\/wp\/v2\/product_cat?post=27968"},{"taxonomy":"product_tag","embeddable":true,"href":"https:\/\/schroevendump.nl\/de\/wp-json\/wp\/v2\/product_tag?post=27968"}],"curies":[{"name":"wp","href":"https:\/\/api.w.org\/{rel}","templated":true}]}}