{"id":27980,"date":"2025-04-17T19:01:30","date_gmt":"2025-04-17T19:01:30","guid":{"rendered":"https:\/\/schroevendump.nl\/product\/handsaege-kombination-3-teilig-550mm-350mm-scheuersaege-universal-holzsaegen-profi-qualitaet\/"},"modified":"2025-12-10T11:33:30","modified_gmt":"2025-12-10T11:33:30","slug":"handsaege-kombination-3-teilig-550mm-350mm-scheuersaege-universal-holzsaegen-profi-qualitaet","status":"publish","type":"product","link":"https:\/\/schroevendump.nl\/de\/produkt\/handsaege-kombination-3-teilig-550mm-350mm-scheuersaege-universal-holzsaegen-profi-qualitaet\/","title":{"rendered":"Hands\u00e4ge-Kombination 3-teilig &#8211; 550mm, 350mm &amp; Scheuers\u00e4ge &#8211; Universal-Holzs\u00e4gen &#8211; Profi-Qualit\u00e4t"},"content":{"rendered":"<h3 class=\"\" data-start=\"243\" data-end=\"303\">\ud83d\udd39 <strong data-start=\"250\" data-end=\"303\">Produktbeschreibung &#8211; Hands\u00e4gekombination 3-teilig<\/strong><\/h3>\n<p class=\"\" data-start=\"305\" data-end=\"424\"><span class=\"relative -mx-px my-[-0.2rem] rounded px-px py-[0.2rem] transition-colors duration-100 ease-in-out\">Die <strong data-start=\"3\" data-end=\"34\">Hands\u00e4ge-Kombination 3-teilig<\/strong> ist ein vielseitiges Set, das f\u00fcr Profis und Heimwerker gleicherma\u00dfen unverzichtbar ist.<\/span> <span class=\"relative -mx-px my-[-0.2rem] rounded px-px py-[0.2rem] transition-colors duration-100 ease-in-out\">Dieses Set enth\u00e4lt.<\/span><\/p>\n<ul data-start=\"426\" data-end=\"591\">\n<li class=\"\" data-start=\"426\" data-end=\"465\">\n<p class=\"\" data-start=\"428\" data-end=\"465\"><span class=\"relative -mx-px my-[-0.2rem] rounded px-px py-[0.2rem] transition-colors duration-100 ease-in-out\"><strong data-start=\"0\" data-end=\"35\" data-is-last-node=\"\" data-is-only-node=\"\">Prizecut Hands\u00e4ge NP 22 (550mm)<\/strong><\/span><\/p>\n<\/li>\n<li class=\"\" data-start=\"466\" data-end=\"505\">\n<p class=\"\" data-start=\"468\" data-end=\"505\"><span class=\"relative -mx-px my-[-0.2rem] rounded px-px py-[0.2rem] transition-colors duration-100 ease-in-out\"><strong data-start=\"0\" data-end=\"36\" data-is-last-node=\"\" data-is-only-node=\"\">Prizecut Hands\u00e4ge 300-14 (350mm)<\/strong><\/span><\/p>\n<\/li>\n<li class=\"\" data-start=\"506\" data-end=\"591\">\n<p class=\"\" data-start=\"508\" data-end=\"591\"><span class=\"relative -mx-px my-[-0.2rem] rounded px-px py-[0.2rem] transition-colors duration-100 ease-in-out\"><strong data-start=\"0\" data-end=\"18\" data-is-last-node=\"\" data-is-only-node=\"\">Schrubbs\u00e4ge NP1<\/strong><\/span><\/p>\n<\/li>\n<\/ul>\n<p class=\"\" data-start=\"593\" data-end=\"718\"><span class=\"relative -mx-px my-[-0.2rem] rounded px-px py-[0.2rem] transition-colors duration-100 ease-in-out\">Mit dieser Kombination von S\u00e4gen sind Sie f\u00fcr eine Vielzahl von S\u00e4gearbeiten ger\u00fcstet, vom Bes\u00e4umen von Brettern bis hin zu Pr\u00e4zisionsarbeiten in schwer zug\u00e4nglichen Ecken.<\/span> <span class=\"relative -mx-px my-[-0.2rem] rounded px-px py-[0.2rem] transition-colors duration-100 ease-in-out\">Die Hands\u00e4gen verf\u00fcgen \u00fcber geh\u00e4rtete Z\u00e4hne f\u00fcr lang anhaltende Sch\u00e4rfe und ergonomische Griffe f\u00fcr eine bequeme Handhabung.<\/span><\/p>\n<h3 class=\"\" data-start=\"725\" data-end=\"760\">\ud83d\udd39 <strong data-start=\"732\" data-end=\"760\">Hauptmerkmale:<\/strong><\/h3>\n<ul data-start=\"762\" data-end=\"1157\">\n<li class=\"\" data-start=\"762\" data-end=\"826\">\n<p class=\"\" data-start=\"764\" data-end=\"826\">\u2705 <strong data-start=\"766\" data-end=\"785\">Vielseitiges Set<\/strong>: <span class=\"relative -mx-px my-[-0.2rem] rounded px-px py-[0.2rem] transition-colors duration-100 ease-in-out\">geeignet f\u00fcr verschiedene S\u00e4geanwendungen<\/span><\/p>\n<\/li>\n<li class=\"\" data-start=\"827\" data-end=\"895\">\n<p class=\"\" data-start=\"829\" data-end=\"895\">\u2705 <strong data-start=\"831\" data-end=\"854\">Langlebige S\u00e4gebl\u00e4tter<\/strong>: <span class=\"relative -mx-px my-[-0.2rem] rounded px-px py-[0.2rem] transition-colors duration-100 ease-in-out\">geh\u00e4rtete Z\u00e4hne f\u00fcr lang anhaltende Sch\u00e4rfe<\/span><\/p>\n<\/li>\n<li class=\"\" data-start=\"896\" data-end=\"968\">\n<p class=\"\" data-start=\"898\" data-end=\"968\">\u2705 <strong data-start=\"900\" data-end=\"927\">Ergonomische Griffe<\/strong>: <span class=\"relative -mx-px my-[-0.2rem] rounded px-px py-[0.2rem] transition-colors duration-100 ease-in-out\">f\u00fcr eine bequeme und sichere Anwendung<\/span><\/p>\n<\/li>\n<li class=\"\" data-start=\"969\" data-end=\"1041\">\n<p class=\"\" data-start=\"971\" data-end=\"1041\">\u2705 <strong data-start=\"973\" data-end=\"1000\">Professionelle Qualit\u00e4t<\/strong>: <span class=\"relative -mx-px my-[-0.2rem] rounded px-px py-[0.2rem] transition-colors duration-100 ease-in-out\">zuverl\u00e4ssig bei intensiver Nutzung<\/span><\/p>\n<\/li>\n<li class=\"\" data-start=\"1042\" data-end=\"1157\">\n<p class=\"\" data-start=\"1044\" data-end=\"1157\">\u2705 <strong data-start=\"1046\" data-end=\"1070\">Kompakt und tragbar<\/strong>: <span class=\"relative -mx-px my-[-0.2rem] rounded px-px py-[0.2rem] transition-colors duration-100 ease-in-out\">einfach zu verstauen und mitzunehmen<\/span><\/p>\n<\/li>\n<\/ul>\n<p>&nbsp;<\/p>\n<p><span class=\"relative -mx-px my-[-0.2rem] rounded px-px py-[0.2rem] transition-colors duration-100 ease-in-out\">Ganz gleich, ob Sie an einem Bauprojekt, der Herstellung von M\u00f6beln oder einem Heimwerkerprojekt arbeiten, diese <strong data-start=\"81\" data-end=\"112\">3-teilige Hands\u00e4gekombination<\/strong> bietet die Pr\u00e4zision und Zuverl\u00e4ssigkeit, die Sie brauchen.<\/span> <span class=\"relative -mx-px my-[-0.2rem] rounded px-px py-[0.2rem] transition-colors duration-100 ease-in-out\">Eine unverzichtbare Erg\u00e4nzung f\u00fcr jeden Werkzeugkasten!<\/span><\/p>\n<p class=\"\" data-start=\"593\" data-end=\"718\">\u200b<\/p>\n","protected":false},"excerpt":{"rendered":"<p>\ud83d\udd39 Produktbeschreibung &#8211; Hands\u00e4gekombination 3-teilig Die Hands\u00e4ge-Kombination 3-teilig ist ein vielseitiges Set, das f\u00fcr Profis und Heimwerker gleicherma\u00dfen unverzichtbar ist. Dieses Set enth\u00e4lt. Prizecut Hands\u00e4ge NP 22 (550mm) Prizecut Hands\u00e4ge 300-14 (350mm) Schrubbs\u00e4ge NP1 Mit dieser Kombination von S\u00e4gen sind Sie f\u00fcr eine Vielzahl von S\u00e4gearbeiten ger\u00fcstet, vom Bes\u00e4umen von Brettern bis hin zu Pr\u00e4zisionsarbeiten [&hellip;]<\/p>\n","protected":false},"featured_media":18212,"comment_status":"open","ping_status":"closed","template":"","meta":[],"product_brand":[],"product_cat":[589],"product_tag":[],"class_list":{"0":"post-27980","1":"product","2":"type-product","3":"status-publish","4":"has-post-thumbnail","6":"product_cat-handwerkzeuge","8":"first","9":"outofstock","10":"taxable","11":"shipping-taxable","12":"purchasable","13":"product-type-simple"},"supplier_id":null,"supplier_sku":"","barcode":null,"atum_controlled":true,"out_stock_date":null,"out_stock_threshold":null,"inheritable":false,"inbound_stock":0,"stock_on_hold":0,"sold_today":0,"sales_last_days":0,"reserved_stock":0,"customer_returns":0,"warehouse_damage":0,"lost_in_post":0,"other_logs":0,"out_stock_days":0,"lost_sales":0,"has_location":false,"update_date":"2026-04-29T01:05:34","atum_locations":[],"atum_stock_status":"outofstock","restock_status":false,"low_stock_amount":"","sales_update_date":"2026-04-29T01:05:34","calc_backorders":null,"acf":[],"yoast_head":"<!-- This site is optimized with the Yoast SEO plugin v26.6 - https:\/\/yoast.com\/wordpress\/plugins\/seo\/ -->\n<title>Hands\u00e4ge-Kombination 3-teilig - 550mm, 350mm &amp; Scheuers\u00e4ge - Universal-Holzs\u00e4gen - Profi-Qualit\u00e4t - Schroevendump<\/title>\n<meta name=\"robots\" content=\"index, follow, max-snippet:-1, max-image-preview:large, max-video-preview:-1\" \/>\n<link rel=\"canonical\" href=\"https:\/\/schroevendump.nl\/de\/produkt\/handsaege-kombination-3-teilig-550mm-350mm-scheuersaege-universal-holzsaegen-profi-qualitaet\/\" \/>\n<meta property=\"og:locale\" content=\"de_DE\" \/>\n<meta property=\"og:type\" content=\"article\" \/>\n<meta property=\"og:title\" content=\"Hands\u00e4ge-Kombination 3-teilig - 550mm, 350mm &amp; Scheuers\u00e4ge - Universal-Holzs\u00e4gen - Profi-Qualit\u00e4t - Schroevendump\" \/>\n<meta property=\"og:description\" content=\"\ud83d\udd39 Produktbeschreibung &#8211; Hands\u00e4gekombination 3-teilig Die Hands\u00e4ge-Kombination 3-teilig ist ein vielseitiges Set, das f\u00fcr Profis und Heimwerker gleicherma\u00dfen unverzichtbar ist. Dieses Set enth\u00e4lt. Prizecut Hands\u00e4ge NP 22 (550mm) Prizecut Hands\u00e4ge 300-14 (350mm) Schrubbs\u00e4ge NP1 Mit dieser Kombination von S\u00e4gen sind Sie f\u00fcr eine Vielzahl von S\u00e4gearbeiten ger\u00fcstet, vom Bes\u00e4umen von Brettern bis hin zu Pr\u00e4zisionsarbeiten [&hellip;]\" \/>\n<meta property=\"og:url\" content=\"https:\/\/schroevendump.nl\/de\/produkt\/handsaege-kombination-3-teilig-550mm-350mm-scheuersaege-universal-holzsaegen-profi-qualitaet\/\" \/>\n<meta property=\"og:site_name\" content=\"Schroevendump\" \/>\n<meta property=\"article:modified_time\" content=\"2025-12-10T11:33:30+00:00\" \/>\n<meta property=\"og:image\" content=\"https:\/\/schroevendump.nl\/wp-content\/uploads\/2025\/04\/handzaag_baco-removebg-preview-1.png\" \/>\n\t<meta property=\"og:image:width\" content=\"500\" \/>\n\t<meta property=\"og:image:height\" content=\"500\" \/>\n\t<meta property=\"og:image:type\" content=\"image\/png\" \/>\n<meta name=\"twitter:card\" content=\"summary_large_image\" \/>\n<meta name=\"twitter:label1\" content=\"Gesch\u00e4tzte Lesezeit\" \/>\n\t<meta name=\"twitter:data1\" content=\"1\u00a0Minute\" \/>\n<script type=\"application\/ld+json\" class=\"yoast-schema-graph\">{\"@context\":\"https:\/\/schema.org\",\"@graph\":[{\"@type\":\"WebPage\",\"@id\":\"https:\/\/schroevendump.nl\/de\/produkt\/handsaege-kombination-3-teilig-550mm-350mm-scheuersaege-universal-holzsaegen-profi-qualitaet\/\",\"url\":\"https:\/\/schroevendump.nl\/de\/produkt\/handsaege-kombination-3-teilig-550mm-350mm-scheuersaege-universal-holzsaegen-profi-qualitaet\/\",\"name\":\"Hands\u00e4ge-Kombination 3-teilig - 550mm, 350mm &amp; Scheuers\u00e4ge - Universal-Holzs\u00e4gen - Profi-Qualit\u00e4t - Schroevendump\",\"isPartOf\":{\"@id\":\"https:\/\/schroevendump.nl\/de\/#website\"},\"primaryImageOfPage\":{\"@id\":\"https:\/\/schroevendump.nl\/de\/produkt\/handsaege-kombination-3-teilig-550mm-350mm-scheuersaege-universal-holzsaegen-profi-qualitaet\/#primaryimage\"},\"image\":{\"@id\":\"https:\/\/schroevendump.nl\/de\/produkt\/handsaege-kombination-3-teilig-550mm-350mm-scheuersaege-universal-holzsaegen-profi-qualitaet\/#primaryimage\"},\"thumbnailUrl\":\"https:\/\/schroevendump.nl\/wp-content\/uploads\/2025\/04\/handzaag_baco-removebg-preview-1.png\",\"datePublished\":\"2025-04-17T19:01:30+00:00\",\"dateModified\":\"2025-12-10T11:33:30+00:00\",\"breadcrumb\":{\"@id\":\"https:\/\/schroevendump.nl\/de\/produkt\/handsaege-kombination-3-teilig-550mm-350mm-scheuersaege-universal-holzsaegen-profi-qualitaet\/#breadcrumb\"},\"inLanguage\":\"de\",\"potentialAction\":[{\"@type\":\"ReadAction\",\"target\":[\"https:\/\/schroevendump.nl\/de\/produkt\/handsaege-kombination-3-teilig-550mm-350mm-scheuersaege-universal-holzsaegen-profi-qualitaet\/\"]}]},{\"@type\":\"ImageObject\",\"inLanguage\":\"de\",\"@id\":\"https:\/\/schroevendump.nl\/de\/produkt\/handsaege-kombination-3-teilig-550mm-350mm-scheuersaege-universal-holzsaegen-profi-qualitaet\/#primaryimage\",\"url\":\"https:\/\/schroevendump.nl\/wp-content\/uploads\/2025\/04\/handzaag_baco-removebg-preview-1.png\",\"contentUrl\":\"https:\/\/schroevendump.nl\/wp-content\/uploads\/2025\/04\/handzaag_baco-removebg-preview-1.png\",\"width\":500,\"height\":500},{\"@type\":\"BreadcrumbList\",\"@id\":\"https:\/\/schroevendump.nl\/de\/produkt\/handsaege-kombination-3-teilig-550mm-350mm-scheuersaege-universal-holzsaegen-profi-qualitaet\/#breadcrumb\",\"itemListElement\":[{\"@type\":\"ListItem\",\"position\":1,\"name\":\"Startseite\",\"item\":\"https:\/\/schroevendump.nl\/de\/\"},{\"@type\":\"ListItem\",\"position\":2,\"name\":\"Shop\",\"item\":\"https:\/\/schroevendump.nl\/de\/shop\/\"},{\"@type\":\"ListItem\",\"position\":3,\"name\":\"Hands\u00e4ge-Kombination 3-teilig &#8211; 550mm, 350mm &amp; Scheuers\u00e4ge &#8211; Universal-Holzs\u00e4gen &#8211; Profi-Qualit\u00e4t\"}]},{\"@type\":\"WebSite\",\"@id\":\"https:\/\/schroevendump.nl\/de\/#website\",\"url\":\"https:\/\/schroevendump.nl\/de\/\",\"name\":\"Schroevendump\",\"description\":\"\",\"potentialAction\":[{\"@type\":\"SearchAction\",\"target\":{\"@type\":\"EntryPoint\",\"urlTemplate\":\"https:\/\/schroevendump.nl\/de\/?s={search_term_string}\"},\"query-input\":{\"@type\":\"PropertyValueSpecification\",\"valueRequired\":true,\"valueName\":\"search_term_string\"}}],\"inLanguage\":\"de\"}]}<\/script>\n<!-- \/ Yoast SEO plugin. -->","yoast_head_json":{"title":"Hands\u00e4ge-Kombination 3-teilig - 550mm, 350mm &amp; Scheuers\u00e4ge - Universal-Holzs\u00e4gen - Profi-Qualit\u00e4t - Schroevendump","robots":{"index":"index","follow":"follow","max-snippet":"max-snippet:-1","max-image-preview":"max-image-preview:large","max-video-preview":"max-video-preview:-1"},"canonical":"https:\/\/schroevendump.nl\/de\/produkt\/handsaege-kombination-3-teilig-550mm-350mm-scheuersaege-universal-holzsaegen-profi-qualitaet\/","og_locale":"de_DE","og_type":"article","og_title":"Hands\u00e4ge-Kombination 3-teilig - 550mm, 350mm &amp; Scheuers\u00e4ge - Universal-Holzs\u00e4gen - Profi-Qualit\u00e4t - Schroevendump","og_description":"\ud83d\udd39 Produktbeschreibung &#8211; Hands\u00e4gekombination 3-teilig Die Hands\u00e4ge-Kombination 3-teilig ist ein vielseitiges Set, das f\u00fcr Profis und Heimwerker gleicherma\u00dfen unverzichtbar ist. Dieses Set enth\u00e4lt. Prizecut Hands\u00e4ge NP 22 (550mm) Prizecut Hands\u00e4ge 300-14 (350mm) Schrubbs\u00e4ge NP1 Mit dieser Kombination von S\u00e4gen sind Sie f\u00fcr eine Vielzahl von S\u00e4gearbeiten ger\u00fcstet, vom Bes\u00e4umen von Brettern bis hin zu Pr\u00e4zisionsarbeiten [&hellip;]","og_url":"https:\/\/schroevendump.nl\/de\/produkt\/handsaege-kombination-3-teilig-550mm-350mm-scheuersaege-universal-holzsaegen-profi-qualitaet\/","og_site_name":"Schroevendump","article_modified_time":"2025-12-10T11:33:30+00:00","og_image":[{"width":500,"height":500,"url":"https:\/\/schroevendump.nl\/wp-content\/uploads\/2025\/04\/handzaag_baco-removebg-preview-1.png","type":"image\/png"}],"twitter_card":"summary_large_image","twitter_misc":{"Gesch\u00e4tzte Lesezeit":"1\u00a0Minute"},"schema":{"@context":"https:\/\/schema.org","@graph":[{"@type":"WebPage","@id":"https:\/\/schroevendump.nl\/de\/produkt\/handsaege-kombination-3-teilig-550mm-350mm-scheuersaege-universal-holzsaegen-profi-qualitaet\/","url":"https:\/\/schroevendump.nl\/de\/produkt\/handsaege-kombination-3-teilig-550mm-350mm-scheuersaege-universal-holzsaegen-profi-qualitaet\/","name":"Hands\u00e4ge-Kombination 3-teilig - 550mm, 350mm &amp; Scheuers\u00e4ge - Universal-Holzs\u00e4gen - Profi-Qualit\u00e4t - Schroevendump","isPartOf":{"@id":"https:\/\/schroevendump.nl\/de\/#website"},"primaryImageOfPage":{"@id":"https:\/\/schroevendump.nl\/de\/produkt\/handsaege-kombination-3-teilig-550mm-350mm-scheuersaege-universal-holzsaegen-profi-qualitaet\/#primaryimage"},"image":{"@id":"https:\/\/schroevendump.nl\/de\/produkt\/handsaege-kombination-3-teilig-550mm-350mm-scheuersaege-universal-holzsaegen-profi-qualitaet\/#primaryimage"},"thumbnailUrl":"https:\/\/schroevendump.nl\/wp-content\/uploads\/2025\/04\/handzaag_baco-removebg-preview-1.png","datePublished":"2025-04-17T19:01:30+00:00","dateModified":"2025-12-10T11:33:30+00:00","breadcrumb":{"@id":"https:\/\/schroevendump.nl\/de\/produkt\/handsaege-kombination-3-teilig-550mm-350mm-scheuersaege-universal-holzsaegen-profi-qualitaet\/#breadcrumb"},"inLanguage":"de","potentialAction":[{"@type":"ReadAction","target":["https:\/\/schroevendump.nl\/de\/produkt\/handsaege-kombination-3-teilig-550mm-350mm-scheuersaege-universal-holzsaegen-profi-qualitaet\/"]}]},{"@type":"ImageObject","inLanguage":"de","@id":"https:\/\/schroevendump.nl\/de\/produkt\/handsaege-kombination-3-teilig-550mm-350mm-scheuersaege-universal-holzsaegen-profi-qualitaet\/#primaryimage","url":"https:\/\/schroevendump.nl\/wp-content\/uploads\/2025\/04\/handzaag_baco-removebg-preview-1.png","contentUrl":"https:\/\/schroevendump.nl\/wp-content\/uploads\/2025\/04\/handzaag_baco-removebg-preview-1.png","width":500,"height":500},{"@type":"BreadcrumbList","@id":"https:\/\/schroevendump.nl\/de\/produkt\/handsaege-kombination-3-teilig-550mm-350mm-scheuersaege-universal-holzsaegen-profi-qualitaet\/#breadcrumb","itemListElement":[{"@type":"ListItem","position":1,"name":"Startseite","item":"https:\/\/schroevendump.nl\/de\/"},{"@type":"ListItem","position":2,"name":"Shop","item":"https:\/\/schroevendump.nl\/de\/shop\/"},{"@type":"ListItem","position":3,"name":"Hands\u00e4ge-Kombination 3-teilig &#8211; 550mm, 350mm &amp; Scheuers\u00e4ge &#8211; Universal-Holzs\u00e4gen &#8211; Profi-Qualit\u00e4t"}]},{"@type":"WebSite","@id":"https:\/\/schroevendump.nl\/de\/#website","url":"https:\/\/schroevendump.nl\/de\/","name":"Schroevendump","description":"","potentialAction":[{"@type":"SearchAction","target":{"@type":"EntryPoint","urlTemplate":"https:\/\/schroevendump.nl\/de\/?s={search_term_string}"},"query-input":{"@type":"PropertyValueSpecification","valueRequired":true,"valueName":"search_term_string"}}],"inLanguage":"de"}]}},"_links":{"self":[{"href":"https:\/\/schroevendump.nl\/de\/wp-json\/wp\/v2\/product\/27980","targetHints":{"allow":["GET"]}}],"collection":[{"href":"https:\/\/schroevendump.nl\/de\/wp-json\/wp\/v2\/product"}],"about":[{"href":"https:\/\/schroevendump.nl\/de\/wp-json\/wp\/v2\/types\/product"}],"replies":[{"embeddable":true,"href":"https:\/\/schroevendump.nl\/de\/wp-json\/wp\/v2\/comments?post=27980"}],"wp:featuredmedia":[{"embeddable":true,"href":"https:\/\/schroevendump.nl\/de\/wp-json\/wp\/v2\/media\/18212"}],"wp:attachment":[{"href":"https:\/\/schroevendump.nl\/de\/wp-json\/wp\/v2\/media?parent=27980"}],"wp:term":[{"taxonomy":"product_brand","embeddable":true,"href":"https:\/\/schroevendump.nl\/de\/wp-json\/wp\/v2\/product_brand?post=27980"},{"taxonomy":"product_cat","embeddable":true,"href":"https:\/\/schroevendump.nl\/de\/wp-json\/wp\/v2\/product_cat?post=27980"},{"taxonomy":"product_tag","embeddable":true,"href":"https:\/\/schroevendump.nl\/de\/wp-json\/wp\/v2\/product_tag?post=27980"}],"curies":[{"name":"wp","href":"https:\/\/api.w.org\/{rel}","templated":true}]}}