{"id":27984,"date":"2025-04-17T17:23:19","date_gmt":"2025-04-17T17:23:19","guid":{"rendered":"https:\/\/schroevendump.nl\/product\/3m-peltor-optime-ii-h520a-kapselgehoerschutz-snr-31-db-komfortabler-gehoerschutz-fuer-industrielle-umgebungen\/"},"modified":"2025-12-10T11:33:30","modified_gmt":"2025-12-10T11:33:30","slug":"3m-peltor-optime-ii-h520a-kapselgehoerschutz-snr-31-db-komfortabler-gehoerschutz-fuer-industrielle-umgebungen","status":"publish","type":"product","link":"https:\/\/schroevendump.nl\/de\/produkt\/3m-peltor-optime-ii-h520a-kapselgehoerschutz-snr-31-db-komfortabler-gehoerschutz-fuer-industrielle-umgebungen\/","title":{"rendered":"3M Peltor Optime II H520A Kapselgeh\u00f6rschutz &#8211; SNR 31 dB &#8211; Komfortabler Geh\u00f6rschutz f\u00fcr industrielle Umgebungen"},"content":{"rendered":"<h3 class=\"\" data-start=\"276\" data-end=\"344\">\ud83d\udd39 <strong data-start=\"283\" data-end=\"344\">Produktbeschreibung &#8211; 3M Peltor Optime II H520A Geh\u00f6rschutzhaube<\/strong><\/h3>\n<p class=\"\" data-start=\"346\" data-end=\"465\"><span class=\"relative -mx-px my-[-0.2rem] rounded px-px py-[0.2rem] transition-colors duration-100 ease-in-out\">Der <strong data-start=\"3\" data-end=\"32\">3M Peltor Optime II H520A<\/strong> wurde speziell f\u00fcr Umgebungen mit hohem industriellem L\u00e4rmpegel entwickelt, wie z.B. Baustellen, Flugh\u00e4fen und landwirtschaftliche Aktivit\u00e4ten.<\/span> <span class=\"relative -mx-px my-[-0.2rem] rounded px-px py-[0.2rem] transition-colors duration-100 ease-in-out\">Mit einem <strong data-start=\"8\" data-end=\"32\">SNR-Wert von 31 dB<\/strong> bietet dieser Kapselgeh\u00f6rschutz effektiven Schutz vor sch\u00e4dlichen L\u00e4rmpegeln.<\/span><\/p>\n<p class=\"\" data-start=\"467\" data-end=\"588\"><span class=\"relative -mx-px my-[-0.2rem] rounded px-px py-[0.2rem] transition-colors duration-100 ease-in-out\">Die weichen, breiten Polster und die ger\u00e4umigen Ohrmuscheln sorgen f\u00fcr lang anhaltenden Tragekomfort, w\u00e4hrend der verstellbare Kopfb\u00fcgel einen optimalen Sitz garantiert.<\/span> <span class=\"relative -mx-px my-[-0.2rem] rounded px-px py-[0.2rem] transition-colors duration-100 ease-in-out\">Die Dichtungsringe sind mit einer einzigartigen Kombination aus Fl\u00fcssigkeit und Schaumstoff gef\u00fcllt, was zu einer hervorragenden Abdichtung mit minimalem Druck auf die Ohren f\u00fchrt.<\/span><\/p>\n<h3 class=\"\" data-start=\"595\" data-end=\"630\">\ud83d\udd39 <strong data-start=\"602\" data-end=\"630\">Hauptmerkmale:<\/strong><\/h3>\n<ul data-start=\"632\" data-end=\"1031\">\n<li class=\"\" data-start=\"632\" data-end=\"690\">\n<p class=\"\" data-start=\"634\" data-end=\"690\">\u2705 <strong data-start=\"636\" data-end=\"658\">Effektive D\u00e4mpfung<\/strong>: SNR 31 dB (H=34, M=29, L=20)<\/p>\n<\/li>\n<li class=\"\" data-start=\"691\" data-end=\"769\">\n<p class=\"\" data-start=\"693\" data-end=\"769\">\u2705 <strong data-start=\"695\" data-end=\"719\">Bequemer Sitz<\/strong>: weiche, breite Polster und verstellbares Kopfband<\/p>\n<\/li>\n<li class=\"\" data-start=\"770\" data-end=\"833\">\n<p class=\"\" data-start=\"772\" data-end=\"833\"><strong data-start=\"774\" data-end=\"795\">\u2705 Ger\u00e4umige Ohrmuscheln<\/strong>: reduzieren W\u00e4rme- und Feuchtigkeitsstau<\/p>\n<\/li>\n<li class=\"\" data-start=\"834\" data-end=\"907\">\n<p class=\"\" data-start=\"836\" data-end=\"907\">\u2705 <strong data-start=\"838\" data-end=\"858\">Langlebiges Design<\/strong>: Kopfband aus Edelstahl f\u00fcr konstanten Druck<\/p>\n<\/li>\n<li class=\"\" data-start=\"908\" data-end=\"976\">\n<p class=\"\" data-start=\"910\" data-end=\"976\">\u2705 <strong data-start=\"912\" data-end=\"951\">Auswechselbare Kissen und Eins\u00e4tze<\/strong>: f\u00fcr optimale Hygiene<\/p>\n<\/li>\n<li class=\"\" data-start=\"977\" data-end=\"1031\">\n<p class=\"\" data-start=\"979\" data-end=\"1031\"><strong data-start=\"981\" data-end=\"1002\">CE-zertifiziert<\/strong>: entspricht der Norm EN 352-1:2020<\/p>\n<\/li>\n<\/ul>\n<hr class=\"\" data-start=\"1033\" data-end=\"1036\">\n<h3 class=\"\" data-start=\"1038\" data-end=\"1069\">\ud83d\udd39 <strong data-start=\"1045\" data-end=\"1069\">Anwendungsgebiete:<\/strong><\/h3>\n<ul data-start=\"1071\" data-end=\"1169\">\n<li class=\"\" data-start=\"1071\" data-end=\"1087\">\n<p class=\"\" data-start=\"1073\" data-end=\"1087\">Baustellen<\/p>\n<\/li>\n<li class=\"\" data-start=\"1088\" data-end=\"1111\">\n<p class=\"\" data-start=\"1090\" data-end=\"1111\">Luftfahrtindustrie<\/p>\n<\/li>\n<li class=\"\" data-start=\"1112\" data-end=\"1136\">\n<p class=\"\" data-start=\"1114\" data-end=\"1136\">Landwirtschaft und Tierhaltung<\/p>\n<\/li>\n<li class=\"\" data-start=\"1137\" data-end=\"1169\">\n<p class=\"\" data-start=\"1139\" data-end=\"1169\">Schwere industrielle Umgebungen<\/p>\n<\/li>\n<\/ul>\n<hr class=\"\" data-start=\"1171\" data-end=\"1174\">\n<p class=\"\" data-start=\"1176\" data-end=\"1261\"><span class=\"relative -mx-px my-[-0.2rem] rounded px-px py-[0.2rem] transition-colors duration-100 ease-in-out\">Entscheiden Sie sich f\u00fcr das <strong data-start=\"13\" data-end=\"42\">3M Peltor Optime II H520A<\/strong> und erleben Sie eine perfekte Balance zwischen Schutz und Komfort bei der Arbeit in lauten Umgebungen.<\/span><\/p>\n","protected":false},"excerpt":{"rendered":"<p>\ud83d\udd39 Produktbeschreibung &#8211; 3M Peltor Optime II H520A Geh\u00f6rschutzhaube Der 3M Peltor Optime II H520A wurde speziell f\u00fcr Umgebungen mit hohem industriellem L\u00e4rmpegel entwickelt, wie z.B. Baustellen, Flugh\u00e4fen und landwirtschaftliche Aktivit\u00e4ten. Mit einem SNR-Wert von 31 dB bietet dieser Kapselgeh\u00f6rschutz effektiven Schutz vor sch\u00e4dlichen L\u00e4rmpegeln. Die weichen, breiten Polster und die ger\u00e4umigen Ohrmuscheln sorgen f\u00fcr [&hellip;]<\/p>\n","protected":false},"featured_media":18199,"comment_status":"open","ping_status":"closed","template":"","meta":[],"product_brand":[],"product_cat":[589],"product_tag":[],"class_list":{"0":"post-27984","1":"product","2":"type-product","3":"status-publish","4":"has-post-thumbnail","6":"product_cat-handwerkzeuge","8":"first","9":"instock","10":"taxable","11":"shipping-taxable","12":"purchasable","13":"product-type-simple"},"supplier_id":null,"supplier_sku":"","barcode":null,"atum_controlled":true,"out_stock_date":null,"out_stock_threshold":null,"inheritable":false,"inbound_stock":0,"stock_on_hold":0,"sold_today":0,"sales_last_days":0,"reserved_stock":0,"customer_returns":0,"warehouse_damage":0,"lost_in_post":0,"other_logs":0,"out_stock_days":0,"lost_sales":0,"has_location":false,"update_date":"2026-05-08T01:11:33","atum_locations":[],"atum_stock_status":"instock","restock_status":false,"low_stock_amount":"","sales_update_date":"2026-05-08T01:11:33","calc_backorders":null,"acf":[],"yoast_head":"<!-- This site is optimized with the Yoast SEO plugin v26.6 - https:\/\/yoast.com\/wordpress\/plugins\/seo\/ -->\n<title>3M Peltor Optime II H520A Kapselgeh\u00f6rschutz - SNR 31 dB - Komfortabler Geh\u00f6rschutz f\u00fcr industrielle Umgebungen - Schroevendump<\/title>\n<meta name=\"robots\" content=\"index, follow, max-snippet:-1, max-image-preview:large, max-video-preview:-1\" \/>\n<link rel=\"canonical\" href=\"https:\/\/schroevendump.nl\/de\/produkt\/3m-peltor-optime-ii-h520a-kapselgehoerschutz-snr-31-db-komfortabler-gehoerschutz-fuer-industrielle-umgebungen\/\" \/>\n<meta property=\"og:locale\" content=\"de_DE\" \/>\n<meta property=\"og:type\" content=\"article\" \/>\n<meta property=\"og:title\" content=\"3M Peltor Optime II H520A Kapselgeh\u00f6rschutz - SNR 31 dB - Komfortabler Geh\u00f6rschutz f\u00fcr industrielle Umgebungen - Schroevendump\" \/>\n<meta property=\"og:description\" content=\"\ud83d\udd39 Produktbeschreibung &#8211; 3M Peltor Optime II H520A Geh\u00f6rschutzhaube Der 3M Peltor Optime II H520A wurde speziell f\u00fcr Umgebungen mit hohem industriellem L\u00e4rmpegel entwickelt, wie z.B. Baustellen, Flugh\u00e4fen und landwirtschaftliche Aktivit\u00e4ten. Mit einem SNR-Wert von 31 dB bietet dieser Kapselgeh\u00f6rschutz effektiven Schutz vor sch\u00e4dlichen L\u00e4rmpegeln. Die weichen, breiten Polster und die ger\u00e4umigen Ohrmuscheln sorgen f\u00fcr [&hellip;]\" \/>\n<meta property=\"og:url\" content=\"https:\/\/schroevendump.nl\/de\/produkt\/3m-peltor-optime-ii-h520a-kapselgehoerschutz-snr-31-db-komfortabler-gehoerschutz-fuer-industrielle-umgebungen\/\" \/>\n<meta property=\"og:site_name\" content=\"Schroevendump\" \/>\n<meta property=\"article:modified_time\" content=\"2025-12-10T11:33:30+00:00\" \/>\n<meta property=\"og:image\" content=\"https:\/\/schroevendump.nl\/wp-content\/uploads\/2025\/04\/peltor-optime-2-oorkap-removebg-preview.png\" \/>\n\t<meta property=\"og:image:width\" content=\"439\" \/>\n\t<meta property=\"og:image:height\" content=\"568\" \/>\n\t<meta property=\"og:image:type\" content=\"image\/png\" \/>\n<meta name=\"twitter:card\" content=\"summary_large_image\" \/>\n<meta name=\"twitter:label1\" content=\"Gesch\u00e4tzte Lesezeit\" \/>\n\t<meta name=\"twitter:data1\" content=\"1\u00a0Minute\" \/>\n<script type=\"application\/ld+json\" class=\"yoast-schema-graph\">{\"@context\":\"https:\/\/schema.org\",\"@graph\":[{\"@type\":\"WebPage\",\"@id\":\"https:\/\/schroevendump.nl\/de\/produkt\/3m-peltor-optime-ii-h520a-kapselgehoerschutz-snr-31-db-komfortabler-gehoerschutz-fuer-industrielle-umgebungen\/\",\"url\":\"https:\/\/schroevendump.nl\/de\/produkt\/3m-peltor-optime-ii-h520a-kapselgehoerschutz-snr-31-db-komfortabler-gehoerschutz-fuer-industrielle-umgebungen\/\",\"name\":\"3M Peltor Optime II H520A Kapselgeh\u00f6rschutz - SNR 31 dB - Komfortabler Geh\u00f6rschutz f\u00fcr industrielle Umgebungen - Schroevendump\",\"isPartOf\":{\"@id\":\"https:\/\/schroevendump.nl\/de\/#website\"},\"primaryImageOfPage\":{\"@id\":\"https:\/\/schroevendump.nl\/de\/produkt\/3m-peltor-optime-ii-h520a-kapselgehoerschutz-snr-31-db-komfortabler-gehoerschutz-fuer-industrielle-umgebungen\/#primaryimage\"},\"image\":{\"@id\":\"https:\/\/schroevendump.nl\/de\/produkt\/3m-peltor-optime-ii-h520a-kapselgehoerschutz-snr-31-db-komfortabler-gehoerschutz-fuer-industrielle-umgebungen\/#primaryimage\"},\"thumbnailUrl\":\"https:\/\/schroevendump.nl\/wp-content\/uploads\/2025\/04\/peltor-optime-2-oorkap-removebg-preview.png\",\"datePublished\":\"2025-04-17T17:23:19+00:00\",\"dateModified\":\"2025-12-10T11:33:30+00:00\",\"breadcrumb\":{\"@id\":\"https:\/\/schroevendump.nl\/de\/produkt\/3m-peltor-optime-ii-h520a-kapselgehoerschutz-snr-31-db-komfortabler-gehoerschutz-fuer-industrielle-umgebungen\/#breadcrumb\"},\"inLanguage\":\"de\",\"potentialAction\":[{\"@type\":\"ReadAction\",\"target\":[\"https:\/\/schroevendump.nl\/de\/produkt\/3m-peltor-optime-ii-h520a-kapselgehoerschutz-snr-31-db-komfortabler-gehoerschutz-fuer-industrielle-umgebungen\/\"]}]},{\"@type\":\"ImageObject\",\"inLanguage\":\"de\",\"@id\":\"https:\/\/schroevendump.nl\/de\/produkt\/3m-peltor-optime-ii-h520a-kapselgehoerschutz-snr-31-db-komfortabler-gehoerschutz-fuer-industrielle-umgebungen\/#primaryimage\",\"url\":\"https:\/\/schroevendump.nl\/wp-content\/uploads\/2025\/04\/peltor-optime-2-oorkap-removebg-preview.png\",\"contentUrl\":\"https:\/\/schroevendump.nl\/wp-content\/uploads\/2025\/04\/peltor-optime-2-oorkap-removebg-preview.png\",\"width\":439,\"height\":568},{\"@type\":\"BreadcrumbList\",\"@id\":\"https:\/\/schroevendump.nl\/de\/produkt\/3m-peltor-optime-ii-h520a-kapselgehoerschutz-snr-31-db-komfortabler-gehoerschutz-fuer-industrielle-umgebungen\/#breadcrumb\",\"itemListElement\":[{\"@type\":\"ListItem\",\"position\":1,\"name\":\"Startseite\",\"item\":\"https:\/\/schroevendump.nl\/de\/\"},{\"@type\":\"ListItem\",\"position\":2,\"name\":\"Shop\",\"item\":\"https:\/\/schroevendump.nl\/de\/shop\/\"},{\"@type\":\"ListItem\",\"position\":3,\"name\":\"3M Peltor Optime II H520A Kapselgeh\u00f6rschutz &#8211; SNR 31 dB &#8211; Komfortabler Geh\u00f6rschutz f\u00fcr industrielle Umgebungen\"}]},{\"@type\":\"WebSite\",\"@id\":\"https:\/\/schroevendump.nl\/de\/#website\",\"url\":\"https:\/\/schroevendump.nl\/de\/\",\"name\":\"Schroevendump\",\"description\":\"\",\"potentialAction\":[{\"@type\":\"SearchAction\",\"target\":{\"@type\":\"EntryPoint\",\"urlTemplate\":\"https:\/\/schroevendump.nl\/de\/?s={search_term_string}\"},\"query-input\":{\"@type\":\"PropertyValueSpecification\",\"valueRequired\":true,\"valueName\":\"search_term_string\"}}],\"inLanguage\":\"de\"}]}<\/script>\n<!-- \/ Yoast SEO plugin. -->","yoast_head_json":{"title":"3M Peltor Optime II H520A Kapselgeh\u00f6rschutz - SNR 31 dB - Komfortabler Geh\u00f6rschutz f\u00fcr industrielle Umgebungen - Schroevendump","robots":{"index":"index","follow":"follow","max-snippet":"max-snippet:-1","max-image-preview":"max-image-preview:large","max-video-preview":"max-video-preview:-1"},"canonical":"https:\/\/schroevendump.nl\/de\/produkt\/3m-peltor-optime-ii-h520a-kapselgehoerschutz-snr-31-db-komfortabler-gehoerschutz-fuer-industrielle-umgebungen\/","og_locale":"de_DE","og_type":"article","og_title":"3M Peltor Optime II H520A Kapselgeh\u00f6rschutz - SNR 31 dB - Komfortabler Geh\u00f6rschutz f\u00fcr industrielle Umgebungen - Schroevendump","og_description":"\ud83d\udd39 Produktbeschreibung &#8211; 3M Peltor Optime II H520A Geh\u00f6rschutzhaube Der 3M Peltor Optime II H520A wurde speziell f\u00fcr Umgebungen mit hohem industriellem L\u00e4rmpegel entwickelt, wie z.B. Baustellen, Flugh\u00e4fen und landwirtschaftliche Aktivit\u00e4ten. Mit einem SNR-Wert von 31 dB bietet dieser Kapselgeh\u00f6rschutz effektiven Schutz vor sch\u00e4dlichen L\u00e4rmpegeln. Die weichen, breiten Polster und die ger\u00e4umigen Ohrmuscheln sorgen f\u00fcr [&hellip;]","og_url":"https:\/\/schroevendump.nl\/de\/produkt\/3m-peltor-optime-ii-h520a-kapselgehoerschutz-snr-31-db-komfortabler-gehoerschutz-fuer-industrielle-umgebungen\/","og_site_name":"Schroevendump","article_modified_time":"2025-12-10T11:33:30+00:00","og_image":[{"width":439,"height":568,"url":"https:\/\/schroevendump.nl\/wp-content\/uploads\/2025\/04\/peltor-optime-2-oorkap-removebg-preview.png","type":"image\/png"}],"twitter_card":"summary_large_image","twitter_misc":{"Gesch\u00e4tzte Lesezeit":"1\u00a0Minute"},"schema":{"@context":"https:\/\/schema.org","@graph":[{"@type":"WebPage","@id":"https:\/\/schroevendump.nl\/de\/produkt\/3m-peltor-optime-ii-h520a-kapselgehoerschutz-snr-31-db-komfortabler-gehoerschutz-fuer-industrielle-umgebungen\/","url":"https:\/\/schroevendump.nl\/de\/produkt\/3m-peltor-optime-ii-h520a-kapselgehoerschutz-snr-31-db-komfortabler-gehoerschutz-fuer-industrielle-umgebungen\/","name":"3M Peltor Optime II H520A Kapselgeh\u00f6rschutz - SNR 31 dB - Komfortabler Geh\u00f6rschutz f\u00fcr industrielle Umgebungen - Schroevendump","isPartOf":{"@id":"https:\/\/schroevendump.nl\/de\/#website"},"primaryImageOfPage":{"@id":"https:\/\/schroevendump.nl\/de\/produkt\/3m-peltor-optime-ii-h520a-kapselgehoerschutz-snr-31-db-komfortabler-gehoerschutz-fuer-industrielle-umgebungen\/#primaryimage"},"image":{"@id":"https:\/\/schroevendump.nl\/de\/produkt\/3m-peltor-optime-ii-h520a-kapselgehoerschutz-snr-31-db-komfortabler-gehoerschutz-fuer-industrielle-umgebungen\/#primaryimage"},"thumbnailUrl":"https:\/\/schroevendump.nl\/wp-content\/uploads\/2025\/04\/peltor-optime-2-oorkap-removebg-preview.png","datePublished":"2025-04-17T17:23:19+00:00","dateModified":"2025-12-10T11:33:30+00:00","breadcrumb":{"@id":"https:\/\/schroevendump.nl\/de\/produkt\/3m-peltor-optime-ii-h520a-kapselgehoerschutz-snr-31-db-komfortabler-gehoerschutz-fuer-industrielle-umgebungen\/#breadcrumb"},"inLanguage":"de","potentialAction":[{"@type":"ReadAction","target":["https:\/\/schroevendump.nl\/de\/produkt\/3m-peltor-optime-ii-h520a-kapselgehoerschutz-snr-31-db-komfortabler-gehoerschutz-fuer-industrielle-umgebungen\/"]}]},{"@type":"ImageObject","inLanguage":"de","@id":"https:\/\/schroevendump.nl\/de\/produkt\/3m-peltor-optime-ii-h520a-kapselgehoerschutz-snr-31-db-komfortabler-gehoerschutz-fuer-industrielle-umgebungen\/#primaryimage","url":"https:\/\/schroevendump.nl\/wp-content\/uploads\/2025\/04\/peltor-optime-2-oorkap-removebg-preview.png","contentUrl":"https:\/\/schroevendump.nl\/wp-content\/uploads\/2025\/04\/peltor-optime-2-oorkap-removebg-preview.png","width":439,"height":568},{"@type":"BreadcrumbList","@id":"https:\/\/schroevendump.nl\/de\/produkt\/3m-peltor-optime-ii-h520a-kapselgehoerschutz-snr-31-db-komfortabler-gehoerschutz-fuer-industrielle-umgebungen\/#breadcrumb","itemListElement":[{"@type":"ListItem","position":1,"name":"Startseite","item":"https:\/\/schroevendump.nl\/de\/"},{"@type":"ListItem","position":2,"name":"Shop","item":"https:\/\/schroevendump.nl\/de\/shop\/"},{"@type":"ListItem","position":3,"name":"3M Peltor Optime II H520A Kapselgeh\u00f6rschutz &#8211; SNR 31 dB &#8211; Komfortabler Geh\u00f6rschutz f\u00fcr industrielle Umgebungen"}]},{"@type":"WebSite","@id":"https:\/\/schroevendump.nl\/de\/#website","url":"https:\/\/schroevendump.nl\/de\/","name":"Schroevendump","description":"","potentialAction":[{"@type":"SearchAction","target":{"@type":"EntryPoint","urlTemplate":"https:\/\/schroevendump.nl\/de\/?s={search_term_string}"},"query-input":{"@type":"PropertyValueSpecification","valueRequired":true,"valueName":"search_term_string"}}],"inLanguage":"de"}]}},"_links":{"self":[{"href":"https:\/\/schroevendump.nl\/de\/wp-json\/wp\/v2\/product\/27984","targetHints":{"allow":["GET"]}}],"collection":[{"href":"https:\/\/schroevendump.nl\/de\/wp-json\/wp\/v2\/product"}],"about":[{"href":"https:\/\/schroevendump.nl\/de\/wp-json\/wp\/v2\/types\/product"}],"replies":[{"embeddable":true,"href":"https:\/\/schroevendump.nl\/de\/wp-json\/wp\/v2\/comments?post=27984"}],"wp:featuredmedia":[{"embeddable":true,"href":"https:\/\/schroevendump.nl\/de\/wp-json\/wp\/v2\/media\/18199"}],"wp:attachment":[{"href":"https:\/\/schroevendump.nl\/de\/wp-json\/wp\/v2\/media?parent=27984"}],"wp:term":[{"taxonomy":"product_brand","embeddable":true,"href":"https:\/\/schroevendump.nl\/de\/wp-json\/wp\/v2\/product_brand?post=27984"},{"taxonomy":"product_cat","embeddable":true,"href":"https:\/\/schroevendump.nl\/de\/wp-json\/wp\/v2\/product_cat?post=27984"},{"taxonomy":"product_tag","embeddable":true,"href":"https:\/\/schroevendump.nl\/de\/wp-json\/wp\/v2\/product_tag?post=27984"}],"curies":[{"name":"wp","href":"https:\/\/api.w.org\/{rel}","templated":true}]}}