{"id":27994,"date":"2025-04-17T17:12:52","date_gmt":"2025-04-17T17:12:52","guid":{"rendered":"https:\/\/schroevendump.nl\/product\/3m-peltor-optime-i-h510a-gehoerschutzkapsel-snr-27-db-leichter-gehoerschutz\/"},"modified":"2025-12-10T11:32:39","modified_gmt":"2025-12-10T11:32:39","slug":"3m-peltor-optime-i-h510a-gehoerschutzkapsel-snr-27-db-leichter-gehoerschutz","status":"publish","type":"product","link":"https:\/\/schroevendump.nl\/de\/produkt\/3m-peltor-optime-i-h510a-gehoerschutzkapsel-snr-27-db-leichter-gehoerschutz\/","title":{"rendered":"3M Peltor Optime I H510A Geh\u00f6rschutzkapsel &#8211; SNR 27 dB &#8211; Leichter Geh\u00f6rschutz"},"content":{"rendered":"<p><span class=\"relative -mx-px my-[-0.2rem] rounded px-px py-[0.2rem] transition-colors duration-100 ease-in-out\">Der <strong data-start=\"3\" data-end=\"31\">3M Peltor Optime I H510A<\/strong> bietet zuverl\u00e4ssigen Geh\u00f6rschutz in einem leichten und komfortablen Design.<\/span> <span class=\"relative -mx-px my-[-0.2rem] rounded px-px py-[0.2rem] transition-colors duration-100 ease-in-out\">Mit einem <strong data-start=\"8\" data-end=\"32\">SNR-Wert von 27 dB<\/strong> ist dieser Kapselgeh\u00f6rschutz ideal f\u00fcr Umgebungen mit moderatem L\u00e4rmpegel, wie Werkst\u00e4tten, Druckereien und die Metallindustrie.<\/span> <span class=\"relative -mx-px my-[-0.2rem] rounded px-px py-[0.2rem] transition-colors duration-100 ease-in-out\">Die weichen, breiten Polster verringern den Druck um die Ohren herum, w\u00e4hrend die ger\u00e4umigen Ohrmuscheln W\u00e4rme- und Feuchtigkeitsstau minimieren und so f\u00fcr lang anhaltenden Tragekomfort sorgen.<\/span><\/p>\n<ul>\n<li class=\"\" data-start=\"152\" data-end=\"210\">\n<p class=\"\" data-start=\"154\" data-end=\"210\">\u2705 <strong data-start=\"156\" data-end=\"178\">Effektive D\u00e4mpfung<\/strong>: SNR 27 dB (H=32, M=25, L=15)<\/p>\n<\/li>\n<li class=\"\" data-start=\"211\" data-end=\"259\">\n<p class=\"\" data-start=\"213\" data-end=\"259\">\u2705 <strong data-start=\"215\" data-end=\"239\">Leichtes Design<\/strong>: nur 180 Gramm<\/p>\n<\/li>\n<li class=\"\" data-start=\"260\" data-end=\"338\">\n<p class=\"\" data-start=\"262\" data-end=\"338\">\u2705 <strong data-start=\"264\" data-end=\"288\">Bequemer Sitz<\/strong>: weiche, breite Polster und verstellbares Kopfband<\/p>\n<\/li>\n<li class=\"\" data-start=\"339\" data-end=\"402\">\n<p class=\"\" data-start=\"341\" data-end=\"402\"><strong data-start=\"343\" data-end=\"364\">\u2705 Ger\u00e4umige Ohrmuscheln<\/strong>: reduzieren W\u00e4rme- und Feuchtigkeitsstau<\/p>\n<\/li>\n<li class=\"\" data-start=\"403\" data-end=\"468\">\n<p class=\"\" data-start=\"405\" data-end=\"468\">\u2705 <strong data-start=\"407\" data-end=\"438\">Kompatibel mit anderen PSA<\/strong>: dank des schlanken Profils<\/p>\n<\/li>\n<li class=\"\" data-start=\"469\" data-end=\"537\">\n<p class=\"\" data-start=\"471\" data-end=\"537\">\u2705 <strong data-start=\"473\" data-end=\"512\">Auswechselbare Kissen und Eins\u00e4tze<\/strong>: f\u00fcr optimale Hygiene<\/p>\n<\/li>\n<li data-start=\"540\" data-end=\"592\"><strong data-start=\"542\" data-end=\"563\">CE-zertifiziert<\/strong>: entspricht der Norm EN 352-1:2020<\/li>\n<\/ul>\n<p>&nbsp;<\/p>\n<h3 class=\"\" data-start=\"918\" data-end=\"949\">\ud83d\udd39 <strong data-start=\"925\" data-end=\"949\">Anwendungsgebiete:<\/strong><\/h3>\n<ul data-start=\"951\" data-end=\"1164\">\n<li class=\"\" data-start=\"951\" data-end=\"992\">\n<p class=\"\" data-start=\"953\" data-end=\"992\"><span class=\"relative -mx-px my-[-0.2rem] rounded px-px py-[0.2rem] transition-colors duration-100 ease-in-out\">Werkst\u00e4tten und Leichtindustrie<\/span><\/p>\n<\/li>\n<li class=\"\" data-start=\"993\" data-end=\"1034\">\n<p class=\"\" data-start=\"995\" data-end=\"1034\"><span class=\"relative -mx-px my-[-0.2rem] rounded px-px py-[0.2rem] transition-colors duration-100 ease-in-out\">Druck und Metallverarbeitung<\/span><\/p>\n<\/li>\n<li class=\"\" data-start=\"1035\" data-end=\"1076\">\n<p class=\"\" data-start=\"1037\" data-end=\"1076\"><span class=\"relative -mx-px my-[-0.2rem] rounded px-px py-[0.2rem] transition-colors duration-100 ease-in-out\">Holzbearbeitung und Schreinerei<\/span><\/p>\n<\/li>\n<li class=\"\" data-start=\"1077\" data-end=\"1164\">\n<p class=\"\" data-start=\"1079\" data-end=\"1164\"><span class=\"relative -mx-px my-[-0.2rem] rounded px-px py-[0.2rem] transition-colors duration-100 ease-in-out\">Gartenarbeit und Einsatz von Elektrowerkzeugen<\/span><\/p>\n<\/li>\n<\/ul>\n","protected":false},"excerpt":{"rendered":"<p>Der 3M Peltor Optime I H510A bietet zuverl\u00e4ssigen Geh\u00f6rschutz in einem leichten und komfortablen Design. Mit einem SNR-Wert von 27 dB ist dieser Kapselgeh\u00f6rschutz ideal f\u00fcr Umgebungen mit moderatem L\u00e4rmpegel, wie Werkst\u00e4tten, Druckereien und die Metallindustrie. Die weichen, breiten Polster verringern den Druck um die Ohren herum, w\u00e4hrend die ger\u00e4umigen Ohrmuscheln W\u00e4rme- und Feuchtigkeitsstau minimieren [&hellip;]<\/p>\n","protected":false},"featured_media":18195,"comment_status":"open","ping_status":"closed","template":"","meta":[],"product_brand":[],"product_cat":[589],"product_tag":[],"class_list":{"0":"post-27994","1":"product","2":"type-product","3":"status-publish","4":"has-post-thumbnail","6":"product_cat-handwerkzeuge","8":"first","9":"instock","10":"taxable","11":"shipping-taxable","12":"purchasable","13":"product-type-simple"},"supplier_id":null,"supplier_sku":"","barcode":null,"atum_controlled":true,"out_stock_date":null,"out_stock_threshold":null,"inheritable":false,"inbound_stock":0,"stock_on_hold":0,"sold_today":0,"sales_last_days":0,"reserved_stock":0,"customer_returns":0,"warehouse_damage":0,"lost_in_post":0,"other_logs":0,"out_stock_days":0,"lost_sales":0,"has_location":false,"update_date":"2026-04-18T01:00:56","atum_locations":[],"atum_stock_status":"instock","restock_status":false,"low_stock_amount":"","sales_update_date":"2026-04-18T01:00:56","calc_backorders":null,"acf":[],"yoast_head":"<!-- This site is optimized with the Yoast SEO plugin v26.6 - https:\/\/yoast.com\/wordpress\/plugins\/seo\/ -->\n<title>3M Peltor Optime I H510A Geh\u00f6rschutzkapsel - SNR 27 dB - Leichter Geh\u00f6rschutz - Schroevendump<\/title>\n<meta name=\"robots\" content=\"index, follow, max-snippet:-1, max-image-preview:large, max-video-preview:-1\" \/>\n<link rel=\"canonical\" href=\"https:\/\/schroevendump.nl\/de\/produkt\/3m-peltor-optime-i-h510a-gehoerschutzkapsel-snr-27-db-leichter-gehoerschutz\/\" \/>\n<meta property=\"og:locale\" content=\"de_DE\" \/>\n<meta property=\"og:type\" content=\"article\" \/>\n<meta property=\"og:title\" content=\"3M Peltor Optime I H510A Geh\u00f6rschutzkapsel - SNR 27 dB - Leichter Geh\u00f6rschutz - Schroevendump\" \/>\n<meta property=\"og:description\" content=\"Der 3M Peltor Optime I H510A bietet zuverl\u00e4ssigen Geh\u00f6rschutz in einem leichten und komfortablen Design. Mit einem SNR-Wert von 27 dB ist dieser Kapselgeh\u00f6rschutz ideal f\u00fcr Umgebungen mit moderatem L\u00e4rmpegel, wie Werkst\u00e4tten, Druckereien und die Metallindustrie. Die weichen, breiten Polster verringern den Druck um die Ohren herum, w\u00e4hrend die ger\u00e4umigen Ohrmuscheln W\u00e4rme- und Feuchtigkeitsstau minimieren [&hellip;]\" \/>\n<meta property=\"og:url\" content=\"https:\/\/schroevendump.nl\/de\/produkt\/3m-peltor-optime-i-h510a-gehoerschutzkapsel-snr-27-db-leichter-gehoerschutz\/\" \/>\n<meta property=\"og:site_name\" content=\"Schroevendump\" \/>\n<meta property=\"article:modified_time\" content=\"2025-12-10T11:32:39+00:00\" \/>\n<meta property=\"og:image\" content=\"https:\/\/schroevendump.nl\/wp-content\/uploads\/2025\/04\/239525-gehoorbescherming-300x300-removebg-preview.png\" \/>\n\t<meta property=\"og:image:width\" content=\"300\" \/>\n\t<meta property=\"og:image:height\" content=\"300\" \/>\n\t<meta property=\"og:image:type\" content=\"image\/png\" \/>\n<meta name=\"twitter:card\" content=\"summary_large_image\" \/>\n<meta name=\"twitter:label1\" content=\"Gesch\u00e4tzte Lesezeit\" \/>\n\t<meta name=\"twitter:data1\" content=\"1\u00a0Minute\" \/>\n<script type=\"application\/ld+json\" class=\"yoast-schema-graph\">{\"@context\":\"https:\/\/schema.org\",\"@graph\":[{\"@type\":\"WebPage\",\"@id\":\"https:\/\/schroevendump.nl\/de\/produkt\/3m-peltor-optime-i-h510a-gehoerschutzkapsel-snr-27-db-leichter-gehoerschutz\/\",\"url\":\"https:\/\/schroevendump.nl\/de\/produkt\/3m-peltor-optime-i-h510a-gehoerschutzkapsel-snr-27-db-leichter-gehoerschutz\/\",\"name\":\"3M Peltor Optime I H510A Geh\u00f6rschutzkapsel - SNR 27 dB - Leichter Geh\u00f6rschutz - Schroevendump\",\"isPartOf\":{\"@id\":\"https:\/\/schroevendump.nl\/de\/#website\"},\"primaryImageOfPage\":{\"@id\":\"https:\/\/schroevendump.nl\/de\/produkt\/3m-peltor-optime-i-h510a-gehoerschutzkapsel-snr-27-db-leichter-gehoerschutz\/#primaryimage\"},\"image\":{\"@id\":\"https:\/\/schroevendump.nl\/de\/produkt\/3m-peltor-optime-i-h510a-gehoerschutzkapsel-snr-27-db-leichter-gehoerschutz\/#primaryimage\"},\"thumbnailUrl\":\"https:\/\/schroevendump.nl\/wp-content\/uploads\/2025\/04\/239525-gehoorbescherming-300x300-removebg-preview.png\",\"datePublished\":\"2025-04-17T17:12:52+00:00\",\"dateModified\":\"2025-12-10T11:32:39+00:00\",\"breadcrumb\":{\"@id\":\"https:\/\/schroevendump.nl\/de\/produkt\/3m-peltor-optime-i-h510a-gehoerschutzkapsel-snr-27-db-leichter-gehoerschutz\/#breadcrumb\"},\"inLanguage\":\"de\",\"potentialAction\":[{\"@type\":\"ReadAction\",\"target\":[\"https:\/\/schroevendump.nl\/de\/produkt\/3m-peltor-optime-i-h510a-gehoerschutzkapsel-snr-27-db-leichter-gehoerschutz\/\"]}]},{\"@type\":\"ImageObject\",\"inLanguage\":\"de\",\"@id\":\"https:\/\/schroevendump.nl\/de\/produkt\/3m-peltor-optime-i-h510a-gehoerschutzkapsel-snr-27-db-leichter-gehoerschutz\/#primaryimage\",\"url\":\"https:\/\/schroevendump.nl\/wp-content\/uploads\/2025\/04\/239525-gehoorbescherming-300x300-removebg-preview.png\",\"contentUrl\":\"https:\/\/schroevendump.nl\/wp-content\/uploads\/2025\/04\/239525-gehoorbescherming-300x300-removebg-preview.png\",\"width\":300,\"height\":300},{\"@type\":\"BreadcrumbList\",\"@id\":\"https:\/\/schroevendump.nl\/de\/produkt\/3m-peltor-optime-i-h510a-gehoerschutzkapsel-snr-27-db-leichter-gehoerschutz\/#breadcrumb\",\"itemListElement\":[{\"@type\":\"ListItem\",\"position\":1,\"name\":\"Startseite\",\"item\":\"https:\/\/schroevendump.nl\/de\/\"},{\"@type\":\"ListItem\",\"position\":2,\"name\":\"Shop\",\"item\":\"https:\/\/schroevendump.nl\/de\/shop\/\"},{\"@type\":\"ListItem\",\"position\":3,\"name\":\"3M Peltor Optime I H510A Geh\u00f6rschutzkapsel &#8211; SNR 27 dB &#8211; Leichter Geh\u00f6rschutz\"}]},{\"@type\":\"WebSite\",\"@id\":\"https:\/\/schroevendump.nl\/de\/#website\",\"url\":\"https:\/\/schroevendump.nl\/de\/\",\"name\":\"Schroevendump\",\"description\":\"\",\"potentialAction\":[{\"@type\":\"SearchAction\",\"target\":{\"@type\":\"EntryPoint\",\"urlTemplate\":\"https:\/\/schroevendump.nl\/de\/?s={search_term_string}\"},\"query-input\":{\"@type\":\"PropertyValueSpecification\",\"valueRequired\":true,\"valueName\":\"search_term_string\"}}],\"inLanguage\":\"de\"}]}<\/script>\n<!-- \/ Yoast SEO plugin. -->","yoast_head_json":{"title":"3M Peltor Optime I H510A Geh\u00f6rschutzkapsel - SNR 27 dB - Leichter Geh\u00f6rschutz - Schroevendump","robots":{"index":"index","follow":"follow","max-snippet":"max-snippet:-1","max-image-preview":"max-image-preview:large","max-video-preview":"max-video-preview:-1"},"canonical":"https:\/\/schroevendump.nl\/de\/produkt\/3m-peltor-optime-i-h510a-gehoerschutzkapsel-snr-27-db-leichter-gehoerschutz\/","og_locale":"de_DE","og_type":"article","og_title":"3M Peltor Optime I H510A Geh\u00f6rschutzkapsel - SNR 27 dB - Leichter Geh\u00f6rschutz - Schroevendump","og_description":"Der 3M Peltor Optime I H510A bietet zuverl\u00e4ssigen Geh\u00f6rschutz in einem leichten und komfortablen Design. Mit einem SNR-Wert von 27 dB ist dieser Kapselgeh\u00f6rschutz ideal f\u00fcr Umgebungen mit moderatem L\u00e4rmpegel, wie Werkst\u00e4tten, Druckereien und die Metallindustrie. Die weichen, breiten Polster verringern den Druck um die Ohren herum, w\u00e4hrend die ger\u00e4umigen Ohrmuscheln W\u00e4rme- und Feuchtigkeitsstau minimieren [&hellip;]","og_url":"https:\/\/schroevendump.nl\/de\/produkt\/3m-peltor-optime-i-h510a-gehoerschutzkapsel-snr-27-db-leichter-gehoerschutz\/","og_site_name":"Schroevendump","article_modified_time":"2025-12-10T11:32:39+00:00","og_image":[{"width":300,"height":300,"url":"https:\/\/schroevendump.nl\/wp-content\/uploads\/2025\/04\/239525-gehoorbescherming-300x300-removebg-preview.png","type":"image\/png"}],"twitter_card":"summary_large_image","twitter_misc":{"Gesch\u00e4tzte Lesezeit":"1\u00a0Minute"},"schema":{"@context":"https:\/\/schema.org","@graph":[{"@type":"WebPage","@id":"https:\/\/schroevendump.nl\/de\/produkt\/3m-peltor-optime-i-h510a-gehoerschutzkapsel-snr-27-db-leichter-gehoerschutz\/","url":"https:\/\/schroevendump.nl\/de\/produkt\/3m-peltor-optime-i-h510a-gehoerschutzkapsel-snr-27-db-leichter-gehoerschutz\/","name":"3M Peltor Optime I H510A Geh\u00f6rschutzkapsel - SNR 27 dB - Leichter Geh\u00f6rschutz - Schroevendump","isPartOf":{"@id":"https:\/\/schroevendump.nl\/de\/#website"},"primaryImageOfPage":{"@id":"https:\/\/schroevendump.nl\/de\/produkt\/3m-peltor-optime-i-h510a-gehoerschutzkapsel-snr-27-db-leichter-gehoerschutz\/#primaryimage"},"image":{"@id":"https:\/\/schroevendump.nl\/de\/produkt\/3m-peltor-optime-i-h510a-gehoerschutzkapsel-snr-27-db-leichter-gehoerschutz\/#primaryimage"},"thumbnailUrl":"https:\/\/schroevendump.nl\/wp-content\/uploads\/2025\/04\/239525-gehoorbescherming-300x300-removebg-preview.png","datePublished":"2025-04-17T17:12:52+00:00","dateModified":"2025-12-10T11:32:39+00:00","breadcrumb":{"@id":"https:\/\/schroevendump.nl\/de\/produkt\/3m-peltor-optime-i-h510a-gehoerschutzkapsel-snr-27-db-leichter-gehoerschutz\/#breadcrumb"},"inLanguage":"de","potentialAction":[{"@type":"ReadAction","target":["https:\/\/schroevendump.nl\/de\/produkt\/3m-peltor-optime-i-h510a-gehoerschutzkapsel-snr-27-db-leichter-gehoerschutz\/"]}]},{"@type":"ImageObject","inLanguage":"de","@id":"https:\/\/schroevendump.nl\/de\/produkt\/3m-peltor-optime-i-h510a-gehoerschutzkapsel-snr-27-db-leichter-gehoerschutz\/#primaryimage","url":"https:\/\/schroevendump.nl\/wp-content\/uploads\/2025\/04\/239525-gehoorbescherming-300x300-removebg-preview.png","contentUrl":"https:\/\/schroevendump.nl\/wp-content\/uploads\/2025\/04\/239525-gehoorbescherming-300x300-removebg-preview.png","width":300,"height":300},{"@type":"BreadcrumbList","@id":"https:\/\/schroevendump.nl\/de\/produkt\/3m-peltor-optime-i-h510a-gehoerschutzkapsel-snr-27-db-leichter-gehoerschutz\/#breadcrumb","itemListElement":[{"@type":"ListItem","position":1,"name":"Startseite","item":"https:\/\/schroevendump.nl\/de\/"},{"@type":"ListItem","position":2,"name":"Shop","item":"https:\/\/schroevendump.nl\/de\/shop\/"},{"@type":"ListItem","position":3,"name":"3M Peltor Optime I H510A Geh\u00f6rschutzkapsel &#8211; SNR 27 dB &#8211; Leichter Geh\u00f6rschutz"}]},{"@type":"WebSite","@id":"https:\/\/schroevendump.nl\/de\/#website","url":"https:\/\/schroevendump.nl\/de\/","name":"Schroevendump","description":"","potentialAction":[{"@type":"SearchAction","target":{"@type":"EntryPoint","urlTemplate":"https:\/\/schroevendump.nl\/de\/?s={search_term_string}"},"query-input":{"@type":"PropertyValueSpecification","valueRequired":true,"valueName":"search_term_string"}}],"inLanguage":"de"}]}},"_links":{"self":[{"href":"https:\/\/schroevendump.nl\/de\/wp-json\/wp\/v2\/product\/27994","targetHints":{"allow":["GET"]}}],"collection":[{"href":"https:\/\/schroevendump.nl\/de\/wp-json\/wp\/v2\/product"}],"about":[{"href":"https:\/\/schroevendump.nl\/de\/wp-json\/wp\/v2\/types\/product"}],"replies":[{"embeddable":true,"href":"https:\/\/schroevendump.nl\/de\/wp-json\/wp\/v2\/comments?post=27994"}],"wp:featuredmedia":[{"embeddable":true,"href":"https:\/\/schroevendump.nl\/de\/wp-json\/wp\/v2\/media\/18195"}],"wp:attachment":[{"href":"https:\/\/schroevendump.nl\/de\/wp-json\/wp\/v2\/media?parent=27994"}],"wp:term":[{"taxonomy":"product_brand","embeddable":true,"href":"https:\/\/schroevendump.nl\/de\/wp-json\/wp\/v2\/product_brand?post=27994"},{"taxonomy":"product_cat","embeddable":true,"href":"https:\/\/schroevendump.nl\/de\/wp-json\/wp\/v2\/product_cat?post=27994"},{"taxonomy":"product_tag","embeddable":true,"href":"https:\/\/schroevendump.nl\/de\/wp-json\/wp\/v2\/product_tag?post=27994"}],"curies":[{"name":"wp","href":"https:\/\/api.w.org\/{rel}","templated":true}]}}