{"id":28009,"date":"2025-04-16T18:46:56","date_gmt":"2025-04-16T18:46:56","guid":{"rendered":"https:\/\/schroevendump.nl\/product\/pica-dry-3030-longlife-markierstift\/"},"modified":"2025-12-10T11:32:41","modified_gmt":"2025-12-10T11:32:41","slug":"pica-dry-3030-longlife-markierstift","status":"publish","type":"product","link":"https:\/\/schroevendump.nl\/de\/produkt\/pica-dry-3030-longlife-markierstift\/","title":{"rendered":"Pica Dry 3030 Longlife Markierstift"},"content":{"rendered":"<div class=\"elementor-element elementor-element-8e8f40c e-flex e-con-boxed e-con e-child\" data-id=\"8e8f40c\" data-element_type=\"container\">\n<div class=\"e-con-inner\">\n<div class=\"elementor-element elementor-element-377bd32 elementor-widget elementor-widget-jet-listing-dynamic-field\" data-id=\"377bd32\" data-element_type=\"widget\" data-widget_type=\"jet-listing-dynamic-field.default\">\n<div class=\"elementor-widget-container\">\n<div class=\"jet-listing jet-listing-dynamic-field display-inline\">\n<div class=\"jet-listing-dynamic-field__inline-wrap\">\n<div class=\"jet-listing-dynamic-field__content\">Automatischer Druckbleistift mit langer Lebensdauer<\/div>\n<\/div>\n<\/div>\n<\/div>\n<\/div>\n<\/div>\n<\/div>\n<div class=\"elementor-element elementor-element-5be9a68 e-flex e-con-boxed e-con e-child\" data-id=\"5be9a68\" data-element_type=\"container\">\n<div class=\"e-con-inner\">\n<div class=\"elementor-element elementor-element-21af8af elementor-icon-list--layout-inline elementor-mobile-align-left elementor-widget-mobile__width-inherit elementor-list-item-link-full_width elementor-widget elementor-widget-icon-list\" data-id=\"21af8af\" data-element_type=\"widget\" data-widget_type=\"icon-list.default\">\n<div class=\"elementor-widget-container\">\n<ul class=\"elementor-icon-list-items elementor-inline-items\">\n<li class=\"elementor-icon-list-item elementor-inline-item\"><span class=\"elementor-icon-list-text\">Art. Nr. 3030 <\/span><\/li>\n<li class=\"elementor-icon-list-item elementor-inline-item\"><span class=\"elementor-icon-list-text\">Min. Durchmesser: 2,8 mm<\/span><\/li>\n<li class=\"elementor-icon-list-item elementor-inline-item\"><span class=\"elementor-icon-list-text\">L\u00e4nge der Leine: 125 mm<\/span><\/li>\n<\/ul>\n<\/div>\n<\/div>\n<div class=\"elementor-element elementor-element-0221b0d elementor-widget__width-initial elementor-widget-mobile__width-inherit elementor-widget elementor-widget-text-editor\" data-id=\"0221b0d\" data-element_type=\"widget\" data-widget_type=\"text-editor.default\">\n<div class=\"elementor-widget-container\">\n<p>Der Pica Dry ist der professionelle Konstruktionsmarker und eignet sich f\u00fcr fast alle Materialoberfl\u00e4chen. Ob trocken oder nass, glatt oder rau, staubig oder rostig, dank der gro\u00dfen Auswahl an Markern sind Sie f\u00fcr jedes Projekt bestens ger\u00fcstet. <\/p>\n<\/div>\n<\/div>\n<\/div>\n<\/div>\n<div class=\"elementor-element elementor-element-901ca16 e-flex e-con-boxed e-con e-child\" data-id=\"901ca16\" data-element_type=\"container\">\n<div class=\"e-con-inner\">\n<div class=\"elementor-element elementor-element-02f9f1d e-con-full e-flex e-con e-child animated fadeInUp\" data-id=\"02f9f1d\" data-element_type=\"container\" data-settings=\"{\"animation\":\"fadeInUp\"}\">\n<div class=\"elementor-element elementor-element-cfc444a elementor-widget__width-initial elementor-view-default elementor-widget elementor-widget-icon\" data-id=\"cfc444a\" data-element_type=\"widget\" data-widget_type=\"icon.default\">\n<div class=\"elementor-widget-container\">\n<div class=\"elementor-icon-wrapper\">\n<div class=\"elementor-icon\"><\/div>\n<\/div>\n<\/div>\n<\/div>\n<div class=\"elementor-element elementor-element-4d3595d elementor-widget elementor-widget-heading\" data-id=\"4d3595d\" data-element_type=\"widget\" data-widget_type=\"heading.default\">\n<div class=\"elementor-widget-container\">\n<h2 class=\"elementor-heading-title elementor-size-default\">\u00dcber den Marker<\/h2>\n<\/div>\n<\/div>\n<div class=\"elementor-element elementor-element-9ea9304 elementor-widget elementor-widget-text-editor\" data-id=\"9ea9304\" data-element_type=\"widget\" data-widget_type=\"text-editor.default\">\n<div class=\"elementor-widget-container\">\n<ul>\n<li>Welle mit Rollenstopper<\/li>\n<li>Praktischer R\u00f6hrenschutz mit speziellem Clip, f\u00fcr perfekte Einhandbedienung<\/li>\n<li>Patentierter integrierter Sch\u00e4rfer im \u00c4rmelschutz f\u00fcr sofortige Pr\u00e4zision<\/li>\n<li>Hightech-Druckmechanismus f\u00fcr automatische Bleizufuhr in Edelstahlrohr<\/li>\n<li>Minen k\u00f6nnen leicht von der R\u00fcckseite aus nachgef\u00fcllt werden<\/li>\n<\/ul>\n<\/div>\n<\/div>\n<\/div>\n<\/div>\n<\/div>\n","protected":false},"excerpt":{"rendered":"<p>Automatischer Druckbleistift mit langer Lebensdauer Art. Nr. 3030 Min. Durchmesser: 2,8 mm L\u00e4nge der Leine: 125 mm Der Pica Dry ist der professionelle Konstruktionsmarker und eignet sich f\u00fcr fast alle Materialoberfl\u00e4chen. Ob trocken oder nass, glatt oder rau, staubig oder rostig, dank der gro\u00dfen Auswahl an Markern sind Sie f\u00fcr jedes Projekt bestens ger\u00fcstet. \u00dcber [&hellip;]<\/p>\n","protected":false},"featured_media":28011,"comment_status":"open","ping_status":"closed","template":"","meta":[],"product_brand":[],"product_cat":[589],"product_tag":[],"class_list":{"0":"post-28009","1":"product","2":"type-product","3":"status-publish","4":"has-post-thumbnail","6":"product_cat-handwerkzeuge","8":"first","9":"instock","10":"taxable","11":"shipping-taxable","12":"purchasable","13":"product-type-simple"},"supplier_id":null,"supplier_sku":"","barcode":null,"atum_controlled":true,"out_stock_date":null,"out_stock_threshold":null,"inheritable":false,"inbound_stock":0,"stock_on_hold":1,"sold_today":1,"sales_last_days":4,"reserved_stock":0,"customer_returns":0,"warehouse_damage":0,"lost_in_post":0,"other_logs":0,"out_stock_days":0,"lost_sales":0,"has_location":false,"update_date":"2026-04-18T09:57:00","atum_locations":[],"atum_stock_status":"instock","restock_status":false,"low_stock_amount":"","sales_update_date":"2026-04-18T09:57:00","calc_backorders":null,"acf":[],"yoast_head":"<!-- This site is optimized with the Yoast SEO plugin v26.6 - https:\/\/yoast.com\/wordpress\/plugins\/seo\/ -->\n<title>Pica Dry 3030 Longlife Markierstift - Schroevendump<\/title>\n<meta name=\"robots\" content=\"index, follow, max-snippet:-1, max-image-preview:large, max-video-preview:-1\" \/>\n<link rel=\"canonical\" href=\"https:\/\/schroevendump.nl\/de\/produkt\/pica-dry-3030-longlife-markierstift\/\" \/>\n<meta property=\"og:locale\" content=\"de_DE\" \/>\n<meta property=\"og:type\" content=\"article\" \/>\n<meta property=\"og:title\" content=\"Pica Dry 3030 Longlife Markierstift - Schroevendump\" \/>\n<meta property=\"og:description\" content=\"Automatischer Druckbleistift mit langer Lebensdauer Art. Nr. 3030 Min. Durchmesser: 2,8 mm L\u00e4nge der Leine: 125 mm Der Pica Dry ist der professionelle Konstruktionsmarker und eignet sich f\u00fcr fast alle Materialoberfl\u00e4chen. Ob trocken oder nass, glatt oder rau, staubig oder rostig, dank der gro\u00dfen Auswahl an Markern sind Sie f\u00fcr jedes Projekt bestens ger\u00fcstet. \u00dcber [&hellip;]\" \/>\n<meta property=\"og:url\" content=\"https:\/\/schroevendump.nl\/de\/produkt\/pica-dry-3030-longlife-markierstift\/\" \/>\n<meta property=\"og:site_name\" content=\"Schroevendump\" \/>\n<meta property=\"article:modified_time\" content=\"2025-12-10T11:32:41+00:00\" \/>\n<meta property=\"og:image\" content=\"https:\/\/schroevendump.nl\/wp-content\/uploads\/2025\/04\/pica-dry-3030.png\" \/>\n\t<meta property=\"og:image:width\" content=\"800\" \/>\n\t<meta property=\"og:image:height\" content=\"800\" \/>\n\t<meta property=\"og:image:type\" content=\"image\/png\" \/>\n<meta name=\"twitter:card\" content=\"summary_large_image\" \/>\n<meta name=\"twitter:label1\" content=\"Gesch\u00e4tzte Lesezeit\" \/>\n\t<meta name=\"twitter:data1\" content=\"1\u00a0Minute\" \/>\n<script type=\"application\/ld+json\" class=\"yoast-schema-graph\">{\"@context\":\"https:\/\/schema.org\",\"@graph\":[{\"@type\":\"WebPage\",\"@id\":\"https:\/\/schroevendump.nl\/de\/produkt\/pica-dry-3030-longlife-markierstift\/\",\"url\":\"https:\/\/schroevendump.nl\/de\/produkt\/pica-dry-3030-longlife-markierstift\/\",\"name\":\"Pica Dry 3030 Longlife Markierstift - Schroevendump\",\"isPartOf\":{\"@id\":\"https:\/\/schroevendump.nl\/de\/#website\"},\"primaryImageOfPage\":{\"@id\":\"https:\/\/schroevendump.nl\/de\/produkt\/pica-dry-3030-longlife-markierstift\/#primaryimage\"},\"image\":{\"@id\":\"https:\/\/schroevendump.nl\/de\/produkt\/pica-dry-3030-longlife-markierstift\/#primaryimage\"},\"thumbnailUrl\":\"https:\/\/schroevendump.nl\/wp-content\/uploads\/2025\/04\/pica-dry-3030.png\",\"datePublished\":\"2025-04-16T18:46:56+00:00\",\"dateModified\":\"2025-12-10T11:32:41+00:00\",\"breadcrumb\":{\"@id\":\"https:\/\/schroevendump.nl\/de\/produkt\/pica-dry-3030-longlife-markierstift\/#breadcrumb\"},\"inLanguage\":\"de\",\"potentialAction\":[{\"@type\":\"ReadAction\",\"target\":[\"https:\/\/schroevendump.nl\/de\/produkt\/pica-dry-3030-longlife-markierstift\/\"]}]},{\"@type\":\"ImageObject\",\"inLanguage\":\"de\",\"@id\":\"https:\/\/schroevendump.nl\/de\/produkt\/pica-dry-3030-longlife-markierstift\/#primaryimage\",\"url\":\"https:\/\/schroevendump.nl\/wp-content\/uploads\/2025\/04\/pica-dry-3030.png\",\"contentUrl\":\"https:\/\/schroevendump.nl\/wp-content\/uploads\/2025\/04\/pica-dry-3030.png\",\"width\":800,\"height\":800},{\"@type\":\"BreadcrumbList\",\"@id\":\"https:\/\/schroevendump.nl\/de\/produkt\/pica-dry-3030-longlife-markierstift\/#breadcrumb\",\"itemListElement\":[{\"@type\":\"ListItem\",\"position\":1,\"name\":\"Startseite\",\"item\":\"https:\/\/schroevendump.nl\/de\/\"},{\"@type\":\"ListItem\",\"position\":2,\"name\":\"Shop\",\"item\":\"https:\/\/schroevendump.nl\/de\/shop\/\"},{\"@type\":\"ListItem\",\"position\":3,\"name\":\"Pica Dry 3030 Longlife Markierstift\"}]},{\"@type\":\"WebSite\",\"@id\":\"https:\/\/schroevendump.nl\/de\/#website\",\"url\":\"https:\/\/schroevendump.nl\/de\/\",\"name\":\"Schroevendump\",\"description\":\"\",\"potentialAction\":[{\"@type\":\"SearchAction\",\"target\":{\"@type\":\"EntryPoint\",\"urlTemplate\":\"https:\/\/schroevendump.nl\/de\/?s={search_term_string}\"},\"query-input\":{\"@type\":\"PropertyValueSpecification\",\"valueRequired\":true,\"valueName\":\"search_term_string\"}}],\"inLanguage\":\"de\"}]}<\/script>\n<!-- \/ Yoast SEO plugin. -->","yoast_head_json":{"title":"Pica Dry 3030 Longlife Markierstift - Schroevendump","robots":{"index":"index","follow":"follow","max-snippet":"max-snippet:-1","max-image-preview":"max-image-preview:large","max-video-preview":"max-video-preview:-1"},"canonical":"https:\/\/schroevendump.nl\/de\/produkt\/pica-dry-3030-longlife-markierstift\/","og_locale":"de_DE","og_type":"article","og_title":"Pica Dry 3030 Longlife Markierstift - Schroevendump","og_description":"Automatischer Druckbleistift mit langer Lebensdauer Art. Nr. 3030 Min. Durchmesser: 2,8 mm L\u00e4nge der Leine: 125 mm Der Pica Dry ist der professionelle Konstruktionsmarker und eignet sich f\u00fcr fast alle Materialoberfl\u00e4chen. Ob trocken oder nass, glatt oder rau, staubig oder rostig, dank der gro\u00dfen Auswahl an Markern sind Sie f\u00fcr jedes Projekt bestens ger\u00fcstet. \u00dcber [&hellip;]","og_url":"https:\/\/schroevendump.nl\/de\/produkt\/pica-dry-3030-longlife-markierstift\/","og_site_name":"Schroevendump","article_modified_time":"2025-12-10T11:32:41+00:00","og_image":[{"width":800,"height":800,"url":"https:\/\/schroevendump.nl\/wp-content\/uploads\/2025\/04\/pica-dry-3030.png","type":"image\/png"}],"twitter_card":"summary_large_image","twitter_misc":{"Gesch\u00e4tzte Lesezeit":"1\u00a0Minute"},"schema":{"@context":"https:\/\/schema.org","@graph":[{"@type":"WebPage","@id":"https:\/\/schroevendump.nl\/de\/produkt\/pica-dry-3030-longlife-markierstift\/","url":"https:\/\/schroevendump.nl\/de\/produkt\/pica-dry-3030-longlife-markierstift\/","name":"Pica Dry 3030 Longlife Markierstift - Schroevendump","isPartOf":{"@id":"https:\/\/schroevendump.nl\/de\/#website"},"primaryImageOfPage":{"@id":"https:\/\/schroevendump.nl\/de\/produkt\/pica-dry-3030-longlife-markierstift\/#primaryimage"},"image":{"@id":"https:\/\/schroevendump.nl\/de\/produkt\/pica-dry-3030-longlife-markierstift\/#primaryimage"},"thumbnailUrl":"https:\/\/schroevendump.nl\/wp-content\/uploads\/2025\/04\/pica-dry-3030.png","datePublished":"2025-04-16T18:46:56+00:00","dateModified":"2025-12-10T11:32:41+00:00","breadcrumb":{"@id":"https:\/\/schroevendump.nl\/de\/produkt\/pica-dry-3030-longlife-markierstift\/#breadcrumb"},"inLanguage":"de","potentialAction":[{"@type":"ReadAction","target":["https:\/\/schroevendump.nl\/de\/produkt\/pica-dry-3030-longlife-markierstift\/"]}]},{"@type":"ImageObject","inLanguage":"de","@id":"https:\/\/schroevendump.nl\/de\/produkt\/pica-dry-3030-longlife-markierstift\/#primaryimage","url":"https:\/\/schroevendump.nl\/wp-content\/uploads\/2025\/04\/pica-dry-3030.png","contentUrl":"https:\/\/schroevendump.nl\/wp-content\/uploads\/2025\/04\/pica-dry-3030.png","width":800,"height":800},{"@type":"BreadcrumbList","@id":"https:\/\/schroevendump.nl\/de\/produkt\/pica-dry-3030-longlife-markierstift\/#breadcrumb","itemListElement":[{"@type":"ListItem","position":1,"name":"Startseite","item":"https:\/\/schroevendump.nl\/de\/"},{"@type":"ListItem","position":2,"name":"Shop","item":"https:\/\/schroevendump.nl\/de\/shop\/"},{"@type":"ListItem","position":3,"name":"Pica Dry 3030 Longlife Markierstift"}]},{"@type":"WebSite","@id":"https:\/\/schroevendump.nl\/de\/#website","url":"https:\/\/schroevendump.nl\/de\/","name":"Schroevendump","description":"","potentialAction":[{"@type":"SearchAction","target":{"@type":"EntryPoint","urlTemplate":"https:\/\/schroevendump.nl\/de\/?s={search_term_string}"},"query-input":{"@type":"PropertyValueSpecification","valueRequired":true,"valueName":"search_term_string"}}],"inLanguage":"de"}]}},"_links":{"self":[{"href":"https:\/\/schroevendump.nl\/de\/wp-json\/wp\/v2\/product\/28009","targetHints":{"allow":["GET"]}}],"collection":[{"href":"https:\/\/schroevendump.nl\/de\/wp-json\/wp\/v2\/product"}],"about":[{"href":"https:\/\/schroevendump.nl\/de\/wp-json\/wp\/v2\/types\/product"}],"replies":[{"embeddable":true,"href":"https:\/\/schroevendump.nl\/de\/wp-json\/wp\/v2\/comments?post=28009"}],"wp:featuredmedia":[{"embeddable":true,"href":"https:\/\/schroevendump.nl\/de\/wp-json\/wp\/v2\/media\/28011"}],"wp:attachment":[{"href":"https:\/\/schroevendump.nl\/de\/wp-json\/wp\/v2\/media?parent=28009"}],"wp:term":[{"taxonomy":"product_brand","embeddable":true,"href":"https:\/\/schroevendump.nl\/de\/wp-json\/wp\/v2\/product_brand?post=28009"},{"taxonomy":"product_cat","embeddable":true,"href":"https:\/\/schroevendump.nl\/de\/wp-json\/wp\/v2\/product_cat?post=28009"},{"taxonomy":"product_tag","embeddable":true,"href":"https:\/\/schroevendump.nl\/de\/wp-json\/wp\/v2\/product_tag?post=28009"}],"curies":[{"name":"wp","href":"https:\/\/api.w.org\/{rel}","templated":true}]}}