{"id":28019,"date":"2025-04-16T18:57:57","date_gmt":"2025-04-16T18:57:57","guid":{"rendered":"https:\/\/schroevendump.nl\/product\/nachfuellstifte-lyra-pica-trockener-textmarker-grau-12-stueck\/"},"modified":"2025-12-10T11:32:40","modified_gmt":"2025-12-10T11:32:40","slug":"nachfuellstifte-lyra-pica-trockener-textmarker-grau-12-stueck","status":"publish","type":"product","link":"https:\/\/schroevendump.nl\/de\/produkt\/nachfuellstifte-lyra-pica-trockener-textmarker-grau-12-stueck\/","title":{"rendered":"Nachf\u00fcllstifte Lyra\/pica Trockener Textmarker &#8211; grau &#8211; 12 St\u00fcck"},"content":{"rendered":"<p>Die Lyra\/pica Dry Nachf\u00fcllstifte sorgen daf\u00fcr, dass Ihr Marker-Stift immer einsatzbereit ist. Dieses Set enth\u00e4lt 12 Graphitmarker in der H\u00e4rte 2B und ist in einem praktischen R\u00f6hrchenhalter verpackt. Dank des praktischen Nachf\u00fcllsystems k\u00f6nnen Sie den <a href=\"https:\/\/schroevendump.nl\/de\/produkt\/pica-dry-3030-longlife-markierstift\/\">Pica Dry Markierstift<\/a> in wenigen einfachen Schritten nachf\u00fcllen. Mit diesen Graphitmarkern k\u00f6nnen Sie auf verschiedenen Oberfl\u00e4chen deutliche Markierungen anbringen. Ein Vorteil des Markierstifts ist, dass er sich leicht von glatten Oberfl\u00e4chen wie Glas, Metall und Fliesen abwischen l\u00e4sst. Das macht sie perfekt f\u00fcr tempor\u00e4re Markierungen. Das Nachf\u00fcllr\u00f6hrchen ist kompakt und leicht zu verstauen, so dass Sie immer einen Vorrat zur Hand haben, um schnell mit Ihrer Arbeit fortzufahren.      <\/p>\n<h2>Lyra\/pica Dry Textmarker Nachf\u00fcllpackung<\/h2>\n<p>Das Nachf\u00fcllen Ihres Lyra\/pica Dry Textmarkerstiftes ist ganz einfach. Entfernen Sie zun\u00e4chst den Druckknopf auf der R\u00fcckseite des Stifts. Setzen Sie dann eine neue Mine in den Stift ein und setzen Sie den Druckknopf wieder ein. Ihr Lyra\/pica Dry Markierstift ist nun wieder einsatzbereit.   <\/p>\n","protected":false},"excerpt":{"rendered":"<p>Die Lyra\/pica Dry Nachf\u00fcllstifte sorgen daf\u00fcr, dass Ihr Marker-Stift immer einsatzbereit ist. Dieses Set enth\u00e4lt 12 Graphitmarker in der H\u00e4rte 2B und ist in einem praktischen R\u00f6hrchenhalter verpackt. Dank des praktischen Nachf\u00fcllsystems k\u00f6nnen Sie den Pica Dry Markierstift in wenigen einfachen Schritten nachf\u00fcllen. Mit diesen Graphitmarkern k\u00f6nnen Sie auf verschiedenen Oberfl\u00e4chen deutliche Markierungen anbringen. Ein [&hellip;]<\/p>\n","protected":false},"featured_media":28021,"comment_status":"closed","ping_status":"closed","template":"","meta":[],"product_brand":[],"product_cat":[589],"product_tag":[],"class_list":{"0":"post-28019","1":"product","2":"type-product","3":"status-publish","4":"has-post-thumbnail","6":"product_cat-handwerkzeuge","8":"first","9":"instock","10":"taxable","11":"shipping-taxable","12":"purchasable","13":"product-type-simple"},"supplier_id":null,"supplier_sku":"","barcode":null,"atum_controlled":true,"out_stock_date":null,"out_stock_threshold":null,"inheritable":false,"inbound_stock":0,"stock_on_hold":0,"sold_today":0,"sales_last_days":0,"reserved_stock":0,"customer_returns":0,"warehouse_damage":0,"lost_in_post":0,"other_logs":0,"out_stock_days":0,"lost_sales":0,"has_location":false,"update_date":"2026-04-25T01:08:35","atum_locations":[],"atum_stock_status":"instock","restock_status":false,"low_stock_amount":"","sales_update_date":"2026-04-25T01:08:35","calc_backorders":null,"acf":[],"yoast_head":"<!-- This site is optimized with the Yoast SEO plugin v26.6 - https:\/\/yoast.com\/wordpress\/plugins\/seo\/ -->\n<title>Nachf\u00fcllstifte Lyra\/pica Trockener Textmarker - grau - 12 St\u00fcck - Schroevendump<\/title>\n<meta name=\"robots\" content=\"index, follow, max-snippet:-1, max-image-preview:large, max-video-preview:-1\" \/>\n<link rel=\"canonical\" href=\"https:\/\/schroevendump.nl\/de\/produkt\/nachfuellstifte-lyra-pica-trockener-textmarker-grau-12-stueck\/\" \/>\n<meta property=\"og:locale\" content=\"de_DE\" \/>\n<meta property=\"og:type\" content=\"article\" \/>\n<meta property=\"og:title\" content=\"Nachf\u00fcllstifte Lyra\/pica Trockener Textmarker - grau - 12 St\u00fcck - Schroevendump\" \/>\n<meta property=\"og:description\" content=\"Die Lyra\/pica Dry Nachf\u00fcllstifte sorgen daf\u00fcr, dass Ihr Marker-Stift immer einsatzbereit ist. Dieses Set enth\u00e4lt 12 Graphitmarker in der H\u00e4rte 2B und ist in einem praktischen R\u00f6hrchenhalter verpackt. Dank des praktischen Nachf\u00fcllsystems k\u00f6nnen Sie den Pica Dry Markierstift in wenigen einfachen Schritten nachf\u00fcllen. Mit diesen Graphitmarkern k\u00f6nnen Sie auf verschiedenen Oberfl\u00e4chen deutliche Markierungen anbringen. Ein [&hellip;]\" \/>\n<meta property=\"og:url\" content=\"https:\/\/schroevendump.nl\/de\/produkt\/nachfuellstifte-lyra-pica-trockener-textmarker-grau-12-stueck\/\" \/>\n<meta property=\"og:site_name\" content=\"Schroevendump\" \/>\n<meta property=\"article:modified_time\" content=\"2025-12-10T11:32:40+00:00\" \/>\n<meta property=\"og:image\" content=\"https:\/\/schroevendump.nl\/wp-content\/uploads\/2025\/04\/lydra_navulling-removebg-preview.png\" \/>\n\t<meta property=\"og:image:width\" content=\"465\" \/>\n\t<meta property=\"og:image:height\" content=\"465\" \/>\n\t<meta property=\"og:image:type\" content=\"image\/png\" \/>\n<meta name=\"twitter:card\" content=\"summary_large_image\" \/>\n<meta name=\"twitter:label1\" content=\"Gesch\u00e4tzte Lesezeit\" \/>\n\t<meta name=\"twitter:data1\" content=\"1\u00a0Minute\" \/>\n<script type=\"application\/ld+json\" class=\"yoast-schema-graph\">{\"@context\":\"https:\/\/schema.org\",\"@graph\":[{\"@type\":\"WebPage\",\"@id\":\"https:\/\/schroevendump.nl\/de\/produkt\/nachfuellstifte-lyra-pica-trockener-textmarker-grau-12-stueck\/\",\"url\":\"https:\/\/schroevendump.nl\/de\/produkt\/nachfuellstifte-lyra-pica-trockener-textmarker-grau-12-stueck\/\",\"name\":\"Nachf\u00fcllstifte Lyra\/pica Trockener Textmarker - grau - 12 St\u00fcck - Schroevendump\",\"isPartOf\":{\"@id\":\"https:\/\/schroevendump.nl\/de\/#website\"},\"primaryImageOfPage\":{\"@id\":\"https:\/\/schroevendump.nl\/de\/produkt\/nachfuellstifte-lyra-pica-trockener-textmarker-grau-12-stueck\/#primaryimage\"},\"image\":{\"@id\":\"https:\/\/schroevendump.nl\/de\/produkt\/nachfuellstifte-lyra-pica-trockener-textmarker-grau-12-stueck\/#primaryimage\"},\"thumbnailUrl\":\"https:\/\/schroevendump.nl\/wp-content\/uploads\/2025\/04\/lydra_navulling-removebg-preview.png\",\"datePublished\":\"2025-04-16T18:57:57+00:00\",\"dateModified\":\"2025-12-10T11:32:40+00:00\",\"breadcrumb\":{\"@id\":\"https:\/\/schroevendump.nl\/de\/produkt\/nachfuellstifte-lyra-pica-trockener-textmarker-grau-12-stueck\/#breadcrumb\"},\"inLanguage\":\"de\",\"potentialAction\":[{\"@type\":\"ReadAction\",\"target\":[\"https:\/\/schroevendump.nl\/de\/produkt\/nachfuellstifte-lyra-pica-trockener-textmarker-grau-12-stueck\/\"]}]},{\"@type\":\"ImageObject\",\"inLanguage\":\"de\",\"@id\":\"https:\/\/schroevendump.nl\/de\/produkt\/nachfuellstifte-lyra-pica-trockener-textmarker-grau-12-stueck\/#primaryimage\",\"url\":\"https:\/\/schroevendump.nl\/wp-content\/uploads\/2025\/04\/lydra_navulling-removebg-preview.png\",\"contentUrl\":\"https:\/\/schroevendump.nl\/wp-content\/uploads\/2025\/04\/lydra_navulling-removebg-preview.png\",\"width\":465,\"height\":465},{\"@type\":\"BreadcrumbList\",\"@id\":\"https:\/\/schroevendump.nl\/de\/produkt\/nachfuellstifte-lyra-pica-trockener-textmarker-grau-12-stueck\/#breadcrumb\",\"itemListElement\":[{\"@type\":\"ListItem\",\"position\":1,\"name\":\"Startseite\",\"item\":\"https:\/\/schroevendump.nl\/de\/\"},{\"@type\":\"ListItem\",\"position\":2,\"name\":\"Shop\",\"item\":\"https:\/\/schroevendump.nl\/de\/shop\/\"},{\"@type\":\"ListItem\",\"position\":3,\"name\":\"Nachf\u00fcllstifte Lyra\/pica Trockener Textmarker &#8211; grau &#8211; 12 St\u00fcck\"}]},{\"@type\":\"WebSite\",\"@id\":\"https:\/\/schroevendump.nl\/de\/#website\",\"url\":\"https:\/\/schroevendump.nl\/de\/\",\"name\":\"Schroevendump\",\"description\":\"\",\"potentialAction\":[{\"@type\":\"SearchAction\",\"target\":{\"@type\":\"EntryPoint\",\"urlTemplate\":\"https:\/\/schroevendump.nl\/de\/?s={search_term_string}\"},\"query-input\":{\"@type\":\"PropertyValueSpecification\",\"valueRequired\":true,\"valueName\":\"search_term_string\"}}],\"inLanguage\":\"de\"}]}<\/script>\n<!-- \/ Yoast SEO plugin. -->","yoast_head_json":{"title":"Nachf\u00fcllstifte Lyra\/pica Trockener Textmarker - grau - 12 St\u00fcck - Schroevendump","robots":{"index":"index","follow":"follow","max-snippet":"max-snippet:-1","max-image-preview":"max-image-preview:large","max-video-preview":"max-video-preview:-1"},"canonical":"https:\/\/schroevendump.nl\/de\/produkt\/nachfuellstifte-lyra-pica-trockener-textmarker-grau-12-stueck\/","og_locale":"de_DE","og_type":"article","og_title":"Nachf\u00fcllstifte Lyra\/pica Trockener Textmarker - grau - 12 St\u00fcck - Schroevendump","og_description":"Die Lyra\/pica Dry Nachf\u00fcllstifte sorgen daf\u00fcr, dass Ihr Marker-Stift immer einsatzbereit ist. Dieses Set enth\u00e4lt 12 Graphitmarker in der H\u00e4rte 2B und ist in einem praktischen R\u00f6hrchenhalter verpackt. Dank des praktischen Nachf\u00fcllsystems k\u00f6nnen Sie den Pica Dry Markierstift in wenigen einfachen Schritten nachf\u00fcllen. Mit diesen Graphitmarkern k\u00f6nnen Sie auf verschiedenen Oberfl\u00e4chen deutliche Markierungen anbringen. Ein [&hellip;]","og_url":"https:\/\/schroevendump.nl\/de\/produkt\/nachfuellstifte-lyra-pica-trockener-textmarker-grau-12-stueck\/","og_site_name":"Schroevendump","article_modified_time":"2025-12-10T11:32:40+00:00","og_image":[{"width":465,"height":465,"url":"https:\/\/schroevendump.nl\/wp-content\/uploads\/2025\/04\/lydra_navulling-removebg-preview.png","type":"image\/png"}],"twitter_card":"summary_large_image","twitter_misc":{"Gesch\u00e4tzte Lesezeit":"1\u00a0Minute"},"schema":{"@context":"https:\/\/schema.org","@graph":[{"@type":"WebPage","@id":"https:\/\/schroevendump.nl\/de\/produkt\/nachfuellstifte-lyra-pica-trockener-textmarker-grau-12-stueck\/","url":"https:\/\/schroevendump.nl\/de\/produkt\/nachfuellstifte-lyra-pica-trockener-textmarker-grau-12-stueck\/","name":"Nachf\u00fcllstifte Lyra\/pica Trockener Textmarker - grau - 12 St\u00fcck - Schroevendump","isPartOf":{"@id":"https:\/\/schroevendump.nl\/de\/#website"},"primaryImageOfPage":{"@id":"https:\/\/schroevendump.nl\/de\/produkt\/nachfuellstifte-lyra-pica-trockener-textmarker-grau-12-stueck\/#primaryimage"},"image":{"@id":"https:\/\/schroevendump.nl\/de\/produkt\/nachfuellstifte-lyra-pica-trockener-textmarker-grau-12-stueck\/#primaryimage"},"thumbnailUrl":"https:\/\/schroevendump.nl\/wp-content\/uploads\/2025\/04\/lydra_navulling-removebg-preview.png","datePublished":"2025-04-16T18:57:57+00:00","dateModified":"2025-12-10T11:32:40+00:00","breadcrumb":{"@id":"https:\/\/schroevendump.nl\/de\/produkt\/nachfuellstifte-lyra-pica-trockener-textmarker-grau-12-stueck\/#breadcrumb"},"inLanguage":"de","potentialAction":[{"@type":"ReadAction","target":["https:\/\/schroevendump.nl\/de\/produkt\/nachfuellstifte-lyra-pica-trockener-textmarker-grau-12-stueck\/"]}]},{"@type":"ImageObject","inLanguage":"de","@id":"https:\/\/schroevendump.nl\/de\/produkt\/nachfuellstifte-lyra-pica-trockener-textmarker-grau-12-stueck\/#primaryimage","url":"https:\/\/schroevendump.nl\/wp-content\/uploads\/2025\/04\/lydra_navulling-removebg-preview.png","contentUrl":"https:\/\/schroevendump.nl\/wp-content\/uploads\/2025\/04\/lydra_navulling-removebg-preview.png","width":465,"height":465},{"@type":"BreadcrumbList","@id":"https:\/\/schroevendump.nl\/de\/produkt\/nachfuellstifte-lyra-pica-trockener-textmarker-grau-12-stueck\/#breadcrumb","itemListElement":[{"@type":"ListItem","position":1,"name":"Startseite","item":"https:\/\/schroevendump.nl\/de\/"},{"@type":"ListItem","position":2,"name":"Shop","item":"https:\/\/schroevendump.nl\/de\/shop\/"},{"@type":"ListItem","position":3,"name":"Nachf\u00fcllstifte Lyra\/pica Trockener Textmarker &#8211; grau &#8211; 12 St\u00fcck"}]},{"@type":"WebSite","@id":"https:\/\/schroevendump.nl\/de\/#website","url":"https:\/\/schroevendump.nl\/de\/","name":"Schroevendump","description":"","potentialAction":[{"@type":"SearchAction","target":{"@type":"EntryPoint","urlTemplate":"https:\/\/schroevendump.nl\/de\/?s={search_term_string}"},"query-input":{"@type":"PropertyValueSpecification","valueRequired":true,"valueName":"search_term_string"}}],"inLanguage":"de"}]}},"_links":{"self":[{"href":"https:\/\/schroevendump.nl\/de\/wp-json\/wp\/v2\/product\/28019","targetHints":{"allow":["GET"]}}],"collection":[{"href":"https:\/\/schroevendump.nl\/de\/wp-json\/wp\/v2\/product"}],"about":[{"href":"https:\/\/schroevendump.nl\/de\/wp-json\/wp\/v2\/types\/product"}],"replies":[{"embeddable":true,"href":"https:\/\/schroevendump.nl\/de\/wp-json\/wp\/v2\/comments?post=28019"}],"wp:featuredmedia":[{"embeddable":true,"href":"https:\/\/schroevendump.nl\/de\/wp-json\/wp\/v2\/media\/28021"}],"wp:attachment":[{"href":"https:\/\/schroevendump.nl\/de\/wp-json\/wp\/v2\/media?parent=28019"}],"wp:term":[{"taxonomy":"product_brand","embeddable":true,"href":"https:\/\/schroevendump.nl\/de\/wp-json\/wp\/v2\/product_brand?post=28019"},{"taxonomy":"product_cat","embeddable":true,"href":"https:\/\/schroevendump.nl\/de\/wp-json\/wp\/v2\/product_cat?post=28019"},{"taxonomy":"product_tag","embeddable":true,"href":"https:\/\/schroevendump.nl\/de\/wp-json\/wp\/v2\/product_tag?post=28019"}],"curies":[{"name":"wp","href":"https:\/\/api.w.org\/{rel}","templated":true}]}}