{"id":28028,"date":"2025-03-21T09:33:28","date_gmt":"2025-03-21T09:33:28","guid":{"rendered":"https:\/\/schroevendump.nl\/product\/benefit-eimer-decking-schrauben-edelstahl-410-5-0-x-60-36-tx25-700-stueck\/"},"modified":"2025-12-10T11:32:01","modified_gmt":"2025-12-10T11:32:01","slug":"benefit-eimer-decking-schrauben-edelstahl-410-5-0-x-60-36-tx25-700-stueck","status":"publish","type":"product","link":"https:\/\/schroevendump.nl\/de\/produkt\/benefit-eimer-decking-schrauben-edelstahl-410-5-0-x-60-36-tx25-700-stueck\/","title":{"rendered":"Benefit Eimer Decking Schrauben Edelstahl 410 5.0 x 60\/36 TX25 700 St\u00fcck"},"content":{"rendered":"<p><strong>Terrassenschrauben<\/strong>, auch bekannt als Hartholzschrauben, sind speziell f\u00fcr die Befestigung und Montage von Hartholz, zum Beispiel beim Bau von Terrassendielen, Stirnbrettern, Balustraden und Ger\u00fcsten, geeignet.<br \/>\nDie Terrassenschrauben von screwdump sind aus rostfreiem Stahl der Qualit\u00e4t A410 hergestellt. Dies ist die zuverl\u00e4ssigste Stahlqualit\u00e4t, wenn es um rostfreien Stahl geht. Qualitativ minderwertiger Edelstahl ist oft nicht in der Lage, die Wirkung und Tragf\u00e4higkeit von Holzterrassen zu bew\u00e4ltigen. Sparen Sie nie an den Schrauben f\u00fcr Ihre Terrassendielen! Entscheiden Sie sich f\u00fcr Qualit\u00e4t und w\u00e4hlen Sie die rostfreien A410 Terrassenschrauben von SCHROEVENDUMP!<br \/>\nDie spezielle Vorschneidespitze erm\u00f6glicht es, die Schrauben <b>ohne<\/b> Vorbohren zu verarbeiten.<br \/>\nUnter dem Schraubenkopf sind spezielle Schaftrippen angebracht, die das Loch in der Terrassendiele sozusagen aufbohren, um eine zu gro\u00dfe Spannung auf die Schraube zu verhindern. screwdump Terrassenschrauben haben einen Torx (TX) Antrieb. Die Vorteile des Torx-Antriebs sind eine bessere Kraft\u00fcbertragung zwischen Werkzeug und Schraube und eine geringere Gefahr, dass das Werkzeug aus der Schraube herausspringt. Das macht die Montage einfacher.       <\/p>\n","protected":false},"excerpt":{"rendered":"<p>Terrassenschrauben, auch bekannt als Hartholzschrauben, sind speziell f\u00fcr die Befestigung und Montage von Hartholz, zum Beispiel beim Bau von Terrassendielen, Stirnbrettern, Balustraden und Ger\u00fcsten, geeignet. Die Terrassenschrauben von screwdump sind aus rostfreiem Stahl der Qualit\u00e4t A410 hergestellt. Dies ist die zuverl\u00e4ssigste Stahlqualit\u00e4t, wenn es um rostfreien Stahl geht. Qualitativ minderwertiger Edelstahl ist oft nicht in [&hellip;]<\/p>\n","protected":false},"featured_media":27257,"comment_status":"open","ping_status":"closed","template":"","meta":[],"product_brand":[],"product_cat":[547,600],"product_tag":[],"class_list":{"0":"post-28028","1":"product","2":"type-product","3":"status-publish","4":"has-post-thumbnail","6":"product_cat-decking-topfdeckschrauben","7":"product_cat-vorteil-eimer","9":"first","10":"instock","11":"sale","12":"taxable","13":"shipping-taxable","14":"purchasable","15":"product-type-simple"},"supplier_id":null,"supplier_sku":"","barcode":null,"atum_controlled":true,"out_stock_date":null,"out_stock_threshold":null,"inheritable":false,"inbound_stock":0,"stock_on_hold":0,"sold_today":0,"sales_last_days":0,"reserved_stock":0,"customer_returns":0,"warehouse_damage":0,"lost_in_post":0,"other_logs":0,"out_stock_days":0,"lost_sales":0,"has_location":false,"update_date":"2026-04-25T01:08:13","atum_locations":[],"atum_stock_status":"instock","restock_status":false,"low_stock_amount":"","sales_update_date":"2026-04-25T01:08:13","calc_backorders":null,"acf":[],"yoast_head":"<!-- This site is optimized with the Yoast SEO plugin v26.6 - https:\/\/yoast.com\/wordpress\/plugins\/seo\/ -->\n<title>Benefit Eimer Decking Schrauben Edelstahl 410 5.0 x 60\/36 TX25 700 St\u00fcck - Schroevendump<\/title>\n<meta name=\"robots\" content=\"index, follow, max-snippet:-1, max-image-preview:large, max-video-preview:-1\" \/>\n<link rel=\"canonical\" href=\"https:\/\/schroevendump.nl\/de\/produkt\/benefit-eimer-decking-schrauben-edelstahl-410-5-0-x-60-36-tx25-700-stueck\/\" \/>\n<meta property=\"og:locale\" content=\"de_DE\" \/>\n<meta property=\"og:type\" content=\"article\" \/>\n<meta property=\"og:title\" content=\"Benefit Eimer Decking Schrauben Edelstahl 410 5.0 x 60\/36 TX25 700 St\u00fcck - Schroevendump\" \/>\n<meta property=\"og:description\" content=\"Terrassenschrauben, auch bekannt als Hartholzschrauben, sind speziell f\u00fcr die Befestigung und Montage von Hartholz, zum Beispiel beim Bau von Terrassendielen, Stirnbrettern, Balustraden und Ger\u00fcsten, geeignet. Die Terrassenschrauben von screwdump sind aus rostfreiem Stahl der Qualit\u00e4t A410 hergestellt. Dies ist die zuverl\u00e4ssigste Stahlqualit\u00e4t, wenn es um rostfreien Stahl geht. Qualitativ minderwertiger Edelstahl ist oft nicht in [&hellip;]\" \/>\n<meta property=\"og:url\" content=\"https:\/\/schroevendump.nl\/de\/produkt\/benefit-eimer-decking-schrauben-edelstahl-410-5-0-x-60-36-tx25-700-stueck\/\" \/>\n<meta property=\"og:site_name\" content=\"Schroevendump\" \/>\n<meta property=\"article:modified_time\" content=\"2025-12-10T11:32:01+00:00\" \/>\n<meta property=\"og:image\" content=\"https:\/\/schroevendump.nl\/wp-content\/uploads\/2025\/03\/Schroevendump-Emmer-3-removebg-e1746867879655-1024x979.png\" \/>\n\t<meta property=\"og:image:width\" content=\"1024\" \/>\n\t<meta property=\"og:image:height\" content=\"979\" \/>\n\t<meta property=\"og:image:type\" content=\"image\/png\" \/>\n<meta name=\"twitter:card\" content=\"summary_large_image\" \/>\n<meta name=\"twitter:label1\" content=\"Gesch\u00e4tzte Lesezeit\" \/>\n\t<meta name=\"twitter:data1\" content=\"1\u00a0Minute\" \/>\n<script type=\"application\/ld+json\" class=\"yoast-schema-graph\">{\"@context\":\"https:\/\/schema.org\",\"@graph\":[{\"@type\":\"WebPage\",\"@id\":\"https:\/\/schroevendump.nl\/de\/produkt\/benefit-eimer-decking-schrauben-edelstahl-410-5-0-x-60-36-tx25-700-stueck\/\",\"url\":\"https:\/\/schroevendump.nl\/de\/produkt\/benefit-eimer-decking-schrauben-edelstahl-410-5-0-x-60-36-tx25-700-stueck\/\",\"name\":\"Benefit Eimer Decking Schrauben Edelstahl 410 5.0 x 60\/36 TX25 700 St\u00fcck - Schroevendump\",\"isPartOf\":{\"@id\":\"https:\/\/schroevendump.nl\/de\/#website\"},\"primaryImageOfPage\":{\"@id\":\"https:\/\/schroevendump.nl\/de\/produkt\/benefit-eimer-decking-schrauben-edelstahl-410-5-0-x-60-36-tx25-700-stueck\/#primaryimage\"},\"image\":{\"@id\":\"https:\/\/schroevendump.nl\/de\/produkt\/benefit-eimer-decking-schrauben-edelstahl-410-5-0-x-60-36-tx25-700-stueck\/#primaryimage\"},\"thumbnailUrl\":\"https:\/\/schroevendump.nl\/wp-content\/uploads\/2025\/03\/Schroevendump-Emmer-3-removebg-e1746867879655.png\",\"datePublished\":\"2025-03-21T09:33:28+00:00\",\"dateModified\":\"2025-12-10T11:32:01+00:00\",\"breadcrumb\":{\"@id\":\"https:\/\/schroevendump.nl\/de\/produkt\/benefit-eimer-decking-schrauben-edelstahl-410-5-0-x-60-36-tx25-700-stueck\/#breadcrumb\"},\"inLanguage\":\"de\",\"potentialAction\":[{\"@type\":\"ReadAction\",\"target\":[\"https:\/\/schroevendump.nl\/de\/produkt\/benefit-eimer-decking-schrauben-edelstahl-410-5-0-x-60-36-tx25-700-stueck\/\"]}]},{\"@type\":\"ImageObject\",\"inLanguage\":\"de\",\"@id\":\"https:\/\/schroevendump.nl\/de\/produkt\/benefit-eimer-decking-schrauben-edelstahl-410-5-0-x-60-36-tx25-700-stueck\/#primaryimage\",\"url\":\"https:\/\/schroevendump.nl\/wp-content\/uploads\/2025\/03\/Schroevendump-Emmer-3-removebg-e1746867879655.png\",\"contentUrl\":\"https:\/\/schroevendump.nl\/wp-content\/uploads\/2025\/03\/Schroevendump-Emmer-3-removebg-e1746867879655.png\",\"width\":2004,\"height\":1916},{\"@type\":\"BreadcrumbList\",\"@id\":\"https:\/\/schroevendump.nl\/de\/produkt\/benefit-eimer-decking-schrauben-edelstahl-410-5-0-x-60-36-tx25-700-stueck\/#breadcrumb\",\"itemListElement\":[{\"@type\":\"ListItem\",\"position\":1,\"name\":\"Startseite\",\"item\":\"https:\/\/schroevendump.nl\/de\/\"},{\"@type\":\"ListItem\",\"position\":2,\"name\":\"Shop\",\"item\":\"https:\/\/schroevendump.nl\/de\/shop\/\"},{\"@type\":\"ListItem\",\"position\":3,\"name\":\"Benefit Eimer Decking Schrauben Edelstahl 410 5.0 x 60\/36 TX25 700 St\u00fcck\"}]},{\"@type\":\"WebSite\",\"@id\":\"https:\/\/schroevendump.nl\/de\/#website\",\"url\":\"https:\/\/schroevendump.nl\/de\/\",\"name\":\"Schroevendump\",\"description\":\"\",\"potentialAction\":[{\"@type\":\"SearchAction\",\"target\":{\"@type\":\"EntryPoint\",\"urlTemplate\":\"https:\/\/schroevendump.nl\/de\/?s={search_term_string}\"},\"query-input\":{\"@type\":\"PropertyValueSpecification\",\"valueRequired\":true,\"valueName\":\"search_term_string\"}}],\"inLanguage\":\"de\"}]}<\/script>\n<!-- \/ Yoast SEO plugin. -->","yoast_head_json":{"title":"Benefit Eimer Decking Schrauben Edelstahl 410 5.0 x 60\/36 TX25 700 St\u00fcck - Schroevendump","robots":{"index":"index","follow":"follow","max-snippet":"max-snippet:-1","max-image-preview":"max-image-preview:large","max-video-preview":"max-video-preview:-1"},"canonical":"https:\/\/schroevendump.nl\/de\/produkt\/benefit-eimer-decking-schrauben-edelstahl-410-5-0-x-60-36-tx25-700-stueck\/","og_locale":"de_DE","og_type":"article","og_title":"Benefit Eimer Decking Schrauben Edelstahl 410 5.0 x 60\/36 TX25 700 St\u00fcck - Schroevendump","og_description":"Terrassenschrauben, auch bekannt als Hartholzschrauben, sind speziell f\u00fcr die Befestigung und Montage von Hartholz, zum Beispiel beim Bau von Terrassendielen, Stirnbrettern, Balustraden und Ger\u00fcsten, geeignet. Die Terrassenschrauben von screwdump sind aus rostfreiem Stahl der Qualit\u00e4t A410 hergestellt. Dies ist die zuverl\u00e4ssigste Stahlqualit\u00e4t, wenn es um rostfreien Stahl geht. Qualitativ minderwertiger Edelstahl ist oft nicht in [&hellip;]","og_url":"https:\/\/schroevendump.nl\/de\/produkt\/benefit-eimer-decking-schrauben-edelstahl-410-5-0-x-60-36-tx25-700-stueck\/","og_site_name":"Schroevendump","article_modified_time":"2025-12-10T11:32:01+00:00","og_image":[{"width":1024,"height":979,"url":"https:\/\/schroevendump.nl\/wp-content\/uploads\/2025\/03\/Schroevendump-Emmer-3-removebg-e1746867879655-1024x979.png","type":"image\/png"}],"twitter_card":"summary_large_image","twitter_misc":{"Gesch\u00e4tzte Lesezeit":"1\u00a0Minute"},"schema":{"@context":"https:\/\/schema.org","@graph":[{"@type":"WebPage","@id":"https:\/\/schroevendump.nl\/de\/produkt\/benefit-eimer-decking-schrauben-edelstahl-410-5-0-x-60-36-tx25-700-stueck\/","url":"https:\/\/schroevendump.nl\/de\/produkt\/benefit-eimer-decking-schrauben-edelstahl-410-5-0-x-60-36-tx25-700-stueck\/","name":"Benefit Eimer Decking Schrauben Edelstahl 410 5.0 x 60\/36 TX25 700 St\u00fcck - Schroevendump","isPartOf":{"@id":"https:\/\/schroevendump.nl\/de\/#website"},"primaryImageOfPage":{"@id":"https:\/\/schroevendump.nl\/de\/produkt\/benefit-eimer-decking-schrauben-edelstahl-410-5-0-x-60-36-tx25-700-stueck\/#primaryimage"},"image":{"@id":"https:\/\/schroevendump.nl\/de\/produkt\/benefit-eimer-decking-schrauben-edelstahl-410-5-0-x-60-36-tx25-700-stueck\/#primaryimage"},"thumbnailUrl":"https:\/\/schroevendump.nl\/wp-content\/uploads\/2025\/03\/Schroevendump-Emmer-3-removebg-e1746867879655.png","datePublished":"2025-03-21T09:33:28+00:00","dateModified":"2025-12-10T11:32:01+00:00","breadcrumb":{"@id":"https:\/\/schroevendump.nl\/de\/produkt\/benefit-eimer-decking-schrauben-edelstahl-410-5-0-x-60-36-tx25-700-stueck\/#breadcrumb"},"inLanguage":"de","potentialAction":[{"@type":"ReadAction","target":["https:\/\/schroevendump.nl\/de\/produkt\/benefit-eimer-decking-schrauben-edelstahl-410-5-0-x-60-36-tx25-700-stueck\/"]}]},{"@type":"ImageObject","inLanguage":"de","@id":"https:\/\/schroevendump.nl\/de\/produkt\/benefit-eimer-decking-schrauben-edelstahl-410-5-0-x-60-36-tx25-700-stueck\/#primaryimage","url":"https:\/\/schroevendump.nl\/wp-content\/uploads\/2025\/03\/Schroevendump-Emmer-3-removebg-e1746867879655.png","contentUrl":"https:\/\/schroevendump.nl\/wp-content\/uploads\/2025\/03\/Schroevendump-Emmer-3-removebg-e1746867879655.png","width":2004,"height":1916},{"@type":"BreadcrumbList","@id":"https:\/\/schroevendump.nl\/de\/produkt\/benefit-eimer-decking-schrauben-edelstahl-410-5-0-x-60-36-tx25-700-stueck\/#breadcrumb","itemListElement":[{"@type":"ListItem","position":1,"name":"Startseite","item":"https:\/\/schroevendump.nl\/de\/"},{"@type":"ListItem","position":2,"name":"Shop","item":"https:\/\/schroevendump.nl\/de\/shop\/"},{"@type":"ListItem","position":3,"name":"Benefit Eimer Decking Schrauben Edelstahl 410 5.0 x 60\/36 TX25 700 St\u00fcck"}]},{"@type":"WebSite","@id":"https:\/\/schroevendump.nl\/de\/#website","url":"https:\/\/schroevendump.nl\/de\/","name":"Schroevendump","description":"","potentialAction":[{"@type":"SearchAction","target":{"@type":"EntryPoint","urlTemplate":"https:\/\/schroevendump.nl\/de\/?s={search_term_string}"},"query-input":{"@type":"PropertyValueSpecification","valueRequired":true,"valueName":"search_term_string"}}],"inLanguage":"de"}]}},"_links":{"self":[{"href":"https:\/\/schroevendump.nl\/de\/wp-json\/wp\/v2\/product\/28028","targetHints":{"allow":["GET"]}}],"collection":[{"href":"https:\/\/schroevendump.nl\/de\/wp-json\/wp\/v2\/product"}],"about":[{"href":"https:\/\/schroevendump.nl\/de\/wp-json\/wp\/v2\/types\/product"}],"replies":[{"embeddable":true,"href":"https:\/\/schroevendump.nl\/de\/wp-json\/wp\/v2\/comments?post=28028"}],"wp:featuredmedia":[{"embeddable":true,"href":"https:\/\/schroevendump.nl\/de\/wp-json\/wp\/v2\/media\/27257"}],"wp:attachment":[{"href":"https:\/\/schroevendump.nl\/de\/wp-json\/wp\/v2\/media?parent=28028"}],"wp:term":[{"taxonomy":"product_brand","embeddable":true,"href":"https:\/\/schroevendump.nl\/de\/wp-json\/wp\/v2\/product_brand?post=28028"},{"taxonomy":"product_cat","embeddable":true,"href":"https:\/\/schroevendump.nl\/de\/wp-json\/wp\/v2\/product_cat?post=28028"},{"taxonomy":"product_tag","embeddable":true,"href":"https:\/\/schroevendump.nl\/de\/wp-json\/wp\/v2\/product_tag?post=28028"}],"curies":[{"name":"wp","href":"https:\/\/api.w.org\/{rel}","templated":true}]}}