{"id":28048,"date":"2025-01-25T21:54:30","date_gmt":"2025-01-25T21:54:30","guid":{"rendered":"https:\/\/schroevendump.nl\/product\/compriband-illbruck-tp610-20-7-16mm-anthrazit-33-meter\/"},"modified":"2025-12-10T11:31:41","modified_gmt":"2025-12-10T11:31:41","slug":"compriband-illbruck-tp610-20-7-16mm-anthrazit-33-meter","status":"publish","type":"product","link":"https:\/\/schroevendump.nl\/de\/produkt\/compriband-illbruck-tp610-20-7-16mm-anthrazit-33-meter\/","title":{"rendered":"Compriband illbruck TP610 20\/7-16mm anthrazit 3,3 Meter"},"content":{"rendered":"<p><strong>Welche Reifengr\u00f6\u00dfe ben\u00f6tige ich?  <\/strong><br \/>\nVerwenden Sie f\u00fcr jede Fugenbreite die richtige Bandgr\u00f6\u00dfe. F\u00fcr eine Fugenbreite mit Gef\u00e4lle k\u00f6nnen mehrere Gr\u00f6\u00dfen verwendet werden. Sie sind sich nicht sicher, welche Gr\u00f6\u00dfe Sie f\u00fcr Ihre Fuge ben\u00f6tigen?    <strong><a href=\"https:\/\/www.bandwijzer.nl\/\">Schauen Sie auf www.bandwijzer.nl nach der richtigen Gr\u00f6\u00dfe!<\/a><\/strong><\/p>\n<p>Dieses impr\u00e4gnierte, vorkomprimierte Schaumstoffband dient zur regensicheren Fugenabdichtung von Fugen in vertikalen Au\u00dfenwandfl\u00e4chen zwischen Geb\u00e4udeteilen oder Baumaterialien aus Beton, Mauerwerk, Naturstein, Metallen, Kunststoffen und Holz. Der Anwendungsbereich in vertikalen Au\u00dfenw\u00e4nden hat nur die Funktion einer regensicheren Abdichtung. Eine zweite Fugenabdichtung auf der Innenseite (Innenhohlwand) ist f\u00fcr die Luftabdichtung erforderlich. TP610 ILLMOD COMPRI bietet Schutz vor Feuchtigkeit, Regen, Staub, W\u00e4rmeverlust und L\u00e4rm.   <\/p>\n<p><strong> <\/strong><\/p>\n<p>TP610 ILLMOD COMPRI ist nicht mit Dichtungsmitteln kompatibel und nicht \u00fcberstreichbar.<br \/>\n&#8211; Vermeiden Sie die Ablenkung von Schlagregen durch angrenzende Materialien.<br \/>\n&#8211; Unbehandeltes Holz oder saugf\u00e4hige und por\u00f6se Oberfl\u00e4chen sollten vor dem Anbringen der B\u00e4nder vor eindringendem Wasser gesch\u00fctzt werden.<\/p>\n<p>TP610 ILLMOD COMPRI wird angewendet auf<br \/>\n&#8211; Flache, parallele Fugen: Aluminium, Stahl, Edelstahl, lackiertes und gehobeltes Holz, nicht strukturierter Beton, extrudierter Kunststoff usw.<br \/>\n&#8211; Unebene, parallele Fugen: Steinmauerwerk, mit einer Struktur versehene Materialien.<br \/>\n&#8211; Flache, geneigte Fugen: Bei geneigten Fugen muss die Fugenbreite mit der entsprechenden Bandst\u00e4rke im Voraus festgelegt werden.<br \/>\n&#8211; Ungleichm\u00e4\u00dfige, geneigte Fugen: Wenn nur eine der Fugenw\u00e4nde flach ist, sollte die Fuge als ungleichm\u00e4\u00dfig betrachtet werden. W\u00e4hlen Sie immer die breiteste Fugengr\u00f6\u00dfe, um die Streifendicke und Streifenbreite zu berechnen. <\/p>\n<p>&nbsp;<\/p>\n<p>&nbsp;<\/p>\n<p>&nbsp;<\/p>\n<p>&nbsp;<\/p>\n","protected":false},"excerpt":{"rendered":"<p>Welche Reifengr\u00f6\u00dfe ben\u00f6tige ich? Verwenden Sie f\u00fcr jede Fugenbreite die richtige Bandgr\u00f6\u00dfe. F\u00fcr eine Fugenbreite mit Gef\u00e4lle k\u00f6nnen mehrere Gr\u00f6\u00dfen verwendet werden. Sie sind sich nicht sicher, welche Gr\u00f6\u00dfe Sie f\u00fcr Ihre Fuge ben\u00f6tigen? Schauen Sie auf www.bandwijzer.nl nach der richtigen Gr\u00f6\u00dfe! Dieses impr\u00e4gnierte, vorkomprimierte Schaumstoffband dient zur regensicheren Fugenabdichtung von Fugen in vertikalen Au\u00dfenwandfl\u00e4chen [&hellip;]<\/p>\n","protected":false},"featured_media":27266,"comment_status":"open","ping_status":"closed","template":"","meta":[],"product_brand":[],"product_cat":[608],"product_tag":[],"class_list":{"0":"post-28048","1":"product","2":"type-product","3":"status-publish","4":"has-post-thumbnail","6":"product_cat-reifen-und-wasserhahne","8":"first","9":"instock","10":"taxable","11":"shipping-taxable","12":"purchasable","13":"product-type-simple"},"supplier_id":null,"supplier_sku":"","barcode":null,"atum_controlled":true,"out_stock_date":null,"out_stock_threshold":null,"inheritable":false,"inbound_stock":0,"stock_on_hold":0,"sold_today":0,"sales_last_days":0,"reserved_stock":0,"customer_returns":0,"warehouse_damage":0,"lost_in_post":0,"other_logs":0,"out_stock_days":0,"lost_sales":0,"has_location":false,"update_date":"2026-04-12T01:02:58","atum_locations":[],"atum_stock_status":"instock","restock_status":false,"low_stock_amount":"","sales_update_date":"2026-04-12T01:02:58","calc_backorders":null,"acf":[],"yoast_head":"<!-- This site is optimized with the Yoast SEO plugin v26.6 - https:\/\/yoast.com\/wordpress\/plugins\/seo\/ -->\n<title>Compriband illbruck TP610 20\/7-16mm anthrazit 3,3 Meter - Schroevendump<\/title>\n<meta name=\"robots\" content=\"index, follow, max-snippet:-1, max-image-preview:large, max-video-preview:-1\" \/>\n<link rel=\"canonical\" href=\"https:\/\/schroevendump.nl\/de\/produkt\/compriband-illbruck-tp610-20-7-16mm-anthrazit-33-meter\/\" \/>\n<meta property=\"og:locale\" content=\"de_DE\" \/>\n<meta property=\"og:type\" content=\"article\" \/>\n<meta property=\"og:title\" content=\"Compriband illbruck TP610 20\/7-16mm anthrazit 3,3 Meter - Schroevendump\" \/>\n<meta property=\"og:description\" content=\"Welche Reifengr\u00f6\u00dfe ben\u00f6tige ich? Verwenden Sie f\u00fcr jede Fugenbreite die richtige Bandgr\u00f6\u00dfe. F\u00fcr eine Fugenbreite mit Gef\u00e4lle k\u00f6nnen mehrere Gr\u00f6\u00dfen verwendet werden. Sie sind sich nicht sicher, welche Gr\u00f6\u00dfe Sie f\u00fcr Ihre Fuge ben\u00f6tigen? Schauen Sie auf www.bandwijzer.nl nach der richtigen Gr\u00f6\u00dfe! Dieses impr\u00e4gnierte, vorkomprimierte Schaumstoffband dient zur regensicheren Fugenabdichtung von Fugen in vertikalen Au\u00dfenwandfl\u00e4chen [&hellip;]\" \/>\n<meta property=\"og:url\" content=\"https:\/\/schroevendump.nl\/de\/produkt\/compriband-illbruck-tp610-20-7-16mm-anthrazit-33-meter\/\" \/>\n<meta property=\"og:site_name\" content=\"Schroevendump\" \/>\n<meta property=\"article:modified_time\" content=\"2025-12-10T11:31:41+00:00\" \/>\n<meta property=\"og:image\" content=\"https:\/\/schroevendump.nl\/wp-content\/uploads\/2024\/08\/Compribandtape.png\" \/>\n\t<meta property=\"og:image:width\" content=\"500\" \/>\n\t<meta property=\"og:image:height\" content=\"500\" \/>\n\t<meta property=\"og:image:type\" content=\"image\/png\" \/>\n<meta name=\"twitter:card\" content=\"summary_large_image\" \/>\n<meta name=\"twitter:label1\" content=\"Gesch\u00e4tzte Lesezeit\" \/>\n\t<meta name=\"twitter:data1\" content=\"1\u00a0Minute\" \/>\n<script type=\"application\/ld+json\" class=\"yoast-schema-graph\">{\"@context\":\"https:\/\/schema.org\",\"@graph\":[{\"@type\":\"WebPage\",\"@id\":\"https:\/\/schroevendump.nl\/de\/produkt\/compriband-illbruck-tp610-20-7-16mm-anthrazit-33-meter\/\",\"url\":\"https:\/\/schroevendump.nl\/de\/produkt\/compriband-illbruck-tp610-20-7-16mm-anthrazit-33-meter\/\",\"name\":\"Compriband illbruck TP610 20\/7-16mm anthrazit 3,3 Meter - Schroevendump\",\"isPartOf\":{\"@id\":\"https:\/\/schroevendump.nl\/de\/#website\"},\"primaryImageOfPage\":{\"@id\":\"https:\/\/schroevendump.nl\/de\/produkt\/compriband-illbruck-tp610-20-7-16mm-anthrazit-33-meter\/#primaryimage\"},\"image\":{\"@id\":\"https:\/\/schroevendump.nl\/de\/produkt\/compriband-illbruck-tp610-20-7-16mm-anthrazit-33-meter\/#primaryimage\"},\"thumbnailUrl\":\"https:\/\/schroevendump.nl\/wp-content\/uploads\/2024\/08\/Compribandtape.png\",\"datePublished\":\"2025-01-25T21:54:30+00:00\",\"dateModified\":\"2025-12-10T11:31:41+00:00\",\"breadcrumb\":{\"@id\":\"https:\/\/schroevendump.nl\/de\/produkt\/compriband-illbruck-tp610-20-7-16mm-anthrazit-33-meter\/#breadcrumb\"},\"inLanguage\":\"de\",\"potentialAction\":[{\"@type\":\"ReadAction\",\"target\":[\"https:\/\/schroevendump.nl\/de\/produkt\/compriband-illbruck-tp610-20-7-16mm-anthrazit-33-meter\/\"]}]},{\"@type\":\"ImageObject\",\"inLanguage\":\"de\",\"@id\":\"https:\/\/schroevendump.nl\/de\/produkt\/compriband-illbruck-tp610-20-7-16mm-anthrazit-33-meter\/#primaryimage\",\"url\":\"https:\/\/schroevendump.nl\/wp-content\/uploads\/2024\/08\/Compribandtape.png\",\"contentUrl\":\"https:\/\/schroevendump.nl\/wp-content\/uploads\/2024\/08\/Compribandtape.png\",\"width\":500,\"height\":500},{\"@type\":\"BreadcrumbList\",\"@id\":\"https:\/\/schroevendump.nl\/de\/produkt\/compriband-illbruck-tp610-20-7-16mm-anthrazit-33-meter\/#breadcrumb\",\"itemListElement\":[{\"@type\":\"ListItem\",\"position\":1,\"name\":\"Startseite\",\"item\":\"https:\/\/schroevendump.nl\/de\/\"},{\"@type\":\"ListItem\",\"position\":2,\"name\":\"Shop\",\"item\":\"https:\/\/schroevendump.nl\/de\/shop\/\"},{\"@type\":\"ListItem\",\"position\":3,\"name\":\"Compriband illbruck TP610 20\/7-16mm anthrazit 3,3 Meter\"}]},{\"@type\":\"WebSite\",\"@id\":\"https:\/\/schroevendump.nl\/de\/#website\",\"url\":\"https:\/\/schroevendump.nl\/de\/\",\"name\":\"Schroevendump\",\"description\":\"\",\"potentialAction\":[{\"@type\":\"SearchAction\",\"target\":{\"@type\":\"EntryPoint\",\"urlTemplate\":\"https:\/\/schroevendump.nl\/de\/?s={search_term_string}\"},\"query-input\":{\"@type\":\"PropertyValueSpecification\",\"valueRequired\":true,\"valueName\":\"search_term_string\"}}],\"inLanguage\":\"de\"}]}<\/script>\n<!-- \/ Yoast SEO plugin. -->","yoast_head_json":{"title":"Compriband illbruck TP610 20\/7-16mm anthrazit 3,3 Meter - Schroevendump","robots":{"index":"index","follow":"follow","max-snippet":"max-snippet:-1","max-image-preview":"max-image-preview:large","max-video-preview":"max-video-preview:-1"},"canonical":"https:\/\/schroevendump.nl\/de\/produkt\/compriband-illbruck-tp610-20-7-16mm-anthrazit-33-meter\/","og_locale":"de_DE","og_type":"article","og_title":"Compriband illbruck TP610 20\/7-16mm anthrazit 3,3 Meter - Schroevendump","og_description":"Welche Reifengr\u00f6\u00dfe ben\u00f6tige ich? Verwenden Sie f\u00fcr jede Fugenbreite die richtige Bandgr\u00f6\u00dfe. F\u00fcr eine Fugenbreite mit Gef\u00e4lle k\u00f6nnen mehrere Gr\u00f6\u00dfen verwendet werden. Sie sind sich nicht sicher, welche Gr\u00f6\u00dfe Sie f\u00fcr Ihre Fuge ben\u00f6tigen? Schauen Sie auf www.bandwijzer.nl nach der richtigen Gr\u00f6\u00dfe! Dieses impr\u00e4gnierte, vorkomprimierte Schaumstoffband dient zur regensicheren Fugenabdichtung von Fugen in vertikalen Au\u00dfenwandfl\u00e4chen [&hellip;]","og_url":"https:\/\/schroevendump.nl\/de\/produkt\/compriband-illbruck-tp610-20-7-16mm-anthrazit-33-meter\/","og_site_name":"Schroevendump","article_modified_time":"2025-12-10T11:31:41+00:00","og_image":[{"width":500,"height":500,"url":"https:\/\/schroevendump.nl\/wp-content\/uploads\/2024\/08\/Compribandtape.png","type":"image\/png"}],"twitter_card":"summary_large_image","twitter_misc":{"Gesch\u00e4tzte Lesezeit":"1\u00a0Minute"},"schema":{"@context":"https:\/\/schema.org","@graph":[{"@type":"WebPage","@id":"https:\/\/schroevendump.nl\/de\/produkt\/compriband-illbruck-tp610-20-7-16mm-anthrazit-33-meter\/","url":"https:\/\/schroevendump.nl\/de\/produkt\/compriband-illbruck-tp610-20-7-16mm-anthrazit-33-meter\/","name":"Compriband illbruck TP610 20\/7-16mm anthrazit 3,3 Meter - Schroevendump","isPartOf":{"@id":"https:\/\/schroevendump.nl\/de\/#website"},"primaryImageOfPage":{"@id":"https:\/\/schroevendump.nl\/de\/produkt\/compriband-illbruck-tp610-20-7-16mm-anthrazit-33-meter\/#primaryimage"},"image":{"@id":"https:\/\/schroevendump.nl\/de\/produkt\/compriband-illbruck-tp610-20-7-16mm-anthrazit-33-meter\/#primaryimage"},"thumbnailUrl":"https:\/\/schroevendump.nl\/wp-content\/uploads\/2024\/08\/Compribandtape.png","datePublished":"2025-01-25T21:54:30+00:00","dateModified":"2025-12-10T11:31:41+00:00","breadcrumb":{"@id":"https:\/\/schroevendump.nl\/de\/produkt\/compriband-illbruck-tp610-20-7-16mm-anthrazit-33-meter\/#breadcrumb"},"inLanguage":"de","potentialAction":[{"@type":"ReadAction","target":["https:\/\/schroevendump.nl\/de\/produkt\/compriband-illbruck-tp610-20-7-16mm-anthrazit-33-meter\/"]}]},{"@type":"ImageObject","inLanguage":"de","@id":"https:\/\/schroevendump.nl\/de\/produkt\/compriband-illbruck-tp610-20-7-16mm-anthrazit-33-meter\/#primaryimage","url":"https:\/\/schroevendump.nl\/wp-content\/uploads\/2024\/08\/Compribandtape.png","contentUrl":"https:\/\/schroevendump.nl\/wp-content\/uploads\/2024\/08\/Compribandtape.png","width":500,"height":500},{"@type":"BreadcrumbList","@id":"https:\/\/schroevendump.nl\/de\/produkt\/compriband-illbruck-tp610-20-7-16mm-anthrazit-33-meter\/#breadcrumb","itemListElement":[{"@type":"ListItem","position":1,"name":"Startseite","item":"https:\/\/schroevendump.nl\/de\/"},{"@type":"ListItem","position":2,"name":"Shop","item":"https:\/\/schroevendump.nl\/de\/shop\/"},{"@type":"ListItem","position":3,"name":"Compriband illbruck TP610 20\/7-16mm anthrazit 3,3 Meter"}]},{"@type":"WebSite","@id":"https:\/\/schroevendump.nl\/de\/#website","url":"https:\/\/schroevendump.nl\/de\/","name":"Schroevendump","description":"","potentialAction":[{"@type":"SearchAction","target":{"@type":"EntryPoint","urlTemplate":"https:\/\/schroevendump.nl\/de\/?s={search_term_string}"},"query-input":{"@type":"PropertyValueSpecification","valueRequired":true,"valueName":"search_term_string"}}],"inLanguage":"de"}]}},"_links":{"self":[{"href":"https:\/\/schroevendump.nl\/de\/wp-json\/wp\/v2\/product\/28048","targetHints":{"allow":["GET"]}}],"collection":[{"href":"https:\/\/schroevendump.nl\/de\/wp-json\/wp\/v2\/product"}],"about":[{"href":"https:\/\/schroevendump.nl\/de\/wp-json\/wp\/v2\/types\/product"}],"replies":[{"embeddable":true,"href":"https:\/\/schroevendump.nl\/de\/wp-json\/wp\/v2\/comments?post=28048"}],"wp:featuredmedia":[{"embeddable":true,"href":"https:\/\/schroevendump.nl\/de\/wp-json\/wp\/v2\/media\/27266"}],"wp:attachment":[{"href":"https:\/\/schroevendump.nl\/de\/wp-json\/wp\/v2\/media?parent=28048"}],"wp:term":[{"taxonomy":"product_brand","embeddable":true,"href":"https:\/\/schroevendump.nl\/de\/wp-json\/wp\/v2\/product_brand?post=28048"},{"taxonomy":"product_cat","embeddable":true,"href":"https:\/\/schroevendump.nl\/de\/wp-json\/wp\/v2\/product_cat?post=28048"},{"taxonomy":"product_tag","embeddable":true,"href":"https:\/\/schroevendump.nl\/de\/wp-json\/wp\/v2\/product_tag?post=28048"}],"curies":[{"name":"wp","href":"https:\/\/api.w.org\/{rel}","templated":true}]}}