{"id":28071,"date":"2025-01-25T21:23:40","date_gmt":"2025-01-25T21:23:40","guid":{"rendered":"https:\/\/schroevendump.nl\/product\/ueberstreichbare-glasversiegelung-weiss-290ml-den-braven\/"},"modified":"2025-12-10T11:32:09","modified_gmt":"2025-12-10T11:32:09","slug":"ueberstreichbare-glasversiegelung-weiss-290ml-den-braven","status":"publish","type":"product","link":"https:\/\/schroevendump.nl\/de\/produkt\/ueberstreichbare-glasversiegelung-weiss-290ml-den-braven\/","title":{"rendered":"\u00dcberstreichbare Glasversiegelung Wei\u00df 290ml Den Braven"},"content":{"rendered":"<table style=\"height: 393px;\" width=\"1354\">\n<tbody>\n<tr>\n<td>Wichtigste Vorteile<\/td>\n<td>Einfache Verarbeitung<\/p>\n<p>Leichtes Gl\u00e4tten<\/p>\n<p>Hervorragende \u00dcberstreichbarkeit mit wasserbasierten und synthetischen Lacken<\/p>\n<p>Geeignet f\u00fcr den Innen- und Au\u00dfenbereich<\/p>\n<p>Breites Haftungsspektrum<\/td>\n<\/tr>\n<tr>\n<td>Anwendungen<\/td>\n<td>Window Seal Easy wurde speziell als universelle, streichbare Versiegelung f\u00fcr Verglasungen und Fensterrahmen entwickelt. Dieser Dichtstoff kann auf vielen Untergr\u00fcnden wie Holz, U-PVC, eloxiertem Aluminium, Polycarbonat, Polyester, ABS und Edelstahl angewendet werden. Hinweis: Die Kompatibilit\u00e4t der prim\u00e4ren und sekund\u00e4ren Versiegelung von Isolierglas mit Verglasungsdichtstoffen kann vom Dichtstofflieferanten nicht garantiert werden, da die Zusammensetzung der Randdichtstoffe vom Hersteller ohne vorherige Ank\u00fcndigung ge\u00e4ndert werden kann. Meinungen zur Kompatibilit\u00e4t von Verglasungsdichtstoffen mit dem Randverbund von Isolierglas beruhen auf Erfahrungswerten und stellen daher keine Garantie dar.<\/td>\n<\/tr>\n<tr>\n<td>Haltbarkeitsdauer<\/td>\n<td>In der unge\u00f6ffneten Originalverpackung, zwischen +5\u00b0C und +25\u00b0C, bei trockener Lagerung bis zu 18 Monate nach Produktionsdatum haltbar.<\/td>\n<\/tr>\n<\/tbody>\n<\/table>\n","protected":false},"excerpt":{"rendered":"<p>Wichtigste Vorteile Einfache Verarbeitung Leichtes Gl\u00e4tten Hervorragende \u00dcberstreichbarkeit mit wasserbasierten und synthetischen Lacken Geeignet f\u00fcr den Innen- und Au\u00dfenbereich Breites Haftungsspektrum Anwendungen Window Seal Easy wurde speziell als universelle, streichbare Versiegelung f\u00fcr Verglasungen und Fensterrahmen entwickelt. Dieser Dichtstoff kann auf vielen Untergr\u00fcnden wie Holz, U-PVC, eloxiertem Aluminium, Polycarbonat, Polyester, ABS und Edelstahl angewendet werden. Hinweis: [&hellip;]<\/p>\n","protected":false},"featured_media":15636,"comment_status":"open","ping_status":"closed","template":"","meta":[],"product_brand":[],"product_cat":[581],"product_tag":[],"class_list":{"0":"post-28071","1":"product","2":"type-product","3":"status-publish","4":"has-post-thumbnail","6":"product_cat-klebstoffe-und-dichtungsmittel","8":"first","9":"outofstock","10":"taxable","11":"shipping-taxable","12":"purchasable","13":"product-type-simple"},"supplier_id":null,"supplier_sku":"","barcode":null,"atum_controlled":true,"out_stock_date":null,"out_stock_threshold":null,"inheritable":false,"inbound_stock":0,"stock_on_hold":0,"sold_today":0,"sales_last_days":0,"reserved_stock":0,"customer_returns":0,"warehouse_damage":0,"lost_in_post":0,"other_logs":0,"out_stock_days":0,"lost_sales":0,"has_location":false,"update_date":"2026-05-16T01:12:51","atum_locations":[],"atum_stock_status":"outofstock","restock_status":false,"low_stock_amount":"","sales_update_date":"2026-05-16T01:12:51","calc_backorders":null,"acf":[],"yoast_head":"<!-- This site is optimized with the Yoast SEO plugin v26.6 - https:\/\/yoast.com\/wordpress\/plugins\/seo\/ -->\n<title>\u00dcberstreichbare Glasversiegelung Wei\u00df 290ml Den Braven - Schroevendump<\/title>\n<meta name=\"robots\" content=\"index, follow, max-snippet:-1, max-image-preview:large, max-video-preview:-1\" \/>\n<link rel=\"canonical\" href=\"https:\/\/schroevendump.nl\/de\/produkt\/ueberstreichbare-glasversiegelung-weiss-290ml-den-braven\/\" \/>\n<meta property=\"og:locale\" content=\"de_DE\" \/>\n<meta property=\"og:type\" content=\"article\" \/>\n<meta property=\"og:title\" content=\"\u00dcberstreichbare Glasversiegelung Wei\u00df 290ml Den Braven - Schroevendump\" \/>\n<meta property=\"og:description\" content=\"Wichtigste Vorteile Einfache Verarbeitung Leichtes Gl\u00e4tten Hervorragende \u00dcberstreichbarkeit mit wasserbasierten und synthetischen Lacken Geeignet f\u00fcr den Innen- und Au\u00dfenbereich Breites Haftungsspektrum Anwendungen Window Seal Easy wurde speziell als universelle, streichbare Versiegelung f\u00fcr Verglasungen und Fensterrahmen entwickelt. Dieser Dichtstoff kann auf vielen Untergr\u00fcnden wie Holz, U-PVC, eloxiertem Aluminium, Polycarbonat, Polyester, ABS und Edelstahl angewendet werden. Hinweis: [&hellip;]\" \/>\n<meta property=\"og:url\" content=\"https:\/\/schroevendump.nl\/de\/produkt\/ueberstreichbare-glasversiegelung-weiss-290ml-den-braven\/\" \/>\n<meta property=\"og:site_name\" content=\"Schroevendump\" \/>\n<meta property=\"article:modified_time\" content=\"2025-12-10T11:32:09+00:00\" \/>\n<meta property=\"og:image\" content=\"https:\/\/schroevendump.nl\/wp-content\/uploads\/2025\/01\/Glaskit-removebg-preview.png\" \/>\n\t<meta property=\"og:image:width\" content=\"500\" \/>\n\t<meta property=\"og:image:height\" content=\"500\" \/>\n\t<meta property=\"og:image:type\" content=\"image\/png\" \/>\n<meta name=\"twitter:card\" content=\"summary_large_image\" \/>\n<meta name=\"twitter:label1\" content=\"Gesch\u00e4tzte Lesezeit\" \/>\n\t<meta name=\"twitter:data1\" content=\"1\u00a0Minute\" \/>\n<script type=\"application\/ld+json\" class=\"yoast-schema-graph\">{\"@context\":\"https:\/\/schema.org\",\"@graph\":[{\"@type\":\"WebPage\",\"@id\":\"https:\/\/schroevendump.nl\/de\/produkt\/ueberstreichbare-glasversiegelung-weiss-290ml-den-braven\/\",\"url\":\"https:\/\/schroevendump.nl\/de\/produkt\/ueberstreichbare-glasversiegelung-weiss-290ml-den-braven\/\",\"name\":\"\u00dcberstreichbare Glasversiegelung Wei\u00df 290ml Den Braven - Schroevendump\",\"isPartOf\":{\"@id\":\"https:\/\/schroevendump.nl\/de\/#website\"},\"primaryImageOfPage\":{\"@id\":\"https:\/\/schroevendump.nl\/de\/produkt\/ueberstreichbare-glasversiegelung-weiss-290ml-den-braven\/#primaryimage\"},\"image\":{\"@id\":\"https:\/\/schroevendump.nl\/de\/produkt\/ueberstreichbare-glasversiegelung-weiss-290ml-den-braven\/#primaryimage\"},\"thumbnailUrl\":\"https:\/\/schroevendump.nl\/wp-content\/uploads\/2025\/01\/Glaskit-removebg-preview.png\",\"datePublished\":\"2025-01-25T21:23:40+00:00\",\"dateModified\":\"2025-12-10T11:32:09+00:00\",\"breadcrumb\":{\"@id\":\"https:\/\/schroevendump.nl\/de\/produkt\/ueberstreichbare-glasversiegelung-weiss-290ml-den-braven\/#breadcrumb\"},\"inLanguage\":\"de\",\"potentialAction\":[{\"@type\":\"ReadAction\",\"target\":[\"https:\/\/schroevendump.nl\/de\/produkt\/ueberstreichbare-glasversiegelung-weiss-290ml-den-braven\/\"]}]},{\"@type\":\"ImageObject\",\"inLanguage\":\"de\",\"@id\":\"https:\/\/schroevendump.nl\/de\/produkt\/ueberstreichbare-glasversiegelung-weiss-290ml-den-braven\/#primaryimage\",\"url\":\"https:\/\/schroevendump.nl\/wp-content\/uploads\/2025\/01\/Glaskit-removebg-preview.png\",\"contentUrl\":\"https:\/\/schroevendump.nl\/wp-content\/uploads\/2025\/01\/Glaskit-removebg-preview.png\",\"width\":500,\"height\":500},{\"@type\":\"BreadcrumbList\",\"@id\":\"https:\/\/schroevendump.nl\/de\/produkt\/ueberstreichbare-glasversiegelung-weiss-290ml-den-braven\/#breadcrumb\",\"itemListElement\":[{\"@type\":\"ListItem\",\"position\":1,\"name\":\"Startseite\",\"item\":\"https:\/\/schroevendump.nl\/de\/\"},{\"@type\":\"ListItem\",\"position\":2,\"name\":\"Shop\",\"item\":\"https:\/\/schroevendump.nl\/de\/shop\/\"},{\"@type\":\"ListItem\",\"position\":3,\"name\":\"\u00dcberstreichbare Glasversiegelung Wei\u00df 290ml Den Braven\"}]},{\"@type\":\"WebSite\",\"@id\":\"https:\/\/schroevendump.nl\/de\/#website\",\"url\":\"https:\/\/schroevendump.nl\/de\/\",\"name\":\"Schroevendump\",\"description\":\"\",\"potentialAction\":[{\"@type\":\"SearchAction\",\"target\":{\"@type\":\"EntryPoint\",\"urlTemplate\":\"https:\/\/schroevendump.nl\/de\/?s={search_term_string}\"},\"query-input\":{\"@type\":\"PropertyValueSpecification\",\"valueRequired\":true,\"valueName\":\"search_term_string\"}}],\"inLanguage\":\"de\"}]}<\/script>\n<!-- \/ Yoast SEO plugin. -->","yoast_head_json":{"title":"\u00dcberstreichbare Glasversiegelung Wei\u00df 290ml Den Braven - Schroevendump","robots":{"index":"index","follow":"follow","max-snippet":"max-snippet:-1","max-image-preview":"max-image-preview:large","max-video-preview":"max-video-preview:-1"},"canonical":"https:\/\/schroevendump.nl\/de\/produkt\/ueberstreichbare-glasversiegelung-weiss-290ml-den-braven\/","og_locale":"de_DE","og_type":"article","og_title":"\u00dcberstreichbare Glasversiegelung Wei\u00df 290ml Den Braven - Schroevendump","og_description":"Wichtigste Vorteile Einfache Verarbeitung Leichtes Gl\u00e4tten Hervorragende \u00dcberstreichbarkeit mit wasserbasierten und synthetischen Lacken Geeignet f\u00fcr den Innen- und Au\u00dfenbereich Breites Haftungsspektrum Anwendungen Window Seal Easy wurde speziell als universelle, streichbare Versiegelung f\u00fcr Verglasungen und Fensterrahmen entwickelt. Dieser Dichtstoff kann auf vielen Untergr\u00fcnden wie Holz, U-PVC, eloxiertem Aluminium, Polycarbonat, Polyester, ABS und Edelstahl angewendet werden. Hinweis: [&hellip;]","og_url":"https:\/\/schroevendump.nl\/de\/produkt\/ueberstreichbare-glasversiegelung-weiss-290ml-den-braven\/","og_site_name":"Schroevendump","article_modified_time":"2025-12-10T11:32:09+00:00","og_image":[{"width":500,"height":500,"url":"https:\/\/schroevendump.nl\/wp-content\/uploads\/2025\/01\/Glaskit-removebg-preview.png","type":"image\/png"}],"twitter_card":"summary_large_image","twitter_misc":{"Gesch\u00e4tzte Lesezeit":"1\u00a0Minute"},"schema":{"@context":"https:\/\/schema.org","@graph":[{"@type":"WebPage","@id":"https:\/\/schroevendump.nl\/de\/produkt\/ueberstreichbare-glasversiegelung-weiss-290ml-den-braven\/","url":"https:\/\/schroevendump.nl\/de\/produkt\/ueberstreichbare-glasversiegelung-weiss-290ml-den-braven\/","name":"\u00dcberstreichbare Glasversiegelung Wei\u00df 290ml Den Braven - Schroevendump","isPartOf":{"@id":"https:\/\/schroevendump.nl\/de\/#website"},"primaryImageOfPage":{"@id":"https:\/\/schroevendump.nl\/de\/produkt\/ueberstreichbare-glasversiegelung-weiss-290ml-den-braven\/#primaryimage"},"image":{"@id":"https:\/\/schroevendump.nl\/de\/produkt\/ueberstreichbare-glasversiegelung-weiss-290ml-den-braven\/#primaryimage"},"thumbnailUrl":"https:\/\/schroevendump.nl\/wp-content\/uploads\/2025\/01\/Glaskit-removebg-preview.png","datePublished":"2025-01-25T21:23:40+00:00","dateModified":"2025-12-10T11:32:09+00:00","breadcrumb":{"@id":"https:\/\/schroevendump.nl\/de\/produkt\/ueberstreichbare-glasversiegelung-weiss-290ml-den-braven\/#breadcrumb"},"inLanguage":"de","potentialAction":[{"@type":"ReadAction","target":["https:\/\/schroevendump.nl\/de\/produkt\/ueberstreichbare-glasversiegelung-weiss-290ml-den-braven\/"]}]},{"@type":"ImageObject","inLanguage":"de","@id":"https:\/\/schroevendump.nl\/de\/produkt\/ueberstreichbare-glasversiegelung-weiss-290ml-den-braven\/#primaryimage","url":"https:\/\/schroevendump.nl\/wp-content\/uploads\/2025\/01\/Glaskit-removebg-preview.png","contentUrl":"https:\/\/schroevendump.nl\/wp-content\/uploads\/2025\/01\/Glaskit-removebg-preview.png","width":500,"height":500},{"@type":"BreadcrumbList","@id":"https:\/\/schroevendump.nl\/de\/produkt\/ueberstreichbare-glasversiegelung-weiss-290ml-den-braven\/#breadcrumb","itemListElement":[{"@type":"ListItem","position":1,"name":"Startseite","item":"https:\/\/schroevendump.nl\/de\/"},{"@type":"ListItem","position":2,"name":"Shop","item":"https:\/\/schroevendump.nl\/de\/shop\/"},{"@type":"ListItem","position":3,"name":"\u00dcberstreichbare Glasversiegelung Wei\u00df 290ml Den Braven"}]},{"@type":"WebSite","@id":"https:\/\/schroevendump.nl\/de\/#website","url":"https:\/\/schroevendump.nl\/de\/","name":"Schroevendump","description":"","potentialAction":[{"@type":"SearchAction","target":{"@type":"EntryPoint","urlTemplate":"https:\/\/schroevendump.nl\/de\/?s={search_term_string}"},"query-input":{"@type":"PropertyValueSpecification","valueRequired":true,"valueName":"search_term_string"}}],"inLanguage":"de"}]}},"_links":{"self":[{"href":"https:\/\/schroevendump.nl\/de\/wp-json\/wp\/v2\/product\/28071","targetHints":{"allow":["GET"]}}],"collection":[{"href":"https:\/\/schroevendump.nl\/de\/wp-json\/wp\/v2\/product"}],"about":[{"href":"https:\/\/schroevendump.nl\/de\/wp-json\/wp\/v2\/types\/product"}],"replies":[{"embeddable":true,"href":"https:\/\/schroevendump.nl\/de\/wp-json\/wp\/v2\/comments?post=28071"}],"wp:featuredmedia":[{"embeddable":true,"href":"https:\/\/schroevendump.nl\/de\/wp-json\/wp\/v2\/media\/15636"}],"wp:attachment":[{"href":"https:\/\/schroevendump.nl\/de\/wp-json\/wp\/v2\/media?parent=28071"}],"wp:term":[{"taxonomy":"product_brand","embeddable":true,"href":"https:\/\/schroevendump.nl\/de\/wp-json\/wp\/v2\/product_brand?post=28071"},{"taxonomy":"product_cat","embeddable":true,"href":"https:\/\/schroevendump.nl\/de\/wp-json\/wp\/v2\/product_cat?post=28071"},{"taxonomy":"product_tag","embeddable":true,"href":"https:\/\/schroevendump.nl\/de\/wp-json\/wp\/v2\/product_tag?post=28071"}],"curies":[{"name":"wp","href":"https:\/\/api.w.org\/{rel}","templated":true}]}}