{"id":28079,"date":"2025-01-25T21:05:14","date_gmt":"2025-01-25T21:05:14","guid":{"rendered":"https:\/\/schroevendump.nl\/product\/rostschutzmittel-den-braven-400ml\/"},"modified":"2025-12-10T11:32:10","modified_gmt":"2025-12-10T11:32:10","slug":"rostschutzmittel-den-braven-400ml","status":"publish","type":"product","link":"https:\/\/schroevendump.nl\/de\/produkt\/rostschutzmittel-den-braven-400ml\/","title":{"rendered":"Rostschutzmittel Den braven 400ml"},"content":{"rendered":"<table style=\"height: 383px;\" width=\"1355\">\n<tbody>\n<tr>\n<td>Wichtigste Vorteile<\/td>\n<td>Glatte, porenfreie und abriebfeste Schutzschicht<\/p>\n<p>Korrosions- und temperaturbest\u00e4ndig (kurzzeitig 140\u00b0C)<\/p>\n<p>Best\u00e4ndig gegen Wasser, Salzwasser, Benzin und die meisten aggressiven Chemikalien<\/p>\n<p>Blei-, toxin- und s\u00e4urefrei<\/p>\n<p>Vielf\u00e4ltig einsetzbar<\/td>\n<\/tr>\n<tr>\n<td>Anwendungen<\/td>\n<td>Kraftfahrzeugwerke: Beschichtung und Reparatur von Karosserieteilen, Quertr\u00e4gern, Hohlr\u00e4umen, Karosserien, Anh\u00e4ngern, Aufbauten usw. Bauunternehmen und \u00f6ffentliche Betriebe: Baumaschinen, Bergbaumaschinen, Br\u00fcckenbau, Eisenbahnen, Kraftwerke, Gaswerke, Zaunbau und Gro\u00dfmaschinen. Verschiedenste Industriebetriebe: Tankbau, Eisenmetalle, Garagentore, Gartenbau, Gro\u00dfk\u00fcchen und Gro\u00dfw\u00e4schereien, Klimaanlagen, Konstruktionen mit Stahltraversen, Stahlkonstruktionen, Tanklager, Rahmen usw.<\/td>\n<\/tr>\n<tr>\n<td>Haltbarkeitsdauer<\/td>\n<td>In der unge\u00f6ffneten Originalverpackung, zwischen +5\u00b0C und +25\u00b0C, bis zu 24 Monate nach Produktionsdatum haltbar, wenn es an einem trockenen Ort gelagert wird.<\/td>\n<\/tr>\n<\/tbody>\n<\/table>\n","protected":false},"excerpt":{"rendered":"<p>Wichtigste Vorteile Glatte, porenfreie und abriebfeste Schutzschicht Korrosions- und temperaturbest\u00e4ndig (kurzzeitig 140\u00b0C) Best\u00e4ndig gegen Wasser, Salzwasser, Benzin und die meisten aggressiven Chemikalien Blei-, toxin- und s\u00e4urefrei Vielf\u00e4ltig einsetzbar Anwendungen Kraftfahrzeugwerke: Beschichtung und Reparatur von Karosserieteilen, Quertr\u00e4gern, Hohlr\u00e4umen, Karosserien, Anh\u00e4ngern, Aufbauten usw. Bauunternehmen und \u00f6ffentliche Betriebe: Baumaschinen, Bergbaumaschinen, Br\u00fcckenbau, Eisenbahnen, Kraftwerke, Gaswerke, Zaunbau und Gro\u00dfmaschinen. Verschiedenste [&hellip;]<\/p>\n","protected":false},"featured_media":28081,"comment_status":"closed","ping_status":"closed","template":"","meta":[],"product_brand":[],"product_cat":[770],"product_tag":[],"class_list":{"0":"post-28079","1":"product","2":"type-product","3":"status-publish","4":"has-post-thumbnail","6":"product_cat-technische-sprays","8":"first","9":"instock","10":"taxable","11":"shipping-taxable","12":"purchasable","13":"product-type-simple"},"supplier_id":null,"supplier_sku":"","barcode":null,"atum_controlled":true,"out_stock_date":null,"out_stock_threshold":null,"inheritable":false,"inbound_stock":0,"stock_on_hold":0,"sold_today":0,"sales_last_days":0,"reserved_stock":0,"customer_returns":0,"warehouse_damage":0,"lost_in_post":0,"other_logs":0,"out_stock_days":0,"lost_sales":0,"has_location":false,"update_date":"2026-04-16T01:03:56","atum_locations":[],"atum_stock_status":"instock","restock_status":false,"low_stock_amount":"","sales_update_date":"2026-04-16T01:03:56","calc_backorders":null,"acf":[],"yoast_head":"<!-- This site is optimized with the Yoast SEO plugin v26.6 - https:\/\/yoast.com\/wordpress\/plugins\/seo\/ -->\n<title>Rostschutzmittel Den braven 400ml - Schroevendump<\/title>\n<meta name=\"robots\" content=\"index, follow, max-snippet:-1, max-image-preview:large, max-video-preview:-1\" \/>\n<link rel=\"canonical\" href=\"https:\/\/schroevendump.nl\/de\/produkt\/rostschutzmittel-den-braven-400ml\/\" \/>\n<meta property=\"og:locale\" content=\"de_DE\" \/>\n<meta property=\"og:type\" content=\"article\" \/>\n<meta property=\"og:title\" content=\"Rostschutzmittel Den braven 400ml - Schroevendump\" \/>\n<meta property=\"og:description\" content=\"Wichtigste Vorteile Glatte, porenfreie und abriebfeste Schutzschicht Korrosions- und temperaturbest\u00e4ndig (kurzzeitig 140\u00b0C) Best\u00e4ndig gegen Wasser, Salzwasser, Benzin und die meisten aggressiven Chemikalien Blei-, toxin- und s\u00e4urefrei Vielf\u00e4ltig einsetzbar Anwendungen Kraftfahrzeugwerke: Beschichtung und Reparatur von Karosserieteilen, Quertr\u00e4gern, Hohlr\u00e4umen, Karosserien, Anh\u00e4ngern, Aufbauten usw. Bauunternehmen und \u00f6ffentliche Betriebe: Baumaschinen, Bergbaumaschinen, Br\u00fcckenbau, Eisenbahnen, Kraftwerke, Gaswerke, Zaunbau und Gro\u00dfmaschinen. Verschiedenste [&hellip;]\" \/>\n<meta property=\"og:url\" content=\"https:\/\/schroevendump.nl\/de\/produkt\/rostschutzmittel-den-braven-400ml\/\" \/>\n<meta property=\"og:site_name\" content=\"Schroevendump\" \/>\n<meta property=\"article:modified_time\" content=\"2025-12-10T11:32:10+00:00\" \/>\n<meta property=\"og:image\" content=\"https:\/\/schroevendump.nl\/wp-content\/uploads\/2025\/01\/den-braven_Roestbeschermer-removebg-preview.png\" \/>\n\t<meta property=\"og:image:width\" content=\"577\" \/>\n\t<meta property=\"og:image:height\" content=\"433\" \/>\n\t<meta property=\"og:image:type\" content=\"image\/png\" \/>\n<meta name=\"twitter:card\" content=\"summary_large_image\" \/>\n<meta name=\"twitter:label1\" content=\"Gesch\u00e4tzte Lesezeit\" \/>\n\t<meta name=\"twitter:data1\" content=\"1\u00a0Minute\" \/>\n<script type=\"application\/ld+json\" class=\"yoast-schema-graph\">{\"@context\":\"https:\/\/schema.org\",\"@graph\":[{\"@type\":\"WebPage\",\"@id\":\"https:\/\/schroevendump.nl\/de\/produkt\/rostschutzmittel-den-braven-400ml\/\",\"url\":\"https:\/\/schroevendump.nl\/de\/produkt\/rostschutzmittel-den-braven-400ml\/\",\"name\":\"Rostschutzmittel Den braven 400ml - Schroevendump\",\"isPartOf\":{\"@id\":\"https:\/\/schroevendump.nl\/de\/#website\"},\"primaryImageOfPage\":{\"@id\":\"https:\/\/schroevendump.nl\/de\/produkt\/rostschutzmittel-den-braven-400ml\/#primaryimage\"},\"image\":{\"@id\":\"https:\/\/schroevendump.nl\/de\/produkt\/rostschutzmittel-den-braven-400ml\/#primaryimage\"},\"thumbnailUrl\":\"https:\/\/schroevendump.nl\/wp-content\/uploads\/2025\/01\/den-braven_Roestbeschermer-removebg-preview.png\",\"datePublished\":\"2025-01-25T21:05:14+00:00\",\"dateModified\":\"2025-12-10T11:32:10+00:00\",\"breadcrumb\":{\"@id\":\"https:\/\/schroevendump.nl\/de\/produkt\/rostschutzmittel-den-braven-400ml\/#breadcrumb\"},\"inLanguage\":\"de\",\"potentialAction\":[{\"@type\":\"ReadAction\",\"target\":[\"https:\/\/schroevendump.nl\/de\/produkt\/rostschutzmittel-den-braven-400ml\/\"]}]},{\"@type\":\"ImageObject\",\"inLanguage\":\"de\",\"@id\":\"https:\/\/schroevendump.nl\/de\/produkt\/rostschutzmittel-den-braven-400ml\/#primaryimage\",\"url\":\"https:\/\/schroevendump.nl\/wp-content\/uploads\/2025\/01\/den-braven_Roestbeschermer-removebg-preview.png\",\"contentUrl\":\"https:\/\/schroevendump.nl\/wp-content\/uploads\/2025\/01\/den-braven_Roestbeschermer-removebg-preview.png\",\"width\":577,\"height\":433},{\"@type\":\"BreadcrumbList\",\"@id\":\"https:\/\/schroevendump.nl\/de\/produkt\/rostschutzmittel-den-braven-400ml\/#breadcrumb\",\"itemListElement\":[{\"@type\":\"ListItem\",\"position\":1,\"name\":\"Startseite\",\"item\":\"https:\/\/schroevendump.nl\/de\/\"},{\"@type\":\"ListItem\",\"position\":2,\"name\":\"Shop\",\"item\":\"https:\/\/schroevendump.nl\/de\/shop\/\"},{\"@type\":\"ListItem\",\"position\":3,\"name\":\"Rostschutzmittel Den braven 400ml\"}]},{\"@type\":\"WebSite\",\"@id\":\"https:\/\/schroevendump.nl\/de\/#website\",\"url\":\"https:\/\/schroevendump.nl\/de\/\",\"name\":\"Schroevendump\",\"description\":\"\",\"potentialAction\":[{\"@type\":\"SearchAction\",\"target\":{\"@type\":\"EntryPoint\",\"urlTemplate\":\"https:\/\/schroevendump.nl\/de\/?s={search_term_string}\"},\"query-input\":{\"@type\":\"PropertyValueSpecification\",\"valueRequired\":true,\"valueName\":\"search_term_string\"}}],\"inLanguage\":\"de\"}]}<\/script>\n<!-- \/ Yoast SEO plugin. -->","yoast_head_json":{"title":"Rostschutzmittel Den braven 400ml - Schroevendump","robots":{"index":"index","follow":"follow","max-snippet":"max-snippet:-1","max-image-preview":"max-image-preview:large","max-video-preview":"max-video-preview:-1"},"canonical":"https:\/\/schroevendump.nl\/de\/produkt\/rostschutzmittel-den-braven-400ml\/","og_locale":"de_DE","og_type":"article","og_title":"Rostschutzmittel Den braven 400ml - Schroevendump","og_description":"Wichtigste Vorteile Glatte, porenfreie und abriebfeste Schutzschicht Korrosions- und temperaturbest\u00e4ndig (kurzzeitig 140\u00b0C) Best\u00e4ndig gegen Wasser, Salzwasser, Benzin und die meisten aggressiven Chemikalien Blei-, toxin- und s\u00e4urefrei Vielf\u00e4ltig einsetzbar Anwendungen Kraftfahrzeugwerke: Beschichtung und Reparatur von Karosserieteilen, Quertr\u00e4gern, Hohlr\u00e4umen, Karosserien, Anh\u00e4ngern, Aufbauten usw. Bauunternehmen und \u00f6ffentliche Betriebe: Baumaschinen, Bergbaumaschinen, Br\u00fcckenbau, Eisenbahnen, Kraftwerke, Gaswerke, Zaunbau und Gro\u00dfmaschinen. Verschiedenste [&hellip;]","og_url":"https:\/\/schroevendump.nl\/de\/produkt\/rostschutzmittel-den-braven-400ml\/","og_site_name":"Schroevendump","article_modified_time":"2025-12-10T11:32:10+00:00","og_image":[{"width":577,"height":433,"url":"https:\/\/schroevendump.nl\/wp-content\/uploads\/2025\/01\/den-braven_Roestbeschermer-removebg-preview.png","type":"image\/png"}],"twitter_card":"summary_large_image","twitter_misc":{"Gesch\u00e4tzte Lesezeit":"1\u00a0Minute"},"schema":{"@context":"https:\/\/schema.org","@graph":[{"@type":"WebPage","@id":"https:\/\/schroevendump.nl\/de\/produkt\/rostschutzmittel-den-braven-400ml\/","url":"https:\/\/schroevendump.nl\/de\/produkt\/rostschutzmittel-den-braven-400ml\/","name":"Rostschutzmittel Den braven 400ml - Schroevendump","isPartOf":{"@id":"https:\/\/schroevendump.nl\/de\/#website"},"primaryImageOfPage":{"@id":"https:\/\/schroevendump.nl\/de\/produkt\/rostschutzmittel-den-braven-400ml\/#primaryimage"},"image":{"@id":"https:\/\/schroevendump.nl\/de\/produkt\/rostschutzmittel-den-braven-400ml\/#primaryimage"},"thumbnailUrl":"https:\/\/schroevendump.nl\/wp-content\/uploads\/2025\/01\/den-braven_Roestbeschermer-removebg-preview.png","datePublished":"2025-01-25T21:05:14+00:00","dateModified":"2025-12-10T11:32:10+00:00","breadcrumb":{"@id":"https:\/\/schroevendump.nl\/de\/produkt\/rostschutzmittel-den-braven-400ml\/#breadcrumb"},"inLanguage":"de","potentialAction":[{"@type":"ReadAction","target":["https:\/\/schroevendump.nl\/de\/produkt\/rostschutzmittel-den-braven-400ml\/"]}]},{"@type":"ImageObject","inLanguage":"de","@id":"https:\/\/schroevendump.nl\/de\/produkt\/rostschutzmittel-den-braven-400ml\/#primaryimage","url":"https:\/\/schroevendump.nl\/wp-content\/uploads\/2025\/01\/den-braven_Roestbeschermer-removebg-preview.png","contentUrl":"https:\/\/schroevendump.nl\/wp-content\/uploads\/2025\/01\/den-braven_Roestbeschermer-removebg-preview.png","width":577,"height":433},{"@type":"BreadcrumbList","@id":"https:\/\/schroevendump.nl\/de\/produkt\/rostschutzmittel-den-braven-400ml\/#breadcrumb","itemListElement":[{"@type":"ListItem","position":1,"name":"Startseite","item":"https:\/\/schroevendump.nl\/de\/"},{"@type":"ListItem","position":2,"name":"Shop","item":"https:\/\/schroevendump.nl\/de\/shop\/"},{"@type":"ListItem","position":3,"name":"Rostschutzmittel Den braven 400ml"}]},{"@type":"WebSite","@id":"https:\/\/schroevendump.nl\/de\/#website","url":"https:\/\/schroevendump.nl\/de\/","name":"Schroevendump","description":"","potentialAction":[{"@type":"SearchAction","target":{"@type":"EntryPoint","urlTemplate":"https:\/\/schroevendump.nl\/de\/?s={search_term_string}"},"query-input":{"@type":"PropertyValueSpecification","valueRequired":true,"valueName":"search_term_string"}}],"inLanguage":"de"}]}},"_links":{"self":[{"href":"https:\/\/schroevendump.nl\/de\/wp-json\/wp\/v2\/product\/28079","targetHints":{"allow":["GET"]}}],"collection":[{"href":"https:\/\/schroevendump.nl\/de\/wp-json\/wp\/v2\/product"}],"about":[{"href":"https:\/\/schroevendump.nl\/de\/wp-json\/wp\/v2\/types\/product"}],"replies":[{"embeddable":true,"href":"https:\/\/schroevendump.nl\/de\/wp-json\/wp\/v2\/comments?post=28079"}],"wp:featuredmedia":[{"embeddable":true,"href":"https:\/\/schroevendump.nl\/de\/wp-json\/wp\/v2\/media\/28081"}],"wp:attachment":[{"href":"https:\/\/schroevendump.nl\/de\/wp-json\/wp\/v2\/media?parent=28079"}],"wp:term":[{"taxonomy":"product_brand","embeddable":true,"href":"https:\/\/schroevendump.nl\/de\/wp-json\/wp\/v2\/product_brand?post=28079"},{"taxonomy":"product_cat","embeddable":true,"href":"https:\/\/schroevendump.nl\/de\/wp-json\/wp\/v2\/product_cat?post=28079"},{"taxonomy":"product_tag","embeddable":true,"href":"https:\/\/schroevendump.nl\/de\/wp-json\/wp\/v2\/product_tag?post=28079"}],"curies":[{"name":"wp","href":"https:\/\/api.w.org\/{rel}","templated":true}]}}