{"id":28082,"date":"2025-01-25T20:50:38","date_gmt":"2025-01-25T20:50:38","guid":{"rendered":"https:\/\/schroevendump.nl\/product\/eindringendes-oel-den-braven-400ml\/"},"modified":"2025-12-10T11:32:14","modified_gmt":"2025-12-10T11:32:14","slug":"eindringendes-oel-den-braven-400ml","status":"publish","type":"product","link":"https:\/\/schroevendump.nl\/de\/produkt\/eindringendes-oel-den-braven-400ml\/","title":{"rendered":"Eindringendes \u00d6l Den braven 400ml"},"content":{"rendered":"<table style=\"height: 398px;\" width=\"1359\">\n<tbody>\n<tr>\n<td>Wichtigste Vorteile<\/td>\n<td>L\u00f6st verrostete Schrauben, Muttern und Bolzen schnell<\/p>\n<p>Sch\u00fctzt langfristig vor Korrosion<\/p>\n<p>Schmiert Gleitfl\u00e4chen und bewegliche Teile<\/p>\n<p>Stoppt Quietschen und Schleifen<\/p>\n<p>Pflegt und reinigt Bremsstangen, Stahlseile und alle Arten von Ketten<\/p>\n<p>Enth\u00e4lt MoS2 f\u00fcr extreme Temperatur- und Druckbelastungen<\/td>\n<\/tr>\n<tr>\n<td>Anwendungen<\/td>\n<td>Zwaluw Kriech\u00f6l kann bei der Autopflege, in der Industrie, im Haushalt, auf Schiffen usw. verwendet werden. Bei Reinigungs- und Reparaturarbeiten kommt es h\u00e4ufig vor, dass korrodierte Schrauben festsitzen. Zwaluw Kriech\u00f6l mit MoS2 behebt dieses Problem.<\/td>\n<\/tr>\n<tr>\n<td>Haltbarkeitsdauer<\/td>\n<td>In der unge\u00f6ffneten Originalverpackung, zwischen +5\u00b0C und +25\u00b0C, bis zu 24 Monate nach Produktionsdatum haltbar, wenn es an einem trockenen Ort gelagert wird.<\/td>\n<\/tr>\n<\/tbody>\n<\/table>\n","protected":false},"excerpt":{"rendered":"<p>Wichtigste Vorteile L\u00f6st verrostete Schrauben, Muttern und Bolzen schnell Sch\u00fctzt langfristig vor Korrosion Schmiert Gleitfl\u00e4chen und bewegliche Teile Stoppt Quietschen und Schleifen Pflegt und reinigt Bremsstangen, Stahlseile und alle Arten von Ketten Enth\u00e4lt MoS2 f\u00fcr extreme Temperatur- und Druckbelastungen Anwendungen Zwaluw Kriech\u00f6l kann bei der Autopflege, in der Industrie, im Haushalt, auf Schiffen usw. verwendet [&hellip;]<\/p>\n","protected":false},"featured_media":28084,"comment_status":"open","ping_status":"closed","template":"","meta":[],"product_brand":[],"product_cat":[770],"product_tag":[],"class_list":{"0":"post-28082","1":"product","2":"type-product","3":"status-publish","4":"has-post-thumbnail","6":"product_cat-technische-sprays","8":"first","9":"instock","10":"taxable","11":"shipping-taxable","12":"purchasable","13":"product-type-simple"},"supplier_id":null,"supplier_sku":"","barcode":null,"atum_controlled":true,"out_stock_date":null,"out_stock_threshold":null,"inheritable":false,"inbound_stock":0,"stock_on_hold":0,"sold_today":0,"sales_last_days":0,"reserved_stock":0,"customer_returns":0,"warehouse_damage":0,"lost_in_post":0,"other_logs":0,"out_stock_days":0,"lost_sales":0,"has_location":false,"update_date":"2026-05-08T01:14:04","atum_locations":[],"atum_stock_status":"instock","restock_status":false,"low_stock_amount":"","sales_update_date":"2026-05-08T01:14:04","calc_backorders":null,"acf":[],"yoast_head":"<!-- This site is optimized with the Yoast SEO plugin v26.6 - https:\/\/yoast.com\/wordpress\/plugins\/seo\/ -->\n<title>Eindringendes \u00d6l Den braven 400ml - Schroevendump<\/title>\n<meta name=\"robots\" content=\"index, follow, max-snippet:-1, max-image-preview:large, max-video-preview:-1\" \/>\n<link rel=\"canonical\" href=\"https:\/\/schroevendump.nl\/de\/produkt\/eindringendes-oel-den-braven-400ml\/\" \/>\n<meta property=\"og:locale\" content=\"de_DE\" \/>\n<meta property=\"og:type\" content=\"article\" \/>\n<meta property=\"og:title\" content=\"Eindringendes \u00d6l Den braven 400ml - Schroevendump\" \/>\n<meta property=\"og:description\" content=\"Wichtigste Vorteile L\u00f6st verrostete Schrauben, Muttern und Bolzen schnell Sch\u00fctzt langfristig vor Korrosion Schmiert Gleitfl\u00e4chen und bewegliche Teile Stoppt Quietschen und Schleifen Pflegt und reinigt Bremsstangen, Stahlseile und alle Arten von Ketten Enth\u00e4lt MoS2 f\u00fcr extreme Temperatur- und Druckbelastungen Anwendungen Zwaluw Kriech\u00f6l kann bei der Autopflege, in der Industrie, im Haushalt, auf Schiffen usw. verwendet [&hellip;]\" \/>\n<meta property=\"og:url\" content=\"https:\/\/schroevendump.nl\/de\/produkt\/eindringendes-oel-den-braven-400ml\/\" \/>\n<meta property=\"og:site_name\" content=\"Schroevendump\" \/>\n<meta property=\"article:modified_time\" content=\"2025-12-10T11:32:14+00:00\" \/>\n<meta property=\"og:image\" content=\"https:\/\/schroevendump.nl\/wp-content\/uploads\/2025\/01\/den-braven_kruipolie-removebg-preview.png\" \/>\n\t<meta property=\"og:image:width\" content=\"577\" \/>\n\t<meta property=\"og:image:height\" content=\"433\" \/>\n\t<meta property=\"og:image:type\" content=\"image\/png\" \/>\n<meta name=\"twitter:card\" content=\"summary_large_image\" \/>\n<meta name=\"twitter:label1\" content=\"Gesch\u00e4tzte Lesezeit\" \/>\n\t<meta name=\"twitter:data1\" content=\"1\u00a0Minute\" \/>\n<script type=\"application\/ld+json\" class=\"yoast-schema-graph\">{\"@context\":\"https:\/\/schema.org\",\"@graph\":[{\"@type\":\"WebPage\",\"@id\":\"https:\/\/schroevendump.nl\/de\/produkt\/eindringendes-oel-den-braven-400ml\/\",\"url\":\"https:\/\/schroevendump.nl\/de\/produkt\/eindringendes-oel-den-braven-400ml\/\",\"name\":\"Eindringendes \u00d6l Den braven 400ml - Schroevendump\",\"isPartOf\":{\"@id\":\"https:\/\/schroevendump.nl\/de\/#website\"},\"primaryImageOfPage\":{\"@id\":\"https:\/\/schroevendump.nl\/de\/produkt\/eindringendes-oel-den-braven-400ml\/#primaryimage\"},\"image\":{\"@id\":\"https:\/\/schroevendump.nl\/de\/produkt\/eindringendes-oel-den-braven-400ml\/#primaryimage\"},\"thumbnailUrl\":\"https:\/\/schroevendump.nl\/wp-content\/uploads\/2025\/01\/den-braven_kruipolie-removebg-preview.png\",\"datePublished\":\"2025-01-25T20:50:38+00:00\",\"dateModified\":\"2025-12-10T11:32:14+00:00\",\"breadcrumb\":{\"@id\":\"https:\/\/schroevendump.nl\/de\/produkt\/eindringendes-oel-den-braven-400ml\/#breadcrumb\"},\"inLanguage\":\"de\",\"potentialAction\":[{\"@type\":\"ReadAction\",\"target\":[\"https:\/\/schroevendump.nl\/de\/produkt\/eindringendes-oel-den-braven-400ml\/\"]}]},{\"@type\":\"ImageObject\",\"inLanguage\":\"de\",\"@id\":\"https:\/\/schroevendump.nl\/de\/produkt\/eindringendes-oel-den-braven-400ml\/#primaryimage\",\"url\":\"https:\/\/schroevendump.nl\/wp-content\/uploads\/2025\/01\/den-braven_kruipolie-removebg-preview.png\",\"contentUrl\":\"https:\/\/schroevendump.nl\/wp-content\/uploads\/2025\/01\/den-braven_kruipolie-removebg-preview.png\",\"width\":577,\"height\":433},{\"@type\":\"BreadcrumbList\",\"@id\":\"https:\/\/schroevendump.nl\/de\/produkt\/eindringendes-oel-den-braven-400ml\/#breadcrumb\",\"itemListElement\":[{\"@type\":\"ListItem\",\"position\":1,\"name\":\"Startseite\",\"item\":\"https:\/\/schroevendump.nl\/de\/\"},{\"@type\":\"ListItem\",\"position\":2,\"name\":\"Shop\",\"item\":\"https:\/\/schroevendump.nl\/de\/shop\/\"},{\"@type\":\"ListItem\",\"position\":3,\"name\":\"Eindringendes \u00d6l Den braven 400ml\"}]},{\"@type\":\"WebSite\",\"@id\":\"https:\/\/schroevendump.nl\/de\/#website\",\"url\":\"https:\/\/schroevendump.nl\/de\/\",\"name\":\"Schroevendump\",\"description\":\"\",\"potentialAction\":[{\"@type\":\"SearchAction\",\"target\":{\"@type\":\"EntryPoint\",\"urlTemplate\":\"https:\/\/schroevendump.nl\/de\/?s={search_term_string}\"},\"query-input\":{\"@type\":\"PropertyValueSpecification\",\"valueRequired\":true,\"valueName\":\"search_term_string\"}}],\"inLanguage\":\"de\"}]}<\/script>\n<!-- \/ Yoast SEO plugin. -->","yoast_head_json":{"title":"Eindringendes \u00d6l Den braven 400ml - Schroevendump","robots":{"index":"index","follow":"follow","max-snippet":"max-snippet:-1","max-image-preview":"max-image-preview:large","max-video-preview":"max-video-preview:-1"},"canonical":"https:\/\/schroevendump.nl\/de\/produkt\/eindringendes-oel-den-braven-400ml\/","og_locale":"de_DE","og_type":"article","og_title":"Eindringendes \u00d6l Den braven 400ml - Schroevendump","og_description":"Wichtigste Vorteile L\u00f6st verrostete Schrauben, Muttern und Bolzen schnell Sch\u00fctzt langfristig vor Korrosion Schmiert Gleitfl\u00e4chen und bewegliche Teile Stoppt Quietschen und Schleifen Pflegt und reinigt Bremsstangen, Stahlseile und alle Arten von Ketten Enth\u00e4lt MoS2 f\u00fcr extreme Temperatur- und Druckbelastungen Anwendungen Zwaluw Kriech\u00f6l kann bei der Autopflege, in der Industrie, im Haushalt, auf Schiffen usw. verwendet [&hellip;]","og_url":"https:\/\/schroevendump.nl\/de\/produkt\/eindringendes-oel-den-braven-400ml\/","og_site_name":"Schroevendump","article_modified_time":"2025-12-10T11:32:14+00:00","og_image":[{"width":577,"height":433,"url":"https:\/\/schroevendump.nl\/wp-content\/uploads\/2025\/01\/den-braven_kruipolie-removebg-preview.png","type":"image\/png"}],"twitter_card":"summary_large_image","twitter_misc":{"Gesch\u00e4tzte Lesezeit":"1\u00a0Minute"},"schema":{"@context":"https:\/\/schema.org","@graph":[{"@type":"WebPage","@id":"https:\/\/schroevendump.nl\/de\/produkt\/eindringendes-oel-den-braven-400ml\/","url":"https:\/\/schroevendump.nl\/de\/produkt\/eindringendes-oel-den-braven-400ml\/","name":"Eindringendes \u00d6l Den braven 400ml - Schroevendump","isPartOf":{"@id":"https:\/\/schroevendump.nl\/de\/#website"},"primaryImageOfPage":{"@id":"https:\/\/schroevendump.nl\/de\/produkt\/eindringendes-oel-den-braven-400ml\/#primaryimage"},"image":{"@id":"https:\/\/schroevendump.nl\/de\/produkt\/eindringendes-oel-den-braven-400ml\/#primaryimage"},"thumbnailUrl":"https:\/\/schroevendump.nl\/wp-content\/uploads\/2025\/01\/den-braven_kruipolie-removebg-preview.png","datePublished":"2025-01-25T20:50:38+00:00","dateModified":"2025-12-10T11:32:14+00:00","breadcrumb":{"@id":"https:\/\/schroevendump.nl\/de\/produkt\/eindringendes-oel-den-braven-400ml\/#breadcrumb"},"inLanguage":"de","potentialAction":[{"@type":"ReadAction","target":["https:\/\/schroevendump.nl\/de\/produkt\/eindringendes-oel-den-braven-400ml\/"]}]},{"@type":"ImageObject","inLanguage":"de","@id":"https:\/\/schroevendump.nl\/de\/produkt\/eindringendes-oel-den-braven-400ml\/#primaryimage","url":"https:\/\/schroevendump.nl\/wp-content\/uploads\/2025\/01\/den-braven_kruipolie-removebg-preview.png","contentUrl":"https:\/\/schroevendump.nl\/wp-content\/uploads\/2025\/01\/den-braven_kruipolie-removebg-preview.png","width":577,"height":433},{"@type":"BreadcrumbList","@id":"https:\/\/schroevendump.nl\/de\/produkt\/eindringendes-oel-den-braven-400ml\/#breadcrumb","itemListElement":[{"@type":"ListItem","position":1,"name":"Startseite","item":"https:\/\/schroevendump.nl\/de\/"},{"@type":"ListItem","position":2,"name":"Shop","item":"https:\/\/schroevendump.nl\/de\/shop\/"},{"@type":"ListItem","position":3,"name":"Eindringendes \u00d6l Den braven 400ml"}]},{"@type":"WebSite","@id":"https:\/\/schroevendump.nl\/de\/#website","url":"https:\/\/schroevendump.nl\/de\/","name":"Schroevendump","description":"","potentialAction":[{"@type":"SearchAction","target":{"@type":"EntryPoint","urlTemplate":"https:\/\/schroevendump.nl\/de\/?s={search_term_string}"},"query-input":{"@type":"PropertyValueSpecification","valueRequired":true,"valueName":"search_term_string"}}],"inLanguage":"de"}]}},"_links":{"self":[{"href":"https:\/\/schroevendump.nl\/de\/wp-json\/wp\/v2\/product\/28082","targetHints":{"allow":["GET"]}}],"collection":[{"href":"https:\/\/schroevendump.nl\/de\/wp-json\/wp\/v2\/product"}],"about":[{"href":"https:\/\/schroevendump.nl\/de\/wp-json\/wp\/v2\/types\/product"}],"replies":[{"embeddable":true,"href":"https:\/\/schroevendump.nl\/de\/wp-json\/wp\/v2\/comments?post=28082"}],"wp:featuredmedia":[{"embeddable":true,"href":"https:\/\/schroevendump.nl\/de\/wp-json\/wp\/v2\/media\/28084"}],"wp:attachment":[{"href":"https:\/\/schroevendump.nl\/de\/wp-json\/wp\/v2\/media?parent=28082"}],"wp:term":[{"taxonomy":"product_brand","embeddable":true,"href":"https:\/\/schroevendump.nl\/de\/wp-json\/wp\/v2\/product_brand?post=28082"},{"taxonomy":"product_cat","embeddable":true,"href":"https:\/\/schroevendump.nl\/de\/wp-json\/wp\/v2\/product_cat?post=28082"},{"taxonomy":"product_tag","embeddable":true,"href":"https:\/\/schroevendump.nl\/de\/wp-json\/wp\/v2\/product_tag?post=28082"}],"curies":[{"name":"wp","href":"https:\/\/api.w.org\/{rel}","templated":true}]}}