{"id":28096,"date":"2025-01-25T20:11:18","date_gmt":"2025-01-25T20:11:18","guid":{"rendered":"https:\/\/schroevendump.nl\/product\/abdeckband-50mm-50-meter-professionelle-qualitaet\/"},"modified":"2025-12-10T11:31:41","modified_gmt":"2025-12-10T11:31:41","slug":"abdeckband-50mm-50-meter-professionelle-qualitaet","status":"publish","type":"product","link":"https:\/\/schroevendump.nl\/de\/produkt\/abdeckband-50mm-50-meter-professionelle-qualitaet\/","title":{"rendered":"Abdeckband 50mm 50 Meter professionelle Qualit\u00e4t"},"content":{"rendered":"<ul>\n<li>50 Meter<\/li>\n<li>Klebt gut, auch auf unebenen Oberfl\u00e4chen<\/li>\n<li>Kompatibel mit den meisten g\u00e4ngigen Farben und Lacken<\/li>\n<li>Feuchtigkeits- und wasserfest<\/li>\n<li>Haftung von Gummil\u00f6sungsmitteln<\/li>\n<li>Gute Adh\u00e4sion<\/li>\n<li>Kann bis zu 80 \u00b0C verwendet werden<\/li>\n<li>Begrenzte UV-Best\u00e4ndigkeit<\/li>\n<\/ul>\n<p>Unser hochwertiges Abdeckband macht das Streichen zu einem Kinderspiel! Unser Klebeband wurde speziell entwickelt, um enge Linien zu ziehen und sicherzustellen, dass die Farbe nicht unter dem Klebeband verl\u00e4uft. Ganz gleich, ob Sie ein professioneller Maler sind oder einfach nur Ihrem Zuhause einen neuen Look verpassen m\u00f6chten, unser Abdeckband ist die perfekte Wahl.  <\/p>\n<p>Unser Klebeband ist aus strapazierf\u00e4higem Material hergestellt, das fest auf verschiedenen Oberfl\u00e4chen wie W\u00e4nden, Holz und Glas haftet. Es ist einfach anzubringen und hinterl\u00e4sst beim Entfernen keine klebrigen R\u00fcckst\u00e4nde. So k\u00f6nnen Sie stressfrei streichen.  <\/p>\n<p>Mit unserem Abdeckband k\u00f6nnen Sie saubere Linien schaffen, wenn Sie W\u00e4nde streichen, M\u00f6bel streichen oder dekorative Muster anbringen. Es ist auch ideal zum Abdecken von Kanten und Ecken beim Streichen von R\u00e4umen. Sie k\u00f6nnen sogar kreativ werden und einzigartige Designs mit unserem Klebeband kreieren.  <\/p>\n<p>Worauf warten Sie also noch? Erleichtern Sie sich die Arbeit mit unserem hochwertigen Abdeckband und sorgen Sie f\u00fcr mehr Ordnung. Bestellen Sie noch heute und verleihen Sie Ihren Projekten ein professionelles Aussehen!  <\/p>\n<p>Setzen Sie auf Qualit\u00e4t zum besten Preis bei <a href=\"http:\/\/www.schroevendump.nl\">schroevendump.nl<\/a> und schauen Sie sich unsere <a href=\"https:\/\/www.instagram.com\/schroevendump\/\">Instagram-Seite<\/a> an.<\/p>\n","protected":false},"excerpt":{"rendered":"<p>50 Meter Klebt gut, auch auf unebenen Oberfl\u00e4chen Kompatibel mit den meisten g\u00e4ngigen Farben und Lacken Feuchtigkeits- und wasserfest Haftung von Gummil\u00f6sungsmitteln Gute Adh\u00e4sion Kann bis zu 80 \u00b0C verwendet werden Begrenzte UV-Best\u00e4ndigkeit Unser hochwertiges Abdeckband macht das Streichen zu einem Kinderspiel! Unser Klebeband wurde speziell entwickelt, um enge Linien zu ziehen und sicherzustellen, dass [&hellip;]<\/p>\n","protected":false},"featured_media":28088,"comment_status":"open","ping_status":"closed","template":"","meta":[],"product_brand":[],"product_cat":[608],"product_tag":[],"class_list":{"0":"post-28096","1":"product","2":"type-product","3":"status-publish","4":"has-post-thumbnail","6":"product_cat-reifen-und-wasserhahne","8":"first","9":"instock","10":"taxable","11":"shipping-taxable","12":"purchasable","13":"product-type-simple"},"supplier_id":null,"supplier_sku":"","barcode":null,"atum_controlled":true,"out_stock_date":null,"out_stock_threshold":null,"inheritable":false,"inbound_stock":0,"stock_on_hold":0,"sold_today":0,"sales_last_days":0,"reserved_stock":0,"customer_returns":0,"warehouse_damage":0,"lost_in_post":0,"other_logs":0,"out_stock_days":0,"lost_sales":0,"has_location":false,"update_date":"2026-04-07T00:59:55","atum_locations":[],"atum_stock_status":"instock","restock_status":false,"low_stock_amount":"","sales_update_date":"2026-04-07T00:59:55","calc_backorders":null,"acf":[],"yoast_head":"<!-- This site is optimized with the Yoast SEO plugin v26.6 - https:\/\/yoast.com\/wordpress\/plugins\/seo\/ -->\n<title>Abdeckband 50mm 50 Meter professionelle Qualit\u00e4t - Schroevendump<\/title>\n<meta name=\"robots\" content=\"index, follow, max-snippet:-1, max-image-preview:large, max-video-preview:-1\" \/>\n<link rel=\"canonical\" href=\"https:\/\/schroevendump.nl\/de\/produkt\/abdeckband-50mm-50-meter-professionelle-qualitaet\/\" \/>\n<meta property=\"og:locale\" content=\"de_DE\" \/>\n<meta property=\"og:type\" content=\"article\" \/>\n<meta property=\"og:title\" content=\"Abdeckband 50mm 50 Meter professionelle Qualit\u00e4t - Schroevendump\" \/>\n<meta property=\"og:description\" content=\"50 Meter Klebt gut, auch auf unebenen Oberfl\u00e4chen Kompatibel mit den meisten g\u00e4ngigen Farben und Lacken Feuchtigkeits- und wasserfest Haftung von Gummil\u00f6sungsmitteln Gute Adh\u00e4sion Kann bis zu 80 \u00b0C verwendet werden Begrenzte UV-Best\u00e4ndigkeit Unser hochwertiges Abdeckband macht das Streichen zu einem Kinderspiel! Unser Klebeband wurde speziell entwickelt, um enge Linien zu ziehen und sicherzustellen, dass [&hellip;]\" \/>\n<meta property=\"og:url\" content=\"https:\/\/schroevendump.nl\/de\/produkt\/abdeckband-50mm-50-meter-professionelle-qualitaet\/\" \/>\n<meta property=\"og:site_name\" content=\"Schroevendump\" \/>\n<meta property=\"article:modified_time\" content=\"2025-12-10T11:31:41+00:00\" \/>\n<meta property=\"og:image\" content=\"https:\/\/schroevendump.nl\/wp-content\/uploads\/2025\/01\/schilderstape-50-mm-x-50-meter-afplaktap-removebg-preview.png\" \/>\n\t<meta property=\"og:image:width\" content=\"520\" \/>\n\t<meta property=\"og:image:height\" content=\"479\" \/>\n\t<meta property=\"og:image:type\" content=\"image\/png\" \/>\n<meta name=\"twitter:card\" content=\"summary_large_image\" \/>\n<meta name=\"twitter:label1\" content=\"Gesch\u00e4tzte Lesezeit\" \/>\n\t<meta name=\"twitter:data1\" content=\"1\u00a0Minute\" \/>\n<script type=\"application\/ld+json\" class=\"yoast-schema-graph\">{\"@context\":\"https:\/\/schema.org\",\"@graph\":[{\"@type\":\"WebPage\",\"@id\":\"https:\/\/schroevendump.nl\/de\/produkt\/abdeckband-50mm-50-meter-professionelle-qualitaet\/\",\"url\":\"https:\/\/schroevendump.nl\/de\/produkt\/abdeckband-50mm-50-meter-professionelle-qualitaet\/\",\"name\":\"Abdeckband 50mm 50 Meter professionelle Qualit\u00e4t - Schroevendump\",\"isPartOf\":{\"@id\":\"https:\/\/schroevendump.nl\/de\/#website\"},\"primaryImageOfPage\":{\"@id\":\"https:\/\/schroevendump.nl\/de\/produkt\/abdeckband-50mm-50-meter-professionelle-qualitaet\/#primaryimage\"},\"image\":{\"@id\":\"https:\/\/schroevendump.nl\/de\/produkt\/abdeckband-50mm-50-meter-professionelle-qualitaet\/#primaryimage\"},\"thumbnailUrl\":\"https:\/\/schroevendump.nl\/wp-content\/uploads\/2025\/01\/schilderstape-50-mm-x-50-meter-afplaktap-removebg-preview.png\",\"datePublished\":\"2025-01-25T20:11:18+00:00\",\"dateModified\":\"2025-12-10T11:31:41+00:00\",\"breadcrumb\":{\"@id\":\"https:\/\/schroevendump.nl\/de\/produkt\/abdeckband-50mm-50-meter-professionelle-qualitaet\/#breadcrumb\"},\"inLanguage\":\"de\",\"potentialAction\":[{\"@type\":\"ReadAction\",\"target\":[\"https:\/\/schroevendump.nl\/de\/produkt\/abdeckband-50mm-50-meter-professionelle-qualitaet\/\"]}]},{\"@type\":\"ImageObject\",\"inLanguage\":\"de\",\"@id\":\"https:\/\/schroevendump.nl\/de\/produkt\/abdeckband-50mm-50-meter-professionelle-qualitaet\/#primaryimage\",\"url\":\"https:\/\/schroevendump.nl\/wp-content\/uploads\/2025\/01\/schilderstape-50-mm-x-50-meter-afplaktap-removebg-preview.png\",\"contentUrl\":\"https:\/\/schroevendump.nl\/wp-content\/uploads\/2025\/01\/schilderstape-50-mm-x-50-meter-afplaktap-removebg-preview.png\",\"width\":520,\"height\":479},{\"@type\":\"BreadcrumbList\",\"@id\":\"https:\/\/schroevendump.nl\/de\/produkt\/abdeckband-50mm-50-meter-professionelle-qualitaet\/#breadcrumb\",\"itemListElement\":[{\"@type\":\"ListItem\",\"position\":1,\"name\":\"Startseite\",\"item\":\"https:\/\/schroevendump.nl\/de\/\"},{\"@type\":\"ListItem\",\"position\":2,\"name\":\"Shop\",\"item\":\"https:\/\/schroevendump.nl\/de\/shop\/\"},{\"@type\":\"ListItem\",\"position\":3,\"name\":\"Abdeckband 50mm 50 Meter professionelle Qualit\u00e4t\"}]},{\"@type\":\"WebSite\",\"@id\":\"https:\/\/schroevendump.nl\/de\/#website\",\"url\":\"https:\/\/schroevendump.nl\/de\/\",\"name\":\"Schroevendump\",\"description\":\"\",\"potentialAction\":[{\"@type\":\"SearchAction\",\"target\":{\"@type\":\"EntryPoint\",\"urlTemplate\":\"https:\/\/schroevendump.nl\/de\/?s={search_term_string}\"},\"query-input\":{\"@type\":\"PropertyValueSpecification\",\"valueRequired\":true,\"valueName\":\"search_term_string\"}}],\"inLanguage\":\"de\"}]}<\/script>\n<!-- \/ Yoast SEO plugin. -->","yoast_head_json":{"title":"Abdeckband 50mm 50 Meter professionelle Qualit\u00e4t - Schroevendump","robots":{"index":"index","follow":"follow","max-snippet":"max-snippet:-1","max-image-preview":"max-image-preview:large","max-video-preview":"max-video-preview:-1"},"canonical":"https:\/\/schroevendump.nl\/de\/produkt\/abdeckband-50mm-50-meter-professionelle-qualitaet\/","og_locale":"de_DE","og_type":"article","og_title":"Abdeckband 50mm 50 Meter professionelle Qualit\u00e4t - Schroevendump","og_description":"50 Meter Klebt gut, auch auf unebenen Oberfl\u00e4chen Kompatibel mit den meisten g\u00e4ngigen Farben und Lacken Feuchtigkeits- und wasserfest Haftung von Gummil\u00f6sungsmitteln Gute Adh\u00e4sion Kann bis zu 80 \u00b0C verwendet werden Begrenzte UV-Best\u00e4ndigkeit Unser hochwertiges Abdeckband macht das Streichen zu einem Kinderspiel! Unser Klebeband wurde speziell entwickelt, um enge Linien zu ziehen und sicherzustellen, dass [&hellip;]","og_url":"https:\/\/schroevendump.nl\/de\/produkt\/abdeckband-50mm-50-meter-professionelle-qualitaet\/","og_site_name":"Schroevendump","article_modified_time":"2025-12-10T11:31:41+00:00","og_image":[{"width":520,"height":479,"url":"https:\/\/schroevendump.nl\/wp-content\/uploads\/2025\/01\/schilderstape-50-mm-x-50-meter-afplaktap-removebg-preview.png","type":"image\/png"}],"twitter_card":"summary_large_image","twitter_misc":{"Gesch\u00e4tzte Lesezeit":"1\u00a0Minute"},"schema":{"@context":"https:\/\/schema.org","@graph":[{"@type":"WebPage","@id":"https:\/\/schroevendump.nl\/de\/produkt\/abdeckband-50mm-50-meter-professionelle-qualitaet\/","url":"https:\/\/schroevendump.nl\/de\/produkt\/abdeckband-50mm-50-meter-professionelle-qualitaet\/","name":"Abdeckband 50mm 50 Meter professionelle Qualit\u00e4t - Schroevendump","isPartOf":{"@id":"https:\/\/schroevendump.nl\/de\/#website"},"primaryImageOfPage":{"@id":"https:\/\/schroevendump.nl\/de\/produkt\/abdeckband-50mm-50-meter-professionelle-qualitaet\/#primaryimage"},"image":{"@id":"https:\/\/schroevendump.nl\/de\/produkt\/abdeckband-50mm-50-meter-professionelle-qualitaet\/#primaryimage"},"thumbnailUrl":"https:\/\/schroevendump.nl\/wp-content\/uploads\/2025\/01\/schilderstape-50-mm-x-50-meter-afplaktap-removebg-preview.png","datePublished":"2025-01-25T20:11:18+00:00","dateModified":"2025-12-10T11:31:41+00:00","breadcrumb":{"@id":"https:\/\/schroevendump.nl\/de\/produkt\/abdeckband-50mm-50-meter-professionelle-qualitaet\/#breadcrumb"},"inLanguage":"de","potentialAction":[{"@type":"ReadAction","target":["https:\/\/schroevendump.nl\/de\/produkt\/abdeckband-50mm-50-meter-professionelle-qualitaet\/"]}]},{"@type":"ImageObject","inLanguage":"de","@id":"https:\/\/schroevendump.nl\/de\/produkt\/abdeckband-50mm-50-meter-professionelle-qualitaet\/#primaryimage","url":"https:\/\/schroevendump.nl\/wp-content\/uploads\/2025\/01\/schilderstape-50-mm-x-50-meter-afplaktap-removebg-preview.png","contentUrl":"https:\/\/schroevendump.nl\/wp-content\/uploads\/2025\/01\/schilderstape-50-mm-x-50-meter-afplaktap-removebg-preview.png","width":520,"height":479},{"@type":"BreadcrumbList","@id":"https:\/\/schroevendump.nl\/de\/produkt\/abdeckband-50mm-50-meter-professionelle-qualitaet\/#breadcrumb","itemListElement":[{"@type":"ListItem","position":1,"name":"Startseite","item":"https:\/\/schroevendump.nl\/de\/"},{"@type":"ListItem","position":2,"name":"Shop","item":"https:\/\/schroevendump.nl\/de\/shop\/"},{"@type":"ListItem","position":3,"name":"Abdeckband 50mm 50 Meter professionelle Qualit\u00e4t"}]},{"@type":"WebSite","@id":"https:\/\/schroevendump.nl\/de\/#website","url":"https:\/\/schroevendump.nl\/de\/","name":"Schroevendump","description":"","potentialAction":[{"@type":"SearchAction","target":{"@type":"EntryPoint","urlTemplate":"https:\/\/schroevendump.nl\/de\/?s={search_term_string}"},"query-input":{"@type":"PropertyValueSpecification","valueRequired":true,"valueName":"search_term_string"}}],"inLanguage":"de"}]}},"_links":{"self":[{"href":"https:\/\/schroevendump.nl\/de\/wp-json\/wp\/v2\/product\/28096","targetHints":{"allow":["GET"]}}],"collection":[{"href":"https:\/\/schroevendump.nl\/de\/wp-json\/wp\/v2\/product"}],"about":[{"href":"https:\/\/schroevendump.nl\/de\/wp-json\/wp\/v2\/types\/product"}],"replies":[{"embeddable":true,"href":"https:\/\/schroevendump.nl\/de\/wp-json\/wp\/v2\/comments?post=28096"}],"wp:featuredmedia":[{"embeddable":true,"href":"https:\/\/schroevendump.nl\/de\/wp-json\/wp\/v2\/media\/28088"}],"wp:attachment":[{"href":"https:\/\/schroevendump.nl\/de\/wp-json\/wp\/v2\/media?parent=28096"}],"wp:term":[{"taxonomy":"product_brand","embeddable":true,"href":"https:\/\/schroevendump.nl\/de\/wp-json\/wp\/v2\/product_brand?post=28096"},{"taxonomy":"product_cat","embeddable":true,"href":"https:\/\/schroevendump.nl\/de\/wp-json\/wp\/v2\/product_cat?post=28096"},{"taxonomy":"product_tag","embeddable":true,"href":"https:\/\/schroevendump.nl\/de\/wp-json\/wp\/v2\/product_tag?post=28096"}],"curies":[{"name":"wp","href":"https:\/\/api.w.org\/{rel}","templated":true}]}}