{"id":28116,"date":"2025-01-20T19:21:37","date_gmt":"2025-01-20T19:21:37","guid":{"rendered":"https:\/\/schroevendump.nl\/product\/joint-fix-zement-grau-310ml\/"},"modified":"2025-12-10T11:32:21","modified_gmt":"2025-12-10T11:32:21","slug":"joint-fix-zement-grau-310ml","status":"publish","type":"product","link":"https:\/\/schroevendump.nl\/de\/produkt\/joint-fix-zement-grau-310ml\/","title":{"rendered":"Joint Fix Zement grau 310ml"},"content":{"rendered":"<ul>\n<li>Bemalbar<\/li>\n<li>Wetterfest und regenfest<\/li>\n<li>Sofort einsatzbereit<\/li>\n<li>Leicht anzuwenden\/zu reinigen<\/li>\n<li>Verwendung drinnen und drau\u00dfen*<\/li>\n<\/ul>\n<p>Zwaluw Joint Fix\u00ae wurde speziell f\u00fcr die dauerhafte Verfugung und Reparatur von neuen und besch\u00e4digten Fugen zwischen Steinstreifen und Fassadenmauerwerk entwickelt. Zwaluw Joint Fix\u00ae ist bereits wenige Stunden nach dem Auftragen witterungs- und regenbest\u00e4ndig. Auch f\u00fcr Anschlussfugen zwischen Bleimauerwerk. Nicht f\u00fcr horizontale Au\u00dfenfl\u00e4chen geeignet, die Witterungseinfl\u00fcssen ausgesetzt sind.   <\/p>\n","protected":false},"excerpt":{"rendered":"<p>Bemalbar Wetterfest und regenfest Sofort einsatzbereit Leicht anzuwenden\/zu reinigen Verwendung drinnen und drau\u00dfen* Zwaluw Joint Fix\u00ae wurde speziell f\u00fcr die dauerhafte Verfugung und Reparatur von neuen und besch\u00e4digten Fugen zwischen Steinstreifen und Fassadenmauerwerk entwickelt. Zwaluw Joint Fix\u00ae ist bereits wenige Stunden nach dem Auftragen witterungs- und regenbest\u00e4ndig. Auch f\u00fcr Anschlussfugen zwischen Bleimauerwerk. Nicht f\u00fcr horizontale [&hellip;]<\/p>\n","protected":false},"featured_media":28118,"comment_status":"open","ping_status":"closed","template":"","meta":[],"product_brand":[],"product_cat":[581],"product_tag":[],"class_list":{"0":"post-28116","1":"product","2":"type-product","3":"status-publish","4":"has-post-thumbnail","6":"product_cat-klebstoffe-und-dichtungsmittel","8":"first","9":"outofstock","10":"taxable","11":"shipping-taxable","12":"purchasable","13":"product-type-simple"},"supplier_id":null,"supplier_sku":"","barcode":null,"atum_controlled":true,"out_stock_date":"2026-04-02 08:55:49","out_stock_threshold":null,"inheritable":false,"inbound_stock":0,"stock_on_hold":0,"sold_today":0,"sales_last_days":0,"reserved_stock":0,"customer_returns":0,"warehouse_damage":0,"lost_in_post":0,"other_logs":0,"out_stock_days":32,"lost_sales":0,"has_location":false,"update_date":"2026-05-05T01:08:56","atum_locations":[],"atum_stock_status":"outofstock","restock_status":false,"low_stock_amount":"","sales_update_date":"2026-05-05T01:08:56","calc_backorders":null,"acf":[],"yoast_head":"<!-- This site is optimized with the Yoast SEO plugin v26.6 - https:\/\/yoast.com\/wordpress\/plugins\/seo\/ -->\n<title>Joint Fix Zement grau 310ml - Schroevendump<\/title>\n<meta name=\"robots\" content=\"index, follow, max-snippet:-1, max-image-preview:large, max-video-preview:-1\" \/>\n<link rel=\"canonical\" href=\"https:\/\/schroevendump.nl\/de\/produkt\/joint-fix-zement-grau-310ml\/\" \/>\n<meta property=\"og:locale\" content=\"de_DE\" \/>\n<meta property=\"og:type\" content=\"article\" \/>\n<meta property=\"og:title\" content=\"Joint Fix Zement grau 310ml - Schroevendump\" \/>\n<meta property=\"og:description\" content=\"Bemalbar Wetterfest und regenfest Sofort einsatzbereit Leicht anzuwenden\/zu reinigen Verwendung drinnen und drau\u00dfen* Zwaluw Joint Fix\u00ae wurde speziell f\u00fcr die dauerhafte Verfugung und Reparatur von neuen und besch\u00e4digten Fugen zwischen Steinstreifen und Fassadenmauerwerk entwickelt. Zwaluw Joint Fix\u00ae ist bereits wenige Stunden nach dem Auftragen witterungs- und regenbest\u00e4ndig. Auch f\u00fcr Anschlussfugen zwischen Bleimauerwerk. Nicht f\u00fcr horizontale [&hellip;]\" \/>\n<meta property=\"og:url\" content=\"https:\/\/schroevendump.nl\/de\/produkt\/joint-fix-zement-grau-310ml\/\" \/>\n<meta property=\"og:site_name\" content=\"Schroevendump\" \/>\n<meta property=\"article:modified_time\" content=\"2025-12-10T11:32:21+00:00\" \/>\n<meta property=\"og:image\" content=\"https:\/\/schroevendump.nl\/wp-content\/uploads\/2025\/01\/den-braven-product-joint-fix-640x480-removebg-preview.png\" \/>\n\t<meta property=\"og:image:width\" content=\"577\" \/>\n\t<meta property=\"og:image:height\" content=\"433\" \/>\n\t<meta property=\"og:image:type\" content=\"image\/png\" \/>\n<meta name=\"twitter:card\" content=\"summary_large_image\" \/>\n<script type=\"application\/ld+json\" class=\"yoast-schema-graph\">{\"@context\":\"https:\/\/schema.org\",\"@graph\":[{\"@type\":\"WebPage\",\"@id\":\"https:\/\/schroevendump.nl\/de\/produkt\/joint-fix-zement-grau-310ml\/\",\"url\":\"https:\/\/schroevendump.nl\/de\/produkt\/joint-fix-zement-grau-310ml\/\",\"name\":\"Joint Fix Zement grau 310ml - Schroevendump\",\"isPartOf\":{\"@id\":\"https:\/\/schroevendump.nl\/de\/#website\"},\"primaryImageOfPage\":{\"@id\":\"https:\/\/schroevendump.nl\/de\/produkt\/joint-fix-zement-grau-310ml\/#primaryimage\"},\"image\":{\"@id\":\"https:\/\/schroevendump.nl\/de\/produkt\/joint-fix-zement-grau-310ml\/#primaryimage\"},\"thumbnailUrl\":\"https:\/\/schroevendump.nl\/wp-content\/uploads\/2025\/01\/den-braven-product-joint-fix-640x480-removebg-preview.png\",\"datePublished\":\"2025-01-20T19:21:37+00:00\",\"dateModified\":\"2025-12-10T11:32:21+00:00\",\"breadcrumb\":{\"@id\":\"https:\/\/schroevendump.nl\/de\/produkt\/joint-fix-zement-grau-310ml\/#breadcrumb\"},\"inLanguage\":\"de\",\"potentialAction\":[{\"@type\":\"ReadAction\",\"target\":[\"https:\/\/schroevendump.nl\/de\/produkt\/joint-fix-zement-grau-310ml\/\"]}]},{\"@type\":\"ImageObject\",\"inLanguage\":\"de\",\"@id\":\"https:\/\/schroevendump.nl\/de\/produkt\/joint-fix-zement-grau-310ml\/#primaryimage\",\"url\":\"https:\/\/schroevendump.nl\/wp-content\/uploads\/2025\/01\/den-braven-product-joint-fix-640x480-removebg-preview.png\",\"contentUrl\":\"https:\/\/schroevendump.nl\/wp-content\/uploads\/2025\/01\/den-braven-product-joint-fix-640x480-removebg-preview.png\",\"width\":577,\"height\":433},{\"@type\":\"BreadcrumbList\",\"@id\":\"https:\/\/schroevendump.nl\/de\/produkt\/joint-fix-zement-grau-310ml\/#breadcrumb\",\"itemListElement\":[{\"@type\":\"ListItem\",\"position\":1,\"name\":\"Startseite\",\"item\":\"https:\/\/schroevendump.nl\/de\/\"},{\"@type\":\"ListItem\",\"position\":2,\"name\":\"Shop\",\"item\":\"https:\/\/schroevendump.nl\/de\/shop\/\"},{\"@type\":\"ListItem\",\"position\":3,\"name\":\"Joint Fix Zement grau 310ml\"}]},{\"@type\":\"WebSite\",\"@id\":\"https:\/\/schroevendump.nl\/de\/#website\",\"url\":\"https:\/\/schroevendump.nl\/de\/\",\"name\":\"Schroevendump\",\"description\":\"\",\"potentialAction\":[{\"@type\":\"SearchAction\",\"target\":{\"@type\":\"EntryPoint\",\"urlTemplate\":\"https:\/\/schroevendump.nl\/de\/?s={search_term_string}\"},\"query-input\":{\"@type\":\"PropertyValueSpecification\",\"valueRequired\":true,\"valueName\":\"search_term_string\"}}],\"inLanguage\":\"de\"}]}<\/script>\n<!-- \/ Yoast SEO plugin. -->","yoast_head_json":{"title":"Joint Fix Zement grau 310ml - Schroevendump","robots":{"index":"index","follow":"follow","max-snippet":"max-snippet:-1","max-image-preview":"max-image-preview:large","max-video-preview":"max-video-preview:-1"},"canonical":"https:\/\/schroevendump.nl\/de\/produkt\/joint-fix-zement-grau-310ml\/","og_locale":"de_DE","og_type":"article","og_title":"Joint Fix Zement grau 310ml - Schroevendump","og_description":"Bemalbar Wetterfest und regenfest Sofort einsatzbereit Leicht anzuwenden\/zu reinigen Verwendung drinnen und drau\u00dfen* Zwaluw Joint Fix\u00ae wurde speziell f\u00fcr die dauerhafte Verfugung und Reparatur von neuen und besch\u00e4digten Fugen zwischen Steinstreifen und Fassadenmauerwerk entwickelt. Zwaluw Joint Fix\u00ae ist bereits wenige Stunden nach dem Auftragen witterungs- und regenbest\u00e4ndig. Auch f\u00fcr Anschlussfugen zwischen Bleimauerwerk. Nicht f\u00fcr horizontale [&hellip;]","og_url":"https:\/\/schroevendump.nl\/de\/produkt\/joint-fix-zement-grau-310ml\/","og_site_name":"Schroevendump","article_modified_time":"2025-12-10T11:32:21+00:00","og_image":[{"width":577,"height":433,"url":"https:\/\/schroevendump.nl\/wp-content\/uploads\/2025\/01\/den-braven-product-joint-fix-640x480-removebg-preview.png","type":"image\/png"}],"twitter_card":"summary_large_image","schema":{"@context":"https:\/\/schema.org","@graph":[{"@type":"WebPage","@id":"https:\/\/schroevendump.nl\/de\/produkt\/joint-fix-zement-grau-310ml\/","url":"https:\/\/schroevendump.nl\/de\/produkt\/joint-fix-zement-grau-310ml\/","name":"Joint Fix Zement grau 310ml - Schroevendump","isPartOf":{"@id":"https:\/\/schroevendump.nl\/de\/#website"},"primaryImageOfPage":{"@id":"https:\/\/schroevendump.nl\/de\/produkt\/joint-fix-zement-grau-310ml\/#primaryimage"},"image":{"@id":"https:\/\/schroevendump.nl\/de\/produkt\/joint-fix-zement-grau-310ml\/#primaryimage"},"thumbnailUrl":"https:\/\/schroevendump.nl\/wp-content\/uploads\/2025\/01\/den-braven-product-joint-fix-640x480-removebg-preview.png","datePublished":"2025-01-20T19:21:37+00:00","dateModified":"2025-12-10T11:32:21+00:00","breadcrumb":{"@id":"https:\/\/schroevendump.nl\/de\/produkt\/joint-fix-zement-grau-310ml\/#breadcrumb"},"inLanguage":"de","potentialAction":[{"@type":"ReadAction","target":["https:\/\/schroevendump.nl\/de\/produkt\/joint-fix-zement-grau-310ml\/"]}]},{"@type":"ImageObject","inLanguage":"de","@id":"https:\/\/schroevendump.nl\/de\/produkt\/joint-fix-zement-grau-310ml\/#primaryimage","url":"https:\/\/schroevendump.nl\/wp-content\/uploads\/2025\/01\/den-braven-product-joint-fix-640x480-removebg-preview.png","contentUrl":"https:\/\/schroevendump.nl\/wp-content\/uploads\/2025\/01\/den-braven-product-joint-fix-640x480-removebg-preview.png","width":577,"height":433},{"@type":"BreadcrumbList","@id":"https:\/\/schroevendump.nl\/de\/produkt\/joint-fix-zement-grau-310ml\/#breadcrumb","itemListElement":[{"@type":"ListItem","position":1,"name":"Startseite","item":"https:\/\/schroevendump.nl\/de\/"},{"@type":"ListItem","position":2,"name":"Shop","item":"https:\/\/schroevendump.nl\/de\/shop\/"},{"@type":"ListItem","position":3,"name":"Joint Fix Zement grau 310ml"}]},{"@type":"WebSite","@id":"https:\/\/schroevendump.nl\/de\/#website","url":"https:\/\/schroevendump.nl\/de\/","name":"Schroevendump","description":"","potentialAction":[{"@type":"SearchAction","target":{"@type":"EntryPoint","urlTemplate":"https:\/\/schroevendump.nl\/de\/?s={search_term_string}"},"query-input":{"@type":"PropertyValueSpecification","valueRequired":true,"valueName":"search_term_string"}}],"inLanguage":"de"}]}},"_links":{"self":[{"href":"https:\/\/schroevendump.nl\/de\/wp-json\/wp\/v2\/product\/28116","targetHints":{"allow":["GET"]}}],"collection":[{"href":"https:\/\/schroevendump.nl\/de\/wp-json\/wp\/v2\/product"}],"about":[{"href":"https:\/\/schroevendump.nl\/de\/wp-json\/wp\/v2\/types\/product"}],"replies":[{"embeddable":true,"href":"https:\/\/schroevendump.nl\/de\/wp-json\/wp\/v2\/comments?post=28116"}],"wp:featuredmedia":[{"embeddable":true,"href":"https:\/\/schroevendump.nl\/de\/wp-json\/wp\/v2\/media\/28118"}],"wp:attachment":[{"href":"https:\/\/schroevendump.nl\/de\/wp-json\/wp\/v2\/media?parent=28116"}],"wp:term":[{"taxonomy":"product_brand","embeddable":true,"href":"https:\/\/schroevendump.nl\/de\/wp-json\/wp\/v2\/product_brand?post=28116"},{"taxonomy":"product_cat","embeddable":true,"href":"https:\/\/schroevendump.nl\/de\/wp-json\/wp\/v2\/product_cat?post=28116"},{"taxonomy":"product_tag","embeddable":true,"href":"https:\/\/schroevendump.nl\/de\/wp-json\/wp\/v2\/product_tag?post=28116"}],"curies":[{"name":"wp","href":"https:\/\/api.w.org\/{rel}","templated":true}]}}