{"id":28121,"date":"2024-12-13T19:39:16","date_gmt":"2024-12-13T19:39:16","guid":{"rendered":"https:\/\/schroevendump.nl\/product\/vorteilspackung-grosse-silvermate-schrauben\/"},"modified":"2025-12-10T11:30:52","modified_gmt":"2025-12-10T11:30:52","slug":"vorteilspackung-grosse-silvermate-schrauben","status":"publish","type":"product","link":"https:\/\/schroevendump.nl\/de\/produkt\/vorteilspackung-grosse-silvermate-schrauben\/","title":{"rendered":"Vorteilspackung gro\u00dfe Silvermate-Schrauben"},"content":{"rendered":"<h3 class=\"\" data-start=\"161\" data-end=\"189\">\ud83d\udce6 Verpackungsinhalt<\/h3>\n<ul data-start=\"190\" data-end=\"475\">\n<li class=\"\" data-start=\"190\" data-end=\"229\">\n<p class=\"\" data-start=\"192\" data-end=\"229\"><span class=\"relative -mx-px my-[-0.2rem] rounded px-px py-[0.2rem] transition-colors duration-100 ease-in-out\">4 x 4,0\u00d740 mm &#8211; 200 St\u00fcck<\/span><\/p>\n<\/li>\n<li class=\"\" data-start=\"230\" data-end=\"269\">\n<p class=\"\" data-start=\"232\" data-end=\"269\"><span class=\"relative -mx-px my-[-0.2rem] rounded px-px py-[0.2rem] transition-colors duration-100 ease-in-out\">4 x 4,5\u00d750 mm &#8211; 200 St\u00fcck<\/span><\/p>\n<\/li>\n<li class=\"\" data-start=\"270\" data-end=\"309\">\n<p class=\"\" data-start=\"272\" data-end=\"309\"><span class=\"relative -mx-px my-[-0.2rem] rounded px-px py-[0.2rem] transition-colors duration-100 ease-in-out\">1 x 4,5\u00d760 mm &#8211; 200 St\u00fcck<\/span><\/p>\n<\/li>\n<li class=\"\" data-start=\"310\" data-end=\"349\">\n<p class=\"\" data-start=\"312\" data-end=\"349\"><span class=\"relative -mx-px my-[-0.2rem] rounded px-px py-[0.2rem] transition-colors duration-100 ease-in-out\">1 x 4,5\u00d770 mm &#8211; 200 St\u00fcck<\/span><\/p>\n<\/li>\n<li class=\"\" data-start=\"350\" data-end=\"389\">\n<p class=\"\" data-start=\"352\" data-end=\"389\"><span class=\"relative -mx-px my-[-0.2rem] rounded px-px py-[0.2rem] transition-colors duration-100 ease-in-out\">3 x 5.0\u00d780 mm &#8211; 200 St\u00fcck<\/span><\/p>\n<\/li>\n<li class=\"\" data-start=\"390\" data-end=\"475\">\n<p class=\"\" data-start=\"392\" data-end=\"475\"><span class=\"relative -mx-px my-[-0.2rem] rounded px-px py-[0.2rem] transition-colors duration-100 ease-in-out\">2 x 5.0\u00d7100 mm &#8211; 200 St\u00fcck<\/span><\/p>\n<\/li>\n<\/ul>\n<p class=\"\" data-start=\"40\" data-end=\"159\"><span class=\"relative -mx-px my-[-0.2rem] rounded px-px py-[0.2rem] transition-colors duration-100 ease-in-out\">Das <strong data-start=\"4\" data-end=\"49\">Advantage Pack gro\u00dfe SilverMate-Schrauben<\/strong> von Schroevendump ist ein umfassendes Set mit hochwertigen Spanplattenschrauben, ideal f\u00fcr professionelle Handwerker und Heimwerker.<\/span> <span class=\"relative -mx-px my-[-0.2rem] rounded px-px py-[0.2rem] transition-colors duration-100 ease-in-out\">Dieses Paket enth\u00e4lt insgesamt 3.000 Schrauben in verschiedenen Gr\u00f6\u00dfen, so dass Sie f\u00fcr fast jede Holzkonstruktion die richtige Schraube zur Hand haben<\/span><\/p>\n<p class=\"\" data-start=\"392\" data-end=\"475\"><span class=\"relative -mx-px my-[-0.2rem] rounded px-px py-[0.2rem] transition-colors duration-100 ease-in-out\">Alle Schrauben sind <strong data-start=\"20\" data-end=\"32\">verzinkt<\/strong> und mit einem <strong data-start=\"54\" data-end=\"79\">Torx-Antrieb (TX)<\/strong> und einem <strong data-start=\"87\" data-end=\"106\">doppelten Flachkopf<\/strong> ausgestattet, was eine starke Verbindung und eine geringere Gefahr der Besch\u00e4digung des Materials gew\u00e4hrleistet.<\/span><\/p>\n<h3 class=\"\" data-start=\"564\" data-end=\"621\">\ud83d\udd27 Merkmale der SilverMate Next Generation Schrauben<\/h3>\n<ul data-start=\"622\" data-end=\"1015\">\n<li class=\"\" data-start=\"622\" data-end=\"690\">\n<p class=\"\" data-start=\"624\" data-end=\"690\"><strong data-start=\"624\" data-end=\"649\">Geringer Einschraubwiderstand<\/strong>: <span class=\"relative -mx-px my-[-0.2rem] rounded px-px py-[0.2rem] transition-colors duration-100 ease-in-out\">bis zu 25-30% weniger Kraftaufwand beim Eindrehen, insbesondere bei l\u00e4ngeren Schrauben.<\/span><\/p>\n<\/li>\n<li class=\"\" data-start=\"691\" data-end=\"758\">\n<p class=\"\" data-start=\"693\" data-end=\"758\"><strong data-start=\"693\" data-end=\"717\">Verst\u00e4rkte Durchmesser<\/strong>: <span class=\"relative -mx-px my-[-0.2rem] rounded px-px py-[0.2rem] transition-colors duration-100 ease-in-out\">Die Gr\u00f6\u00dfen 4,0, 4,5 und 5,0 mm sind extra stark und brechen weniger leicht ab.<\/span><\/p>\n<\/li>\n<li class=\"\" data-start=\"759\" data-end=\"831\">\n<p class=\"\" data-start=\"761\" data-end=\"831\"><strong data-start=\"761\" data-end=\"790\">Optimale Steigung pro L\u00e4nge<\/strong>: <span class=\"relative -mx-px my-[-0.2rem] rounded px-px py-[0.2rem] transition-colors duration-100 ease-in-out\">kurze Schrauben haben eine feinere Steigung f\u00fcr hohe Auszugswerte; l\u00e4ngere Schrauben drehen sich dank einer gr\u00f6\u00dferen Steigung schneller ein.<\/span><\/p>\n<\/li>\n<li class=\"\" data-start=\"832\" data-end=\"896\">\n<p class=\"\" data-start=\"834\" data-end=\"896\"><strong data-start=\"834\" data-end=\"855\">Geringes Spaltrisiko<\/strong>: <span class=\"relative -mx-px my-[-0.2rem] rounded px-px py-[0.2rem] transition-colors duration-100 ease-in-out\">Dank der speziellen Fr\u00e4srippen an der Spitze ist das Risiko, das Holz zu spalten, minimal.<\/span><\/p>\n<\/li>\n<li class=\"\" data-start=\"897\" data-end=\"1015\">\n<p class=\"\" data-start=\"899\" data-end=\"1015\"><strong data-start=\"899\" data-end=\"928\">CE- und ETA-zertifiziert<\/strong>: <span class=\"relative -mx-px my-[-0.2rem] rounded px-px py-[0.2rem] transition-colors duration-100 ease-in-out\">Erf\u00fcllt die europ\u00e4ischen Normen f\u00fcr Sicherheit und Qualit\u00e4t.<\/span><\/p>\n<\/li>\n<\/ul>\n<h3 class=\"\" data-start=\"1017\" data-end=\"1037\">\ud83d\udee0\ufe0f Anwendungen<\/h3>\n<p class=\"\" data-start=\"1038\" data-end=\"1163\"><span class=\"relative -mx-px my-[-0.2rem] rounded px-px py-[0.2rem] transition-colors duration-100 ease-in-out\">Diese Schrauben sind ideal f\u00fcr die Verwendung in verschiedenen Holzarten wie Fichte, Kiefer, Sperrholz und Unterlagsplatten geeignet.<\/span> <span class=\"relative -mx-px my-[-0.2rem] rounded px-px py-[0.2rem] transition-colors duration-100 ease-in-out\">Ideal f\u00fcr die Herstellung von Vorw\u00e4nden, Decken, Verkleidungen, Tischlerarbeiten und anderen Holzkonstruktionen im Innenbereich.<\/span><\/p>\n","protected":false},"excerpt":{"rendered":"<p>\ud83d\udce6 Verpackungsinhalt 4 x 4,0\u00d740 mm &#8211; 200 St\u00fcck 4 x 4,5\u00d750 mm &#8211; 200 St\u00fcck 1 x 4,5\u00d760 mm &#8211; 200 St\u00fcck 1 x 4,5\u00d770 mm &#8211; 200 St\u00fcck 3 x 5.0\u00d780 mm &#8211; 200 St\u00fcck 2 x 5.0\u00d7100 mm &#8211; 200 St\u00fcck Das Advantage Pack gro\u00dfe SilverMate-Schrauben von Schroevendump ist ein umfassendes Set [&hellip;]<\/p>\n","protected":false},"featured_media":26585,"comment_status":"closed","ping_status":"closed","template":"","meta":[],"product_brand":[],"product_cat":[627],"product_tag":[],"class_list":{"0":"post-28121","1":"product","2":"type-product","3":"status-publish","4":"has-post-thumbnail","6":"product_cat-vorteilspakete","7":"pa_draad-teilgewinde","9":"first","10":"instock","11":"sale","12":"taxable","13":"shipping-taxable","14":"purchasable","15":"product-type-simple"},"supplier_id":null,"supplier_sku":"","barcode":null,"atum_controlled":true,"out_stock_date":null,"out_stock_threshold":null,"inheritable":false,"inbound_stock":0,"stock_on_hold":2,"sold_today":1,"sales_last_days":4,"reserved_stock":0,"customer_returns":0,"warehouse_damage":0,"lost_in_post":0,"other_logs":0,"out_stock_days":0,"lost_sales":0,"has_location":false,"update_date":"2026-04-18T17:32:34","atum_locations":[],"atum_stock_status":"instock","restock_status":false,"low_stock_amount":"","sales_update_date":"2026-04-18T17:32:34","calc_backorders":null,"acf":[],"yoast_head":"<!-- This site is optimized with the Yoast SEO plugin v26.6 - https:\/\/yoast.com\/wordpress\/plugins\/seo\/ -->\n<title>Vorteilspackung gro\u00dfe Silvermate-Schrauben - Schroevendump<\/title>\n<meta name=\"robots\" content=\"index, follow, max-snippet:-1, max-image-preview:large, max-video-preview:-1\" \/>\n<link rel=\"canonical\" href=\"https:\/\/schroevendump.nl\/de\/produkt\/vorteilspackung-grosse-silvermate-schrauben\/\" \/>\n<meta property=\"og:locale\" content=\"de_DE\" \/>\n<meta property=\"og:type\" content=\"article\" \/>\n<meta property=\"og:title\" content=\"Vorteilspackung gro\u00dfe Silvermate-Schrauben - Schroevendump\" \/>\n<meta property=\"og:description\" content=\"\ud83d\udce6 Verpackungsinhalt 4 x 4,0\u00d740 mm &#8211; 200 St\u00fcck 4 x 4,5\u00d750 mm &#8211; 200 St\u00fcck 1 x 4,5\u00d760 mm &#8211; 200 St\u00fcck 1 x 4,5\u00d770 mm &#8211; 200 St\u00fcck 3 x 5.0\u00d780 mm &#8211; 200 St\u00fcck 2 x 5.0\u00d7100 mm &#8211; 200 St\u00fcck Das Advantage Pack gro\u00dfe SilverMate-Schrauben von Schroevendump ist ein umfassendes Set [&hellip;]\" \/>\n<meta property=\"og:url\" content=\"https:\/\/schroevendump.nl\/de\/produkt\/vorteilspackung-grosse-silvermate-schrauben\/\" \/>\n<meta property=\"og:site_name\" content=\"Schroevendump\" \/>\n<meta property=\"article:modified_time\" content=\"2025-12-10T11:30:52+00:00\" \/>\n<meta property=\"og:image\" content=\"https:\/\/schroevendump.nl\/wp-content\/uploads\/2024\/08\/schroevenpakket-silvermate.png\" \/>\n\t<meta property=\"og:image:width\" content=\"699\" \/>\n\t<meta property=\"og:image:height\" content=\"600\" \/>\n\t<meta property=\"og:image:type\" content=\"image\/png\" \/>\n<meta name=\"twitter:card\" content=\"summary_large_image\" \/>\n<meta name=\"twitter:label1\" content=\"Gesch\u00e4tzte Lesezeit\" \/>\n\t<meta name=\"twitter:data1\" content=\"1\u00a0Minute\" \/>\n<script type=\"application\/ld+json\" class=\"yoast-schema-graph\">{\"@context\":\"https:\/\/schema.org\",\"@graph\":[{\"@type\":\"WebPage\",\"@id\":\"https:\/\/schroevendump.nl\/de\/produkt\/vorteilspackung-grosse-silvermate-schrauben\/\",\"url\":\"https:\/\/schroevendump.nl\/de\/produkt\/vorteilspackung-grosse-silvermate-schrauben\/\",\"name\":\"Vorteilspackung gro\u00dfe Silvermate-Schrauben - Schroevendump\",\"isPartOf\":{\"@id\":\"https:\/\/schroevendump.nl\/de\/#website\"},\"primaryImageOfPage\":{\"@id\":\"https:\/\/schroevendump.nl\/de\/produkt\/vorteilspackung-grosse-silvermate-schrauben\/#primaryimage\"},\"image\":{\"@id\":\"https:\/\/schroevendump.nl\/de\/produkt\/vorteilspackung-grosse-silvermate-schrauben\/#primaryimage\"},\"thumbnailUrl\":\"https:\/\/schroevendump.nl\/wp-content\/uploads\/2024\/08\/schroevenpakket-silvermate.png\",\"datePublished\":\"2024-12-13T19:39:16+00:00\",\"dateModified\":\"2025-12-10T11:30:52+00:00\",\"breadcrumb\":{\"@id\":\"https:\/\/schroevendump.nl\/de\/produkt\/vorteilspackung-grosse-silvermate-schrauben\/#breadcrumb\"},\"inLanguage\":\"de\",\"potentialAction\":[{\"@type\":\"ReadAction\",\"target\":[\"https:\/\/schroevendump.nl\/de\/produkt\/vorteilspackung-grosse-silvermate-schrauben\/\"]}]},{\"@type\":\"ImageObject\",\"inLanguage\":\"de\",\"@id\":\"https:\/\/schroevendump.nl\/de\/produkt\/vorteilspackung-grosse-silvermate-schrauben\/#primaryimage\",\"url\":\"https:\/\/schroevendump.nl\/wp-content\/uploads\/2024\/08\/schroevenpakket-silvermate.png\",\"contentUrl\":\"https:\/\/schroevendump.nl\/wp-content\/uploads\/2024\/08\/schroevenpakket-silvermate.png\",\"width\":699,\"height\":600},{\"@type\":\"BreadcrumbList\",\"@id\":\"https:\/\/schroevendump.nl\/de\/produkt\/vorteilspackung-grosse-silvermate-schrauben\/#breadcrumb\",\"itemListElement\":[{\"@type\":\"ListItem\",\"position\":1,\"name\":\"Startseite\",\"item\":\"https:\/\/schroevendump.nl\/de\/\"},{\"@type\":\"ListItem\",\"position\":2,\"name\":\"Shop\",\"item\":\"https:\/\/schroevendump.nl\/de\/shop\/\"},{\"@type\":\"ListItem\",\"position\":3,\"name\":\"Vorteilspackung gro\u00dfe Silvermate-Schrauben\"}]},{\"@type\":\"WebSite\",\"@id\":\"https:\/\/schroevendump.nl\/de\/#website\",\"url\":\"https:\/\/schroevendump.nl\/de\/\",\"name\":\"Schroevendump\",\"description\":\"\",\"potentialAction\":[{\"@type\":\"SearchAction\",\"target\":{\"@type\":\"EntryPoint\",\"urlTemplate\":\"https:\/\/schroevendump.nl\/de\/?s={search_term_string}\"},\"query-input\":{\"@type\":\"PropertyValueSpecification\",\"valueRequired\":true,\"valueName\":\"search_term_string\"}}],\"inLanguage\":\"de\"}]}<\/script>\n<!-- \/ Yoast SEO plugin. -->","yoast_head_json":{"title":"Vorteilspackung gro\u00dfe Silvermate-Schrauben - Schroevendump","robots":{"index":"index","follow":"follow","max-snippet":"max-snippet:-1","max-image-preview":"max-image-preview:large","max-video-preview":"max-video-preview:-1"},"canonical":"https:\/\/schroevendump.nl\/de\/produkt\/vorteilspackung-grosse-silvermate-schrauben\/","og_locale":"de_DE","og_type":"article","og_title":"Vorteilspackung gro\u00dfe Silvermate-Schrauben - Schroevendump","og_description":"\ud83d\udce6 Verpackungsinhalt 4 x 4,0\u00d740 mm &#8211; 200 St\u00fcck 4 x 4,5\u00d750 mm &#8211; 200 St\u00fcck 1 x 4,5\u00d760 mm &#8211; 200 St\u00fcck 1 x 4,5\u00d770 mm &#8211; 200 St\u00fcck 3 x 5.0\u00d780 mm &#8211; 200 St\u00fcck 2 x 5.0\u00d7100 mm &#8211; 200 St\u00fcck Das Advantage Pack gro\u00dfe SilverMate-Schrauben von Schroevendump ist ein umfassendes Set [&hellip;]","og_url":"https:\/\/schroevendump.nl\/de\/produkt\/vorteilspackung-grosse-silvermate-schrauben\/","og_site_name":"Schroevendump","article_modified_time":"2025-12-10T11:30:52+00:00","og_image":[{"width":699,"height":600,"url":"https:\/\/schroevendump.nl\/wp-content\/uploads\/2024\/08\/schroevenpakket-silvermate.png","type":"image\/png"}],"twitter_card":"summary_large_image","twitter_misc":{"Gesch\u00e4tzte Lesezeit":"1\u00a0Minute"},"schema":{"@context":"https:\/\/schema.org","@graph":[{"@type":"WebPage","@id":"https:\/\/schroevendump.nl\/de\/produkt\/vorteilspackung-grosse-silvermate-schrauben\/","url":"https:\/\/schroevendump.nl\/de\/produkt\/vorteilspackung-grosse-silvermate-schrauben\/","name":"Vorteilspackung gro\u00dfe Silvermate-Schrauben - Schroevendump","isPartOf":{"@id":"https:\/\/schroevendump.nl\/de\/#website"},"primaryImageOfPage":{"@id":"https:\/\/schroevendump.nl\/de\/produkt\/vorteilspackung-grosse-silvermate-schrauben\/#primaryimage"},"image":{"@id":"https:\/\/schroevendump.nl\/de\/produkt\/vorteilspackung-grosse-silvermate-schrauben\/#primaryimage"},"thumbnailUrl":"https:\/\/schroevendump.nl\/wp-content\/uploads\/2024\/08\/schroevenpakket-silvermate.png","datePublished":"2024-12-13T19:39:16+00:00","dateModified":"2025-12-10T11:30:52+00:00","breadcrumb":{"@id":"https:\/\/schroevendump.nl\/de\/produkt\/vorteilspackung-grosse-silvermate-schrauben\/#breadcrumb"},"inLanguage":"de","potentialAction":[{"@type":"ReadAction","target":["https:\/\/schroevendump.nl\/de\/produkt\/vorteilspackung-grosse-silvermate-schrauben\/"]}]},{"@type":"ImageObject","inLanguage":"de","@id":"https:\/\/schroevendump.nl\/de\/produkt\/vorteilspackung-grosse-silvermate-schrauben\/#primaryimage","url":"https:\/\/schroevendump.nl\/wp-content\/uploads\/2024\/08\/schroevenpakket-silvermate.png","contentUrl":"https:\/\/schroevendump.nl\/wp-content\/uploads\/2024\/08\/schroevenpakket-silvermate.png","width":699,"height":600},{"@type":"BreadcrumbList","@id":"https:\/\/schroevendump.nl\/de\/produkt\/vorteilspackung-grosse-silvermate-schrauben\/#breadcrumb","itemListElement":[{"@type":"ListItem","position":1,"name":"Startseite","item":"https:\/\/schroevendump.nl\/de\/"},{"@type":"ListItem","position":2,"name":"Shop","item":"https:\/\/schroevendump.nl\/de\/shop\/"},{"@type":"ListItem","position":3,"name":"Vorteilspackung gro\u00dfe Silvermate-Schrauben"}]},{"@type":"WebSite","@id":"https:\/\/schroevendump.nl\/de\/#website","url":"https:\/\/schroevendump.nl\/de\/","name":"Schroevendump","description":"","potentialAction":[{"@type":"SearchAction","target":{"@type":"EntryPoint","urlTemplate":"https:\/\/schroevendump.nl\/de\/?s={search_term_string}"},"query-input":{"@type":"PropertyValueSpecification","valueRequired":true,"valueName":"search_term_string"}}],"inLanguage":"de"}]}},"_links":{"self":[{"href":"https:\/\/schroevendump.nl\/de\/wp-json\/wp\/v2\/product\/28121","targetHints":{"allow":["GET"]}}],"collection":[{"href":"https:\/\/schroevendump.nl\/de\/wp-json\/wp\/v2\/product"}],"about":[{"href":"https:\/\/schroevendump.nl\/de\/wp-json\/wp\/v2\/types\/product"}],"replies":[{"embeddable":true,"href":"https:\/\/schroevendump.nl\/de\/wp-json\/wp\/v2\/comments?post=28121"}],"wp:featuredmedia":[{"embeddable":true,"href":"https:\/\/schroevendump.nl\/de\/wp-json\/wp\/v2\/media\/26585"}],"wp:attachment":[{"href":"https:\/\/schroevendump.nl\/de\/wp-json\/wp\/v2\/media?parent=28121"}],"wp:term":[{"taxonomy":"product_brand","embeddable":true,"href":"https:\/\/schroevendump.nl\/de\/wp-json\/wp\/v2\/product_brand?post=28121"},{"taxonomy":"product_cat","embeddable":true,"href":"https:\/\/schroevendump.nl\/de\/wp-json\/wp\/v2\/product_cat?post=28121"},{"taxonomy":"product_tag","embeddable":true,"href":"https:\/\/schroevendump.nl\/de\/wp-json\/wp\/v2\/product_tag?post=28121"}],"curies":[{"name":"wp","href":"https:\/\/api.w.org\/{rel}","templated":true}]}}