{"id":28137,"date":"2024-12-03T20:43:43","date_gmt":"2024-12-03T20:43:43","guid":{"rendered":"https:\/\/schroevendump.nl\/product\/allround-arbeitshandschuhe-pro-groesse-10\/"},"modified":"2025-12-10T11:30:56","modified_gmt":"2025-12-10T11:30:56","slug":"allround-arbeitshandschuhe-pro-groesse-10","status":"publish","type":"product","link":"https:\/\/schroevendump.nl\/de\/produkt\/allround-arbeitshandschuhe-pro-groesse-10\/","title":{"rendered":"Allround-Arbeitshandschuhe PRO Gr\u00f6\u00dfe 10"},"content":{"rendered":"<h1>Montagehandschuh Maxi-tech 5072MF<\/h1>\n<p>&nbsp;<\/p>\n<p>Die superpraktischen und d\u00fcnnen Arbeitshandschuhe der Eigenmarke. Ideal f\u00fcr Montagearbeiten! Ein perfekter Arbeitshandschuh f\u00fcr Arbeiten, bei denen Fingerspitzengef\u00fchl wichtig ist.  <\/p>\n<p>Gute Arbeitshandschuhe sind in der Werkstatt unverzichtbar. Arbeitshandschuhe bieten nicht nur zus\u00e4tzlichen Schutz, sie sorgen auch daf\u00fcr, dass Ihre H\u00e4nde und Produkte sauber bleiben. Au\u00dferdem geben Ihnen Sicherheitshandschuhe oft ein wenig mehr Halt in der Situation.  <\/p>\n<p>&nbsp;<\/p>\n<p>&nbsp;<\/p>\n<h2>Wof\u00fcr verwenden Sie den Montagehandschuh Maxi-tech 5072MF?<\/h2>\n<p>&nbsp;<\/p>\n<p>Die 5072MF Montagehandschuhe sind grundsolide, markeneigene Montagehandschuhe. Mit ihnen kaufen Sie einen hochwertigen Montagehandschuh mit guter Fingerfertigkeit, viel Grip und einer hervorragenden Passform. <\/p>\n<p>Mit den 5072MF Montagehandschuhen k\u00f6nnen Sie in verschiedenen Berufen gut arbeiten. Diese Montagehandschuhe eignen sich u.a. f\u00fcr: Obstbau, Mechanik, Ausbau, Schreiner, Automobilbau usw. Der maxi-tech Montagehandschuh ist ein silikonfreier Arbeitshandschuh.  <\/p>\n<p>&nbsp;<\/p>\n<h3>Vorteile des Montagehandschuhs Maxi-tech 5072MF:<\/h3>\n<p>&nbsp;<\/p>\n<p>Der 5072MF ist ein handlicher Montagehandschuh, der leicht ist. Der 5072MF zeichnet sich au\u00dferdem durch hohe Strapazierf\u00e4higkeit und Komfort aus. Die Maxi-Tech-Montagehandschuhe sind in Packungen mit 12 Paaren erh\u00e4ltlich.  <\/p>\n<p>Sie sind sich nicht sicher, welche Handschuhe f\u00fcr Ihre Arbeit am besten geeignet sind? Rufen Sie uns an und lassen Sie sich individuell beraten! <\/p>\n","protected":false},"excerpt":{"rendered":"<p>Montagehandschuh Maxi-tech 5072MF &nbsp; Die superpraktischen und d\u00fcnnen Arbeitshandschuhe der Eigenmarke. Ideal f\u00fcr Montagearbeiten! Ein perfekter Arbeitshandschuh f\u00fcr Arbeiten, bei denen Fingerspitzengef\u00fchl wichtig ist. Gute Arbeitshandschuhe sind in der Werkstatt unverzichtbar. Arbeitshandschuhe bieten nicht nur zus\u00e4tzlichen Schutz, sie sorgen auch daf\u00fcr, dass Ihre H\u00e4nde und Produkte sauber bleiben. Au\u00dferdem geben Ihnen Sicherheitshandschuhe oft ein wenig [&hellip;]<\/p>\n","protected":false},"featured_media":14341,"comment_status":"open","ping_status":"closed","template":"","meta":[],"product_brand":[],"product_cat":[739],"product_tag":[],"class_list":{"0":"post-28137","1":"product","2":"type-product","3":"status-publish","4":"has-post-thumbnail","6":"product_cat-abfallwirtschaft","8":"first","9":"instock","10":"taxable","11":"shipping-taxable","12":"purchasable","13":"product-type-simple"},"supplier_id":null,"supplier_sku":"","barcode":null,"atum_controlled":true,"out_stock_date":null,"out_stock_threshold":null,"inheritable":false,"inbound_stock":0,"stock_on_hold":0,"sold_today":0,"sales_last_days":0,"reserved_stock":0,"customer_returns":0,"warehouse_damage":0,"lost_in_post":0,"other_logs":0,"out_stock_days":0,"lost_sales":0,"has_location":false,"update_date":"2026-04-20T01:03:52","atum_locations":[],"atum_stock_status":"instock","restock_status":false,"low_stock_amount":"","sales_update_date":"2026-04-20T01:03:51","calc_backorders":null,"acf":[],"yoast_head":"<!-- This site is optimized with the Yoast SEO plugin v26.6 - https:\/\/yoast.com\/wordpress\/plugins\/seo\/ -->\n<title>Allround-Arbeitshandschuhe PRO Gr\u00f6\u00dfe 10 - Schroevendump<\/title>\n<meta name=\"robots\" content=\"index, follow, max-snippet:-1, max-image-preview:large, max-video-preview:-1\" \/>\n<link rel=\"canonical\" href=\"https:\/\/schroevendump.nl\/de\/produkt\/allround-arbeitshandschuhe-pro-groesse-10\/\" \/>\n<meta property=\"og:locale\" content=\"de_DE\" \/>\n<meta property=\"og:type\" content=\"article\" \/>\n<meta property=\"og:title\" content=\"Allround-Arbeitshandschuhe PRO Gr\u00f6\u00dfe 10 - Schroevendump\" \/>\n<meta property=\"og:description\" content=\"Montagehandschuh Maxi-tech 5072MF &nbsp; Die superpraktischen und d\u00fcnnen Arbeitshandschuhe der Eigenmarke. Ideal f\u00fcr Montagearbeiten! Ein perfekter Arbeitshandschuh f\u00fcr Arbeiten, bei denen Fingerspitzengef\u00fchl wichtig ist. Gute Arbeitshandschuhe sind in der Werkstatt unverzichtbar. Arbeitshandschuhe bieten nicht nur zus\u00e4tzlichen Schutz, sie sorgen auch daf\u00fcr, dass Ihre H\u00e4nde und Produkte sauber bleiben. Au\u00dferdem geben Ihnen Sicherheitshandschuhe oft ein wenig [&hellip;]\" \/>\n<meta property=\"og:url\" content=\"https:\/\/schroevendump.nl\/de\/produkt\/allround-arbeitshandschuhe-pro-groesse-10\/\" \/>\n<meta property=\"og:site_name\" content=\"Schroevendump\" \/>\n<meta property=\"article:modified_time\" content=\"2025-12-10T11:30:56+00:00\" \/>\n<meta property=\"og:image\" content=\"https:\/\/schroevendump.nl\/wp-content\/uploads\/2024\/12\/5072mf-paarwebsite_1_1.png\" \/>\n\t<meta property=\"og:image:width\" content=\"607\" \/>\n\t<meta property=\"og:image:height\" content=\"591\" \/>\n\t<meta property=\"og:image:type\" content=\"image\/png\" \/>\n<meta name=\"twitter:card\" content=\"summary_large_image\" \/>\n<meta name=\"twitter:label1\" content=\"Gesch\u00e4tzte Lesezeit\" \/>\n\t<meta name=\"twitter:data1\" content=\"1\u00a0Minute\" \/>\n<script type=\"application\/ld+json\" class=\"yoast-schema-graph\">{\"@context\":\"https:\/\/schema.org\",\"@graph\":[{\"@type\":\"WebPage\",\"@id\":\"https:\/\/schroevendump.nl\/de\/produkt\/allround-arbeitshandschuhe-pro-groesse-10\/\",\"url\":\"https:\/\/schroevendump.nl\/de\/produkt\/allround-arbeitshandschuhe-pro-groesse-10\/\",\"name\":\"Allround-Arbeitshandschuhe PRO Gr\u00f6\u00dfe 10 - Schroevendump\",\"isPartOf\":{\"@id\":\"https:\/\/schroevendump.nl\/de\/#website\"},\"primaryImageOfPage\":{\"@id\":\"https:\/\/schroevendump.nl\/de\/produkt\/allround-arbeitshandschuhe-pro-groesse-10\/#primaryimage\"},\"image\":{\"@id\":\"https:\/\/schroevendump.nl\/de\/produkt\/allround-arbeitshandschuhe-pro-groesse-10\/#primaryimage\"},\"thumbnailUrl\":\"https:\/\/schroevendump.nl\/wp-content\/uploads\/2024\/12\/5072mf-paarwebsite_1_1.png\",\"datePublished\":\"2024-12-03T20:43:43+00:00\",\"dateModified\":\"2025-12-10T11:30:56+00:00\",\"breadcrumb\":{\"@id\":\"https:\/\/schroevendump.nl\/de\/produkt\/allround-arbeitshandschuhe-pro-groesse-10\/#breadcrumb\"},\"inLanguage\":\"de\",\"potentialAction\":[{\"@type\":\"ReadAction\",\"target\":[\"https:\/\/schroevendump.nl\/de\/produkt\/allround-arbeitshandschuhe-pro-groesse-10\/\"]}]},{\"@type\":\"ImageObject\",\"inLanguage\":\"de\",\"@id\":\"https:\/\/schroevendump.nl\/de\/produkt\/allround-arbeitshandschuhe-pro-groesse-10\/#primaryimage\",\"url\":\"https:\/\/schroevendump.nl\/wp-content\/uploads\/2024\/12\/5072mf-paarwebsite_1_1.png\",\"contentUrl\":\"https:\/\/schroevendump.nl\/wp-content\/uploads\/2024\/12\/5072mf-paarwebsite_1_1.png\",\"width\":607,\"height\":591},{\"@type\":\"BreadcrumbList\",\"@id\":\"https:\/\/schroevendump.nl\/de\/produkt\/allround-arbeitshandschuhe-pro-groesse-10\/#breadcrumb\",\"itemListElement\":[{\"@type\":\"ListItem\",\"position\":1,\"name\":\"Startseite\",\"item\":\"https:\/\/schroevendump.nl\/de\/\"},{\"@type\":\"ListItem\",\"position\":2,\"name\":\"Shop\",\"item\":\"https:\/\/schroevendump.nl\/de\/shop\/\"},{\"@type\":\"ListItem\",\"position\":3,\"name\":\"Allround-Arbeitshandschuhe PRO Gr\u00f6\u00dfe 10\"}]},{\"@type\":\"WebSite\",\"@id\":\"https:\/\/schroevendump.nl\/de\/#website\",\"url\":\"https:\/\/schroevendump.nl\/de\/\",\"name\":\"Schroevendump\",\"description\":\"\",\"potentialAction\":[{\"@type\":\"SearchAction\",\"target\":{\"@type\":\"EntryPoint\",\"urlTemplate\":\"https:\/\/schroevendump.nl\/de\/?s={search_term_string}\"},\"query-input\":{\"@type\":\"PropertyValueSpecification\",\"valueRequired\":true,\"valueName\":\"search_term_string\"}}],\"inLanguage\":\"de\"}]}<\/script>\n<!-- \/ Yoast SEO plugin. -->","yoast_head_json":{"title":"Allround-Arbeitshandschuhe PRO Gr\u00f6\u00dfe 10 - Schroevendump","robots":{"index":"index","follow":"follow","max-snippet":"max-snippet:-1","max-image-preview":"max-image-preview:large","max-video-preview":"max-video-preview:-1"},"canonical":"https:\/\/schroevendump.nl\/de\/produkt\/allround-arbeitshandschuhe-pro-groesse-10\/","og_locale":"de_DE","og_type":"article","og_title":"Allround-Arbeitshandschuhe PRO Gr\u00f6\u00dfe 10 - Schroevendump","og_description":"Montagehandschuh Maxi-tech 5072MF &nbsp; Die superpraktischen und d\u00fcnnen Arbeitshandschuhe der Eigenmarke. Ideal f\u00fcr Montagearbeiten! Ein perfekter Arbeitshandschuh f\u00fcr Arbeiten, bei denen Fingerspitzengef\u00fchl wichtig ist. Gute Arbeitshandschuhe sind in der Werkstatt unverzichtbar. Arbeitshandschuhe bieten nicht nur zus\u00e4tzlichen Schutz, sie sorgen auch daf\u00fcr, dass Ihre H\u00e4nde und Produkte sauber bleiben. Au\u00dferdem geben Ihnen Sicherheitshandschuhe oft ein wenig [&hellip;]","og_url":"https:\/\/schroevendump.nl\/de\/produkt\/allround-arbeitshandschuhe-pro-groesse-10\/","og_site_name":"Schroevendump","article_modified_time":"2025-12-10T11:30:56+00:00","og_image":[{"width":607,"height":591,"url":"https:\/\/schroevendump.nl\/wp-content\/uploads\/2024\/12\/5072mf-paarwebsite_1_1.png","type":"image\/png"}],"twitter_card":"summary_large_image","twitter_misc":{"Gesch\u00e4tzte Lesezeit":"1\u00a0Minute"},"schema":{"@context":"https:\/\/schema.org","@graph":[{"@type":"WebPage","@id":"https:\/\/schroevendump.nl\/de\/produkt\/allround-arbeitshandschuhe-pro-groesse-10\/","url":"https:\/\/schroevendump.nl\/de\/produkt\/allround-arbeitshandschuhe-pro-groesse-10\/","name":"Allround-Arbeitshandschuhe PRO Gr\u00f6\u00dfe 10 - Schroevendump","isPartOf":{"@id":"https:\/\/schroevendump.nl\/de\/#website"},"primaryImageOfPage":{"@id":"https:\/\/schroevendump.nl\/de\/produkt\/allround-arbeitshandschuhe-pro-groesse-10\/#primaryimage"},"image":{"@id":"https:\/\/schroevendump.nl\/de\/produkt\/allround-arbeitshandschuhe-pro-groesse-10\/#primaryimage"},"thumbnailUrl":"https:\/\/schroevendump.nl\/wp-content\/uploads\/2024\/12\/5072mf-paarwebsite_1_1.png","datePublished":"2024-12-03T20:43:43+00:00","dateModified":"2025-12-10T11:30:56+00:00","breadcrumb":{"@id":"https:\/\/schroevendump.nl\/de\/produkt\/allround-arbeitshandschuhe-pro-groesse-10\/#breadcrumb"},"inLanguage":"de","potentialAction":[{"@type":"ReadAction","target":["https:\/\/schroevendump.nl\/de\/produkt\/allround-arbeitshandschuhe-pro-groesse-10\/"]}]},{"@type":"ImageObject","inLanguage":"de","@id":"https:\/\/schroevendump.nl\/de\/produkt\/allround-arbeitshandschuhe-pro-groesse-10\/#primaryimage","url":"https:\/\/schroevendump.nl\/wp-content\/uploads\/2024\/12\/5072mf-paarwebsite_1_1.png","contentUrl":"https:\/\/schroevendump.nl\/wp-content\/uploads\/2024\/12\/5072mf-paarwebsite_1_1.png","width":607,"height":591},{"@type":"BreadcrumbList","@id":"https:\/\/schroevendump.nl\/de\/produkt\/allround-arbeitshandschuhe-pro-groesse-10\/#breadcrumb","itemListElement":[{"@type":"ListItem","position":1,"name":"Startseite","item":"https:\/\/schroevendump.nl\/de\/"},{"@type":"ListItem","position":2,"name":"Shop","item":"https:\/\/schroevendump.nl\/de\/shop\/"},{"@type":"ListItem","position":3,"name":"Allround-Arbeitshandschuhe PRO Gr\u00f6\u00dfe 10"}]},{"@type":"WebSite","@id":"https:\/\/schroevendump.nl\/de\/#website","url":"https:\/\/schroevendump.nl\/de\/","name":"Schroevendump","description":"","potentialAction":[{"@type":"SearchAction","target":{"@type":"EntryPoint","urlTemplate":"https:\/\/schroevendump.nl\/de\/?s={search_term_string}"},"query-input":{"@type":"PropertyValueSpecification","valueRequired":true,"valueName":"search_term_string"}}],"inLanguage":"de"}]}},"_links":{"self":[{"href":"https:\/\/schroevendump.nl\/de\/wp-json\/wp\/v2\/product\/28137","targetHints":{"allow":["GET"]}}],"collection":[{"href":"https:\/\/schroevendump.nl\/de\/wp-json\/wp\/v2\/product"}],"about":[{"href":"https:\/\/schroevendump.nl\/de\/wp-json\/wp\/v2\/types\/product"}],"replies":[{"embeddable":true,"href":"https:\/\/schroevendump.nl\/de\/wp-json\/wp\/v2\/comments?post=28137"}],"wp:featuredmedia":[{"embeddable":true,"href":"https:\/\/schroevendump.nl\/de\/wp-json\/wp\/v2\/media\/14341"}],"wp:attachment":[{"href":"https:\/\/schroevendump.nl\/de\/wp-json\/wp\/v2\/media?parent=28137"}],"wp:term":[{"taxonomy":"product_brand","embeddable":true,"href":"https:\/\/schroevendump.nl\/de\/wp-json\/wp\/v2\/product_brand?post=28137"},{"taxonomy":"product_cat","embeddable":true,"href":"https:\/\/schroevendump.nl\/de\/wp-json\/wp\/v2\/product_cat?post=28137"},{"taxonomy":"product_tag","embeddable":true,"href":"https:\/\/schroevendump.nl\/de\/wp-json\/wp\/v2\/product_tag?post=28137"}],"curies":[{"name":"wp","href":"https:\/\/api.w.org\/{rel}","templated":true}]}}