{"id":28179,"date":"2024-11-30T12:14:12","date_gmt":"2024-11-30T12:14:12","guid":{"rendered":"https:\/\/schroevendump.nl\/product\/professional-hochklebende-dichtungsmasse-g70-weiss-290ml\/"},"modified":"2025-12-10T11:29:42","modified_gmt":"2025-12-10T11:29:42","slug":"professional-hochklebende-dichtungsmasse-g70-weiss-290ml","status":"publish","type":"product","link":"https:\/\/schroevendump.nl\/de\/produkt\/professional-hochklebende-dichtungsmasse-g70-weiss-290ml\/","title":{"rendered":"professional Hochklebende Dichtungsmasse G70 wei\u00df 290ml"},"content":{"rendered":"<div>\n<p>Bitte beachten Sie, dass das Etikett auf dem erhaltenen Paket von der Produktabbildung abweichen kann. Wir sind gerade dabei, auf ein neues Etikett umzustellen. <\/p>\n<p>Schroevendump High Tack ist eine hochbelastbare, elastische und nicht abf\u00e4rbende Klebstoffversiegelung mit einer enorm hohen Anfangshaftung f\u00fcr hochbelastbare und sofortige Verklebungen, basierend auf einer Hybridtechnologie. Dieses Produkt h\u00e4rtet dank der Luftfeuchtigkeit zu einem dauerhaften, elastischen Gummi aus. Extrem hohe Anfangshaftung von min. 400 kg\/m\u00b2, sofortige starke und feste Verklebung.  <\/p>\n<p>&#8211; Strapazierf\u00e4hig, dauerelastisch, eine maximale Bewegungsf\u00e4higkeit von 20%.<\/p>\n<p>&#8211; Vielseitig einsetzbar im Innen- und Au\u00dfenbereich, superstark, schnell und einfach in der Anwendung.<\/p>\n<p>&#8211; Haftet au\u00dfergew\u00f6hnlich gut, ohne Primer, auf praktisch allen und sogar feuchten Untergr\u00fcnden.<\/p>\n<p>&#8211; Superschneller Aufbau der Festigkeit, Aush\u00e4rtung und Erreichen der Endfestigkeit.<\/p>\n<p>&#8211; Hohe Endfestigkeit und mechanische Best\u00e4ndigkeit, f\u00fcr stark beanspruchte Klebeverbindungen.<\/p>\n<p>&#8211; Hervorragend \u00fcberstreichbar mit synthetischen und Dispersionslacksystemen.<\/p>\n<p>&#8211; Thixotrop, h\u00e4ngt nicht durch, ideal f\u00fcr \u00dcberkopfanwendungen.<\/p>\n<p>&#8211; Nicht korrosiv f\u00fcr Metalle.<\/p>\n<p>&#8211; Vertr\u00e4glich im direkten Kontakt mit silberbeschichteten Spiegeln und PVB-Folienverbundglas.<\/p>\n<p>&#8211; Geruchsneutrales, klebendes, blasen- und schrumpffrei aush\u00e4rtendes Hybridsystem.<\/p>\n<p>&#8211; Gute Best\u00e4ndigkeit gegen UV, Wetter, Wasser, Feuchtigkeit und Alterung.<\/p>\n<p>&#8211; Isocyanat-, l\u00f6sungsmittel- und silikonfrei.<\/p>\n<p>&#8211; Sehr geringe Emission.<\/p>\n<p>&#8211; Verursacht keine Flecken und \/ oder Blutungen auf por\u00f6sen \/ offenen \/ saugf\u00e4higen Materialien und \/ oder Untergr\u00fcnden, wie z.B. Naturstein und Beton, und verursacht auch keine Verunreinigung der Randzonen.<\/p>\n<p>&#8211; Absorbiert gut akustische und mechanische Vibrationen und Schwingungen.<\/p>\n<p>&#8211; Perfekt zum Schleifen und\/oder Schleifen, nach vollst\u00e4ndiger Aush\u00e4rtung.<\/p>\n<\/div>\n<div>\n<div><b>Anwendungen<\/b><\/div>\n<div>\n<p>&#8211; Hervorragend geeignet als felsenfester Montage- und Konstruktionsklebstoff, f\u00fcr schwere und direkte Verklebungen, f\u00fcr fast alle Baumaterialien und Untergr\u00fcnde, ohne Verwendung von Klebeklammern, Stempeln und\/oder Fixierband.<\/p>\n<p>&#8211; Leistungsstarker Montage- und Konstruktionsklebstoff, f\u00fcr direkte und hochfeste Klebeverbindungen.<\/p>\n<p>&#8211; Strukturelles Kleben in vibrierenden Strukturen, wie zum Beispiel im Fassaden-, Transport-, Apparate- und Maschinenbau.<\/p>\n<p>&#8211; Kleben und\/oder Montieren von Spiegeln, Natur- und Hartstein, Marmor, Granit, Beton und anderen kritischen\/por\u00f6sen Materialien.<\/p>\n<p>&#8211; Montage- und\/oder Konstruktionskleber f\u00fcr Sockelleisten, Paneele, Leisten, Profile, D\u00e4mm- und Plattenmaterialien, Balken, Latten, Fliesen, Ziegel und mehr.<\/p>\n<p>&#8211; Montage und\/oder Verklebung von Metallteilen im Dach-, Container-, Fassaden-, L\u00fcftungskanal-, Anh\u00e4nger-, Karosserie- und Schiffbau.<\/p>\n<\/div>\n<\/div>\n","protected":false},"excerpt":{"rendered":"<p>Bitte beachten Sie, dass das Etikett auf dem erhaltenen Paket von der Produktabbildung abweichen kann. Wir sind gerade dabei, auf ein neues Etikett umzustellen. Schroevendump High Tack ist eine hochbelastbare, elastische und nicht abf\u00e4rbende Klebstoffversiegelung mit einer enorm hohen Anfangshaftung f\u00fcr hochbelastbare und sofortige Verklebungen, basierend auf einer Hybridtechnologie. Dieses Produkt h\u00e4rtet dank der Luftfeuchtigkeit [&hellip;]<\/p>\n","protected":false},"featured_media":28183,"comment_status":"closed","ping_status":"closed","template":"","meta":[],"product_brand":[],"product_cat":[581],"product_tag":[],"class_list":{"0":"post-28179","1":"product","2":"type-product","3":"status-publish","4":"has-post-thumbnail","6":"product_cat-klebstoffe-und-dichtungsmittel","8":"first","9":"instock","10":"sale","11":"taxable","12":"shipping-taxable","13":"purchasable","14":"product-type-simple"},"supplier_id":null,"supplier_sku":"","barcode":null,"atum_controlled":true,"out_stock_date":null,"out_stock_threshold":null,"inheritable":false,"inbound_stock":0,"stock_on_hold":6,"sold_today":6,"sales_last_days":172,"reserved_stock":0,"customer_returns":0,"warehouse_damage":0,"lost_in_post":0,"other_logs":0,"out_stock_days":0,"lost_sales":0,"has_location":false,"update_date":"2026-04-18T09:05:19","atum_locations":[],"atum_stock_status":"instock","restock_status":false,"low_stock_amount":"","sales_update_date":"2026-04-18T09:05:19","calc_backorders":null,"acf":[],"yoast_head":"<!-- This site is optimized with the Yoast SEO plugin v26.6 - https:\/\/yoast.com\/wordpress\/plugins\/seo\/ -->\n<title>professional Hochklebende Dichtungsmasse G70 wei\u00df 290ml - Schroevendump<\/title>\n<meta name=\"robots\" content=\"index, follow, max-snippet:-1, max-image-preview:large, max-video-preview:-1\" \/>\n<link rel=\"canonical\" href=\"https:\/\/schroevendump.nl\/de\/produkt\/professional-hochklebende-dichtungsmasse-g70-weiss-290ml\/\" \/>\n<meta property=\"og:locale\" content=\"de_DE\" \/>\n<meta property=\"og:type\" content=\"article\" \/>\n<meta property=\"og:title\" content=\"professional Hochklebende Dichtungsmasse G70 wei\u00df 290ml - Schroevendump\" \/>\n<meta property=\"og:description\" content=\"Bitte beachten Sie, dass das Etikett auf dem erhaltenen Paket von der Produktabbildung abweichen kann. Wir sind gerade dabei, auf ein neues Etikett umzustellen. Schroevendump High Tack ist eine hochbelastbare, elastische und nicht abf\u00e4rbende Klebstoffversiegelung mit einer enorm hohen Anfangshaftung f\u00fcr hochbelastbare und sofortige Verklebungen, basierend auf einer Hybridtechnologie. Dieses Produkt h\u00e4rtet dank der Luftfeuchtigkeit [&hellip;]\" \/>\n<meta property=\"og:url\" content=\"https:\/\/schroevendump.nl\/de\/produkt\/professional-hochklebende-dichtungsmasse-g70-weiss-290ml\/\" \/>\n<meta property=\"og:site_name\" content=\"Schroevendump\" \/>\n<meta property=\"article:modified_time\" content=\"2025-12-10T11:29:42+00:00\" \/>\n<meta property=\"og:image\" content=\"https:\/\/schroevendump.nl\/wp-content\/uploads\/2024\/11\/Mockup-Schroevendump-G70-Polymer-07-25.png\" \/>\n\t<meta property=\"og:image:width\" content=\"2000\" \/>\n\t<meta property=\"og:image:height\" content=\"2000\" \/>\n\t<meta property=\"og:image:type\" content=\"image\/png\" \/>\n<meta name=\"twitter:card\" content=\"summary_large_image\" \/>\n<meta name=\"twitter:label1\" content=\"Gesch\u00e4tzte Lesezeit\" \/>\n\t<meta name=\"twitter:data1\" content=\"2\u00a0Minute\" \/>\n<script type=\"application\/ld+json\" class=\"yoast-schema-graph\">{\"@context\":\"https:\/\/schema.org\",\"@graph\":[{\"@type\":\"WebPage\",\"@id\":\"https:\/\/schroevendump.nl\/de\/produkt\/professional-hochklebende-dichtungsmasse-g70-weiss-290ml\/\",\"url\":\"https:\/\/schroevendump.nl\/de\/produkt\/professional-hochklebende-dichtungsmasse-g70-weiss-290ml\/\",\"name\":\"professional Hochklebende Dichtungsmasse G70 wei\u00df 290ml - Schroevendump\",\"isPartOf\":{\"@id\":\"https:\/\/schroevendump.nl\/de\/#website\"},\"primaryImageOfPage\":{\"@id\":\"https:\/\/schroevendump.nl\/de\/produkt\/professional-hochklebende-dichtungsmasse-g70-weiss-290ml\/#primaryimage\"},\"image\":{\"@id\":\"https:\/\/schroevendump.nl\/de\/produkt\/professional-hochklebende-dichtungsmasse-g70-weiss-290ml\/#primaryimage\"},\"thumbnailUrl\":\"https:\/\/schroevendump.nl\/wp-content\/uploads\/2024\/11\/Mockup-Schroevendump-G70-Polymer-07-25.png\",\"datePublished\":\"2024-11-30T12:14:12+00:00\",\"dateModified\":\"2025-12-10T11:29:42+00:00\",\"breadcrumb\":{\"@id\":\"https:\/\/schroevendump.nl\/de\/produkt\/professional-hochklebende-dichtungsmasse-g70-weiss-290ml\/#breadcrumb\"},\"inLanguage\":\"de\",\"potentialAction\":[{\"@type\":\"ReadAction\",\"target\":[\"https:\/\/schroevendump.nl\/de\/produkt\/professional-hochklebende-dichtungsmasse-g70-weiss-290ml\/\"]}]},{\"@type\":\"ImageObject\",\"inLanguage\":\"de\",\"@id\":\"https:\/\/schroevendump.nl\/de\/produkt\/professional-hochklebende-dichtungsmasse-g70-weiss-290ml\/#primaryimage\",\"url\":\"https:\/\/schroevendump.nl\/wp-content\/uploads\/2024\/11\/Mockup-Schroevendump-G70-Polymer-07-25.png\",\"contentUrl\":\"https:\/\/schroevendump.nl\/wp-content\/uploads\/2024\/11\/Mockup-Schroevendump-G70-Polymer-07-25.png\",\"width\":2000,\"height\":2000},{\"@type\":\"BreadcrumbList\",\"@id\":\"https:\/\/schroevendump.nl\/de\/produkt\/professional-hochklebende-dichtungsmasse-g70-weiss-290ml\/#breadcrumb\",\"itemListElement\":[{\"@type\":\"ListItem\",\"position\":1,\"name\":\"Startseite\",\"item\":\"https:\/\/schroevendump.nl\/de\/\"},{\"@type\":\"ListItem\",\"position\":2,\"name\":\"Shop\",\"item\":\"https:\/\/schroevendump.nl\/de\/shop\/\"},{\"@type\":\"ListItem\",\"position\":3,\"name\":\"professional Hochklebende Dichtungsmasse G70 wei\u00df 290ml\"}]},{\"@type\":\"WebSite\",\"@id\":\"https:\/\/schroevendump.nl\/de\/#website\",\"url\":\"https:\/\/schroevendump.nl\/de\/\",\"name\":\"Schroevendump\",\"description\":\"\",\"potentialAction\":[{\"@type\":\"SearchAction\",\"target\":{\"@type\":\"EntryPoint\",\"urlTemplate\":\"https:\/\/schroevendump.nl\/de\/?s={search_term_string}\"},\"query-input\":{\"@type\":\"PropertyValueSpecification\",\"valueRequired\":true,\"valueName\":\"search_term_string\"}}],\"inLanguage\":\"de\"}]}<\/script>\n<!-- \/ Yoast SEO plugin. -->","yoast_head_json":{"title":"professional Hochklebende Dichtungsmasse G70 wei\u00df 290ml - Schroevendump","robots":{"index":"index","follow":"follow","max-snippet":"max-snippet:-1","max-image-preview":"max-image-preview:large","max-video-preview":"max-video-preview:-1"},"canonical":"https:\/\/schroevendump.nl\/de\/produkt\/professional-hochklebende-dichtungsmasse-g70-weiss-290ml\/","og_locale":"de_DE","og_type":"article","og_title":"professional Hochklebende Dichtungsmasse G70 wei\u00df 290ml - Schroevendump","og_description":"Bitte beachten Sie, dass das Etikett auf dem erhaltenen Paket von der Produktabbildung abweichen kann. Wir sind gerade dabei, auf ein neues Etikett umzustellen. Schroevendump High Tack ist eine hochbelastbare, elastische und nicht abf\u00e4rbende Klebstoffversiegelung mit einer enorm hohen Anfangshaftung f\u00fcr hochbelastbare und sofortige Verklebungen, basierend auf einer Hybridtechnologie. Dieses Produkt h\u00e4rtet dank der Luftfeuchtigkeit [&hellip;]","og_url":"https:\/\/schroevendump.nl\/de\/produkt\/professional-hochklebende-dichtungsmasse-g70-weiss-290ml\/","og_site_name":"Schroevendump","article_modified_time":"2025-12-10T11:29:42+00:00","og_image":[{"width":2000,"height":2000,"url":"https:\/\/schroevendump.nl\/wp-content\/uploads\/2024\/11\/Mockup-Schroevendump-G70-Polymer-07-25.png","type":"image\/png"}],"twitter_card":"summary_large_image","twitter_misc":{"Gesch\u00e4tzte Lesezeit":"2\u00a0Minute"},"schema":{"@context":"https:\/\/schema.org","@graph":[{"@type":"WebPage","@id":"https:\/\/schroevendump.nl\/de\/produkt\/professional-hochklebende-dichtungsmasse-g70-weiss-290ml\/","url":"https:\/\/schroevendump.nl\/de\/produkt\/professional-hochklebende-dichtungsmasse-g70-weiss-290ml\/","name":"professional Hochklebende Dichtungsmasse G70 wei\u00df 290ml - Schroevendump","isPartOf":{"@id":"https:\/\/schroevendump.nl\/de\/#website"},"primaryImageOfPage":{"@id":"https:\/\/schroevendump.nl\/de\/produkt\/professional-hochklebende-dichtungsmasse-g70-weiss-290ml\/#primaryimage"},"image":{"@id":"https:\/\/schroevendump.nl\/de\/produkt\/professional-hochklebende-dichtungsmasse-g70-weiss-290ml\/#primaryimage"},"thumbnailUrl":"https:\/\/schroevendump.nl\/wp-content\/uploads\/2024\/11\/Mockup-Schroevendump-G70-Polymer-07-25.png","datePublished":"2024-11-30T12:14:12+00:00","dateModified":"2025-12-10T11:29:42+00:00","breadcrumb":{"@id":"https:\/\/schroevendump.nl\/de\/produkt\/professional-hochklebende-dichtungsmasse-g70-weiss-290ml\/#breadcrumb"},"inLanguage":"de","potentialAction":[{"@type":"ReadAction","target":["https:\/\/schroevendump.nl\/de\/produkt\/professional-hochklebende-dichtungsmasse-g70-weiss-290ml\/"]}]},{"@type":"ImageObject","inLanguage":"de","@id":"https:\/\/schroevendump.nl\/de\/produkt\/professional-hochklebende-dichtungsmasse-g70-weiss-290ml\/#primaryimage","url":"https:\/\/schroevendump.nl\/wp-content\/uploads\/2024\/11\/Mockup-Schroevendump-G70-Polymer-07-25.png","contentUrl":"https:\/\/schroevendump.nl\/wp-content\/uploads\/2024\/11\/Mockup-Schroevendump-G70-Polymer-07-25.png","width":2000,"height":2000},{"@type":"BreadcrumbList","@id":"https:\/\/schroevendump.nl\/de\/produkt\/professional-hochklebende-dichtungsmasse-g70-weiss-290ml\/#breadcrumb","itemListElement":[{"@type":"ListItem","position":1,"name":"Startseite","item":"https:\/\/schroevendump.nl\/de\/"},{"@type":"ListItem","position":2,"name":"Shop","item":"https:\/\/schroevendump.nl\/de\/shop\/"},{"@type":"ListItem","position":3,"name":"professional Hochklebende Dichtungsmasse G70 wei\u00df 290ml"}]},{"@type":"WebSite","@id":"https:\/\/schroevendump.nl\/de\/#website","url":"https:\/\/schroevendump.nl\/de\/","name":"Schroevendump","description":"","potentialAction":[{"@type":"SearchAction","target":{"@type":"EntryPoint","urlTemplate":"https:\/\/schroevendump.nl\/de\/?s={search_term_string}"},"query-input":{"@type":"PropertyValueSpecification","valueRequired":true,"valueName":"search_term_string"}}],"inLanguage":"de"}]}},"_links":{"self":[{"href":"https:\/\/schroevendump.nl\/de\/wp-json\/wp\/v2\/product\/28179","targetHints":{"allow":["GET"]}}],"collection":[{"href":"https:\/\/schroevendump.nl\/de\/wp-json\/wp\/v2\/product"}],"about":[{"href":"https:\/\/schroevendump.nl\/de\/wp-json\/wp\/v2\/types\/product"}],"replies":[{"embeddable":true,"href":"https:\/\/schroevendump.nl\/de\/wp-json\/wp\/v2\/comments?post=28179"}],"wp:featuredmedia":[{"embeddable":true,"href":"https:\/\/schroevendump.nl\/de\/wp-json\/wp\/v2\/media\/28183"}],"wp:attachment":[{"href":"https:\/\/schroevendump.nl\/de\/wp-json\/wp\/v2\/media?parent=28179"}],"wp:term":[{"taxonomy":"product_brand","embeddable":true,"href":"https:\/\/schroevendump.nl\/de\/wp-json\/wp\/v2\/product_brand?post=28179"},{"taxonomy":"product_cat","embeddable":true,"href":"https:\/\/schroevendump.nl\/de\/wp-json\/wp\/v2\/product_cat?post=28179"},{"taxonomy":"product_tag","embeddable":true,"href":"https:\/\/schroevendump.nl\/de\/wp-json\/wp\/v2\/product_tag?post=28179"}],"curies":[{"name":"wp","href":"https:\/\/api.w.org\/{rel}","templated":true}]}}