{"id":28184,"date":"2024-11-30T12:27:55","date_gmt":"2024-11-30T12:27:55","guid":{"rendered":"https:\/\/schroevendump.nl\/product\/chemischer-anker-300ml-eta-geprueft\/"},"modified":"2025-12-10T11:31:01","modified_gmt":"2025-12-10T11:31:01","slug":"chemischer-anker-300ml-eta-geprueft","status":"publish","type":"product","link":"https:\/\/schroevendump.nl\/de\/produkt\/chemischer-anker-300ml-eta-geprueft\/","title":{"rendered":"Chemischer Anker 300ML ETA-gepr\u00fcft."},"content":{"rendered":"<ul>\n<li>2-Komponenten-Chemieanker f\u00fcr die Verankerung in festen und hohlen Materialien<\/li>\n<li>\u00dcberlegene Leistung f\u00fcr strukturelle Anwendungen<\/li>\n<li>Styrolfrei, kann in geschlossenen R\u00e4umen verwendet werden<\/li>\n<li>Gebrauchsfertige, vorgeschnittene Verpackung<\/li>\n<li>Geeignet f\u00fcr trockene, nasse und \u00fcberflutete(*) L\u00f6cher ohne Leistungsverluste<\/li>\n<li>Schnelle Ladezeit<\/li>\n<li>Mit Farbanzeige f\u00fcr die Arbeitszeit (blau wird grau)<\/li>\n<li>Die Verankerung kann in der N\u00e4he der Kanten angebracht werden (siehe Installationsparameter)<\/li>\n<li>Kann mit einer Standard-Versiegelungspistole aufgetragen werden<\/li>\n<\/ul>\n<p>Zertifikate<\/p>\n<ul class=\"certificates\">\n<li>Franz\u00f6sische VOC-Emissionsklasse A+<\/li>\n<li>ETA 19\/ 0744 gem\u00e4\u00df EAD 330499-01-0601 M8 &#8211; M24 zur Befestigung und\/oder Unterst\u00fctzung von Beton, Strukturelementen (die zur Stabilit\u00e4t der Arbeiten beitragen) oder schweren Bauteilen.<\/li>\n<li>ETA 19\/ 0743 gem\u00e4\u00df EAD 330076-00-0604 M8 &#8211; M12 zur Befestigung und\/oder Unterst\u00fctzung von Mauerwerk, Strukturelementen (die zur Stabilit\u00e4t der Arbeiten beitragen) oder schweren Bauteilen.<\/li>\n<li>ETA 22\/ 0326 gem\u00e4\u00df EAD 330087-01-0601 \u00af8 &#8211; \u00af20 f\u00fcr nachtr\u00e4glich eingebaute Bewehrungsfugen in bestehenden Strukturen aus Normalbeton.<\/li>\n<li>Sehen Sie sich die <a href=\"https:\/\/www.dl-chem.com\/nl\/amfile\/file\/download\/file\/RUztCo5dpkw0PwFPg8CpB7JP4RCQP4MV\/product\/712\/\">TECHNISCHE Beschreibung <\/a> hier an  <\/li>\n<\/ul>\n<div class=\"certificate-images\"><img decoding=\"async\" src=\"https:\/\/www.dl-chem.com\/static\/version1715691776\/frontend\/Dlchemicals\/default\/nl_NL\/Dlchemicals_Product\/images\/certificates\/a+.png\" alt=\"A+\"> <img decoding=\"async\" src=\"https:\/\/www.dl-chem.com\/static\/version1715691776\/frontend\/Dlchemicals\/default\/nl_NL\/Dlchemicals_Product\/images\/certificates\/ce.png\" alt=\"CE\"><\/div>\n","protected":false},"excerpt":{"rendered":"<p>2-Komponenten-Chemieanker f\u00fcr die Verankerung in festen und hohlen Materialien \u00dcberlegene Leistung f\u00fcr strukturelle Anwendungen Styrolfrei, kann in geschlossenen R\u00e4umen verwendet werden Gebrauchsfertige, vorgeschnittene Verpackung Geeignet f\u00fcr trockene, nasse und \u00fcberflutete(*) L\u00f6cher ohne Leistungsverluste Schnelle Ladezeit Mit Farbanzeige f\u00fcr die Arbeitszeit (blau wird grau) Die Verankerung kann in der N\u00e4he der Kanten angebracht werden (siehe Installationsparameter) [&hellip;]<\/p>\n","protected":false},"featured_media":1986,"comment_status":"open","ping_status":"closed","template":"","meta":[],"product_brand":[],"product_cat":[581],"product_tag":[],"class_list":{"0":"post-28184","1":"product","2":"type-product","3":"status-publish","4":"has-post-thumbnail","6":"product_cat-klebstoffe-und-dichtungsmittel","8":"first","9":"instock","10":"taxable","11":"shipping-taxable","12":"purchasable","13":"product-type-simple"},"supplier_id":null,"supplier_sku":"","barcode":null,"atum_controlled":true,"out_stock_date":null,"out_stock_threshold":null,"inheritable":false,"inbound_stock":0,"stock_on_hold":0,"sold_today":0,"sales_last_days":0,"reserved_stock":0,"customer_returns":0,"warehouse_damage":0,"lost_in_post":0,"other_logs":0,"out_stock_days":0,"lost_sales":0,"has_location":false,"update_date":"2026-04-25T01:06:56","atum_locations":[],"atum_stock_status":"instock","restock_status":false,"low_stock_amount":"","sales_update_date":"2026-04-25T01:06:55","calc_backorders":null,"acf":[],"yoast_head":"<!-- This site is optimized with the Yoast SEO plugin v26.6 - https:\/\/yoast.com\/wordpress\/plugins\/seo\/ -->\n<title>Chemischer Anker 300ML ETA-gepr\u00fcft. - Schroevendump<\/title>\n<meta name=\"robots\" content=\"index, follow, max-snippet:-1, max-image-preview:large, max-video-preview:-1\" \/>\n<link rel=\"canonical\" href=\"https:\/\/schroevendump.nl\/de\/produkt\/chemischer-anker-300ml-eta-geprueft\/\" \/>\n<meta property=\"og:locale\" content=\"de_DE\" \/>\n<meta property=\"og:type\" content=\"article\" \/>\n<meta property=\"og:title\" content=\"Chemischer Anker 300ML ETA-gepr\u00fcft. - Schroevendump\" \/>\n<meta property=\"og:description\" content=\"2-Komponenten-Chemieanker f\u00fcr die Verankerung in festen und hohlen Materialien \u00dcberlegene Leistung f\u00fcr strukturelle Anwendungen Styrolfrei, kann in geschlossenen R\u00e4umen verwendet werden Gebrauchsfertige, vorgeschnittene Verpackung Geeignet f\u00fcr trockene, nasse und \u00fcberflutete(*) L\u00f6cher ohne Leistungsverluste Schnelle Ladezeit Mit Farbanzeige f\u00fcr die Arbeitszeit (blau wird grau) Die Verankerung kann in der N\u00e4he der Kanten angebracht werden (siehe Installationsparameter) [&hellip;]\" \/>\n<meta property=\"og:url\" content=\"https:\/\/schroevendump.nl\/de\/produkt\/chemischer-anker-300ml-eta-geprueft\/\" \/>\n<meta property=\"og:site_name\" content=\"Schroevendump\" \/>\n<meta property=\"article:modified_time\" content=\"2025-12-10T11:31:01+00:00\" \/>\n<meta property=\"og:image\" content=\"https:\/\/schroevendump.nl\/wp-content\/uploads\/2024\/11\/104696-104696-foto1-parachim_vinylester__1_-removebg-preview.png\" \/>\n\t<meta property=\"og:image:width\" content=\"500\" \/>\n\t<meta property=\"og:image:height\" content=\"500\" \/>\n\t<meta property=\"og:image:type\" content=\"image\/png\" \/>\n<meta name=\"twitter:card\" content=\"summary_large_image\" \/>\n<meta name=\"twitter:label1\" content=\"Gesch\u00e4tzte Lesezeit\" \/>\n\t<meta name=\"twitter:data1\" content=\"1\u00a0Minute\" \/>\n<script type=\"application\/ld+json\" class=\"yoast-schema-graph\">{\"@context\":\"https:\/\/schema.org\",\"@graph\":[{\"@type\":\"WebPage\",\"@id\":\"https:\/\/schroevendump.nl\/de\/produkt\/chemischer-anker-300ml-eta-geprueft\/\",\"url\":\"https:\/\/schroevendump.nl\/de\/produkt\/chemischer-anker-300ml-eta-geprueft\/\",\"name\":\"Chemischer Anker 300ML ETA-gepr\u00fcft. - Schroevendump\",\"isPartOf\":{\"@id\":\"https:\/\/schroevendump.nl\/de\/#website\"},\"primaryImageOfPage\":{\"@id\":\"https:\/\/schroevendump.nl\/de\/produkt\/chemischer-anker-300ml-eta-geprueft\/#primaryimage\"},\"image\":{\"@id\":\"https:\/\/schroevendump.nl\/de\/produkt\/chemischer-anker-300ml-eta-geprueft\/#primaryimage\"},\"thumbnailUrl\":\"https:\/\/schroevendump.nl\/wp-content\/uploads\/2024\/11\/104696-104696-foto1-parachim_vinylester__1_-removebg-preview.png\",\"datePublished\":\"2024-11-30T12:27:55+00:00\",\"dateModified\":\"2025-12-10T11:31:01+00:00\",\"breadcrumb\":{\"@id\":\"https:\/\/schroevendump.nl\/de\/produkt\/chemischer-anker-300ml-eta-geprueft\/#breadcrumb\"},\"inLanguage\":\"de\",\"potentialAction\":[{\"@type\":\"ReadAction\",\"target\":[\"https:\/\/schroevendump.nl\/de\/produkt\/chemischer-anker-300ml-eta-geprueft\/\"]}]},{\"@type\":\"ImageObject\",\"inLanguage\":\"de\",\"@id\":\"https:\/\/schroevendump.nl\/de\/produkt\/chemischer-anker-300ml-eta-geprueft\/#primaryimage\",\"url\":\"https:\/\/schroevendump.nl\/wp-content\/uploads\/2024\/11\/104696-104696-foto1-parachim_vinylester__1_-removebg-preview.png\",\"contentUrl\":\"https:\/\/schroevendump.nl\/wp-content\/uploads\/2024\/11\/104696-104696-foto1-parachim_vinylester__1_-removebg-preview.png\",\"width\":500,\"height\":500},{\"@type\":\"BreadcrumbList\",\"@id\":\"https:\/\/schroevendump.nl\/de\/produkt\/chemischer-anker-300ml-eta-geprueft\/#breadcrumb\",\"itemListElement\":[{\"@type\":\"ListItem\",\"position\":1,\"name\":\"Startseite\",\"item\":\"https:\/\/schroevendump.nl\/de\/\"},{\"@type\":\"ListItem\",\"position\":2,\"name\":\"Shop\",\"item\":\"https:\/\/schroevendump.nl\/de\/shop\/\"},{\"@type\":\"ListItem\",\"position\":3,\"name\":\"Chemischer Anker 300ML ETA-gepr\u00fcft.\"}]},{\"@type\":\"WebSite\",\"@id\":\"https:\/\/schroevendump.nl\/de\/#website\",\"url\":\"https:\/\/schroevendump.nl\/de\/\",\"name\":\"Schroevendump\",\"description\":\"\",\"potentialAction\":[{\"@type\":\"SearchAction\",\"target\":{\"@type\":\"EntryPoint\",\"urlTemplate\":\"https:\/\/schroevendump.nl\/de\/?s={search_term_string}\"},\"query-input\":{\"@type\":\"PropertyValueSpecification\",\"valueRequired\":true,\"valueName\":\"search_term_string\"}}],\"inLanguage\":\"de\"}]}<\/script>\n<!-- \/ Yoast SEO plugin. -->","yoast_head_json":{"title":"Chemischer Anker 300ML ETA-gepr\u00fcft. - Schroevendump","robots":{"index":"index","follow":"follow","max-snippet":"max-snippet:-1","max-image-preview":"max-image-preview:large","max-video-preview":"max-video-preview:-1"},"canonical":"https:\/\/schroevendump.nl\/de\/produkt\/chemischer-anker-300ml-eta-geprueft\/","og_locale":"de_DE","og_type":"article","og_title":"Chemischer Anker 300ML ETA-gepr\u00fcft. - Schroevendump","og_description":"2-Komponenten-Chemieanker f\u00fcr die Verankerung in festen und hohlen Materialien \u00dcberlegene Leistung f\u00fcr strukturelle Anwendungen Styrolfrei, kann in geschlossenen R\u00e4umen verwendet werden Gebrauchsfertige, vorgeschnittene Verpackung Geeignet f\u00fcr trockene, nasse und \u00fcberflutete(*) L\u00f6cher ohne Leistungsverluste Schnelle Ladezeit Mit Farbanzeige f\u00fcr die Arbeitszeit (blau wird grau) Die Verankerung kann in der N\u00e4he der Kanten angebracht werden (siehe Installationsparameter) [&hellip;]","og_url":"https:\/\/schroevendump.nl\/de\/produkt\/chemischer-anker-300ml-eta-geprueft\/","og_site_name":"Schroevendump","article_modified_time":"2025-12-10T11:31:01+00:00","og_image":[{"width":500,"height":500,"url":"https:\/\/schroevendump.nl\/wp-content\/uploads\/2024\/11\/104696-104696-foto1-parachim_vinylester__1_-removebg-preview.png","type":"image\/png"}],"twitter_card":"summary_large_image","twitter_misc":{"Gesch\u00e4tzte Lesezeit":"1\u00a0Minute"},"schema":{"@context":"https:\/\/schema.org","@graph":[{"@type":"WebPage","@id":"https:\/\/schroevendump.nl\/de\/produkt\/chemischer-anker-300ml-eta-geprueft\/","url":"https:\/\/schroevendump.nl\/de\/produkt\/chemischer-anker-300ml-eta-geprueft\/","name":"Chemischer Anker 300ML ETA-gepr\u00fcft. - Schroevendump","isPartOf":{"@id":"https:\/\/schroevendump.nl\/de\/#website"},"primaryImageOfPage":{"@id":"https:\/\/schroevendump.nl\/de\/produkt\/chemischer-anker-300ml-eta-geprueft\/#primaryimage"},"image":{"@id":"https:\/\/schroevendump.nl\/de\/produkt\/chemischer-anker-300ml-eta-geprueft\/#primaryimage"},"thumbnailUrl":"https:\/\/schroevendump.nl\/wp-content\/uploads\/2024\/11\/104696-104696-foto1-parachim_vinylester__1_-removebg-preview.png","datePublished":"2024-11-30T12:27:55+00:00","dateModified":"2025-12-10T11:31:01+00:00","breadcrumb":{"@id":"https:\/\/schroevendump.nl\/de\/produkt\/chemischer-anker-300ml-eta-geprueft\/#breadcrumb"},"inLanguage":"de","potentialAction":[{"@type":"ReadAction","target":["https:\/\/schroevendump.nl\/de\/produkt\/chemischer-anker-300ml-eta-geprueft\/"]}]},{"@type":"ImageObject","inLanguage":"de","@id":"https:\/\/schroevendump.nl\/de\/produkt\/chemischer-anker-300ml-eta-geprueft\/#primaryimage","url":"https:\/\/schroevendump.nl\/wp-content\/uploads\/2024\/11\/104696-104696-foto1-parachim_vinylester__1_-removebg-preview.png","contentUrl":"https:\/\/schroevendump.nl\/wp-content\/uploads\/2024\/11\/104696-104696-foto1-parachim_vinylester__1_-removebg-preview.png","width":500,"height":500},{"@type":"BreadcrumbList","@id":"https:\/\/schroevendump.nl\/de\/produkt\/chemischer-anker-300ml-eta-geprueft\/#breadcrumb","itemListElement":[{"@type":"ListItem","position":1,"name":"Startseite","item":"https:\/\/schroevendump.nl\/de\/"},{"@type":"ListItem","position":2,"name":"Shop","item":"https:\/\/schroevendump.nl\/de\/shop\/"},{"@type":"ListItem","position":3,"name":"Chemischer Anker 300ML ETA-gepr\u00fcft."}]},{"@type":"WebSite","@id":"https:\/\/schroevendump.nl\/de\/#website","url":"https:\/\/schroevendump.nl\/de\/","name":"Schroevendump","description":"","potentialAction":[{"@type":"SearchAction","target":{"@type":"EntryPoint","urlTemplate":"https:\/\/schroevendump.nl\/de\/?s={search_term_string}"},"query-input":{"@type":"PropertyValueSpecification","valueRequired":true,"valueName":"search_term_string"}}],"inLanguage":"de"}]}},"_links":{"self":[{"href":"https:\/\/schroevendump.nl\/de\/wp-json\/wp\/v2\/product\/28184","targetHints":{"allow":["GET"]}}],"collection":[{"href":"https:\/\/schroevendump.nl\/de\/wp-json\/wp\/v2\/product"}],"about":[{"href":"https:\/\/schroevendump.nl\/de\/wp-json\/wp\/v2\/types\/product"}],"replies":[{"embeddable":true,"href":"https:\/\/schroevendump.nl\/de\/wp-json\/wp\/v2\/comments?post=28184"}],"wp:featuredmedia":[{"embeddable":true,"href":"https:\/\/schroevendump.nl\/de\/wp-json\/wp\/v2\/media\/1986"}],"wp:attachment":[{"href":"https:\/\/schroevendump.nl\/de\/wp-json\/wp\/v2\/media?parent=28184"}],"wp:term":[{"taxonomy":"product_brand","embeddable":true,"href":"https:\/\/schroevendump.nl\/de\/wp-json\/wp\/v2\/product_brand?post=28184"},{"taxonomy":"product_cat","embeddable":true,"href":"https:\/\/schroevendump.nl\/de\/wp-json\/wp\/v2\/product_cat?post=28184"},{"taxonomy":"product_tag","embeddable":true,"href":"https:\/\/schroevendump.nl\/de\/wp-json\/wp\/v2\/product_tag?post=28184"}],"curies":[{"name":"wp","href":"https:\/\/api.w.org\/{rel}","templated":true}]}}