{"id":28202,"date":"2024-11-30T11:46:28","date_gmt":"2024-11-30T11:46:28","guid":{"rendered":"https:\/\/schroevendump.nl\/product\/illbruck-aa290-waffenreiniger-500-ml\/"},"modified":"2025-12-10T11:30:42","modified_gmt":"2025-12-10T11:30:42","slug":"illbruck-aa290-waffenreiniger-500-ml","status":"publish","type":"product","link":"https:\/\/schroevendump.nl\/de\/produkt\/illbruck-aa290-waffenreiniger-500-ml\/","title":{"rendered":"illbruck AA290 Waffenreiniger 500 ml"},"content":{"rendered":"<p><strong>Anwendung<\/strong><\/p>\n<ul>\n<li>Zum Reinigen von Schaumpistolen und Entfernen von nicht ausgeh\u00e4rtetem Schaum.<\/li>\n<li>Universell einsetzbar.<\/li>\n<li>Kann auch zum Entfernen von frischen Farbresten, Wachs, Fett, \u00d6l und Klebstoffresten verwendet werden.<\/li>\n<\/ul>\n<p><strong>Verarbeitung<\/strong><\/p>\n<p>Schrauben Sie die leere Dose mit PU-Schaum von der Pistole ab. Schrauben Sie den Reiniger mit dem Adapter auf die Pistole. Ziehen Sie dann den Abzug der Pistole, bis kein Schaum mehr aus der Pistole kommt, sondern die klare Fl\u00fcssigkeit. Lassen Sie sie 5 Minuten einwirken. Schrauben Sie den Reiniger wieder von der Pistole ab und entfernen Sie den \u00fcbersch\u00fcssigen Reiniger aus dem Adapter. Setzen Sie sofort eine neue Dose PU-Schaum auf die Pistole und spr\u00fchen Sie gut durch, damit der gesamte Reiniger aus der Pistole entfernt wird.     <\/p>\n","protected":false},"excerpt":{"rendered":"<p>Anwendung Zum Reinigen von Schaumpistolen und Entfernen von nicht ausgeh\u00e4rtetem Schaum. Universell einsetzbar. Kann auch zum Entfernen von frischen Farbresten, Wachs, Fett, \u00d6l und Klebstoffresten verwendet werden. Verarbeitung Schrauben Sie die leere Dose mit PU-Schaum von der Pistole ab. Schrauben Sie den Reiniger mit dem Adapter auf die Pistole. Ziehen Sie dann den Abzug der [&hellip;]<\/p>\n","protected":false},"featured_media":1973,"comment_status":"open","ping_status":"closed","template":"","meta":[],"product_brand":[],"product_cat":[790],"product_tag":[],"class_list":{"0":"post-28202","1":"product","2":"type-product","3":"status-publish","4":"has-post-thumbnail","6":"product_cat-reiner-schaum","8":"first","9":"outofstock","10":"taxable","11":"shipping-taxable","12":"purchasable","13":"product-type-simple"},"supplier_id":null,"supplier_sku":"","barcode":null,"atum_controlled":true,"out_stock_date":null,"out_stock_threshold":null,"inheritable":false,"inbound_stock":0,"stock_on_hold":0,"sold_today":0,"sales_last_days":0,"reserved_stock":0,"customer_returns":0,"warehouse_damage":0,"lost_in_post":0,"other_logs":0,"out_stock_days":0,"lost_sales":0,"has_location":false,"update_date":"2026-04-17T00:59:41","atum_locations":[],"atum_stock_status":"outofstock","restock_status":false,"low_stock_amount":"","sales_update_date":"2026-04-17T00:59:41","calc_backorders":null,"acf":[],"yoast_head":"<!-- This site is optimized with the Yoast SEO plugin v26.6 - https:\/\/yoast.com\/wordpress\/plugins\/seo\/ -->\n<title>illbruck AA290 Waffenreiniger 500 ml - Schroevendump<\/title>\n<meta name=\"robots\" content=\"index, follow, max-snippet:-1, max-image-preview:large, max-video-preview:-1\" \/>\n<link rel=\"canonical\" href=\"https:\/\/schroevendump.nl\/de\/produkt\/illbruck-aa290-waffenreiniger-500-ml\/\" \/>\n<meta property=\"og:locale\" content=\"de_DE\" \/>\n<meta property=\"og:type\" content=\"article\" \/>\n<meta property=\"og:title\" content=\"illbruck AA290 Waffenreiniger 500 ml - Schroevendump\" \/>\n<meta property=\"og:description\" content=\"Anwendung Zum Reinigen von Schaumpistolen und Entfernen von nicht ausgeh\u00e4rtetem Schaum. Universell einsetzbar. Kann auch zum Entfernen von frischen Farbresten, Wachs, Fett, \u00d6l und Klebstoffresten verwendet werden. Verarbeitung Schrauben Sie die leere Dose mit PU-Schaum von der Pistole ab. Schrauben Sie den Reiniger mit dem Adapter auf die Pistole. Ziehen Sie dann den Abzug der [&hellip;]\" \/>\n<meta property=\"og:url\" content=\"https:\/\/schroevendump.nl\/de\/produkt\/illbruck-aa290-waffenreiniger-500-ml\/\" \/>\n<meta property=\"og:site_name\" content=\"Schroevendump\" \/>\n<meta property=\"article:modified_time\" content=\"2025-12-10T11:30:42+00:00\" \/>\n<meta property=\"og:image\" content=\"https:\/\/schroevendump.nl\/wp-content\/uploads\/2024\/11\/illbruck_AA290_500ml-removebg-preview.png\" \/>\n\t<meta property=\"og:image:width\" content=\"456\" \/>\n\t<meta property=\"og:image:height\" content=\"456\" \/>\n\t<meta property=\"og:image:type\" content=\"image\/png\" \/>\n<meta name=\"twitter:card\" content=\"summary_large_image\" \/>\n<meta name=\"twitter:label1\" content=\"Gesch\u00e4tzte Lesezeit\" \/>\n\t<meta name=\"twitter:data1\" content=\"1\u00a0Minute\" \/>\n<script type=\"application\/ld+json\" class=\"yoast-schema-graph\">{\"@context\":\"https:\/\/schema.org\",\"@graph\":[{\"@type\":\"WebPage\",\"@id\":\"https:\/\/schroevendump.nl\/de\/produkt\/illbruck-aa290-waffenreiniger-500-ml\/\",\"url\":\"https:\/\/schroevendump.nl\/de\/produkt\/illbruck-aa290-waffenreiniger-500-ml\/\",\"name\":\"illbruck AA290 Waffenreiniger 500 ml - Schroevendump\",\"isPartOf\":{\"@id\":\"https:\/\/schroevendump.nl\/de\/#website\"},\"primaryImageOfPage\":{\"@id\":\"https:\/\/schroevendump.nl\/de\/produkt\/illbruck-aa290-waffenreiniger-500-ml\/#primaryimage\"},\"image\":{\"@id\":\"https:\/\/schroevendump.nl\/de\/produkt\/illbruck-aa290-waffenreiniger-500-ml\/#primaryimage\"},\"thumbnailUrl\":\"https:\/\/schroevendump.nl\/wp-content\/uploads\/2024\/11\/illbruck_AA290_500ml-removebg-preview.png\",\"datePublished\":\"2024-11-30T11:46:28+00:00\",\"dateModified\":\"2025-12-10T11:30:42+00:00\",\"breadcrumb\":{\"@id\":\"https:\/\/schroevendump.nl\/de\/produkt\/illbruck-aa290-waffenreiniger-500-ml\/#breadcrumb\"},\"inLanguage\":\"de\",\"potentialAction\":[{\"@type\":\"ReadAction\",\"target\":[\"https:\/\/schroevendump.nl\/de\/produkt\/illbruck-aa290-waffenreiniger-500-ml\/\"]}]},{\"@type\":\"ImageObject\",\"inLanguage\":\"de\",\"@id\":\"https:\/\/schroevendump.nl\/de\/produkt\/illbruck-aa290-waffenreiniger-500-ml\/#primaryimage\",\"url\":\"https:\/\/schroevendump.nl\/wp-content\/uploads\/2024\/11\/illbruck_AA290_500ml-removebg-preview.png\",\"contentUrl\":\"https:\/\/schroevendump.nl\/wp-content\/uploads\/2024\/11\/illbruck_AA290_500ml-removebg-preview.png\",\"width\":456,\"height\":456},{\"@type\":\"BreadcrumbList\",\"@id\":\"https:\/\/schroevendump.nl\/de\/produkt\/illbruck-aa290-waffenreiniger-500-ml\/#breadcrumb\",\"itemListElement\":[{\"@type\":\"ListItem\",\"position\":1,\"name\":\"Startseite\",\"item\":\"https:\/\/schroevendump.nl\/de\/\"},{\"@type\":\"ListItem\",\"position\":2,\"name\":\"Shop\",\"item\":\"https:\/\/schroevendump.nl\/de\/shop\/\"},{\"@type\":\"ListItem\",\"position\":3,\"name\":\"illbruck AA290 Waffenreiniger 500 ml\"}]},{\"@type\":\"WebSite\",\"@id\":\"https:\/\/schroevendump.nl\/de\/#website\",\"url\":\"https:\/\/schroevendump.nl\/de\/\",\"name\":\"Schroevendump\",\"description\":\"\",\"potentialAction\":[{\"@type\":\"SearchAction\",\"target\":{\"@type\":\"EntryPoint\",\"urlTemplate\":\"https:\/\/schroevendump.nl\/de\/?s={search_term_string}\"},\"query-input\":{\"@type\":\"PropertyValueSpecification\",\"valueRequired\":true,\"valueName\":\"search_term_string\"}}],\"inLanguage\":\"de\"}]}<\/script>\n<!-- \/ Yoast SEO plugin. -->","yoast_head_json":{"title":"illbruck AA290 Waffenreiniger 500 ml - Schroevendump","robots":{"index":"index","follow":"follow","max-snippet":"max-snippet:-1","max-image-preview":"max-image-preview:large","max-video-preview":"max-video-preview:-1"},"canonical":"https:\/\/schroevendump.nl\/de\/produkt\/illbruck-aa290-waffenreiniger-500-ml\/","og_locale":"de_DE","og_type":"article","og_title":"illbruck AA290 Waffenreiniger 500 ml - Schroevendump","og_description":"Anwendung Zum Reinigen von Schaumpistolen und Entfernen von nicht ausgeh\u00e4rtetem Schaum. Universell einsetzbar. Kann auch zum Entfernen von frischen Farbresten, Wachs, Fett, \u00d6l und Klebstoffresten verwendet werden. Verarbeitung Schrauben Sie die leere Dose mit PU-Schaum von der Pistole ab. Schrauben Sie den Reiniger mit dem Adapter auf die Pistole. Ziehen Sie dann den Abzug der [&hellip;]","og_url":"https:\/\/schroevendump.nl\/de\/produkt\/illbruck-aa290-waffenreiniger-500-ml\/","og_site_name":"Schroevendump","article_modified_time":"2025-12-10T11:30:42+00:00","og_image":[{"width":456,"height":456,"url":"https:\/\/schroevendump.nl\/wp-content\/uploads\/2024\/11\/illbruck_AA290_500ml-removebg-preview.png","type":"image\/png"}],"twitter_card":"summary_large_image","twitter_misc":{"Gesch\u00e4tzte Lesezeit":"1\u00a0Minute"},"schema":{"@context":"https:\/\/schema.org","@graph":[{"@type":"WebPage","@id":"https:\/\/schroevendump.nl\/de\/produkt\/illbruck-aa290-waffenreiniger-500-ml\/","url":"https:\/\/schroevendump.nl\/de\/produkt\/illbruck-aa290-waffenreiniger-500-ml\/","name":"illbruck AA290 Waffenreiniger 500 ml - Schroevendump","isPartOf":{"@id":"https:\/\/schroevendump.nl\/de\/#website"},"primaryImageOfPage":{"@id":"https:\/\/schroevendump.nl\/de\/produkt\/illbruck-aa290-waffenreiniger-500-ml\/#primaryimage"},"image":{"@id":"https:\/\/schroevendump.nl\/de\/produkt\/illbruck-aa290-waffenreiniger-500-ml\/#primaryimage"},"thumbnailUrl":"https:\/\/schroevendump.nl\/wp-content\/uploads\/2024\/11\/illbruck_AA290_500ml-removebg-preview.png","datePublished":"2024-11-30T11:46:28+00:00","dateModified":"2025-12-10T11:30:42+00:00","breadcrumb":{"@id":"https:\/\/schroevendump.nl\/de\/produkt\/illbruck-aa290-waffenreiniger-500-ml\/#breadcrumb"},"inLanguage":"de","potentialAction":[{"@type":"ReadAction","target":["https:\/\/schroevendump.nl\/de\/produkt\/illbruck-aa290-waffenreiniger-500-ml\/"]}]},{"@type":"ImageObject","inLanguage":"de","@id":"https:\/\/schroevendump.nl\/de\/produkt\/illbruck-aa290-waffenreiniger-500-ml\/#primaryimage","url":"https:\/\/schroevendump.nl\/wp-content\/uploads\/2024\/11\/illbruck_AA290_500ml-removebg-preview.png","contentUrl":"https:\/\/schroevendump.nl\/wp-content\/uploads\/2024\/11\/illbruck_AA290_500ml-removebg-preview.png","width":456,"height":456},{"@type":"BreadcrumbList","@id":"https:\/\/schroevendump.nl\/de\/produkt\/illbruck-aa290-waffenreiniger-500-ml\/#breadcrumb","itemListElement":[{"@type":"ListItem","position":1,"name":"Startseite","item":"https:\/\/schroevendump.nl\/de\/"},{"@type":"ListItem","position":2,"name":"Shop","item":"https:\/\/schroevendump.nl\/de\/shop\/"},{"@type":"ListItem","position":3,"name":"illbruck AA290 Waffenreiniger 500 ml"}]},{"@type":"WebSite","@id":"https:\/\/schroevendump.nl\/de\/#website","url":"https:\/\/schroevendump.nl\/de\/","name":"Schroevendump","description":"","potentialAction":[{"@type":"SearchAction","target":{"@type":"EntryPoint","urlTemplate":"https:\/\/schroevendump.nl\/de\/?s={search_term_string}"},"query-input":{"@type":"PropertyValueSpecification","valueRequired":true,"valueName":"search_term_string"}}],"inLanguage":"de"}]}},"_links":{"self":[{"href":"https:\/\/schroevendump.nl\/de\/wp-json\/wp\/v2\/product\/28202","targetHints":{"allow":["GET"]}}],"collection":[{"href":"https:\/\/schroevendump.nl\/de\/wp-json\/wp\/v2\/product"}],"about":[{"href":"https:\/\/schroevendump.nl\/de\/wp-json\/wp\/v2\/types\/product"}],"replies":[{"embeddable":true,"href":"https:\/\/schroevendump.nl\/de\/wp-json\/wp\/v2\/comments?post=28202"}],"wp:featuredmedia":[{"embeddable":true,"href":"https:\/\/schroevendump.nl\/de\/wp-json\/wp\/v2\/media\/1973"}],"wp:attachment":[{"href":"https:\/\/schroevendump.nl\/de\/wp-json\/wp\/v2\/media?parent=28202"}],"wp:term":[{"taxonomy":"product_brand","embeddable":true,"href":"https:\/\/schroevendump.nl\/de\/wp-json\/wp\/v2\/product_brand?post=28202"},{"taxonomy":"product_cat","embeddable":true,"href":"https:\/\/schroevendump.nl\/de\/wp-json\/wp\/v2\/product_cat?post=28202"},{"taxonomy":"product_tag","embeddable":true,"href":"https:\/\/schroevendump.nl\/de\/wp-json\/wp\/v2\/product_tag?post=28202"}],"curies":[{"name":"wp","href":"https:\/\/api.w.org\/{rel}","templated":true}]}}