{"id":28211,"date":"2024-11-30T11:41:51","date_gmt":"2024-11-30T11:41:51","guid":{"rendered":"https:\/\/schroevendump.nl\/product\/illbruck-pu-schaum-fm350-perfect-foam-pro-880ml\/"},"modified":"2025-12-10T11:29:24","modified_gmt":"2025-12-10T11:29:24","slug":"illbruck-pu-schaum-fm350-perfect-foam-pro-880ml","status":"publish","type":"product","link":"https:\/\/schroevendump.nl\/de\/produkt\/illbruck-pu-schaum-fm350-perfect-foam-pro-880ml\/","title":{"rendered":"illbruck PU-Schaum FM350 Perfect Foam Pro 880ml"},"content":{"rendered":"<p><strong>Vorteile<\/strong><\/p>\n<ul>\n<li>Mehr Meter (+50%) Ertrag im Vergleich zu einem Standardbus \u00e4hnlicher Gr\u00f6\u00dfe<\/li>\n<li>Kann bis zu -10\u00b0C angewendet werden (Temperaturbus &gt;5\u00b0C)<\/li>\n<li>Widerstandsf\u00e4hig gegen Hitze, Wasser und viele Chemikalien<\/li>\n<li>Kann \u00fcberstrichen und mit Putz verarbeitet werden<\/li>\n<li>Reduziert Abfall und spart Zeit<\/li>\n<li>L\u00e4ngere Haltbarkeitsdauer: 24 Monate<\/li>\n<\/ul>\n<p><strong>Anwendung<\/strong><\/p>\n<div class=\"application-area\">\n<div class=\"application-area\">\n<div class=\"application-area\">\n<div class=\"application-area\">\n<p>Geeignet zum Abdichten, Isolieren und F\u00fcllen von Anschl\u00fcssen, Fugen, N\u00e4hten und Rissen in z.B.: Zwischenw\u00e4nden mit Geschossb\u00f6den und Trennw\u00e4nden, Anpassungs- und Montager\u00e4umen zwischen Fenster- und T\u00fcrrahmen sowie Fertigelementen, Anschlussn\u00e4hten von Firsten, Sparren und Dachgauben, Durchdringungen von Rohren und Schl\u00e4uchen und der Abdichtung von D\u00e4mmplatten. Auch bei niedrigen Umgebungstemperaturen. <\/p>\n<\/div>\n<\/div>\n<\/div>\n<\/div>\n<p><strong>Verwendungstipp<\/strong><\/p>\n<ul>\n<li>Beachten Sie die allgemeine Arbeitshygiene w\u00e4hrend der Verarbeitung.<\/li>\n<li>Tragen Sie Handschuhe und eine Schutzbrille.<\/li>\n<li>Ausgeh\u00e4rteter Schaum kann nur mechanisch entfernt werden.<\/li>\n<li>Weitere Informationen finden Sie auf dem Etikett auf der Verpackung und\/oder im Sicherheitsdatenblatt.<\/li>\n<\/ul>\n","protected":false},"excerpt":{"rendered":"<p>Vorteile Mehr Meter (+50%) Ertrag im Vergleich zu einem Standardbus \u00e4hnlicher Gr\u00f6\u00dfe Kann bis zu -10\u00b0C angewendet werden (Temperaturbus &gt;5\u00b0C) Widerstandsf\u00e4hig gegen Hitze, Wasser und viele Chemikalien Kann \u00fcberstrichen und mit Putz verarbeitet werden Reduziert Abfall und spart Zeit L\u00e4ngere Haltbarkeitsdauer: 24 Monate Anwendung Geeignet zum Abdichten, Isolieren und F\u00fcllen von Anschl\u00fcssen, Fugen, N\u00e4hten und [&hellip;]<\/p>\n","protected":false},"featured_media":28215,"comment_status":"closed","ping_status":"closed","template":"","meta":[],"product_brand":[],"product_cat":[790],"product_tag":[],"class_list":{"0":"post-28211","1":"product","2":"type-product","3":"status-publish","4":"has-post-thumbnail","6":"product_cat-reiner-schaum","8":"first","9":"instock","10":"taxable","11":"shipping-taxable","12":"purchasable","13":"product-type-simple"},"supplier_id":null,"supplier_sku":"","barcode":null,"atum_controlled":true,"out_stock_date":null,"out_stock_threshold":null,"inheritable":false,"inbound_stock":0,"stock_on_hold":12,"sold_today":12,"sales_last_days":53,"reserved_stock":0,"customer_returns":0,"warehouse_damage":0,"lost_in_post":0,"other_logs":0,"out_stock_days":0,"lost_sales":0,"has_location":false,"update_date":"2026-04-18T20:58:40","atum_locations":[],"atum_stock_status":"instock","restock_status":true,"low_stock_amount":"","sales_update_date":"2026-04-18T20:58:40","calc_backorders":null,"acf":[],"yoast_head":"<!-- This site is optimized with the Yoast SEO plugin v26.6 - https:\/\/yoast.com\/wordpress\/plugins\/seo\/ -->\n<title>illbruck PU-Schaum FM350 Perfect Foam Pro 880ml - Schroevendump<\/title>\n<meta name=\"robots\" content=\"index, follow, max-snippet:-1, max-image-preview:large, max-video-preview:-1\" \/>\n<link rel=\"canonical\" href=\"https:\/\/schroevendump.nl\/de\/produkt\/illbruck-pu-schaum-fm350-perfect-foam-pro-880ml\/\" \/>\n<meta property=\"og:locale\" content=\"de_DE\" \/>\n<meta property=\"og:type\" content=\"article\" \/>\n<meta property=\"og:title\" content=\"illbruck PU-Schaum FM350 Perfect Foam Pro 880ml - Schroevendump\" \/>\n<meta property=\"og:description\" content=\"Vorteile Mehr Meter (+50%) Ertrag im Vergleich zu einem Standardbus \u00e4hnlicher Gr\u00f6\u00dfe Kann bis zu -10\u00b0C angewendet werden (Temperaturbus &gt;5\u00b0C) Widerstandsf\u00e4hig gegen Hitze, Wasser und viele Chemikalien Kann \u00fcberstrichen und mit Putz verarbeitet werden Reduziert Abfall und spart Zeit L\u00e4ngere Haltbarkeitsdauer: 24 Monate Anwendung Geeignet zum Abdichten, Isolieren und F\u00fcllen von Anschl\u00fcssen, Fugen, N\u00e4hten und [&hellip;]\" \/>\n<meta property=\"og:url\" content=\"https:\/\/schroevendump.nl\/de\/produkt\/illbruck-pu-schaum-fm350-perfect-foam-pro-880ml\/\" \/>\n<meta property=\"og:site_name\" content=\"Schroevendump\" \/>\n<meta property=\"article:modified_time\" content=\"2025-12-10T11:29:24+00:00\" \/>\n<meta property=\"og:image\" content=\"https:\/\/schroevendump.nl\/wp-content\/uploads\/2024\/11\/illbruck_FM350_880ml-removebg-preview.png\" \/>\n\t<meta property=\"og:image:width\" content=\"456\" \/>\n\t<meta property=\"og:image:height\" content=\"456\" \/>\n\t<meta property=\"og:image:type\" content=\"image\/png\" \/>\n<meta name=\"twitter:card\" content=\"summary_large_image\" \/>\n<meta name=\"twitter:label1\" content=\"Gesch\u00e4tzte Lesezeit\" \/>\n\t<meta name=\"twitter:data1\" content=\"1\u00a0Minute\" \/>\n<script type=\"application\/ld+json\" class=\"yoast-schema-graph\">{\"@context\":\"https:\/\/schema.org\",\"@graph\":[{\"@type\":\"WebPage\",\"@id\":\"https:\/\/schroevendump.nl\/de\/produkt\/illbruck-pu-schaum-fm350-perfect-foam-pro-880ml\/\",\"url\":\"https:\/\/schroevendump.nl\/de\/produkt\/illbruck-pu-schaum-fm350-perfect-foam-pro-880ml\/\",\"name\":\"illbruck PU-Schaum FM350 Perfect Foam Pro 880ml - Schroevendump\",\"isPartOf\":{\"@id\":\"https:\/\/schroevendump.nl\/de\/#website\"},\"primaryImageOfPage\":{\"@id\":\"https:\/\/schroevendump.nl\/de\/produkt\/illbruck-pu-schaum-fm350-perfect-foam-pro-880ml\/#primaryimage\"},\"image\":{\"@id\":\"https:\/\/schroevendump.nl\/de\/produkt\/illbruck-pu-schaum-fm350-perfect-foam-pro-880ml\/#primaryimage\"},\"thumbnailUrl\":\"https:\/\/schroevendump.nl\/wp-content\/uploads\/2024\/11\/illbruck_FM350_880ml-removebg-preview.png\",\"datePublished\":\"2024-11-30T11:41:51+00:00\",\"dateModified\":\"2025-12-10T11:29:24+00:00\",\"breadcrumb\":{\"@id\":\"https:\/\/schroevendump.nl\/de\/produkt\/illbruck-pu-schaum-fm350-perfect-foam-pro-880ml\/#breadcrumb\"},\"inLanguage\":\"de\",\"potentialAction\":[{\"@type\":\"ReadAction\",\"target\":[\"https:\/\/schroevendump.nl\/de\/produkt\/illbruck-pu-schaum-fm350-perfect-foam-pro-880ml\/\"]}]},{\"@type\":\"ImageObject\",\"inLanguage\":\"de\",\"@id\":\"https:\/\/schroevendump.nl\/de\/produkt\/illbruck-pu-schaum-fm350-perfect-foam-pro-880ml\/#primaryimage\",\"url\":\"https:\/\/schroevendump.nl\/wp-content\/uploads\/2024\/11\/illbruck_FM350_880ml-removebg-preview.png\",\"contentUrl\":\"https:\/\/schroevendump.nl\/wp-content\/uploads\/2024\/11\/illbruck_FM350_880ml-removebg-preview.png\",\"width\":456,\"height\":456},{\"@type\":\"BreadcrumbList\",\"@id\":\"https:\/\/schroevendump.nl\/de\/produkt\/illbruck-pu-schaum-fm350-perfect-foam-pro-880ml\/#breadcrumb\",\"itemListElement\":[{\"@type\":\"ListItem\",\"position\":1,\"name\":\"Startseite\",\"item\":\"https:\/\/schroevendump.nl\/de\/\"},{\"@type\":\"ListItem\",\"position\":2,\"name\":\"Shop\",\"item\":\"https:\/\/schroevendump.nl\/de\/shop\/\"},{\"@type\":\"ListItem\",\"position\":3,\"name\":\"illbruck PU-Schaum FM350 Perfect Foam Pro 880ml\"}]},{\"@type\":\"WebSite\",\"@id\":\"https:\/\/schroevendump.nl\/de\/#website\",\"url\":\"https:\/\/schroevendump.nl\/de\/\",\"name\":\"Schroevendump\",\"description\":\"\",\"potentialAction\":[{\"@type\":\"SearchAction\",\"target\":{\"@type\":\"EntryPoint\",\"urlTemplate\":\"https:\/\/schroevendump.nl\/de\/?s={search_term_string}\"},\"query-input\":{\"@type\":\"PropertyValueSpecification\",\"valueRequired\":true,\"valueName\":\"search_term_string\"}}],\"inLanguage\":\"de\"}]}<\/script>\n<!-- \/ Yoast SEO plugin. -->","yoast_head_json":{"title":"illbruck PU-Schaum FM350 Perfect Foam Pro 880ml - Schroevendump","robots":{"index":"index","follow":"follow","max-snippet":"max-snippet:-1","max-image-preview":"max-image-preview:large","max-video-preview":"max-video-preview:-1"},"canonical":"https:\/\/schroevendump.nl\/de\/produkt\/illbruck-pu-schaum-fm350-perfect-foam-pro-880ml\/","og_locale":"de_DE","og_type":"article","og_title":"illbruck PU-Schaum FM350 Perfect Foam Pro 880ml - Schroevendump","og_description":"Vorteile Mehr Meter (+50%) Ertrag im Vergleich zu einem Standardbus \u00e4hnlicher Gr\u00f6\u00dfe Kann bis zu -10\u00b0C angewendet werden (Temperaturbus &gt;5\u00b0C) Widerstandsf\u00e4hig gegen Hitze, Wasser und viele Chemikalien Kann \u00fcberstrichen und mit Putz verarbeitet werden Reduziert Abfall und spart Zeit L\u00e4ngere Haltbarkeitsdauer: 24 Monate Anwendung Geeignet zum Abdichten, Isolieren und F\u00fcllen von Anschl\u00fcssen, Fugen, N\u00e4hten und [&hellip;]","og_url":"https:\/\/schroevendump.nl\/de\/produkt\/illbruck-pu-schaum-fm350-perfect-foam-pro-880ml\/","og_site_name":"Schroevendump","article_modified_time":"2025-12-10T11:29:24+00:00","og_image":[{"width":456,"height":456,"url":"https:\/\/schroevendump.nl\/wp-content\/uploads\/2024\/11\/illbruck_FM350_880ml-removebg-preview.png","type":"image\/png"}],"twitter_card":"summary_large_image","twitter_misc":{"Gesch\u00e4tzte Lesezeit":"1\u00a0Minute"},"schema":{"@context":"https:\/\/schema.org","@graph":[{"@type":"WebPage","@id":"https:\/\/schroevendump.nl\/de\/produkt\/illbruck-pu-schaum-fm350-perfect-foam-pro-880ml\/","url":"https:\/\/schroevendump.nl\/de\/produkt\/illbruck-pu-schaum-fm350-perfect-foam-pro-880ml\/","name":"illbruck PU-Schaum FM350 Perfect Foam Pro 880ml - Schroevendump","isPartOf":{"@id":"https:\/\/schroevendump.nl\/de\/#website"},"primaryImageOfPage":{"@id":"https:\/\/schroevendump.nl\/de\/produkt\/illbruck-pu-schaum-fm350-perfect-foam-pro-880ml\/#primaryimage"},"image":{"@id":"https:\/\/schroevendump.nl\/de\/produkt\/illbruck-pu-schaum-fm350-perfect-foam-pro-880ml\/#primaryimage"},"thumbnailUrl":"https:\/\/schroevendump.nl\/wp-content\/uploads\/2024\/11\/illbruck_FM350_880ml-removebg-preview.png","datePublished":"2024-11-30T11:41:51+00:00","dateModified":"2025-12-10T11:29:24+00:00","breadcrumb":{"@id":"https:\/\/schroevendump.nl\/de\/produkt\/illbruck-pu-schaum-fm350-perfect-foam-pro-880ml\/#breadcrumb"},"inLanguage":"de","potentialAction":[{"@type":"ReadAction","target":["https:\/\/schroevendump.nl\/de\/produkt\/illbruck-pu-schaum-fm350-perfect-foam-pro-880ml\/"]}]},{"@type":"ImageObject","inLanguage":"de","@id":"https:\/\/schroevendump.nl\/de\/produkt\/illbruck-pu-schaum-fm350-perfect-foam-pro-880ml\/#primaryimage","url":"https:\/\/schroevendump.nl\/wp-content\/uploads\/2024\/11\/illbruck_FM350_880ml-removebg-preview.png","contentUrl":"https:\/\/schroevendump.nl\/wp-content\/uploads\/2024\/11\/illbruck_FM350_880ml-removebg-preview.png","width":456,"height":456},{"@type":"BreadcrumbList","@id":"https:\/\/schroevendump.nl\/de\/produkt\/illbruck-pu-schaum-fm350-perfect-foam-pro-880ml\/#breadcrumb","itemListElement":[{"@type":"ListItem","position":1,"name":"Startseite","item":"https:\/\/schroevendump.nl\/de\/"},{"@type":"ListItem","position":2,"name":"Shop","item":"https:\/\/schroevendump.nl\/de\/shop\/"},{"@type":"ListItem","position":3,"name":"illbruck PU-Schaum FM350 Perfect Foam Pro 880ml"}]},{"@type":"WebSite","@id":"https:\/\/schroevendump.nl\/de\/#website","url":"https:\/\/schroevendump.nl\/de\/","name":"Schroevendump","description":"","potentialAction":[{"@type":"SearchAction","target":{"@type":"EntryPoint","urlTemplate":"https:\/\/schroevendump.nl\/de\/?s={search_term_string}"},"query-input":{"@type":"PropertyValueSpecification","valueRequired":true,"valueName":"search_term_string"}}],"inLanguage":"de"}]}},"_links":{"self":[{"href":"https:\/\/schroevendump.nl\/de\/wp-json\/wp\/v2\/product\/28211","targetHints":{"allow":["GET"]}}],"collection":[{"href":"https:\/\/schroevendump.nl\/de\/wp-json\/wp\/v2\/product"}],"about":[{"href":"https:\/\/schroevendump.nl\/de\/wp-json\/wp\/v2\/types\/product"}],"replies":[{"embeddable":true,"href":"https:\/\/schroevendump.nl\/de\/wp-json\/wp\/v2\/comments?post=28211"}],"wp:featuredmedia":[{"embeddable":true,"href":"https:\/\/schroevendump.nl\/de\/wp-json\/wp\/v2\/media\/28215"}],"wp:attachment":[{"href":"https:\/\/schroevendump.nl\/de\/wp-json\/wp\/v2\/media?parent=28211"}],"wp:term":[{"taxonomy":"product_brand","embeddable":true,"href":"https:\/\/schroevendump.nl\/de\/wp-json\/wp\/v2\/product_brand?post=28211"},{"taxonomy":"product_cat","embeddable":true,"href":"https:\/\/schroevendump.nl\/de\/wp-json\/wp\/v2\/product_cat?post=28211"},{"taxonomy":"product_tag","embeddable":true,"href":"https:\/\/schroevendump.nl\/de\/wp-json\/wp\/v2\/product_tag?post=28211"}],"curies":[{"name":"wp","href":"https:\/\/api.w.org\/{rel}","templated":true}]}}