{"id":28216,"date":"2024-11-30T11:10:01","date_gmt":"2024-11-30T11:10:01","guid":{"rendered":"https:\/\/schroevendump.nl\/product\/pur-reiniger-waffenreiniger-500ml-p50\/"},"modified":"2025-12-10T11:29:30","modified_gmt":"2025-12-10T11:29:30","slug":"pur-reiniger-waffenreiniger-500ml-p50","status":"publish","type":"product","link":"https:\/\/schroevendump.nl\/de\/produkt\/pur-reiniger-waffenreiniger-500ml-p50\/","title":{"rendered":"PUR Reiniger &amp; Waffenreiniger 500ml P50"},"content":{"rendered":"<p><span class=\"relative -mx-px my-[-0.2rem] rounded px-px py-[0.2rem] transition-colors duration-100 ease-in-out\"><strong>Bitte beachten Sie, dass das Etikett auf dem erhaltenen Paket von der Produktabbildung abweichen kann. Wir sind gerade dabei, auf ein neues Etikett umzustellen. <\/strong><\/span><\/p>\n<p>VERARBEITUNG<br \/>\nVorbereitung<br \/>\n&#8211; Es wird empfohlen, Vorversuche auf jedem Untergrund durchzuf\u00fchren.<br \/>\nAnwendung<br \/>\n&#8211; Um frischen PU-Schaum oder PU-Kleber zu entfernen, setzen Sie die Spr\u00fchspitze auf das Ventil des PU Foam &amp; Gun Cleaner<br \/>\n. Halten Sie den Reiniger in die richtige Spr\u00fchrichtung und dr\u00fccken Sie die Spr\u00fchspitze herunter. Entfernen Sie nach dem Gebrauch die Spr\u00fchspitze<br \/>\n.<br \/>\n&#8211; Zum Reinigen der PU-Schaumpistole: Drehen Sie die Schaumdose vom Adapter ab, wobei die Pistole auf den Kopf gestellt wird. Entfernen Sie<x id=\"gid_7\"><\/x>frische Schaumreste von der D\u00fcse und dem Adapter mit dem Cleaner. Drehen Sie dann den Reiniger auf den Adapter und<br \/>\nhalten Sie die Pistole dabei umgedreht.<br \/>\n&#8211; Bet\u00e4tigen Sie den Abzug, so dass die Pistole mit Fl\u00fcssigkeit gef\u00fcllt ist. Spr\u00fchen Sie, bis alle Schaumreste von der Pistole entfernt sind<br \/>\n. Lassen Sie die Fl\u00fcssigkeit mehrere Minuten lang einwirken. Bet\u00e4tigen Sie den Abzug erneut, bis alle verbleibenden<br \/>\nR\u00fcckst\u00e4nde verschwunden sind.<br \/>\n&#8211; Drehen Sie schlie\u00dflich den Reiniger von der Pistole ab. Bet\u00e4tigen Sie den Abzug, bis die Pistole vollst\u00e4ndig entleert ist. Die Pistole ist nun<br \/>\ngereinigt und kann verwendet oder f\u00fcr einen l\u00e4ngeren Zeitraum beiseite gelegt werden.         <\/p>\n","protected":false},"excerpt":{"rendered":"<p>Bitte beachten Sie, dass das Etikett auf dem erhaltenen Paket von der Produktabbildung abweichen kann. Wir sind gerade dabei, auf ein neues Etikett umzustellen. VERARBEITUNG Vorbereitung &#8211; Es wird empfohlen, Vorversuche auf jedem Untergrund durchzuf\u00fchren. Anwendung &#8211; Um frischen PU-Schaum oder PU-Kleber zu entfernen, setzen Sie die Spr\u00fchspitze auf das Ventil des PU Foam &amp; [&hellip;]<\/p>\n","protected":false},"featured_media":28220,"comment_status":"open","ping_status":"closed","template":"","meta":[],"product_brand":[],"product_cat":[790],"product_tag":[],"class_list":{"0":"post-28216","1":"product","2":"type-product","3":"status-publish","4":"has-post-thumbnail","6":"product_cat-reiner-schaum","8":"first","9":"outofstock","10":"sale","11":"taxable","12":"shipping-taxable","13":"purchasable","14":"product-type-simple"},"supplier_id":null,"supplier_sku":"","barcode":null,"atum_controlled":true,"out_stock_date":"2026-03-25 14:23:03","out_stock_threshold":null,"inheritable":false,"inbound_stock":0,"stock_on_hold":4,"sold_today":0,"sales_last_days":0,"reserved_stock":0,"customer_returns":0,"warehouse_damage":0,"lost_in_post":0,"other_logs":0,"out_stock_days":24,"lost_sales":282,"has_location":false,"update_date":"2026-04-18T19:02:32","atum_locations":[],"atum_stock_status":"outofstock","restock_status":false,"low_stock_amount":"","sales_update_date":"2026-04-18T19:02:32","calc_backorders":null,"acf":[],"yoast_head":"<!-- This site is optimized with the Yoast SEO plugin v26.6 - https:\/\/yoast.com\/wordpress\/plugins\/seo\/ -->\n<title>PUR Reiniger &amp; Waffenreiniger 500ml P50 - Schroevendump<\/title>\n<meta name=\"robots\" content=\"index, follow, max-snippet:-1, max-image-preview:large, max-video-preview:-1\" \/>\n<link rel=\"canonical\" href=\"https:\/\/schroevendump.nl\/de\/produkt\/pur-reiniger-waffenreiniger-500ml-p50\/\" \/>\n<meta property=\"og:locale\" content=\"de_DE\" \/>\n<meta property=\"og:type\" content=\"article\" \/>\n<meta property=\"og:title\" content=\"PUR Reiniger &amp; Waffenreiniger 500ml P50 - Schroevendump\" \/>\n<meta property=\"og:description\" content=\"Bitte beachten Sie, dass das Etikett auf dem erhaltenen Paket von der Produktabbildung abweichen kann. Wir sind gerade dabei, auf ein neues Etikett umzustellen. VERARBEITUNG Vorbereitung &#8211; Es wird empfohlen, Vorversuche auf jedem Untergrund durchzuf\u00fchren. Anwendung &#8211; Um frischen PU-Schaum oder PU-Kleber zu entfernen, setzen Sie die Spr\u00fchspitze auf das Ventil des PU Foam &amp; [&hellip;]\" \/>\n<meta property=\"og:url\" content=\"https:\/\/schroevendump.nl\/de\/produkt\/pur-reiniger-waffenreiniger-500ml-p50\/\" \/>\n<meta property=\"og:site_name\" content=\"Schroevendump\" \/>\n<meta property=\"article:modified_time\" content=\"2025-12-10T11:29:30+00:00\" \/>\n<meta property=\"og:image\" content=\"https:\/\/schroevendump.nl\/wp-content\/uploads\/2024\/11\/Mockup-Schroevendump-P50-Foam-Cleaner-07-25.png\" \/>\n\t<meta property=\"og:image:width\" content=\"1500\" \/>\n\t<meta property=\"og:image:height\" content=\"1500\" \/>\n\t<meta property=\"og:image:type\" content=\"image\/png\" \/>\n<meta name=\"twitter:card\" content=\"summary_large_image\" \/>\n<meta name=\"twitter:label1\" content=\"Gesch\u00e4tzte Lesezeit\" \/>\n\t<meta name=\"twitter:data1\" content=\"1\u00a0Minute\" \/>\n<script type=\"application\/ld+json\" class=\"yoast-schema-graph\">{\"@context\":\"https:\/\/schema.org\",\"@graph\":[{\"@type\":\"WebPage\",\"@id\":\"https:\/\/schroevendump.nl\/de\/produkt\/pur-reiniger-waffenreiniger-500ml-p50\/\",\"url\":\"https:\/\/schroevendump.nl\/de\/produkt\/pur-reiniger-waffenreiniger-500ml-p50\/\",\"name\":\"PUR Reiniger &amp; Waffenreiniger 500ml P50 - Schroevendump\",\"isPartOf\":{\"@id\":\"https:\/\/schroevendump.nl\/de\/#website\"},\"primaryImageOfPage\":{\"@id\":\"https:\/\/schroevendump.nl\/de\/produkt\/pur-reiniger-waffenreiniger-500ml-p50\/#primaryimage\"},\"image\":{\"@id\":\"https:\/\/schroevendump.nl\/de\/produkt\/pur-reiniger-waffenreiniger-500ml-p50\/#primaryimage\"},\"thumbnailUrl\":\"https:\/\/schroevendump.nl\/wp-content\/uploads\/2024\/11\/Mockup-Schroevendump-P50-Foam-Cleaner-07-25.png\",\"datePublished\":\"2024-11-30T11:10:01+00:00\",\"dateModified\":\"2025-12-10T11:29:30+00:00\",\"breadcrumb\":{\"@id\":\"https:\/\/schroevendump.nl\/de\/produkt\/pur-reiniger-waffenreiniger-500ml-p50\/#breadcrumb\"},\"inLanguage\":\"de\",\"potentialAction\":[{\"@type\":\"ReadAction\",\"target\":[\"https:\/\/schroevendump.nl\/de\/produkt\/pur-reiniger-waffenreiniger-500ml-p50\/\"]}]},{\"@type\":\"ImageObject\",\"inLanguage\":\"de\",\"@id\":\"https:\/\/schroevendump.nl\/de\/produkt\/pur-reiniger-waffenreiniger-500ml-p50\/#primaryimage\",\"url\":\"https:\/\/schroevendump.nl\/wp-content\/uploads\/2024\/11\/Mockup-Schroevendump-P50-Foam-Cleaner-07-25.png\",\"contentUrl\":\"https:\/\/schroevendump.nl\/wp-content\/uploads\/2024\/11\/Mockup-Schroevendump-P50-Foam-Cleaner-07-25.png\",\"width\":1500,\"height\":1500},{\"@type\":\"BreadcrumbList\",\"@id\":\"https:\/\/schroevendump.nl\/de\/produkt\/pur-reiniger-waffenreiniger-500ml-p50\/#breadcrumb\",\"itemListElement\":[{\"@type\":\"ListItem\",\"position\":1,\"name\":\"Startseite\",\"item\":\"https:\/\/schroevendump.nl\/de\/\"},{\"@type\":\"ListItem\",\"position\":2,\"name\":\"Shop\",\"item\":\"https:\/\/schroevendump.nl\/de\/shop\/\"},{\"@type\":\"ListItem\",\"position\":3,\"name\":\"PUR Reiniger &amp; Waffenreiniger 500ml P50\"}]},{\"@type\":\"WebSite\",\"@id\":\"https:\/\/schroevendump.nl\/de\/#website\",\"url\":\"https:\/\/schroevendump.nl\/de\/\",\"name\":\"Schroevendump\",\"description\":\"\",\"potentialAction\":[{\"@type\":\"SearchAction\",\"target\":{\"@type\":\"EntryPoint\",\"urlTemplate\":\"https:\/\/schroevendump.nl\/de\/?s={search_term_string}\"},\"query-input\":{\"@type\":\"PropertyValueSpecification\",\"valueRequired\":true,\"valueName\":\"search_term_string\"}}],\"inLanguage\":\"de\"}]}<\/script>\n<!-- \/ Yoast SEO plugin. -->","yoast_head_json":{"title":"PUR Reiniger &amp; Waffenreiniger 500ml P50 - Schroevendump","robots":{"index":"index","follow":"follow","max-snippet":"max-snippet:-1","max-image-preview":"max-image-preview:large","max-video-preview":"max-video-preview:-1"},"canonical":"https:\/\/schroevendump.nl\/de\/produkt\/pur-reiniger-waffenreiniger-500ml-p50\/","og_locale":"de_DE","og_type":"article","og_title":"PUR Reiniger &amp; Waffenreiniger 500ml P50 - Schroevendump","og_description":"Bitte beachten Sie, dass das Etikett auf dem erhaltenen Paket von der Produktabbildung abweichen kann. Wir sind gerade dabei, auf ein neues Etikett umzustellen. VERARBEITUNG Vorbereitung &#8211; Es wird empfohlen, Vorversuche auf jedem Untergrund durchzuf\u00fchren. Anwendung &#8211; Um frischen PU-Schaum oder PU-Kleber zu entfernen, setzen Sie die Spr\u00fchspitze auf das Ventil des PU Foam &amp; [&hellip;]","og_url":"https:\/\/schroevendump.nl\/de\/produkt\/pur-reiniger-waffenreiniger-500ml-p50\/","og_site_name":"Schroevendump","article_modified_time":"2025-12-10T11:29:30+00:00","og_image":[{"width":1500,"height":1500,"url":"https:\/\/schroevendump.nl\/wp-content\/uploads\/2024\/11\/Mockup-Schroevendump-P50-Foam-Cleaner-07-25.png","type":"image\/png"}],"twitter_card":"summary_large_image","twitter_misc":{"Gesch\u00e4tzte Lesezeit":"1\u00a0Minute"},"schema":{"@context":"https:\/\/schema.org","@graph":[{"@type":"WebPage","@id":"https:\/\/schroevendump.nl\/de\/produkt\/pur-reiniger-waffenreiniger-500ml-p50\/","url":"https:\/\/schroevendump.nl\/de\/produkt\/pur-reiniger-waffenreiniger-500ml-p50\/","name":"PUR Reiniger &amp; Waffenreiniger 500ml P50 - Schroevendump","isPartOf":{"@id":"https:\/\/schroevendump.nl\/de\/#website"},"primaryImageOfPage":{"@id":"https:\/\/schroevendump.nl\/de\/produkt\/pur-reiniger-waffenreiniger-500ml-p50\/#primaryimage"},"image":{"@id":"https:\/\/schroevendump.nl\/de\/produkt\/pur-reiniger-waffenreiniger-500ml-p50\/#primaryimage"},"thumbnailUrl":"https:\/\/schroevendump.nl\/wp-content\/uploads\/2024\/11\/Mockup-Schroevendump-P50-Foam-Cleaner-07-25.png","datePublished":"2024-11-30T11:10:01+00:00","dateModified":"2025-12-10T11:29:30+00:00","breadcrumb":{"@id":"https:\/\/schroevendump.nl\/de\/produkt\/pur-reiniger-waffenreiniger-500ml-p50\/#breadcrumb"},"inLanguage":"de","potentialAction":[{"@type":"ReadAction","target":["https:\/\/schroevendump.nl\/de\/produkt\/pur-reiniger-waffenreiniger-500ml-p50\/"]}]},{"@type":"ImageObject","inLanguage":"de","@id":"https:\/\/schroevendump.nl\/de\/produkt\/pur-reiniger-waffenreiniger-500ml-p50\/#primaryimage","url":"https:\/\/schroevendump.nl\/wp-content\/uploads\/2024\/11\/Mockup-Schroevendump-P50-Foam-Cleaner-07-25.png","contentUrl":"https:\/\/schroevendump.nl\/wp-content\/uploads\/2024\/11\/Mockup-Schroevendump-P50-Foam-Cleaner-07-25.png","width":1500,"height":1500},{"@type":"BreadcrumbList","@id":"https:\/\/schroevendump.nl\/de\/produkt\/pur-reiniger-waffenreiniger-500ml-p50\/#breadcrumb","itemListElement":[{"@type":"ListItem","position":1,"name":"Startseite","item":"https:\/\/schroevendump.nl\/de\/"},{"@type":"ListItem","position":2,"name":"Shop","item":"https:\/\/schroevendump.nl\/de\/shop\/"},{"@type":"ListItem","position":3,"name":"PUR Reiniger &amp; Waffenreiniger 500ml P50"}]},{"@type":"WebSite","@id":"https:\/\/schroevendump.nl\/de\/#website","url":"https:\/\/schroevendump.nl\/de\/","name":"Schroevendump","description":"","potentialAction":[{"@type":"SearchAction","target":{"@type":"EntryPoint","urlTemplate":"https:\/\/schroevendump.nl\/de\/?s={search_term_string}"},"query-input":{"@type":"PropertyValueSpecification","valueRequired":true,"valueName":"search_term_string"}}],"inLanguage":"de"}]}},"_links":{"self":[{"href":"https:\/\/schroevendump.nl\/de\/wp-json\/wp\/v2\/product\/28216","targetHints":{"allow":["GET"]}}],"collection":[{"href":"https:\/\/schroevendump.nl\/de\/wp-json\/wp\/v2\/product"}],"about":[{"href":"https:\/\/schroevendump.nl\/de\/wp-json\/wp\/v2\/types\/product"}],"replies":[{"embeddable":true,"href":"https:\/\/schroevendump.nl\/de\/wp-json\/wp\/v2\/comments?post=28216"}],"wp:featuredmedia":[{"embeddable":true,"href":"https:\/\/schroevendump.nl\/de\/wp-json\/wp\/v2\/media\/28220"}],"wp:attachment":[{"href":"https:\/\/schroevendump.nl\/de\/wp-json\/wp\/v2\/media?parent=28216"}],"wp:term":[{"taxonomy":"product_brand","embeddable":true,"href":"https:\/\/schroevendump.nl\/de\/wp-json\/wp\/v2\/product_brand?post=28216"},{"taxonomy":"product_cat","embeddable":true,"href":"https:\/\/schroevendump.nl\/de\/wp-json\/wp\/v2\/product_cat?post=28216"},{"taxonomy":"product_tag","embeddable":true,"href":"https:\/\/schroevendump.nl\/de\/wp-json\/wp\/v2\/product_tag?post=28216"}],"curies":[{"name":"wp","href":"https:\/\/api.w.org\/{rel}","templated":true}]}}