{"id":28223,"date":"2024-11-30T11:28:37","date_gmt":"2024-11-30T11:28:37","guid":{"rendered":"https:\/\/schroevendump.nl\/product\/illbruck-pu-schaum-fm330-perfect-elastic-foam-pro-880ml\/"},"modified":"2025-12-10T11:29:03","modified_gmt":"2025-12-10T11:29:03","slug":"illbruck-pu-schaum-fm330-perfect-elastic-foam-pro-880ml","status":"publish","type":"product","link":"https:\/\/schroevendump.nl\/de\/produkt\/illbruck-pu-schaum-fm330-perfect-elastic-foam-pro-880ml\/","title":{"rendered":"illbruck PU-Schaum FM330 Perfect Elastic Foam Pro 880ml"},"content":{"rendered":"<p><strong>illbruck FM330 Perfekter elastischer Schaum Pro 880 ml<\/strong><\/p>\n<p>&nbsp;<\/p>\n<p>Vorbereitung<\/p>\n<ul>\n<li>Der Untergrund muss leicht feucht, ausreichend tragf\u00e4hig und frei von Staub und Fett sein.<\/li>\n<li>Befeuchten Sie (por\u00f6se) Substrate ggf. vorher, z.B. mit einem Pflanzenspr\u00fcher.<\/li>\n<li>Sichern Sie verformbare Geb\u00e4udeteile, wie z.B. D\u00e4mmplatten, ausreichend im Voraus.<\/li>\n<\/ul>\n<p>Verarbeitung<\/p>\n<ul>\n<li>Sch\u00fctteln Sie den Kanister vor jeder Anwendung mindestens 20 Sekunden lang kr\u00e4ftig.<\/li>\n<li>Spr\u00fchen Sie den Adapterring der Pistole rechtzeitig mit AA291 Adapter Lubricant Spray ein. Dies verl\u00e4ngert die Lebensdauer der Pistole und verhindert das Anhaften von Schaum, die Besch\u00e4digung des Kanisterventils und das Auslaufen des Kanisters. <\/li>\n<li>Entfernen Sie dann die Schutzkappe vom Kanister und schrauben Sie ihn auf die Pistole oder bringen Sie die AA210 Spr\u00fchd\u00fcse an.<\/li>\n<li>Wenn Sie eine Pistole verwenden, k\u00f6nnen Sie die Schaummenge \u00fcber den Abzug und die Einstellung der Dosierschraube an der Pistole steuern.<\/li>\n<li>F\u00fcllen Sie ca. 90% der Fuge. Bei Fugen, die breiter als 30 mm und tiefer als 70 mm sind, tragen Sie den Schaum in mehreren Schichten in Abst\u00e4nden von 1 bis 2 Stunden auf. Feuchten Sie den Schaum leicht an, bevor Sie die n\u00e4chste Schicht auftragen.  <\/li>\n<li>Wenn Sie den Kanister wiederverwenden, sch\u00fctteln Sie ihn immer wieder. Die Pistole kann bis zu 4 Wochen auf der Dose bleiben, wenn sie aufrecht gelagert wird. <\/li>\n<li>F\u00fcr optimale Ergebnisse empfehlen wir die Verwendung der AA250 Foam Gun Pro oder AA270 Foam Gun Ultra.<\/li>\n<\/ul>\n<p><strong>Material<\/strong><\/p>\n<p>Ein 1-Komponenten-Polyurethanschaum, der durch Feuchtigkeitsaufnahme aus der Luft und\/oder dem Untergrund aush\u00e4rtet. FM330 ist frei von FCKW, HFCKW und HFKW. <\/p>\n<p>Der FM330 haftet hervorragend auf den meisten Untergr\u00fcnden wie: Beton, Mauerwerk, Stein, Putz, Holz, Faserzement, Metall, aber auch auf Kunststoffen wie Polystyrol, PU-Schaum, Polyester und Hart-PVC.<\/p>\n","protected":false},"excerpt":{"rendered":"<p>illbruck FM330 Perfekter elastischer Schaum Pro 880 ml &nbsp; Vorbereitung Der Untergrund muss leicht feucht, ausreichend tragf\u00e4hig und frei von Staub und Fett sein. Befeuchten Sie (por\u00f6se) Substrate ggf. vorher, z.B. mit einem Pflanzenspr\u00fcher. Sichern Sie verformbare Geb\u00e4udeteile, wie z.B. D\u00e4mmplatten, ausreichend im Voraus. Verarbeitung Sch\u00fctteln Sie den Kanister vor jeder Anwendung mindestens 20 Sekunden [&hellip;]<\/p>\n","protected":false},"featured_media":28225,"comment_status":"closed","ping_status":"closed","template":"","meta":[],"product_brand":[],"product_cat":[790],"product_tag":[],"class_list":{"0":"post-28223","1":"product","2":"type-product","3":"status-publish","4":"has-post-thumbnail","6":"product_cat-reiner-schaum","8":"first","9":"instock","10":"taxable","11":"shipping-taxable","12":"purchasable","13":"product-type-simple"},"supplier_id":null,"supplier_sku":"","barcode":null,"atum_controlled":true,"out_stock_date":null,"out_stock_threshold":null,"inheritable":false,"inbound_stock":0,"stock_on_hold":0,"sold_today":0,"sales_last_days":0,"reserved_stock":0,"customer_returns":0,"warehouse_damage":0,"lost_in_post":0,"other_logs":0,"out_stock_days":0,"lost_sales":0,"has_location":false,"update_date":"2026-04-18T01:05:27","atum_locations":[],"atum_stock_status":"instock","restock_status":false,"low_stock_amount":"","sales_update_date":"2026-04-18T01:05:27","calc_backorders":null,"acf":[],"yoast_head":"<!-- This site is optimized with the Yoast SEO plugin v26.6 - https:\/\/yoast.com\/wordpress\/plugins\/seo\/ -->\n<title>illbruck PU-Schaum FM330 Perfect Elastic Foam Pro 880ml - Schroevendump<\/title>\n<meta name=\"robots\" content=\"index, follow, max-snippet:-1, max-image-preview:large, max-video-preview:-1\" \/>\n<link rel=\"canonical\" href=\"https:\/\/schroevendump.nl\/de\/produkt\/illbruck-pu-schaum-fm330-perfect-elastic-foam-pro-880ml\/\" \/>\n<meta property=\"og:locale\" content=\"de_DE\" \/>\n<meta property=\"og:type\" content=\"article\" \/>\n<meta property=\"og:title\" content=\"illbruck PU-Schaum FM330 Perfect Elastic Foam Pro 880ml - Schroevendump\" \/>\n<meta property=\"og:description\" content=\"illbruck FM330 Perfekter elastischer Schaum Pro 880 ml &nbsp; Vorbereitung Der Untergrund muss leicht feucht, ausreichend tragf\u00e4hig und frei von Staub und Fett sein. Befeuchten Sie (por\u00f6se) Substrate ggf. vorher, z.B. mit einem Pflanzenspr\u00fcher. Sichern Sie verformbare Geb\u00e4udeteile, wie z.B. D\u00e4mmplatten, ausreichend im Voraus. Verarbeitung Sch\u00fctteln Sie den Kanister vor jeder Anwendung mindestens 20 Sekunden [&hellip;]\" \/>\n<meta property=\"og:url\" content=\"https:\/\/schroevendump.nl\/de\/produkt\/illbruck-pu-schaum-fm330-perfect-elastic-foam-pro-880ml\/\" \/>\n<meta property=\"og:site_name\" content=\"Schroevendump\" \/>\n<meta property=\"article:modified_time\" content=\"2025-12-10T11:29:03+00:00\" \/>\n<meta property=\"og:image\" content=\"https:\/\/schroevendump.nl\/wp-content\/uploads\/2024\/11\/illbruck_FM330_880ml.png\" \/>\n\t<meta property=\"og:image:width\" content=\"456\" \/>\n\t<meta property=\"og:image:height\" content=\"456\" \/>\n\t<meta property=\"og:image:type\" content=\"image\/png\" \/>\n<meta name=\"twitter:card\" content=\"summary_large_image\" \/>\n<meta name=\"twitter:label1\" content=\"Gesch\u00e4tzte Lesezeit\" \/>\n\t<meta name=\"twitter:data1\" content=\"1\u00a0Minute\" \/>\n<script type=\"application\/ld+json\" class=\"yoast-schema-graph\">{\"@context\":\"https:\/\/schema.org\",\"@graph\":[{\"@type\":\"WebPage\",\"@id\":\"https:\/\/schroevendump.nl\/de\/produkt\/illbruck-pu-schaum-fm330-perfect-elastic-foam-pro-880ml\/\",\"url\":\"https:\/\/schroevendump.nl\/de\/produkt\/illbruck-pu-schaum-fm330-perfect-elastic-foam-pro-880ml\/\",\"name\":\"illbruck PU-Schaum FM330 Perfect Elastic Foam Pro 880ml - Schroevendump\",\"isPartOf\":{\"@id\":\"https:\/\/schroevendump.nl\/de\/#website\"},\"primaryImageOfPage\":{\"@id\":\"https:\/\/schroevendump.nl\/de\/produkt\/illbruck-pu-schaum-fm330-perfect-elastic-foam-pro-880ml\/#primaryimage\"},\"image\":{\"@id\":\"https:\/\/schroevendump.nl\/de\/produkt\/illbruck-pu-schaum-fm330-perfect-elastic-foam-pro-880ml\/#primaryimage\"},\"thumbnailUrl\":\"https:\/\/schroevendump.nl\/wp-content\/uploads\/2024\/11\/illbruck_FM330_880ml.png\",\"datePublished\":\"2024-11-30T11:28:37+00:00\",\"dateModified\":\"2025-12-10T11:29:03+00:00\",\"breadcrumb\":{\"@id\":\"https:\/\/schroevendump.nl\/de\/produkt\/illbruck-pu-schaum-fm330-perfect-elastic-foam-pro-880ml\/#breadcrumb\"},\"inLanguage\":\"de\",\"potentialAction\":[{\"@type\":\"ReadAction\",\"target\":[\"https:\/\/schroevendump.nl\/de\/produkt\/illbruck-pu-schaum-fm330-perfect-elastic-foam-pro-880ml\/\"]}]},{\"@type\":\"ImageObject\",\"inLanguage\":\"de\",\"@id\":\"https:\/\/schroevendump.nl\/de\/produkt\/illbruck-pu-schaum-fm330-perfect-elastic-foam-pro-880ml\/#primaryimage\",\"url\":\"https:\/\/schroevendump.nl\/wp-content\/uploads\/2024\/11\/illbruck_FM330_880ml.png\",\"contentUrl\":\"https:\/\/schroevendump.nl\/wp-content\/uploads\/2024\/11\/illbruck_FM330_880ml.png\",\"width\":456,\"height\":456},{\"@type\":\"BreadcrumbList\",\"@id\":\"https:\/\/schroevendump.nl\/de\/produkt\/illbruck-pu-schaum-fm330-perfect-elastic-foam-pro-880ml\/#breadcrumb\",\"itemListElement\":[{\"@type\":\"ListItem\",\"position\":1,\"name\":\"Startseite\",\"item\":\"https:\/\/schroevendump.nl\/de\/\"},{\"@type\":\"ListItem\",\"position\":2,\"name\":\"Shop\",\"item\":\"https:\/\/schroevendump.nl\/de\/shop\/\"},{\"@type\":\"ListItem\",\"position\":3,\"name\":\"illbruck PU-Schaum FM330 Perfect Elastic Foam Pro 880ml\"}]},{\"@type\":\"WebSite\",\"@id\":\"https:\/\/schroevendump.nl\/de\/#website\",\"url\":\"https:\/\/schroevendump.nl\/de\/\",\"name\":\"Schroevendump\",\"description\":\"\",\"potentialAction\":[{\"@type\":\"SearchAction\",\"target\":{\"@type\":\"EntryPoint\",\"urlTemplate\":\"https:\/\/schroevendump.nl\/de\/?s={search_term_string}\"},\"query-input\":{\"@type\":\"PropertyValueSpecification\",\"valueRequired\":true,\"valueName\":\"search_term_string\"}}],\"inLanguage\":\"de\"}]}<\/script>\n<!-- \/ Yoast SEO plugin. -->","yoast_head_json":{"title":"illbruck PU-Schaum FM330 Perfect Elastic Foam Pro 880ml - Schroevendump","robots":{"index":"index","follow":"follow","max-snippet":"max-snippet:-1","max-image-preview":"max-image-preview:large","max-video-preview":"max-video-preview:-1"},"canonical":"https:\/\/schroevendump.nl\/de\/produkt\/illbruck-pu-schaum-fm330-perfect-elastic-foam-pro-880ml\/","og_locale":"de_DE","og_type":"article","og_title":"illbruck PU-Schaum FM330 Perfect Elastic Foam Pro 880ml - Schroevendump","og_description":"illbruck FM330 Perfekter elastischer Schaum Pro 880 ml &nbsp; Vorbereitung Der Untergrund muss leicht feucht, ausreichend tragf\u00e4hig und frei von Staub und Fett sein. Befeuchten Sie (por\u00f6se) Substrate ggf. vorher, z.B. mit einem Pflanzenspr\u00fcher. Sichern Sie verformbare Geb\u00e4udeteile, wie z.B. D\u00e4mmplatten, ausreichend im Voraus. Verarbeitung Sch\u00fctteln Sie den Kanister vor jeder Anwendung mindestens 20 Sekunden [&hellip;]","og_url":"https:\/\/schroevendump.nl\/de\/produkt\/illbruck-pu-schaum-fm330-perfect-elastic-foam-pro-880ml\/","og_site_name":"Schroevendump","article_modified_time":"2025-12-10T11:29:03+00:00","og_image":[{"width":456,"height":456,"url":"https:\/\/schroevendump.nl\/wp-content\/uploads\/2024\/11\/illbruck_FM330_880ml.png","type":"image\/png"}],"twitter_card":"summary_large_image","twitter_misc":{"Gesch\u00e4tzte Lesezeit":"1\u00a0Minute"},"schema":{"@context":"https:\/\/schema.org","@graph":[{"@type":"WebPage","@id":"https:\/\/schroevendump.nl\/de\/produkt\/illbruck-pu-schaum-fm330-perfect-elastic-foam-pro-880ml\/","url":"https:\/\/schroevendump.nl\/de\/produkt\/illbruck-pu-schaum-fm330-perfect-elastic-foam-pro-880ml\/","name":"illbruck PU-Schaum FM330 Perfect Elastic Foam Pro 880ml - Schroevendump","isPartOf":{"@id":"https:\/\/schroevendump.nl\/de\/#website"},"primaryImageOfPage":{"@id":"https:\/\/schroevendump.nl\/de\/produkt\/illbruck-pu-schaum-fm330-perfect-elastic-foam-pro-880ml\/#primaryimage"},"image":{"@id":"https:\/\/schroevendump.nl\/de\/produkt\/illbruck-pu-schaum-fm330-perfect-elastic-foam-pro-880ml\/#primaryimage"},"thumbnailUrl":"https:\/\/schroevendump.nl\/wp-content\/uploads\/2024\/11\/illbruck_FM330_880ml.png","datePublished":"2024-11-30T11:28:37+00:00","dateModified":"2025-12-10T11:29:03+00:00","breadcrumb":{"@id":"https:\/\/schroevendump.nl\/de\/produkt\/illbruck-pu-schaum-fm330-perfect-elastic-foam-pro-880ml\/#breadcrumb"},"inLanguage":"de","potentialAction":[{"@type":"ReadAction","target":["https:\/\/schroevendump.nl\/de\/produkt\/illbruck-pu-schaum-fm330-perfect-elastic-foam-pro-880ml\/"]}]},{"@type":"ImageObject","inLanguage":"de","@id":"https:\/\/schroevendump.nl\/de\/produkt\/illbruck-pu-schaum-fm330-perfect-elastic-foam-pro-880ml\/#primaryimage","url":"https:\/\/schroevendump.nl\/wp-content\/uploads\/2024\/11\/illbruck_FM330_880ml.png","contentUrl":"https:\/\/schroevendump.nl\/wp-content\/uploads\/2024\/11\/illbruck_FM330_880ml.png","width":456,"height":456},{"@type":"BreadcrumbList","@id":"https:\/\/schroevendump.nl\/de\/produkt\/illbruck-pu-schaum-fm330-perfect-elastic-foam-pro-880ml\/#breadcrumb","itemListElement":[{"@type":"ListItem","position":1,"name":"Startseite","item":"https:\/\/schroevendump.nl\/de\/"},{"@type":"ListItem","position":2,"name":"Shop","item":"https:\/\/schroevendump.nl\/de\/shop\/"},{"@type":"ListItem","position":3,"name":"illbruck PU-Schaum FM330 Perfect Elastic Foam Pro 880ml"}]},{"@type":"WebSite","@id":"https:\/\/schroevendump.nl\/de\/#website","url":"https:\/\/schroevendump.nl\/de\/","name":"Schroevendump","description":"","potentialAction":[{"@type":"SearchAction","target":{"@type":"EntryPoint","urlTemplate":"https:\/\/schroevendump.nl\/de\/?s={search_term_string}"},"query-input":{"@type":"PropertyValueSpecification","valueRequired":true,"valueName":"search_term_string"}}],"inLanguage":"de"}]}},"_links":{"self":[{"href":"https:\/\/schroevendump.nl\/de\/wp-json\/wp\/v2\/product\/28223","targetHints":{"allow":["GET"]}}],"collection":[{"href":"https:\/\/schroevendump.nl\/de\/wp-json\/wp\/v2\/product"}],"about":[{"href":"https:\/\/schroevendump.nl\/de\/wp-json\/wp\/v2\/types\/product"}],"replies":[{"embeddable":true,"href":"https:\/\/schroevendump.nl\/de\/wp-json\/wp\/v2\/comments?post=28223"}],"wp:featuredmedia":[{"embeddable":true,"href":"https:\/\/schroevendump.nl\/de\/wp-json\/wp\/v2\/media\/28225"}],"wp:attachment":[{"href":"https:\/\/schroevendump.nl\/de\/wp-json\/wp\/v2\/media?parent=28223"}],"wp:term":[{"taxonomy":"product_brand","embeddable":true,"href":"https:\/\/schroevendump.nl\/de\/wp-json\/wp\/v2\/product_brand?post=28223"},{"taxonomy":"product_cat","embeddable":true,"href":"https:\/\/schroevendump.nl\/de\/wp-json\/wp\/v2\/product_cat?post=28223"},{"taxonomy":"product_tag","embeddable":true,"href":"https:\/\/schroevendump.nl\/de\/wp-json\/wp\/v2\/product_tag?post=28223"}],"curies":[{"name":"wp","href":"https:\/\/api.w.org\/{rel}","templated":true}]}}