{"id":28226,"date":"2024-11-30T11:07:41","date_gmt":"2024-11-30T11:07:41","guid":{"rendered":"https:\/\/schroevendump.nl\/product\/schraubendreher-steinkleber-94-pu-stonefix-750ml\/"},"modified":"2025-12-10T11:29:06","modified_gmt":"2025-12-10T11:29:06","slug":"schraubendreher-steinkleber-94-pu-stonefix-750ml","status":"publish","type":"product","link":"https:\/\/schroevendump.nl\/de\/produkt\/schraubendreher-steinkleber-94-pu-stonefix-750ml\/","title":{"rendered":"Schraubendreher Steinkleber 94 PU-Stonefix 750ml"},"content":{"rendered":"<p><b>Vorteile<\/b><\/p>\n<ul>\n<li>Sofort einsatzbereit<\/li>\n<li>  Sehr schnell<\/li>\n<li>  \u00c4u\u00dferst leistungsstark<\/li>\n<li>Einfach zu benutzen<\/li>\n<li>Leicht zu dosieren<\/li>\n<li>Vielseitig einsetzbar.<\/li>\n<li>starke Adh\u00e4sion innerhalb von 30 Minuten<\/li>\n<\/ul>\n<p><b>Bedienung<\/b><br \/>\nZum schnellen Verkleben von Bausteinen an nicht tragenden Innenw\u00e4nden. Dar\u00fcber hinaus kann Screwdump S94 Stonefix auch zum Verkleben von z.B. Palisadenbindern im Garten verwendet werden. Screwdump S94 Stonefix kann also auch im Au\u00dfenbereich zum Verkleben verschiedener Elemente verwendet werden.  <\/p>\n<p>1. Halten Sie den Steinkleber in aufrechter Position, nehmen Sie die Kappe vom Adapter ab und schrauben Sie die Spr\u00fchdose auf die Foamgun.<br \/>\n2. Achten Sie darauf, dass die Foamgun nicht auf andere Personen gerichtet ist, w\u00e4hrend die Spraydose aufgeschraubt ist.<br \/>\n3. Nachdem Sie den Kanister mit 94 Stonefix aufgesetzt haben, sollten Sie ihn mindestens 20 Mal sch\u00fctteln, bevor Sie ihn verwenden k\u00f6nnen.<br \/>\n4. Der Untergrund sollte angefeuchtet sein, da Stonefix auf zuvor angefeuchteten Untergr\u00fcnden besser und schneller aush\u00e4rtet.<br \/>\n5. Bei kaltem Wetter sollte Stonefix in einem warmen Raum oder in warmem Wasser aufgew\u00e4rmt werden. Die Temperatur sollte jedoch 30 Grad nicht \u00fcberschreiten!<x id=\"gid_4\"><\/x>6. Fixieren Sie die Steinoberfl\u00e4chen sofort, nachdem Stonefix aufgetragen wurde.<x id=\"gid_5\"><\/x>7. Nicht ausgeh\u00e4rteter Schaum kann mit dem Foamcleaner entfernt werden. Die H\u00e4nde k\u00f6nnen mit den Reinigungst\u00fcchern gereinigt werden.  <\/p>\n<p>Anwendungen<\/p>\n<div class=\"product-applications-wrap\">\n<div class=\"product-applications collapse show\">\n<p>Die Schroevendump S94 Stonefix wird zum schnellen Verkleben von Bausteinen an nicht tragenden Innenw\u00e4nden verwendet. Dar\u00fcber hinaus kann Screwdump S94 Stonefix auch zum Verkleben von z.B. Palisadenbindern im Garten verwendet werden. Screwdump S94 Stonefix kann also auch im Au\u00dfenbereich zum Verkleben verschiedener Elemente verwendet werden.  <\/p>\n<\/div>\n<\/div>\n","protected":false},"excerpt":{"rendered":"<p>Vorteile Sofort einsatzbereit Sehr schnell \u00c4u\u00dferst leistungsstark Einfach zu benutzen Leicht zu dosieren Vielseitig einsetzbar. starke Adh\u00e4sion innerhalb von 30 Minuten Bedienung Zum schnellen Verkleben von Bausteinen an nicht tragenden Innenw\u00e4nden. Dar\u00fcber hinaus kann Screwdump S94 Stonefix auch zum Verkleben von z.B. Palisadenbindern im Garten verwendet werden. Screwdump S94 Stonefix kann also auch im Au\u00dfenbereich [&hellip;]<\/p>\n","protected":false},"featured_media":28228,"comment_status":"closed","ping_status":"closed","template":"","meta":[],"product_brand":[],"product_cat":[790],"product_tag":[],"class_list":{"0":"post-28226","1":"product","2":"type-product","3":"status-publish","4":"has-post-thumbnail","6":"product_cat-reiner-schaum","8":"first","9":"outofstock","10":"taxable","11":"shipping-taxable","12":"purchasable","13":"product-type-simple"},"supplier_id":null,"supplier_sku":"","barcode":null,"atum_controlled":true,"out_stock_date":"2026-04-01 21:33:35","out_stock_threshold":null,"inheritable":false,"inbound_stock":0,"stock_on_hold":0,"sold_today":0,"sales_last_days":0,"reserved_stock":0,"customer_returns":0,"warehouse_damage":0,"lost_in_post":0,"other_logs":0,"out_stock_days":31,"lost_sales":0,"has_location":false,"update_date":"2026-05-03T01:08:36","atum_locations":[],"atum_stock_status":"outofstock","restock_status":false,"low_stock_amount":"","sales_update_date":"2026-05-03T01:08:36","calc_backorders":null,"acf":[],"yoast_head":"<!-- This site is optimized with the Yoast SEO plugin v26.6 - https:\/\/yoast.com\/wordpress\/plugins\/seo\/ -->\n<title>Schraubendreher Steinkleber 94 PU-Stonefix 750ml - Schroevendump<\/title>\n<meta name=\"robots\" content=\"index, follow, max-snippet:-1, max-image-preview:large, max-video-preview:-1\" \/>\n<link rel=\"canonical\" href=\"https:\/\/schroevendump.nl\/de\/produkt\/schraubendreher-steinkleber-94-pu-stonefix-750ml\/\" \/>\n<meta property=\"og:locale\" content=\"de_DE\" \/>\n<meta property=\"og:type\" content=\"article\" \/>\n<meta property=\"og:title\" content=\"Schraubendreher Steinkleber 94 PU-Stonefix 750ml - Schroevendump\" \/>\n<meta property=\"og:description\" content=\"Vorteile Sofort einsatzbereit Sehr schnell \u00c4u\u00dferst leistungsstark Einfach zu benutzen Leicht zu dosieren Vielseitig einsetzbar. starke Adh\u00e4sion innerhalb von 30 Minuten Bedienung Zum schnellen Verkleben von Bausteinen an nicht tragenden Innenw\u00e4nden. Dar\u00fcber hinaus kann Screwdump S94 Stonefix auch zum Verkleben von z.B. Palisadenbindern im Garten verwendet werden. Screwdump S94 Stonefix kann also auch im Au\u00dfenbereich [&hellip;]\" \/>\n<meta property=\"og:url\" content=\"https:\/\/schroevendump.nl\/de\/produkt\/schraubendreher-steinkleber-94-pu-stonefix-750ml\/\" \/>\n<meta property=\"og:site_name\" content=\"Schroevendump\" \/>\n<meta property=\"article:modified_time\" content=\"2025-12-10T11:29:06+00:00\" \/>\n<meta property=\"og:image\" content=\"https:\/\/schroevendump.nl\/wp-content\/uploads\/2024\/11\/steenlijm_pur.png\" \/>\n\t<meta property=\"og:image:width\" content=\"433\" \/>\n\t<meta property=\"og:image:height\" content=\"489\" \/>\n\t<meta property=\"og:image:type\" content=\"image\/png\" \/>\n<meta name=\"twitter:card\" content=\"summary_large_image\" \/>\n<meta name=\"twitter:label1\" content=\"Gesch\u00e4tzte Lesezeit\" \/>\n\t<meta name=\"twitter:data1\" content=\"1\u00a0Minute\" \/>\n<script type=\"application\/ld+json\" class=\"yoast-schema-graph\">{\"@context\":\"https:\/\/schema.org\",\"@graph\":[{\"@type\":\"WebPage\",\"@id\":\"https:\/\/schroevendump.nl\/de\/produkt\/schraubendreher-steinkleber-94-pu-stonefix-750ml\/\",\"url\":\"https:\/\/schroevendump.nl\/de\/produkt\/schraubendreher-steinkleber-94-pu-stonefix-750ml\/\",\"name\":\"Schraubendreher Steinkleber 94 PU-Stonefix 750ml - Schroevendump\",\"isPartOf\":{\"@id\":\"https:\/\/schroevendump.nl\/de\/#website\"},\"primaryImageOfPage\":{\"@id\":\"https:\/\/schroevendump.nl\/de\/produkt\/schraubendreher-steinkleber-94-pu-stonefix-750ml\/#primaryimage\"},\"image\":{\"@id\":\"https:\/\/schroevendump.nl\/de\/produkt\/schraubendreher-steinkleber-94-pu-stonefix-750ml\/#primaryimage\"},\"thumbnailUrl\":\"https:\/\/schroevendump.nl\/wp-content\/uploads\/2024\/11\/steenlijm_pur.png\",\"datePublished\":\"2024-11-30T11:07:41+00:00\",\"dateModified\":\"2025-12-10T11:29:06+00:00\",\"breadcrumb\":{\"@id\":\"https:\/\/schroevendump.nl\/de\/produkt\/schraubendreher-steinkleber-94-pu-stonefix-750ml\/#breadcrumb\"},\"inLanguage\":\"de\",\"potentialAction\":[{\"@type\":\"ReadAction\",\"target\":[\"https:\/\/schroevendump.nl\/de\/produkt\/schraubendreher-steinkleber-94-pu-stonefix-750ml\/\"]}]},{\"@type\":\"ImageObject\",\"inLanguage\":\"de\",\"@id\":\"https:\/\/schroevendump.nl\/de\/produkt\/schraubendreher-steinkleber-94-pu-stonefix-750ml\/#primaryimage\",\"url\":\"https:\/\/schroevendump.nl\/wp-content\/uploads\/2024\/11\/steenlijm_pur.png\",\"contentUrl\":\"https:\/\/schroevendump.nl\/wp-content\/uploads\/2024\/11\/steenlijm_pur.png\",\"width\":433,\"height\":489},{\"@type\":\"BreadcrumbList\",\"@id\":\"https:\/\/schroevendump.nl\/de\/produkt\/schraubendreher-steinkleber-94-pu-stonefix-750ml\/#breadcrumb\",\"itemListElement\":[{\"@type\":\"ListItem\",\"position\":1,\"name\":\"Startseite\",\"item\":\"https:\/\/schroevendump.nl\/de\/\"},{\"@type\":\"ListItem\",\"position\":2,\"name\":\"Shop\",\"item\":\"https:\/\/schroevendump.nl\/de\/shop\/\"},{\"@type\":\"ListItem\",\"position\":3,\"name\":\"Schraubendreher Steinkleber 94 PU-Stonefix 750ml\"}]},{\"@type\":\"WebSite\",\"@id\":\"https:\/\/schroevendump.nl\/de\/#website\",\"url\":\"https:\/\/schroevendump.nl\/de\/\",\"name\":\"Schroevendump\",\"description\":\"\",\"potentialAction\":[{\"@type\":\"SearchAction\",\"target\":{\"@type\":\"EntryPoint\",\"urlTemplate\":\"https:\/\/schroevendump.nl\/de\/?s={search_term_string}\"},\"query-input\":{\"@type\":\"PropertyValueSpecification\",\"valueRequired\":true,\"valueName\":\"search_term_string\"}}],\"inLanguage\":\"de\"}]}<\/script>\n<!-- \/ Yoast SEO plugin. -->","yoast_head_json":{"title":"Schraubendreher Steinkleber 94 PU-Stonefix 750ml - Schroevendump","robots":{"index":"index","follow":"follow","max-snippet":"max-snippet:-1","max-image-preview":"max-image-preview:large","max-video-preview":"max-video-preview:-1"},"canonical":"https:\/\/schroevendump.nl\/de\/produkt\/schraubendreher-steinkleber-94-pu-stonefix-750ml\/","og_locale":"de_DE","og_type":"article","og_title":"Schraubendreher Steinkleber 94 PU-Stonefix 750ml - Schroevendump","og_description":"Vorteile Sofort einsatzbereit Sehr schnell \u00c4u\u00dferst leistungsstark Einfach zu benutzen Leicht zu dosieren Vielseitig einsetzbar. starke Adh\u00e4sion innerhalb von 30 Minuten Bedienung Zum schnellen Verkleben von Bausteinen an nicht tragenden Innenw\u00e4nden. Dar\u00fcber hinaus kann Screwdump S94 Stonefix auch zum Verkleben von z.B. Palisadenbindern im Garten verwendet werden. Screwdump S94 Stonefix kann also auch im Au\u00dfenbereich [&hellip;]","og_url":"https:\/\/schroevendump.nl\/de\/produkt\/schraubendreher-steinkleber-94-pu-stonefix-750ml\/","og_site_name":"Schroevendump","article_modified_time":"2025-12-10T11:29:06+00:00","og_image":[{"width":433,"height":489,"url":"https:\/\/schroevendump.nl\/wp-content\/uploads\/2024\/11\/steenlijm_pur.png","type":"image\/png"}],"twitter_card":"summary_large_image","twitter_misc":{"Gesch\u00e4tzte Lesezeit":"1\u00a0Minute"},"schema":{"@context":"https:\/\/schema.org","@graph":[{"@type":"WebPage","@id":"https:\/\/schroevendump.nl\/de\/produkt\/schraubendreher-steinkleber-94-pu-stonefix-750ml\/","url":"https:\/\/schroevendump.nl\/de\/produkt\/schraubendreher-steinkleber-94-pu-stonefix-750ml\/","name":"Schraubendreher Steinkleber 94 PU-Stonefix 750ml - Schroevendump","isPartOf":{"@id":"https:\/\/schroevendump.nl\/de\/#website"},"primaryImageOfPage":{"@id":"https:\/\/schroevendump.nl\/de\/produkt\/schraubendreher-steinkleber-94-pu-stonefix-750ml\/#primaryimage"},"image":{"@id":"https:\/\/schroevendump.nl\/de\/produkt\/schraubendreher-steinkleber-94-pu-stonefix-750ml\/#primaryimage"},"thumbnailUrl":"https:\/\/schroevendump.nl\/wp-content\/uploads\/2024\/11\/steenlijm_pur.png","datePublished":"2024-11-30T11:07:41+00:00","dateModified":"2025-12-10T11:29:06+00:00","breadcrumb":{"@id":"https:\/\/schroevendump.nl\/de\/produkt\/schraubendreher-steinkleber-94-pu-stonefix-750ml\/#breadcrumb"},"inLanguage":"de","potentialAction":[{"@type":"ReadAction","target":["https:\/\/schroevendump.nl\/de\/produkt\/schraubendreher-steinkleber-94-pu-stonefix-750ml\/"]}]},{"@type":"ImageObject","inLanguage":"de","@id":"https:\/\/schroevendump.nl\/de\/produkt\/schraubendreher-steinkleber-94-pu-stonefix-750ml\/#primaryimage","url":"https:\/\/schroevendump.nl\/wp-content\/uploads\/2024\/11\/steenlijm_pur.png","contentUrl":"https:\/\/schroevendump.nl\/wp-content\/uploads\/2024\/11\/steenlijm_pur.png","width":433,"height":489},{"@type":"BreadcrumbList","@id":"https:\/\/schroevendump.nl\/de\/produkt\/schraubendreher-steinkleber-94-pu-stonefix-750ml\/#breadcrumb","itemListElement":[{"@type":"ListItem","position":1,"name":"Startseite","item":"https:\/\/schroevendump.nl\/de\/"},{"@type":"ListItem","position":2,"name":"Shop","item":"https:\/\/schroevendump.nl\/de\/shop\/"},{"@type":"ListItem","position":3,"name":"Schraubendreher Steinkleber 94 PU-Stonefix 750ml"}]},{"@type":"WebSite","@id":"https:\/\/schroevendump.nl\/de\/#website","url":"https:\/\/schroevendump.nl\/de\/","name":"Schroevendump","description":"","potentialAction":[{"@type":"SearchAction","target":{"@type":"EntryPoint","urlTemplate":"https:\/\/schroevendump.nl\/de\/?s={search_term_string}"},"query-input":{"@type":"PropertyValueSpecification","valueRequired":true,"valueName":"search_term_string"}}],"inLanguage":"de"}]}},"_links":{"self":[{"href":"https:\/\/schroevendump.nl\/de\/wp-json\/wp\/v2\/product\/28226","targetHints":{"allow":["GET"]}}],"collection":[{"href":"https:\/\/schroevendump.nl\/de\/wp-json\/wp\/v2\/product"}],"about":[{"href":"https:\/\/schroevendump.nl\/de\/wp-json\/wp\/v2\/types\/product"}],"replies":[{"embeddable":true,"href":"https:\/\/schroevendump.nl\/de\/wp-json\/wp\/v2\/comments?post=28226"}],"wp:featuredmedia":[{"embeddable":true,"href":"https:\/\/schroevendump.nl\/de\/wp-json\/wp\/v2\/media\/28228"}],"wp:attachment":[{"href":"https:\/\/schroevendump.nl\/de\/wp-json\/wp\/v2\/media?parent=28226"}],"wp:term":[{"taxonomy":"product_brand","embeddable":true,"href":"https:\/\/schroevendump.nl\/de\/wp-json\/wp\/v2\/product_brand?post=28226"},{"taxonomy":"product_cat","embeddable":true,"href":"https:\/\/schroevendump.nl\/de\/wp-json\/wp\/v2\/product_cat?post=28226"},{"taxonomy":"product_tag","embeddable":true,"href":"https:\/\/schroevendump.nl\/de\/wp-json\/wp\/v2\/product_tag?post=28226"}],"curies":[{"name":"wp","href":"https:\/\/api.w.org\/{rel}","templated":true}]}}