{"id":28236,"date":"2024-11-30T11:06:00","date_gmt":"2024-11-30T11:06:00","guid":{"rendered":"https:\/\/schroevendump.nl\/product\/schraubendreher-elastischer-pu-schaum-s90-750-ml\/"},"modified":"2025-12-10T11:29:03","modified_gmt":"2025-12-10T11:29:03","slug":"schraubendreher-elastischer-pu-schaum-s90-750-ml","status":"publish","type":"product","link":"https:\/\/schroevendump.nl\/de\/produkt\/schraubendreher-elastischer-pu-schaum-s90-750-ml\/","title":{"rendered":"Schraubendreher Elastischer PU-Schaum S90 750 ml"},"content":{"rendered":"<p><strong>Produktbeschreibung<br \/>\n<\/strong>screwdump Elastic Foam S90 ist ein dauerelastischer Schaumstoff, der speziell entwickelt wurde, um Bewegungen von Oberfl\u00e4chen und Fugen zu absorbieren. Dadurch bleiben die ausgezeichneten Schall- und W\u00e4rmed\u00e4mmeigenschaften zwischen Bauteilen, wie z.B. Fensterrahmenfugen, lange Zeit erhalten. Dank seiner einzigartigen Formulierung kann das Produkt bei Temperaturen bis zu -10\u00b0C verwendet werden. Die Entwicklung und Herstellung dieses Produkts entspricht den strengen Anforderungen der Qualit\u00e4tsnormen ISO 9001 \/ EN 29001.  <\/p>\n<p><b>Anwendungsbereiche:<\/b><br \/>\n&#8211; Montage von Fensterrahmen (sauberes, kontrolliertes Hinterf\u00fcllen, Isolieren und Abdichten der Fugen von Fensterrahmen und Au\u00dfenrolll\u00e4den.)<br \/>\n&#8211; F\u00fcllen von Fugen im Rahmen von Au\u00dfent\u00fcren, jedoch nicht f\u00fcr die Erstmontage ohne andere mechanische Befestigungen.<br \/>\n&#8211; F\u00fcllen von Hohlw\u00e4nden, Durchbr\u00fcchen f\u00fcr Strom-, Gas- und Wasserleitungen und anderen \u00d6ffnungen.<\/p>\n<div><b> <\/b><\/div>\n<div><b>Verarbeitung<\/b><br \/>\nDer Elastic Foam S90 kann an der Foamgun befestigt werden. Dies erm\u00f6glicht ein optimales Spr\u00fchen des Elastic Foam S90. Sch\u00fctteln Sie die Dose vor dem Gebrauch 20 Mal gut durch. Dies gew\u00e4hrleistet eine optimale Haftung des Elastic Foam S90. Nach dem Spr\u00fchen k\u00f6nnen Sie die Foamgun mit dem Foamcleaner reinigen und die H\u00e4nde mit den Reinigungst\u00fcchern s\u00e4ubern.    <\/div>\n<div><\/div>\n<div><strong>Material<\/strong><br \/>\nEinkomponentiger, elastischer Polyurethanschaum. FCKW-, HFCKW- und HFKW-frei (ozonunsch\u00e4dlich und tr\u00e4gt nicht zum Treibhauseffekt bei).- W\u00e4rmeleitf\u00e4higkeit: 0,035 W\/(m-K)<br \/>\n&#8211; Ausgezeichnete Schalld\u00e4mmwerte RS,w:<br \/>\n&#8211; Nahtbreite von 10 mm: 63 dB<br \/>\n&#8211; Nahtbreite von 20 mm: 64 dB<br \/>\n&#8211; Optimale Ergebnisse bei niedrigen Temperaturen bis zu -10\u00b0C<br \/>\n&#8211; Starke Haftung<br \/>\n&#8211; Baustoffklasse B2 nach DIN 4102-1<br \/>\n&#8211; Baustoffklasse E nach EN 13501-1<br \/>\n&#8211; Hoher D\u00e4mmwert<br \/>\n&#8211; MTV-Wert 37%<br \/>\n&#8211; Auf jedem Untergrund anwendbar<br \/>\n&#8211; Mit Putz verarbeitbar<br \/>\n&#8211; \u00dcberstreichbar<\/div>\n","protected":false},"excerpt":{"rendered":"<p>Produktbeschreibung screwdump Elastic Foam S90 ist ein dauerelastischer Schaumstoff, der speziell entwickelt wurde, um Bewegungen von Oberfl\u00e4chen und Fugen zu absorbieren. Dadurch bleiben die ausgezeichneten Schall- und W\u00e4rmed\u00e4mmeigenschaften zwischen Bauteilen, wie z.B. Fensterrahmenfugen, lange Zeit erhalten. Dank seiner einzigartigen Formulierung kann das Produkt bei Temperaturen bis zu -10\u00b0C verwendet werden. Die Entwicklung und Herstellung dieses [&hellip;]<\/p>\n","protected":false},"featured_media":28239,"comment_status":"open","ping_status":"closed","template":"","meta":[],"product_brand":[],"product_cat":[790],"product_tag":[],"class_list":{"0":"post-28236","1":"product","2":"type-product","3":"status-publish","4":"has-post-thumbnail","6":"product_cat-reiner-schaum","8":"first","9":"instock","10":"taxable","11":"shipping-taxable","12":"purchasable","13":"product-type-simple"},"supplier_id":null,"supplier_sku":"","barcode":null,"atum_controlled":true,"out_stock_date":null,"out_stock_threshold":null,"inheritable":false,"inbound_stock":0,"stock_on_hold":0,"sold_today":0,"sales_last_days":0,"reserved_stock":0,"customer_returns":0,"warehouse_damage":0,"lost_in_post":0,"other_logs":0,"out_stock_days":0,"lost_sales":0,"has_location":false,"update_date":"2026-04-18T09:57:03","atum_locations":[],"atum_stock_status":"instock","restock_status":true,"low_stock_amount":"","sales_update_date":"2026-04-18T01:04:51","calc_backorders":null,"acf":[],"yoast_head":"<!-- This site is optimized with the Yoast SEO plugin v26.6 - https:\/\/yoast.com\/wordpress\/plugins\/seo\/ -->\n<title>Schraubendreher Elastischer PU-Schaum S90 750 ml - Schroevendump<\/title>\n<meta name=\"robots\" content=\"index, follow, max-snippet:-1, max-image-preview:large, max-video-preview:-1\" \/>\n<link rel=\"canonical\" href=\"https:\/\/schroevendump.nl\/de\/produkt\/schraubendreher-elastischer-pu-schaum-s90-750-ml\/\" \/>\n<meta property=\"og:locale\" content=\"de_DE\" \/>\n<meta property=\"og:type\" content=\"article\" \/>\n<meta property=\"og:title\" content=\"Schraubendreher Elastischer PU-Schaum S90 750 ml - Schroevendump\" \/>\n<meta property=\"og:description\" content=\"Produktbeschreibung screwdump Elastic Foam S90 ist ein dauerelastischer Schaumstoff, der speziell entwickelt wurde, um Bewegungen von Oberfl\u00e4chen und Fugen zu absorbieren. Dadurch bleiben die ausgezeichneten Schall- und W\u00e4rmed\u00e4mmeigenschaften zwischen Bauteilen, wie z.B. Fensterrahmenfugen, lange Zeit erhalten. Dank seiner einzigartigen Formulierung kann das Produkt bei Temperaturen bis zu -10\u00b0C verwendet werden. Die Entwicklung und Herstellung dieses [&hellip;]\" \/>\n<meta property=\"og:url\" content=\"https:\/\/schroevendump.nl\/de\/produkt\/schraubendreher-elastischer-pu-schaum-s90-750-ml\/\" \/>\n<meta property=\"og:site_name\" content=\"Schroevendump\" \/>\n<meta property=\"article:modified_time\" content=\"2025-12-10T11:29:03+00:00\" \/>\n<meta property=\"og:image\" content=\"https:\/\/schroevendump.nl\/wp-content\/uploads\/2024\/11\/flexfoom-removebg-preview.png\" \/>\n\t<meta property=\"og:image:width\" content=\"500\" \/>\n\t<meta property=\"og:image:height\" content=\"500\" \/>\n\t<meta property=\"og:image:type\" content=\"image\/png\" \/>\n<meta name=\"twitter:card\" content=\"summary_large_image\" \/>\n<meta name=\"twitter:label1\" content=\"Gesch\u00e4tzte Lesezeit\" \/>\n\t<meta name=\"twitter:data1\" content=\"1\u00a0Minute\" \/>\n<script type=\"application\/ld+json\" class=\"yoast-schema-graph\">{\"@context\":\"https:\/\/schema.org\",\"@graph\":[{\"@type\":\"WebPage\",\"@id\":\"https:\/\/schroevendump.nl\/de\/produkt\/schraubendreher-elastischer-pu-schaum-s90-750-ml\/\",\"url\":\"https:\/\/schroevendump.nl\/de\/produkt\/schraubendreher-elastischer-pu-schaum-s90-750-ml\/\",\"name\":\"Schraubendreher Elastischer PU-Schaum S90 750 ml - Schroevendump\",\"isPartOf\":{\"@id\":\"https:\/\/schroevendump.nl\/de\/#website\"},\"primaryImageOfPage\":{\"@id\":\"https:\/\/schroevendump.nl\/de\/produkt\/schraubendreher-elastischer-pu-schaum-s90-750-ml\/#primaryimage\"},\"image\":{\"@id\":\"https:\/\/schroevendump.nl\/de\/produkt\/schraubendreher-elastischer-pu-schaum-s90-750-ml\/#primaryimage\"},\"thumbnailUrl\":\"https:\/\/schroevendump.nl\/wp-content\/uploads\/2024\/11\/flexfoom-removebg-preview.png\",\"datePublished\":\"2024-11-30T11:06:00+00:00\",\"dateModified\":\"2025-12-10T11:29:03+00:00\",\"breadcrumb\":{\"@id\":\"https:\/\/schroevendump.nl\/de\/produkt\/schraubendreher-elastischer-pu-schaum-s90-750-ml\/#breadcrumb\"},\"inLanguage\":\"de\",\"potentialAction\":[{\"@type\":\"ReadAction\",\"target\":[\"https:\/\/schroevendump.nl\/de\/produkt\/schraubendreher-elastischer-pu-schaum-s90-750-ml\/\"]}]},{\"@type\":\"ImageObject\",\"inLanguage\":\"de\",\"@id\":\"https:\/\/schroevendump.nl\/de\/produkt\/schraubendreher-elastischer-pu-schaum-s90-750-ml\/#primaryimage\",\"url\":\"https:\/\/schroevendump.nl\/wp-content\/uploads\/2024\/11\/flexfoom-removebg-preview.png\",\"contentUrl\":\"https:\/\/schroevendump.nl\/wp-content\/uploads\/2024\/11\/flexfoom-removebg-preview.png\",\"width\":500,\"height\":500},{\"@type\":\"BreadcrumbList\",\"@id\":\"https:\/\/schroevendump.nl\/de\/produkt\/schraubendreher-elastischer-pu-schaum-s90-750-ml\/#breadcrumb\",\"itemListElement\":[{\"@type\":\"ListItem\",\"position\":1,\"name\":\"Startseite\",\"item\":\"https:\/\/schroevendump.nl\/de\/\"},{\"@type\":\"ListItem\",\"position\":2,\"name\":\"Shop\",\"item\":\"https:\/\/schroevendump.nl\/de\/shop\/\"},{\"@type\":\"ListItem\",\"position\":3,\"name\":\"Schraubendreher Elastischer PU-Schaum S90 750 ml\"}]},{\"@type\":\"WebSite\",\"@id\":\"https:\/\/schroevendump.nl\/de\/#website\",\"url\":\"https:\/\/schroevendump.nl\/de\/\",\"name\":\"Schroevendump\",\"description\":\"\",\"potentialAction\":[{\"@type\":\"SearchAction\",\"target\":{\"@type\":\"EntryPoint\",\"urlTemplate\":\"https:\/\/schroevendump.nl\/de\/?s={search_term_string}\"},\"query-input\":{\"@type\":\"PropertyValueSpecification\",\"valueRequired\":true,\"valueName\":\"search_term_string\"}}],\"inLanguage\":\"de\"}]}<\/script>\n<!-- \/ Yoast SEO plugin. -->","yoast_head_json":{"title":"Schraubendreher Elastischer PU-Schaum S90 750 ml - Schroevendump","robots":{"index":"index","follow":"follow","max-snippet":"max-snippet:-1","max-image-preview":"max-image-preview:large","max-video-preview":"max-video-preview:-1"},"canonical":"https:\/\/schroevendump.nl\/de\/produkt\/schraubendreher-elastischer-pu-schaum-s90-750-ml\/","og_locale":"de_DE","og_type":"article","og_title":"Schraubendreher Elastischer PU-Schaum S90 750 ml - Schroevendump","og_description":"Produktbeschreibung screwdump Elastic Foam S90 ist ein dauerelastischer Schaumstoff, der speziell entwickelt wurde, um Bewegungen von Oberfl\u00e4chen und Fugen zu absorbieren. Dadurch bleiben die ausgezeichneten Schall- und W\u00e4rmed\u00e4mmeigenschaften zwischen Bauteilen, wie z.B. Fensterrahmenfugen, lange Zeit erhalten. Dank seiner einzigartigen Formulierung kann das Produkt bei Temperaturen bis zu -10\u00b0C verwendet werden. Die Entwicklung und Herstellung dieses [&hellip;]","og_url":"https:\/\/schroevendump.nl\/de\/produkt\/schraubendreher-elastischer-pu-schaum-s90-750-ml\/","og_site_name":"Schroevendump","article_modified_time":"2025-12-10T11:29:03+00:00","og_image":[{"width":500,"height":500,"url":"https:\/\/schroevendump.nl\/wp-content\/uploads\/2024\/11\/flexfoom-removebg-preview.png","type":"image\/png"}],"twitter_card":"summary_large_image","twitter_misc":{"Gesch\u00e4tzte Lesezeit":"1\u00a0Minute"},"schema":{"@context":"https:\/\/schema.org","@graph":[{"@type":"WebPage","@id":"https:\/\/schroevendump.nl\/de\/produkt\/schraubendreher-elastischer-pu-schaum-s90-750-ml\/","url":"https:\/\/schroevendump.nl\/de\/produkt\/schraubendreher-elastischer-pu-schaum-s90-750-ml\/","name":"Schraubendreher Elastischer PU-Schaum S90 750 ml - Schroevendump","isPartOf":{"@id":"https:\/\/schroevendump.nl\/de\/#website"},"primaryImageOfPage":{"@id":"https:\/\/schroevendump.nl\/de\/produkt\/schraubendreher-elastischer-pu-schaum-s90-750-ml\/#primaryimage"},"image":{"@id":"https:\/\/schroevendump.nl\/de\/produkt\/schraubendreher-elastischer-pu-schaum-s90-750-ml\/#primaryimage"},"thumbnailUrl":"https:\/\/schroevendump.nl\/wp-content\/uploads\/2024\/11\/flexfoom-removebg-preview.png","datePublished":"2024-11-30T11:06:00+00:00","dateModified":"2025-12-10T11:29:03+00:00","breadcrumb":{"@id":"https:\/\/schroevendump.nl\/de\/produkt\/schraubendreher-elastischer-pu-schaum-s90-750-ml\/#breadcrumb"},"inLanguage":"de","potentialAction":[{"@type":"ReadAction","target":["https:\/\/schroevendump.nl\/de\/produkt\/schraubendreher-elastischer-pu-schaum-s90-750-ml\/"]}]},{"@type":"ImageObject","inLanguage":"de","@id":"https:\/\/schroevendump.nl\/de\/produkt\/schraubendreher-elastischer-pu-schaum-s90-750-ml\/#primaryimage","url":"https:\/\/schroevendump.nl\/wp-content\/uploads\/2024\/11\/flexfoom-removebg-preview.png","contentUrl":"https:\/\/schroevendump.nl\/wp-content\/uploads\/2024\/11\/flexfoom-removebg-preview.png","width":500,"height":500},{"@type":"BreadcrumbList","@id":"https:\/\/schroevendump.nl\/de\/produkt\/schraubendreher-elastischer-pu-schaum-s90-750-ml\/#breadcrumb","itemListElement":[{"@type":"ListItem","position":1,"name":"Startseite","item":"https:\/\/schroevendump.nl\/de\/"},{"@type":"ListItem","position":2,"name":"Shop","item":"https:\/\/schroevendump.nl\/de\/shop\/"},{"@type":"ListItem","position":3,"name":"Schraubendreher Elastischer PU-Schaum S90 750 ml"}]},{"@type":"WebSite","@id":"https:\/\/schroevendump.nl\/de\/#website","url":"https:\/\/schroevendump.nl\/de\/","name":"Schroevendump","description":"","potentialAction":[{"@type":"SearchAction","target":{"@type":"EntryPoint","urlTemplate":"https:\/\/schroevendump.nl\/de\/?s={search_term_string}"},"query-input":{"@type":"PropertyValueSpecification","valueRequired":true,"valueName":"search_term_string"}}],"inLanguage":"de"}]}},"_links":{"self":[{"href":"https:\/\/schroevendump.nl\/de\/wp-json\/wp\/v2\/product\/28236","targetHints":{"allow":["GET"]}}],"collection":[{"href":"https:\/\/schroevendump.nl\/de\/wp-json\/wp\/v2\/product"}],"about":[{"href":"https:\/\/schroevendump.nl\/de\/wp-json\/wp\/v2\/types\/product"}],"replies":[{"embeddable":true,"href":"https:\/\/schroevendump.nl\/de\/wp-json\/wp\/v2\/comments?post=28236"}],"wp:featuredmedia":[{"embeddable":true,"href":"https:\/\/schroevendump.nl\/de\/wp-json\/wp\/v2\/media\/28239"}],"wp:attachment":[{"href":"https:\/\/schroevendump.nl\/de\/wp-json\/wp\/v2\/media?parent=28236"}],"wp:term":[{"taxonomy":"product_brand","embeddable":true,"href":"https:\/\/schroevendump.nl\/de\/wp-json\/wp\/v2\/product_brand?post=28236"},{"taxonomy":"product_cat","embeddable":true,"href":"https:\/\/schroevendump.nl\/de\/wp-json\/wp\/v2\/product_cat?post=28236"},{"taxonomy":"product_tag","embeddable":true,"href":"https:\/\/schroevendump.nl\/de\/wp-json\/wp\/v2\/product_tag?post=28236"}],"curies":[{"name":"wp","href":"https:\/\/api.w.org\/{rel}","templated":true}]}}