{"id":28245,"date":"2024-11-30T11:00:21","date_gmt":"2024-11-30T11:00:21","guid":{"rendered":"https:\/\/schroevendump.nl\/product\/isolierung-purschaum-750ml-s92\/"},"modified":"2025-12-10T11:29:05","modified_gmt":"2025-12-10T11:29:05","slug":"isolierung-purschaum-750ml-s92","status":"publish","type":"product","link":"https:\/\/schroevendump.nl\/de\/produkt\/isolierung-purschaum-750ml-s92\/","title":{"rendered":"Isolierung\/Purschaum 750ml S92"},"content":{"rendered":"<div class=\"product-description-wrap\">\n<div class=\"product-description collapse show\">\n<ul>\n<li>Sch\u00fctteln Sie den Kanister vor jeder Anwendung mindestens 20 Sekunden lang kr\u00e4ftig.<\/li>\n<\/ul>\n<p>Kein Hauch von Wind durch ein Loch oder einen Riss mit dem Screwdump Gun Foam NBS. Dieser Isolier- und Montageschaum <g id=\"gid_0\">dichtet alle L\u00fccken und Risse<\/g> zwischen Trennw\u00e4nden, Decken und B\u00f6den ab. Er ist <em>universell<\/em> f\u00fcr Materialien wie Stein, Polyester und Metall <em>einsetzbar<\/em>. Das macht ihn zum idealen Helden f\u00fcr die Abdichtung von Fugen in Fensterrahmen zum Beispiel. Auch diese Arbeit ist <em>ein Kinderspiel<\/em>, denn Gun Foam NBS ist schnelltrocknend und einfach zu verarbeiten.<br \/>\nNach dem Abdichten ist dieser Isolier- und Montageschaum auch streich- und \u00fcberstreichbar. So k\u00f6nnen Sie die Fugen in Ihrer Wunschfarbe streichen und sie passt perfekt zum Au\u00dfenbereich. Er ist perfekt f\u00fcr den Au\u00dfenbereich geeignet und hat eine hohe <g id=\"gid_4\">Temperaturbest\u00e4ndigkeit<\/g> von bis zu -40 bis +90 Grad, so dass er nicht einfach so klein wird. Der Screwdump Gun Foam NBS ist der ideale Isolier- und Montageschaum f\u00fcr Ihre Abdichtungsarbeiten.       <\/p>\n<p>&nbsp;<\/p>\n<\/div>\n<\/div>\n<div class=\"product-applications-wrap\">\n<h4 id=\"product-applications\" class=\"collapse-single-product collapse-product-applications toggle\">ANWENDUNGEN<\/h4>\n<div class=\"product-applications collapse show\">\n<p>Screw Dump Gunfoam NBS eignet sich hervorragend zum Abdichten von Fugen zwischen Trennw\u00e4nden, Decken und B\u00f6den. Durchf\u00fchrungen von Rohren und Schl\u00e4uchen durch W\u00e4nde und B\u00f6den. Fugen um Fenster- und T\u00fcrrahmen. Nicht geeignet f\u00fcr die Anwendung unter Wasser und nicht zum F\u00fcllen gro\u00dfer geschlossener R\u00e4ume. Alle Untergr\u00fcnde m\u00fcssen fett- und staubfrei sein. F\u00fcr breitere Fugen und Fugen, die tiefer als 5 cm sind, tragen Sie den Schaum in mehreren Schichten auf. Lassen Sie zwischen den einzelnen Schichten eine Wartezeit von 15 &#8211; 30 Minuten verstreichen. Dies gew\u00e4hrleistet optimale Ergebnisse.       <\/p>\n<\/div>\n<h3><\/h3>\n<p>Dosen mit PU-Schaum sollten aufrecht gelagert werden. Wenn die Dosen zu lange flach liegen, kann das Ventil im Kanister verkleben und der PU-Schaum funktioniert nicht mehr. <\/p>\n<p>&nbsp;<\/p>\n<\/div>\n","protected":false},"excerpt":{"rendered":"<p>Sch\u00fctteln Sie den Kanister vor jeder Anwendung mindestens 20 Sekunden lang kr\u00e4ftig. Kein Hauch von Wind durch ein Loch oder einen Riss mit dem Screwdump Gun Foam NBS. Dieser Isolier- und Montageschaum dichtet alle L\u00fccken und Risse zwischen Trennw\u00e4nden, Decken und B\u00f6den ab. Er ist universell f\u00fcr Materialien wie Stein, Polyester und Metall einsetzbar. Das [&hellip;]<\/p>\n","protected":false},"featured_media":28248,"comment_status":"closed","ping_status":"closed","template":"","meta":[],"product_brand":[],"product_cat":[790],"product_tag":[],"class_list":{"0":"post-28245","1":"product","2":"type-product","3":"status-publish","4":"has-post-thumbnail","6":"product_cat-reiner-schaum","8":"first","9":"instock","10":"taxable","11":"shipping-taxable","12":"purchasable","13":"product-type-simple"},"supplier_id":null,"supplier_sku":"","barcode":null,"atum_controlled":true,"out_stock_date":null,"out_stock_threshold":null,"inheritable":false,"inbound_stock":0,"stock_on_hold":76,"sold_today":52,"sales_last_days":209,"reserved_stock":0,"customer_returns":0,"warehouse_damage":0,"lost_in_post":0,"other_logs":0,"out_stock_days":0,"lost_sales":0,"has_location":false,"update_date":"2026-04-18T18:09:02","atum_locations":[],"atum_stock_status":"instock","restock_status":false,"low_stock_amount":"","sales_update_date":"2026-04-18T18:09:02","calc_backorders":null,"acf":[],"yoast_head":"<!-- This site is optimized with the Yoast SEO plugin v26.6 - https:\/\/yoast.com\/wordpress\/plugins\/seo\/ -->\n<title>Isolierung\/Purschaum 750ml S92 - Schroevendump<\/title>\n<meta name=\"robots\" content=\"index, follow, max-snippet:-1, max-image-preview:large, max-video-preview:-1\" \/>\n<link rel=\"canonical\" href=\"https:\/\/schroevendump.nl\/de\/produkt\/isolierung-purschaum-750ml-s92\/\" \/>\n<meta property=\"og:locale\" content=\"de_DE\" \/>\n<meta property=\"og:type\" content=\"article\" \/>\n<meta property=\"og:title\" content=\"Isolierung\/Purschaum 750ml S92 - Schroevendump\" \/>\n<meta property=\"og:description\" content=\"Sch\u00fctteln Sie den Kanister vor jeder Anwendung mindestens 20 Sekunden lang kr\u00e4ftig. Kein Hauch von Wind durch ein Loch oder einen Riss mit dem Screwdump Gun Foam NBS. Dieser Isolier- und Montageschaum dichtet alle L\u00fccken und Risse zwischen Trennw\u00e4nden, Decken und B\u00f6den ab. Er ist universell f\u00fcr Materialien wie Stein, Polyester und Metall einsetzbar. Das [&hellip;]\" \/>\n<meta property=\"og:url\" content=\"https:\/\/schroevendump.nl\/de\/produkt\/isolierung-purschaum-750ml-s92\/\" \/>\n<meta property=\"og:site_name\" content=\"Schroevendump\" \/>\n<meta property=\"article:modified_time\" content=\"2025-12-10T11:29:05+00:00\" \/>\n<meta property=\"og:image\" content=\"https:\/\/schroevendump.nl\/wp-content\/uploads\/2024\/11\/Isolatieschuim_-removebg.png\" \/>\n\t<meta property=\"og:image:width\" content=\"2500\" \/>\n\t<meta property=\"og:image:height\" content=\"2500\" \/>\n\t<meta property=\"og:image:type\" content=\"image\/png\" \/>\n<meta name=\"twitter:card\" content=\"summary_large_image\" \/>\n<meta name=\"twitter:label1\" content=\"Gesch\u00e4tzte Lesezeit\" \/>\n\t<meta name=\"twitter:data1\" content=\"1\u00a0Minute\" \/>\n<script type=\"application\/ld+json\" class=\"yoast-schema-graph\">{\"@context\":\"https:\/\/schema.org\",\"@graph\":[{\"@type\":\"WebPage\",\"@id\":\"https:\/\/schroevendump.nl\/de\/produkt\/isolierung-purschaum-750ml-s92\/\",\"url\":\"https:\/\/schroevendump.nl\/de\/produkt\/isolierung-purschaum-750ml-s92\/\",\"name\":\"Isolierung\/Purschaum 750ml S92 - Schroevendump\",\"isPartOf\":{\"@id\":\"https:\/\/schroevendump.nl\/de\/#website\"},\"primaryImageOfPage\":{\"@id\":\"https:\/\/schroevendump.nl\/de\/produkt\/isolierung-purschaum-750ml-s92\/#primaryimage\"},\"image\":{\"@id\":\"https:\/\/schroevendump.nl\/de\/produkt\/isolierung-purschaum-750ml-s92\/#primaryimage\"},\"thumbnailUrl\":\"https:\/\/schroevendump.nl\/wp-content\/uploads\/2024\/11\/Isolatieschuim_-removebg.png\",\"datePublished\":\"2024-11-30T11:00:21+00:00\",\"dateModified\":\"2025-12-10T11:29:05+00:00\",\"breadcrumb\":{\"@id\":\"https:\/\/schroevendump.nl\/de\/produkt\/isolierung-purschaum-750ml-s92\/#breadcrumb\"},\"inLanguage\":\"de\",\"potentialAction\":[{\"@type\":\"ReadAction\",\"target\":[\"https:\/\/schroevendump.nl\/de\/produkt\/isolierung-purschaum-750ml-s92\/\"]}]},{\"@type\":\"ImageObject\",\"inLanguage\":\"de\",\"@id\":\"https:\/\/schroevendump.nl\/de\/produkt\/isolierung-purschaum-750ml-s92\/#primaryimage\",\"url\":\"https:\/\/schroevendump.nl\/wp-content\/uploads\/2024\/11\/Isolatieschuim_-removebg.png\",\"contentUrl\":\"https:\/\/schroevendump.nl\/wp-content\/uploads\/2024\/11\/Isolatieschuim_-removebg.png\",\"width\":2500,\"height\":2500},{\"@type\":\"BreadcrumbList\",\"@id\":\"https:\/\/schroevendump.nl\/de\/produkt\/isolierung-purschaum-750ml-s92\/#breadcrumb\",\"itemListElement\":[{\"@type\":\"ListItem\",\"position\":1,\"name\":\"Startseite\",\"item\":\"https:\/\/schroevendump.nl\/de\/\"},{\"@type\":\"ListItem\",\"position\":2,\"name\":\"Shop\",\"item\":\"https:\/\/schroevendump.nl\/de\/shop\/\"},{\"@type\":\"ListItem\",\"position\":3,\"name\":\"Isolierung\/Purschaum 750ml S92\"}]},{\"@type\":\"WebSite\",\"@id\":\"https:\/\/schroevendump.nl\/de\/#website\",\"url\":\"https:\/\/schroevendump.nl\/de\/\",\"name\":\"Schroevendump\",\"description\":\"\",\"potentialAction\":[{\"@type\":\"SearchAction\",\"target\":{\"@type\":\"EntryPoint\",\"urlTemplate\":\"https:\/\/schroevendump.nl\/de\/?s={search_term_string}\"},\"query-input\":{\"@type\":\"PropertyValueSpecification\",\"valueRequired\":true,\"valueName\":\"search_term_string\"}}],\"inLanguage\":\"de\"}]}<\/script>\n<!-- \/ Yoast SEO plugin. -->","yoast_head_json":{"title":"Isolierung\/Purschaum 750ml S92 - Schroevendump","robots":{"index":"index","follow":"follow","max-snippet":"max-snippet:-1","max-image-preview":"max-image-preview:large","max-video-preview":"max-video-preview:-1"},"canonical":"https:\/\/schroevendump.nl\/de\/produkt\/isolierung-purschaum-750ml-s92\/","og_locale":"de_DE","og_type":"article","og_title":"Isolierung\/Purschaum 750ml S92 - Schroevendump","og_description":"Sch\u00fctteln Sie den Kanister vor jeder Anwendung mindestens 20 Sekunden lang kr\u00e4ftig. Kein Hauch von Wind durch ein Loch oder einen Riss mit dem Screwdump Gun Foam NBS. Dieser Isolier- und Montageschaum dichtet alle L\u00fccken und Risse zwischen Trennw\u00e4nden, Decken und B\u00f6den ab. Er ist universell f\u00fcr Materialien wie Stein, Polyester und Metall einsetzbar. Das [&hellip;]","og_url":"https:\/\/schroevendump.nl\/de\/produkt\/isolierung-purschaum-750ml-s92\/","og_site_name":"Schroevendump","article_modified_time":"2025-12-10T11:29:05+00:00","og_image":[{"width":2500,"height":2500,"url":"https:\/\/schroevendump.nl\/wp-content\/uploads\/2024\/11\/Isolatieschuim_-removebg.png","type":"image\/png"}],"twitter_card":"summary_large_image","twitter_misc":{"Gesch\u00e4tzte Lesezeit":"1\u00a0Minute"},"schema":{"@context":"https:\/\/schema.org","@graph":[{"@type":"WebPage","@id":"https:\/\/schroevendump.nl\/de\/produkt\/isolierung-purschaum-750ml-s92\/","url":"https:\/\/schroevendump.nl\/de\/produkt\/isolierung-purschaum-750ml-s92\/","name":"Isolierung\/Purschaum 750ml S92 - Schroevendump","isPartOf":{"@id":"https:\/\/schroevendump.nl\/de\/#website"},"primaryImageOfPage":{"@id":"https:\/\/schroevendump.nl\/de\/produkt\/isolierung-purschaum-750ml-s92\/#primaryimage"},"image":{"@id":"https:\/\/schroevendump.nl\/de\/produkt\/isolierung-purschaum-750ml-s92\/#primaryimage"},"thumbnailUrl":"https:\/\/schroevendump.nl\/wp-content\/uploads\/2024\/11\/Isolatieschuim_-removebg.png","datePublished":"2024-11-30T11:00:21+00:00","dateModified":"2025-12-10T11:29:05+00:00","breadcrumb":{"@id":"https:\/\/schroevendump.nl\/de\/produkt\/isolierung-purschaum-750ml-s92\/#breadcrumb"},"inLanguage":"de","potentialAction":[{"@type":"ReadAction","target":["https:\/\/schroevendump.nl\/de\/produkt\/isolierung-purschaum-750ml-s92\/"]}]},{"@type":"ImageObject","inLanguage":"de","@id":"https:\/\/schroevendump.nl\/de\/produkt\/isolierung-purschaum-750ml-s92\/#primaryimage","url":"https:\/\/schroevendump.nl\/wp-content\/uploads\/2024\/11\/Isolatieschuim_-removebg.png","contentUrl":"https:\/\/schroevendump.nl\/wp-content\/uploads\/2024\/11\/Isolatieschuim_-removebg.png","width":2500,"height":2500},{"@type":"BreadcrumbList","@id":"https:\/\/schroevendump.nl\/de\/produkt\/isolierung-purschaum-750ml-s92\/#breadcrumb","itemListElement":[{"@type":"ListItem","position":1,"name":"Startseite","item":"https:\/\/schroevendump.nl\/de\/"},{"@type":"ListItem","position":2,"name":"Shop","item":"https:\/\/schroevendump.nl\/de\/shop\/"},{"@type":"ListItem","position":3,"name":"Isolierung\/Purschaum 750ml S92"}]},{"@type":"WebSite","@id":"https:\/\/schroevendump.nl\/de\/#website","url":"https:\/\/schroevendump.nl\/de\/","name":"Schroevendump","description":"","potentialAction":[{"@type":"SearchAction","target":{"@type":"EntryPoint","urlTemplate":"https:\/\/schroevendump.nl\/de\/?s={search_term_string}"},"query-input":{"@type":"PropertyValueSpecification","valueRequired":true,"valueName":"search_term_string"}}],"inLanguage":"de"}]}},"_links":{"self":[{"href":"https:\/\/schroevendump.nl\/de\/wp-json\/wp\/v2\/product\/28245","targetHints":{"allow":["GET"]}}],"collection":[{"href":"https:\/\/schroevendump.nl\/de\/wp-json\/wp\/v2\/product"}],"about":[{"href":"https:\/\/schroevendump.nl\/de\/wp-json\/wp\/v2\/types\/product"}],"replies":[{"embeddable":true,"href":"https:\/\/schroevendump.nl\/de\/wp-json\/wp\/v2\/comments?post=28245"}],"wp:featuredmedia":[{"embeddable":true,"href":"https:\/\/schroevendump.nl\/de\/wp-json\/wp\/v2\/media\/28248"}],"wp:attachment":[{"href":"https:\/\/schroevendump.nl\/de\/wp-json\/wp\/v2\/media?parent=28245"}],"wp:term":[{"taxonomy":"product_brand","embeddable":true,"href":"https:\/\/schroevendump.nl\/de\/wp-json\/wp\/v2\/product_brand?post=28245"},{"taxonomy":"product_cat","embeddable":true,"href":"https:\/\/schroevendump.nl\/de\/wp-json\/wp\/v2\/product_cat?post=28245"},{"taxonomy":"product_tag","embeddable":true,"href":"https:\/\/schroevendump.nl\/de\/wp-json\/wp\/v2\/product_tag?post=28245"}],"curies":[{"name":"wp","href":"https:\/\/api.w.org\/{rel}","templated":true}]}}