{"id":28289,"date":"2024-11-30T09:15:52","date_gmt":"2024-11-30T09:15:52","guid":{"rendered":"https:\/\/schroevendump.nl\/product\/schraubendreher-torx-bit-tx20-50mm\/"},"modified":"2025-12-10T11:24:22","modified_gmt":"2025-12-10T11:24:22","slug":"schraubendreher-torx-bit-tx20-50mm","status":"publish","type":"product","link":"https:\/\/schroevendump.nl\/de\/produkt\/schraubendreher-torx-bit-tx20-50mm\/","title":{"rendered":"Schraubendreher Torx Bit TX20 50mm"},"content":{"rendered":"<p>Bits zum Einschrauben von z.B. Spanplattenschrauben oder anderen Befestigungselementen, die einen Torx-Anschluss haben. Erh\u00e4ltlich in 6 Torx-Anschl\u00fcssen, n\u00e4mlich TX10, TX15, TX20, TX25, TX30, TX40. F\u00fcr verschiedene Einschraubanwendungen sind die Bits in verschiedenen L\u00e4ngen erh\u00e4ltlich, n\u00e4mlich 25, 50 und 70 mm lang. Der Schraubendreheranschluss aller Schraubendreherbits ist ein \u00bc&#8221; Sechskant.   <\/p>\n<p><b>Anwendung<\/b><br \/>\nEindrehen von Befestigungselementen mit Torx-Anschluss.<\/p>\n","protected":false},"excerpt":{"rendered":"<p>Bits zum Einschrauben von z.B. Spanplattenschrauben oder anderen Befestigungselementen, die einen Torx-Anschluss haben. Erh\u00e4ltlich in 6 Torx-Anschl\u00fcssen, n\u00e4mlich TX10, TX15, TX20, TX25, TX30, TX40. F\u00fcr verschiedene Einschraubanwendungen sind die Bits in verschiedenen L\u00e4ngen erh\u00e4ltlich, n\u00e4mlich 25, 50 und 70 mm lang. Der Schraubendreheranschluss aller Schraubendreherbits ist ein \u00bc&#8221; Sechskant. Anwendung Eindrehen von Befestigungselementen mit Torx-Anschluss.<\/p>\n","protected":false},"featured_media":28282,"comment_status":"open","ping_status":"closed","template":"","meta":[],"product_brand":[],"product_cat":[659],"product_tag":[],"class_list":{"0":"post-28289","1":"product","2":"type-product","3":"status-publish","4":"has-post-thumbnail","6":"product_cat-schraubenbits","8":"first","9":"outofstock","10":"taxable","11":"shipping-taxable","12":"purchasable","13":"product-type-simple"},"supplier_id":null,"supplier_sku":"","barcode":null,"atum_controlled":true,"out_stock_date":"2026-01-25 19:07:12","out_stock_threshold":null,"inheritable":false,"inbound_stock":0,"stock_on_hold":0,"sold_today":0,"sales_last_days":0,"reserved_stock":0,"customer_returns":0,"warehouse_damage":0,"lost_in_post":0,"other_logs":0,"out_stock_days":78,"lost_sales":0,"has_location":false,"update_date":"2026-04-14T01:01:50","atum_locations":[],"atum_stock_status":"outofstock","restock_status":false,"low_stock_amount":"","sales_update_date":"2026-04-14T01:01:50","calc_backorders":null,"acf":[],"yoast_head":"<!-- This site is optimized with the Yoast SEO plugin v26.6 - https:\/\/yoast.com\/wordpress\/plugins\/seo\/ -->\n<title>Schraubendreher Torx Bit TX20 50mm - Schroevendump<\/title>\n<meta name=\"robots\" content=\"index, follow, max-snippet:-1, max-image-preview:large, max-video-preview:-1\" \/>\n<link rel=\"canonical\" href=\"https:\/\/schroevendump.nl\/de\/produkt\/schraubendreher-torx-bit-tx20-50mm\/\" \/>\n<meta property=\"og:locale\" content=\"de_DE\" \/>\n<meta property=\"og:type\" content=\"article\" \/>\n<meta property=\"og:title\" content=\"Schraubendreher Torx Bit TX20 50mm - Schroevendump\" \/>\n<meta property=\"og:description\" content=\"Bits zum Einschrauben von z.B. Spanplattenschrauben oder anderen Befestigungselementen, die einen Torx-Anschluss haben. Erh\u00e4ltlich in 6 Torx-Anschl\u00fcssen, n\u00e4mlich TX10, TX15, TX20, TX25, TX30, TX40. F\u00fcr verschiedene Einschraubanwendungen sind die Bits in verschiedenen L\u00e4ngen erh\u00e4ltlich, n\u00e4mlich 25, 50 und 70 mm lang. Der Schraubendreheranschluss aller Schraubendreherbits ist ein \u00bc&#8221; Sechskant. Anwendung Eindrehen von Befestigungselementen mit Torx-Anschluss.\" \/>\n<meta property=\"og:url\" content=\"https:\/\/schroevendump.nl\/de\/produkt\/schraubendreher-torx-bit-tx20-50mm\/\" \/>\n<meta property=\"og:site_name\" content=\"Schroevendump\" \/>\n<meta property=\"article:modified_time\" content=\"2025-12-10T11:24:22+00:00\" \/>\n<meta property=\"og:image\" content=\"https:\/\/schroevendump.nl\/wp-content\/uploads\/2024\/11\/schroevendump_torxbit_50mm-e1732957786482.png\" \/>\n\t<meta property=\"og:image:width\" content=\"320\" \/>\n\t<meta property=\"og:image:height\" content=\"335\" \/>\n\t<meta property=\"og:image:type\" content=\"image\/png\" \/>\n<meta name=\"twitter:card\" content=\"summary_large_image\" \/>\n<script type=\"application\/ld+json\" class=\"yoast-schema-graph\">{\"@context\":\"https:\/\/schema.org\",\"@graph\":[{\"@type\":\"WebPage\",\"@id\":\"https:\/\/schroevendump.nl\/de\/produkt\/schraubendreher-torx-bit-tx20-50mm\/\",\"url\":\"https:\/\/schroevendump.nl\/de\/produkt\/schraubendreher-torx-bit-tx20-50mm\/\",\"name\":\"Schraubendreher Torx Bit TX20 50mm - Schroevendump\",\"isPartOf\":{\"@id\":\"https:\/\/schroevendump.nl\/de\/#website\"},\"primaryImageOfPage\":{\"@id\":\"https:\/\/schroevendump.nl\/de\/produkt\/schraubendreher-torx-bit-tx20-50mm\/#primaryimage\"},\"image\":{\"@id\":\"https:\/\/schroevendump.nl\/de\/produkt\/schraubendreher-torx-bit-tx20-50mm\/#primaryimage\"},\"thumbnailUrl\":\"https:\/\/schroevendump.nl\/wp-content\/uploads\/2024\/11\/schroevendump_torxbit_50mm-e1732957786482.png\",\"datePublished\":\"2024-11-30T09:15:52+00:00\",\"dateModified\":\"2025-12-10T11:24:22+00:00\",\"breadcrumb\":{\"@id\":\"https:\/\/schroevendump.nl\/de\/produkt\/schraubendreher-torx-bit-tx20-50mm\/#breadcrumb\"},\"inLanguage\":\"de\",\"potentialAction\":[{\"@type\":\"ReadAction\",\"target\":[\"https:\/\/schroevendump.nl\/de\/produkt\/schraubendreher-torx-bit-tx20-50mm\/\"]}]},{\"@type\":\"ImageObject\",\"inLanguage\":\"de\",\"@id\":\"https:\/\/schroevendump.nl\/de\/produkt\/schraubendreher-torx-bit-tx20-50mm\/#primaryimage\",\"url\":\"https:\/\/schroevendump.nl\/wp-content\/uploads\/2024\/11\/schroevendump_torxbit_50mm-e1732957786482.png\",\"contentUrl\":\"https:\/\/schroevendump.nl\/wp-content\/uploads\/2024\/11\/schroevendump_torxbit_50mm-e1732957786482.png\",\"width\":320,\"height\":335},{\"@type\":\"BreadcrumbList\",\"@id\":\"https:\/\/schroevendump.nl\/de\/produkt\/schraubendreher-torx-bit-tx20-50mm\/#breadcrumb\",\"itemListElement\":[{\"@type\":\"ListItem\",\"position\":1,\"name\":\"Startseite\",\"item\":\"https:\/\/schroevendump.nl\/de\/\"},{\"@type\":\"ListItem\",\"position\":2,\"name\":\"Shop\",\"item\":\"https:\/\/schroevendump.nl\/de\/shop\/\"},{\"@type\":\"ListItem\",\"position\":3,\"name\":\"Schraubendreher Torx Bit TX20 50mm\"}]},{\"@type\":\"WebSite\",\"@id\":\"https:\/\/schroevendump.nl\/de\/#website\",\"url\":\"https:\/\/schroevendump.nl\/de\/\",\"name\":\"Schroevendump\",\"description\":\"\",\"potentialAction\":[{\"@type\":\"SearchAction\",\"target\":{\"@type\":\"EntryPoint\",\"urlTemplate\":\"https:\/\/schroevendump.nl\/de\/?s={search_term_string}\"},\"query-input\":{\"@type\":\"PropertyValueSpecification\",\"valueRequired\":true,\"valueName\":\"search_term_string\"}}],\"inLanguage\":\"de\"}]}<\/script>\n<!-- \/ Yoast SEO plugin. -->","yoast_head_json":{"title":"Schraubendreher Torx Bit TX20 50mm - Schroevendump","robots":{"index":"index","follow":"follow","max-snippet":"max-snippet:-1","max-image-preview":"max-image-preview:large","max-video-preview":"max-video-preview:-1"},"canonical":"https:\/\/schroevendump.nl\/de\/produkt\/schraubendreher-torx-bit-tx20-50mm\/","og_locale":"de_DE","og_type":"article","og_title":"Schraubendreher Torx Bit TX20 50mm - Schroevendump","og_description":"Bits zum Einschrauben von z.B. Spanplattenschrauben oder anderen Befestigungselementen, die einen Torx-Anschluss haben. Erh\u00e4ltlich in 6 Torx-Anschl\u00fcssen, n\u00e4mlich TX10, TX15, TX20, TX25, TX30, TX40. F\u00fcr verschiedene Einschraubanwendungen sind die Bits in verschiedenen L\u00e4ngen erh\u00e4ltlich, n\u00e4mlich 25, 50 und 70 mm lang. Der Schraubendreheranschluss aller Schraubendreherbits ist ein \u00bc&#8221; Sechskant. Anwendung Eindrehen von Befestigungselementen mit Torx-Anschluss.","og_url":"https:\/\/schroevendump.nl\/de\/produkt\/schraubendreher-torx-bit-tx20-50mm\/","og_site_name":"Schroevendump","article_modified_time":"2025-12-10T11:24:22+00:00","og_image":[{"width":320,"height":335,"url":"https:\/\/schroevendump.nl\/wp-content\/uploads\/2024\/11\/schroevendump_torxbit_50mm-e1732957786482.png","type":"image\/png"}],"twitter_card":"summary_large_image","schema":{"@context":"https:\/\/schema.org","@graph":[{"@type":"WebPage","@id":"https:\/\/schroevendump.nl\/de\/produkt\/schraubendreher-torx-bit-tx20-50mm\/","url":"https:\/\/schroevendump.nl\/de\/produkt\/schraubendreher-torx-bit-tx20-50mm\/","name":"Schraubendreher Torx Bit TX20 50mm - Schroevendump","isPartOf":{"@id":"https:\/\/schroevendump.nl\/de\/#website"},"primaryImageOfPage":{"@id":"https:\/\/schroevendump.nl\/de\/produkt\/schraubendreher-torx-bit-tx20-50mm\/#primaryimage"},"image":{"@id":"https:\/\/schroevendump.nl\/de\/produkt\/schraubendreher-torx-bit-tx20-50mm\/#primaryimage"},"thumbnailUrl":"https:\/\/schroevendump.nl\/wp-content\/uploads\/2024\/11\/schroevendump_torxbit_50mm-e1732957786482.png","datePublished":"2024-11-30T09:15:52+00:00","dateModified":"2025-12-10T11:24:22+00:00","breadcrumb":{"@id":"https:\/\/schroevendump.nl\/de\/produkt\/schraubendreher-torx-bit-tx20-50mm\/#breadcrumb"},"inLanguage":"de","potentialAction":[{"@type":"ReadAction","target":["https:\/\/schroevendump.nl\/de\/produkt\/schraubendreher-torx-bit-tx20-50mm\/"]}]},{"@type":"ImageObject","inLanguage":"de","@id":"https:\/\/schroevendump.nl\/de\/produkt\/schraubendreher-torx-bit-tx20-50mm\/#primaryimage","url":"https:\/\/schroevendump.nl\/wp-content\/uploads\/2024\/11\/schroevendump_torxbit_50mm-e1732957786482.png","contentUrl":"https:\/\/schroevendump.nl\/wp-content\/uploads\/2024\/11\/schroevendump_torxbit_50mm-e1732957786482.png","width":320,"height":335},{"@type":"BreadcrumbList","@id":"https:\/\/schroevendump.nl\/de\/produkt\/schraubendreher-torx-bit-tx20-50mm\/#breadcrumb","itemListElement":[{"@type":"ListItem","position":1,"name":"Startseite","item":"https:\/\/schroevendump.nl\/de\/"},{"@type":"ListItem","position":2,"name":"Shop","item":"https:\/\/schroevendump.nl\/de\/shop\/"},{"@type":"ListItem","position":3,"name":"Schraubendreher Torx Bit TX20 50mm"}]},{"@type":"WebSite","@id":"https:\/\/schroevendump.nl\/de\/#website","url":"https:\/\/schroevendump.nl\/de\/","name":"Schroevendump","description":"","potentialAction":[{"@type":"SearchAction","target":{"@type":"EntryPoint","urlTemplate":"https:\/\/schroevendump.nl\/de\/?s={search_term_string}"},"query-input":{"@type":"PropertyValueSpecification","valueRequired":true,"valueName":"search_term_string"}}],"inLanguage":"de"}]}},"_links":{"self":[{"href":"https:\/\/schroevendump.nl\/de\/wp-json\/wp\/v2\/product\/28289","targetHints":{"allow":["GET"]}}],"collection":[{"href":"https:\/\/schroevendump.nl\/de\/wp-json\/wp\/v2\/product"}],"about":[{"href":"https:\/\/schroevendump.nl\/de\/wp-json\/wp\/v2\/types\/product"}],"replies":[{"embeddable":true,"href":"https:\/\/schroevendump.nl\/de\/wp-json\/wp\/v2\/comments?post=28289"}],"wp:featuredmedia":[{"embeddable":true,"href":"https:\/\/schroevendump.nl\/de\/wp-json\/wp\/v2\/media\/28282"}],"wp:attachment":[{"href":"https:\/\/schroevendump.nl\/de\/wp-json\/wp\/v2\/media?parent=28289"}],"wp:term":[{"taxonomy":"product_brand","embeddable":true,"href":"https:\/\/schroevendump.nl\/de\/wp-json\/wp\/v2\/product_brand?post=28289"},{"taxonomy":"product_cat","embeddable":true,"href":"https:\/\/schroevendump.nl\/de\/wp-json\/wp\/v2\/product_cat?post=28289"},{"taxonomy":"product_tag","embeddable":true,"href":"https:\/\/schroevendump.nl\/de\/wp-json\/wp\/v2\/product_tag?post=28289"}],"curies":[{"name":"wp","href":"https:\/\/api.w.org\/{rel}","templated":true}]}}