{"id":28351,"date":"2025-05-10T13:36:12","date_gmt":"2025-05-10T13:36:12","guid":{"rendered":"https:\/\/schroevendump.nl\/product\/rex-schnellbohrer-18-x-400mm-extra-lang\/"},"modified":"2025-12-10T11:36:24","modified_gmt":"2025-12-10T11:36:24","slug":"rex-schnellbohrer-18-x-400mm-extra-lang","status":"publish","type":"product","link":"https:\/\/schroevendump.nl\/de\/produkt\/rex-schnellbohrer-18-x-400mm-extra-lang\/","title":{"rendered":"REX Schnellbohrer 18 x 400mm extra lang"},"content":{"rendered":"<p class=\"\" data-start=\"345\" data-end=\"585\">Dieser hochwertige 400-mm-Drehzahlbohrer ist ideal f\u00fcr pr\u00e4zises und schnelles Bohren in Holz. Dank seines 1\/4-Zoll (6,35 mm) Sechskantanschlusses ist der Bohrer mit den meisten g\u00e4ngigen (Akku-)Bohrmaschinen und Schnellwechselsystemen kompatibel. <\/p>\n<p class=\"\" data-start=\"587\" data-end=\"821\">Die scharfe Zentrierspitze sorgt f\u00fcr einen perfekten Bohrlochstart, w\u00e4hrend die beiden Seitenschneider f\u00fcr einen sauberen und schnellen Schnitt ohne Splitter sorgen. Hergestellt aus geh\u00e4rtetem Stahl f\u00fcr eine lange Lebensdauer, auch bei starker Beanspruchung. <\/p>\n<p class=\"\" data-start=\"823\" data-end=\"839\"><strong data-start=\"823\" data-end=\"837\">Merkmale:<\/strong><\/p>\n<ul data-start=\"840\" data-end=\"1139\">\n<li class=\"\" data-start=\"840\" data-end=\"858\">\n<p class=\"\" data-start=\"842\" data-end=\"858\">L\u00e4nge: 400 mm<\/p>\n<\/li>\n<li class=\"\" data-start=\"859\" data-end=\"922\">\n<p class=\"\" data-start=\"861\" data-end=\"922\">Durchmesser: in verschiedenen Gr\u00f6\u00dfen erh\u00e4ltlich (z.B. 6 mm, 13 mm)<\/p>\n<\/li>\n<li class=\"\" data-start=\"923\" data-end=\"971\">\n<p class=\"\" data-start=\"925\" data-end=\"971\">Anschluss: 1\/4&#8243; Sechskant-Bit (Schnellwechsel)<\/p>\n<\/li>\n<li class=\"\" data-start=\"972\" data-end=\"999\">\n<p class=\"\" data-start=\"974\" data-end=\"999\">Material: geh\u00e4rteter Stahl<\/p>\n<\/li>\n<li class=\"\" data-start=\"1000\" data-end=\"1055\">\n<p class=\"\" data-start=\"1002\" data-end=\"1055\">Geeignet f\u00fcr: Hartholz, Weichholz, Spanplatten, MDF<\/p>\n<\/li>\n<li class=\"\" data-start=\"1056\" data-end=\"1139\">\n<p class=\"\" data-start=\"1058\" data-end=\"1139\">Anwendung: z.B. Elektro- und Installationsarbeiten, Durchgangsbohrungen und Holzkonstruktionen<\/p>\n<\/li>\n<\/ul>\n<p class=\"\" data-start=\"1141\" data-end=\"1220\"><strong data-start=\"1141\" data-end=\"1220\">Perfekt f\u00fcr Handwerker und Heimwerker, die zuverl\u00e4ssige Leistung verlangen.<\/strong><\/p>\n","protected":false},"excerpt":{"rendered":"<p>Dieser hochwertige 400-mm-Drehzahlbohrer ist ideal f\u00fcr pr\u00e4zises und schnelles Bohren in Holz. Dank seines 1\/4-Zoll (6,35 mm) Sechskantanschlusses ist der Bohrer mit den meisten g\u00e4ngigen (Akku-)Bohrmaschinen und Schnellwechselsystemen kompatibel. Die scharfe Zentrierspitze sorgt f\u00fcr einen perfekten Bohrlochstart, w\u00e4hrend die beiden Seitenschneider f\u00fcr einen sauberen und schnellen Schnitt ohne Splitter sorgen. Hergestellt aus geh\u00e4rtetem Stahl f\u00fcr [&hellip;]<\/p>\n","protected":false},"featured_media":19013,"comment_status":"open","ping_status":"closed","template":"","meta":[],"product_brand":[],"product_cat":[579],"product_tag":[],"class_list":{"0":"post-28351","1":"product","2":"type-product","3":"status-publish","4":"has-post-thumbnail","6":"product_cat-geschwindigkeitsubungen","8":"first","9":"instock","10":"taxable","11":"shipping-taxable","12":"purchasable","13":"product-type-simple"},"supplier_id":null,"supplier_sku":"","barcode":null,"atum_controlled":true,"out_stock_date":null,"out_stock_threshold":null,"inheritable":false,"inbound_stock":0,"stock_on_hold":0,"sold_today":0,"sales_last_days":0,"reserved_stock":0,"customer_returns":0,"warehouse_damage":0,"lost_in_post":0,"other_logs":0,"out_stock_days":0,"lost_sales":0,"has_location":false,"update_date":"2026-04-04T00:55:42","atum_locations":[],"atum_stock_status":"instock","restock_status":false,"low_stock_amount":"","sales_update_date":"2026-04-04T00:55:42","calc_backorders":null,"acf":[],"yoast_head":"<!-- This site is optimized with the Yoast SEO plugin v26.6 - https:\/\/yoast.com\/wordpress\/plugins\/seo\/ -->\n<title>REX Schnellbohrer 18 x 400mm extra lang - Schroevendump<\/title>\n<meta name=\"robots\" content=\"index, follow, max-snippet:-1, max-image-preview:large, max-video-preview:-1\" \/>\n<link rel=\"canonical\" href=\"https:\/\/schroevendump.nl\/de\/produkt\/rex-schnellbohrer-18-x-400mm-extra-lang\/\" \/>\n<meta property=\"og:locale\" content=\"de_DE\" \/>\n<meta property=\"og:type\" content=\"article\" \/>\n<meta property=\"og:title\" content=\"REX Schnellbohrer 18 x 400mm extra lang - Schroevendump\" \/>\n<meta property=\"og:description\" content=\"Dieser hochwertige 400-mm-Drehzahlbohrer ist ideal f\u00fcr pr\u00e4zises und schnelles Bohren in Holz. Dank seines 1\/4-Zoll (6,35 mm) Sechskantanschlusses ist der Bohrer mit den meisten g\u00e4ngigen (Akku-)Bohrmaschinen und Schnellwechselsystemen kompatibel. Die scharfe Zentrierspitze sorgt f\u00fcr einen perfekten Bohrlochstart, w\u00e4hrend die beiden Seitenschneider f\u00fcr einen sauberen und schnellen Schnitt ohne Splitter sorgen. Hergestellt aus geh\u00e4rtetem Stahl f\u00fcr [&hellip;]\" \/>\n<meta property=\"og:url\" content=\"https:\/\/schroevendump.nl\/de\/produkt\/rex-schnellbohrer-18-x-400mm-extra-lang\/\" \/>\n<meta property=\"og:site_name\" content=\"Schroevendump\" \/>\n<meta property=\"article:modified_time\" content=\"2025-12-10T11:36:24+00:00\" \/>\n<meta property=\"og:image\" content=\"https:\/\/schroevendump.nl\/wp-content\/uploads\/2025\/05\/speedboor-400mm-2.png\" \/>\n\t<meta property=\"og:image:width\" content=\"500\" \/>\n\t<meta property=\"og:image:height\" content=\"500\" \/>\n\t<meta property=\"og:image:type\" content=\"image\/png\" \/>\n<meta name=\"twitter:card\" content=\"summary_large_image\" \/>\n<meta name=\"twitter:label1\" content=\"Gesch\u00e4tzte Lesezeit\" \/>\n\t<meta name=\"twitter:data1\" content=\"1\u00a0Minute\" \/>\n<script type=\"application\/ld+json\" class=\"yoast-schema-graph\">{\"@context\":\"https:\/\/schema.org\",\"@graph\":[{\"@type\":\"WebPage\",\"@id\":\"https:\/\/schroevendump.nl\/de\/produkt\/rex-schnellbohrer-18-x-400mm-extra-lang\/\",\"url\":\"https:\/\/schroevendump.nl\/de\/produkt\/rex-schnellbohrer-18-x-400mm-extra-lang\/\",\"name\":\"REX Schnellbohrer 18 x 400mm extra lang - Schroevendump\",\"isPartOf\":{\"@id\":\"https:\/\/schroevendump.nl\/de\/#website\"},\"primaryImageOfPage\":{\"@id\":\"https:\/\/schroevendump.nl\/de\/produkt\/rex-schnellbohrer-18-x-400mm-extra-lang\/#primaryimage\"},\"image\":{\"@id\":\"https:\/\/schroevendump.nl\/de\/produkt\/rex-schnellbohrer-18-x-400mm-extra-lang\/#primaryimage\"},\"thumbnailUrl\":\"https:\/\/schroevendump.nl\/wp-content\/uploads\/2025\/05\/speedboor-400mm-2.png\",\"datePublished\":\"2025-05-10T13:36:12+00:00\",\"dateModified\":\"2025-12-10T11:36:24+00:00\",\"breadcrumb\":{\"@id\":\"https:\/\/schroevendump.nl\/de\/produkt\/rex-schnellbohrer-18-x-400mm-extra-lang\/#breadcrumb\"},\"inLanguage\":\"de\",\"potentialAction\":[{\"@type\":\"ReadAction\",\"target\":[\"https:\/\/schroevendump.nl\/de\/produkt\/rex-schnellbohrer-18-x-400mm-extra-lang\/\"]}]},{\"@type\":\"ImageObject\",\"inLanguage\":\"de\",\"@id\":\"https:\/\/schroevendump.nl\/de\/produkt\/rex-schnellbohrer-18-x-400mm-extra-lang\/#primaryimage\",\"url\":\"https:\/\/schroevendump.nl\/wp-content\/uploads\/2025\/05\/speedboor-400mm-2.png\",\"contentUrl\":\"https:\/\/schroevendump.nl\/wp-content\/uploads\/2025\/05\/speedboor-400mm-2.png\",\"width\":500,\"height\":500},{\"@type\":\"BreadcrumbList\",\"@id\":\"https:\/\/schroevendump.nl\/de\/produkt\/rex-schnellbohrer-18-x-400mm-extra-lang\/#breadcrumb\",\"itemListElement\":[{\"@type\":\"ListItem\",\"position\":1,\"name\":\"Startseite\",\"item\":\"https:\/\/schroevendump.nl\/de\/\"},{\"@type\":\"ListItem\",\"position\":2,\"name\":\"Shop\",\"item\":\"https:\/\/schroevendump.nl\/de\/shop\/\"},{\"@type\":\"ListItem\",\"position\":3,\"name\":\"REX Schnellbohrer 18 x 400mm extra lang\"}]},{\"@type\":\"WebSite\",\"@id\":\"https:\/\/schroevendump.nl\/de\/#website\",\"url\":\"https:\/\/schroevendump.nl\/de\/\",\"name\":\"Schroevendump\",\"description\":\"\",\"potentialAction\":[{\"@type\":\"SearchAction\",\"target\":{\"@type\":\"EntryPoint\",\"urlTemplate\":\"https:\/\/schroevendump.nl\/de\/?s={search_term_string}\"},\"query-input\":{\"@type\":\"PropertyValueSpecification\",\"valueRequired\":true,\"valueName\":\"search_term_string\"}}],\"inLanguage\":\"de\"}]}<\/script>\n<!-- \/ Yoast SEO plugin. -->","yoast_head_json":{"title":"REX Schnellbohrer 18 x 400mm extra lang - Schroevendump","robots":{"index":"index","follow":"follow","max-snippet":"max-snippet:-1","max-image-preview":"max-image-preview:large","max-video-preview":"max-video-preview:-1"},"canonical":"https:\/\/schroevendump.nl\/de\/produkt\/rex-schnellbohrer-18-x-400mm-extra-lang\/","og_locale":"de_DE","og_type":"article","og_title":"REX Schnellbohrer 18 x 400mm extra lang - Schroevendump","og_description":"Dieser hochwertige 400-mm-Drehzahlbohrer ist ideal f\u00fcr pr\u00e4zises und schnelles Bohren in Holz. Dank seines 1\/4-Zoll (6,35 mm) Sechskantanschlusses ist der Bohrer mit den meisten g\u00e4ngigen (Akku-)Bohrmaschinen und Schnellwechselsystemen kompatibel. Die scharfe Zentrierspitze sorgt f\u00fcr einen perfekten Bohrlochstart, w\u00e4hrend die beiden Seitenschneider f\u00fcr einen sauberen und schnellen Schnitt ohne Splitter sorgen. Hergestellt aus geh\u00e4rtetem Stahl f\u00fcr [&hellip;]","og_url":"https:\/\/schroevendump.nl\/de\/produkt\/rex-schnellbohrer-18-x-400mm-extra-lang\/","og_site_name":"Schroevendump","article_modified_time":"2025-12-10T11:36:24+00:00","og_image":[{"width":500,"height":500,"url":"https:\/\/schroevendump.nl\/wp-content\/uploads\/2025\/05\/speedboor-400mm-2.png","type":"image\/png"}],"twitter_card":"summary_large_image","twitter_misc":{"Gesch\u00e4tzte Lesezeit":"1\u00a0Minute"},"schema":{"@context":"https:\/\/schema.org","@graph":[{"@type":"WebPage","@id":"https:\/\/schroevendump.nl\/de\/produkt\/rex-schnellbohrer-18-x-400mm-extra-lang\/","url":"https:\/\/schroevendump.nl\/de\/produkt\/rex-schnellbohrer-18-x-400mm-extra-lang\/","name":"REX Schnellbohrer 18 x 400mm extra lang - Schroevendump","isPartOf":{"@id":"https:\/\/schroevendump.nl\/de\/#website"},"primaryImageOfPage":{"@id":"https:\/\/schroevendump.nl\/de\/produkt\/rex-schnellbohrer-18-x-400mm-extra-lang\/#primaryimage"},"image":{"@id":"https:\/\/schroevendump.nl\/de\/produkt\/rex-schnellbohrer-18-x-400mm-extra-lang\/#primaryimage"},"thumbnailUrl":"https:\/\/schroevendump.nl\/wp-content\/uploads\/2025\/05\/speedboor-400mm-2.png","datePublished":"2025-05-10T13:36:12+00:00","dateModified":"2025-12-10T11:36:24+00:00","breadcrumb":{"@id":"https:\/\/schroevendump.nl\/de\/produkt\/rex-schnellbohrer-18-x-400mm-extra-lang\/#breadcrumb"},"inLanguage":"de","potentialAction":[{"@type":"ReadAction","target":["https:\/\/schroevendump.nl\/de\/produkt\/rex-schnellbohrer-18-x-400mm-extra-lang\/"]}]},{"@type":"ImageObject","inLanguage":"de","@id":"https:\/\/schroevendump.nl\/de\/produkt\/rex-schnellbohrer-18-x-400mm-extra-lang\/#primaryimage","url":"https:\/\/schroevendump.nl\/wp-content\/uploads\/2025\/05\/speedboor-400mm-2.png","contentUrl":"https:\/\/schroevendump.nl\/wp-content\/uploads\/2025\/05\/speedboor-400mm-2.png","width":500,"height":500},{"@type":"BreadcrumbList","@id":"https:\/\/schroevendump.nl\/de\/produkt\/rex-schnellbohrer-18-x-400mm-extra-lang\/#breadcrumb","itemListElement":[{"@type":"ListItem","position":1,"name":"Startseite","item":"https:\/\/schroevendump.nl\/de\/"},{"@type":"ListItem","position":2,"name":"Shop","item":"https:\/\/schroevendump.nl\/de\/shop\/"},{"@type":"ListItem","position":3,"name":"REX Schnellbohrer 18 x 400mm extra lang"}]},{"@type":"WebSite","@id":"https:\/\/schroevendump.nl\/de\/#website","url":"https:\/\/schroevendump.nl\/de\/","name":"Schroevendump","description":"","potentialAction":[{"@type":"SearchAction","target":{"@type":"EntryPoint","urlTemplate":"https:\/\/schroevendump.nl\/de\/?s={search_term_string}"},"query-input":{"@type":"PropertyValueSpecification","valueRequired":true,"valueName":"search_term_string"}}],"inLanguage":"de"}]}},"_links":{"self":[{"href":"https:\/\/schroevendump.nl\/de\/wp-json\/wp\/v2\/product\/28351","targetHints":{"allow":["GET"]}}],"collection":[{"href":"https:\/\/schroevendump.nl\/de\/wp-json\/wp\/v2\/product"}],"about":[{"href":"https:\/\/schroevendump.nl\/de\/wp-json\/wp\/v2\/types\/product"}],"replies":[{"embeddable":true,"href":"https:\/\/schroevendump.nl\/de\/wp-json\/wp\/v2\/comments?post=28351"}],"wp:featuredmedia":[{"embeddable":true,"href":"https:\/\/schroevendump.nl\/de\/wp-json\/wp\/v2\/media\/19013"}],"wp:attachment":[{"href":"https:\/\/schroevendump.nl\/de\/wp-json\/wp\/v2\/media?parent=28351"}],"wp:term":[{"taxonomy":"product_brand","embeddable":true,"href":"https:\/\/schroevendump.nl\/de\/wp-json\/wp\/v2\/product_brand?post=28351"},{"taxonomy":"product_cat","embeddable":true,"href":"https:\/\/schroevendump.nl\/de\/wp-json\/wp\/v2\/product_cat?post=28351"},{"taxonomy":"product_tag","embeddable":true,"href":"https:\/\/schroevendump.nl\/de\/wp-json\/wp\/v2\/product_tag?post=28351"}],"curies":[{"name":"wp","href":"https:\/\/api.w.org\/{rel}","templated":true}]}}