{"id":28374,"date":"2025-05-10T10:35:52","date_gmt":"2025-05-10T10:35:52","guid":{"rendered":"https:\/\/schroevendump.nl\/product\/rex-verlaengerung-fuer-speed-drills-300mm\/"},"modified":"2025-12-10T11:36:04","modified_gmt":"2025-12-10T11:36:04","slug":"rex-verlaengerung-fuer-speed-drills-300mm","status":"publish","type":"product","link":"https:\/\/schroevendump.nl\/de\/produkt\/rex-verlaengerung-fuer-speed-drills-300mm\/","title":{"rendered":"REX Verl\u00e4ngerung f\u00fcr Speed Drills &#8211; 300mm"},"content":{"rendered":"<p>Mit dem 300 mm langen REX-Verl\u00e4ngerungsst\u00fcck k\u00f6nnen Sie Ihren Schnellbohrer ganz einfach verl\u00e4ngern, um eine gr\u00f6\u00dfere Reichweite zu erzielen. Dieses Verl\u00e4ngerungsst\u00fcck ist ideal zum Bohren durch dicke Balken, B\u00f6den oder andere Holzkonstruktionen, f\u00fcr die ein Standardbohrer nicht lang genug ist. Dank des 1\/4&#8243;-Sechskantschaftes (Quicklock) l\u00e4sst es sich schnell und sicher an Ihrer Bohrmaschine befestigen und ist mit allen g\u00e4ngigen REX-Bohrmaschinen kompatibel.  <\/p>\n<ul>\n<li class=\"\" data-start=\"519\" data-end=\"560\">\n<p class=\"\" data-start=\"521\" data-end=\"560\"><span class=\"relative -mx-px my-[-0.2rem] rounded px-px py-[0.2rem] transition-colors duration-100 ease-in-out\"><strong data-start=\"0\" data-end=\"21\" data-is-only-node=\"\">Quicklock-System<\/strong> f\u00fcr die schnelle und sichere Befestigung des Bohrers<\/span><\/p>\n<\/li>\n<li class=\"\" data-start=\"561\" data-end=\"602\">\n<p class=\"\" data-start=\"563\" data-end=\"602\"><span class=\"relative -mx-px my-[-0.2rem] rounded px-px py-[0.2rem] transition-colors duration-100 ease-in-out\"><strong data-start=\"0\" data-end=\"26\" data-is-only-node=\"\">Verl\u00e4ngert die Reichweite<\/strong> Ihres Schnellbohrers um 300 mm<\/span><\/p>\n<\/li>\n<li class=\"\" data-start=\"603\" data-end=\"644\">\n<p class=\"\" data-start=\"605\" data-end=\"644\"><span class=\"relative -mx-px my-[-0.2rem] rounded px-px py-[0.2rem] transition-colors duration-100 ease-in-out\"><strong data-start=\"0\" data-end=\"41\" data-is-only-node=\"\">Kompatibel mit Schnellbohrern ab 16 mm,<\/strong> aufgrund des Durchmessers des Anschlusses<\/span><\/p>\n<\/li>\n<li class=\"\" data-start=\"645\" data-end=\"725\">\n<p class=\"\" data-start=\"647\" data-end=\"725\"><span class=\"relative -mx-px my-[-0.2rem] rounded px-px py-[0.2rem] transition-colors duration-100 ease-in-out\"><strong data-start=\"0\" data-end=\"24\" data-is-only-node=\"\">Robuste Konstruktion<\/strong> f\u00fcr den professionellen Einsatz<\/span><\/p>\n<\/li>\n<\/ul>\n","protected":false},"excerpt":{"rendered":"<p>Mit dem 300 mm langen REX-Verl\u00e4ngerungsst\u00fcck k\u00f6nnen Sie Ihren Schnellbohrer ganz einfach verl\u00e4ngern, um eine gr\u00f6\u00dfere Reichweite zu erzielen. Dieses Verl\u00e4ngerungsst\u00fcck ist ideal zum Bohren durch dicke Balken, B\u00f6den oder andere Holzkonstruktionen, f\u00fcr die ein Standardbohrer nicht lang genug ist. Dank des 1\/4&#8243;-Sechskantschaftes (Quicklock) l\u00e4sst es sich schnell und sicher an Ihrer Bohrmaschine befestigen und [&hellip;]<\/p>\n","protected":false},"featured_media":28376,"comment_status":"closed","ping_status":"closed","template":"","meta":[],"product_brand":[],"product_cat":[579],"product_tag":[],"class_list":{"0":"post-28374","1":"product","2":"type-product","3":"status-publish","4":"has-post-thumbnail","6":"product_cat-geschwindigkeitsubungen","8":"first","9":"instock","10":"taxable","11":"shipping-taxable","12":"purchasable","13":"product-type-simple"},"supplier_id":null,"supplier_sku":"","barcode":null,"atum_controlled":true,"out_stock_date":null,"out_stock_threshold":null,"inheritable":false,"inbound_stock":0,"stock_on_hold":0,"sold_today":0,"sales_last_days":0,"reserved_stock":0,"customer_returns":0,"warehouse_damage":0,"lost_in_post":0,"other_logs":0,"out_stock_days":0,"lost_sales":0,"has_location":false,"update_date":"2026-05-03T01:11:28","atum_locations":[],"atum_stock_status":"instock","restock_status":false,"low_stock_amount":"","sales_update_date":"2026-05-03T01:11:28","calc_backorders":null,"acf":[],"yoast_head":"<!-- This site is optimized with the Yoast SEO plugin v26.6 - https:\/\/yoast.com\/wordpress\/plugins\/seo\/ -->\n<title>REX Verl\u00e4ngerung f\u00fcr Speed Drills - 300mm - Schroevendump<\/title>\n<meta name=\"robots\" content=\"index, follow, max-snippet:-1, max-image-preview:large, max-video-preview:-1\" \/>\n<link rel=\"canonical\" href=\"https:\/\/schroevendump.nl\/de\/produkt\/rex-verlaengerung-fuer-speed-drills-300mm\/\" \/>\n<meta property=\"og:locale\" content=\"de_DE\" \/>\n<meta property=\"og:type\" content=\"article\" \/>\n<meta property=\"og:title\" content=\"REX Verl\u00e4ngerung f\u00fcr Speed Drills - 300mm - Schroevendump\" \/>\n<meta property=\"og:description\" content=\"Mit dem 300 mm langen REX-Verl\u00e4ngerungsst\u00fcck k\u00f6nnen Sie Ihren Schnellbohrer ganz einfach verl\u00e4ngern, um eine gr\u00f6\u00dfere Reichweite zu erzielen. Dieses Verl\u00e4ngerungsst\u00fcck ist ideal zum Bohren durch dicke Balken, B\u00f6den oder andere Holzkonstruktionen, f\u00fcr die ein Standardbohrer nicht lang genug ist. Dank des 1\/4&#8243;-Sechskantschaftes (Quicklock) l\u00e4sst es sich schnell und sicher an Ihrer Bohrmaschine befestigen und [&hellip;]\" \/>\n<meta property=\"og:url\" content=\"https:\/\/schroevendump.nl\/de\/produkt\/rex-verlaengerung-fuer-speed-drills-300mm\/\" \/>\n<meta property=\"og:site_name\" content=\"Schroevendump\" \/>\n<meta property=\"article:modified_time\" content=\"2025-12-10T11:36:04+00:00\" \/>\n<meta property=\"og:image\" content=\"https:\/\/schroevendump.nl\/wp-content\/uploads\/2025\/05\/verlengstuk_rex_300m-removebg-preview.png\" \/>\n\t<meta property=\"og:image:width\" content=\"480\" \/>\n\t<meta property=\"og:image:height\" content=\"480\" \/>\n\t<meta property=\"og:image:type\" content=\"image\/png\" \/>\n<meta name=\"twitter:card\" content=\"summary_large_image\" \/>\n<meta name=\"twitter:label1\" content=\"Gesch\u00e4tzte Lesezeit\" \/>\n\t<meta name=\"twitter:data1\" content=\"1\u00a0Minute\" \/>\n<script type=\"application\/ld+json\" class=\"yoast-schema-graph\">{\"@context\":\"https:\/\/schema.org\",\"@graph\":[{\"@type\":\"WebPage\",\"@id\":\"https:\/\/schroevendump.nl\/de\/produkt\/rex-verlaengerung-fuer-speed-drills-300mm\/\",\"url\":\"https:\/\/schroevendump.nl\/de\/produkt\/rex-verlaengerung-fuer-speed-drills-300mm\/\",\"name\":\"REX Verl\u00e4ngerung f\u00fcr Speed Drills - 300mm - Schroevendump\",\"isPartOf\":{\"@id\":\"https:\/\/schroevendump.nl\/de\/#website\"},\"primaryImageOfPage\":{\"@id\":\"https:\/\/schroevendump.nl\/de\/produkt\/rex-verlaengerung-fuer-speed-drills-300mm\/#primaryimage\"},\"image\":{\"@id\":\"https:\/\/schroevendump.nl\/de\/produkt\/rex-verlaengerung-fuer-speed-drills-300mm\/#primaryimage\"},\"thumbnailUrl\":\"https:\/\/schroevendump.nl\/wp-content\/uploads\/2025\/05\/verlengstuk_rex_300m-removebg-preview.png\",\"datePublished\":\"2025-05-10T10:35:52+00:00\",\"dateModified\":\"2025-12-10T11:36:04+00:00\",\"breadcrumb\":{\"@id\":\"https:\/\/schroevendump.nl\/de\/produkt\/rex-verlaengerung-fuer-speed-drills-300mm\/#breadcrumb\"},\"inLanguage\":\"de\",\"potentialAction\":[{\"@type\":\"ReadAction\",\"target\":[\"https:\/\/schroevendump.nl\/de\/produkt\/rex-verlaengerung-fuer-speed-drills-300mm\/\"]}]},{\"@type\":\"ImageObject\",\"inLanguage\":\"de\",\"@id\":\"https:\/\/schroevendump.nl\/de\/produkt\/rex-verlaengerung-fuer-speed-drills-300mm\/#primaryimage\",\"url\":\"https:\/\/schroevendump.nl\/wp-content\/uploads\/2025\/05\/verlengstuk_rex_300m-removebg-preview.png\",\"contentUrl\":\"https:\/\/schroevendump.nl\/wp-content\/uploads\/2025\/05\/verlengstuk_rex_300m-removebg-preview.png\",\"width\":480,\"height\":480},{\"@type\":\"BreadcrumbList\",\"@id\":\"https:\/\/schroevendump.nl\/de\/produkt\/rex-verlaengerung-fuer-speed-drills-300mm\/#breadcrumb\",\"itemListElement\":[{\"@type\":\"ListItem\",\"position\":1,\"name\":\"Startseite\",\"item\":\"https:\/\/schroevendump.nl\/de\/\"},{\"@type\":\"ListItem\",\"position\":2,\"name\":\"Shop\",\"item\":\"https:\/\/schroevendump.nl\/de\/shop\/\"},{\"@type\":\"ListItem\",\"position\":3,\"name\":\"REX Verl\u00e4ngerung f\u00fcr Speed Drills &#8211; 300mm\"}]},{\"@type\":\"WebSite\",\"@id\":\"https:\/\/schroevendump.nl\/de\/#website\",\"url\":\"https:\/\/schroevendump.nl\/de\/\",\"name\":\"Schroevendump\",\"description\":\"\",\"potentialAction\":[{\"@type\":\"SearchAction\",\"target\":{\"@type\":\"EntryPoint\",\"urlTemplate\":\"https:\/\/schroevendump.nl\/de\/?s={search_term_string}\"},\"query-input\":{\"@type\":\"PropertyValueSpecification\",\"valueRequired\":true,\"valueName\":\"search_term_string\"}}],\"inLanguage\":\"de\"}]}<\/script>\n<!-- \/ Yoast SEO plugin. -->","yoast_head_json":{"title":"REX Verl\u00e4ngerung f\u00fcr Speed Drills - 300mm - Schroevendump","robots":{"index":"index","follow":"follow","max-snippet":"max-snippet:-1","max-image-preview":"max-image-preview:large","max-video-preview":"max-video-preview:-1"},"canonical":"https:\/\/schroevendump.nl\/de\/produkt\/rex-verlaengerung-fuer-speed-drills-300mm\/","og_locale":"de_DE","og_type":"article","og_title":"REX Verl\u00e4ngerung f\u00fcr Speed Drills - 300mm - Schroevendump","og_description":"Mit dem 300 mm langen REX-Verl\u00e4ngerungsst\u00fcck k\u00f6nnen Sie Ihren Schnellbohrer ganz einfach verl\u00e4ngern, um eine gr\u00f6\u00dfere Reichweite zu erzielen. Dieses Verl\u00e4ngerungsst\u00fcck ist ideal zum Bohren durch dicke Balken, B\u00f6den oder andere Holzkonstruktionen, f\u00fcr die ein Standardbohrer nicht lang genug ist. Dank des 1\/4&#8243;-Sechskantschaftes (Quicklock) l\u00e4sst es sich schnell und sicher an Ihrer Bohrmaschine befestigen und [&hellip;]","og_url":"https:\/\/schroevendump.nl\/de\/produkt\/rex-verlaengerung-fuer-speed-drills-300mm\/","og_site_name":"Schroevendump","article_modified_time":"2025-12-10T11:36:04+00:00","og_image":[{"width":480,"height":480,"url":"https:\/\/schroevendump.nl\/wp-content\/uploads\/2025\/05\/verlengstuk_rex_300m-removebg-preview.png","type":"image\/png"}],"twitter_card":"summary_large_image","twitter_misc":{"Gesch\u00e4tzte Lesezeit":"1\u00a0Minute"},"schema":{"@context":"https:\/\/schema.org","@graph":[{"@type":"WebPage","@id":"https:\/\/schroevendump.nl\/de\/produkt\/rex-verlaengerung-fuer-speed-drills-300mm\/","url":"https:\/\/schroevendump.nl\/de\/produkt\/rex-verlaengerung-fuer-speed-drills-300mm\/","name":"REX Verl\u00e4ngerung f\u00fcr Speed Drills - 300mm - Schroevendump","isPartOf":{"@id":"https:\/\/schroevendump.nl\/de\/#website"},"primaryImageOfPage":{"@id":"https:\/\/schroevendump.nl\/de\/produkt\/rex-verlaengerung-fuer-speed-drills-300mm\/#primaryimage"},"image":{"@id":"https:\/\/schroevendump.nl\/de\/produkt\/rex-verlaengerung-fuer-speed-drills-300mm\/#primaryimage"},"thumbnailUrl":"https:\/\/schroevendump.nl\/wp-content\/uploads\/2025\/05\/verlengstuk_rex_300m-removebg-preview.png","datePublished":"2025-05-10T10:35:52+00:00","dateModified":"2025-12-10T11:36:04+00:00","breadcrumb":{"@id":"https:\/\/schroevendump.nl\/de\/produkt\/rex-verlaengerung-fuer-speed-drills-300mm\/#breadcrumb"},"inLanguage":"de","potentialAction":[{"@type":"ReadAction","target":["https:\/\/schroevendump.nl\/de\/produkt\/rex-verlaengerung-fuer-speed-drills-300mm\/"]}]},{"@type":"ImageObject","inLanguage":"de","@id":"https:\/\/schroevendump.nl\/de\/produkt\/rex-verlaengerung-fuer-speed-drills-300mm\/#primaryimage","url":"https:\/\/schroevendump.nl\/wp-content\/uploads\/2025\/05\/verlengstuk_rex_300m-removebg-preview.png","contentUrl":"https:\/\/schroevendump.nl\/wp-content\/uploads\/2025\/05\/verlengstuk_rex_300m-removebg-preview.png","width":480,"height":480},{"@type":"BreadcrumbList","@id":"https:\/\/schroevendump.nl\/de\/produkt\/rex-verlaengerung-fuer-speed-drills-300mm\/#breadcrumb","itemListElement":[{"@type":"ListItem","position":1,"name":"Startseite","item":"https:\/\/schroevendump.nl\/de\/"},{"@type":"ListItem","position":2,"name":"Shop","item":"https:\/\/schroevendump.nl\/de\/shop\/"},{"@type":"ListItem","position":3,"name":"REX Verl\u00e4ngerung f\u00fcr Speed Drills &#8211; 300mm"}]},{"@type":"WebSite","@id":"https:\/\/schroevendump.nl\/de\/#website","url":"https:\/\/schroevendump.nl\/de\/","name":"Schroevendump","description":"","potentialAction":[{"@type":"SearchAction","target":{"@type":"EntryPoint","urlTemplate":"https:\/\/schroevendump.nl\/de\/?s={search_term_string}"},"query-input":{"@type":"PropertyValueSpecification","valueRequired":true,"valueName":"search_term_string"}}],"inLanguage":"de"}]}},"_links":{"self":[{"href":"https:\/\/schroevendump.nl\/de\/wp-json\/wp\/v2\/product\/28374","targetHints":{"allow":["GET"]}}],"collection":[{"href":"https:\/\/schroevendump.nl\/de\/wp-json\/wp\/v2\/product"}],"about":[{"href":"https:\/\/schroevendump.nl\/de\/wp-json\/wp\/v2\/types\/product"}],"replies":[{"embeddable":true,"href":"https:\/\/schroevendump.nl\/de\/wp-json\/wp\/v2\/comments?post=28374"}],"wp:featuredmedia":[{"embeddable":true,"href":"https:\/\/schroevendump.nl\/de\/wp-json\/wp\/v2\/media\/28376"}],"wp:attachment":[{"href":"https:\/\/schroevendump.nl\/de\/wp-json\/wp\/v2\/media?parent=28374"}],"wp:term":[{"taxonomy":"product_brand","embeddable":true,"href":"https:\/\/schroevendump.nl\/de\/wp-json\/wp\/v2\/product_brand?post=28374"},{"taxonomy":"product_cat","embeddable":true,"href":"https:\/\/schroevendump.nl\/de\/wp-json\/wp\/v2\/product_cat?post=28374"},{"taxonomy":"product_tag","embeddable":true,"href":"https:\/\/schroevendump.nl\/de\/wp-json\/wp\/v2\/product_tag?post=28374"}],"curies":[{"name":"wp","href":"https:\/\/api.w.org\/{rel}","templated":true}]}}