{"id":28451,"date":"2025-10-04T19:14:52","date_gmt":"2025-10-04T19:14:52","guid":{"rendered":"https:\/\/schroevendump.nl\/product\/stichsaegeblatt-240-mm-s1531l-hcs-wood-pruning\/"},"modified":"2025-12-10T11:55:06","modified_gmt":"2025-12-10T11:55:06","slug":"stichsaegeblatt-240-mm-s1531l-hcs-wood-pruning","status":"publish","type":"product","link":"https:\/\/schroevendump.nl\/de\/produkt\/stichsaegeblatt-240-mm-s1531l-hcs-wood-pruning\/","title":{"rendered":"Stichs\u00e4geblatt 240 mm &#8211; S1531L HCS Wood &amp; Pruning"},"content":{"rendered":"<ul data-start=\"299\" data-end=\"866\">\n<li data-start=\"299\" data-end=\"391\">\n<p data-start=\"301\" data-end=\"391\"><strong data-start=\"301\" data-end=\"315\">Material:<\/strong> Hochwertiger HCS (High Carbon Steel) f\u00fcr optimale St\u00e4rke und Haltbarkeit<\/p>\n<\/li>\n<li data-start=\"392\" data-end=\"491\">\n<p data-start=\"394\" data-end=\"491\"><strong data-start=\"394\" data-end=\"409\">Anwendung:<\/strong> Ideal zum Schneiden von gr\u00fcnem und trockenem Holz, einschlie\u00dflich Baumschnitt und Brennholz<\/p>\n<\/li>\n<li data-start=\"492\" data-end=\"556\">\n<p data-start=\"494\" data-end=\"556\"><strong data-start=\"494\" data-end=\"509\">Abmessungen:<\/strong> Gesamtl\u00e4nge 240 mm, bearbeitbare L\u00e4nge 220 mm<\/p>\n<\/li>\n<li data-start=\"557\" data-end=\"644\">\n<p data-start=\"559\" data-end=\"644\"><strong data-start=\"559\" data-end=\"574\">Z\u00e4hne:<\/strong> 5 TPI &#8211; grobe, geschliffene Z\u00e4hne f\u00fcr schnelle und effiziente Schnitte<\/p>\n<\/li>\n<li data-start=\"645\" data-end=\"743\">\n<p data-start=\"647\" data-end=\"743\"><strong data-start=\"647\" data-end=\"667\">Kompatibilit\u00e4t:<\/strong> Passt zu den meisten S\u00e4bels\u00e4gen mit universellem 1\/2-Zoll-Anschluss<\/p>\n<\/li>\n<li data-start=\"744\" data-end=\"866\">\n<p data-start=\"746\" data-end=\"866\"><strong data-start=\"746\" data-end=\"761\">Verpackung:<\/strong> Einzeln verpackt oder 10 St\u00fcck in einer Tube &#8211; n\u00fctzlich f\u00fcr den professionellen Einsatz und gr\u00f6\u00dfere Projekte<\/p>\n<\/li>\n<\/ul>\n<hr data-start=\"868\" data-end=\"871\">\n<h3 data-start=\"873\" data-end=\"903\"><strong data-start=\"880\" data-end=\"901\">\ud83d\udd28 Kurze Hinweise zur Verwendung<\/strong><\/h3>\n<ul data-start=\"904\" data-end=\"1111\">\n<li data-start=\"904\" data-end=\"961\">\n<p data-start=\"906\" data-end=\"961\">Lassen Sie die S\u00e4ge die Arbeit machen; \u00fcben Sie keinen zus\u00e4tzlichen Druck aus.<\/p>\n<\/li>\n<li data-start=\"962\" data-end=\"1054\">\n<p data-start=\"964\" data-end=\"1054\">Verwenden Sie beim Schneiden von gr\u00fcnem Holz eine moderate Geschwindigkeit, um eine \u00dcberhitzung zu vermeiden.<\/p>\n<\/li>\n<li data-start=\"1055\" data-end=\"1111\">\n<p data-start=\"1057\" data-end=\"1111\">Perfekt f\u00fcr \u00c4ste, Str\u00e4ucher, Rahmen oder Brennholz<\/p>\n<\/li>\n<\/ul>\n","protected":false},"excerpt":{"rendered":"<p>Material: Hochwertiger HCS (High Carbon Steel) f\u00fcr optimale St\u00e4rke und Haltbarkeit Anwendung: Ideal zum Schneiden von gr\u00fcnem und trockenem Holz, einschlie\u00dflich Baumschnitt und Brennholz Abmessungen: Gesamtl\u00e4nge 240 mm, bearbeitbare L\u00e4nge 220 mm Z\u00e4hne: 5 TPI &#8211; grobe, geschliffene Z\u00e4hne f\u00fcr schnelle und effiziente Schnitte Kompatibilit\u00e4t: Passt zu den meisten S\u00e4bels\u00e4gen mit universellem 1\/2-Zoll-Anschluss Verpackung: Einzeln [&hellip;]<\/p>\n","protected":false},"featured_media":28455,"comment_status":"open","ping_status":"closed","template":"","meta":[],"product_brand":[],"product_cat":[804],"product_tag":[],"class_list":{"0":"post-28451","1":"product","2":"type-product","3":"status-publish","4":"has-post-thumbnail","6":"product_cat-stichsageblatter","8":"first","9":"instock","10":"taxable","11":"shipping-taxable","12":"purchasable","13":"product-type-simple"},"supplier_id":null,"supplier_sku":"","barcode":null,"atum_controlled":true,"out_stock_date":null,"out_stock_threshold":null,"inheritable":false,"inbound_stock":0,"stock_on_hold":0,"sold_today":0,"sales_last_days":118,"reserved_stock":0,"customer_returns":0,"warehouse_damage":0,"lost_in_post":0,"other_logs":0,"out_stock_days":0,"lost_sales":0,"has_location":false,"update_date":"2026-05-08T07:10:39","atum_locations":[],"atum_stock_status":"instock","restock_status":true,"low_stock_amount":"","sales_update_date":"2026-05-08T07:10:38","calc_backorders":null,"acf":[],"yoast_head":"<!-- This site is optimized with the Yoast SEO plugin v26.6 - https:\/\/yoast.com\/wordpress\/plugins\/seo\/ -->\n<title>Stichs\u00e4geblatt 240 mm - S1531L HCS Wood &amp; Pruning - Schroevendump<\/title>\n<meta name=\"robots\" content=\"index, follow, max-snippet:-1, max-image-preview:large, max-video-preview:-1\" \/>\n<link rel=\"canonical\" href=\"https:\/\/schroevendump.nl\/de\/produkt\/stichsaegeblatt-240-mm-s1531l-hcs-wood-pruning\/\" \/>\n<meta property=\"og:locale\" content=\"de_DE\" \/>\n<meta property=\"og:type\" content=\"article\" \/>\n<meta property=\"og:title\" content=\"Stichs\u00e4geblatt 240 mm - S1531L HCS Wood &amp; Pruning - Schroevendump\" \/>\n<meta property=\"og:description\" content=\"Material: Hochwertiger HCS (High Carbon Steel) f\u00fcr optimale St\u00e4rke und Haltbarkeit Anwendung: Ideal zum Schneiden von gr\u00fcnem und trockenem Holz, einschlie\u00dflich Baumschnitt und Brennholz Abmessungen: Gesamtl\u00e4nge 240 mm, bearbeitbare L\u00e4nge 220 mm Z\u00e4hne: 5 TPI &#8211; grobe, geschliffene Z\u00e4hne f\u00fcr schnelle und effiziente Schnitte Kompatibilit\u00e4t: Passt zu den meisten S\u00e4bels\u00e4gen mit universellem 1\/2-Zoll-Anschluss Verpackung: Einzeln [&hellip;]\" \/>\n<meta property=\"og:url\" content=\"https:\/\/schroevendump.nl\/de\/produkt\/stichsaegeblatt-240-mm-s1531l-hcs-wood-pruning\/\" \/>\n<meta property=\"og:site_name\" content=\"Schroevendump\" \/>\n<meta property=\"article:modified_time\" content=\"2025-12-10T11:55:06+00:00\" \/>\n<meta property=\"og:image\" content=\"https:\/\/schroevendump.nl\/wp-content\/uploads\/2025\/10\/reciprozaag-hout--scaled-e1760385092459.png\" \/>\n\t<meta property=\"og:image:width\" content=\"2540\" \/>\n\t<meta property=\"og:image:height\" content=\"2176\" \/>\n\t<meta property=\"og:image:type\" content=\"image\/png\" \/>\n<meta name=\"twitter:card\" content=\"summary_large_image\" \/>\n<meta name=\"twitter:label1\" content=\"Gesch\u00e4tzte Lesezeit\" \/>\n\t<meta name=\"twitter:data1\" content=\"1\u00a0Minute\" \/>\n<script type=\"application\/ld+json\" class=\"yoast-schema-graph\">{\"@context\":\"https:\/\/schema.org\",\"@graph\":[{\"@type\":\"WebPage\",\"@id\":\"https:\/\/schroevendump.nl\/de\/produkt\/stichsaegeblatt-240-mm-s1531l-hcs-wood-pruning\/\",\"url\":\"https:\/\/schroevendump.nl\/de\/produkt\/stichsaegeblatt-240-mm-s1531l-hcs-wood-pruning\/\",\"name\":\"Stichs\u00e4geblatt 240 mm - S1531L HCS Wood &amp; Pruning - Schroevendump\",\"isPartOf\":{\"@id\":\"https:\/\/schroevendump.nl\/de\/#website\"},\"primaryImageOfPage\":{\"@id\":\"https:\/\/schroevendump.nl\/de\/produkt\/stichsaegeblatt-240-mm-s1531l-hcs-wood-pruning\/#primaryimage\"},\"image\":{\"@id\":\"https:\/\/schroevendump.nl\/de\/produkt\/stichsaegeblatt-240-mm-s1531l-hcs-wood-pruning\/#primaryimage\"},\"thumbnailUrl\":\"https:\/\/schroevendump.nl\/wp-content\/uploads\/2025\/10\/reciprozaag-hout--scaled-e1760385092459.png\",\"datePublished\":\"2025-10-04T19:14:52+00:00\",\"dateModified\":\"2025-12-10T11:55:06+00:00\",\"breadcrumb\":{\"@id\":\"https:\/\/schroevendump.nl\/de\/produkt\/stichsaegeblatt-240-mm-s1531l-hcs-wood-pruning\/#breadcrumb\"},\"inLanguage\":\"de\",\"potentialAction\":[{\"@type\":\"ReadAction\",\"target\":[\"https:\/\/schroevendump.nl\/de\/produkt\/stichsaegeblatt-240-mm-s1531l-hcs-wood-pruning\/\"]}]},{\"@type\":\"ImageObject\",\"inLanguage\":\"de\",\"@id\":\"https:\/\/schroevendump.nl\/de\/produkt\/stichsaegeblatt-240-mm-s1531l-hcs-wood-pruning\/#primaryimage\",\"url\":\"https:\/\/schroevendump.nl\/wp-content\/uploads\/2025\/10\/reciprozaag-hout--scaled-e1760385092459.png\",\"contentUrl\":\"https:\/\/schroevendump.nl\/wp-content\/uploads\/2025\/10\/reciprozaag-hout--scaled-e1760385092459.png\",\"width\":2540,\"height\":2176},{\"@type\":\"BreadcrumbList\",\"@id\":\"https:\/\/schroevendump.nl\/de\/produkt\/stichsaegeblatt-240-mm-s1531l-hcs-wood-pruning\/#breadcrumb\",\"itemListElement\":[{\"@type\":\"ListItem\",\"position\":1,\"name\":\"Startseite\",\"item\":\"https:\/\/schroevendump.nl\/de\/\"},{\"@type\":\"ListItem\",\"position\":2,\"name\":\"Shop\",\"item\":\"https:\/\/schroevendump.nl\/de\/shop\/\"},{\"@type\":\"ListItem\",\"position\":3,\"name\":\"Stichs\u00e4geblatt 240 mm &#8211; S1531L HCS Wood &amp; Pruning\"}]},{\"@type\":\"WebSite\",\"@id\":\"https:\/\/schroevendump.nl\/de\/#website\",\"url\":\"https:\/\/schroevendump.nl\/de\/\",\"name\":\"Schroevendump\",\"description\":\"\",\"potentialAction\":[{\"@type\":\"SearchAction\",\"target\":{\"@type\":\"EntryPoint\",\"urlTemplate\":\"https:\/\/schroevendump.nl\/de\/?s={search_term_string}\"},\"query-input\":{\"@type\":\"PropertyValueSpecification\",\"valueRequired\":true,\"valueName\":\"search_term_string\"}}],\"inLanguage\":\"de\"}]}<\/script>\n<!-- \/ Yoast SEO plugin. -->","yoast_head_json":{"title":"Stichs\u00e4geblatt 240 mm - S1531L HCS Wood &amp; Pruning - Schroevendump","robots":{"index":"index","follow":"follow","max-snippet":"max-snippet:-1","max-image-preview":"max-image-preview:large","max-video-preview":"max-video-preview:-1"},"canonical":"https:\/\/schroevendump.nl\/de\/produkt\/stichsaegeblatt-240-mm-s1531l-hcs-wood-pruning\/","og_locale":"de_DE","og_type":"article","og_title":"Stichs\u00e4geblatt 240 mm - S1531L HCS Wood &amp; Pruning - Schroevendump","og_description":"Material: Hochwertiger HCS (High Carbon Steel) f\u00fcr optimale St\u00e4rke und Haltbarkeit Anwendung: Ideal zum Schneiden von gr\u00fcnem und trockenem Holz, einschlie\u00dflich Baumschnitt und Brennholz Abmessungen: Gesamtl\u00e4nge 240 mm, bearbeitbare L\u00e4nge 220 mm Z\u00e4hne: 5 TPI &#8211; grobe, geschliffene Z\u00e4hne f\u00fcr schnelle und effiziente Schnitte Kompatibilit\u00e4t: Passt zu den meisten S\u00e4bels\u00e4gen mit universellem 1\/2-Zoll-Anschluss Verpackung: Einzeln [&hellip;]","og_url":"https:\/\/schroevendump.nl\/de\/produkt\/stichsaegeblatt-240-mm-s1531l-hcs-wood-pruning\/","og_site_name":"Schroevendump","article_modified_time":"2025-12-10T11:55:06+00:00","og_image":[{"width":2540,"height":2176,"url":"https:\/\/schroevendump.nl\/wp-content\/uploads\/2025\/10\/reciprozaag-hout--scaled-e1760385092459.png","type":"image\/png"}],"twitter_card":"summary_large_image","twitter_misc":{"Gesch\u00e4tzte Lesezeit":"1\u00a0Minute"},"schema":{"@context":"https:\/\/schema.org","@graph":[{"@type":"WebPage","@id":"https:\/\/schroevendump.nl\/de\/produkt\/stichsaegeblatt-240-mm-s1531l-hcs-wood-pruning\/","url":"https:\/\/schroevendump.nl\/de\/produkt\/stichsaegeblatt-240-mm-s1531l-hcs-wood-pruning\/","name":"Stichs\u00e4geblatt 240 mm - S1531L HCS Wood &amp; Pruning - Schroevendump","isPartOf":{"@id":"https:\/\/schroevendump.nl\/de\/#website"},"primaryImageOfPage":{"@id":"https:\/\/schroevendump.nl\/de\/produkt\/stichsaegeblatt-240-mm-s1531l-hcs-wood-pruning\/#primaryimage"},"image":{"@id":"https:\/\/schroevendump.nl\/de\/produkt\/stichsaegeblatt-240-mm-s1531l-hcs-wood-pruning\/#primaryimage"},"thumbnailUrl":"https:\/\/schroevendump.nl\/wp-content\/uploads\/2025\/10\/reciprozaag-hout--scaled-e1760385092459.png","datePublished":"2025-10-04T19:14:52+00:00","dateModified":"2025-12-10T11:55:06+00:00","breadcrumb":{"@id":"https:\/\/schroevendump.nl\/de\/produkt\/stichsaegeblatt-240-mm-s1531l-hcs-wood-pruning\/#breadcrumb"},"inLanguage":"de","potentialAction":[{"@type":"ReadAction","target":["https:\/\/schroevendump.nl\/de\/produkt\/stichsaegeblatt-240-mm-s1531l-hcs-wood-pruning\/"]}]},{"@type":"ImageObject","inLanguage":"de","@id":"https:\/\/schroevendump.nl\/de\/produkt\/stichsaegeblatt-240-mm-s1531l-hcs-wood-pruning\/#primaryimage","url":"https:\/\/schroevendump.nl\/wp-content\/uploads\/2025\/10\/reciprozaag-hout--scaled-e1760385092459.png","contentUrl":"https:\/\/schroevendump.nl\/wp-content\/uploads\/2025\/10\/reciprozaag-hout--scaled-e1760385092459.png","width":2540,"height":2176},{"@type":"BreadcrumbList","@id":"https:\/\/schroevendump.nl\/de\/produkt\/stichsaegeblatt-240-mm-s1531l-hcs-wood-pruning\/#breadcrumb","itemListElement":[{"@type":"ListItem","position":1,"name":"Startseite","item":"https:\/\/schroevendump.nl\/de\/"},{"@type":"ListItem","position":2,"name":"Shop","item":"https:\/\/schroevendump.nl\/de\/shop\/"},{"@type":"ListItem","position":3,"name":"Stichs\u00e4geblatt 240 mm &#8211; S1531L HCS Wood &amp; Pruning"}]},{"@type":"WebSite","@id":"https:\/\/schroevendump.nl\/de\/#website","url":"https:\/\/schroevendump.nl\/de\/","name":"Schroevendump","description":"","potentialAction":[{"@type":"SearchAction","target":{"@type":"EntryPoint","urlTemplate":"https:\/\/schroevendump.nl\/de\/?s={search_term_string}"},"query-input":{"@type":"PropertyValueSpecification","valueRequired":true,"valueName":"search_term_string"}}],"inLanguage":"de"}]}},"_links":{"self":[{"href":"https:\/\/schroevendump.nl\/de\/wp-json\/wp\/v2\/product\/28451","targetHints":{"allow":["GET"]}}],"collection":[{"href":"https:\/\/schroevendump.nl\/de\/wp-json\/wp\/v2\/product"}],"about":[{"href":"https:\/\/schroevendump.nl\/de\/wp-json\/wp\/v2\/types\/product"}],"replies":[{"embeddable":true,"href":"https:\/\/schroevendump.nl\/de\/wp-json\/wp\/v2\/comments?post=28451"}],"wp:featuredmedia":[{"embeddable":true,"href":"https:\/\/schroevendump.nl\/de\/wp-json\/wp\/v2\/media\/28455"}],"wp:attachment":[{"href":"https:\/\/schroevendump.nl\/de\/wp-json\/wp\/v2\/media?parent=28451"}],"wp:term":[{"taxonomy":"product_brand","embeddable":true,"href":"https:\/\/schroevendump.nl\/de\/wp-json\/wp\/v2\/product_brand?post=28451"},{"taxonomy":"product_cat","embeddable":true,"href":"https:\/\/schroevendump.nl\/de\/wp-json\/wp\/v2\/product_cat?post=28451"},{"taxonomy":"product_tag","embeddable":true,"href":"https:\/\/schroevendump.nl\/de\/wp-json\/wp\/v2\/product_tag?post=28451"}],"curies":[{"name":"wp","href":"https:\/\/api.w.org\/{rel}","templated":true}]}}