{"id":28518,"date":"2025-10-04T12:56:49","date_gmt":"2025-10-04T12:56:49","guid":{"rendered":"https:\/\/schroevendump.nl\/product\/starlock-hcs-multitool-standard-saegeblatt-65x50-mm-holz-00002\/"},"modified":"2025-12-10T12:02:59","modified_gmt":"2025-12-10T12:02:59","slug":"starlock-hcs-multitool-standard-saegeblatt-65x50-mm-holz-00002","status":"publish","type":"product","link":"https:\/\/schroevendump.nl\/de\/produkt\/starlock-hcs-multitool-standard-saegeblatt-65x50-mm-holz-00002\/","title":{"rendered":"Starlock HCS Multitool Standard-S\u00e4geblatt 65\u00d750 mm &#8211; Holz (00002)"},"content":{"rendered":"<ul data-start=\"310\" data-end=\"806\">\n<li data-start=\"310\" data-end=\"414\">\n<p data-start=\"312\" data-end=\"414\"><strong data-start=\"312\" data-end=\"349\">Standard HCS (High Carbon Steel)<\/strong> S\u00e4geblatt: wirtschaftlich und geeignet f\u00fcr weiches bis mittelhartes Holz<\/p>\n<\/li>\n<li data-start=\"415\" data-end=\"490\">\n<p data-start=\"417\" data-end=\"490\"><strong data-start=\"417\" data-end=\"432\">Ma\u00dfe:<\/strong> 35\u00d750 mm, passend f\u00fcr alle <strong data-start=\"462\" data-end=\"488\">Starlock SL Multitools<\/strong><\/p>\n<\/li>\n<li data-start=\"491\" data-end=\"566\">\n<p data-start=\"493\" data-end=\"566\"><strong data-start=\"493\" data-end=\"507\">Material:<\/strong> Kohlenstoffstahl &#8211; flexibel, scharf und leicht zu sch\u00e4rfen<\/p>\n<\/li>\n<li data-start=\"567\" data-end=\"638\">\n<p data-start=\"569\" data-end=\"638\"><strong data-start=\"569\" data-end=\"584\">Anwendung:<\/strong> Holz, MDF, Spanplatten, Laminat und weicher Kunststoff<\/p>\n<\/li>\n<li data-start=\"639\" data-end=\"725\">\n<p data-start=\"641\" data-end=\"725\"><strong data-start=\"641\" data-end=\"669\">Starlock-Verbindung:<\/strong> schneller werkzeugloser Wechsel und stabile Verbindung<\/p>\n<\/li>\n<li data-start=\"726\" data-end=\"806\">\n<p data-start=\"728\" data-end=\"806\"><strong data-start=\"728\" data-end=\"757\">F\u00fcr Pr\u00e4zision und Kontrolle:<\/strong> ideal f\u00fcr kleine bis mittlere Schneidarbeiten<\/p>\n<\/li>\n<\/ul>\n<hr data-start=\"808\" data-end=\"811\">\n<h3 data-start=\"813\" data-end=\"843\"><strong data-start=\"820\" data-end=\"841\">\ud83d\udd28 Kurze Hinweise zur Verwendung<\/strong><\/h3>\n<ul data-start=\"844\" data-end=\"1035\">\n<li data-start=\"844\" data-end=\"904\">\n<p data-start=\"846\" data-end=\"904\">Lassen Sie die Maschine die Arbeit machen, \u00fcben Sie keinen zus\u00e4tzlichen Druck aus.<\/p>\n<\/li>\n<li data-start=\"905\" data-end=\"966\">\n<p data-start=\"907\" data-end=\"966\">S\u00e4gen Sie langsam f\u00fcr d\u00fcnnes Holz oder MDF f\u00fcr glatte Ergebnisse<\/p>\n<\/li>\n<li data-start=\"967\" data-end=\"1035\">\n<p data-start=\"969\" data-end=\"1035\">Perfekt f\u00fcr Fensterrahmen, Sockelleisten, Laminat und andere Holzprojekte<\/p>\n<\/li>\n<\/ul>\n","protected":false},"excerpt":{"rendered":"<p>Standard HCS (High Carbon Steel) S\u00e4geblatt: wirtschaftlich und geeignet f\u00fcr weiches bis mittelhartes Holz Ma\u00dfe: 35\u00d750 mm, passend f\u00fcr alle Starlock SL Multitools Material: Kohlenstoffstahl &#8211; flexibel, scharf und leicht zu sch\u00e4rfen Anwendung: Holz, MDF, Spanplatten, Laminat und weicher Kunststoff Starlock-Verbindung: schneller werkzeugloser Wechsel und stabile Verbindung F\u00fcr Pr\u00e4zision und Kontrolle: ideal f\u00fcr kleine bis [&hellip;]<\/p>\n","protected":false},"featured_media":24745,"comment_status":"closed","ping_status":"closed","template":"","meta":[],"product_brand":[],"product_cat":[810],"product_tag":[],"class_list":{"0":"post-28518","1":"product","2":"type-product","3":"status-publish","4":"has-post-thumbnail","6":"product_cat-multitool-sageblatter","8":"first","9":"instock","10":"taxable","11":"shipping-taxable","12":"purchasable","13":"product-type-simple"},"supplier_id":null,"supplier_sku":"","barcode":null,"atum_controlled":true,"out_stock_date":null,"out_stock_threshold":null,"inheritable":false,"inbound_stock":0,"stock_on_hold":0,"sold_today":0,"sales_last_days":0,"reserved_stock":0,"customer_returns":0,"warehouse_damage":0,"lost_in_post":0,"other_logs":0,"out_stock_days":0,"lost_sales":0,"has_location":false,"update_date":"2026-04-15T01:02:09","atum_locations":[],"atum_stock_status":"instock","restock_status":false,"low_stock_amount":"","sales_update_date":"2026-04-15T01:02:09","calc_backorders":null,"acf":[],"yoast_head":"<!-- This site is optimized with the Yoast SEO plugin v26.6 - https:\/\/yoast.com\/wordpress\/plugins\/seo\/ -->\n<title>Starlock HCS Multitool Standard-S\u00e4geblatt 65\u00d750 mm - Holz (00002) - Schroevendump<\/title>\n<meta name=\"robots\" content=\"index, follow, max-snippet:-1, max-image-preview:large, max-video-preview:-1\" \/>\n<link rel=\"canonical\" href=\"https:\/\/schroevendump.nl\/de\/produkt\/starlock-hcs-multitool-standard-saegeblatt-65x50-mm-holz-00002\/\" \/>\n<meta property=\"og:locale\" content=\"de_DE\" \/>\n<meta property=\"og:type\" content=\"article\" \/>\n<meta property=\"og:title\" content=\"Starlock HCS Multitool Standard-S\u00e4geblatt 65\u00d750 mm - Holz (00002) - Schroevendump\" \/>\n<meta property=\"og:description\" content=\"Standard HCS (High Carbon Steel) S\u00e4geblatt: wirtschaftlich und geeignet f\u00fcr weiches bis mittelhartes Holz Ma\u00dfe: 35\u00d750 mm, passend f\u00fcr alle Starlock SL Multitools Material: Kohlenstoffstahl &#8211; flexibel, scharf und leicht zu sch\u00e4rfen Anwendung: Holz, MDF, Spanplatten, Laminat und weicher Kunststoff Starlock-Verbindung: schneller werkzeugloser Wechsel und stabile Verbindung F\u00fcr Pr\u00e4zision und Kontrolle: ideal f\u00fcr kleine bis [&hellip;]\" \/>\n<meta property=\"og:url\" content=\"https:\/\/schroevendump.nl\/de\/produkt\/starlock-hcs-multitool-standard-saegeblatt-65x50-mm-holz-00002\/\" \/>\n<meta property=\"og:site_name\" content=\"Schroevendump\" \/>\n<meta property=\"article:modified_time\" content=\"2025-12-10T12:02:59+00:00\" \/>\n<meta property=\"og:image\" content=\"https:\/\/schroevendump.nl\/wp-content\/uploads\/2025\/10\/Schroevendump-multi-hout-2--scaled.png\" \/>\n\t<meta property=\"og:image:width\" content=\"2560\" \/>\n\t<meta property=\"og:image:height\" content=\"2560\" \/>\n\t<meta property=\"og:image:type\" content=\"image\/png\" \/>\n<meta name=\"twitter:card\" content=\"summary_large_image\" \/>\n<meta name=\"twitter:label1\" content=\"Gesch\u00e4tzte Lesezeit\" \/>\n\t<meta name=\"twitter:data1\" content=\"1\u00a0Minute\" \/>\n<script type=\"application\/ld+json\" class=\"yoast-schema-graph\">{\"@context\":\"https:\/\/schema.org\",\"@graph\":[{\"@type\":\"WebPage\",\"@id\":\"https:\/\/schroevendump.nl\/de\/produkt\/starlock-hcs-multitool-standard-saegeblatt-65x50-mm-holz-00002\/\",\"url\":\"https:\/\/schroevendump.nl\/de\/produkt\/starlock-hcs-multitool-standard-saegeblatt-65x50-mm-holz-00002\/\",\"name\":\"Starlock HCS Multitool Standard-S\u00e4geblatt 65\u00d750 mm - Holz (00002) - Schroevendump\",\"isPartOf\":{\"@id\":\"https:\/\/schroevendump.nl\/de\/#website\"},\"primaryImageOfPage\":{\"@id\":\"https:\/\/schroevendump.nl\/de\/produkt\/starlock-hcs-multitool-standard-saegeblatt-65x50-mm-holz-00002\/#primaryimage\"},\"image\":{\"@id\":\"https:\/\/schroevendump.nl\/de\/produkt\/starlock-hcs-multitool-standard-saegeblatt-65x50-mm-holz-00002\/#primaryimage\"},\"thumbnailUrl\":\"https:\/\/schroevendump.nl\/wp-content\/uploads\/2025\/10\/Schroevendump-multi-hout-2--scaled.png\",\"datePublished\":\"2025-10-04T12:56:49+00:00\",\"dateModified\":\"2025-12-10T12:02:59+00:00\",\"breadcrumb\":{\"@id\":\"https:\/\/schroevendump.nl\/de\/produkt\/starlock-hcs-multitool-standard-saegeblatt-65x50-mm-holz-00002\/#breadcrumb\"},\"inLanguage\":\"de\",\"potentialAction\":[{\"@type\":\"ReadAction\",\"target\":[\"https:\/\/schroevendump.nl\/de\/produkt\/starlock-hcs-multitool-standard-saegeblatt-65x50-mm-holz-00002\/\"]}]},{\"@type\":\"ImageObject\",\"inLanguage\":\"de\",\"@id\":\"https:\/\/schroevendump.nl\/de\/produkt\/starlock-hcs-multitool-standard-saegeblatt-65x50-mm-holz-00002\/#primaryimage\",\"url\":\"https:\/\/schroevendump.nl\/wp-content\/uploads\/2025\/10\/Schroevendump-multi-hout-2--scaled.png\",\"contentUrl\":\"https:\/\/schroevendump.nl\/wp-content\/uploads\/2025\/10\/Schroevendump-multi-hout-2--scaled.png\",\"width\":2560,\"height\":2560},{\"@type\":\"BreadcrumbList\",\"@id\":\"https:\/\/schroevendump.nl\/de\/produkt\/starlock-hcs-multitool-standard-saegeblatt-65x50-mm-holz-00002\/#breadcrumb\",\"itemListElement\":[{\"@type\":\"ListItem\",\"position\":1,\"name\":\"Startseite\",\"item\":\"https:\/\/schroevendump.nl\/de\/\"},{\"@type\":\"ListItem\",\"position\":2,\"name\":\"Shop\",\"item\":\"https:\/\/schroevendump.nl\/de\/shop\/\"},{\"@type\":\"ListItem\",\"position\":3,\"name\":\"Starlock HCS Multitool Standard-S\u00e4geblatt 65\u00d750 mm &#8211; Holz (00002)\"}]},{\"@type\":\"WebSite\",\"@id\":\"https:\/\/schroevendump.nl\/de\/#website\",\"url\":\"https:\/\/schroevendump.nl\/de\/\",\"name\":\"Schroevendump\",\"description\":\"\",\"potentialAction\":[{\"@type\":\"SearchAction\",\"target\":{\"@type\":\"EntryPoint\",\"urlTemplate\":\"https:\/\/schroevendump.nl\/de\/?s={search_term_string}\"},\"query-input\":{\"@type\":\"PropertyValueSpecification\",\"valueRequired\":true,\"valueName\":\"search_term_string\"}}],\"inLanguage\":\"de\"}]}<\/script>\n<!-- \/ Yoast SEO plugin. -->","yoast_head_json":{"title":"Starlock HCS Multitool Standard-S\u00e4geblatt 65\u00d750 mm - Holz (00002) - Schroevendump","robots":{"index":"index","follow":"follow","max-snippet":"max-snippet:-1","max-image-preview":"max-image-preview:large","max-video-preview":"max-video-preview:-1"},"canonical":"https:\/\/schroevendump.nl\/de\/produkt\/starlock-hcs-multitool-standard-saegeblatt-65x50-mm-holz-00002\/","og_locale":"de_DE","og_type":"article","og_title":"Starlock HCS Multitool Standard-S\u00e4geblatt 65\u00d750 mm - Holz (00002) - Schroevendump","og_description":"Standard HCS (High Carbon Steel) S\u00e4geblatt: wirtschaftlich und geeignet f\u00fcr weiches bis mittelhartes Holz Ma\u00dfe: 35\u00d750 mm, passend f\u00fcr alle Starlock SL Multitools Material: Kohlenstoffstahl &#8211; flexibel, scharf und leicht zu sch\u00e4rfen Anwendung: Holz, MDF, Spanplatten, Laminat und weicher Kunststoff Starlock-Verbindung: schneller werkzeugloser Wechsel und stabile Verbindung F\u00fcr Pr\u00e4zision und Kontrolle: ideal f\u00fcr kleine bis [&hellip;]","og_url":"https:\/\/schroevendump.nl\/de\/produkt\/starlock-hcs-multitool-standard-saegeblatt-65x50-mm-holz-00002\/","og_site_name":"Schroevendump","article_modified_time":"2025-12-10T12:02:59+00:00","og_image":[{"width":2560,"height":2560,"url":"https:\/\/schroevendump.nl\/wp-content\/uploads\/2025\/10\/Schroevendump-multi-hout-2--scaled.png","type":"image\/png"}],"twitter_card":"summary_large_image","twitter_misc":{"Gesch\u00e4tzte Lesezeit":"1\u00a0Minute"},"schema":{"@context":"https:\/\/schema.org","@graph":[{"@type":"WebPage","@id":"https:\/\/schroevendump.nl\/de\/produkt\/starlock-hcs-multitool-standard-saegeblatt-65x50-mm-holz-00002\/","url":"https:\/\/schroevendump.nl\/de\/produkt\/starlock-hcs-multitool-standard-saegeblatt-65x50-mm-holz-00002\/","name":"Starlock HCS Multitool Standard-S\u00e4geblatt 65\u00d750 mm - Holz (00002) - Schroevendump","isPartOf":{"@id":"https:\/\/schroevendump.nl\/de\/#website"},"primaryImageOfPage":{"@id":"https:\/\/schroevendump.nl\/de\/produkt\/starlock-hcs-multitool-standard-saegeblatt-65x50-mm-holz-00002\/#primaryimage"},"image":{"@id":"https:\/\/schroevendump.nl\/de\/produkt\/starlock-hcs-multitool-standard-saegeblatt-65x50-mm-holz-00002\/#primaryimage"},"thumbnailUrl":"https:\/\/schroevendump.nl\/wp-content\/uploads\/2025\/10\/Schroevendump-multi-hout-2--scaled.png","datePublished":"2025-10-04T12:56:49+00:00","dateModified":"2025-12-10T12:02:59+00:00","breadcrumb":{"@id":"https:\/\/schroevendump.nl\/de\/produkt\/starlock-hcs-multitool-standard-saegeblatt-65x50-mm-holz-00002\/#breadcrumb"},"inLanguage":"de","potentialAction":[{"@type":"ReadAction","target":["https:\/\/schroevendump.nl\/de\/produkt\/starlock-hcs-multitool-standard-saegeblatt-65x50-mm-holz-00002\/"]}]},{"@type":"ImageObject","inLanguage":"de","@id":"https:\/\/schroevendump.nl\/de\/produkt\/starlock-hcs-multitool-standard-saegeblatt-65x50-mm-holz-00002\/#primaryimage","url":"https:\/\/schroevendump.nl\/wp-content\/uploads\/2025\/10\/Schroevendump-multi-hout-2--scaled.png","contentUrl":"https:\/\/schroevendump.nl\/wp-content\/uploads\/2025\/10\/Schroevendump-multi-hout-2--scaled.png","width":2560,"height":2560},{"@type":"BreadcrumbList","@id":"https:\/\/schroevendump.nl\/de\/produkt\/starlock-hcs-multitool-standard-saegeblatt-65x50-mm-holz-00002\/#breadcrumb","itemListElement":[{"@type":"ListItem","position":1,"name":"Startseite","item":"https:\/\/schroevendump.nl\/de\/"},{"@type":"ListItem","position":2,"name":"Shop","item":"https:\/\/schroevendump.nl\/de\/shop\/"},{"@type":"ListItem","position":3,"name":"Starlock HCS Multitool Standard-S\u00e4geblatt 65\u00d750 mm &#8211; Holz (00002)"}]},{"@type":"WebSite","@id":"https:\/\/schroevendump.nl\/de\/#website","url":"https:\/\/schroevendump.nl\/de\/","name":"Schroevendump","description":"","potentialAction":[{"@type":"SearchAction","target":{"@type":"EntryPoint","urlTemplate":"https:\/\/schroevendump.nl\/de\/?s={search_term_string}"},"query-input":{"@type":"PropertyValueSpecification","valueRequired":true,"valueName":"search_term_string"}}],"inLanguage":"de"}]}},"_links":{"self":[{"href":"https:\/\/schroevendump.nl\/de\/wp-json\/wp\/v2\/product\/28518","targetHints":{"allow":["GET"]}}],"collection":[{"href":"https:\/\/schroevendump.nl\/de\/wp-json\/wp\/v2\/product"}],"about":[{"href":"https:\/\/schroevendump.nl\/de\/wp-json\/wp\/v2\/types\/product"}],"replies":[{"embeddable":true,"href":"https:\/\/schroevendump.nl\/de\/wp-json\/wp\/v2\/comments?post=28518"}],"wp:featuredmedia":[{"embeddable":true,"href":"https:\/\/schroevendump.nl\/de\/wp-json\/wp\/v2\/media\/24745"}],"wp:attachment":[{"href":"https:\/\/schroevendump.nl\/de\/wp-json\/wp\/v2\/media?parent=28518"}],"wp:term":[{"taxonomy":"product_brand","embeddable":true,"href":"https:\/\/schroevendump.nl\/de\/wp-json\/wp\/v2\/product_brand?post=28518"},{"taxonomy":"product_cat","embeddable":true,"href":"https:\/\/schroevendump.nl\/de\/wp-json\/wp\/v2\/product_cat?post=28518"},{"taxonomy":"product_tag","embeddable":true,"href":"https:\/\/schroevendump.nl\/de\/wp-json\/wp\/v2\/product_tag?post=28518"}],"curies":[{"name":"wp","href":"https:\/\/api.w.org\/{rel}","templated":true}]}}