{"id":28530,"date":"2025-10-04T12:17:27","date_gmt":"2025-10-04T12:17:27","guid":{"rendered":"https:\/\/schroevendump.nl\/product\/starlock-multitool-saegeblatt-65x50-mm-praezisionssaege-fuer-holz-kunststoff-paneele-japanische-verzahnung-10002\/"},"modified":"2025-12-10T11:54:25","modified_gmt":"2025-12-10T11:54:25","slug":"starlock-multitool-saegeblatt-65x50-mm-praezisionssaege-fuer-holz-kunststoff-paneele-japanische-verzahnung-10002","status":"publish","type":"product","link":"https:\/\/schroevendump.nl\/de\/produkt\/starlock-multitool-saegeblatt-65x50-mm-praezisionssaege-fuer-holz-kunststoff-paneele-japanische-verzahnung-10002\/","title":{"rendered":"Starlock Multitool S\u00e4geblatt 65\u00d750 mm &#8211; Pr\u00e4zisionss\u00e4ge f\u00fcr Holz, Kunststoff &amp; Paneele Japanische Verzahnung (10002)"},"content":{"rendered":"<p data-start=\"216\" data-end=\"295\"><strong data-start=\"216\" data-end=\"293\">Multitool S\u00e4geblatt Starlock 65\u00d750 mm &#8211; Holz &amp; Kunststoff (Bi-Metall \/ HCS)<\/strong><\/p>\n<h3 data-start=\"297\" data-end=\"336\">\ud83d\udd27 Leistungsstark, pr\u00e4zise &amp; vielseitig<\/h3>\n<p data-start=\"337\" data-end=\"635\">Dieses Starlock-S\u00e4geblatt wurde f\u00fcr maximale Schnittleistung in Holz und Kunststoff entwickelt und liefert saubere, pr\u00e4zise Schnitte mit minimaler Splitterbildung. Dank der Starlock-Verbindung k\u00f6nnen Sie das Blatt schnell wechseln &#8211; ohne zus\u00e4tzliches Werkzeug &#8211; und profitieren von einer stabilen und vibrationsarmen Verbindung. <\/p>\n<h3 data-start=\"637\" data-end=\"659\">\ud83d\udcd0 Spezifikationen<\/h3>\n<ul data-start=\"660\" data-end=\"952\">\n<li data-start=\"660\" data-end=\"704\">\n<p data-start=\"662\" data-end=\"704\">Abmessungen:<strong data-start=\"674\" data-end=\"702\">65 mm breit \u00d7 50 mm lang<\/strong><\/p>\n<\/li>\n<li data-start=\"705\" data-end=\"786\">\n<p data-start=\"707\" data-end=\"786\">Material: <strong data-start=\"718\" data-end=\"737\">Bi-Metall \/ HCS<\/strong> f\u00fcr Haltbarkeit und effiziente Schneidleistung<\/p>\n<\/li>\n<li data-start=\"787\" data-end=\"889\">\n<p data-start=\"789\" data-end=\"889\">Anschluss: <strong data-start=\"802\" data-end=\"814\">Starlock<\/strong> &#8211; geeignet f\u00fcr alle Multitools mit Starlock-Anschluss (z. B. Bosch, Fein)<\/p>\n<\/li>\n<li data-start=\"890\" data-end=\"952\">\n<p data-start=\"892\" data-end=\"952\">Anwendungen: f\u00fcr Holz, Kunststoff und Plattenmaterial<\/p>\n<\/li>\n<\/ul>\n<div class=\"_tableContainer_1rjym_1\">\n<div class=\"group _tableWrapper_1rjym_13 flex w-fit flex-col-reverse\" tabindex=\"-1\"><\/div>\n<\/div>\n<h3 data-start=\"1349\" data-end=\"1386\">\ud83d\udee0\ufe0f Anwendungen &amp; Tipps zur Verwendung<\/h3>\n<ul data-start=\"1388\" data-end=\"1710\">\n<li data-start=\"1388\" data-end=\"1465\">\n<p data-start=\"1390\" data-end=\"1465\">S\u00e4gen Sie Pfl\u00f6cke, Latten, Profile oder Bleche, ohne die Kanten zu spalten.<\/p>\n<\/li>\n<li data-start=\"1466\" data-end=\"1515\">\n<p data-start=\"1468\" data-end=\"1515\">Sauberer Schnitt in Kunststoffplatten oder Laminat<\/p>\n<\/li>\n<li data-start=\"1516\" data-end=\"1568\">\n<p data-start=\"1518\" data-end=\"1568\">Lassen Sie die Maschine die Arbeit machen &#8211; dr\u00e4ngen Sie nicht zu sehr<\/p>\n<\/li>\n<li data-start=\"1569\" data-end=\"1639\">\n<p data-start=\"1571\" data-end=\"1639\">Arbeiten Sie vorzugsweise mit voller Geschwindigkeit f\u00fcr einen schnellen und sauberen Schnitt<\/p>\n<\/li>\n<li data-start=\"1640\" data-end=\"1710\">\n<p data-start=\"1642\" data-end=\"1710\">Verwenden Sie f\u00fcr Kunststoff eine moderate Schnittgeschwindigkeit, um ein Schmelzen zu vermeiden.<\/p>\n<\/li>\n<\/ul>\n<h3 data-start=\"1712\" data-end=\"1752\">Warum dieses S\u00e4geblatt w\u00e4hlen?<\/h3>\n<ul data-start=\"1754\" data-end=\"2002\">\n<li data-start=\"1754\" data-end=\"1831\">\n<p data-start=\"1756\" data-end=\"1831\">Perfekt auf Starlock-Maschinen abgestimmt, f\u00fcr eine optimale Kraft\u00fcbertragung<\/p>\n<\/li>\n<li data-start=\"1832\" data-end=\"1895\">\n<p data-start=\"1834\" data-end=\"1895\">Dank der Bi-Metall-Konstruktion haltbarer als Standardklingen<\/p>\n<\/li>\n<li data-start=\"1896\" data-end=\"1937\">\n<p data-start=\"1898\" data-end=\"1937\">Pr\u00e4zise Schnitte, auch f\u00fcr feine Arbeiten<\/p>\n<\/li>\n<li data-start=\"1938\" data-end=\"2002\">\n<p data-start=\"1940\" data-end=\"2002\">Leicht austauschbar, damit Sie schnell weiterarbeiten k\u00f6nnen<\/p>\n<\/li>\n<\/ul>\n","protected":false},"excerpt":{"rendered":"<p>Multitool S\u00e4geblatt Starlock 65\u00d750 mm &#8211; Holz &amp; Kunststoff (Bi-Metall \/ HCS) \ud83d\udd27 Leistungsstark, pr\u00e4zise &amp; vielseitig Dieses Starlock-S\u00e4geblatt wurde f\u00fcr maximale Schnittleistung in Holz und Kunststoff entwickelt und liefert saubere, pr\u00e4zise Schnitte mit minimaler Splitterbildung. Dank der Starlock-Verbindung k\u00f6nnen Sie das Blatt schnell wechseln &#8211; ohne zus\u00e4tzliches Werkzeug &#8211; und profitieren von einer stabilen [&hellip;]<\/p>\n","protected":false},"featured_media":24719,"comment_status":"closed","ping_status":"closed","template":"","meta":[],"product_brand":[],"product_cat":[810],"product_tag":[],"class_list":{"0":"post-28530","1":"product","2":"type-product","3":"status-publish","4":"has-post-thumbnail","6":"product_cat-multitool-sageblatter","8":"first","9":"instock","10":"taxable","11":"shipping-taxable","12":"purchasable","13":"product-type-simple"},"supplier_id":null,"supplier_sku":"","barcode":null,"atum_controlled":true,"out_stock_date":null,"out_stock_threshold":null,"inheritable":false,"inbound_stock":0,"stock_on_hold":0,"sold_today":0,"sales_last_days":0,"reserved_stock":0,"customer_returns":0,"warehouse_damage":0,"lost_in_post":0,"other_logs":0,"out_stock_days":0,"lost_sales":0,"has_location":false,"update_date":"2026-04-15T01:02:09","atum_locations":[],"atum_stock_status":"instock","restock_status":false,"low_stock_amount":"","sales_update_date":"2026-04-15T01:02:09","calc_backorders":null,"acf":[],"yoast_head":"<!-- This site is optimized with the Yoast SEO plugin v26.6 - https:\/\/yoast.com\/wordpress\/plugins\/seo\/ -->\n<title>Starlock Multitool S\u00e4geblatt 65\u00d750 mm - Pr\u00e4zisionss\u00e4ge f\u00fcr Holz, Kunststoff &amp; Paneele Japanische Verzahnung (10002) - Schroevendump<\/title>\n<meta name=\"robots\" content=\"index, follow, max-snippet:-1, max-image-preview:large, max-video-preview:-1\" \/>\n<link rel=\"canonical\" href=\"https:\/\/schroevendump.nl\/de\/produkt\/starlock-multitool-saegeblatt-65x50-mm-praezisionssaege-fuer-holz-kunststoff-paneele-japanische-verzahnung-10002\/\" \/>\n<meta property=\"og:locale\" content=\"de_DE\" \/>\n<meta property=\"og:type\" content=\"article\" \/>\n<meta property=\"og:title\" content=\"Starlock Multitool S\u00e4geblatt 65\u00d750 mm - Pr\u00e4zisionss\u00e4ge f\u00fcr Holz, Kunststoff &amp; Paneele Japanische Verzahnung (10002) - Schroevendump\" \/>\n<meta property=\"og:description\" content=\"Multitool S\u00e4geblatt Starlock 65\u00d750 mm &#8211; Holz &amp; Kunststoff (Bi-Metall \/ HCS) \ud83d\udd27 Leistungsstark, pr\u00e4zise &amp; vielseitig Dieses Starlock-S\u00e4geblatt wurde f\u00fcr maximale Schnittleistung in Holz und Kunststoff entwickelt und liefert saubere, pr\u00e4zise Schnitte mit minimaler Splitterbildung. Dank der Starlock-Verbindung k\u00f6nnen Sie das Blatt schnell wechseln &#8211; ohne zus\u00e4tzliches Werkzeug &#8211; und profitieren von einer stabilen [&hellip;]\" \/>\n<meta property=\"og:url\" content=\"https:\/\/schroevendump.nl\/de\/produkt\/starlock-multitool-saegeblatt-65x50-mm-praezisionssaege-fuer-holz-kunststoff-paneele-japanische-verzahnung-10002\/\" \/>\n<meta property=\"og:site_name\" content=\"Schroevendump\" \/>\n<meta property=\"article:modified_time\" content=\"2025-12-10T11:54:25+00:00\" \/>\n<meta property=\"og:image\" content=\"https:\/\/schroevendump.nl\/wp-content\/uploads\/2025\/10\/Schroevendump-hcs-wood-plastic-breed--scaled.png\" \/>\n\t<meta property=\"og:image:width\" content=\"2560\" \/>\n\t<meta property=\"og:image:height\" content=\"2560\" \/>\n\t<meta property=\"og:image:type\" content=\"image\/png\" \/>\n<meta name=\"twitter:card\" content=\"summary_large_image\" \/>\n<meta name=\"twitter:label1\" content=\"Gesch\u00e4tzte Lesezeit\" \/>\n\t<meta name=\"twitter:data1\" content=\"1\u00a0Minute\" \/>\n<script type=\"application\/ld+json\" class=\"yoast-schema-graph\">{\"@context\":\"https:\/\/schema.org\",\"@graph\":[{\"@type\":\"WebPage\",\"@id\":\"https:\/\/schroevendump.nl\/de\/produkt\/starlock-multitool-saegeblatt-65x50-mm-praezisionssaege-fuer-holz-kunststoff-paneele-japanische-verzahnung-10002\/\",\"url\":\"https:\/\/schroevendump.nl\/de\/produkt\/starlock-multitool-saegeblatt-65x50-mm-praezisionssaege-fuer-holz-kunststoff-paneele-japanische-verzahnung-10002\/\",\"name\":\"Starlock Multitool S\u00e4geblatt 65\u00d750 mm - Pr\u00e4zisionss\u00e4ge f\u00fcr Holz, Kunststoff &amp; Paneele Japanische Verzahnung (10002) - Schroevendump\",\"isPartOf\":{\"@id\":\"https:\/\/schroevendump.nl\/de\/#website\"},\"primaryImageOfPage\":{\"@id\":\"https:\/\/schroevendump.nl\/de\/produkt\/starlock-multitool-saegeblatt-65x50-mm-praezisionssaege-fuer-holz-kunststoff-paneele-japanische-verzahnung-10002\/#primaryimage\"},\"image\":{\"@id\":\"https:\/\/schroevendump.nl\/de\/produkt\/starlock-multitool-saegeblatt-65x50-mm-praezisionssaege-fuer-holz-kunststoff-paneele-japanische-verzahnung-10002\/#primaryimage\"},\"thumbnailUrl\":\"https:\/\/schroevendump.nl\/wp-content\/uploads\/2025\/10\/Schroevendump-hcs-wood-plastic-breed--scaled.png\",\"datePublished\":\"2025-10-04T12:17:27+00:00\",\"dateModified\":\"2025-12-10T11:54:25+00:00\",\"breadcrumb\":{\"@id\":\"https:\/\/schroevendump.nl\/de\/produkt\/starlock-multitool-saegeblatt-65x50-mm-praezisionssaege-fuer-holz-kunststoff-paneele-japanische-verzahnung-10002\/#breadcrumb\"},\"inLanguage\":\"de\",\"potentialAction\":[{\"@type\":\"ReadAction\",\"target\":[\"https:\/\/schroevendump.nl\/de\/produkt\/starlock-multitool-saegeblatt-65x50-mm-praezisionssaege-fuer-holz-kunststoff-paneele-japanische-verzahnung-10002\/\"]}]},{\"@type\":\"ImageObject\",\"inLanguage\":\"de\",\"@id\":\"https:\/\/schroevendump.nl\/de\/produkt\/starlock-multitool-saegeblatt-65x50-mm-praezisionssaege-fuer-holz-kunststoff-paneele-japanische-verzahnung-10002\/#primaryimage\",\"url\":\"https:\/\/schroevendump.nl\/wp-content\/uploads\/2025\/10\/Schroevendump-hcs-wood-plastic-breed--scaled.png\",\"contentUrl\":\"https:\/\/schroevendump.nl\/wp-content\/uploads\/2025\/10\/Schroevendump-hcs-wood-plastic-breed--scaled.png\",\"width\":2560,\"height\":2560},{\"@type\":\"BreadcrumbList\",\"@id\":\"https:\/\/schroevendump.nl\/de\/produkt\/starlock-multitool-saegeblatt-65x50-mm-praezisionssaege-fuer-holz-kunststoff-paneele-japanische-verzahnung-10002\/#breadcrumb\",\"itemListElement\":[{\"@type\":\"ListItem\",\"position\":1,\"name\":\"Startseite\",\"item\":\"https:\/\/schroevendump.nl\/de\/\"},{\"@type\":\"ListItem\",\"position\":2,\"name\":\"Shop\",\"item\":\"https:\/\/schroevendump.nl\/de\/shop\/\"},{\"@type\":\"ListItem\",\"position\":3,\"name\":\"Starlock Multitool S\u00e4geblatt 65\u00d750 mm &#8211; Pr\u00e4zisionss\u00e4ge f\u00fcr Holz, Kunststoff &amp; Paneele Japanische Verzahnung (10002)\"}]},{\"@type\":\"WebSite\",\"@id\":\"https:\/\/schroevendump.nl\/de\/#website\",\"url\":\"https:\/\/schroevendump.nl\/de\/\",\"name\":\"Schroevendump\",\"description\":\"\",\"potentialAction\":[{\"@type\":\"SearchAction\",\"target\":{\"@type\":\"EntryPoint\",\"urlTemplate\":\"https:\/\/schroevendump.nl\/de\/?s={search_term_string}\"},\"query-input\":{\"@type\":\"PropertyValueSpecification\",\"valueRequired\":true,\"valueName\":\"search_term_string\"}}],\"inLanguage\":\"de\"}]}<\/script>\n<!-- \/ Yoast SEO plugin. -->","yoast_head_json":{"title":"Starlock Multitool S\u00e4geblatt 65\u00d750 mm - Pr\u00e4zisionss\u00e4ge f\u00fcr Holz, Kunststoff &amp; Paneele Japanische Verzahnung (10002) - Schroevendump","robots":{"index":"index","follow":"follow","max-snippet":"max-snippet:-1","max-image-preview":"max-image-preview:large","max-video-preview":"max-video-preview:-1"},"canonical":"https:\/\/schroevendump.nl\/de\/produkt\/starlock-multitool-saegeblatt-65x50-mm-praezisionssaege-fuer-holz-kunststoff-paneele-japanische-verzahnung-10002\/","og_locale":"de_DE","og_type":"article","og_title":"Starlock Multitool S\u00e4geblatt 65\u00d750 mm - Pr\u00e4zisionss\u00e4ge f\u00fcr Holz, Kunststoff &amp; Paneele Japanische Verzahnung (10002) - Schroevendump","og_description":"Multitool S\u00e4geblatt Starlock 65\u00d750 mm &#8211; Holz &amp; Kunststoff (Bi-Metall \/ HCS) \ud83d\udd27 Leistungsstark, pr\u00e4zise &amp; vielseitig Dieses Starlock-S\u00e4geblatt wurde f\u00fcr maximale Schnittleistung in Holz und Kunststoff entwickelt und liefert saubere, pr\u00e4zise Schnitte mit minimaler Splitterbildung. Dank der Starlock-Verbindung k\u00f6nnen Sie das Blatt schnell wechseln &#8211; ohne zus\u00e4tzliches Werkzeug &#8211; und profitieren von einer stabilen [&hellip;]","og_url":"https:\/\/schroevendump.nl\/de\/produkt\/starlock-multitool-saegeblatt-65x50-mm-praezisionssaege-fuer-holz-kunststoff-paneele-japanische-verzahnung-10002\/","og_site_name":"Schroevendump","article_modified_time":"2025-12-10T11:54:25+00:00","og_image":[{"width":2560,"height":2560,"url":"https:\/\/schroevendump.nl\/wp-content\/uploads\/2025\/10\/Schroevendump-hcs-wood-plastic-breed--scaled.png","type":"image\/png"}],"twitter_card":"summary_large_image","twitter_misc":{"Gesch\u00e4tzte Lesezeit":"1\u00a0Minute"},"schema":{"@context":"https:\/\/schema.org","@graph":[{"@type":"WebPage","@id":"https:\/\/schroevendump.nl\/de\/produkt\/starlock-multitool-saegeblatt-65x50-mm-praezisionssaege-fuer-holz-kunststoff-paneele-japanische-verzahnung-10002\/","url":"https:\/\/schroevendump.nl\/de\/produkt\/starlock-multitool-saegeblatt-65x50-mm-praezisionssaege-fuer-holz-kunststoff-paneele-japanische-verzahnung-10002\/","name":"Starlock Multitool S\u00e4geblatt 65\u00d750 mm - Pr\u00e4zisionss\u00e4ge f\u00fcr Holz, Kunststoff &amp; Paneele Japanische Verzahnung (10002) - Schroevendump","isPartOf":{"@id":"https:\/\/schroevendump.nl\/de\/#website"},"primaryImageOfPage":{"@id":"https:\/\/schroevendump.nl\/de\/produkt\/starlock-multitool-saegeblatt-65x50-mm-praezisionssaege-fuer-holz-kunststoff-paneele-japanische-verzahnung-10002\/#primaryimage"},"image":{"@id":"https:\/\/schroevendump.nl\/de\/produkt\/starlock-multitool-saegeblatt-65x50-mm-praezisionssaege-fuer-holz-kunststoff-paneele-japanische-verzahnung-10002\/#primaryimage"},"thumbnailUrl":"https:\/\/schroevendump.nl\/wp-content\/uploads\/2025\/10\/Schroevendump-hcs-wood-plastic-breed--scaled.png","datePublished":"2025-10-04T12:17:27+00:00","dateModified":"2025-12-10T11:54:25+00:00","breadcrumb":{"@id":"https:\/\/schroevendump.nl\/de\/produkt\/starlock-multitool-saegeblatt-65x50-mm-praezisionssaege-fuer-holz-kunststoff-paneele-japanische-verzahnung-10002\/#breadcrumb"},"inLanguage":"de","potentialAction":[{"@type":"ReadAction","target":["https:\/\/schroevendump.nl\/de\/produkt\/starlock-multitool-saegeblatt-65x50-mm-praezisionssaege-fuer-holz-kunststoff-paneele-japanische-verzahnung-10002\/"]}]},{"@type":"ImageObject","inLanguage":"de","@id":"https:\/\/schroevendump.nl\/de\/produkt\/starlock-multitool-saegeblatt-65x50-mm-praezisionssaege-fuer-holz-kunststoff-paneele-japanische-verzahnung-10002\/#primaryimage","url":"https:\/\/schroevendump.nl\/wp-content\/uploads\/2025\/10\/Schroevendump-hcs-wood-plastic-breed--scaled.png","contentUrl":"https:\/\/schroevendump.nl\/wp-content\/uploads\/2025\/10\/Schroevendump-hcs-wood-plastic-breed--scaled.png","width":2560,"height":2560},{"@type":"BreadcrumbList","@id":"https:\/\/schroevendump.nl\/de\/produkt\/starlock-multitool-saegeblatt-65x50-mm-praezisionssaege-fuer-holz-kunststoff-paneele-japanische-verzahnung-10002\/#breadcrumb","itemListElement":[{"@type":"ListItem","position":1,"name":"Startseite","item":"https:\/\/schroevendump.nl\/de\/"},{"@type":"ListItem","position":2,"name":"Shop","item":"https:\/\/schroevendump.nl\/de\/shop\/"},{"@type":"ListItem","position":3,"name":"Starlock Multitool S\u00e4geblatt 65\u00d750 mm &#8211; Pr\u00e4zisionss\u00e4ge f\u00fcr Holz, Kunststoff &amp; Paneele Japanische Verzahnung (10002)"}]},{"@type":"WebSite","@id":"https:\/\/schroevendump.nl\/de\/#website","url":"https:\/\/schroevendump.nl\/de\/","name":"Schroevendump","description":"","potentialAction":[{"@type":"SearchAction","target":{"@type":"EntryPoint","urlTemplate":"https:\/\/schroevendump.nl\/de\/?s={search_term_string}"},"query-input":{"@type":"PropertyValueSpecification","valueRequired":true,"valueName":"search_term_string"}}],"inLanguage":"de"}]}},"_links":{"self":[{"href":"https:\/\/schroevendump.nl\/de\/wp-json\/wp\/v2\/product\/28530","targetHints":{"allow":["GET"]}}],"collection":[{"href":"https:\/\/schroevendump.nl\/de\/wp-json\/wp\/v2\/product"}],"about":[{"href":"https:\/\/schroevendump.nl\/de\/wp-json\/wp\/v2\/types\/product"}],"replies":[{"embeddable":true,"href":"https:\/\/schroevendump.nl\/de\/wp-json\/wp\/v2\/comments?post=28530"}],"wp:featuredmedia":[{"embeddable":true,"href":"https:\/\/schroevendump.nl\/de\/wp-json\/wp\/v2\/media\/24719"}],"wp:attachment":[{"href":"https:\/\/schroevendump.nl\/de\/wp-json\/wp\/v2\/media?parent=28530"}],"wp:term":[{"taxonomy":"product_brand","embeddable":true,"href":"https:\/\/schroevendump.nl\/de\/wp-json\/wp\/v2\/product_brand?post=28530"},{"taxonomy":"product_cat","embeddable":true,"href":"https:\/\/schroevendump.nl\/de\/wp-json\/wp\/v2\/product_cat?post=28530"},{"taxonomy":"product_tag","embeddable":true,"href":"https:\/\/schroevendump.nl\/de\/wp-json\/wp\/v2\/product_tag?post=28530"}],"curies":[{"name":"wp","href":"https:\/\/api.w.org\/{rel}","templated":true}]}}